{"id":14703,"date":"2021-07-29T14:05:36","date_gmt":"2021-07-29T12:05:36","guid":{"rendered":"https:\/\/naturalpoland.pl\/produkty\/senza-categoria\/olio-di-semi-di-rosa-muschiata\/"},"modified":"2025-11-27T15:03:23","modified_gmt":"2025-11-27T14:03:23","slug":"olio-di-rosa","status":"publish","type":"product","link":"https:\/\/naturalpoland.com\/it\/produkty\/prodotti-per-industria-cosmetica\/oli-cosmetici\/olio-di-rosa\/","title":{"rendered":"Olio di semi di rosa muschiata"},"content":{"rendered":"<h2>Caratteristiche del prodotto:<\/h2>\n<p>L&#8217;olio di semi di rosa mosqueta si ottiene con il metodo della <strong>spremitura a freddo.<\/strong> Possiede un profilo naturale di acidi grassi, inclusa un&#8217;alta percentuale di acidi grassi insaturi linoleico e linolenico, particolarmente importanti per il funzionamento della barriera idrolipidica della pelle. La materia prima si presenta come un liquido opaco, arancione, con un odore caratteristico. Grazie alla sua forma non raffinata, \u00e8 un ingrediente ad alta bioattivit\u00e0, ampiamente utilizzato nei prodotti premium per la cura del viso e del corpo.  <\/p>\n<h2>Propriet\u00e0 e azione dell&#8217;olio di semi di rosa mosqueta:<\/h2>\n<p>L&#8217;olio ha un ricco profilo di acidi grassi insaturi chiave per la pelle:<\/p>\n<ul>\n<li><strong>Acido linoleico (C18:2) \u2013 35%<\/strong> &#8211; Supporta i processi di rigenerazione dell&#8217;epidermide, migliora le funzioni della barriera protettiva e riduce la perdita d&#8217;acqua transepidermica. \u00c8 un ingrediente essenziale per pelli secche, sensibili e problematiche. <\/li>\n<li><strong>Acido linolenico (C18:3) \u2013 23,6%<\/strong> &#8211; Influisce sui processi di rinnovamento cellulare, supporta l&#8217;attenuazione delle irritazioni e il miglioramento dell&#8217;elasticit\u00e0 della pelle.<\/li>\n<li><strong>Acido oleico (C18:1) \u2013 24,6%<\/strong> &#8211; Facilita la penetrazione dei principi attivi e migliora la morbidezza e la levigatezza dell&#8217;epidermide.<\/li>\n<li><strong>Acidi saturi \u2013 palmitico (6,2%) e stearico (3%)<\/strong> &#8211; Supportano la stabilit\u00e0 delle formulazioni e l&#8217;azione protettiva sulla pelle.<\/li>\n<\/ul>\n<p>L&#8217;olio di rosa mosqueta agisce in modo multidimensionale nella cura della pelle. Grazie all&#8217;alto contenuto di AGE, supporta i processi di rinnovamento cellulare, il che \u00e8 particolarmente importante nei prodotti destinati alla pelle matura, che perde tonicit\u00e0 ed elasticit\u00e0. Nelle formulazioni rigeneranti <g id=\"gid_0\">aiuta a levigare le piccole imperfezioni<\/g> e <g id=\"gid_1\">migliora l&#8217;elasticit\u00e0 dell&#8217;epidermide<\/g>. Grazie alle <g id=\"gid_2\">propriet\u00e0 emollienti<\/g>, crea sulla superficie della pelle un film protettivo delicato, quasi impercettibile, che riduce la perdita d&#8217;acqua e supporta il corretto funzionamento della barriera lipidica. Allo stesso tempo, l&#8217;olio \u00e8 apprezzato nei preparati <strong>che uniformano il tono della pelle<\/strong>, poich\u00e9, se usato regolarmente, pu\u00f2 favorire la rigenerazione dell&#8217;epidermide e influenzare una pigmentazione uniforme.    <\/p>\n<h2>Applicazione dell&#8217;olio di Rosa Moschata<\/h2>\n<p>Nei prodotti per la cura della pelle, l&#8217;olio di Rosa Moschata viene inserito in <strong>creme, emulsioni e sieri oleosi<\/strong>, in particolare quelli con azione nutriente o anti-et\u00e0. Grazie alla sua azione lenitiva sulla pelle secca e irritata, pu\u00f2 essere un ingrediente importante nelle formulazioni volte a migliorare il comfort dell&#8217;epidermide dopo l&#8217;esposizione agli agenti atmosferici. Nella cura del corpo, \u00e8 efficace in <g id=\"gid_1\">balsami, burri<\/g>, cos\u00ec come negli <g id=\"gid_2\">oli da massaggio<\/g>, conferendo loro scorrevolezza e propriet\u00e0 leviganti. Nei cosmetici destinati <strong>ai capelli<\/strong>, l&#8217;olio di semi di rosa mosqueta funge da materia prima emolliente e rigenerante, in particolare sulle punte e nei prodotti che ricostruiscono la struttura dei capelli.   <\/p>\n","protected":false},"excerpt":{"rendered":"<p><strong>L&#8217;olio di semi di rosa mosqueta<\/strong> (<em>Rosa Moschata<\/em>) di qualit\u00e0 alimentare e cosmetica \u00e8 una ricca fonte di vitamine A, C e beta-carotene, nonch\u00e9 di acidi grassi essenziali Omega 3, 6 e 9.<\/p>\n","protected":false},"featured_media":14706,"template":"","meta":[],"product_brand":[],"product_cat":[1534,1523],"product_tag":[],"class_list":{"0":"post-14703","1":"product","2":"type-product","3":"status-publish","4":"has-post-thumbnail","6":"product_cat-oli-alimentari-e-cosmetici","7":"product_cat-oli-cosmetici","8":"pa_metoda-pozyskiwania-spremitura-a-freddo","10":"first","11":"instock","12":"shipping-taxable","13":"product-type-simple"},"yoast_head":"<!-- This site is optimized with the Yoast SEO plugin v27.3 - https:\/\/yoast.com\/product\/yoast-seo-wordpress\/ -->\n<title>Olio di semi di rosa muschiata - Distributore all&#039;ingrosso<\/title>\n<meta name=\"description\" content=\"Olio di semi di rosa mosqueta non raffinato (Rosa Moschata Seed Oil) ad alto contenuto di AGE. Materia prima cosmetica per prodotti rigeneranti.\" \/>\n<meta name=\"robots\" content=\"index, follow, max-snippet:-1, max-image-preview:large, max-video-preview:-1\" \/>\n<link rel=\"canonical\" href=\"https:\/\/naturalpoland.com\/it\/produkty\/prodotti-per-industria-cosmetica\/oli-cosmetici\/olio-di-rosa\/\" \/>\n<meta property=\"og:locale\" content=\"it_IT\" \/>\n<meta property=\"og:type\" content=\"article\" \/>\n<meta property=\"og:title\" content=\"Olio di semi di rosa muschiata - Distributore all&#039;ingrosso\" \/>\n<meta property=\"og:description\" content=\"Olio di semi di rosa mosqueta non raffinato (Rosa Moschata Seed Oil) ad alto contenuto di AGE. Materia prima cosmetica per prodotti rigeneranti.\" \/>\n<meta property=\"og:url\" content=\"https:\/\/naturalpoland.com\/it\/produkty\/prodotti-per-industria-cosmetica\/oli-cosmetici\/olio-di-rosa\/\" \/>\n<meta property=\"og:site_name\" content=\"NATURAL POLAND - Distributore all&#039;ingrosso di materie prime\" \/>\n<meta property=\"article:publisher\" content=\"https:\/\/www.facebook.com\/naturalpoland.b2b\" \/>\n<meta property=\"article:modified_time\" content=\"2025-11-27T14:03:23+00:00\" \/>\n<meta property=\"og:image\" content=\"https:\/\/naturalpoland.com\/wp-content\/uploads\/olej-z-nasion-rozy-pizmowej.jpg\" \/>\n\t<meta property=\"og:image:width\" content=\"650\" \/>\n\t<meta property=\"og:image:height\" content=\"650\" \/>\n\t<meta property=\"og:image:type\" content=\"image\/jpeg\" \/>\n<script type=\"application\/ld+json\" class=\"yoast-schema-graph\">{\"@context\":\"https:\\\/\\\/schema.org\",\"@graph\":[{\"@type\":\"WebPage\",\"@id\":\"https:\\\/\\\/naturalpoland.com\\\/it\\\/produkty\\\/prodotti-per-industria-cosmetica\\\/oli-cosmetici\\\/olio-di-rosa\\\/\",\"url\":\"https:\\\/\\\/naturalpoland.com\\\/it\\\/produkty\\\/prodotti-per-industria-cosmetica\\\/oli-cosmetici\\\/olio-di-rosa\\\/\",\"name\":\"Olio di semi di rosa muschiata - Distributore all'ingrosso\",\"isPartOf\":{\"@id\":\"https:\\\/\\\/naturalpoland.com\\\/it\\\/#website\"},\"primaryImageOfPage\":{\"@id\":\"https:\\\/\\\/naturalpoland.com\\\/it\\\/produkty\\\/prodotti-per-industria-cosmetica\\\/oli-cosmetici\\\/olio-di-rosa\\\/#primaryimage\"},\"image\":{\"@id\":\"https:\\\/\\\/naturalpoland.com\\\/it\\\/produkty\\\/prodotti-per-industria-cosmetica\\\/oli-cosmetici\\\/olio-di-rosa\\\/#primaryimage\"},\"thumbnailUrl\":\"https:\\\/\\\/naturalpoland.com\\\/wp-content\\\/uploads\\\/olej-z-nasion-rozy-pizmowej.jpg\",\"datePublished\":\"2021-07-29T12:05:36+00:00\",\"dateModified\":\"2025-11-27T14:03:23+00:00\",\"description\":\"Olio di semi di rosa mosqueta non raffinato (Rosa Moschata Seed Oil) ad alto contenuto di AGE. Materia prima cosmetica per prodotti rigeneranti.\",\"breadcrumb\":{\"@id\":\"https:\\\/\\\/naturalpoland.com\\\/it\\\/produkty\\\/prodotti-per-industria-cosmetica\\\/oli-cosmetici\\\/olio-di-rosa\\\/#breadcrumb\"},\"inLanguage\":\"it-IT\",\"potentialAction\":[{\"@type\":\"ReadAction\",\"target\":[\"https:\\\/\\\/naturalpoland.com\\\/it\\\/produkty\\\/prodotti-per-industria-cosmetica\\\/oli-cosmetici\\\/olio-di-rosa\\\/\"]}]},{\"@type\":\"ImageObject\",\"inLanguage\":\"it-IT\",\"@id\":\"https:\\\/\\\/naturalpoland.com\\\/it\\\/produkty\\\/prodotti-per-industria-cosmetica\\\/oli-cosmetici\\\/olio-di-rosa\\\/#primaryimage\",\"url\":\"https:\\\/\\\/naturalpoland.com\\\/wp-content\\\/uploads\\\/olej-z-nasion-rozy-pizmowej.jpg\",\"contentUrl\":\"https:\\\/\\\/naturalpoland.com\\\/wp-content\\\/uploads\\\/olej-z-nasion-rozy-pizmowej.jpg\",\"width\":650,\"height\":650,\"caption\":\"Olio di semi di rosa muschiata\"},{\"@type\":\"BreadcrumbList\",\"@id\":\"https:\\\/\\\/naturalpoland.com\\\/it\\\/produkty\\\/prodotti-per-industria-cosmetica\\\/oli-cosmetici\\\/olio-di-rosa\\\/#breadcrumb\",\"itemListElement\":[{\"@type\":\"ListItem\",\"position\":1,\"name\":\"Home\",\"item\":\"https:\\\/\\\/naturalpoland.com\\\/it\\\/\"},{\"@type\":\"ListItem\",\"position\":2,\"name\":\"Prodotti\",\"item\":\"https:\\\/\\\/naturalpoland.com\\\/it\\\/prodotti\\\/\"},{\"@type\":\"ListItem\",\"position\":3,\"name\":\"Olio di semi di rosa muschiata\"}]},{\"@type\":\"WebSite\",\"@id\":\"https:\\\/\\\/naturalpoland.com\\\/it\\\/#website\",\"url\":\"https:\\\/\\\/naturalpoland.com\\\/it\\\/\",\"name\":\"NATURAL POLAND - Distributore all'ingrosso di materie prime\",\"description\":\"Surowce dla przemys\u0142u spo\u017cywczego, kosmetycznego i farmaceutycznego\",\"publisher\":{\"@id\":\"https:\\\/\\\/naturalpoland.com\\\/it\\\/#organization\"},\"potentialAction\":[{\"@type\":\"SearchAction\",\"target\":{\"@type\":\"EntryPoint\",\"urlTemplate\":\"https:\\\/\\\/naturalpoland.com\\\/it\\\/?s={search_term_string}\"},\"query-input\":{\"@type\":\"PropertyValueSpecification\",\"valueRequired\":true,\"valueName\":\"search_term_string\"}}],\"inLanguage\":\"it-IT\"},{\"@type\":\"Organization\",\"@id\":\"https:\\\/\\\/naturalpoland.com\\\/it\\\/#organization\",\"name\":\"Natural Poland\",\"url\":\"https:\\\/\\\/naturalpoland.com\\\/it\\\/\",\"logo\":{\"@type\":\"ImageObject\",\"inLanguage\":\"it-IT\",\"@id\":\"https:\\\/\\\/naturalpoland.com\\\/it\\\/#\\\/schema\\\/logo\\\/image\\\/\",\"url\":\"https:\\\/\\\/naturalpoland.com\\\/wp-content\\\/uploads\\\/2021\\\/05\\\/natural-poland-icon.png\",\"contentUrl\":\"https:\\\/\\\/naturalpoland.com\\\/wp-content\\\/uploads\\\/2021\\\/05\\\/natural-poland-icon.png\",\"width\":512,\"height\":512,\"caption\":\"Natural Poland\"},\"image\":{\"@id\":\"https:\\\/\\\/naturalpoland.com\\\/it\\\/#\\\/schema\\\/logo\\\/image\\\/\"},\"sameAs\":[\"https:\\\/\\\/www.facebook.com\\\/naturalpoland.b2b\",\"https:\\\/\\\/pl.linkedin.com\\\/company\\\/natural-poland\",\"https:\\\/\\\/www.youtube.com\\\/channel\\\/UCgeGGkvOMahZo-xu_MSEWxg\"]}]}<\/script>\n<!-- \/ Yoast SEO plugin. -->","yoast_head_json":{"title":"Olio di semi di rosa muschiata - Distributore all'ingrosso","description":"Olio di semi di rosa mosqueta non raffinato (Rosa Moschata Seed Oil) ad alto contenuto di AGE. Materia prima cosmetica per prodotti rigeneranti.","robots":{"index":"index","follow":"follow","max-snippet":"max-snippet:-1","max-image-preview":"max-image-preview:large","max-video-preview":"max-video-preview:-1"},"canonical":"https:\/\/naturalpoland.com\/it\/produkty\/prodotti-per-industria-cosmetica\/oli-cosmetici\/olio-di-rosa\/","og_locale":"it_IT","og_type":"article","og_title":"Olio di semi di rosa muschiata - Distributore all'ingrosso","og_description":"Olio di semi di rosa mosqueta non raffinato (Rosa Moschata Seed Oil) ad alto contenuto di AGE. Materia prima cosmetica per prodotti rigeneranti.","og_url":"https:\/\/naturalpoland.com\/it\/produkty\/prodotti-per-industria-cosmetica\/oli-cosmetici\/olio-di-rosa\/","og_site_name":"NATURAL POLAND - Distributore all'ingrosso di materie prime","article_publisher":"https:\/\/www.facebook.com\/naturalpoland.b2b","article_modified_time":"2025-11-27T14:03:23+00:00","og_image":[{"width":650,"height":650,"url":"https:\/\/naturalpoland.com\/wp-content\/uploads\/olej-z-nasion-rozy-pizmowej.jpg","type":"image\/jpeg"}],"schema":{"@context":"https:\/\/schema.org","@graph":[{"@type":"WebPage","@id":"https:\/\/naturalpoland.com\/it\/produkty\/prodotti-per-industria-cosmetica\/oli-cosmetici\/olio-di-rosa\/","url":"https:\/\/naturalpoland.com\/it\/produkty\/prodotti-per-industria-cosmetica\/oli-cosmetici\/olio-di-rosa\/","name":"Olio di semi di rosa muschiata - Distributore all'ingrosso","isPartOf":{"@id":"https:\/\/naturalpoland.com\/it\/#website"},"primaryImageOfPage":{"@id":"https:\/\/naturalpoland.com\/it\/produkty\/prodotti-per-industria-cosmetica\/oli-cosmetici\/olio-di-rosa\/#primaryimage"},"image":{"@id":"https:\/\/naturalpoland.com\/it\/produkty\/prodotti-per-industria-cosmetica\/oli-cosmetici\/olio-di-rosa\/#primaryimage"},"thumbnailUrl":"https:\/\/naturalpoland.com\/wp-content\/uploads\/olej-z-nasion-rozy-pizmowej.jpg","datePublished":"2021-07-29T12:05:36+00:00","dateModified":"2025-11-27T14:03:23+00:00","description":"Olio di semi di rosa mosqueta non raffinato (Rosa Moschata Seed Oil) ad alto contenuto di AGE. Materia prima cosmetica per prodotti rigeneranti.","breadcrumb":{"@id":"https:\/\/naturalpoland.com\/it\/produkty\/prodotti-per-industria-cosmetica\/oli-cosmetici\/olio-di-rosa\/#breadcrumb"},"inLanguage":"it-IT","potentialAction":[{"@type":"ReadAction","target":["https:\/\/naturalpoland.com\/it\/produkty\/prodotti-per-industria-cosmetica\/oli-cosmetici\/olio-di-rosa\/"]}]},{"@type":"ImageObject","inLanguage":"it-IT","@id":"https:\/\/naturalpoland.com\/it\/produkty\/prodotti-per-industria-cosmetica\/oli-cosmetici\/olio-di-rosa\/#primaryimage","url":"https:\/\/naturalpoland.com\/wp-content\/uploads\/olej-z-nasion-rozy-pizmowej.jpg","contentUrl":"https:\/\/naturalpoland.com\/wp-content\/uploads\/olej-z-nasion-rozy-pizmowej.jpg","width":650,"height":650,"caption":"Olio di semi di rosa muschiata"},{"@type":"BreadcrumbList","@id":"https:\/\/naturalpoland.com\/it\/produkty\/prodotti-per-industria-cosmetica\/oli-cosmetici\/olio-di-rosa\/#breadcrumb","itemListElement":[{"@type":"ListItem","position":1,"name":"Home","item":"https:\/\/naturalpoland.com\/it\/"},{"@type":"ListItem","position":2,"name":"Prodotti","item":"https:\/\/naturalpoland.com\/it\/prodotti\/"},{"@type":"ListItem","position":3,"name":"Olio di semi di rosa muschiata"}]},{"@type":"WebSite","@id":"https:\/\/naturalpoland.com\/it\/#website","url":"https:\/\/naturalpoland.com\/it\/","name":"NATURAL POLAND - Distributore all'ingrosso di materie prime","description":"Surowce dla przemys\u0142u spo\u017cywczego, kosmetycznego i farmaceutycznego","publisher":{"@id":"https:\/\/naturalpoland.com\/it\/#organization"},"potentialAction":[{"@type":"SearchAction","target":{"@type":"EntryPoint","urlTemplate":"https:\/\/naturalpoland.com\/it\/?s={search_term_string}"},"query-input":{"@type":"PropertyValueSpecification","valueRequired":true,"valueName":"search_term_string"}}],"inLanguage":"it-IT"},{"@type":"Organization","@id":"https:\/\/naturalpoland.com\/it\/#organization","name":"Natural Poland","url":"https:\/\/naturalpoland.com\/it\/","logo":{"@type":"ImageObject","inLanguage":"it-IT","@id":"https:\/\/naturalpoland.com\/it\/#\/schema\/logo\/image\/","url":"https:\/\/naturalpoland.com\/wp-content\/uploads\/2021\/05\/natural-poland-icon.png","contentUrl":"https:\/\/naturalpoland.com\/wp-content\/uploads\/2021\/05\/natural-poland-icon.png","width":512,"height":512,"caption":"Natural Poland"},"image":{"@id":"https:\/\/naturalpoland.com\/it\/#\/schema\/logo\/image\/"},"sameAs":["https:\/\/www.facebook.com\/naturalpoland.b2b","https:\/\/pl.linkedin.com\/company\/natural-poland","https:\/\/www.youtube.com\/channel\/UCgeGGkvOMahZo-xu_MSEWxg"]}]}},"_links":{"self":[{"href":"https:\/\/naturalpoland.com\/it\/wp-json\/wp\/v2\/product\/14703","targetHints":{"allow":["GET"]}}],"collection":[{"href":"https:\/\/naturalpoland.com\/it\/wp-json\/wp\/v2\/product"}],"about":[{"href":"https:\/\/naturalpoland.com\/it\/wp-json\/wp\/v2\/types\/product"}],"wp:featuredmedia":[{"embeddable":true,"href":"https:\/\/naturalpoland.com\/it\/wp-json\/wp\/v2\/media\/14706"}],"wp:attachment":[{"href":"https:\/\/naturalpoland.com\/it\/wp-json\/wp\/v2\/media?parent=14703"}],"wp:term":[{"taxonomy":"product_brand","embeddable":true,"href":"https:\/\/naturalpoland.com\/it\/wp-json\/wp\/v2\/product_brand?post=14703"},{"taxonomy":"product_cat","embeddable":true,"href":"https:\/\/naturalpoland.com\/it\/wp-json\/wp\/v2\/product_cat?post=14703"},{"taxonomy":"product_tag","embeddable":true,"href":"https:\/\/naturalpoland.com\/it\/wp-json\/wp\/v2\/product_tag?post=14703"}],"curies":[{"name":"wp","href":"https:\/\/api.w.org\/{rel}","templated":true}]}}