{"id":21116,"date":"2023-03-20T16:01:12","date_gmt":"2023-03-23T14:26:31","guid":{"rendered":"https:\/\/naturalpoland.pl\/produkty\/senza-categoria\/argireline\/"},"modified":"2025-01-16T15:35:23","modified_gmt":"2025-01-16T14:35:23","slug":"argireline","status":"publish","type":"product","link":"https:\/\/naturalpoland.com\/it\/produkty\/prodotti-per-industria-cosmetica\/peptidi\/argireline\/","title":{"rendered":"Acetil esapeptide-8"},"content":{"rendered":"<p>L&#8217;Acetyl Hexapeptide-8, come il Botox,<strong> \u00e8 un<\/strong> <strong>inibitore del neurotrasmettitore<\/strong>: riduce la produzione di acetilcolina, provocando l&#8217;arresto delle contrazioni e la paralisi di alcuni muscoli facciali. Di conseguenza, riduce la formazione di nuove rughe e l&#8217;approfondimento di quelle esistenti sulla pelle. Tuttavia, la sua azione, a differenza del Botox, <strong>non \u00e8 invasiva<\/strong>: l&#8217;Acetyl Hexapeptide-8 ha la capacit\u00e0 di penetrare in profondit\u00e0 nella pelle e, invece di essere iniettato, pu\u00f2 essere <strong>utilizzato sotto forma di dermocosmetici<\/strong> (solitamente creme con una concentrazione del 10%). L&#8217;uso dell&#8217;Acetyl Hexapeptide-8 \u00e8 supportato anche dalla sua <strong>sicurezza<\/strong> e<strong> assenza di tossicit\u00e0<\/strong>.<\/p>\n<p> \u00c8 quindi un&#8217;ottima alternativa per chi cerca un metodo non invasivo, sicuro e indolore per combattere la comparsa delle rughe sulla pelle. Purtroppo gli effetti ottenuti non sono duraturi e i cosmetici con Acetyl Hexapeptide-8 devono essere utilizzati quotidianamente o ogni pochi giorni.<\/p>\n","protected":false},"excerpt":{"rendered":"<p>L<strong>&#8216;Acetyl Hexapeptide-8 \u00e8 un peptide<\/strong> sintetico composto da sei aminoacidi, talvolta definito &#8220;Botox leggero&#8221; o &#8220;Botox senza iniezioni&#8221;. Deve il suo nome alla sua azione <strong>anti-invecchiamento<\/strong> unica tra i prodotti cosmetici, con un meccanismo d&#8217;azione simile a quello della tossina botulinica &#8211; il famoso Botox.<\/p>\n","protected":false},"featured_media":21086,"template":"","meta":{"_acf_changed":false},"product_brand":[],"product_cat":[2493],"product_tag":[],"class_list":{"0":"post-21116","1":"product","2":"type-product","3":"status-publish","4":"has-post-thumbnail","6":"product_cat-peptidi","8":"first","9":"instock","10":"shipping-taxable","11":"product-type-simple"},"acf":[],"yoast_head":"<!-- This site is optimized with the Yoast SEO plugin v27.5 - https:\/\/yoast.com\/product\/yoast-seo-wordpress\/ -->\n<title>Acetil esapeptide-8 - Distributore all&#039;ingrosso di materie prime NATURAL POLAND - Distributore all&#039;ingrosso di materie prime<\/title>\n<meta name=\"description\" content=\"L&#039;Acetyl Hexapeptide-8 \u00e8 un peptide sintetico composto da sei aminoacidi, a volte definito &quot;botox leggero&quot; con effetti anti-invecchiamento.\" \/>\n<meta name=\"robots\" content=\"index, follow, max-snippet:-1, max-image-preview:large, max-video-preview:-1\" \/>\n<link rel=\"canonical\" href=\"https:\/\/naturalpoland.com\/it\/produkty\/prodotti-per-industria-cosmetica\/peptidi\/argireline\/\" \/>\n<meta property=\"og:locale\" content=\"it_IT\" \/>\n<meta property=\"og:type\" content=\"article\" \/>\n<meta property=\"og:title\" content=\"Acetil esapeptide-8 - Distributore all&#039;ingrosso di materie prime NATURAL POLAND - Distributore all&#039;ingrosso di materie prime\" \/>\n<meta property=\"og:description\" content=\"L&#039;Acetyl Hexapeptide-8 \u00e8 un peptide sintetico composto da sei aminoacidi, a volte definito &quot;botox leggero&quot; con effetti anti-invecchiamento.\" \/>\n<meta property=\"og:url\" content=\"https:\/\/naturalpoland.com\/it\/produkty\/prodotti-per-industria-cosmetica\/peptidi\/argireline\/\" \/>\n<meta property=\"og:site_name\" content=\"NATURAL POLAND - Distributore all&#039;ingrosso di materie prime\" \/>\n<meta property=\"article:publisher\" content=\"https:\/\/www.facebook.com\/naturalpoland.b2b\" \/>\n<meta property=\"article:modified_time\" content=\"2025-01-16T14:35:23+00:00\" \/>\n<meta property=\"og:image\" content=\"https:\/\/naturalpoland.com\/wp-content\/uploads\/Argirelina.jpg\" \/>\n\t<meta property=\"og:image:width\" content=\"600\" \/>\n\t<meta property=\"og:image:height\" content=\"600\" \/>\n\t<meta property=\"og:image:type\" content=\"image\/jpeg\" \/>\n<script type=\"application\/ld+json\" class=\"yoast-schema-graph\">{\"@context\":\"https:\\\/\\\/schema.org\",\"@graph\":[{\"@type\":\"WebPage\",\"@id\":\"https:\\\/\\\/naturalpoland.com\\\/it\\\/produkty\\\/prodotti-per-industria-cosmetica\\\/peptidi\\\/argireline\\\/\",\"url\":\"https:\\\/\\\/naturalpoland.com\\\/it\\\/produkty\\\/prodotti-per-industria-cosmetica\\\/peptidi\\\/argireline\\\/\",\"name\":\"Acetil esapeptide-8 - Distributore all'ingrosso di materie prime NATURAL POLAND - Distributore all'ingrosso di materie prime\",\"isPartOf\":{\"@id\":\"https:\\\/\\\/naturalpoland.com\\\/it\\\/#website\"},\"primaryImageOfPage\":{\"@id\":\"https:\\\/\\\/naturalpoland.com\\\/it\\\/produkty\\\/prodotti-per-industria-cosmetica\\\/peptidi\\\/argireline\\\/#primaryimage\"},\"image\":{\"@id\":\"https:\\\/\\\/naturalpoland.com\\\/it\\\/produkty\\\/prodotti-per-industria-cosmetica\\\/peptidi\\\/argireline\\\/#primaryimage\"},\"thumbnailUrl\":\"https:\\\/\\\/naturalpoland.com\\\/wp-content\\\/uploads\\\/Argirelina.jpg\",\"datePublished\":\"2023-03-23T14:26:31+00:00\",\"dateModified\":\"2025-01-16T14:35:23+00:00\",\"description\":\"L'Acetyl Hexapeptide-8 \u00e8 un peptide sintetico composto da sei aminoacidi, a volte definito \\\"botox leggero\\\" con effetti anti-invecchiamento.\",\"breadcrumb\":{\"@id\":\"https:\\\/\\\/naturalpoland.com\\\/it\\\/produkty\\\/prodotti-per-industria-cosmetica\\\/peptidi\\\/argireline\\\/#breadcrumb\"},\"inLanguage\":\"it-IT\",\"potentialAction\":[{\"@type\":\"ReadAction\",\"target\":[\"https:\\\/\\\/naturalpoland.com\\\/it\\\/produkty\\\/prodotti-per-industria-cosmetica\\\/peptidi\\\/argireline\\\/\"]}]},{\"@type\":\"ImageObject\",\"inLanguage\":\"it-IT\",\"@id\":\"https:\\\/\\\/naturalpoland.com\\\/it\\\/produkty\\\/prodotti-per-industria-cosmetica\\\/peptidi\\\/argireline\\\/#primaryimage\",\"url\":\"https:\\\/\\\/naturalpoland.com\\\/wp-content\\\/uploads\\\/Argirelina.jpg\",\"contentUrl\":\"https:\\\/\\\/naturalpoland.com\\\/wp-content\\\/uploads\\\/Argirelina.jpg\",\"width\":600,\"height\":600,\"caption\":\"Argireline\"},{\"@type\":\"BreadcrumbList\",\"@id\":\"https:\\\/\\\/naturalpoland.com\\\/it\\\/produkty\\\/prodotti-per-industria-cosmetica\\\/peptidi\\\/argireline\\\/#breadcrumb\",\"itemListElement\":[{\"@type\":\"ListItem\",\"position\":1,\"name\":\"Home\",\"item\":\"https:\\\/\\\/naturalpoland.com\\\/it\\\/\"},{\"@type\":\"ListItem\",\"position\":2,\"name\":\"Prodotti\",\"item\":\"https:\\\/\\\/naturalpoland.com\\\/it\\\/prodotti\\\/\"},{\"@type\":\"ListItem\",\"position\":3,\"name\":\"Acetil esapeptide-8\"}]},{\"@type\":\"WebSite\",\"@id\":\"https:\\\/\\\/naturalpoland.com\\\/it\\\/#website\",\"url\":\"https:\\\/\\\/naturalpoland.com\\\/it\\\/\",\"name\":\"NATURAL POLAND - Distributore all'ingrosso di materie prime\",\"description\":\"Surowce dla przemys\u0142u spo\u017cywczego, kosmetycznego i farmaceutycznego\",\"publisher\":{\"@id\":\"https:\\\/\\\/naturalpoland.com\\\/it\\\/#organization\"},\"potentialAction\":[{\"@type\":\"SearchAction\",\"target\":{\"@type\":\"EntryPoint\",\"urlTemplate\":\"https:\\\/\\\/naturalpoland.com\\\/it\\\/?s={search_term_string}\"},\"query-input\":{\"@type\":\"PropertyValueSpecification\",\"valueRequired\":true,\"valueName\":\"search_term_string\"}}],\"inLanguage\":\"it-IT\"},{\"@type\":\"Organization\",\"@id\":\"https:\\\/\\\/naturalpoland.com\\\/it\\\/#organization\",\"name\":\"Natural Poland\",\"url\":\"https:\\\/\\\/naturalpoland.com\\\/it\\\/\",\"logo\":{\"@type\":\"ImageObject\",\"inLanguage\":\"it-IT\",\"@id\":\"https:\\\/\\\/naturalpoland.com\\\/it\\\/#\\\/schema\\\/logo\\\/image\\\/\",\"url\":\"https:\\\/\\\/naturalpoland.com\\\/wp-content\\\/uploads\\\/2021\\\/05\\\/natural-poland-icon.png\",\"contentUrl\":\"https:\\\/\\\/naturalpoland.com\\\/wp-content\\\/uploads\\\/2021\\\/05\\\/natural-poland-icon.png\",\"width\":512,\"height\":512,\"caption\":\"Natural Poland\"},\"image\":{\"@id\":\"https:\\\/\\\/naturalpoland.com\\\/it\\\/#\\\/schema\\\/logo\\\/image\\\/\"},\"sameAs\":[\"https:\\\/\\\/www.facebook.com\\\/naturalpoland.b2b\",\"https:\\\/\\\/pl.linkedin.com\\\/company\\\/natural-poland\",\"https:\\\/\\\/www.youtube.com\\\/channel\\\/UCgeGGkvOMahZo-xu_MSEWxg\"]}]}<\/script>\n<!-- \/ Yoast SEO plugin. -->","yoast_head_json":{"title":"Acetil esapeptide-8 - Distributore all'ingrosso di materie prime NATURAL POLAND - Distributore all'ingrosso di materie prime","description":"L'Acetyl Hexapeptide-8 \u00e8 un peptide sintetico composto da sei aminoacidi, a volte definito \"botox leggero\" con effetti anti-invecchiamento.","robots":{"index":"index","follow":"follow","max-snippet":"max-snippet:-1","max-image-preview":"max-image-preview:large","max-video-preview":"max-video-preview:-1"},"canonical":"https:\/\/naturalpoland.com\/it\/produkty\/prodotti-per-industria-cosmetica\/peptidi\/argireline\/","og_locale":"it_IT","og_type":"article","og_title":"Acetil esapeptide-8 - Distributore all'ingrosso di materie prime NATURAL POLAND - Distributore all'ingrosso di materie prime","og_description":"L'Acetyl Hexapeptide-8 \u00e8 un peptide sintetico composto da sei aminoacidi, a volte definito \"botox leggero\" con effetti anti-invecchiamento.","og_url":"https:\/\/naturalpoland.com\/it\/produkty\/prodotti-per-industria-cosmetica\/peptidi\/argireline\/","og_site_name":"NATURAL POLAND - Distributore all'ingrosso di materie prime","article_publisher":"https:\/\/www.facebook.com\/naturalpoland.b2b","article_modified_time":"2025-01-16T14:35:23+00:00","og_image":[{"width":600,"height":600,"url":"https:\/\/naturalpoland.com\/wp-content\/uploads\/Argirelina.jpg","type":"image\/jpeg"}],"schema":{"@context":"https:\/\/schema.org","@graph":[{"@type":"WebPage","@id":"https:\/\/naturalpoland.com\/it\/produkty\/prodotti-per-industria-cosmetica\/peptidi\/argireline\/","url":"https:\/\/naturalpoland.com\/it\/produkty\/prodotti-per-industria-cosmetica\/peptidi\/argireline\/","name":"Acetil esapeptide-8 - Distributore all'ingrosso di materie prime NATURAL POLAND - Distributore all'ingrosso di materie prime","isPartOf":{"@id":"https:\/\/naturalpoland.com\/it\/#website"},"primaryImageOfPage":{"@id":"https:\/\/naturalpoland.com\/it\/produkty\/prodotti-per-industria-cosmetica\/peptidi\/argireline\/#primaryimage"},"image":{"@id":"https:\/\/naturalpoland.com\/it\/produkty\/prodotti-per-industria-cosmetica\/peptidi\/argireline\/#primaryimage"},"thumbnailUrl":"https:\/\/naturalpoland.com\/wp-content\/uploads\/Argirelina.jpg","datePublished":"2023-03-23T14:26:31+00:00","dateModified":"2025-01-16T14:35:23+00:00","description":"L'Acetyl Hexapeptide-8 \u00e8 un peptide sintetico composto da sei aminoacidi, a volte definito \"botox leggero\" con effetti anti-invecchiamento.","breadcrumb":{"@id":"https:\/\/naturalpoland.com\/it\/produkty\/prodotti-per-industria-cosmetica\/peptidi\/argireline\/#breadcrumb"},"inLanguage":"it-IT","potentialAction":[{"@type":"ReadAction","target":["https:\/\/naturalpoland.com\/it\/produkty\/prodotti-per-industria-cosmetica\/peptidi\/argireline\/"]}]},{"@type":"ImageObject","inLanguage":"it-IT","@id":"https:\/\/naturalpoland.com\/it\/produkty\/prodotti-per-industria-cosmetica\/peptidi\/argireline\/#primaryimage","url":"https:\/\/naturalpoland.com\/wp-content\/uploads\/Argirelina.jpg","contentUrl":"https:\/\/naturalpoland.com\/wp-content\/uploads\/Argirelina.jpg","width":600,"height":600,"caption":"Argireline"},{"@type":"BreadcrumbList","@id":"https:\/\/naturalpoland.com\/it\/produkty\/prodotti-per-industria-cosmetica\/peptidi\/argireline\/#breadcrumb","itemListElement":[{"@type":"ListItem","position":1,"name":"Home","item":"https:\/\/naturalpoland.com\/it\/"},{"@type":"ListItem","position":2,"name":"Prodotti","item":"https:\/\/naturalpoland.com\/it\/prodotti\/"},{"@type":"ListItem","position":3,"name":"Acetil esapeptide-8"}]},{"@type":"WebSite","@id":"https:\/\/naturalpoland.com\/it\/#website","url":"https:\/\/naturalpoland.com\/it\/","name":"NATURAL POLAND - Distributore all'ingrosso di materie prime","description":"Surowce dla przemys\u0142u spo\u017cywczego, kosmetycznego i farmaceutycznego","publisher":{"@id":"https:\/\/naturalpoland.com\/it\/#organization"},"potentialAction":[{"@type":"SearchAction","target":{"@type":"EntryPoint","urlTemplate":"https:\/\/naturalpoland.com\/it\/?s={search_term_string}"},"query-input":{"@type":"PropertyValueSpecification","valueRequired":true,"valueName":"search_term_string"}}],"inLanguage":"it-IT"},{"@type":"Organization","@id":"https:\/\/naturalpoland.com\/it\/#organization","name":"Natural Poland","url":"https:\/\/naturalpoland.com\/it\/","logo":{"@type":"ImageObject","inLanguage":"it-IT","@id":"https:\/\/naturalpoland.com\/it\/#\/schema\/logo\/image\/","url":"https:\/\/naturalpoland.com\/wp-content\/uploads\/2021\/05\/natural-poland-icon.png","contentUrl":"https:\/\/naturalpoland.com\/wp-content\/uploads\/2021\/05\/natural-poland-icon.png","width":512,"height":512,"caption":"Natural Poland"},"image":{"@id":"https:\/\/naturalpoland.com\/it\/#\/schema\/logo\/image\/"},"sameAs":["https:\/\/www.facebook.com\/naturalpoland.b2b","https:\/\/pl.linkedin.com\/company\/natural-poland","https:\/\/www.youtube.com\/channel\/UCgeGGkvOMahZo-xu_MSEWxg"]}]}},"_links":{"self":[{"href":"https:\/\/naturalpoland.com\/it\/wp-json\/wp\/v2\/product\/21116","targetHints":{"allow":["GET"]}}],"collection":[{"href":"https:\/\/naturalpoland.com\/it\/wp-json\/wp\/v2\/product"}],"about":[{"href":"https:\/\/naturalpoland.com\/it\/wp-json\/wp\/v2\/types\/product"}],"wp:featuredmedia":[{"embeddable":true,"href":"https:\/\/naturalpoland.com\/it\/wp-json\/wp\/v2\/media\/21086"}],"wp:attachment":[{"href":"https:\/\/naturalpoland.com\/it\/wp-json\/wp\/v2\/media?parent=21116"}],"wp:term":[{"taxonomy":"product_brand","embeddable":true,"href":"https:\/\/naturalpoland.com\/it\/wp-json\/wp\/v2\/product_brand?post=21116"},{"taxonomy":"product_cat","embeddable":true,"href":"https:\/\/naturalpoland.com\/it\/wp-json\/wp\/v2\/product_cat?post=21116"},{"taxonomy":"product_tag","embeddable":true,"href":"https:\/\/naturalpoland.com\/it\/wp-json\/wp\/v2\/product_tag?post=21116"}],"curies":[{"name":"wp","href":"https:\/\/api.w.org\/{rel}","templated":true}]}}