{"id":21154,"date":"2023-03-16T10:43:26","date_gmt":"2023-03-23T15:27:39","guid":{"rendered":"https:\/\/naturalpoland.pl\/produkty\/senza-categoria\/bemt-tinosorb-s\/"},"modified":"2023-03-23T16:27:39","modified_gmt":"2023-03-23T15:27:39","slug":"bis-etilesilossifenolo-metossifeniltriazina-bemt-tinosorb-s","status":"publish","type":"product","link":"https:\/\/naturalpoland.com\/it\/produkty\/prodotti-per-industria-cosmetica\/materie-prime-cosmetiche\/bis-etilesilossifenolo-metossifeniltriazina-bemt-tinosorb-s\/","title":{"rendered":"BEMT \/ Tinosorb S"},"content":{"rendered":"<p>Le caratteristiche del BEMT includono un&#8217;elevata <strong>fotostabilit\u00e0<\/strong> e un ampio spettro d&#8217;azione contro i raggi UVA e UVA. Il suo ulteriore vantaggio \u00e8 la buona compatibilit\u00e0 con i filtri minerali e chimici.<\/p>\n<p>Il BEMT ha anche una bassa tossicit\u00e0 ambientale ed \u00e8 uno dei filtri UV pi\u00f9 comunemente scelti nei prodotti fotoprotettivi per bambini.<\/p>\n","protected":false},"excerpt":{"rendered":"<p>Il BEMT, o <strong>Bis-etilesilossifenolmetossifeniltriazina<\/strong>, noto anche come <strong>Tinosorb S<\/strong>, \u00e8 un filtro chimico, noto come filtro di &#8220;nuova generazione&#8221;. Il suo meccanismo d&#8217;azione si basa sull&#8217;assorbimento dei raggi UVR, che entrano in livelli energetici eccitati. L&#8217;energia viene quindi rilasciata e la molecola chimica ritorna al suo livello energetico iniziale.<\/p>\n","protected":false},"featured_media":21038,"template":"","meta":{"_acf_changed":false},"product_brand":[],"product_cat":[1522],"product_tag":[],"class_list":{"0":"post-21154","1":"product","2":"type-product","3":"status-publish","4":"has-post-thumbnail","6":"product_cat-materie-prime-cosmetiche","8":"first","9":"instock","10":"shipping-taxable","11":"product-type-simple"},"acf":[],"yoast_head":"<!-- This site is optimized with the Yoast SEO plugin v27.5 - https:\/\/yoast.com\/product\/yoast-seo-wordpress\/ -->\n<title>BEMT \/ Tinosorb S - Distributore all&#039;ingrosso<\/title>\n<meta name=\"robots\" content=\"index, follow, max-snippet:-1, max-image-preview:large, max-video-preview:-1\" \/>\n<link rel=\"canonical\" href=\"https:\/\/naturalpoland.com\/it\/produkty\/prodotti-per-industria-cosmetica\/materie-prime-cosmetiche\/bis-etilesilossifenolo-metossifeniltriazina-bemt-tinosorb-s\/\" \/>\n<meta property=\"og:locale\" content=\"it_IT\" \/>\n<meta property=\"og:type\" content=\"article\" \/>\n<meta property=\"og:title\" content=\"BEMT \/ Tinosorb S - Distributore all&#039;ingrosso\" \/>\n<meta property=\"og:description\" content=\"Il BEMT, o Bis-etilesilossifenolmetossifeniltriazina, noto anche come Tinosorb S, \u00e8 un filtro chimico, noto come filtro di &quot;nuova generazione&quot;. Il suo meccanismo d&#039;azione si basa sull&#039;assorbimento dei raggi UVR, che entrano in livelli energetici eccitati. L&#039;energia viene quindi rilasciata e la molecola chimica ritorna al suo livello energetico iniziale.\" \/>\n<meta property=\"og:url\" content=\"https:\/\/naturalpoland.com\/it\/produkty\/prodotti-per-industria-cosmetica\/materie-prime-cosmetiche\/bis-etilesilossifenolo-metossifeniltriazina-bemt-tinosorb-s\/\" \/>\n<meta property=\"og:site_name\" content=\"NATURAL POLAND - Distributore all&#039;ingrosso di materie prime\" \/>\n<meta property=\"article:publisher\" content=\"https:\/\/www.facebook.com\/naturalpoland.b2b\" \/>\n<meta property=\"og:image\" content=\"https:\/\/naturalpoland.com\/wp-content\/uploads\/bemt-Tinosorb-s.jpg\" \/>\n\t<meta property=\"og:image:width\" content=\"600\" \/>\n\t<meta property=\"og:image:height\" content=\"600\" \/>\n\t<meta property=\"og:image:type\" content=\"image\/jpeg\" \/>\n<script type=\"application\/ld+json\" class=\"yoast-schema-graph\">{\"@context\":\"https:\\\/\\\/schema.org\",\"@graph\":[{\"@type\":\"WebPage\",\"@id\":\"https:\\\/\\\/naturalpoland.com\\\/it\\\/produkty\\\/prodotti-per-industria-cosmetica\\\/materie-prime-cosmetiche\\\/bis-etilesilossifenolo-metossifeniltriazina-bemt-tinosorb-s\\\/\",\"url\":\"https:\\\/\\\/naturalpoland.com\\\/it\\\/produkty\\\/prodotti-per-industria-cosmetica\\\/materie-prime-cosmetiche\\\/bis-etilesilossifenolo-metossifeniltriazina-bemt-tinosorb-s\\\/\",\"name\":\"BEMT \\\/ Tinosorb S - Distributore all'ingrosso\",\"isPartOf\":{\"@id\":\"https:\\\/\\\/naturalpoland.com\\\/it\\\/#website\"},\"primaryImageOfPage\":{\"@id\":\"https:\\\/\\\/naturalpoland.com\\\/it\\\/produkty\\\/prodotti-per-industria-cosmetica\\\/materie-prime-cosmetiche\\\/bis-etilesilossifenolo-metossifeniltriazina-bemt-tinosorb-s\\\/#primaryimage\"},\"image\":{\"@id\":\"https:\\\/\\\/naturalpoland.com\\\/it\\\/produkty\\\/prodotti-per-industria-cosmetica\\\/materie-prime-cosmetiche\\\/bis-etilesilossifenolo-metossifeniltriazina-bemt-tinosorb-s\\\/#primaryimage\"},\"thumbnailUrl\":\"https:\\\/\\\/naturalpoland.com\\\/wp-content\\\/uploads\\\/bemt-Tinosorb-s.jpg\",\"datePublished\":\"2023-03-23T15:27:39+00:00\",\"breadcrumb\":{\"@id\":\"https:\\\/\\\/naturalpoland.com\\\/it\\\/produkty\\\/prodotti-per-industria-cosmetica\\\/materie-prime-cosmetiche\\\/bis-etilesilossifenolo-metossifeniltriazina-bemt-tinosorb-s\\\/#breadcrumb\"},\"inLanguage\":\"it-IT\",\"potentialAction\":[{\"@type\":\"ReadAction\",\"target\":[\"https:\\\/\\\/naturalpoland.com\\\/it\\\/produkty\\\/prodotti-per-industria-cosmetica\\\/materie-prime-cosmetiche\\\/bis-etilesilossifenolo-metossifeniltriazina-bemt-tinosorb-s\\\/\"]}]},{\"@type\":\"ImageObject\",\"inLanguage\":\"it-IT\",\"@id\":\"https:\\\/\\\/naturalpoland.com\\\/it\\\/produkty\\\/prodotti-per-industria-cosmetica\\\/materie-prime-cosmetiche\\\/bis-etilesilossifenolo-metossifeniltriazina-bemt-tinosorb-s\\\/#primaryimage\",\"url\":\"https:\\\/\\\/naturalpoland.com\\\/wp-content\\\/uploads\\\/bemt-Tinosorb-s.jpg\",\"contentUrl\":\"https:\\\/\\\/naturalpoland.com\\\/wp-content\\\/uploads\\\/bemt-Tinosorb-s.jpg\",\"width\":600,\"height\":600,\"caption\":\"mebt \\\/ tinosorb s\"},{\"@type\":\"BreadcrumbList\",\"@id\":\"https:\\\/\\\/naturalpoland.com\\\/it\\\/produkty\\\/prodotti-per-industria-cosmetica\\\/materie-prime-cosmetiche\\\/bis-etilesilossifenolo-metossifeniltriazina-bemt-tinosorb-s\\\/#breadcrumb\",\"itemListElement\":[{\"@type\":\"ListItem\",\"position\":1,\"name\":\"Home\",\"item\":\"https:\\\/\\\/naturalpoland.com\\\/it\\\/\"},{\"@type\":\"ListItem\",\"position\":2,\"name\":\"Prodotti\",\"item\":\"https:\\\/\\\/naturalpoland.com\\\/it\\\/prodotti\\\/\"},{\"@type\":\"ListItem\",\"position\":3,\"name\":\"BEMT \\\/ Tinosorb S\"}]},{\"@type\":\"WebSite\",\"@id\":\"https:\\\/\\\/naturalpoland.com\\\/it\\\/#website\",\"url\":\"https:\\\/\\\/naturalpoland.com\\\/it\\\/\",\"name\":\"NATURAL POLAND - Distributore all'ingrosso di materie prime\",\"description\":\"Surowce dla przemys\u0142u spo\u017cywczego, kosmetycznego i farmaceutycznego\",\"publisher\":{\"@id\":\"https:\\\/\\\/naturalpoland.com\\\/it\\\/#organization\"},\"potentialAction\":[{\"@type\":\"SearchAction\",\"target\":{\"@type\":\"EntryPoint\",\"urlTemplate\":\"https:\\\/\\\/naturalpoland.com\\\/it\\\/?s={search_term_string}\"},\"query-input\":{\"@type\":\"PropertyValueSpecification\",\"valueRequired\":true,\"valueName\":\"search_term_string\"}}],\"inLanguage\":\"it-IT\"},{\"@type\":\"Organization\",\"@id\":\"https:\\\/\\\/naturalpoland.com\\\/it\\\/#organization\",\"name\":\"Natural Poland\",\"url\":\"https:\\\/\\\/naturalpoland.com\\\/it\\\/\",\"logo\":{\"@type\":\"ImageObject\",\"inLanguage\":\"it-IT\",\"@id\":\"https:\\\/\\\/naturalpoland.com\\\/it\\\/#\\\/schema\\\/logo\\\/image\\\/\",\"url\":\"https:\\\/\\\/naturalpoland.com\\\/wp-content\\\/uploads\\\/2021\\\/05\\\/natural-poland-icon.png\",\"contentUrl\":\"https:\\\/\\\/naturalpoland.com\\\/wp-content\\\/uploads\\\/2021\\\/05\\\/natural-poland-icon.png\",\"width\":512,\"height\":512,\"caption\":\"Natural Poland\"},\"image\":{\"@id\":\"https:\\\/\\\/naturalpoland.com\\\/it\\\/#\\\/schema\\\/logo\\\/image\\\/\"},\"sameAs\":[\"https:\\\/\\\/www.facebook.com\\\/naturalpoland.b2b\",\"https:\\\/\\\/pl.linkedin.com\\\/company\\\/natural-poland\",\"https:\\\/\\\/www.youtube.com\\\/channel\\\/UCgeGGkvOMahZo-xu_MSEWxg\"]}]}<\/script>\n<!-- \/ Yoast SEO plugin. -->","yoast_head_json":{"title":"BEMT \/ Tinosorb S - Distributore all'ingrosso","robots":{"index":"index","follow":"follow","max-snippet":"max-snippet:-1","max-image-preview":"max-image-preview:large","max-video-preview":"max-video-preview:-1"},"canonical":"https:\/\/naturalpoland.com\/it\/produkty\/prodotti-per-industria-cosmetica\/materie-prime-cosmetiche\/bis-etilesilossifenolo-metossifeniltriazina-bemt-tinosorb-s\/","og_locale":"it_IT","og_type":"article","og_title":"BEMT \/ Tinosorb S - Distributore all'ingrosso","og_description":"Il BEMT, o Bis-etilesilossifenolmetossifeniltriazina, noto anche come Tinosorb S, \u00e8 un filtro chimico, noto come filtro di \"nuova generazione\". Il suo meccanismo d'azione si basa sull'assorbimento dei raggi UVR, che entrano in livelli energetici eccitati. L'energia viene quindi rilasciata e la molecola chimica ritorna al suo livello energetico iniziale.","og_url":"https:\/\/naturalpoland.com\/it\/produkty\/prodotti-per-industria-cosmetica\/materie-prime-cosmetiche\/bis-etilesilossifenolo-metossifeniltriazina-bemt-tinosorb-s\/","og_site_name":"NATURAL POLAND - Distributore all'ingrosso di materie prime","article_publisher":"https:\/\/www.facebook.com\/naturalpoland.b2b","og_image":[{"width":600,"height":600,"url":"https:\/\/naturalpoland.com\/wp-content\/uploads\/bemt-Tinosorb-s.jpg","type":"image\/jpeg"}],"schema":{"@context":"https:\/\/schema.org","@graph":[{"@type":"WebPage","@id":"https:\/\/naturalpoland.com\/it\/produkty\/prodotti-per-industria-cosmetica\/materie-prime-cosmetiche\/bis-etilesilossifenolo-metossifeniltriazina-bemt-tinosorb-s\/","url":"https:\/\/naturalpoland.com\/it\/produkty\/prodotti-per-industria-cosmetica\/materie-prime-cosmetiche\/bis-etilesilossifenolo-metossifeniltriazina-bemt-tinosorb-s\/","name":"BEMT \/ Tinosorb S - Distributore all'ingrosso","isPartOf":{"@id":"https:\/\/naturalpoland.com\/it\/#website"},"primaryImageOfPage":{"@id":"https:\/\/naturalpoland.com\/it\/produkty\/prodotti-per-industria-cosmetica\/materie-prime-cosmetiche\/bis-etilesilossifenolo-metossifeniltriazina-bemt-tinosorb-s\/#primaryimage"},"image":{"@id":"https:\/\/naturalpoland.com\/it\/produkty\/prodotti-per-industria-cosmetica\/materie-prime-cosmetiche\/bis-etilesilossifenolo-metossifeniltriazina-bemt-tinosorb-s\/#primaryimage"},"thumbnailUrl":"https:\/\/naturalpoland.com\/wp-content\/uploads\/bemt-Tinosorb-s.jpg","datePublished":"2023-03-23T15:27:39+00:00","breadcrumb":{"@id":"https:\/\/naturalpoland.com\/it\/produkty\/prodotti-per-industria-cosmetica\/materie-prime-cosmetiche\/bis-etilesilossifenolo-metossifeniltriazina-bemt-tinosorb-s\/#breadcrumb"},"inLanguage":"it-IT","potentialAction":[{"@type":"ReadAction","target":["https:\/\/naturalpoland.com\/it\/produkty\/prodotti-per-industria-cosmetica\/materie-prime-cosmetiche\/bis-etilesilossifenolo-metossifeniltriazina-bemt-tinosorb-s\/"]}]},{"@type":"ImageObject","inLanguage":"it-IT","@id":"https:\/\/naturalpoland.com\/it\/produkty\/prodotti-per-industria-cosmetica\/materie-prime-cosmetiche\/bis-etilesilossifenolo-metossifeniltriazina-bemt-tinosorb-s\/#primaryimage","url":"https:\/\/naturalpoland.com\/wp-content\/uploads\/bemt-Tinosorb-s.jpg","contentUrl":"https:\/\/naturalpoland.com\/wp-content\/uploads\/bemt-Tinosorb-s.jpg","width":600,"height":600,"caption":"mebt \/ tinosorb s"},{"@type":"BreadcrumbList","@id":"https:\/\/naturalpoland.com\/it\/produkty\/prodotti-per-industria-cosmetica\/materie-prime-cosmetiche\/bis-etilesilossifenolo-metossifeniltriazina-bemt-tinosorb-s\/#breadcrumb","itemListElement":[{"@type":"ListItem","position":1,"name":"Home","item":"https:\/\/naturalpoland.com\/it\/"},{"@type":"ListItem","position":2,"name":"Prodotti","item":"https:\/\/naturalpoland.com\/it\/prodotti\/"},{"@type":"ListItem","position":3,"name":"BEMT \/ Tinosorb S"}]},{"@type":"WebSite","@id":"https:\/\/naturalpoland.com\/it\/#website","url":"https:\/\/naturalpoland.com\/it\/","name":"NATURAL POLAND - Distributore all'ingrosso di materie prime","description":"Surowce dla przemys\u0142u spo\u017cywczego, kosmetycznego i farmaceutycznego","publisher":{"@id":"https:\/\/naturalpoland.com\/it\/#organization"},"potentialAction":[{"@type":"SearchAction","target":{"@type":"EntryPoint","urlTemplate":"https:\/\/naturalpoland.com\/it\/?s={search_term_string}"},"query-input":{"@type":"PropertyValueSpecification","valueRequired":true,"valueName":"search_term_string"}}],"inLanguage":"it-IT"},{"@type":"Organization","@id":"https:\/\/naturalpoland.com\/it\/#organization","name":"Natural Poland","url":"https:\/\/naturalpoland.com\/it\/","logo":{"@type":"ImageObject","inLanguage":"it-IT","@id":"https:\/\/naturalpoland.com\/it\/#\/schema\/logo\/image\/","url":"https:\/\/naturalpoland.com\/wp-content\/uploads\/2021\/05\/natural-poland-icon.png","contentUrl":"https:\/\/naturalpoland.com\/wp-content\/uploads\/2021\/05\/natural-poland-icon.png","width":512,"height":512,"caption":"Natural Poland"},"image":{"@id":"https:\/\/naturalpoland.com\/it\/#\/schema\/logo\/image\/"},"sameAs":["https:\/\/www.facebook.com\/naturalpoland.b2b","https:\/\/pl.linkedin.com\/company\/natural-poland","https:\/\/www.youtube.com\/channel\/UCgeGGkvOMahZo-xu_MSEWxg"]}]}},"_links":{"self":[{"href":"https:\/\/naturalpoland.com\/it\/wp-json\/wp\/v2\/product\/21154","targetHints":{"allow":["GET"]}}],"collection":[{"href":"https:\/\/naturalpoland.com\/it\/wp-json\/wp\/v2\/product"}],"about":[{"href":"https:\/\/naturalpoland.com\/it\/wp-json\/wp\/v2\/types\/product"}],"wp:featuredmedia":[{"embeddable":true,"href":"https:\/\/naturalpoland.com\/it\/wp-json\/wp\/v2\/media\/21038"}],"wp:attachment":[{"href":"https:\/\/naturalpoland.com\/it\/wp-json\/wp\/v2\/media?parent=21154"}],"wp:term":[{"taxonomy":"product_brand","embeddable":true,"href":"https:\/\/naturalpoland.com\/it\/wp-json\/wp\/v2\/product_brand?post=21154"},{"taxonomy":"product_cat","embeddable":true,"href":"https:\/\/naturalpoland.com\/it\/wp-json\/wp\/v2\/product_cat?post=21154"},{"taxonomy":"product_tag","embeddable":true,"href":"https:\/\/naturalpoland.com\/it\/wp-json\/wp\/v2\/product_tag?post=21154"}],"curies":[{"name":"wp","href":"https:\/\/api.w.org\/{rel}","templated":true}]}}