{"id":21220,"date":"2023-02-15T15:04:34","date_gmt":"2023-03-24T08:34:20","guid":{"rendered":"https:\/\/naturalpoland.pl\/produkty\/senza-categoria\/tremella-fuciformis-scrapie-macerato\/"},"modified":"2023-03-24T09:34:20","modified_gmt":"2023-03-24T08:34:20","slug":"fungo-tremella-tremella-fuciformis-fungo-tremella-fuciformis-macerato","status":"publish","type":"product","link":"https:\/\/naturalpoland.com\/it\/produkty\/prodotti-per-industria-farmaceutica-e-medica\/additivi-per-integratori\/fungo-tremella-tremella-fuciformis-fungo-tremella-fuciformis-macerato\/","title":{"rendered":"Tremella fuciformis, scrapie &#8211; macerato"},"content":{"rendered":"<p>Grazie al suo gusto e all&#8217;aroma gradevole, il fungo tremella viene talvolta utilizzato come ingrediente in vari piatti e dessert. Dal punto di vista dell&#8217;industria dietetica e farmaceutica, tuttavia, la pi\u00f9 importante \u00e8 la frazione polisaccaridica estratta, costituita da xilosio, mannosio e acido glucuronico legati da un legame \u03b1-1,3-glicosidico, con catene laterali costituite da galattosio, arabinosio e piccole quantit\u00e0 di fucosio.<\/p>\n<p>Il macerato che se ne ricava \u00e8 noto in cosmetica come <strong>sostituto naturale dell&#8217;<a href=\"https:\/\/naturalpoland.pl\/it\/produkty\/prodotti-per-industria-farmaceutica-e-medica\/additivi-per-integratori\/acido-ialuronico\/\">acido ialuronico<\/a><\/strong>, in quanto possiede forti propriet\u00e0 idratanti e anti-et\u00e0.<\/p>\n<p>Nei farmaci e negli integratori alimentari, invece, si apprezzano le propriet\u00e0 adattogene del quercia marina, che protegge l&#8217;organismo dagli effetti negativi dello stress e favorisce la concentrazione e la memoria. \u00c8 anche noto che \u00e8 ampiamente benefico nella prevenzione delle malattie della civilt\u00e0. Le sostanze contenute nell&#8217;estratto abbassano i livelli di glucosio e colesterolo nel sangue, favoriscono la disintossicazione dell&#8217;organismo e supportano la normale funzione intestinale.<\/p>\n","protected":false},"excerpt":{"rendered":"<p>Il fungo tremella, noto anche come <em>Tremella fuciformis<\/em> o <em>tremella fuciformis<\/em>, \u00e8 un materiale vegetale di origine asiatica utilizzato nella medicina tradizionale cinese. Grazie alla sua azione multidirezionale, pu\u00f2 essere utilizzato sia nell&#8217;industria <strong><br \/>\n  <a href=\"\/kategoria\/produkty-dla-przemyslu-kosmetycznego\/\">industria cosmetica<\/a><br \/>\n<\/strong>sia nell&#8217;industria cosmetica <strong><br \/>\n  <a href=\"\/kategoria\/produkty-dla-przemyslu-spozywczego\/\">industria alimentare<\/a><br \/>\n<\/strong> i <strong><br \/>\n  <a href=\"\/kategoria\/produkty-dla-przemyslu-farmaceutycznego-i-medycznego\/\">industria farmaceutica<\/a><br \/>\n<\/strong>.<\/p>\n","protected":false},"featured_media":20872,"template":"","meta":{"_acf_changed":false},"product_brand":[],"product_cat":[1530,1525,1516],"product_tag":[],"class_list":{"0":"post-21220","1":"product","2":"type-product","3":"status-publish","4":"has-post-thumbnail","6":"product_cat-additivi-per-integratori","7":"product_cat-macerati","8":"product_cat-materie-prime-per-produzione","10":"first","11":"instock","12":"shipping-taxable","13":"product-type-simple"},"acf":[],"yoast_head":"<!-- This site is optimized with the Yoast SEO plugin v27.5 - https:\/\/yoast.com\/product\/yoast-seo-wordpress\/ -->\n<title>Tremella fuciformis, scrapie - macerato - Distributore all&#039;ingrosso<\/title>\n<meta name=\"robots\" content=\"index, follow, max-snippet:-1, max-image-preview:large, max-video-preview:-1\" \/>\n<link rel=\"canonical\" href=\"https:\/\/naturalpoland.com\/it\/produkty\/prodotti-per-industria-farmaceutica-e-medica\/additivi-per-integratori\/fungo-tremella-tremella-fuciformis-fungo-tremella-fuciformis-macerato\/\" \/>\n<meta property=\"og:locale\" content=\"it_IT\" \/>\n<meta property=\"og:type\" content=\"article\" \/>\n<meta property=\"og:title\" content=\"Tremella fuciformis, scrapie - macerato - Distributore all&#039;ingrosso\" \/>\n<meta property=\"og:description\" content=\"Il fungo tremella, noto anche come Tremella fuciformis o tremella fuciformis, \u00e8 un materiale vegetale di origine asiatica utilizzato nella medicina tradizionale cinese. Grazie alla sua azione multidirezionale, pu\u00f2 essere utilizzato sia nell&#039;industria  industria cosmetica sia nell&#039;industria cosmetica  industria alimentare i  industria farmaceutica .\" \/>\n<meta property=\"og:url\" content=\"https:\/\/naturalpoland.com\/it\/produkty\/prodotti-per-industria-farmaceutica-e-medica\/additivi-per-integratori\/fungo-tremella-tremella-fuciformis-fungo-tremella-fuciformis-macerato\/\" \/>\n<meta property=\"og:site_name\" content=\"NATURAL POLAND - Distributore all&#039;ingrosso di materie prime\" \/>\n<meta property=\"article:publisher\" content=\"https:\/\/www.facebook.com\/naturalpoland.b2b\" \/>\n<meta property=\"og:image\" content=\"https:\/\/naturalpoland.com\/wp-content\/uploads\/Grzyb-tremella-Tremella-fuciformis-trzesak-morszczynowaty-macerat.jpg\" \/>\n\t<meta property=\"og:image:width\" content=\"600\" \/>\n\t<meta property=\"og:image:height\" content=\"600\" \/>\n\t<meta property=\"og:image:type\" content=\"image\/jpeg\" \/>\n<script type=\"application\/ld+json\" class=\"yoast-schema-graph\">{\"@context\":\"https:\\\/\\\/schema.org\",\"@graph\":[{\"@type\":\"WebPage\",\"@id\":\"https:\\\/\\\/naturalpoland.com\\\/it\\\/produkty\\\/prodotti-per-industria-farmaceutica-e-medica\\\/additivi-per-integratori\\\/fungo-tremella-tremella-fuciformis-fungo-tremella-fuciformis-macerato\\\/\",\"url\":\"https:\\\/\\\/naturalpoland.com\\\/it\\\/produkty\\\/prodotti-per-industria-farmaceutica-e-medica\\\/additivi-per-integratori\\\/fungo-tremella-tremella-fuciformis-fungo-tremella-fuciformis-macerato\\\/\",\"name\":\"Tremella fuciformis, scrapie - macerato - Distributore all'ingrosso\",\"isPartOf\":{\"@id\":\"https:\\\/\\\/naturalpoland.com\\\/it\\\/#website\"},\"primaryImageOfPage\":{\"@id\":\"https:\\\/\\\/naturalpoland.com\\\/it\\\/produkty\\\/prodotti-per-industria-farmaceutica-e-medica\\\/additivi-per-integratori\\\/fungo-tremella-tremella-fuciformis-fungo-tremella-fuciformis-macerato\\\/#primaryimage\"},\"image\":{\"@id\":\"https:\\\/\\\/naturalpoland.com\\\/it\\\/produkty\\\/prodotti-per-industria-farmaceutica-e-medica\\\/additivi-per-integratori\\\/fungo-tremella-tremella-fuciformis-fungo-tremella-fuciformis-macerato\\\/#primaryimage\"},\"thumbnailUrl\":\"https:\\\/\\\/naturalpoland.com\\\/wp-content\\\/uploads\\\/Grzyb-tremella-Tremella-fuciformis-trzesak-morszczynowaty-macerat.jpg\",\"datePublished\":\"2023-03-24T08:34:20+00:00\",\"breadcrumb\":{\"@id\":\"https:\\\/\\\/naturalpoland.com\\\/it\\\/produkty\\\/prodotti-per-industria-farmaceutica-e-medica\\\/additivi-per-integratori\\\/fungo-tremella-tremella-fuciformis-fungo-tremella-fuciformis-macerato\\\/#breadcrumb\"},\"inLanguage\":\"it-IT\",\"potentialAction\":[{\"@type\":\"ReadAction\",\"target\":[\"https:\\\/\\\/naturalpoland.com\\\/it\\\/produkty\\\/prodotti-per-industria-farmaceutica-e-medica\\\/additivi-per-integratori\\\/fungo-tremella-tremella-fuciformis-fungo-tremella-fuciformis-macerato\\\/\"]}]},{\"@type\":\"ImageObject\",\"inLanguage\":\"it-IT\",\"@id\":\"https:\\\/\\\/naturalpoland.com\\\/it\\\/produkty\\\/prodotti-per-industria-farmaceutica-e-medica\\\/additivi-per-integratori\\\/fungo-tremella-tremella-fuciformis-fungo-tremella-fuciformis-macerato\\\/#primaryimage\",\"url\":\"https:\\\/\\\/naturalpoland.com\\\/wp-content\\\/uploads\\\/Grzyb-tremella-Tremella-fuciformis-trzesak-morszczynowaty-macerat.jpg\",\"contentUrl\":\"https:\\\/\\\/naturalpoland.com\\\/wp-content\\\/uploads\\\/Grzyb-tremella-Tremella-fuciformis-trzesak-morszczynowaty-macerat.jpg\",\"width\":600,\"height\":600,\"caption\":\"Tremella fuciformis, scrapie - macerato\"},{\"@type\":\"BreadcrumbList\",\"@id\":\"https:\\\/\\\/naturalpoland.com\\\/it\\\/produkty\\\/prodotti-per-industria-farmaceutica-e-medica\\\/additivi-per-integratori\\\/fungo-tremella-tremella-fuciformis-fungo-tremella-fuciformis-macerato\\\/#breadcrumb\",\"itemListElement\":[{\"@type\":\"ListItem\",\"position\":1,\"name\":\"Home\",\"item\":\"https:\\\/\\\/naturalpoland.com\\\/it\\\/\"},{\"@type\":\"ListItem\",\"position\":2,\"name\":\"Prodotti\",\"item\":\"https:\\\/\\\/naturalpoland.com\\\/it\\\/prodotti\\\/\"},{\"@type\":\"ListItem\",\"position\":3,\"name\":\"Tremella fuciformis, scrapie &#8211; macerato\"}]},{\"@type\":\"WebSite\",\"@id\":\"https:\\\/\\\/naturalpoland.com\\\/it\\\/#website\",\"url\":\"https:\\\/\\\/naturalpoland.com\\\/it\\\/\",\"name\":\"NATURAL POLAND - Distributore all'ingrosso di materie prime\",\"description\":\"Surowce dla przemys\u0142u spo\u017cywczego, kosmetycznego i farmaceutycznego\",\"publisher\":{\"@id\":\"https:\\\/\\\/naturalpoland.com\\\/it\\\/#organization\"},\"potentialAction\":[{\"@type\":\"SearchAction\",\"target\":{\"@type\":\"EntryPoint\",\"urlTemplate\":\"https:\\\/\\\/naturalpoland.com\\\/it\\\/?s={search_term_string}\"},\"query-input\":{\"@type\":\"PropertyValueSpecification\",\"valueRequired\":true,\"valueName\":\"search_term_string\"}}],\"inLanguage\":\"it-IT\"},{\"@type\":\"Organization\",\"@id\":\"https:\\\/\\\/naturalpoland.com\\\/it\\\/#organization\",\"name\":\"Natural Poland\",\"url\":\"https:\\\/\\\/naturalpoland.com\\\/it\\\/\",\"logo\":{\"@type\":\"ImageObject\",\"inLanguage\":\"it-IT\",\"@id\":\"https:\\\/\\\/naturalpoland.com\\\/it\\\/#\\\/schema\\\/logo\\\/image\\\/\",\"url\":\"https:\\\/\\\/naturalpoland.com\\\/wp-content\\\/uploads\\\/2021\\\/05\\\/natural-poland-icon.png\",\"contentUrl\":\"https:\\\/\\\/naturalpoland.com\\\/wp-content\\\/uploads\\\/2021\\\/05\\\/natural-poland-icon.png\",\"width\":512,\"height\":512,\"caption\":\"Natural Poland\"},\"image\":{\"@id\":\"https:\\\/\\\/naturalpoland.com\\\/it\\\/#\\\/schema\\\/logo\\\/image\\\/\"},\"sameAs\":[\"https:\\\/\\\/www.facebook.com\\\/naturalpoland.b2b\",\"https:\\\/\\\/pl.linkedin.com\\\/company\\\/natural-poland\",\"https:\\\/\\\/www.youtube.com\\\/channel\\\/UCgeGGkvOMahZo-xu_MSEWxg\"]}]}<\/script>\n<!-- \/ Yoast SEO plugin. -->","yoast_head_json":{"title":"Tremella fuciformis, scrapie - macerato - Distributore all'ingrosso","robots":{"index":"index","follow":"follow","max-snippet":"max-snippet:-1","max-image-preview":"max-image-preview:large","max-video-preview":"max-video-preview:-1"},"canonical":"https:\/\/naturalpoland.com\/it\/produkty\/prodotti-per-industria-farmaceutica-e-medica\/additivi-per-integratori\/fungo-tremella-tremella-fuciformis-fungo-tremella-fuciformis-macerato\/","og_locale":"it_IT","og_type":"article","og_title":"Tremella fuciformis, scrapie - macerato - Distributore all'ingrosso","og_description":"Il fungo tremella, noto anche come Tremella fuciformis o tremella fuciformis, \u00e8 un materiale vegetale di origine asiatica utilizzato nella medicina tradizionale cinese. Grazie alla sua azione multidirezionale, pu\u00f2 essere utilizzato sia nell'industria  industria cosmetica sia nell'industria cosmetica  industria alimentare i  industria farmaceutica .","og_url":"https:\/\/naturalpoland.com\/it\/produkty\/prodotti-per-industria-farmaceutica-e-medica\/additivi-per-integratori\/fungo-tremella-tremella-fuciformis-fungo-tremella-fuciformis-macerato\/","og_site_name":"NATURAL POLAND - Distributore all'ingrosso di materie prime","article_publisher":"https:\/\/www.facebook.com\/naturalpoland.b2b","og_image":[{"width":600,"height":600,"url":"https:\/\/naturalpoland.com\/wp-content\/uploads\/Grzyb-tremella-Tremella-fuciformis-trzesak-morszczynowaty-macerat.jpg","type":"image\/jpeg"}],"schema":{"@context":"https:\/\/schema.org","@graph":[{"@type":"WebPage","@id":"https:\/\/naturalpoland.com\/it\/produkty\/prodotti-per-industria-farmaceutica-e-medica\/additivi-per-integratori\/fungo-tremella-tremella-fuciformis-fungo-tremella-fuciformis-macerato\/","url":"https:\/\/naturalpoland.com\/it\/produkty\/prodotti-per-industria-farmaceutica-e-medica\/additivi-per-integratori\/fungo-tremella-tremella-fuciformis-fungo-tremella-fuciformis-macerato\/","name":"Tremella fuciformis, scrapie - macerato - Distributore all'ingrosso","isPartOf":{"@id":"https:\/\/naturalpoland.com\/it\/#website"},"primaryImageOfPage":{"@id":"https:\/\/naturalpoland.com\/it\/produkty\/prodotti-per-industria-farmaceutica-e-medica\/additivi-per-integratori\/fungo-tremella-tremella-fuciformis-fungo-tremella-fuciformis-macerato\/#primaryimage"},"image":{"@id":"https:\/\/naturalpoland.com\/it\/produkty\/prodotti-per-industria-farmaceutica-e-medica\/additivi-per-integratori\/fungo-tremella-tremella-fuciformis-fungo-tremella-fuciformis-macerato\/#primaryimage"},"thumbnailUrl":"https:\/\/naturalpoland.com\/wp-content\/uploads\/Grzyb-tremella-Tremella-fuciformis-trzesak-morszczynowaty-macerat.jpg","datePublished":"2023-03-24T08:34:20+00:00","breadcrumb":{"@id":"https:\/\/naturalpoland.com\/it\/produkty\/prodotti-per-industria-farmaceutica-e-medica\/additivi-per-integratori\/fungo-tremella-tremella-fuciformis-fungo-tremella-fuciformis-macerato\/#breadcrumb"},"inLanguage":"it-IT","potentialAction":[{"@type":"ReadAction","target":["https:\/\/naturalpoland.com\/it\/produkty\/prodotti-per-industria-farmaceutica-e-medica\/additivi-per-integratori\/fungo-tremella-tremella-fuciformis-fungo-tremella-fuciformis-macerato\/"]}]},{"@type":"ImageObject","inLanguage":"it-IT","@id":"https:\/\/naturalpoland.com\/it\/produkty\/prodotti-per-industria-farmaceutica-e-medica\/additivi-per-integratori\/fungo-tremella-tremella-fuciformis-fungo-tremella-fuciformis-macerato\/#primaryimage","url":"https:\/\/naturalpoland.com\/wp-content\/uploads\/Grzyb-tremella-Tremella-fuciformis-trzesak-morszczynowaty-macerat.jpg","contentUrl":"https:\/\/naturalpoland.com\/wp-content\/uploads\/Grzyb-tremella-Tremella-fuciformis-trzesak-morszczynowaty-macerat.jpg","width":600,"height":600,"caption":"Tremella fuciformis, scrapie - macerato"},{"@type":"BreadcrumbList","@id":"https:\/\/naturalpoland.com\/it\/produkty\/prodotti-per-industria-farmaceutica-e-medica\/additivi-per-integratori\/fungo-tremella-tremella-fuciformis-fungo-tremella-fuciformis-macerato\/#breadcrumb","itemListElement":[{"@type":"ListItem","position":1,"name":"Home","item":"https:\/\/naturalpoland.com\/it\/"},{"@type":"ListItem","position":2,"name":"Prodotti","item":"https:\/\/naturalpoland.com\/it\/prodotti\/"},{"@type":"ListItem","position":3,"name":"Tremella fuciformis, scrapie &#8211; macerato"}]},{"@type":"WebSite","@id":"https:\/\/naturalpoland.com\/it\/#website","url":"https:\/\/naturalpoland.com\/it\/","name":"NATURAL POLAND - Distributore all'ingrosso di materie prime","description":"Surowce dla przemys\u0142u spo\u017cywczego, kosmetycznego i farmaceutycznego","publisher":{"@id":"https:\/\/naturalpoland.com\/it\/#organization"},"potentialAction":[{"@type":"SearchAction","target":{"@type":"EntryPoint","urlTemplate":"https:\/\/naturalpoland.com\/it\/?s={search_term_string}"},"query-input":{"@type":"PropertyValueSpecification","valueRequired":true,"valueName":"search_term_string"}}],"inLanguage":"it-IT"},{"@type":"Organization","@id":"https:\/\/naturalpoland.com\/it\/#organization","name":"Natural Poland","url":"https:\/\/naturalpoland.com\/it\/","logo":{"@type":"ImageObject","inLanguage":"it-IT","@id":"https:\/\/naturalpoland.com\/it\/#\/schema\/logo\/image\/","url":"https:\/\/naturalpoland.com\/wp-content\/uploads\/2021\/05\/natural-poland-icon.png","contentUrl":"https:\/\/naturalpoland.com\/wp-content\/uploads\/2021\/05\/natural-poland-icon.png","width":512,"height":512,"caption":"Natural Poland"},"image":{"@id":"https:\/\/naturalpoland.com\/it\/#\/schema\/logo\/image\/"},"sameAs":["https:\/\/www.facebook.com\/naturalpoland.b2b","https:\/\/pl.linkedin.com\/company\/natural-poland","https:\/\/www.youtube.com\/channel\/UCgeGGkvOMahZo-xu_MSEWxg"]}]}},"_links":{"self":[{"href":"https:\/\/naturalpoland.com\/it\/wp-json\/wp\/v2\/product\/21220","targetHints":{"allow":["GET"]}}],"collection":[{"href":"https:\/\/naturalpoland.com\/it\/wp-json\/wp\/v2\/product"}],"about":[{"href":"https:\/\/naturalpoland.com\/it\/wp-json\/wp\/v2\/types\/product"}],"wp:featuredmedia":[{"embeddable":true,"href":"https:\/\/naturalpoland.com\/it\/wp-json\/wp\/v2\/media\/20872"}],"wp:attachment":[{"href":"https:\/\/naturalpoland.com\/it\/wp-json\/wp\/v2\/media?parent=21220"}],"wp:term":[{"taxonomy":"product_brand","embeddable":true,"href":"https:\/\/naturalpoland.com\/it\/wp-json\/wp\/v2\/product_brand?post=21220"},{"taxonomy":"product_cat","embeddable":true,"href":"https:\/\/naturalpoland.com\/it\/wp-json\/wp\/v2\/product_cat?post=21220"},{"taxonomy":"product_tag","embeddable":true,"href":"https:\/\/naturalpoland.com\/it\/wp-json\/wp\/v2\/product_tag?post=21220"}],"curies":[{"name":"wp","href":"https:\/\/api.w.org\/{rel}","templated":true}]}}