{"id":23741,"date":"2023-06-21T12:56:49","date_gmt":"2023-06-21T11:11:48","guid":{"rendered":"https:\/\/naturalpoland.com\/produkty\/senza-categoria\/estratto-di-ajuga-turkestanica\/"},"modified":"2023-06-21T13:11:48","modified_gmt":"2023-06-21T11:11:48","slug":"estratto-di-ajuga-turkestanica","status":"publish","type":"product","link":"https:\/\/naturalpoland.com\/it\/produkty\/estratti-vegetali\/estratto-di-ajuga-turkestanica\/","title":{"rendered":"Estratto di Ajuga Turkestanica"},"content":{"rendered":"<p>L&#8217;estratto di Ajuga Turkestanica \u00e8 un concentrato di forza e vitalit\u00e0. La sua composizione include ecdisteroidi, steroidi vegetali naturali, che hanno un effetto anabolico, sostenendo la costruzione muscolare. Inoltre, l&#8217;Ajuga Turkestanica contiene fitoecdisteroidi, che accelerano il recupero del corpo dopo lo sforzo fisico, rendendolo un&#8217;aggiunta ideale alla dieta degli atleti e delle persone attive. Inoltre, l&#8217;Ajuga Turkestanica ha la capacit\u00e0 di rafforzare il sistema immunitario, grazie alla presenza di ingredienti unici come turkesterone e ciaserone.   <\/p>\n<h2>Cos&#8217;\u00e8 il Turkesterone?<\/h2>\n<p>Il turkesterone \u00e8 un fitoecdisteroide naturalmente presente nell&#8217;Ajuga Turkestanica. \u00c8 un potente composto bioattivo che mostra attivit\u00e0 anabolica. Influenza il corpo umano in modo simile all&#8217;ormone della crescita, accelerando i processi rigenerativi e stimolando lo sviluppo del tessuto muscolare. Pertanto, l&#8217;estratto di Ajuga Turkestanica \u00e8 particolarmente apprezzato dagli atleti e dalle persone che conducono uno stile di vita attivo. La nostra standardizzazione ad un <strong>minimo del 10% di contenuto<\/strong> di turkesterone assicura che ogni dose del prodotto fornisca una quantit\u00e0 ottimale di questa sostanza. Questo \u00e8 fondamentale per ottenere gli effetti desiderati e garantire la sicurezza d&#8217;uso. Ma il turkesterone ha un campo di applicazione molto pi\u00f9 ampio che non si limita al solo sostegno alla costruzione della massa muscolare. Questo composto influisce anche sulle prestazioni generali dell&#8217;organismo, aiuta a mantenere un peso corporeo adeguato e influisce positivamente sul sistema immunitario. Pu\u00f2 anche supportare il sistema cardiovascolare e contribuire a migliorare la qualit\u00e0 del sonno, la resistenza mentale e la gestione dello stress.   <\/p>\n<h2>Applicazione dell&#8217;estratto di Ajuga Turkestanica<\/h2>\n<p>L&#8217;uso dell&#8217;estratto pu\u00f2 contribuire a migliorare il benessere, fornire energia e contrastare gli effetti dello stress ossidativo. L&#8217;estratto pu\u00f2 essere utilizzato come integratore alimentare naturale per supportare la salute di ogni individuo. Ha un effetto positivo sul funzionamento del sistema cardiovascolare, supporta la digestione e pu\u00f2 contribuire a migliorare la qualit\u00e0 del sonno. Il nostro estratto di Ajuga Turkestanica \u00e8 prodotto secondo gli standard di qualit\u00e0 pi\u00f9 elevati. Ci assicuriamo che ogni lotto del prodotto venga controllato accuratamente per la presenza di ingredienti attivi, garantendo la sua efficacia e sicurezza.<\/p>\n","protected":false},"excerpt":{"rendered":"<p><span class=\"ui-provider gs b c d e f g h i j k l m n o p q r s t u v w x y z ab ac ae af ag ah ai aj ak\" dir=\"ltr\">Ajuga Turkestanica \u00e8 un estratto unico che proviene dal cuore dell&#8217;Asia centrale. Contiene una ricchezza di ingredienti attivi, tra cui uno dei pi\u00f9 efficaci ingredienti attivi naturali &#8211; il turkesterone. Il nostro prodotto \u00e8 una fonte di questa straordinaria sostanza, il cui contenuto garantiamo al livello minimo del 10%.  <\/span><\/p>\n","protected":false},"featured_media":23736,"template":"","meta":[],"product_brand":[],"product_cat":[1533],"product_tag":[],"class_list":{"0":"post-23741","1":"product","2":"type-product","3":"status-publish","4":"has-post-thumbnail","6":"product_cat-estratti-vegetali","7":"pa_certyfikaty-certificazione-kosher","8":"pa_certyfikaty-halal-it","9":"pa_czesc-rosliny-pianta-intera","11":"first","12":"instock","13":"shipping-taxable","14":"product-type-simple"},"yoast_head":"<!-- This site is optimized with the Yoast SEO plugin v27.4 - https:\/\/yoast.com\/product\/yoast-seo-wordpress\/ -->\n<title>Estratto di Ajuga Turkestanica - Distributore all&#039;ingrosso<\/title>\n<meta name=\"description\" content=\"Il nostro estratto di Ajuga Turkestanica \u00e8 prodotto secondo gli standard di qualit\u00e0 pi\u00f9 elevati. Ci assicuriamo che ogni lotto del prodotto venga controllato per la presenza di ingredienti attivi.\" \/>\n<meta name=\"robots\" content=\"index, follow, max-snippet:-1, max-image-preview:large, max-video-preview:-1\" \/>\n<link rel=\"canonical\" href=\"https:\/\/naturalpoland.com\/it\/produkty\/estratti-vegetali\/estratto-di-ajuga-turkestanica\/\" \/>\n<meta property=\"og:locale\" content=\"it_IT\" \/>\n<meta property=\"og:type\" content=\"article\" \/>\n<meta property=\"og:title\" content=\"Estratto di Ajuga Turkestanica - Distributore all&#039;ingrosso\" \/>\n<meta property=\"og:description\" content=\"Il nostro estratto di Ajuga Turkestanica \u00e8 prodotto secondo gli standard di qualit\u00e0 pi\u00f9 elevati. Ci assicuriamo che ogni lotto del prodotto venga controllato per la presenza di ingredienti attivi.\" \/>\n<meta property=\"og:url\" content=\"https:\/\/naturalpoland.com\/it\/produkty\/estratti-vegetali\/estratto-di-ajuga-turkestanica\/\" \/>\n<meta property=\"og:site_name\" content=\"NATURAL POLAND - Distributore all&#039;ingrosso di materie prime\" \/>\n<meta property=\"article:publisher\" content=\"https:\/\/www.facebook.com\/naturalpoland.b2b\" \/>\n<meta property=\"og:image\" content=\"https:\/\/naturalpoland.com\/wp-content\/uploads\/sjuga-turkestanica-ekstrakt.jpg\" \/>\n\t<meta property=\"og:image:width\" content=\"650\" \/>\n\t<meta property=\"og:image:height\" content=\"650\" \/>\n\t<meta property=\"og:image:type\" content=\"image\/jpeg\" \/>\n<script type=\"application\/ld+json\" class=\"yoast-schema-graph\">{\"@context\":\"https:\\\/\\\/schema.org\",\"@graph\":[{\"@type\":\"WebPage\",\"@id\":\"https:\\\/\\\/naturalpoland.com\\\/it\\\/produkty\\\/estratti-vegetali\\\/estratto-di-ajuga-turkestanica\\\/\",\"url\":\"https:\\\/\\\/naturalpoland.com\\\/it\\\/produkty\\\/estratti-vegetali\\\/estratto-di-ajuga-turkestanica\\\/\",\"name\":\"Estratto di Ajuga Turkestanica - Distributore all'ingrosso\",\"isPartOf\":{\"@id\":\"https:\\\/\\\/naturalpoland.com\\\/it\\\/#website\"},\"primaryImageOfPage\":{\"@id\":\"https:\\\/\\\/naturalpoland.com\\\/it\\\/produkty\\\/estratti-vegetali\\\/estratto-di-ajuga-turkestanica\\\/#primaryimage\"},\"image\":{\"@id\":\"https:\\\/\\\/naturalpoland.com\\\/it\\\/produkty\\\/estratti-vegetali\\\/estratto-di-ajuga-turkestanica\\\/#primaryimage\"},\"thumbnailUrl\":\"https:\\\/\\\/naturalpoland.com\\\/wp-content\\\/uploads\\\/sjuga-turkestanica-ekstrakt.jpg\",\"datePublished\":\"2023-06-21T11:11:48+00:00\",\"description\":\"Il nostro estratto di Ajuga Turkestanica \u00e8 prodotto secondo gli standard di qualit\u00e0 pi\u00f9 elevati. Ci assicuriamo che ogni lotto del prodotto venga controllato per la presenza di ingredienti attivi.\",\"breadcrumb\":{\"@id\":\"https:\\\/\\\/naturalpoland.com\\\/it\\\/produkty\\\/estratti-vegetali\\\/estratto-di-ajuga-turkestanica\\\/#breadcrumb\"},\"inLanguage\":\"it-IT\",\"potentialAction\":[{\"@type\":\"ReadAction\",\"target\":[\"https:\\\/\\\/naturalpoland.com\\\/it\\\/produkty\\\/estratti-vegetali\\\/estratto-di-ajuga-turkestanica\\\/\"]}]},{\"@type\":\"ImageObject\",\"inLanguage\":\"it-IT\",\"@id\":\"https:\\\/\\\/naturalpoland.com\\\/it\\\/produkty\\\/estratti-vegetali\\\/estratto-di-ajuga-turkestanica\\\/#primaryimage\",\"url\":\"https:\\\/\\\/naturalpoland.com\\\/wp-content\\\/uploads\\\/sjuga-turkestanica-ekstrakt.jpg\",\"contentUrl\":\"https:\\\/\\\/naturalpoland.com\\\/wp-content\\\/uploads\\\/sjuga-turkestanica-ekstrakt.jpg\",\"width\":650,\"height\":650,\"caption\":\"Estratto di Ajuga Turkestanica\"},{\"@type\":\"BreadcrumbList\",\"@id\":\"https:\\\/\\\/naturalpoland.com\\\/it\\\/produkty\\\/estratti-vegetali\\\/estratto-di-ajuga-turkestanica\\\/#breadcrumb\",\"itemListElement\":[{\"@type\":\"ListItem\",\"position\":1,\"name\":\"Home\",\"item\":\"https:\\\/\\\/naturalpoland.com\\\/it\\\/\"},{\"@type\":\"ListItem\",\"position\":2,\"name\":\"Prodotti\",\"item\":\"https:\\\/\\\/naturalpoland.com\\\/it\\\/prodotti\\\/\"},{\"@type\":\"ListItem\",\"position\":3,\"name\":\"Estratto di Ajuga Turkestanica\"}]},{\"@type\":\"WebSite\",\"@id\":\"https:\\\/\\\/naturalpoland.com\\\/it\\\/#website\",\"url\":\"https:\\\/\\\/naturalpoland.com\\\/it\\\/\",\"name\":\"NATURAL POLAND - Distributore all'ingrosso di materie prime\",\"description\":\"Surowce dla przemys\u0142u spo\u017cywczego, kosmetycznego i farmaceutycznego\",\"publisher\":{\"@id\":\"https:\\\/\\\/naturalpoland.com\\\/it\\\/#organization\"},\"potentialAction\":[{\"@type\":\"SearchAction\",\"target\":{\"@type\":\"EntryPoint\",\"urlTemplate\":\"https:\\\/\\\/naturalpoland.com\\\/it\\\/?s={search_term_string}\"},\"query-input\":{\"@type\":\"PropertyValueSpecification\",\"valueRequired\":true,\"valueName\":\"search_term_string\"}}],\"inLanguage\":\"it-IT\"},{\"@type\":\"Organization\",\"@id\":\"https:\\\/\\\/naturalpoland.com\\\/it\\\/#organization\",\"name\":\"Natural Poland\",\"url\":\"https:\\\/\\\/naturalpoland.com\\\/it\\\/\",\"logo\":{\"@type\":\"ImageObject\",\"inLanguage\":\"it-IT\",\"@id\":\"https:\\\/\\\/naturalpoland.com\\\/it\\\/#\\\/schema\\\/logo\\\/image\\\/\",\"url\":\"https:\\\/\\\/naturalpoland.com\\\/wp-content\\\/uploads\\\/2021\\\/05\\\/natural-poland-icon.png\",\"contentUrl\":\"https:\\\/\\\/naturalpoland.com\\\/wp-content\\\/uploads\\\/2021\\\/05\\\/natural-poland-icon.png\",\"width\":512,\"height\":512,\"caption\":\"Natural Poland\"},\"image\":{\"@id\":\"https:\\\/\\\/naturalpoland.com\\\/it\\\/#\\\/schema\\\/logo\\\/image\\\/\"},\"sameAs\":[\"https:\\\/\\\/www.facebook.com\\\/naturalpoland.b2b\",\"https:\\\/\\\/pl.linkedin.com\\\/company\\\/natural-poland\",\"https:\\\/\\\/www.youtube.com\\\/channel\\\/UCgeGGkvOMahZo-xu_MSEWxg\"]}]}<\/script>\n<!-- \/ Yoast SEO plugin. -->","yoast_head_json":{"title":"Estratto di Ajuga Turkestanica - Distributore all'ingrosso","description":"Il nostro estratto di Ajuga Turkestanica \u00e8 prodotto secondo gli standard di qualit\u00e0 pi\u00f9 elevati. Ci assicuriamo che ogni lotto del prodotto venga controllato per la presenza di ingredienti attivi.","robots":{"index":"index","follow":"follow","max-snippet":"max-snippet:-1","max-image-preview":"max-image-preview:large","max-video-preview":"max-video-preview:-1"},"canonical":"https:\/\/naturalpoland.com\/it\/produkty\/estratti-vegetali\/estratto-di-ajuga-turkestanica\/","og_locale":"it_IT","og_type":"article","og_title":"Estratto di Ajuga Turkestanica - Distributore all'ingrosso","og_description":"Il nostro estratto di Ajuga Turkestanica \u00e8 prodotto secondo gli standard di qualit\u00e0 pi\u00f9 elevati. Ci assicuriamo che ogni lotto del prodotto venga controllato per la presenza di ingredienti attivi.","og_url":"https:\/\/naturalpoland.com\/it\/produkty\/estratti-vegetali\/estratto-di-ajuga-turkestanica\/","og_site_name":"NATURAL POLAND - Distributore all'ingrosso di materie prime","article_publisher":"https:\/\/www.facebook.com\/naturalpoland.b2b","og_image":[{"width":650,"height":650,"url":"https:\/\/naturalpoland.com\/wp-content\/uploads\/sjuga-turkestanica-ekstrakt.jpg","type":"image\/jpeg"}],"schema":{"@context":"https:\/\/schema.org","@graph":[{"@type":"WebPage","@id":"https:\/\/naturalpoland.com\/it\/produkty\/estratti-vegetali\/estratto-di-ajuga-turkestanica\/","url":"https:\/\/naturalpoland.com\/it\/produkty\/estratti-vegetali\/estratto-di-ajuga-turkestanica\/","name":"Estratto di Ajuga Turkestanica - Distributore all'ingrosso","isPartOf":{"@id":"https:\/\/naturalpoland.com\/it\/#website"},"primaryImageOfPage":{"@id":"https:\/\/naturalpoland.com\/it\/produkty\/estratti-vegetali\/estratto-di-ajuga-turkestanica\/#primaryimage"},"image":{"@id":"https:\/\/naturalpoland.com\/it\/produkty\/estratti-vegetali\/estratto-di-ajuga-turkestanica\/#primaryimage"},"thumbnailUrl":"https:\/\/naturalpoland.com\/wp-content\/uploads\/sjuga-turkestanica-ekstrakt.jpg","datePublished":"2023-06-21T11:11:48+00:00","description":"Il nostro estratto di Ajuga Turkestanica \u00e8 prodotto secondo gli standard di qualit\u00e0 pi\u00f9 elevati. Ci assicuriamo che ogni lotto del prodotto venga controllato per la presenza di ingredienti attivi.","breadcrumb":{"@id":"https:\/\/naturalpoland.com\/it\/produkty\/estratti-vegetali\/estratto-di-ajuga-turkestanica\/#breadcrumb"},"inLanguage":"it-IT","potentialAction":[{"@type":"ReadAction","target":["https:\/\/naturalpoland.com\/it\/produkty\/estratti-vegetali\/estratto-di-ajuga-turkestanica\/"]}]},{"@type":"ImageObject","inLanguage":"it-IT","@id":"https:\/\/naturalpoland.com\/it\/produkty\/estratti-vegetali\/estratto-di-ajuga-turkestanica\/#primaryimage","url":"https:\/\/naturalpoland.com\/wp-content\/uploads\/sjuga-turkestanica-ekstrakt.jpg","contentUrl":"https:\/\/naturalpoland.com\/wp-content\/uploads\/sjuga-turkestanica-ekstrakt.jpg","width":650,"height":650,"caption":"Estratto di Ajuga Turkestanica"},{"@type":"BreadcrumbList","@id":"https:\/\/naturalpoland.com\/it\/produkty\/estratti-vegetali\/estratto-di-ajuga-turkestanica\/#breadcrumb","itemListElement":[{"@type":"ListItem","position":1,"name":"Home","item":"https:\/\/naturalpoland.com\/it\/"},{"@type":"ListItem","position":2,"name":"Prodotti","item":"https:\/\/naturalpoland.com\/it\/prodotti\/"},{"@type":"ListItem","position":3,"name":"Estratto di Ajuga Turkestanica"}]},{"@type":"WebSite","@id":"https:\/\/naturalpoland.com\/it\/#website","url":"https:\/\/naturalpoland.com\/it\/","name":"NATURAL POLAND - Distributore all'ingrosso di materie prime","description":"Surowce dla przemys\u0142u spo\u017cywczego, kosmetycznego i farmaceutycznego","publisher":{"@id":"https:\/\/naturalpoland.com\/it\/#organization"},"potentialAction":[{"@type":"SearchAction","target":{"@type":"EntryPoint","urlTemplate":"https:\/\/naturalpoland.com\/it\/?s={search_term_string}"},"query-input":{"@type":"PropertyValueSpecification","valueRequired":true,"valueName":"search_term_string"}}],"inLanguage":"it-IT"},{"@type":"Organization","@id":"https:\/\/naturalpoland.com\/it\/#organization","name":"Natural Poland","url":"https:\/\/naturalpoland.com\/it\/","logo":{"@type":"ImageObject","inLanguage":"it-IT","@id":"https:\/\/naturalpoland.com\/it\/#\/schema\/logo\/image\/","url":"https:\/\/naturalpoland.com\/wp-content\/uploads\/2021\/05\/natural-poland-icon.png","contentUrl":"https:\/\/naturalpoland.com\/wp-content\/uploads\/2021\/05\/natural-poland-icon.png","width":512,"height":512,"caption":"Natural Poland"},"image":{"@id":"https:\/\/naturalpoland.com\/it\/#\/schema\/logo\/image\/"},"sameAs":["https:\/\/www.facebook.com\/naturalpoland.b2b","https:\/\/pl.linkedin.com\/company\/natural-poland","https:\/\/www.youtube.com\/channel\/UCgeGGkvOMahZo-xu_MSEWxg"]}]}},"_links":{"self":[{"href":"https:\/\/naturalpoland.com\/it\/wp-json\/wp\/v2\/product\/23741","targetHints":{"allow":["GET"]}}],"collection":[{"href":"https:\/\/naturalpoland.com\/it\/wp-json\/wp\/v2\/product"}],"about":[{"href":"https:\/\/naturalpoland.com\/it\/wp-json\/wp\/v2\/types\/product"}],"wp:featuredmedia":[{"embeddable":true,"href":"https:\/\/naturalpoland.com\/it\/wp-json\/wp\/v2\/media\/23736"}],"wp:attachment":[{"href":"https:\/\/naturalpoland.com\/it\/wp-json\/wp\/v2\/media?parent=23741"}],"wp:term":[{"taxonomy":"product_brand","embeddable":true,"href":"https:\/\/naturalpoland.com\/it\/wp-json\/wp\/v2\/product_brand?post=23741"},{"taxonomy":"product_cat","embeddable":true,"href":"https:\/\/naturalpoland.com\/it\/wp-json\/wp\/v2\/product_cat?post=23741"},{"taxonomy":"product_tag","embeddable":true,"href":"https:\/\/naturalpoland.com\/it\/wp-json\/wp\/v2\/product_tag?post=23741"}],"curies":[{"name":"wp","href":"https:\/\/api.w.org\/{rel}","templated":true}]}}