{"id":24228,"date":"2023-07-17T15:47:08","date_gmt":"2023-07-18T10:30:39","guid":{"rendered":"https:\/\/naturalpoland.com\/produkty\/senza-categoria\/burro-di-pesca\/"},"modified":"2023-07-18T12:30:39","modified_gmt":"2023-07-18T10:30:39","slug":"burro-alla-pesca","status":"publish","type":"product","link":"https:\/\/naturalpoland.com\/it\/produkty\/prodotti-per-industria-cosmetica\/burri-cosmetici\/burro-alla-pesca\/","title":{"rendered":"Burro di pesca"},"content":{"rendered":"<h2>Composizione del burro di pesca<\/h2>\n<p><strong><br \/>\n  <a href=\"https:\/\/naturalpoland.com\/it\/produkty\/oli-alimentari-e-cosmetici\/olio-di-semi-di-pesca\/\">L&#8217;olio di nocciolo di pesca<\/a><br \/>\n<\/strong> \u00e8 ricco di acidi grassi insaturi come l&#8217;acido oleico e linoleico, essenziali per la salute e l&#8217;elasticit\u00e0 della pelle. Aiuta a idratare e nutrire la pelle, lasciandola morbida, liscia e sana. Inoltre, l&#8217;olio di nocciolo di pesca ha una fragranza delicata e naturale che rende il prodotto unico.<\/p>\n<p>L&#8217;olio vegetale indurito aggiunge una consistenza cremosa e liscia al burro di pesca, che si spalma facilmente e viene assorbito rapidamente. Questo rende il burro di pesca particolarmente piacevole da usare, fornendo al contempo alla pelle sostanze nutritive essenziali.<\/p>\n<h2>Come utilizzare il burro di pesca?<\/h2>\n<p>Il <strong>burro di pesca<\/strong> \u00e8 un prodotto versatile che pu\u00f2 essere utilizzato in diversi modi. \u00c8 perfetto per la cura di corpo, viso e capelli. Pu\u00f2 essere utilizzato da solo, come lozione intensiva per il corpo, maschera per capelli, crema per le mani o balsamo per le labbra. Si pu\u00f2 anche aggiungere a maschere, lozioni o creme fatte in casa per arricchirle con le propriet\u00e0 dell&#8217;olio di nocciolo di pesca.<\/p>\n","protected":false},"excerpt":{"rendered":"<p>Il burro di pesca \u00e8 un prodotto unico che combina i benefici dell&#8217;<em>olio di nocciolo<\/em> di pesca<em>(Prunus Persica Kernel Oil<\/em>) con l&#8217;olio vegetale idrogenato<em>(Hydrogenated Vegetable Oil<\/em>).<\/p>\n","protected":false},"featured_media":24120,"template":"","meta":{"_acf_changed":false},"product_brand":[],"product_cat":[1526],"product_tag":[],"class_list":{"0":"post-24228","1":"product","2":"type-product","3":"status-publish","4":"has-post-thumbnail","6":"product_cat-burri-cosmetici","8":"first","9":"instock","10":"shipping-taxable","11":"product-type-simple"},"acf":[],"yoast_head":"<!-- This site is optimized with the Yoast SEO plugin v27.4 - https:\/\/yoast.com\/product\/yoast-seo-wordpress\/ -->\n<title>Burro di pesca - Distributore all&#039;ingrosso<\/title>\n<meta name=\"description\" content=\"Il burro di pesca \u00e8 un prodotto unico che combina i benefici dell&#039;olio di nocciolo di pesca con l&#039;olio vegetale indurito.\" \/>\n<meta name=\"robots\" content=\"index, follow, max-snippet:-1, max-image-preview:large, max-video-preview:-1\" \/>\n<link rel=\"canonical\" href=\"https:\/\/naturalpoland.com\/it\/produkty\/prodotti-per-industria-cosmetica\/burri-cosmetici\/burro-alla-pesca\/\" \/>\n<meta property=\"og:locale\" content=\"it_IT\" \/>\n<meta property=\"og:type\" content=\"article\" \/>\n<meta property=\"og:title\" content=\"Burro di pesca - Distributore all&#039;ingrosso\" \/>\n<meta property=\"og:description\" content=\"Il burro di pesca \u00e8 un prodotto unico che combina i benefici dell&#039;olio di nocciolo di pesca con l&#039;olio vegetale indurito.\" \/>\n<meta property=\"og:url\" content=\"https:\/\/naturalpoland.com\/it\/produkty\/prodotti-per-industria-cosmetica\/burri-cosmetici\/burro-alla-pesca\/\" \/>\n<meta property=\"og:site_name\" content=\"NATURAL POLAND - Distributore all&#039;ingrosso di materie prime\" \/>\n<meta property=\"article:publisher\" content=\"https:\/\/www.facebook.com\/naturalpoland.b2b\" \/>\n<meta property=\"og:image\" content=\"https:\/\/naturalpoland.com\/wp-content\/uploads\/cosmetic_peach_butter-e1689602071487.jpg\" \/>\n\t<meta property=\"og:image:width\" content=\"638\" \/>\n\t<meta property=\"og:image:height\" content=\"643\" \/>\n\t<meta property=\"og:image:type\" content=\"image\/jpeg\" \/>\n<script type=\"application\/ld+json\" class=\"yoast-schema-graph\">{\"@context\":\"https:\\\/\\\/schema.org\",\"@graph\":[{\"@type\":\"WebPage\",\"@id\":\"https:\\\/\\\/naturalpoland.com\\\/it\\\/produkty\\\/prodotti-per-industria-cosmetica\\\/burri-cosmetici\\\/burro-alla-pesca\\\/\",\"url\":\"https:\\\/\\\/naturalpoland.com\\\/it\\\/produkty\\\/prodotti-per-industria-cosmetica\\\/burri-cosmetici\\\/burro-alla-pesca\\\/\",\"name\":\"Burro di pesca - Distributore all'ingrosso\",\"isPartOf\":{\"@id\":\"https:\\\/\\\/naturalpoland.com\\\/it\\\/#website\"},\"primaryImageOfPage\":{\"@id\":\"https:\\\/\\\/naturalpoland.com\\\/it\\\/produkty\\\/prodotti-per-industria-cosmetica\\\/burri-cosmetici\\\/burro-alla-pesca\\\/#primaryimage\"},\"image\":{\"@id\":\"https:\\\/\\\/naturalpoland.com\\\/it\\\/produkty\\\/prodotti-per-industria-cosmetica\\\/burri-cosmetici\\\/burro-alla-pesca\\\/#primaryimage\"},\"thumbnailUrl\":\"https:\\\/\\\/naturalpoland.com\\\/wp-content\\\/uploads\\\/cosmetic_peach_butter-e1689602071487.jpg\",\"datePublished\":\"2023-07-18T10:30:39+00:00\",\"description\":\"Il burro di pesca \u00e8 un prodotto unico che combina i benefici dell'olio di nocciolo di pesca con l'olio vegetale indurito.\",\"breadcrumb\":{\"@id\":\"https:\\\/\\\/naturalpoland.com\\\/it\\\/produkty\\\/prodotti-per-industria-cosmetica\\\/burri-cosmetici\\\/burro-alla-pesca\\\/#breadcrumb\"},\"inLanguage\":\"it-IT\",\"potentialAction\":[{\"@type\":\"ReadAction\",\"target\":[\"https:\\\/\\\/naturalpoland.com\\\/it\\\/produkty\\\/prodotti-per-industria-cosmetica\\\/burri-cosmetici\\\/burro-alla-pesca\\\/\"]}]},{\"@type\":\"ImageObject\",\"inLanguage\":\"it-IT\",\"@id\":\"https:\\\/\\\/naturalpoland.com\\\/it\\\/produkty\\\/prodotti-per-industria-cosmetica\\\/burri-cosmetici\\\/burro-alla-pesca\\\/#primaryimage\",\"url\":\"https:\\\/\\\/naturalpoland.com\\\/wp-content\\\/uploads\\\/cosmetic_peach_butter-e1689602071487.jpg\",\"contentUrl\":\"https:\\\/\\\/naturalpoland.com\\\/wp-content\\\/uploads\\\/cosmetic_peach_butter-e1689602071487.jpg\",\"width\":638,\"height\":643,\"caption\":\"burro alla pesca\"},{\"@type\":\"BreadcrumbList\",\"@id\":\"https:\\\/\\\/naturalpoland.com\\\/it\\\/produkty\\\/prodotti-per-industria-cosmetica\\\/burri-cosmetici\\\/burro-alla-pesca\\\/#breadcrumb\",\"itemListElement\":[{\"@type\":\"ListItem\",\"position\":1,\"name\":\"Home\",\"item\":\"https:\\\/\\\/naturalpoland.com\\\/it\\\/\"},{\"@type\":\"ListItem\",\"position\":2,\"name\":\"Prodotti\",\"item\":\"https:\\\/\\\/naturalpoland.com\\\/it\\\/prodotti\\\/\"},{\"@type\":\"ListItem\",\"position\":3,\"name\":\"Burro di pesca\"}]},{\"@type\":\"WebSite\",\"@id\":\"https:\\\/\\\/naturalpoland.com\\\/it\\\/#website\",\"url\":\"https:\\\/\\\/naturalpoland.com\\\/it\\\/\",\"name\":\"NATURAL POLAND - Distributore all'ingrosso di materie prime\",\"description\":\"Surowce dla przemys\u0142u spo\u017cywczego, kosmetycznego i farmaceutycznego\",\"publisher\":{\"@id\":\"https:\\\/\\\/naturalpoland.com\\\/it\\\/#organization\"},\"potentialAction\":[{\"@type\":\"SearchAction\",\"target\":{\"@type\":\"EntryPoint\",\"urlTemplate\":\"https:\\\/\\\/naturalpoland.com\\\/it\\\/?s={search_term_string}\"},\"query-input\":{\"@type\":\"PropertyValueSpecification\",\"valueRequired\":true,\"valueName\":\"search_term_string\"}}],\"inLanguage\":\"it-IT\"},{\"@type\":\"Organization\",\"@id\":\"https:\\\/\\\/naturalpoland.com\\\/it\\\/#organization\",\"name\":\"Natural Poland\",\"url\":\"https:\\\/\\\/naturalpoland.com\\\/it\\\/\",\"logo\":{\"@type\":\"ImageObject\",\"inLanguage\":\"it-IT\",\"@id\":\"https:\\\/\\\/naturalpoland.com\\\/it\\\/#\\\/schema\\\/logo\\\/image\\\/\",\"url\":\"https:\\\/\\\/naturalpoland.com\\\/wp-content\\\/uploads\\\/2021\\\/05\\\/natural-poland-icon.png\",\"contentUrl\":\"https:\\\/\\\/naturalpoland.com\\\/wp-content\\\/uploads\\\/2021\\\/05\\\/natural-poland-icon.png\",\"width\":512,\"height\":512,\"caption\":\"Natural Poland\"},\"image\":{\"@id\":\"https:\\\/\\\/naturalpoland.com\\\/it\\\/#\\\/schema\\\/logo\\\/image\\\/\"},\"sameAs\":[\"https:\\\/\\\/www.facebook.com\\\/naturalpoland.b2b\",\"https:\\\/\\\/pl.linkedin.com\\\/company\\\/natural-poland\",\"https:\\\/\\\/www.youtube.com\\\/channel\\\/UCgeGGkvOMahZo-xu_MSEWxg\"]}]}<\/script>\n<!-- \/ Yoast SEO plugin. -->","yoast_head_json":{"title":"Burro di pesca - Distributore all'ingrosso","description":"Il burro di pesca \u00e8 un prodotto unico che combina i benefici dell'olio di nocciolo di pesca con l'olio vegetale indurito.","robots":{"index":"index","follow":"follow","max-snippet":"max-snippet:-1","max-image-preview":"max-image-preview:large","max-video-preview":"max-video-preview:-1"},"canonical":"https:\/\/naturalpoland.com\/it\/produkty\/prodotti-per-industria-cosmetica\/burri-cosmetici\/burro-alla-pesca\/","og_locale":"it_IT","og_type":"article","og_title":"Burro di pesca - Distributore all'ingrosso","og_description":"Il burro di pesca \u00e8 un prodotto unico che combina i benefici dell'olio di nocciolo di pesca con l'olio vegetale indurito.","og_url":"https:\/\/naturalpoland.com\/it\/produkty\/prodotti-per-industria-cosmetica\/burri-cosmetici\/burro-alla-pesca\/","og_site_name":"NATURAL POLAND - Distributore all'ingrosso di materie prime","article_publisher":"https:\/\/www.facebook.com\/naturalpoland.b2b","og_image":[{"width":638,"height":643,"url":"https:\/\/naturalpoland.com\/wp-content\/uploads\/cosmetic_peach_butter-e1689602071487.jpg","type":"image\/jpeg"}],"schema":{"@context":"https:\/\/schema.org","@graph":[{"@type":"WebPage","@id":"https:\/\/naturalpoland.com\/it\/produkty\/prodotti-per-industria-cosmetica\/burri-cosmetici\/burro-alla-pesca\/","url":"https:\/\/naturalpoland.com\/it\/produkty\/prodotti-per-industria-cosmetica\/burri-cosmetici\/burro-alla-pesca\/","name":"Burro di pesca - Distributore all'ingrosso","isPartOf":{"@id":"https:\/\/naturalpoland.com\/it\/#website"},"primaryImageOfPage":{"@id":"https:\/\/naturalpoland.com\/it\/produkty\/prodotti-per-industria-cosmetica\/burri-cosmetici\/burro-alla-pesca\/#primaryimage"},"image":{"@id":"https:\/\/naturalpoland.com\/it\/produkty\/prodotti-per-industria-cosmetica\/burri-cosmetici\/burro-alla-pesca\/#primaryimage"},"thumbnailUrl":"https:\/\/naturalpoland.com\/wp-content\/uploads\/cosmetic_peach_butter-e1689602071487.jpg","datePublished":"2023-07-18T10:30:39+00:00","description":"Il burro di pesca \u00e8 un prodotto unico che combina i benefici dell'olio di nocciolo di pesca con l'olio vegetale indurito.","breadcrumb":{"@id":"https:\/\/naturalpoland.com\/it\/produkty\/prodotti-per-industria-cosmetica\/burri-cosmetici\/burro-alla-pesca\/#breadcrumb"},"inLanguage":"it-IT","potentialAction":[{"@type":"ReadAction","target":["https:\/\/naturalpoland.com\/it\/produkty\/prodotti-per-industria-cosmetica\/burri-cosmetici\/burro-alla-pesca\/"]}]},{"@type":"ImageObject","inLanguage":"it-IT","@id":"https:\/\/naturalpoland.com\/it\/produkty\/prodotti-per-industria-cosmetica\/burri-cosmetici\/burro-alla-pesca\/#primaryimage","url":"https:\/\/naturalpoland.com\/wp-content\/uploads\/cosmetic_peach_butter-e1689602071487.jpg","contentUrl":"https:\/\/naturalpoland.com\/wp-content\/uploads\/cosmetic_peach_butter-e1689602071487.jpg","width":638,"height":643,"caption":"burro alla pesca"},{"@type":"BreadcrumbList","@id":"https:\/\/naturalpoland.com\/it\/produkty\/prodotti-per-industria-cosmetica\/burri-cosmetici\/burro-alla-pesca\/#breadcrumb","itemListElement":[{"@type":"ListItem","position":1,"name":"Home","item":"https:\/\/naturalpoland.com\/it\/"},{"@type":"ListItem","position":2,"name":"Prodotti","item":"https:\/\/naturalpoland.com\/it\/prodotti\/"},{"@type":"ListItem","position":3,"name":"Burro di pesca"}]},{"@type":"WebSite","@id":"https:\/\/naturalpoland.com\/it\/#website","url":"https:\/\/naturalpoland.com\/it\/","name":"NATURAL POLAND - Distributore all'ingrosso di materie prime","description":"Surowce dla przemys\u0142u spo\u017cywczego, kosmetycznego i farmaceutycznego","publisher":{"@id":"https:\/\/naturalpoland.com\/it\/#organization"},"potentialAction":[{"@type":"SearchAction","target":{"@type":"EntryPoint","urlTemplate":"https:\/\/naturalpoland.com\/it\/?s={search_term_string}"},"query-input":{"@type":"PropertyValueSpecification","valueRequired":true,"valueName":"search_term_string"}}],"inLanguage":"it-IT"},{"@type":"Organization","@id":"https:\/\/naturalpoland.com\/it\/#organization","name":"Natural Poland","url":"https:\/\/naturalpoland.com\/it\/","logo":{"@type":"ImageObject","inLanguage":"it-IT","@id":"https:\/\/naturalpoland.com\/it\/#\/schema\/logo\/image\/","url":"https:\/\/naturalpoland.com\/wp-content\/uploads\/2021\/05\/natural-poland-icon.png","contentUrl":"https:\/\/naturalpoland.com\/wp-content\/uploads\/2021\/05\/natural-poland-icon.png","width":512,"height":512,"caption":"Natural Poland"},"image":{"@id":"https:\/\/naturalpoland.com\/it\/#\/schema\/logo\/image\/"},"sameAs":["https:\/\/www.facebook.com\/naturalpoland.b2b","https:\/\/pl.linkedin.com\/company\/natural-poland","https:\/\/www.youtube.com\/channel\/UCgeGGkvOMahZo-xu_MSEWxg"]}]}},"_links":{"self":[{"href":"https:\/\/naturalpoland.com\/it\/wp-json\/wp\/v2\/product\/24228","targetHints":{"allow":["GET"]}}],"collection":[{"href":"https:\/\/naturalpoland.com\/it\/wp-json\/wp\/v2\/product"}],"about":[{"href":"https:\/\/naturalpoland.com\/it\/wp-json\/wp\/v2\/types\/product"}],"wp:featuredmedia":[{"embeddable":true,"href":"https:\/\/naturalpoland.com\/it\/wp-json\/wp\/v2\/media\/24120"}],"wp:attachment":[{"href":"https:\/\/naturalpoland.com\/it\/wp-json\/wp\/v2\/media?parent=24228"}],"wp:term":[{"taxonomy":"product_brand","embeddable":true,"href":"https:\/\/naturalpoland.com\/it\/wp-json\/wp\/v2\/product_brand?post=24228"},{"taxonomy":"product_cat","embeddable":true,"href":"https:\/\/naturalpoland.com\/it\/wp-json\/wp\/v2\/product_cat?post=24228"},{"taxonomy":"product_tag","embeddable":true,"href":"https:\/\/naturalpoland.com\/it\/wp-json\/wp\/v2\/product_tag?post=24228"}],"curies":[{"name":"wp","href":"https:\/\/api.w.org\/{rel}","templated":true}]}}