{"id":24521,"date":"2023-07-18T11:33:40","date_gmt":"2023-08-01T07:47:06","guid":{"rendered":"https:\/\/naturalpoland.com\/produkty\/senza-categoria\/creatina-monoidrato-2\/"},"modified":"2024-09-19T10:26:01","modified_gmt":"2024-09-19T08:26:01","slug":"creatina-monoidrato","status":"publish","type":"product","link":"https:\/\/naturalpoland.com\/it\/produkty\/prodotti-per-industria-farmaceutica-e-medica\/aminoacidi\/creatina-monoidrato\/","title":{"rendered":"Creatina monoidrato"},"content":{"rendered":"<h3>Che cos&#8217;\u00e8 la creatina monoidrato<\/h3>\n<p>  La creatina monoidrato \u00e8 un integratore che ha rivoluzionato il mondo del fitness e del bodybuilding. I suoi benefici scientificamente provati per la salute e le prestazioni fisiche ne hanno fatto uno degli integratori pi\u00f9 popolari e utilizzati al mondo. Il suo ruolo nell&#8217;organismo non pu\u00f2 essere sottovalutato: la creatina contribuisce a fornire energia ai nostri muscoli, il che \u00e8 fondamentale per la resistenza, la forza e la crescita muscolare. La creatina monoidrato \u00e8 la forma pi\u00f9 pura ed efficace di questo integratore. La creatina \u00e8 una sostanza naturalmente presente nell&#8217;organismo che contribuisce a fornire energia ai muscoli. Viene prodotto nei reni, nel fegato e nel pancreas e poi trasportato ai muscoli attraverso il sangue. Tuttavia, la produzione naturale di creatina spesso non \u00e8 sufficiente, soprattutto per chi si allena intensamente. L&#8217;integrazione con creatina monoidrato aiuta a soddisfare la richiesta di questa sostanza, fornendo ai muscoli l&#8217;energia extra di cui hanno bisogno per l&#8217;esercizio fisico intenso.  <\/p>\n<h3>La creatina monoidrato &#8211; benefici<\/h3>\n<p>  L&#8217;integrazione con creatina monoidrato ha molti benefici. In primo luogo, <strong>contribuisce ad aumentare la resistenza e la forza muscolare<\/strong>, consentendo allenamenti pi\u00f9 lunghi e intensi. In secondo luogo, <strong>contribuisce ad accelerare il recupero muscolare dopo l&#8217;allenamento<\/strong>, fondamentale per la crescita muscolare. In terzo luogo, la creatina monoidrato<strong> contribuisce ad aumentare il volume muscolare<\/strong> aumentando la quantit\u00e0 di acqua immagazzinata nelle cellule muscolari. In questo modo i muscoli appaiono pi\u00f9 grandi e pieni. La creatina monoidrato \u00e8 <strong>facilmente assorbibile e sicura<\/strong>. \u00c8 consigliato sia ai principianti dell&#8217;allenamento della forza che ai bodybuilder esperti. Qualunque sia il tuo livello di fitness, la creatina monoidrato \u00e8 un integratore fondamentale per aiutarti a raggiungere i tuoi obiettivi di allenamento.  <\/p>\n<h3>Creatina monoidrato micronizzata<\/h3>\n<p>  La micronizzazione \u00e8 un processo in cui le molecole di una sostanza vengono scomposte in particelle molto piccole con una maggiore superficie.<br \/>\nNel caso della creatina monoidrato, la micronizzazione porta a una <strong>struttura pi\u00f9 fine delle particelle di creatina<\/strong>.<br \/>\nQuesto rende il prodotto pi\u00f9 facile da sciogliere in acqua o in altri liquidi, rendendolo pi\u00f9 facile da consumare.<br \/>\nInoltre, la creatina micronizzata pu\u00f2 essere assorbita meglio dall&#8217;organismo, il che pu\u00f2 contribuire a risultati di allenamento pi\u00f9 efficaci.     <\/p>\n<hr>\n<h2>CreaXorb\u2122 LSMe<\/h2>\n<p><strong>CreaXorb\u2122 LSMe<\/strong> \u00e8 un prodotto avanzato basato sulla tecnologia BioSNEDS\u2122 che aumenta significativamente la biodisponibilit\u00e0 della creatina monoidrato, un ingrediente ben noto per supportare le prestazioni fisiche, le funzioni cognitive e la salute neurologica.  <\/p>\n<h3>Vantaggi della tecnologia BioSNEDS<\/h3>\n<ul>\n<li>CreaXorb\u2122 \u00e8 20 volte pi\u00f9 biodisponibile della creatina monoidrato convenzionale, il che significa che 250 mg di creatina attiva in BioSNEDS\u2122 sono bioequivalenti a 5.000 mg di creatina monoidrato convenzionale.<\/li>\n<li>Pi\u00f9 dosi per chilogrammo &#8211; 800 dosi per chilogrammo rispetto alle 196 dosi della creatina monoidrato tradizionale.<\/li>\n<li>Disponibile in polvere e in emulsione, ha un sapore neutro e non ha odore.<\/li>\n<\/ul>\n<h3>Applicazione:<\/h3>\n<p>  Integratori alimentari, alimenti funzionali, cosmetici topici, alimentazione animale.  <\/p>\n<h3>Benefici per la salute:<\/h3>\n<ul>\n<li>Migliora le funzioni cognitive e la salute neurologica.<\/li>\n<li>Supporta la riparazione, la funzione, la resistenza e la crescita muscolare.<\/li>\n<li>Favorisce la produzione di energia e il recupero dopo l&#8217;esercizio fisico.<\/li>\n<li>Supporta la salute delle ossa.<\/li>\n<li>Agisce come supporto antiossidante.<\/li>\n<\/ul>\n","protected":false},"excerpt":{"rendered":"<p>La <strong>creatina monoidrato<\/strong> \u00e8 un integratore di alta qualit\u00e0 che aumenta la forza, la resistenza e il volume muscolare ed \u00e8 essenziale per chi fa allenamenti intensivi di forza. Si tratta di un prodotto <strong>micronizzato<\/strong>, che migliora la sua solubilit\u00e0 e potenzialmente un migliore assorbimento, contribuendo a risultati di allenamento pi\u00f9 efficaci.<\/p>\n","protected":false},"featured_media":24203,"template":"","meta":{"_acf_changed":false},"product_brand":[],"product_cat":[1529,1530],"product_tag":[],"class_list":{"0":"post-24521","1":"product","2":"type-product","3":"status-publish","4":"has-post-thumbnail","6":"product_cat-aminoacidi","7":"product_cat-additivi-per-integratori","8":"pa_grupa-substancji-nutraceutici","9":"pa_technologia-tecnologia-biosneds","11":"first","12":"instock","13":"shipping-taxable","14":"product-type-simple"},"acf":[],"yoast_head":"<!-- This site is optimized with the Yoast SEO plugin v27.4 - https:\/\/yoast.com\/product\/yoast-seo-wordpress\/ -->\n<title>Creatina monoidrato - NATURAL POLAND - Distributore all&#039;ingrosso di materie prime<\/title>\n<meta name=\"description\" content=\"La creatina monoidrato micronizzata \u00e8 un integratore che aumenta la forza, la resistenza e il volume muscolare. \u00c8 facilmente digeribile e sicuro da usare.\" \/>\n<meta name=\"robots\" content=\"index, follow, max-snippet:-1, max-image-preview:large, max-video-preview:-1\" \/>\n<link rel=\"canonical\" href=\"https:\/\/naturalpoland.com\/it\/produkty\/prodotti-per-industria-farmaceutica-e-medica\/aminoacidi\/creatina-monoidrato\/\" \/>\n<meta property=\"og:locale\" content=\"it_IT\" \/>\n<meta property=\"og:type\" content=\"article\" \/>\n<meta property=\"og:title\" content=\"Creatina monoidrato - NATURAL POLAND - Distributore all&#039;ingrosso di materie prime\" \/>\n<meta property=\"og:description\" content=\"La creatina monoidrato micronizzata \u00e8 un integratore che aumenta la forza, la resistenza e il volume muscolare. \u00c8 facilmente digeribile e sicuro da usare.\" \/>\n<meta property=\"og:url\" content=\"https:\/\/naturalpoland.com\/it\/produkty\/prodotti-per-industria-farmaceutica-e-medica\/aminoacidi\/creatina-monoidrato\/\" \/>\n<meta property=\"og:site_name\" content=\"NATURAL POLAND - Distributore all&#039;ingrosso di materie prime\" \/>\n<meta property=\"article:publisher\" content=\"https:\/\/www.facebook.com\/naturalpoland.b2b\" \/>\n<meta property=\"article:modified_time\" content=\"2024-09-19T08:26:01+00:00\" \/>\n<meta property=\"og:image\" content=\"https:\/\/naturalpoland.com\/wp-content\/uploads\/creatine-monohydrate.png\" \/>\n\t<meta property=\"og:image:width\" content=\"583\" \/>\n\t<meta property=\"og:image:height\" content=\"583\" \/>\n\t<meta property=\"og:image:type\" content=\"image\/png\" \/>\n<script type=\"application\/ld+json\" class=\"yoast-schema-graph\">{\"@context\":\"https:\\\/\\\/schema.org\",\"@graph\":[{\"@type\":\"WebPage\",\"@id\":\"https:\\\/\\\/naturalpoland.com\\\/it\\\/produkty\\\/prodotti-per-industria-farmaceutica-e-medica\\\/aminoacidi\\\/creatina-monoidrato\\\/\",\"url\":\"https:\\\/\\\/naturalpoland.com\\\/it\\\/produkty\\\/prodotti-per-industria-farmaceutica-e-medica\\\/aminoacidi\\\/creatina-monoidrato\\\/\",\"name\":\"Creatina monoidrato - NATURAL POLAND - Distributore all'ingrosso di materie prime\",\"isPartOf\":{\"@id\":\"https:\\\/\\\/naturalpoland.com\\\/it\\\/#website\"},\"primaryImageOfPage\":{\"@id\":\"https:\\\/\\\/naturalpoland.com\\\/it\\\/produkty\\\/prodotti-per-industria-farmaceutica-e-medica\\\/aminoacidi\\\/creatina-monoidrato\\\/#primaryimage\"},\"image\":{\"@id\":\"https:\\\/\\\/naturalpoland.com\\\/it\\\/produkty\\\/prodotti-per-industria-farmaceutica-e-medica\\\/aminoacidi\\\/creatina-monoidrato\\\/#primaryimage\"},\"thumbnailUrl\":\"https:\\\/\\\/naturalpoland.com\\\/wp-content\\\/uploads\\\/creatine-monohydrate.png\",\"datePublished\":\"2023-08-01T07:47:06+00:00\",\"dateModified\":\"2024-09-19T08:26:01+00:00\",\"description\":\"La creatina monoidrato micronizzata \u00e8 un integratore che aumenta la forza, la resistenza e il volume muscolare. \u00c8 facilmente digeribile e sicuro da usare.\",\"breadcrumb\":{\"@id\":\"https:\\\/\\\/naturalpoland.com\\\/it\\\/produkty\\\/prodotti-per-industria-farmaceutica-e-medica\\\/aminoacidi\\\/creatina-monoidrato\\\/#breadcrumb\"},\"inLanguage\":\"it-IT\",\"potentialAction\":[{\"@type\":\"ReadAction\",\"target\":[\"https:\\\/\\\/naturalpoland.com\\\/it\\\/produkty\\\/prodotti-per-industria-farmaceutica-e-medica\\\/aminoacidi\\\/creatina-monoidrato\\\/\"]}]},{\"@type\":\"ImageObject\",\"inLanguage\":\"it-IT\",\"@id\":\"https:\\\/\\\/naturalpoland.com\\\/it\\\/produkty\\\/prodotti-per-industria-farmaceutica-e-medica\\\/aminoacidi\\\/creatina-monoidrato\\\/#primaryimage\",\"url\":\"https:\\\/\\\/naturalpoland.com\\\/wp-content\\\/uploads\\\/creatine-monohydrate.png\",\"contentUrl\":\"https:\\\/\\\/naturalpoland.com\\\/wp-content\\\/uploads\\\/creatine-monohydrate.png\",\"width\":583,\"height\":583,\"caption\":\"creatina monoidrato\"},{\"@type\":\"BreadcrumbList\",\"@id\":\"https:\\\/\\\/naturalpoland.com\\\/it\\\/produkty\\\/prodotti-per-industria-farmaceutica-e-medica\\\/aminoacidi\\\/creatina-monoidrato\\\/#breadcrumb\",\"itemListElement\":[{\"@type\":\"ListItem\",\"position\":1,\"name\":\"Home\",\"item\":\"https:\\\/\\\/naturalpoland.com\\\/it\\\/\"},{\"@type\":\"ListItem\",\"position\":2,\"name\":\"Prodotti\",\"item\":\"https:\\\/\\\/naturalpoland.com\\\/it\\\/prodotti\\\/\"},{\"@type\":\"ListItem\",\"position\":3,\"name\":\"Creatina monoidrato\"}]},{\"@type\":\"WebSite\",\"@id\":\"https:\\\/\\\/naturalpoland.com\\\/it\\\/#website\",\"url\":\"https:\\\/\\\/naturalpoland.com\\\/it\\\/\",\"name\":\"NATURAL POLAND - Distributore all'ingrosso di materie prime\",\"description\":\"Surowce dla przemys\u0142u spo\u017cywczego, kosmetycznego i farmaceutycznego\",\"publisher\":{\"@id\":\"https:\\\/\\\/naturalpoland.com\\\/it\\\/#organization\"},\"potentialAction\":[{\"@type\":\"SearchAction\",\"target\":{\"@type\":\"EntryPoint\",\"urlTemplate\":\"https:\\\/\\\/naturalpoland.com\\\/it\\\/?s={search_term_string}\"},\"query-input\":{\"@type\":\"PropertyValueSpecification\",\"valueRequired\":true,\"valueName\":\"search_term_string\"}}],\"inLanguage\":\"it-IT\"},{\"@type\":\"Organization\",\"@id\":\"https:\\\/\\\/naturalpoland.com\\\/it\\\/#organization\",\"name\":\"Natural Poland\",\"url\":\"https:\\\/\\\/naturalpoland.com\\\/it\\\/\",\"logo\":{\"@type\":\"ImageObject\",\"inLanguage\":\"it-IT\",\"@id\":\"https:\\\/\\\/naturalpoland.com\\\/it\\\/#\\\/schema\\\/logo\\\/image\\\/\",\"url\":\"https:\\\/\\\/naturalpoland.com\\\/wp-content\\\/uploads\\\/2021\\\/05\\\/natural-poland-icon.png\",\"contentUrl\":\"https:\\\/\\\/naturalpoland.com\\\/wp-content\\\/uploads\\\/2021\\\/05\\\/natural-poland-icon.png\",\"width\":512,\"height\":512,\"caption\":\"Natural Poland\"},\"image\":{\"@id\":\"https:\\\/\\\/naturalpoland.com\\\/it\\\/#\\\/schema\\\/logo\\\/image\\\/\"},\"sameAs\":[\"https:\\\/\\\/www.facebook.com\\\/naturalpoland.b2b\",\"https:\\\/\\\/pl.linkedin.com\\\/company\\\/natural-poland\",\"https:\\\/\\\/www.youtube.com\\\/channel\\\/UCgeGGkvOMahZo-xu_MSEWxg\"]}]}<\/script>\n<!-- \/ Yoast SEO plugin. -->","yoast_head_json":{"title":"Creatina monoidrato - NATURAL POLAND - Distributore all'ingrosso di materie prime","description":"La creatina monoidrato micronizzata \u00e8 un integratore che aumenta la forza, la resistenza e il volume muscolare. \u00c8 facilmente digeribile e sicuro da usare.","robots":{"index":"index","follow":"follow","max-snippet":"max-snippet:-1","max-image-preview":"max-image-preview:large","max-video-preview":"max-video-preview:-1"},"canonical":"https:\/\/naturalpoland.com\/it\/produkty\/prodotti-per-industria-farmaceutica-e-medica\/aminoacidi\/creatina-monoidrato\/","og_locale":"it_IT","og_type":"article","og_title":"Creatina monoidrato - NATURAL POLAND - Distributore all'ingrosso di materie prime","og_description":"La creatina monoidrato micronizzata \u00e8 un integratore che aumenta la forza, la resistenza e il volume muscolare. \u00c8 facilmente digeribile e sicuro da usare.","og_url":"https:\/\/naturalpoland.com\/it\/produkty\/prodotti-per-industria-farmaceutica-e-medica\/aminoacidi\/creatina-monoidrato\/","og_site_name":"NATURAL POLAND - Distributore all'ingrosso di materie prime","article_publisher":"https:\/\/www.facebook.com\/naturalpoland.b2b","article_modified_time":"2024-09-19T08:26:01+00:00","og_image":[{"width":583,"height":583,"url":"https:\/\/naturalpoland.com\/wp-content\/uploads\/creatine-monohydrate.png","type":"image\/png"}],"schema":{"@context":"https:\/\/schema.org","@graph":[{"@type":"WebPage","@id":"https:\/\/naturalpoland.com\/it\/produkty\/prodotti-per-industria-farmaceutica-e-medica\/aminoacidi\/creatina-monoidrato\/","url":"https:\/\/naturalpoland.com\/it\/produkty\/prodotti-per-industria-farmaceutica-e-medica\/aminoacidi\/creatina-monoidrato\/","name":"Creatina monoidrato - NATURAL POLAND - Distributore all'ingrosso di materie prime","isPartOf":{"@id":"https:\/\/naturalpoland.com\/it\/#website"},"primaryImageOfPage":{"@id":"https:\/\/naturalpoland.com\/it\/produkty\/prodotti-per-industria-farmaceutica-e-medica\/aminoacidi\/creatina-monoidrato\/#primaryimage"},"image":{"@id":"https:\/\/naturalpoland.com\/it\/produkty\/prodotti-per-industria-farmaceutica-e-medica\/aminoacidi\/creatina-monoidrato\/#primaryimage"},"thumbnailUrl":"https:\/\/naturalpoland.com\/wp-content\/uploads\/creatine-monohydrate.png","datePublished":"2023-08-01T07:47:06+00:00","dateModified":"2024-09-19T08:26:01+00:00","description":"La creatina monoidrato micronizzata \u00e8 un integratore che aumenta la forza, la resistenza e il volume muscolare. \u00c8 facilmente digeribile e sicuro da usare.","breadcrumb":{"@id":"https:\/\/naturalpoland.com\/it\/produkty\/prodotti-per-industria-farmaceutica-e-medica\/aminoacidi\/creatina-monoidrato\/#breadcrumb"},"inLanguage":"it-IT","potentialAction":[{"@type":"ReadAction","target":["https:\/\/naturalpoland.com\/it\/produkty\/prodotti-per-industria-farmaceutica-e-medica\/aminoacidi\/creatina-monoidrato\/"]}]},{"@type":"ImageObject","inLanguage":"it-IT","@id":"https:\/\/naturalpoland.com\/it\/produkty\/prodotti-per-industria-farmaceutica-e-medica\/aminoacidi\/creatina-monoidrato\/#primaryimage","url":"https:\/\/naturalpoland.com\/wp-content\/uploads\/creatine-monohydrate.png","contentUrl":"https:\/\/naturalpoland.com\/wp-content\/uploads\/creatine-monohydrate.png","width":583,"height":583,"caption":"creatina monoidrato"},{"@type":"BreadcrumbList","@id":"https:\/\/naturalpoland.com\/it\/produkty\/prodotti-per-industria-farmaceutica-e-medica\/aminoacidi\/creatina-monoidrato\/#breadcrumb","itemListElement":[{"@type":"ListItem","position":1,"name":"Home","item":"https:\/\/naturalpoland.com\/it\/"},{"@type":"ListItem","position":2,"name":"Prodotti","item":"https:\/\/naturalpoland.com\/it\/prodotti\/"},{"@type":"ListItem","position":3,"name":"Creatina monoidrato"}]},{"@type":"WebSite","@id":"https:\/\/naturalpoland.com\/it\/#website","url":"https:\/\/naturalpoland.com\/it\/","name":"NATURAL POLAND - Distributore all'ingrosso di materie prime","description":"Surowce dla przemys\u0142u spo\u017cywczego, kosmetycznego i farmaceutycznego","publisher":{"@id":"https:\/\/naturalpoland.com\/it\/#organization"},"potentialAction":[{"@type":"SearchAction","target":{"@type":"EntryPoint","urlTemplate":"https:\/\/naturalpoland.com\/it\/?s={search_term_string}"},"query-input":{"@type":"PropertyValueSpecification","valueRequired":true,"valueName":"search_term_string"}}],"inLanguage":"it-IT"},{"@type":"Organization","@id":"https:\/\/naturalpoland.com\/it\/#organization","name":"Natural Poland","url":"https:\/\/naturalpoland.com\/it\/","logo":{"@type":"ImageObject","inLanguage":"it-IT","@id":"https:\/\/naturalpoland.com\/it\/#\/schema\/logo\/image\/","url":"https:\/\/naturalpoland.com\/wp-content\/uploads\/2021\/05\/natural-poland-icon.png","contentUrl":"https:\/\/naturalpoland.com\/wp-content\/uploads\/2021\/05\/natural-poland-icon.png","width":512,"height":512,"caption":"Natural Poland"},"image":{"@id":"https:\/\/naturalpoland.com\/it\/#\/schema\/logo\/image\/"},"sameAs":["https:\/\/www.facebook.com\/naturalpoland.b2b","https:\/\/pl.linkedin.com\/company\/natural-poland","https:\/\/www.youtube.com\/channel\/UCgeGGkvOMahZo-xu_MSEWxg"]}]}},"_links":{"self":[{"href":"https:\/\/naturalpoland.com\/it\/wp-json\/wp\/v2\/product\/24521","targetHints":{"allow":["GET"]}}],"collection":[{"href":"https:\/\/naturalpoland.com\/it\/wp-json\/wp\/v2\/product"}],"about":[{"href":"https:\/\/naturalpoland.com\/it\/wp-json\/wp\/v2\/types\/product"}],"wp:featuredmedia":[{"embeddable":true,"href":"https:\/\/naturalpoland.com\/it\/wp-json\/wp\/v2\/media\/24203"}],"wp:attachment":[{"href":"https:\/\/naturalpoland.com\/it\/wp-json\/wp\/v2\/media?parent=24521"}],"wp:term":[{"taxonomy":"product_brand","embeddable":true,"href":"https:\/\/naturalpoland.com\/it\/wp-json\/wp\/v2\/product_brand?post=24521"},{"taxonomy":"product_cat","embeddable":true,"href":"https:\/\/naturalpoland.com\/it\/wp-json\/wp\/v2\/product_cat?post=24521"},{"taxonomy":"product_tag","embeddable":true,"href":"https:\/\/naturalpoland.com\/it\/wp-json\/wp\/v2\/product_tag?post=24521"}],"curies":[{"name":"wp","href":"https:\/\/api.w.org\/{rel}","templated":true}]}}