{"id":24523,"date":"2023-07-18T11:22:36","date_gmt":"2023-08-01T07:47:09","guid":{"rendered":"https:\/\/naturalpoland.com\/produkty\/senza-categoria\/burro-alla-vaniglia\/"},"modified":"2023-08-01T09:47:09","modified_gmt":"2023-08-01T07:47:09","slug":"burro-vaniglia","status":"publish","type":"product","link":"https:\/\/naturalpoland.com\/it\/produkty\/prodotti-per-industria-cosmetica\/burri-cosmetici\/burro-vaniglia\/","title":{"rendered":"Burro alla vaniglia"},"content":{"rendered":"<h2>Composizione e caratteristiche del burro di vaniglia<\/h2>\n<p>La <strong>vaniglia<\/strong> \u00e8 uno degli ingredienti pi\u00f9 ricercati nel mondo degli aromi e dei cosmetici. La sua fragranza ricca e dolce aggiunge profondit\u00e0 e unicit\u00e0 ai prodotti. Il nostro Burro alla Vaniglia porta questa esperienza a un nuovo livello, combinando le propriet\u00e0 benefiche di <strong><br \/>\n  <a href=\"https:\/\/naturalpoland.com\/it\/produkty\/prodotti-per-industria-cosmetica\/oli-cosmetici\/olio-di-mandorle\/\">olio di mandorle dolci<\/a><br \/>\n<\/strong><em>(Prunus Amygdalus Dulcis<\/em>), <strong><br \/>\n  <a href=\"https:\/\/naturalpoland.com\/it\/produkty\/oli-alimentari-e-cosmetici\/olio-di-semi-di-girasole\/\">olio di girasole<\/a><br \/>\n<\/strong><em>(Helianthus Annuus<\/em>), <strong>olio vegetale idrogenato<\/strong><em>(Hydrogenated Vegetable Oil<\/em>) e <strong>olio di vaniglia<\/strong><em>(Vanilla Planifolia<\/em>). Il risultato \u00e8 un prodotto che risponde alle esigenze della pelle, fornendo nutrienti di altissima qualit\u00e0 e diffondendo al contempo il sensuale aroma di vaniglia sulla pelle.<\/p>\n<p>Il nostro burro alla vaniglia \u00e8 una vera festa per i sensi. L&#8217;olio di vaniglia aggiunge un aroma dolce e caldo che calma la mente e il corpo e ha un effetto positivo sull&#8217;umore. Tuttavia, l&#8217;uso della vaniglia non \u00e8 solo una questione di profumo: l&#8217;olio di vaniglia ha anche propriet\u00e0 antiossidanti che aiutano a proteggere la pelle dai danni dei radicali liberi.<\/p>\n<p>L&#8217;olio di mandorle dolci e l&#8217;olio di girasole sono fonti preziose di <strong><br \/>\n  <a href=\"https:\/\/naturalpoland.com\/it\/categoria\/prodotti-per-industria-farmaceutica-e-medica\/vitamine-it\/\">vitamine<\/a><br \/>\n<\/strong> e acidi grassi insaturi, essenziali per la salute della pelle. Sostengono la naturale barriera protettiva della pelle, contribuendo a mantenerla idratata ed elastica.<\/p>\n<h2>Uso del burro alla vaniglia<\/h2>\n<p>Il Burro alla Vaniglia ha una consistenza cremosa e ricca che si spalma facilmente e si assorbe rapidamente, rendendo l&#8217;uso estremamente piacevole. Inoltre, non lascia una pellicola oleosa sulla pelle, il che la rende una scelta ideale per tutti i tipi di pelle, da quella secca e matura a quella normale e grassa.<\/p>\n<p>Il burro di vaniglia \u00e8 un prodotto versatile che pu\u00f2 essere utilizzato per la cura del viso, del corpo e persino dei capelli. Pu\u00f2 essere utilizzato da solo o come ingrediente di cosmetici fatti in casa &#8211; maschere, lozioni o creme.<\/p>\n","protected":false},"excerpt":{"rendered":"<p>Il Burro alla Vaniglia \u00e8 un cosmetico di lusso che combina le propriet\u00e0 nutritive degli oli di mandorle e di girasole con l&#8217;aroma rilassante della vaniglia, fornendo un&#8217;idratazione profonda e un comfort eccezionale alla pelle.<\/p>\n","protected":false},"featured_media":24191,"template":"","meta":{"_acf_changed":false},"product_brand":[],"product_cat":[1526],"product_tag":[],"class_list":{"0":"post-24523","1":"product","2":"type-product","3":"status-publish","4":"has-post-thumbnail","6":"product_cat-burri-cosmetici","8":"first","9":"instock","10":"shipping-taxable","11":"product-type-simple"},"acf":[],"yoast_head":"<!-- This site is optimized with the Yoast SEO plugin v27.6 - https:\/\/yoast.com\/product\/yoast-seo-wordpress\/ -->\n<title>Burro alla vaniglia - Distributore all&#039;ingrosso<\/title>\n<meta name=\"description\" content=\"Il Burro alla Vaniglia \u00e8 un cosmetico di lusso che combina le propriet\u00e0 nutritive degli oli di mandorle e di girasole con l&#039;aroma rilassante della vaniglia,\" \/>\n<meta name=\"robots\" content=\"index, follow, max-snippet:-1, max-image-preview:large, max-video-preview:-1\" \/>\n<link rel=\"canonical\" href=\"https:\/\/naturalpoland.com\/it\/produkty\/prodotti-per-industria-cosmetica\/burri-cosmetici\/burro-vaniglia\/\" \/>\n<meta property=\"og:locale\" content=\"it_IT\" \/>\n<meta property=\"og:type\" content=\"article\" \/>\n<meta property=\"og:title\" content=\"Burro alla vaniglia - Distributore all&#039;ingrosso\" \/>\n<meta property=\"og:description\" content=\"Il Burro alla Vaniglia \u00e8 un cosmetico di lusso che combina le propriet\u00e0 nutritive degli oli di mandorle e di girasole con l&#039;aroma rilassante della vaniglia,\" \/>\n<meta property=\"og:url\" content=\"https:\/\/naturalpoland.com\/it\/produkty\/prodotti-per-industria-cosmetica\/burri-cosmetici\/burro-vaniglia\/\" \/>\n<meta property=\"og:site_name\" content=\"NATURAL POLAND - Distributore all&#039;ingrosso di materie prime\" \/>\n<meta property=\"article:publisher\" content=\"https:\/\/www.facebook.com\/naturalpoland.b2b\" \/>\n<meta property=\"og:image\" content=\"https:\/\/naturalpoland.com\/wp-content\/uploads\/vanilla-butter.png\" \/>\n\t<meta property=\"og:image:width\" content=\"583\" \/>\n\t<meta property=\"og:image:height\" content=\"583\" \/>\n\t<meta property=\"og:image:type\" content=\"image\/png\" \/>\n<script type=\"application\/ld+json\" class=\"yoast-schema-graph\">{\"@context\":\"https:\\\/\\\/schema.org\",\"@graph\":[{\"@type\":\"WebPage\",\"@id\":\"https:\\\/\\\/naturalpoland.com\\\/it\\\/produkty\\\/prodotti-per-industria-cosmetica\\\/burri-cosmetici\\\/burro-vaniglia\\\/\",\"url\":\"https:\\\/\\\/naturalpoland.com\\\/it\\\/produkty\\\/prodotti-per-industria-cosmetica\\\/burri-cosmetici\\\/burro-vaniglia\\\/\",\"name\":\"Burro alla vaniglia - Distributore all'ingrosso\",\"isPartOf\":{\"@id\":\"https:\\\/\\\/naturalpoland.com\\\/it\\\/#website\"},\"primaryImageOfPage\":{\"@id\":\"https:\\\/\\\/naturalpoland.com\\\/it\\\/produkty\\\/prodotti-per-industria-cosmetica\\\/burri-cosmetici\\\/burro-vaniglia\\\/#primaryimage\"},\"image\":{\"@id\":\"https:\\\/\\\/naturalpoland.com\\\/it\\\/produkty\\\/prodotti-per-industria-cosmetica\\\/burri-cosmetici\\\/burro-vaniglia\\\/#primaryimage\"},\"thumbnailUrl\":\"https:\\\/\\\/naturalpoland.com\\\/wp-content\\\/uploads\\\/vanilla-butter.png\",\"datePublished\":\"2023-08-01T07:47:09+00:00\",\"description\":\"Il Burro alla Vaniglia \u00e8 un cosmetico di lusso che combina le propriet\u00e0 nutritive degli oli di mandorle e di girasole con l'aroma rilassante della vaniglia,\",\"breadcrumb\":{\"@id\":\"https:\\\/\\\/naturalpoland.com\\\/it\\\/produkty\\\/prodotti-per-industria-cosmetica\\\/burri-cosmetici\\\/burro-vaniglia\\\/#breadcrumb\"},\"inLanguage\":\"it-IT\",\"potentialAction\":[{\"@type\":\"ReadAction\",\"target\":[\"https:\\\/\\\/naturalpoland.com\\\/it\\\/produkty\\\/prodotti-per-industria-cosmetica\\\/burri-cosmetici\\\/burro-vaniglia\\\/\"]}]},{\"@type\":\"ImageObject\",\"inLanguage\":\"it-IT\",\"@id\":\"https:\\\/\\\/naturalpoland.com\\\/it\\\/produkty\\\/prodotti-per-industria-cosmetica\\\/burri-cosmetici\\\/burro-vaniglia\\\/#primaryimage\",\"url\":\"https:\\\/\\\/naturalpoland.com\\\/wp-content\\\/uploads\\\/vanilla-butter.png\",\"contentUrl\":\"https:\\\/\\\/naturalpoland.com\\\/wp-content\\\/uploads\\\/vanilla-butter.png\",\"width\":583,\"height\":583,\"caption\":\"burro alla vaniglia\"},{\"@type\":\"BreadcrumbList\",\"@id\":\"https:\\\/\\\/naturalpoland.com\\\/it\\\/produkty\\\/prodotti-per-industria-cosmetica\\\/burri-cosmetici\\\/burro-vaniglia\\\/#breadcrumb\",\"itemListElement\":[{\"@type\":\"ListItem\",\"position\":1,\"name\":\"Home\",\"item\":\"https:\\\/\\\/naturalpoland.com\\\/it\\\/\"},{\"@type\":\"ListItem\",\"position\":2,\"name\":\"Prodotti\",\"item\":\"https:\\\/\\\/naturalpoland.com\\\/it\\\/prodotti\\\/\"},{\"@type\":\"ListItem\",\"position\":3,\"name\":\"Burro alla vaniglia\"}]},{\"@type\":\"WebSite\",\"@id\":\"https:\\\/\\\/naturalpoland.com\\\/it\\\/#website\",\"url\":\"https:\\\/\\\/naturalpoland.com\\\/it\\\/\",\"name\":\"NATURAL POLAND - Distributore all'ingrosso di materie prime\",\"description\":\"Surowce dla przemys\u0142u spo\u017cywczego, kosmetycznego i farmaceutycznego\",\"publisher\":{\"@id\":\"https:\\\/\\\/naturalpoland.com\\\/it\\\/#organization\"},\"potentialAction\":[{\"@type\":\"SearchAction\",\"target\":{\"@type\":\"EntryPoint\",\"urlTemplate\":\"https:\\\/\\\/naturalpoland.com\\\/it\\\/?s={search_term_string}\"},\"query-input\":{\"@type\":\"PropertyValueSpecification\",\"valueRequired\":true,\"valueName\":\"search_term_string\"}}],\"inLanguage\":\"it-IT\"},{\"@type\":\"Organization\",\"@id\":\"https:\\\/\\\/naturalpoland.com\\\/it\\\/#organization\",\"name\":\"Natural Poland\",\"url\":\"https:\\\/\\\/naturalpoland.com\\\/it\\\/\",\"logo\":{\"@type\":\"ImageObject\",\"inLanguage\":\"it-IT\",\"@id\":\"https:\\\/\\\/naturalpoland.com\\\/it\\\/#\\\/schema\\\/logo\\\/image\\\/\",\"url\":\"https:\\\/\\\/naturalpoland.com\\\/wp-content\\\/uploads\\\/2021\\\/05\\\/natural-poland-icon.png\",\"contentUrl\":\"https:\\\/\\\/naturalpoland.com\\\/wp-content\\\/uploads\\\/2021\\\/05\\\/natural-poland-icon.png\",\"width\":512,\"height\":512,\"caption\":\"Natural Poland\"},\"image\":{\"@id\":\"https:\\\/\\\/naturalpoland.com\\\/it\\\/#\\\/schema\\\/logo\\\/image\\\/\"},\"sameAs\":[\"https:\\\/\\\/www.facebook.com\\\/naturalpoland.b2b\",\"https:\\\/\\\/pl.linkedin.com\\\/company\\\/natural-poland\",\"https:\\\/\\\/www.youtube.com\\\/channel\\\/UCgeGGkvOMahZo-xu_MSEWxg\"]}]}<\/script>\n<!-- \/ Yoast SEO plugin. -->","yoast_head_json":{"title":"Burro alla vaniglia - Distributore all'ingrosso","description":"Il Burro alla Vaniglia \u00e8 un cosmetico di lusso che combina le propriet\u00e0 nutritive degli oli di mandorle e di girasole con l'aroma rilassante della vaniglia,","robots":{"index":"index","follow":"follow","max-snippet":"max-snippet:-1","max-image-preview":"max-image-preview:large","max-video-preview":"max-video-preview:-1"},"canonical":"https:\/\/naturalpoland.com\/it\/produkty\/prodotti-per-industria-cosmetica\/burri-cosmetici\/burro-vaniglia\/","og_locale":"it_IT","og_type":"article","og_title":"Burro alla vaniglia - Distributore all'ingrosso","og_description":"Il Burro alla Vaniglia \u00e8 un cosmetico di lusso che combina le propriet\u00e0 nutritive degli oli di mandorle e di girasole con l'aroma rilassante della vaniglia,","og_url":"https:\/\/naturalpoland.com\/it\/produkty\/prodotti-per-industria-cosmetica\/burri-cosmetici\/burro-vaniglia\/","og_site_name":"NATURAL POLAND - Distributore all'ingrosso di materie prime","article_publisher":"https:\/\/www.facebook.com\/naturalpoland.b2b","og_image":[{"width":583,"height":583,"url":"https:\/\/naturalpoland.com\/wp-content\/uploads\/vanilla-butter.png","type":"image\/png"}],"schema":{"@context":"https:\/\/schema.org","@graph":[{"@type":"WebPage","@id":"https:\/\/naturalpoland.com\/it\/produkty\/prodotti-per-industria-cosmetica\/burri-cosmetici\/burro-vaniglia\/","url":"https:\/\/naturalpoland.com\/it\/produkty\/prodotti-per-industria-cosmetica\/burri-cosmetici\/burro-vaniglia\/","name":"Burro alla vaniglia - Distributore all'ingrosso","isPartOf":{"@id":"https:\/\/naturalpoland.com\/it\/#website"},"primaryImageOfPage":{"@id":"https:\/\/naturalpoland.com\/it\/produkty\/prodotti-per-industria-cosmetica\/burri-cosmetici\/burro-vaniglia\/#primaryimage"},"image":{"@id":"https:\/\/naturalpoland.com\/it\/produkty\/prodotti-per-industria-cosmetica\/burri-cosmetici\/burro-vaniglia\/#primaryimage"},"thumbnailUrl":"https:\/\/naturalpoland.com\/wp-content\/uploads\/vanilla-butter.png","datePublished":"2023-08-01T07:47:09+00:00","description":"Il Burro alla Vaniglia \u00e8 un cosmetico di lusso che combina le propriet\u00e0 nutritive degli oli di mandorle e di girasole con l'aroma rilassante della vaniglia,","breadcrumb":{"@id":"https:\/\/naturalpoland.com\/it\/produkty\/prodotti-per-industria-cosmetica\/burri-cosmetici\/burro-vaniglia\/#breadcrumb"},"inLanguage":"it-IT","potentialAction":[{"@type":"ReadAction","target":["https:\/\/naturalpoland.com\/it\/produkty\/prodotti-per-industria-cosmetica\/burri-cosmetici\/burro-vaniglia\/"]}]},{"@type":"ImageObject","inLanguage":"it-IT","@id":"https:\/\/naturalpoland.com\/it\/produkty\/prodotti-per-industria-cosmetica\/burri-cosmetici\/burro-vaniglia\/#primaryimage","url":"https:\/\/naturalpoland.com\/wp-content\/uploads\/vanilla-butter.png","contentUrl":"https:\/\/naturalpoland.com\/wp-content\/uploads\/vanilla-butter.png","width":583,"height":583,"caption":"burro alla vaniglia"},{"@type":"BreadcrumbList","@id":"https:\/\/naturalpoland.com\/it\/produkty\/prodotti-per-industria-cosmetica\/burri-cosmetici\/burro-vaniglia\/#breadcrumb","itemListElement":[{"@type":"ListItem","position":1,"name":"Home","item":"https:\/\/naturalpoland.com\/it\/"},{"@type":"ListItem","position":2,"name":"Prodotti","item":"https:\/\/naturalpoland.com\/it\/prodotti\/"},{"@type":"ListItem","position":3,"name":"Burro alla vaniglia"}]},{"@type":"WebSite","@id":"https:\/\/naturalpoland.com\/it\/#website","url":"https:\/\/naturalpoland.com\/it\/","name":"NATURAL POLAND - Distributore all'ingrosso di materie prime","description":"Surowce dla przemys\u0142u spo\u017cywczego, kosmetycznego i farmaceutycznego","publisher":{"@id":"https:\/\/naturalpoland.com\/it\/#organization"},"potentialAction":[{"@type":"SearchAction","target":{"@type":"EntryPoint","urlTemplate":"https:\/\/naturalpoland.com\/it\/?s={search_term_string}"},"query-input":{"@type":"PropertyValueSpecification","valueRequired":true,"valueName":"search_term_string"}}],"inLanguage":"it-IT"},{"@type":"Organization","@id":"https:\/\/naturalpoland.com\/it\/#organization","name":"Natural Poland","url":"https:\/\/naturalpoland.com\/it\/","logo":{"@type":"ImageObject","inLanguage":"it-IT","@id":"https:\/\/naturalpoland.com\/it\/#\/schema\/logo\/image\/","url":"https:\/\/naturalpoland.com\/wp-content\/uploads\/2021\/05\/natural-poland-icon.png","contentUrl":"https:\/\/naturalpoland.com\/wp-content\/uploads\/2021\/05\/natural-poland-icon.png","width":512,"height":512,"caption":"Natural Poland"},"image":{"@id":"https:\/\/naturalpoland.com\/it\/#\/schema\/logo\/image\/"},"sameAs":["https:\/\/www.facebook.com\/naturalpoland.b2b","https:\/\/pl.linkedin.com\/company\/natural-poland","https:\/\/www.youtube.com\/channel\/UCgeGGkvOMahZo-xu_MSEWxg"]}]}},"_links":{"self":[{"href":"https:\/\/naturalpoland.com\/it\/wp-json\/wp\/v2\/product\/24523","targetHints":{"allow":["GET"]}}],"collection":[{"href":"https:\/\/naturalpoland.com\/it\/wp-json\/wp\/v2\/product"}],"about":[{"href":"https:\/\/naturalpoland.com\/it\/wp-json\/wp\/v2\/types\/product"}],"wp:featuredmedia":[{"embeddable":true,"href":"https:\/\/naturalpoland.com\/it\/wp-json\/wp\/v2\/media\/24191"}],"wp:attachment":[{"href":"https:\/\/naturalpoland.com\/it\/wp-json\/wp\/v2\/media?parent=24523"}],"wp:term":[{"taxonomy":"product_brand","embeddable":true,"href":"https:\/\/naturalpoland.com\/it\/wp-json\/wp\/v2\/product_brand?post=24523"},{"taxonomy":"product_cat","embeddable":true,"href":"https:\/\/naturalpoland.com\/it\/wp-json\/wp\/v2\/product_cat?post=24523"},{"taxonomy":"product_tag","embeddable":true,"href":"https:\/\/naturalpoland.com\/it\/wp-json\/wp\/v2\/product_tag?post=24523"}],"curies":[{"name":"wp","href":"https:\/\/api.w.org\/{rel}","templated":true}]}}