{"id":24780,"date":"2023-08-10T10:30:34","date_gmt":"2023-08-10T09:13:27","guid":{"rendered":"https:\/\/naturalpoland.com\/produkty\/senza-categoria\/snack-di-pesce-essiccato-per-cani-e-gatti\/"},"modified":"2023-08-10T11:13:27","modified_gmt":"2023-08-10T09:13:27","slug":"fette-di-pesce-essiccato-per-cani-e-gatti","status":"publish","type":"product","link":"https:\/\/naturalpoland.com\/it\/produkty\/materie-prime-per-mangimi-animali\/fette-di-pesce-essiccato-per-cani-e-gatti\/","title":{"rendered":"Snack di pesce essiccato per cani e gatti"},"content":{"rendered":"<ul>\n<li><strong>Anguilla<\/strong>: dal profilo gustativo intenso, l&#8217;anguilla fornisce una gamma completa di aminoacidi essenziali ed \u00e8 un&#8217;ottima fonte di vitamine del gruppo B.<\/li>\n<li><strong>Acciughe<\/strong>: Questi piccoli pesci sono una ricca fonte di acidi grassi omega-3, che favoriscono la salute della pelle e del pelo dell&#8217;animale.<\/li>\n<li><strong>Bombay<\/strong>: pesce noto per il suo sapore sottile e delicato, \u00e8 una ricca fonte di fosforo e proteine.<\/li>\n<li><strong>Filetto Bombay<\/strong>: proteine di pesce di alta qualit\u00e0 con una consistenza delicata che piacer\u00e0 anche agli animali domestici pi\u00f9 esigenti.<\/li>\n<li><strong>Gamberetti<\/strong>: ricchi di astaxantina e zinco, i gamberetti sono una fonte ideale di minerali.<\/li>\n<li><strong>Acciughe dorate<\/strong>: Contraddistinte da un colore unico, non sono solo attraenti ma anche ricche di sostanze nutritive.<\/li>\n<li><strong>Merluzzo<\/strong>: La tenera carne di merluzzo \u00e8 un&#8217;ottima fonte di vitamina B12 e di iodio.<\/li>\n<li><strong>Pesce triglia (pesce lucertola)<\/strong>: Si tratta di pesci unici, dalla consistenza interessante, che forniscono una grande quantit\u00e0 di proteine.<\/li>\n<li><strong>Omena<\/strong>: Piccoli pesci argentei che sono un tesoro di acidi grassi e proteine.<\/li>\n<li><strong>Filetto<\/strong> di sogliola: Caratterizzato da un sapore delicato, il filetto di sogliola \u00e8 una ricca fonte di potassio e magnesio.<\/li>\n<li><strong>Spratti SD<\/strong>: Questi pesci essiccati offrono una gamma completa di benefici per la salute, dal miglioramento delle condizioni della pelle al supporto della funzione cardiaca.<\/li>\n<\/ul>\n","protected":false},"excerpt":{"rendered":"<p>Gli snack di pesce essiccato per cani e gatti rappresentano un approccio innovativo all&#8217;alimentazione animale, che combina ingredienti tradizionali con un moderno processo di essiccazione.<\/p>\n","protected":false},"featured_media":24757,"template":"","meta":{"_acf_changed":false},"product_brand":[],"product_cat":[2512],"product_tag":[],"class_list":{"0":"post-24780","1":"product","2":"type-product","3":"status-publish","4":"has-post-thumbnail","6":"product_cat-materie-prime-per-mangimi-animali","8":"first","9":"instock","10":"shipping-taxable","11":"product-type-simple"},"acf":[],"yoast_head":"<!-- This site is optimized with the Yoast SEO plugin v27.5 - https:\/\/yoast.com\/product\/yoast-seo-wordpress\/ -->\n<title>Snack di pesce essiccato per cani e gatti - Distributore all&#039;ingrosso<\/title>\n<meta name=\"description\" content=\"Gli snack di pesce essiccato per cani e gatti rappresentano un approccio innovativo all&#039;alimentazione animale, che combina ingredienti tradizionali con un processo di essiccazione.\" \/>\n<meta name=\"robots\" content=\"index, follow, max-snippet:-1, max-image-preview:large, max-video-preview:-1\" \/>\n<link rel=\"canonical\" href=\"https:\/\/naturalpoland.com\/it\/produkty\/materie-prime-per-mangimi-animali\/fette-di-pesce-essiccato-per-cani-e-gatti\/\" \/>\n<meta property=\"og:locale\" content=\"it_IT\" \/>\n<meta property=\"og:type\" content=\"article\" \/>\n<meta property=\"og:title\" content=\"Snack di pesce essiccato per cani e gatti - Distributore all&#039;ingrosso\" \/>\n<meta property=\"og:description\" content=\"Gli snack di pesce essiccato per cani e gatti rappresentano un approccio innovativo all&#039;alimentazione animale, che combina ingredienti tradizionali con un processo di essiccazione.\" \/>\n<meta property=\"og:url\" content=\"https:\/\/naturalpoland.com\/it\/produkty\/materie-prime-per-mangimi-animali\/fette-di-pesce-essiccato-per-cani-e-gatti\/\" \/>\n<meta property=\"og:site_name\" content=\"NATURAL POLAND - Distributore all&#039;ingrosso di materie prime\" \/>\n<meta property=\"article:publisher\" content=\"https:\/\/www.facebook.com\/naturalpoland.b2b\" \/>\n<meta property=\"og:image\" content=\"https:\/\/naturalpoland.com\/wp-content\/uploads\/suszone-przekaski-rybne-dla-psow-i-kotow.jpg\" \/>\n\t<meta property=\"og:image:width\" content=\"600\" \/>\n\t<meta property=\"og:image:height\" content=\"600\" \/>\n\t<meta property=\"og:image:type\" content=\"image\/jpeg\" \/>\n<script type=\"application\/ld+json\" class=\"yoast-schema-graph\">{\"@context\":\"https:\\\/\\\/schema.org\",\"@graph\":[{\"@type\":\"WebPage\",\"@id\":\"https:\\\/\\\/naturalpoland.com\\\/it\\\/produkty\\\/materie-prime-per-mangimi-animali\\\/fette-di-pesce-essiccato-per-cani-e-gatti\\\/\",\"url\":\"https:\\\/\\\/naturalpoland.com\\\/it\\\/produkty\\\/materie-prime-per-mangimi-animali\\\/fette-di-pesce-essiccato-per-cani-e-gatti\\\/\",\"name\":\"Snack di pesce essiccato per cani e gatti - Distributore all'ingrosso\",\"isPartOf\":{\"@id\":\"https:\\\/\\\/naturalpoland.com\\\/it\\\/#website\"},\"primaryImageOfPage\":{\"@id\":\"https:\\\/\\\/naturalpoland.com\\\/it\\\/produkty\\\/materie-prime-per-mangimi-animali\\\/fette-di-pesce-essiccato-per-cani-e-gatti\\\/#primaryimage\"},\"image\":{\"@id\":\"https:\\\/\\\/naturalpoland.com\\\/it\\\/produkty\\\/materie-prime-per-mangimi-animali\\\/fette-di-pesce-essiccato-per-cani-e-gatti\\\/#primaryimage\"},\"thumbnailUrl\":\"https:\\\/\\\/naturalpoland.com\\\/wp-content\\\/uploads\\\/suszone-przekaski-rybne-dla-psow-i-kotow.jpg\",\"datePublished\":\"2023-08-10T09:13:27+00:00\",\"description\":\"Gli snack di pesce essiccato per cani e gatti rappresentano un approccio innovativo all'alimentazione animale, che combina ingredienti tradizionali con un processo di essiccazione.\",\"breadcrumb\":{\"@id\":\"https:\\\/\\\/naturalpoland.com\\\/it\\\/produkty\\\/materie-prime-per-mangimi-animali\\\/fette-di-pesce-essiccato-per-cani-e-gatti\\\/#breadcrumb\"},\"inLanguage\":\"it-IT\",\"potentialAction\":[{\"@type\":\"ReadAction\",\"target\":[\"https:\\\/\\\/naturalpoland.com\\\/it\\\/produkty\\\/materie-prime-per-mangimi-animali\\\/fette-di-pesce-essiccato-per-cani-e-gatti\\\/\"]}]},{\"@type\":\"ImageObject\",\"inLanguage\":\"it-IT\",\"@id\":\"https:\\\/\\\/naturalpoland.com\\\/it\\\/produkty\\\/materie-prime-per-mangimi-animali\\\/fette-di-pesce-essiccato-per-cani-e-gatti\\\/#primaryimage\",\"url\":\"https:\\\/\\\/naturalpoland.com\\\/wp-content\\\/uploads\\\/suszone-przekaski-rybne-dla-psow-i-kotow.jpg\",\"contentUrl\":\"https:\\\/\\\/naturalpoland.com\\\/wp-content\\\/uploads\\\/suszone-przekaski-rybne-dla-psow-i-kotow.jpg\",\"width\":600,\"height\":600,\"caption\":\"snack di pesce essiccato per cani e gatti\"},{\"@type\":\"BreadcrumbList\",\"@id\":\"https:\\\/\\\/naturalpoland.com\\\/it\\\/produkty\\\/materie-prime-per-mangimi-animali\\\/fette-di-pesce-essiccato-per-cani-e-gatti\\\/#breadcrumb\",\"itemListElement\":[{\"@type\":\"ListItem\",\"position\":1,\"name\":\"Home\",\"item\":\"https:\\\/\\\/naturalpoland.com\\\/it\\\/\"},{\"@type\":\"ListItem\",\"position\":2,\"name\":\"Prodotti\",\"item\":\"https:\\\/\\\/naturalpoland.com\\\/it\\\/prodotti\\\/\"},{\"@type\":\"ListItem\",\"position\":3,\"name\":\"Snack di pesce essiccato per cani e gatti\"}]},{\"@type\":\"WebSite\",\"@id\":\"https:\\\/\\\/naturalpoland.com\\\/it\\\/#website\",\"url\":\"https:\\\/\\\/naturalpoland.com\\\/it\\\/\",\"name\":\"NATURAL POLAND - Distributore all'ingrosso di materie prime\",\"description\":\"Surowce dla przemys\u0142u spo\u017cywczego, kosmetycznego i farmaceutycznego\",\"publisher\":{\"@id\":\"https:\\\/\\\/naturalpoland.com\\\/it\\\/#organization\"},\"potentialAction\":[{\"@type\":\"SearchAction\",\"target\":{\"@type\":\"EntryPoint\",\"urlTemplate\":\"https:\\\/\\\/naturalpoland.com\\\/it\\\/?s={search_term_string}\"},\"query-input\":{\"@type\":\"PropertyValueSpecification\",\"valueRequired\":true,\"valueName\":\"search_term_string\"}}],\"inLanguage\":\"it-IT\"},{\"@type\":\"Organization\",\"@id\":\"https:\\\/\\\/naturalpoland.com\\\/it\\\/#organization\",\"name\":\"Natural Poland\",\"url\":\"https:\\\/\\\/naturalpoland.com\\\/it\\\/\",\"logo\":{\"@type\":\"ImageObject\",\"inLanguage\":\"it-IT\",\"@id\":\"https:\\\/\\\/naturalpoland.com\\\/it\\\/#\\\/schema\\\/logo\\\/image\\\/\",\"url\":\"https:\\\/\\\/naturalpoland.com\\\/wp-content\\\/uploads\\\/2021\\\/05\\\/natural-poland-icon.png\",\"contentUrl\":\"https:\\\/\\\/naturalpoland.com\\\/wp-content\\\/uploads\\\/2021\\\/05\\\/natural-poland-icon.png\",\"width\":512,\"height\":512,\"caption\":\"Natural Poland\"},\"image\":{\"@id\":\"https:\\\/\\\/naturalpoland.com\\\/it\\\/#\\\/schema\\\/logo\\\/image\\\/\"},\"sameAs\":[\"https:\\\/\\\/www.facebook.com\\\/naturalpoland.b2b\",\"https:\\\/\\\/pl.linkedin.com\\\/company\\\/natural-poland\",\"https:\\\/\\\/www.youtube.com\\\/channel\\\/UCgeGGkvOMahZo-xu_MSEWxg\"]}]}<\/script>\n<!-- \/ Yoast SEO plugin. -->","yoast_head_json":{"title":"Snack di pesce essiccato per cani e gatti - Distributore all'ingrosso","description":"Gli snack di pesce essiccato per cani e gatti rappresentano un approccio innovativo all'alimentazione animale, che combina ingredienti tradizionali con un processo di essiccazione.","robots":{"index":"index","follow":"follow","max-snippet":"max-snippet:-1","max-image-preview":"max-image-preview:large","max-video-preview":"max-video-preview:-1"},"canonical":"https:\/\/naturalpoland.com\/it\/produkty\/materie-prime-per-mangimi-animali\/fette-di-pesce-essiccato-per-cani-e-gatti\/","og_locale":"it_IT","og_type":"article","og_title":"Snack di pesce essiccato per cani e gatti - Distributore all'ingrosso","og_description":"Gli snack di pesce essiccato per cani e gatti rappresentano un approccio innovativo all'alimentazione animale, che combina ingredienti tradizionali con un processo di essiccazione.","og_url":"https:\/\/naturalpoland.com\/it\/produkty\/materie-prime-per-mangimi-animali\/fette-di-pesce-essiccato-per-cani-e-gatti\/","og_site_name":"NATURAL POLAND - Distributore all'ingrosso di materie prime","article_publisher":"https:\/\/www.facebook.com\/naturalpoland.b2b","og_image":[{"width":600,"height":600,"url":"https:\/\/naturalpoland.com\/wp-content\/uploads\/suszone-przekaski-rybne-dla-psow-i-kotow.jpg","type":"image\/jpeg"}],"schema":{"@context":"https:\/\/schema.org","@graph":[{"@type":"WebPage","@id":"https:\/\/naturalpoland.com\/it\/produkty\/materie-prime-per-mangimi-animali\/fette-di-pesce-essiccato-per-cani-e-gatti\/","url":"https:\/\/naturalpoland.com\/it\/produkty\/materie-prime-per-mangimi-animali\/fette-di-pesce-essiccato-per-cani-e-gatti\/","name":"Snack di pesce essiccato per cani e gatti - Distributore all'ingrosso","isPartOf":{"@id":"https:\/\/naturalpoland.com\/it\/#website"},"primaryImageOfPage":{"@id":"https:\/\/naturalpoland.com\/it\/produkty\/materie-prime-per-mangimi-animali\/fette-di-pesce-essiccato-per-cani-e-gatti\/#primaryimage"},"image":{"@id":"https:\/\/naturalpoland.com\/it\/produkty\/materie-prime-per-mangimi-animali\/fette-di-pesce-essiccato-per-cani-e-gatti\/#primaryimage"},"thumbnailUrl":"https:\/\/naturalpoland.com\/wp-content\/uploads\/suszone-przekaski-rybne-dla-psow-i-kotow.jpg","datePublished":"2023-08-10T09:13:27+00:00","description":"Gli snack di pesce essiccato per cani e gatti rappresentano un approccio innovativo all'alimentazione animale, che combina ingredienti tradizionali con un processo di essiccazione.","breadcrumb":{"@id":"https:\/\/naturalpoland.com\/it\/produkty\/materie-prime-per-mangimi-animali\/fette-di-pesce-essiccato-per-cani-e-gatti\/#breadcrumb"},"inLanguage":"it-IT","potentialAction":[{"@type":"ReadAction","target":["https:\/\/naturalpoland.com\/it\/produkty\/materie-prime-per-mangimi-animali\/fette-di-pesce-essiccato-per-cani-e-gatti\/"]}]},{"@type":"ImageObject","inLanguage":"it-IT","@id":"https:\/\/naturalpoland.com\/it\/produkty\/materie-prime-per-mangimi-animali\/fette-di-pesce-essiccato-per-cani-e-gatti\/#primaryimage","url":"https:\/\/naturalpoland.com\/wp-content\/uploads\/suszone-przekaski-rybne-dla-psow-i-kotow.jpg","contentUrl":"https:\/\/naturalpoland.com\/wp-content\/uploads\/suszone-przekaski-rybne-dla-psow-i-kotow.jpg","width":600,"height":600,"caption":"snack di pesce essiccato per cani e gatti"},{"@type":"BreadcrumbList","@id":"https:\/\/naturalpoland.com\/it\/produkty\/materie-prime-per-mangimi-animali\/fette-di-pesce-essiccato-per-cani-e-gatti\/#breadcrumb","itemListElement":[{"@type":"ListItem","position":1,"name":"Home","item":"https:\/\/naturalpoland.com\/it\/"},{"@type":"ListItem","position":2,"name":"Prodotti","item":"https:\/\/naturalpoland.com\/it\/prodotti\/"},{"@type":"ListItem","position":3,"name":"Snack di pesce essiccato per cani e gatti"}]},{"@type":"WebSite","@id":"https:\/\/naturalpoland.com\/it\/#website","url":"https:\/\/naturalpoland.com\/it\/","name":"NATURAL POLAND - Distributore all'ingrosso di materie prime","description":"Surowce dla przemys\u0142u spo\u017cywczego, kosmetycznego i farmaceutycznego","publisher":{"@id":"https:\/\/naturalpoland.com\/it\/#organization"},"potentialAction":[{"@type":"SearchAction","target":{"@type":"EntryPoint","urlTemplate":"https:\/\/naturalpoland.com\/it\/?s={search_term_string}"},"query-input":{"@type":"PropertyValueSpecification","valueRequired":true,"valueName":"search_term_string"}}],"inLanguage":"it-IT"},{"@type":"Organization","@id":"https:\/\/naturalpoland.com\/it\/#organization","name":"Natural Poland","url":"https:\/\/naturalpoland.com\/it\/","logo":{"@type":"ImageObject","inLanguage":"it-IT","@id":"https:\/\/naturalpoland.com\/it\/#\/schema\/logo\/image\/","url":"https:\/\/naturalpoland.com\/wp-content\/uploads\/2021\/05\/natural-poland-icon.png","contentUrl":"https:\/\/naturalpoland.com\/wp-content\/uploads\/2021\/05\/natural-poland-icon.png","width":512,"height":512,"caption":"Natural Poland"},"image":{"@id":"https:\/\/naturalpoland.com\/it\/#\/schema\/logo\/image\/"},"sameAs":["https:\/\/www.facebook.com\/naturalpoland.b2b","https:\/\/pl.linkedin.com\/company\/natural-poland","https:\/\/www.youtube.com\/channel\/UCgeGGkvOMahZo-xu_MSEWxg"]}]}},"_links":{"self":[{"href":"https:\/\/naturalpoland.com\/it\/wp-json\/wp\/v2\/product\/24780","targetHints":{"allow":["GET"]}}],"collection":[{"href":"https:\/\/naturalpoland.com\/it\/wp-json\/wp\/v2\/product"}],"about":[{"href":"https:\/\/naturalpoland.com\/it\/wp-json\/wp\/v2\/types\/product"}],"wp:featuredmedia":[{"embeddable":true,"href":"https:\/\/naturalpoland.com\/it\/wp-json\/wp\/v2\/media\/24757"}],"wp:attachment":[{"href":"https:\/\/naturalpoland.com\/it\/wp-json\/wp\/v2\/media?parent=24780"}],"wp:term":[{"taxonomy":"product_brand","embeddable":true,"href":"https:\/\/naturalpoland.com\/it\/wp-json\/wp\/v2\/product_brand?post=24780"},{"taxonomy":"product_cat","embeddable":true,"href":"https:\/\/naturalpoland.com\/it\/wp-json\/wp\/v2\/product_cat?post=24780"},{"taxonomy":"product_tag","embeddable":true,"href":"https:\/\/naturalpoland.com\/it\/wp-json\/wp\/v2\/product_tag?post=24780"}],"curies":[{"name":"wp","href":"https:\/\/api.w.org\/{rel}","templated":true}]}}