{"id":25246,"date":"2023-09-01T09:36:08","date_gmt":"2023-09-01T07:36:08","guid":{"rendered":"https:\/\/naturalpoland.com\/produkty\/senza-categoria\/collagene\/"},"modified":"2026-03-23T11:24:01","modified_gmt":"2026-03-23T10:24:01","slug":"collagene","status":"publish","type":"product","link":"https:\/\/naturalpoland.com\/it\/produkty\/prodotti-per-industria-farmaceutica-e-medica\/additivi-per-integratori\/collagene\/","title":{"rendered":"Collagene"},"content":{"rendered":"<h2>Collagene di pesce<\/h2>\n<p>Il <strong>peptide di collagene di pesce di tipo I<\/strong> \u00e8 ottenuto tramite idrolisi della gelatina dalla pelle di pesce. \u00c8 un ingrediente puro e naturale con un alto contenuto proteico, superiore al 94% sulla sostanza secca. Contiene 18 amminoacidi (tra cui glicina, prolina, idrossiprolina, arginina, leucina, lisina), di cui 7 sono amminoacidi essenziali.  <\/p>\n<p>Il prodotto \u00e8 disponibile in polvere e in granuli, con la forma granulare che garantisce una pi\u00f9 rapida solubilit\u00e0. Pu\u00f2 essere utilizzato in integratori alimentari, prodotti cosmetici e alimenti funzionali. <\/p>\n<p>&nbsp;<\/p>\n<h2 id=\"hydrolizat-kolagenu-z-indyka\">Idrolizzato di collagene di tacchino<\/h2>\n<p>L&#8217;idrolisi controllata del collagene di origine animale porta alla formazione di una miscela di peptidi con diversi pesi molecolari, caratterizzati da un&#8217;ottima solubilit\u00e0 in acqua (anche a basse temperature) e un&#8217;elevata biodisponibilit\u00e0.<\/p>\n<p>Il collagene offerto contiene <strong>\u226590% di proteine<\/strong> e pu\u00f2 presentarsi in diverse frazioni (basso, medio peso molecolare o spettro completo). Il prodotto contiene componenti strutturali naturali: <strong>idrossiprolina<\/strong> e <strong>prolina<\/strong>, <strong>glicina<\/strong> (circa 14,6 g\/100 g di proteine) e <strong>acido glutammico<\/strong> (~11,4 g\/100 g). Inoltre, pu\u00f2 contenere tracce di composti che supportano la struttura del tessuto connettivo, come il <strong>condroitin solfato<\/strong> o la <strong>glucosamina<\/strong>. Il profilo amminoacidico include anche amminoacidi essenziali e ramificati (<strong>BCAA<\/strong>), il che ne aumenta l&#8217;attrattiva per le applicazioni nutraceutiche.   <\/p>\n<p>Nelle formulazioni alimentari e negli integratori, l&#8217;idrolizzato di collagene di tacchino \u00e8 utilizzato come ingrediente funzionale che <strong>non influisce significativamente sul gusto e sull&#8217;odore del prodotto.<\/strong> Pu\u00f2 essere impiegato sia in bevande che in prodotti in polvere o incapsulati.<\/p>\n<p>L&#8217;idrolizzato di collagene di tacchino possiede le certificazioni: BRCGS Food, IFS Food, IFS Logistics e Halal.<\/p>\n<p>&nbsp;<\/p>\n<h2>Collagene bovino idrolizzato<\/h2>\n<p>Il collagene bovino idrolizzato \u00e8 ottenuto da materie prime certificate provenienti dalla Turchia. \u00c8 un ingrediente con un altissimo contenuto proteico, circa il 94,4%, il che ne testimonia la qualit\u00e0 e l&#8217;elevata concentrazione di peptidi attivi. Grazie a un avanzato processo di idrolisi, il collagene viene scomposto in peptidi piccoli e facilmente assimilabili, che si distinguono per l&#8217;elevata biodisponibilit\u00e0 e l&#8217;ottima solubilit\u00e0 in acqua. I parametri di viscosit\u00e0, compresi tra 3,6 e 3,99 mPa\u00b7s, ne facilitano l&#8217;uso in diverse formulazioni, sia <strong>liquide che in polvere<\/strong>. La materia prima \u00e8 caratterizzata anche da un&#8217;ottima <strong>trasparenza della soluzione<\/strong>, che ne consente l&#8217;utilizzo in bevande funzionali e prodotti in cui la trasparenza \u00e8 fondamentale.     <\/p>\n<p>Il collagene peptidico \u00e8 praticamente <strong>inodore<\/strong> e <strong>privo di colore intenso<\/strong>. Le analisi microbiologiche confermano che il prodotto \u00e8 completamente sicuro <strong>per applicazioni alimentari e cosmetiche<\/strong>. <\/p>\n<p>I peptidi di collagene, ricchi di amminoacidi come glicina, prolina e idrossiprolina, supportano la <strong>sintesi del collagene nella pelle<\/strong>, migliorandone l&#8217;elasticit\u00e0 e il livello di idratazione, e aiutano a ridurre la visibilit\u00e0 delle rughe sottili. La materia prima \u00e8 eccellente anche <strong>negli integratori alimentari destinati agli sportivi e alle persone attive<\/strong>, poich\u00e9 supporta la rigenerazione del tessuto connettivo, la condizione delle articolazioni e i processi di recupero post-esercizio. Nei prodotti alimentari e nutraceutici, il suo sapore neutro, la chiarezza e la facilit\u00e0 di miscelazione lo rendono una materia prima attraente per la creazione di bevande al collagene, polveri istantanee e barrette funzionali.  <\/p>\n<p>Nelle applicazioni cosmetiche, il collagene idrolizzato funge da <strong>ingrediente idratante e levigante<\/strong>, migliorando il comfort e la condizione della pelle, soprattutto quella disidratata e che necessita di rinforzo. Costituisce un componente prezioso di creme, sieri, balsami e maschere per la cura della pelle. <\/p>\n<h2><\/h2>\n<h2>Propriet\u00e0 del collagene<\/h2>\n<p>Il ruolo principale del collagene \u00e8 fornire struttura, forza e supporto all&#8217;organismo, e i ruoli specifici del collagene includono: <strong>aiutare i fibroblasti a formare il derma<\/strong> (lo strato intermedio della pelle), il che favorisce la crescita di nuove cellule, fornire un rivestimento protettivo per gli organi, conferire alla pelle struttura, resistenza ed elasticit\u00e0, e partecipare alla coagulazione del sangue.<\/p>\n<p>Nella nostra offerta all&#8217;ingrosso presentiamo collagene di altissima qualit\u00e0, il cui consumo regolare pu\u00f2 contrastare i processi di invecchiamento cutaneo, ridurre la visibilit\u00e0 di linee sottili e rughe e supportare la rigenerazione di capelli e unghie. Grazie alle sue propriet\u00e0 che favoriscono la produzione di nuove cellule cutanee, il collagene \u00e8 prezioso anche per la guarigione delle ferite e la rigenerazione dei tessuti.<\/p>\n<p>Oltre ai benefici cosmetici, il collagene \u00e8 <strong>essenziale per la salute delle articolazioni e dei legamenti<\/strong>. Il suo consumo pu\u00f2 aiutare ad alleviare i dolori, migliorare l&#8217;elasticit\u00e0 delle articolazioni e supportare la salute delle ossa. <\/p>\n<p>&nbsp;<\/p>\n<h2>Chi dovrebbe integrare il collagene?<\/h2>\n<p>Con l&#8217;et\u00e0, il corpo produce meno collagene e il collagene esistente si degrada pi\u00f9 rapidamente. Le donne sperimentano una significativa riduzione della produzione di collagene dopo la menopausa. Il calo della produzione di collagene dopo i 60 anni \u00e8 un fenomeno naturale per tutti. Una dieta povera di proteine pu\u00f2 far s\u00ec che il livello di collagene nel corpo non sia sufficiente. Questo pu\u00f2 essere notato dall&#8217;insorgenza di sintomi come: pelle rugosa o flaccida, gonfiore intorno agli occhi, muscoli indeboliti, tendini e legamenti pi\u00f9 rigidi e meno elastici, dolori articolari o osteoartrite dovuta all&#8217;usura della cartilagine, o problemi di circolazione sanguigna.     <\/p>\n<p>Nel contesto dell&#8217;integrazione alimentare, il collagene \u00e8 raccomandato a persone <strong>che si prendono cura della propria salute e bellezza<\/strong>, a persone <strong>che conducono uno stile di vita attivo<\/strong>, agli <strong>sportivi<\/strong> e agli <strong>anziani<\/strong>.<\/p>\n<p>&nbsp;<\/p>\n<h2>Cosa distrugge il collagene nel corpo?<\/h2>\n<p>I fattori ambientali che influenzano la riduzione della sintesi di collagene includono, tra gli altri, il <strong>fumo<\/strong>, che diminuisce la produzione di collagene. Danneggia il collagene e l&#8217;elastina, portando alla formazione di rughe e rallentando la guarigione delle ferite. La nicotina restringe i vasi sanguigni vicino alla superficie della pelle, impedendo l&#8217;apporto di ossigeno e nutrienti.   <\/p>\n<p>Un altro fattore sfavorevole \u00e8 il <strong>consumo eccessivo di zucchero e carboidrati raffinati<\/strong>. Lo zucchero si lega alle proteine, e le molecole risultanti danneggiano le proteine vicine e rendono il collagene debole e fragile. <\/p>\n<p>Anche l&#8217;<strong>esposizione alla luce ultravioletta<\/strong> influisce negativamente sulla struttura del collagene nella pelle. Troppa luce solare riduce la produzione di collagene e ne provoca una pi\u00f9 rapida degradazione, il che porta alla formazione di rughe. <\/p>\n<p>Altri fattori che contribuiscono alla carenza di collagene nel corpo sono le <strong>malattie autoimmuni<\/strong> (artrite reumatoide, lupus, dermatomiosite e sclerodermia) e le <strong>mutazioni genetiche<\/strong> (sindrome di Ehlers-Danlos e osteogenesi imperfetta).<\/p>\n<p>&nbsp;<\/p>\n<h2>Quale collagene scegliere?<\/h2>\n<p>Sono stati identificati <strong>circa 28 tipi di collagene<\/strong>. Si differenziano per il modo in cui le molecole si legano, per i componenti cellulari aggiunti e per il luogo di utilizzo del collagene nel corpo. <\/p>\n<p>Gli amminoacidi principali che formano il collagene sono <strong>prolina<\/strong>, <strong>glicina<\/strong> e <strong>idrossiprolina<\/strong>. Tutte le fibre di collagene hanno almeno una struttura a tripla elica. <\/p>\n<p><strong>Nel corpo ci sono cinque diversi tipi di collagene:<\/strong><\/p>\n<p>&#8211; <strong>Tipo 1<\/strong> &#8211; costituisce circa il 90% di tutto il collagene nel corpo. Si trova nella pelle, nel tessuto connettivo, nei tendini, nei denti e nelle ossa. <\/p>\n<p>&#8211; <strong>Tipo 2<\/strong> &#8211; si trova nella cartilagine articolare.<\/p>\n<p>&#8211; <strong>Tipo 3<\/strong> \u2013 si trova nelle strutture muscolari, negli organi e nelle arterie.<\/p>\n<p>&#8211; <strong>Tipo 4<\/strong> &#8211; si trova negli strati e nella membrana della pelle.<\/p>\n<p>&#8211; <strong>Tipo 5<\/strong> &#8211; si trova nei capelli, nella cornea degli occhi e anche nella placenta durante la gravidanza.<\/p>\n<p>Sono disponibili diversi tipi di integratori di collagene: <strong>animale<\/strong> e <strong>marino (da pesce)<\/strong>, oltre a quello <strong>vegano<\/strong>. I prodotti vegani forniscono precursori del collagene, poich\u00e9 il collagene naturale proviene esclusivamente da fonti animali. <\/p>\n<p>&nbsp;<\/p>\n<h2>Come usare il collagene<\/h2>\n<p>Il collagene pu\u00f2 essere aggiunto a frullati o al caff\u00e8 del mattino, oppure assunto sotto forma di capsule, a seconda delle preferenze. La quantit\u00e0 di collagene necessaria ogni giorno dipende dal suo tipo, dalla forma e dal motivo dell&#8217;integrazione. <\/p>\n<p>Studi recenti suggeriscono che il collagene idrolizzato in dosi da 2,5 g a 15 g al giorno \u00e8 sicuro ed efficace. Una dose inferiore di 2,5 g pu\u00f2 avere effetti benefici sui dolori articolari, sulla salute della pelle e sull&#8217;idratazione, mentre 5 g al giorno si sono dimostrati benefici per la salute delle ossa; dosi maggiori di 15 g sono state utilizzate per migliorare la composizione corporea e la massa muscolare. <\/p>\n<p>&nbsp;<\/p>\n<h2>Come aumentare il livello di collagene nel corpo<\/h2>\n<p>Il collagene pu\u00f2 essere fornito al corpo con una dieta equilibrata ricca di legumi, frutti di mare, carne, pollame, latticini e uova. Tuttavia, \u00e8 importante ricordare che il corpo scompone le proteine di collagene consumate in amminoacidi, dai quali poi risintetizza le proteine mancanti. Quindi, <strong>il consumo di alimenti ricchi di collagene non si traduce direttamente in livelli pi\u00f9 elevati di collagene nel corpo<\/strong>, se in quel momento avr\u00e0 bisogno di altre proteine. Tuttavia, ci sono molti alimenti e integratori che forniscono ingredienti che supportano la produzione di collagene. Questi contengono gli amminoacidi: prolina e glicina. La vitamina C, lo zinco e il rame sono anche essenziali per il processo di formazione del collagene.     <\/p>\n<p>Oltre alla dieta, puoi considerare il <strong>supporto degli integratori alimentari<\/strong>. Gli studi hanno dimostrato che i peptidi di collagene sono probabilmente efficaci nel migliorare l&#8217;idratazione e l&#8217;elasticit\u00e0 della pelle. Sono anche probabilmente efficaci nell&#8217;alleviare il dolore e migliorare la funzione articolare nelle persone con osteoartrite del ginocchio.  <\/p>\n<hr>\n<h5 class=\"author-name uppercase pt-half\"><strong><small>Dott.ssa Misza Kinsner<\/small><\/strong><\/h5>\n<p class=\"author-desc small\"><small>Dottoranda e ricercatrice presso l&#8217;Istituto di Fisiologia e Nutrizione Animale a Jab\u0142onna, con formazione in nutrizione umana, valutazione degli alimenti e sistemi di sicurezza applicati nella produzione alimentare. Si interessa di scienza in vari campi, tra cui fisica, biologia, nutrigenomica e nutrigenetica.  <\/small><\/p>\n<p>&nbsp;<\/p>\n","protected":false},"excerpt":{"rendered":"<p>Il <strong>collagene<\/strong> \u00e8 la proteina pi\u00f9 abbondante nel corpo; si trova nelle ossa, nella pelle, nei muscoli e nei tendini. Partecipa a processi come il supporto della coagulazione del sangue, la guarigione delle ferite e la protezione del sistema nervoso. Con l&#8217;et\u00e0, la produzione di collagene diminuisce naturalmente, e l&#8217;assunzione di integratori alimentari o prodotti contenenti collagene pu\u00f2 portare benefici per la salute e cosmetici.  <\/p>\n","protected":false},"featured_media":25239,"template":"","meta":{"_acf_changed":false},"product_brand":[],"product_cat":[1530],"product_tag":[],"class_list":{"0":"post-25246","1":"product","2":"type-product","3":"status-publish","4":"has-post-thumbnail","6":"product_cat-additivi-per-integratori","8":"first","9":"instock","10":"shipping-taxable","11":"product-type-simple"},"acf":[],"yoast_head":"<!-- This site is optimized with the Yoast SEO plugin v27.4 - https:\/\/yoast.com\/product\/yoast-seo-wordpress\/ -->\n<title>Collagene - NATURAL POLAND - Distributore all&#039;ingrosso di materie prime<\/title>\n<meta name=\"description\" content=\"Il collagene \u00e8 un ingrediente indispensabile nell&#039;integrazione alimentare, alla base della salute di pelle, capelli, unghie, articolazioni e ossa.\" \/>\n<meta name=\"robots\" content=\"index, follow, max-snippet:-1, max-image-preview:large, max-video-preview:-1\" \/>\n<link rel=\"canonical\" href=\"https:\/\/naturalpoland.com\/it\/produkty\/prodotti-per-industria-farmaceutica-e-medica\/additivi-per-integratori\/collagene\/\" \/>\n<meta property=\"og:locale\" content=\"it_IT\" \/>\n<meta property=\"og:type\" content=\"article\" \/>\n<meta property=\"og:title\" content=\"Collagene - NATURAL POLAND - Distributore all&#039;ingrosso di materie prime\" \/>\n<meta property=\"og:description\" content=\"Il collagene \u00e8 un ingrediente indispensabile nell&#039;integrazione alimentare, alla base della salute di pelle, capelli, unghie, articolazioni e ossa.\" \/>\n<meta property=\"og:url\" content=\"https:\/\/naturalpoland.com\/it\/produkty\/prodotti-per-industria-farmaceutica-e-medica\/additivi-per-integratori\/collagene\/\" \/>\n<meta property=\"og:site_name\" content=\"NATURAL POLAND - Distributore all&#039;ingrosso di materie prime\" \/>\n<meta property=\"article:publisher\" content=\"https:\/\/www.facebook.com\/naturalpoland.b2b\" \/>\n<meta property=\"article:modified_time\" content=\"2026-03-23T10:24:01+00:00\" \/>\n<meta property=\"og:image\" content=\"https:\/\/naturalpoland.com\/wp-content\/uploads\/collagen.jpg\" \/>\n\t<meta property=\"og:image:width\" content=\"592\" \/>\n\t<meta property=\"og:image:height\" content=\"592\" \/>\n\t<meta property=\"og:image:type\" content=\"image\/jpeg\" \/>\n<script type=\"application\/ld+json\" class=\"yoast-schema-graph\">{\"@context\":\"https:\\\/\\\/schema.org\",\"@graph\":[{\"@type\":\"WebPage\",\"@id\":\"https:\\\/\\\/naturalpoland.com\\\/it\\\/produkty\\\/prodotti-per-industria-farmaceutica-e-medica\\\/additivi-per-integratori\\\/collagene\\\/\",\"url\":\"https:\\\/\\\/naturalpoland.com\\\/it\\\/produkty\\\/prodotti-per-industria-farmaceutica-e-medica\\\/additivi-per-integratori\\\/collagene\\\/\",\"name\":\"Collagene - NATURAL POLAND - Distributore all'ingrosso di materie prime\",\"isPartOf\":{\"@id\":\"https:\\\/\\\/naturalpoland.com\\\/it\\\/#website\"},\"primaryImageOfPage\":{\"@id\":\"https:\\\/\\\/naturalpoland.com\\\/it\\\/produkty\\\/prodotti-per-industria-farmaceutica-e-medica\\\/additivi-per-integratori\\\/collagene\\\/#primaryimage\"},\"image\":{\"@id\":\"https:\\\/\\\/naturalpoland.com\\\/it\\\/produkty\\\/prodotti-per-industria-farmaceutica-e-medica\\\/additivi-per-integratori\\\/collagene\\\/#primaryimage\"},\"thumbnailUrl\":\"https:\\\/\\\/naturalpoland.com\\\/wp-content\\\/uploads\\\/collagen.jpg\",\"datePublished\":\"2023-09-01T07:36:08+00:00\",\"dateModified\":\"2026-03-23T10:24:01+00:00\",\"description\":\"Il collagene \u00e8 un ingrediente indispensabile nell'integrazione alimentare, alla base della salute di pelle, capelli, unghie, articolazioni e ossa.\",\"breadcrumb\":{\"@id\":\"https:\\\/\\\/naturalpoland.com\\\/it\\\/produkty\\\/prodotti-per-industria-farmaceutica-e-medica\\\/additivi-per-integratori\\\/collagene\\\/#breadcrumb\"},\"inLanguage\":\"it-IT\",\"potentialAction\":[{\"@type\":\"ReadAction\",\"target\":[\"https:\\\/\\\/naturalpoland.com\\\/it\\\/produkty\\\/prodotti-per-industria-farmaceutica-e-medica\\\/additivi-per-integratori\\\/collagene\\\/\"]}]},{\"@type\":\"ImageObject\",\"inLanguage\":\"it-IT\",\"@id\":\"https:\\\/\\\/naturalpoland.com\\\/it\\\/produkty\\\/prodotti-per-industria-farmaceutica-e-medica\\\/additivi-per-integratori\\\/collagene\\\/#primaryimage\",\"url\":\"https:\\\/\\\/naturalpoland.com\\\/wp-content\\\/uploads\\\/collagen.jpg\",\"contentUrl\":\"https:\\\/\\\/naturalpoland.com\\\/wp-content\\\/uploads\\\/collagen.jpg\",\"width\":592,\"height\":592,\"caption\":\"collagene\"},{\"@type\":\"BreadcrumbList\",\"@id\":\"https:\\\/\\\/naturalpoland.com\\\/it\\\/produkty\\\/prodotti-per-industria-farmaceutica-e-medica\\\/additivi-per-integratori\\\/collagene\\\/#breadcrumb\",\"itemListElement\":[{\"@type\":\"ListItem\",\"position\":1,\"name\":\"Home\",\"item\":\"https:\\\/\\\/naturalpoland.com\\\/it\\\/\"},{\"@type\":\"ListItem\",\"position\":2,\"name\":\"Prodotti\",\"item\":\"https:\\\/\\\/naturalpoland.com\\\/it\\\/prodotti\\\/\"},{\"@type\":\"ListItem\",\"position\":3,\"name\":\"Collagene\"}]},{\"@type\":\"WebSite\",\"@id\":\"https:\\\/\\\/naturalpoland.com\\\/it\\\/#website\",\"url\":\"https:\\\/\\\/naturalpoland.com\\\/it\\\/\",\"name\":\"NATURAL POLAND - Distributore all'ingrosso di materie prime\",\"description\":\"Surowce dla przemys\u0142u spo\u017cywczego, kosmetycznego i farmaceutycznego\",\"publisher\":{\"@id\":\"https:\\\/\\\/naturalpoland.com\\\/it\\\/#organization\"},\"potentialAction\":[{\"@type\":\"SearchAction\",\"target\":{\"@type\":\"EntryPoint\",\"urlTemplate\":\"https:\\\/\\\/naturalpoland.com\\\/it\\\/?s={search_term_string}\"},\"query-input\":{\"@type\":\"PropertyValueSpecification\",\"valueRequired\":true,\"valueName\":\"search_term_string\"}}],\"inLanguage\":\"it-IT\"},{\"@type\":\"Organization\",\"@id\":\"https:\\\/\\\/naturalpoland.com\\\/it\\\/#organization\",\"name\":\"Natural Poland\",\"url\":\"https:\\\/\\\/naturalpoland.com\\\/it\\\/\",\"logo\":{\"@type\":\"ImageObject\",\"inLanguage\":\"it-IT\",\"@id\":\"https:\\\/\\\/naturalpoland.com\\\/it\\\/#\\\/schema\\\/logo\\\/image\\\/\",\"url\":\"https:\\\/\\\/naturalpoland.com\\\/wp-content\\\/uploads\\\/2021\\\/05\\\/natural-poland-icon.png\",\"contentUrl\":\"https:\\\/\\\/naturalpoland.com\\\/wp-content\\\/uploads\\\/2021\\\/05\\\/natural-poland-icon.png\",\"width\":512,\"height\":512,\"caption\":\"Natural Poland\"},\"image\":{\"@id\":\"https:\\\/\\\/naturalpoland.com\\\/it\\\/#\\\/schema\\\/logo\\\/image\\\/\"},\"sameAs\":[\"https:\\\/\\\/www.facebook.com\\\/naturalpoland.b2b\",\"https:\\\/\\\/pl.linkedin.com\\\/company\\\/natural-poland\",\"https:\\\/\\\/www.youtube.com\\\/channel\\\/UCgeGGkvOMahZo-xu_MSEWxg\"]}]}<\/script>\n<!-- \/ Yoast SEO plugin. -->","yoast_head_json":{"title":"Collagene - NATURAL POLAND - Distributore all'ingrosso di materie prime","description":"Il collagene \u00e8 un ingrediente indispensabile nell'integrazione alimentare, alla base della salute di pelle, capelli, unghie, articolazioni e ossa.","robots":{"index":"index","follow":"follow","max-snippet":"max-snippet:-1","max-image-preview":"max-image-preview:large","max-video-preview":"max-video-preview:-1"},"canonical":"https:\/\/naturalpoland.com\/it\/produkty\/prodotti-per-industria-farmaceutica-e-medica\/additivi-per-integratori\/collagene\/","og_locale":"it_IT","og_type":"article","og_title":"Collagene - NATURAL POLAND - Distributore all'ingrosso di materie prime","og_description":"Il collagene \u00e8 un ingrediente indispensabile nell'integrazione alimentare, alla base della salute di pelle, capelli, unghie, articolazioni e ossa.","og_url":"https:\/\/naturalpoland.com\/it\/produkty\/prodotti-per-industria-farmaceutica-e-medica\/additivi-per-integratori\/collagene\/","og_site_name":"NATURAL POLAND - Distributore all'ingrosso di materie prime","article_publisher":"https:\/\/www.facebook.com\/naturalpoland.b2b","article_modified_time":"2026-03-23T10:24:01+00:00","og_image":[{"width":592,"height":592,"url":"https:\/\/naturalpoland.com\/wp-content\/uploads\/collagen.jpg","type":"image\/jpeg"}],"schema":{"@context":"https:\/\/schema.org","@graph":[{"@type":"WebPage","@id":"https:\/\/naturalpoland.com\/it\/produkty\/prodotti-per-industria-farmaceutica-e-medica\/additivi-per-integratori\/collagene\/","url":"https:\/\/naturalpoland.com\/it\/produkty\/prodotti-per-industria-farmaceutica-e-medica\/additivi-per-integratori\/collagene\/","name":"Collagene - NATURAL POLAND - Distributore all'ingrosso di materie prime","isPartOf":{"@id":"https:\/\/naturalpoland.com\/it\/#website"},"primaryImageOfPage":{"@id":"https:\/\/naturalpoland.com\/it\/produkty\/prodotti-per-industria-farmaceutica-e-medica\/additivi-per-integratori\/collagene\/#primaryimage"},"image":{"@id":"https:\/\/naturalpoland.com\/it\/produkty\/prodotti-per-industria-farmaceutica-e-medica\/additivi-per-integratori\/collagene\/#primaryimage"},"thumbnailUrl":"https:\/\/naturalpoland.com\/wp-content\/uploads\/collagen.jpg","datePublished":"2023-09-01T07:36:08+00:00","dateModified":"2026-03-23T10:24:01+00:00","description":"Il collagene \u00e8 un ingrediente indispensabile nell'integrazione alimentare, alla base della salute di pelle, capelli, unghie, articolazioni e ossa.","breadcrumb":{"@id":"https:\/\/naturalpoland.com\/it\/produkty\/prodotti-per-industria-farmaceutica-e-medica\/additivi-per-integratori\/collagene\/#breadcrumb"},"inLanguage":"it-IT","potentialAction":[{"@type":"ReadAction","target":["https:\/\/naturalpoland.com\/it\/produkty\/prodotti-per-industria-farmaceutica-e-medica\/additivi-per-integratori\/collagene\/"]}]},{"@type":"ImageObject","inLanguage":"it-IT","@id":"https:\/\/naturalpoland.com\/it\/produkty\/prodotti-per-industria-farmaceutica-e-medica\/additivi-per-integratori\/collagene\/#primaryimage","url":"https:\/\/naturalpoland.com\/wp-content\/uploads\/collagen.jpg","contentUrl":"https:\/\/naturalpoland.com\/wp-content\/uploads\/collagen.jpg","width":592,"height":592,"caption":"collagene"},{"@type":"BreadcrumbList","@id":"https:\/\/naturalpoland.com\/it\/produkty\/prodotti-per-industria-farmaceutica-e-medica\/additivi-per-integratori\/collagene\/#breadcrumb","itemListElement":[{"@type":"ListItem","position":1,"name":"Home","item":"https:\/\/naturalpoland.com\/it\/"},{"@type":"ListItem","position":2,"name":"Prodotti","item":"https:\/\/naturalpoland.com\/it\/prodotti\/"},{"@type":"ListItem","position":3,"name":"Collagene"}]},{"@type":"WebSite","@id":"https:\/\/naturalpoland.com\/it\/#website","url":"https:\/\/naturalpoland.com\/it\/","name":"NATURAL POLAND - Distributore all'ingrosso di materie prime","description":"Surowce dla przemys\u0142u spo\u017cywczego, kosmetycznego i farmaceutycznego","publisher":{"@id":"https:\/\/naturalpoland.com\/it\/#organization"},"potentialAction":[{"@type":"SearchAction","target":{"@type":"EntryPoint","urlTemplate":"https:\/\/naturalpoland.com\/it\/?s={search_term_string}"},"query-input":{"@type":"PropertyValueSpecification","valueRequired":true,"valueName":"search_term_string"}}],"inLanguage":"it-IT"},{"@type":"Organization","@id":"https:\/\/naturalpoland.com\/it\/#organization","name":"Natural Poland","url":"https:\/\/naturalpoland.com\/it\/","logo":{"@type":"ImageObject","inLanguage":"it-IT","@id":"https:\/\/naturalpoland.com\/it\/#\/schema\/logo\/image\/","url":"https:\/\/naturalpoland.com\/wp-content\/uploads\/2021\/05\/natural-poland-icon.png","contentUrl":"https:\/\/naturalpoland.com\/wp-content\/uploads\/2021\/05\/natural-poland-icon.png","width":512,"height":512,"caption":"Natural Poland"},"image":{"@id":"https:\/\/naturalpoland.com\/it\/#\/schema\/logo\/image\/"},"sameAs":["https:\/\/www.facebook.com\/naturalpoland.b2b","https:\/\/pl.linkedin.com\/company\/natural-poland","https:\/\/www.youtube.com\/channel\/UCgeGGkvOMahZo-xu_MSEWxg"]}]}},"_links":{"self":[{"href":"https:\/\/naturalpoland.com\/it\/wp-json\/wp\/v2\/product\/25246","targetHints":{"allow":["GET"]}}],"collection":[{"href":"https:\/\/naturalpoland.com\/it\/wp-json\/wp\/v2\/product"}],"about":[{"href":"https:\/\/naturalpoland.com\/it\/wp-json\/wp\/v2\/types\/product"}],"wp:featuredmedia":[{"embeddable":true,"href":"https:\/\/naturalpoland.com\/it\/wp-json\/wp\/v2\/media\/25239"}],"wp:attachment":[{"href":"https:\/\/naturalpoland.com\/it\/wp-json\/wp\/v2\/media?parent=25246"}],"wp:term":[{"taxonomy":"product_brand","embeddable":true,"href":"https:\/\/naturalpoland.com\/it\/wp-json\/wp\/v2\/product_brand?post=25246"},{"taxonomy":"product_cat","embeddable":true,"href":"https:\/\/naturalpoland.com\/it\/wp-json\/wp\/v2\/product_cat?post=25246"},{"taxonomy":"product_tag","embeddable":true,"href":"https:\/\/naturalpoland.com\/it\/wp-json\/wp\/v2\/product_tag?post=25246"}],"curies":[{"name":"wp","href":"https:\/\/api.w.org\/{rel}","templated":true}]}}