{"id":26524,"date":"2023-10-06T11:10:38","date_gmt":"2023-10-06T09:28:38","guid":{"rendered":"https:\/\/naturalpoland.com\/produkty\/senza-categoria\/estratto-di-yerba-santa-fermentato\/"},"modified":"2023-10-06T11:28:38","modified_gmt":"2023-10-06T09:28:38","slug":"estratto-fermentato-di-yerba-santa","status":"publish","type":"product","link":"https:\/\/naturalpoland.com\/it\/produkty\/prodotti-per-industria-cosmetica\/estratti-fermentati\/estratto-fermentato-di-yerba-santa\/","title":{"rendered":"Estratto di Yerba Santa fermentato"},"content":{"rendered":"<p>Questo straordinario ingrediente \u00e8 apprezzato per la sua intensa azione idratante. L&#8217;estratto di Yerba Santa fermentata aiuta a mantenere i livelli ottimali di idratazione della pelle, prevenendo la perdita di acqua e idratando intensamente la pelle. Questo \u00e8 fondamentale per mantenere una pelle sana, luminosa e dall&#8217;aspetto giovane.<\/p>\n<p>Inoltre, l&#8217;estratto di Yerba Santa ha propriet\u00e0 antinfiammatorie e calmanti. Ha un effetto lenitivo sulle irritazioni, riduce gli arrossamenti e favorisce i processi rigenerativi della pelle. Le sue propriet\u00e0 uniche lo rendono un ingrediente ideale per i cosmetici destinati alle pelli sensibili, vascolari o soggette a irritazioni.<\/p>\n<p>Grazie al processo di fermentazione, i composti bioattivi contenuti nella Yerba Santa sono ancora pi\u00f9 concentrati e biodisponibili per la pelle, aumentando la loro efficacia. Pertanto, l&#8217;estratto di Yerba Santa fermentata non \u00e8 solo un idratante intensivo, ma supporta anche i naturali meccanismi di difesa della pelle.<\/p>\n<p>L&#8217;uso di questo estratto nei prodotti cosmetici promette una cura e un nutrimento profondi della pelle, senza l&#8217;aggravio della texture. \u00c8 un ingrediente eccellente per la formulazione di creme, sieri, maschere e altri prodotti per la cura della pelle per diversi tipi di pelle, soprattutto per quelle che hanno bisogno di essere rigenerate e lenite.<\/p>\n<p>La sua azione poliedrica dona sollievo alla pelle, lasciandola liscia, morbida e completamente rigenerata. L&#8217;estratto di Yerba Santa fermentata \u00e8 la quintessenza del lusso e dell&#8217;efficacia nella cura della pelle. Introdurlo nelle vostre formule cosmetiche arricchir\u00e0 sicuramente la vostra offerta e soddisfer\u00e0 i clienti pi\u00f9 esigenti.<\/p>\n","protected":false},"excerpt":{"rendered":"<p>L&#8217;estratto di Yerba Santa fermentata (INCI: <em>Yerba Santa Extract<\/em>) \u00e8 un ingrediente cosmetico innovativo che si distingue per le sue eccezionali propriet\u00e0 di trattamento della pelle. Estratto dalla pianta di Yerba Santa, nota anche come &#8220;erba sacra&#8221;, questo esclusivo estratto \u00e8 ricco di composti attivi unici con comprovati effetti curativi sulla pelle.<\/p>\n","protected":false},"featured_media":26486,"template":"","meta":{"_acf_changed":false},"product_brand":[],"product_cat":[2687],"product_tag":[],"class_list":{"0":"post-26524","1":"product","2":"type-product","3":"status-publish","4":"has-post-thumbnail","6":"product_cat-estratti-fermentati","8":"first","9":"instock","10":"shipping-taxable","11":"product-type-simple"},"acf":[],"yoast_head":"<!-- This site is optimized with the Yoast SEO plugin v27.5 - https:\/\/yoast.com\/product\/yoast-seo-wordpress\/ -->\n<title>Estratto di Yerba Santa fermentato - Distributore all&#039;ingrosso<\/title>\n<meta name=\"description\" content=\"L&#039;estratto di Yerba Santa fermentata \u00e8 un ingrediente cosmetico innovativo che si distingue per le sue eccezionali propriet\u00e0 di cura della pelle.\" \/>\n<meta name=\"robots\" content=\"index, follow, max-snippet:-1, max-image-preview:large, max-video-preview:-1\" \/>\n<link rel=\"canonical\" href=\"https:\/\/naturalpoland.com\/it\/produkty\/prodotti-per-industria-cosmetica\/estratti-fermentati\/estratto-fermentato-di-yerba-santa\/\" \/>\n<meta property=\"og:locale\" content=\"it_IT\" \/>\n<meta property=\"og:type\" content=\"article\" \/>\n<meta property=\"og:title\" content=\"Estratto di Yerba Santa fermentato - Distributore all&#039;ingrosso\" \/>\n<meta property=\"og:description\" content=\"L&#039;estratto di Yerba Santa fermentata \u00e8 un ingrediente cosmetico innovativo che si distingue per le sue eccezionali propriet\u00e0 di cura della pelle.\" \/>\n<meta property=\"og:url\" content=\"https:\/\/naturalpoland.com\/it\/produkty\/prodotti-per-industria-cosmetica\/estratti-fermentati\/estratto-fermentato-di-yerba-santa\/\" \/>\n<meta property=\"og:site_name\" content=\"NATURAL POLAND - Distributore all&#039;ingrosso di materie prime\" \/>\n<meta property=\"article:publisher\" content=\"https:\/\/www.facebook.com\/naturalpoland.b2b\" \/>\n<meta property=\"og:image\" content=\"https:\/\/naturalpoland.com\/wp-content\/uploads\/fermentowany-ekstrakt-z-yerba-santa.png\" \/>\n\t<meta property=\"og:image:width\" content=\"590\" \/>\n\t<meta property=\"og:image:height\" content=\"590\" \/>\n\t<meta property=\"og:image:type\" content=\"image\/png\" \/>\n<script type=\"application\/ld+json\" class=\"yoast-schema-graph\">{\"@context\":\"https:\\\/\\\/schema.org\",\"@graph\":[{\"@type\":\"WebPage\",\"@id\":\"https:\\\/\\\/naturalpoland.com\\\/it\\\/produkty\\\/prodotti-per-industria-cosmetica\\\/estratti-fermentati\\\/estratto-fermentato-di-yerba-santa\\\/\",\"url\":\"https:\\\/\\\/naturalpoland.com\\\/it\\\/produkty\\\/prodotti-per-industria-cosmetica\\\/estratti-fermentati\\\/estratto-fermentato-di-yerba-santa\\\/\",\"name\":\"Estratto di Yerba Santa fermentato - Distributore all'ingrosso\",\"isPartOf\":{\"@id\":\"https:\\\/\\\/naturalpoland.com\\\/it\\\/#website\"},\"primaryImageOfPage\":{\"@id\":\"https:\\\/\\\/naturalpoland.com\\\/it\\\/produkty\\\/prodotti-per-industria-cosmetica\\\/estratti-fermentati\\\/estratto-fermentato-di-yerba-santa\\\/#primaryimage\"},\"image\":{\"@id\":\"https:\\\/\\\/naturalpoland.com\\\/it\\\/produkty\\\/prodotti-per-industria-cosmetica\\\/estratti-fermentati\\\/estratto-fermentato-di-yerba-santa\\\/#primaryimage\"},\"thumbnailUrl\":\"https:\\\/\\\/naturalpoland.com\\\/wp-content\\\/uploads\\\/fermentowany-ekstrakt-z-yerba-santa.png\",\"datePublished\":\"2023-10-06T09:28:38+00:00\",\"description\":\"L'estratto di Yerba Santa fermentata \u00e8 un ingrediente cosmetico innovativo che si distingue per le sue eccezionali propriet\u00e0 di cura della pelle.\",\"breadcrumb\":{\"@id\":\"https:\\\/\\\/naturalpoland.com\\\/it\\\/produkty\\\/prodotti-per-industria-cosmetica\\\/estratti-fermentati\\\/estratto-fermentato-di-yerba-santa\\\/#breadcrumb\"},\"inLanguage\":\"it-IT\",\"potentialAction\":[{\"@type\":\"ReadAction\",\"target\":[\"https:\\\/\\\/naturalpoland.com\\\/it\\\/produkty\\\/prodotti-per-industria-cosmetica\\\/estratti-fermentati\\\/estratto-fermentato-di-yerba-santa\\\/\"]}]},{\"@type\":\"ImageObject\",\"inLanguage\":\"it-IT\",\"@id\":\"https:\\\/\\\/naturalpoland.com\\\/it\\\/produkty\\\/prodotti-per-industria-cosmetica\\\/estratti-fermentati\\\/estratto-fermentato-di-yerba-santa\\\/#primaryimage\",\"url\":\"https:\\\/\\\/naturalpoland.com\\\/wp-content\\\/uploads\\\/fermentowany-ekstrakt-z-yerba-santa.png\",\"contentUrl\":\"https:\\\/\\\/naturalpoland.com\\\/wp-content\\\/uploads\\\/fermentowany-ekstrakt-z-yerba-santa.png\",\"width\":590,\"height\":590,\"caption\":\"Estratto di Yerba Santa fermentata\"},{\"@type\":\"BreadcrumbList\",\"@id\":\"https:\\\/\\\/naturalpoland.com\\\/it\\\/produkty\\\/prodotti-per-industria-cosmetica\\\/estratti-fermentati\\\/estratto-fermentato-di-yerba-santa\\\/#breadcrumb\",\"itemListElement\":[{\"@type\":\"ListItem\",\"position\":1,\"name\":\"Home\",\"item\":\"https:\\\/\\\/naturalpoland.com\\\/it\\\/\"},{\"@type\":\"ListItem\",\"position\":2,\"name\":\"Prodotti\",\"item\":\"https:\\\/\\\/naturalpoland.com\\\/it\\\/prodotti\\\/\"},{\"@type\":\"ListItem\",\"position\":3,\"name\":\"Estratto di Yerba Santa fermentato\"}]},{\"@type\":\"WebSite\",\"@id\":\"https:\\\/\\\/naturalpoland.com\\\/it\\\/#website\",\"url\":\"https:\\\/\\\/naturalpoland.com\\\/it\\\/\",\"name\":\"NATURAL POLAND - Distributore all'ingrosso di materie prime\",\"description\":\"Surowce dla przemys\u0142u spo\u017cywczego, kosmetycznego i farmaceutycznego\",\"publisher\":{\"@id\":\"https:\\\/\\\/naturalpoland.com\\\/it\\\/#organization\"},\"potentialAction\":[{\"@type\":\"SearchAction\",\"target\":{\"@type\":\"EntryPoint\",\"urlTemplate\":\"https:\\\/\\\/naturalpoland.com\\\/it\\\/?s={search_term_string}\"},\"query-input\":{\"@type\":\"PropertyValueSpecification\",\"valueRequired\":true,\"valueName\":\"search_term_string\"}}],\"inLanguage\":\"it-IT\"},{\"@type\":\"Organization\",\"@id\":\"https:\\\/\\\/naturalpoland.com\\\/it\\\/#organization\",\"name\":\"Natural Poland\",\"url\":\"https:\\\/\\\/naturalpoland.com\\\/it\\\/\",\"logo\":{\"@type\":\"ImageObject\",\"inLanguage\":\"it-IT\",\"@id\":\"https:\\\/\\\/naturalpoland.com\\\/it\\\/#\\\/schema\\\/logo\\\/image\\\/\",\"url\":\"https:\\\/\\\/naturalpoland.com\\\/wp-content\\\/uploads\\\/2021\\\/05\\\/natural-poland-icon.png\",\"contentUrl\":\"https:\\\/\\\/naturalpoland.com\\\/wp-content\\\/uploads\\\/2021\\\/05\\\/natural-poland-icon.png\",\"width\":512,\"height\":512,\"caption\":\"Natural Poland\"},\"image\":{\"@id\":\"https:\\\/\\\/naturalpoland.com\\\/it\\\/#\\\/schema\\\/logo\\\/image\\\/\"},\"sameAs\":[\"https:\\\/\\\/www.facebook.com\\\/naturalpoland.b2b\",\"https:\\\/\\\/pl.linkedin.com\\\/company\\\/natural-poland\",\"https:\\\/\\\/www.youtube.com\\\/channel\\\/UCgeGGkvOMahZo-xu_MSEWxg\"]}]}<\/script>\n<!-- \/ Yoast SEO plugin. -->","yoast_head_json":{"title":"Estratto di Yerba Santa fermentato - Distributore all'ingrosso","description":"L'estratto di Yerba Santa fermentata \u00e8 un ingrediente cosmetico innovativo che si distingue per le sue eccezionali propriet\u00e0 di cura della pelle.","robots":{"index":"index","follow":"follow","max-snippet":"max-snippet:-1","max-image-preview":"max-image-preview:large","max-video-preview":"max-video-preview:-1"},"canonical":"https:\/\/naturalpoland.com\/it\/produkty\/prodotti-per-industria-cosmetica\/estratti-fermentati\/estratto-fermentato-di-yerba-santa\/","og_locale":"it_IT","og_type":"article","og_title":"Estratto di Yerba Santa fermentato - Distributore all'ingrosso","og_description":"L'estratto di Yerba Santa fermentata \u00e8 un ingrediente cosmetico innovativo che si distingue per le sue eccezionali propriet\u00e0 di cura della pelle.","og_url":"https:\/\/naturalpoland.com\/it\/produkty\/prodotti-per-industria-cosmetica\/estratti-fermentati\/estratto-fermentato-di-yerba-santa\/","og_site_name":"NATURAL POLAND - Distributore all'ingrosso di materie prime","article_publisher":"https:\/\/www.facebook.com\/naturalpoland.b2b","og_image":[{"width":590,"height":590,"url":"https:\/\/naturalpoland.com\/wp-content\/uploads\/fermentowany-ekstrakt-z-yerba-santa.png","type":"image\/png"}],"schema":{"@context":"https:\/\/schema.org","@graph":[{"@type":"WebPage","@id":"https:\/\/naturalpoland.com\/it\/produkty\/prodotti-per-industria-cosmetica\/estratti-fermentati\/estratto-fermentato-di-yerba-santa\/","url":"https:\/\/naturalpoland.com\/it\/produkty\/prodotti-per-industria-cosmetica\/estratti-fermentati\/estratto-fermentato-di-yerba-santa\/","name":"Estratto di Yerba Santa fermentato - Distributore all'ingrosso","isPartOf":{"@id":"https:\/\/naturalpoland.com\/it\/#website"},"primaryImageOfPage":{"@id":"https:\/\/naturalpoland.com\/it\/produkty\/prodotti-per-industria-cosmetica\/estratti-fermentati\/estratto-fermentato-di-yerba-santa\/#primaryimage"},"image":{"@id":"https:\/\/naturalpoland.com\/it\/produkty\/prodotti-per-industria-cosmetica\/estratti-fermentati\/estratto-fermentato-di-yerba-santa\/#primaryimage"},"thumbnailUrl":"https:\/\/naturalpoland.com\/wp-content\/uploads\/fermentowany-ekstrakt-z-yerba-santa.png","datePublished":"2023-10-06T09:28:38+00:00","description":"L'estratto di Yerba Santa fermentata \u00e8 un ingrediente cosmetico innovativo che si distingue per le sue eccezionali propriet\u00e0 di cura della pelle.","breadcrumb":{"@id":"https:\/\/naturalpoland.com\/it\/produkty\/prodotti-per-industria-cosmetica\/estratti-fermentati\/estratto-fermentato-di-yerba-santa\/#breadcrumb"},"inLanguage":"it-IT","potentialAction":[{"@type":"ReadAction","target":["https:\/\/naturalpoland.com\/it\/produkty\/prodotti-per-industria-cosmetica\/estratti-fermentati\/estratto-fermentato-di-yerba-santa\/"]}]},{"@type":"ImageObject","inLanguage":"it-IT","@id":"https:\/\/naturalpoland.com\/it\/produkty\/prodotti-per-industria-cosmetica\/estratti-fermentati\/estratto-fermentato-di-yerba-santa\/#primaryimage","url":"https:\/\/naturalpoland.com\/wp-content\/uploads\/fermentowany-ekstrakt-z-yerba-santa.png","contentUrl":"https:\/\/naturalpoland.com\/wp-content\/uploads\/fermentowany-ekstrakt-z-yerba-santa.png","width":590,"height":590,"caption":"Estratto di Yerba Santa fermentata"},{"@type":"BreadcrumbList","@id":"https:\/\/naturalpoland.com\/it\/produkty\/prodotti-per-industria-cosmetica\/estratti-fermentati\/estratto-fermentato-di-yerba-santa\/#breadcrumb","itemListElement":[{"@type":"ListItem","position":1,"name":"Home","item":"https:\/\/naturalpoland.com\/it\/"},{"@type":"ListItem","position":2,"name":"Prodotti","item":"https:\/\/naturalpoland.com\/it\/prodotti\/"},{"@type":"ListItem","position":3,"name":"Estratto di Yerba Santa fermentato"}]},{"@type":"WebSite","@id":"https:\/\/naturalpoland.com\/it\/#website","url":"https:\/\/naturalpoland.com\/it\/","name":"NATURAL POLAND - Distributore all'ingrosso di materie prime","description":"Surowce dla przemys\u0142u spo\u017cywczego, kosmetycznego i farmaceutycznego","publisher":{"@id":"https:\/\/naturalpoland.com\/it\/#organization"},"potentialAction":[{"@type":"SearchAction","target":{"@type":"EntryPoint","urlTemplate":"https:\/\/naturalpoland.com\/it\/?s={search_term_string}"},"query-input":{"@type":"PropertyValueSpecification","valueRequired":true,"valueName":"search_term_string"}}],"inLanguage":"it-IT"},{"@type":"Organization","@id":"https:\/\/naturalpoland.com\/it\/#organization","name":"Natural Poland","url":"https:\/\/naturalpoland.com\/it\/","logo":{"@type":"ImageObject","inLanguage":"it-IT","@id":"https:\/\/naturalpoland.com\/it\/#\/schema\/logo\/image\/","url":"https:\/\/naturalpoland.com\/wp-content\/uploads\/2021\/05\/natural-poland-icon.png","contentUrl":"https:\/\/naturalpoland.com\/wp-content\/uploads\/2021\/05\/natural-poland-icon.png","width":512,"height":512,"caption":"Natural Poland"},"image":{"@id":"https:\/\/naturalpoland.com\/it\/#\/schema\/logo\/image\/"},"sameAs":["https:\/\/www.facebook.com\/naturalpoland.b2b","https:\/\/pl.linkedin.com\/company\/natural-poland","https:\/\/www.youtube.com\/channel\/UCgeGGkvOMahZo-xu_MSEWxg"]}]}},"_links":{"self":[{"href":"https:\/\/naturalpoland.com\/it\/wp-json\/wp\/v2\/product\/26524","targetHints":{"allow":["GET"]}}],"collection":[{"href":"https:\/\/naturalpoland.com\/it\/wp-json\/wp\/v2\/product"}],"about":[{"href":"https:\/\/naturalpoland.com\/it\/wp-json\/wp\/v2\/types\/product"}],"wp:featuredmedia":[{"embeddable":true,"href":"https:\/\/naturalpoland.com\/it\/wp-json\/wp\/v2\/media\/26486"}],"wp:attachment":[{"href":"https:\/\/naturalpoland.com\/it\/wp-json\/wp\/v2\/media?parent=26524"}],"wp:term":[{"taxonomy":"product_brand","embeddable":true,"href":"https:\/\/naturalpoland.com\/it\/wp-json\/wp\/v2\/product_brand?post=26524"},{"taxonomy":"product_cat","embeddable":true,"href":"https:\/\/naturalpoland.com\/it\/wp-json\/wp\/v2\/product_cat?post=26524"},{"taxonomy":"product_tag","embeddable":true,"href":"https:\/\/naturalpoland.com\/it\/wp-json\/wp\/v2\/product_tag?post=26524"}],"curies":[{"name":"wp","href":"https:\/\/api.w.org\/{rel}","templated":true}]}}