{"id":26546,"date":"2023-10-06T10:28:28","date_gmt":"2023-10-06T09:39:04","guid":{"rendered":"https:\/\/naturalpoland.com\/produkty\/senza-categoria\/estratto-di-fiordaliso-fermentato\/"},"modified":"2023-10-06T11:39:04","modified_gmt":"2023-10-06T09:39:04","slug":"estratto-di-cabra-fermentata","status":"publish","type":"product","link":"https:\/\/naturalpoland.com\/it\/produkty\/prodotti-per-industria-cosmetica\/estratti-fermentati\/estratto-di-cabra-fermentata\/","title":{"rendered":"Estratto di fiordaliso fermentato"},"content":{"rendered":"<p>Il fiordaliso \u00e8 conosciuto e apprezzato da secoli nella <strong><br \/>\n  <a href=\"https:\/\/naturalpoland.com\/artykuly\/produkty-naturalne\/fitochemia-jak-dzialaja-ekstrakty-roslinne\/\">fitocosmesi<\/a><br \/>\n<\/strong> composto, che vanta forti propriet\u00e0 lenitive e antinfiammatorie. Grazie alla fermentazione, i suoi principi attivi, come i flavonoidi e le antocianine, vengono potenziati e diventano pi\u00f9 accessibili alla pelle, intensificando l&#8217;effetto dell&#8217;estratto.<\/p>\n<p>L&#8217;estratto di fiordaliso fermentato lenisce la pelle, minimizzando arrossamenti e irritazioni. Questo \u00e8 fondamentale per chi ha la pelle sensibile o soggetta ad allergie, per la quale gli effetti lenitivi e stabilizzanti naturali sono preziosi. L&#8217;ingrediente \u00e8 consigliato anche nei cosmetici doposole, dove pu\u00f2 dare sollievo alla pelle irritata dal sole.<\/p>\n<p>L&#8217;estratto \u00e8 apprezzato anche per le sue propriet\u00e0 rassodanti e idratanti. Contribuisce a mantenere l&#8217;epidermide correttamente idratata, il che \u00e8 fondamentale per un aspetto e una funzione sani. Ha anche un effetto positivo sul miglioramento dell&#8217;elasticit\u00e0 e della compattezza della pelle, il che la rende un&#8217;ottima aggiunta ai prodotti anti-invecchiamento.<\/p>\n<p>La variet\u00e0 di usi dell&#8217;estratto di fiordaliso fermentato lo rende un ingrediente ideale per varie preparazioni cosmetiche, come creme, formaggi, maschere e tonici. La sua azione versatile ma molto evidente lo rende un ingrediente desiderabile nelle formulazioni cosmetiche per pelli sensibili, mature e bisognose di rigenerazione.<\/p>\n","protected":false},"excerpt":{"rendered":"<p>L&#8217;estratto di <em>fiordaliso<\/em> fermentato (INCI: <em>Cornflower Ferment Extract<\/em>) \u00e8 un ingrediente cosmetico d&#8217;\u00e9lite che combina le propriet\u00e0 tradizionali del <em>fiordaliso<\/em> con una tecnologia di fermentazione avanzata. \u00c8 un ingrediente adatto a un&#8217;ampia gamma di prodotti per la cura della pelle, che dona sollievo e comfort alle pelli sensibili e stanche.<\/p>\n","protected":false},"featured_media":26395,"template":"","meta":{"_acf_changed":false},"product_brand":[],"product_cat":[2687],"product_tag":[],"class_list":{"0":"post-26546","1":"product","2":"type-product","3":"status-publish","4":"has-post-thumbnail","6":"product_cat-estratti-fermentati","8":"first","9":"instock","10":"shipping-taxable","11":"product-type-simple"},"acf":[],"yoast_head":"<!-- This site is optimized with the Yoast SEO plugin v27.4 - https:\/\/yoast.com\/product\/yoast-seo-wordpress\/ -->\n<title>Estratto di fiordaliso fermentato - Distributore all&#039;ingrosso<\/title>\n<meta name=\"description\" content=\"L&#039;estratto di fiordaliso fermentato combina le propriet\u00e0 tradizionali del fiordaliso con una tecnologia di fermentazione avanzata.\" \/>\n<meta name=\"robots\" content=\"index, follow, max-snippet:-1, max-image-preview:large, max-video-preview:-1\" \/>\n<link rel=\"canonical\" href=\"https:\/\/naturalpoland.com\/it\/produkty\/prodotti-per-industria-cosmetica\/estratti-fermentati\/estratto-di-cabra-fermentata\/\" \/>\n<meta property=\"og:locale\" content=\"it_IT\" \/>\n<meta property=\"og:type\" content=\"article\" \/>\n<meta property=\"og:title\" content=\"Estratto di fiordaliso fermentato - Distributore all&#039;ingrosso\" \/>\n<meta property=\"og:description\" content=\"L&#039;estratto di fiordaliso fermentato combina le propriet\u00e0 tradizionali del fiordaliso con una tecnologia di fermentazione avanzata.\" \/>\n<meta property=\"og:url\" content=\"https:\/\/naturalpoland.com\/it\/produkty\/prodotti-per-industria-cosmetica\/estratti-fermentati\/estratto-di-cabra-fermentata\/\" \/>\n<meta property=\"og:site_name\" content=\"NATURAL POLAND - Distributore all&#039;ingrosso di materie prime\" \/>\n<meta property=\"article:publisher\" content=\"https:\/\/www.facebook.com\/naturalpoland.b2b\" \/>\n<meta property=\"og:image\" content=\"https:\/\/naturalpoland.com\/wp-content\/uploads\/fermentowany-ekstrakt-z-chabra-blawatka.png\" \/>\n\t<meta property=\"og:image:width\" content=\"590\" \/>\n\t<meta property=\"og:image:height\" content=\"590\" \/>\n\t<meta property=\"og:image:type\" content=\"image\/png\" \/>\n<script type=\"application\/ld+json\" class=\"yoast-schema-graph\">{\"@context\":\"https:\\\/\\\/schema.org\",\"@graph\":[{\"@type\":\"WebPage\",\"@id\":\"https:\\\/\\\/naturalpoland.com\\\/it\\\/produkty\\\/prodotti-per-industria-cosmetica\\\/estratti-fermentati\\\/estratto-di-cabra-fermentata\\\/\",\"url\":\"https:\\\/\\\/naturalpoland.com\\\/it\\\/produkty\\\/prodotti-per-industria-cosmetica\\\/estratti-fermentati\\\/estratto-di-cabra-fermentata\\\/\",\"name\":\"Estratto di fiordaliso fermentato - Distributore all'ingrosso\",\"isPartOf\":{\"@id\":\"https:\\\/\\\/naturalpoland.com\\\/it\\\/#website\"},\"primaryImageOfPage\":{\"@id\":\"https:\\\/\\\/naturalpoland.com\\\/it\\\/produkty\\\/prodotti-per-industria-cosmetica\\\/estratti-fermentati\\\/estratto-di-cabra-fermentata\\\/#primaryimage\"},\"image\":{\"@id\":\"https:\\\/\\\/naturalpoland.com\\\/it\\\/produkty\\\/prodotti-per-industria-cosmetica\\\/estratti-fermentati\\\/estratto-di-cabra-fermentata\\\/#primaryimage\"},\"thumbnailUrl\":\"https:\\\/\\\/naturalpoland.com\\\/wp-content\\\/uploads\\\/fermentowany-ekstrakt-z-chabra-blawatka.png\",\"datePublished\":\"2023-10-06T09:39:04+00:00\",\"description\":\"L'estratto di fiordaliso fermentato combina le propriet\u00e0 tradizionali del fiordaliso con una tecnologia di fermentazione avanzata.\",\"breadcrumb\":{\"@id\":\"https:\\\/\\\/naturalpoland.com\\\/it\\\/produkty\\\/prodotti-per-industria-cosmetica\\\/estratti-fermentati\\\/estratto-di-cabra-fermentata\\\/#breadcrumb\"},\"inLanguage\":\"it-IT\",\"potentialAction\":[{\"@type\":\"ReadAction\",\"target\":[\"https:\\\/\\\/naturalpoland.com\\\/it\\\/produkty\\\/prodotti-per-industria-cosmetica\\\/estratti-fermentati\\\/estratto-di-cabra-fermentata\\\/\"]}]},{\"@type\":\"ImageObject\",\"inLanguage\":\"it-IT\",\"@id\":\"https:\\\/\\\/naturalpoland.com\\\/it\\\/produkty\\\/prodotti-per-industria-cosmetica\\\/estratti-fermentati\\\/estratto-di-cabra-fermentata\\\/#primaryimage\",\"url\":\"https:\\\/\\\/naturalpoland.com\\\/wp-content\\\/uploads\\\/fermentowany-ekstrakt-z-chabra-blawatka.png\",\"contentUrl\":\"https:\\\/\\\/naturalpoland.com\\\/wp-content\\\/uploads\\\/fermentowany-ekstrakt-z-chabra-blawatka.png\",\"width\":590,\"height\":590,\"caption\":\"estratto di fiordaliso fermentato\"},{\"@type\":\"BreadcrumbList\",\"@id\":\"https:\\\/\\\/naturalpoland.com\\\/it\\\/produkty\\\/prodotti-per-industria-cosmetica\\\/estratti-fermentati\\\/estratto-di-cabra-fermentata\\\/#breadcrumb\",\"itemListElement\":[{\"@type\":\"ListItem\",\"position\":1,\"name\":\"Home\",\"item\":\"https:\\\/\\\/naturalpoland.com\\\/it\\\/\"},{\"@type\":\"ListItem\",\"position\":2,\"name\":\"Prodotti\",\"item\":\"https:\\\/\\\/naturalpoland.com\\\/it\\\/prodotti\\\/\"},{\"@type\":\"ListItem\",\"position\":3,\"name\":\"Estratto di fiordaliso fermentato\"}]},{\"@type\":\"WebSite\",\"@id\":\"https:\\\/\\\/naturalpoland.com\\\/it\\\/#website\",\"url\":\"https:\\\/\\\/naturalpoland.com\\\/it\\\/\",\"name\":\"NATURAL POLAND - Distributore all'ingrosso di materie prime\",\"description\":\"Surowce dla przemys\u0142u spo\u017cywczego, kosmetycznego i farmaceutycznego\",\"publisher\":{\"@id\":\"https:\\\/\\\/naturalpoland.com\\\/it\\\/#organization\"},\"potentialAction\":[{\"@type\":\"SearchAction\",\"target\":{\"@type\":\"EntryPoint\",\"urlTemplate\":\"https:\\\/\\\/naturalpoland.com\\\/it\\\/?s={search_term_string}\"},\"query-input\":{\"@type\":\"PropertyValueSpecification\",\"valueRequired\":true,\"valueName\":\"search_term_string\"}}],\"inLanguage\":\"it-IT\"},{\"@type\":\"Organization\",\"@id\":\"https:\\\/\\\/naturalpoland.com\\\/it\\\/#organization\",\"name\":\"Natural Poland\",\"url\":\"https:\\\/\\\/naturalpoland.com\\\/it\\\/\",\"logo\":{\"@type\":\"ImageObject\",\"inLanguage\":\"it-IT\",\"@id\":\"https:\\\/\\\/naturalpoland.com\\\/it\\\/#\\\/schema\\\/logo\\\/image\\\/\",\"url\":\"https:\\\/\\\/naturalpoland.com\\\/wp-content\\\/uploads\\\/2021\\\/05\\\/natural-poland-icon.png\",\"contentUrl\":\"https:\\\/\\\/naturalpoland.com\\\/wp-content\\\/uploads\\\/2021\\\/05\\\/natural-poland-icon.png\",\"width\":512,\"height\":512,\"caption\":\"Natural Poland\"},\"image\":{\"@id\":\"https:\\\/\\\/naturalpoland.com\\\/it\\\/#\\\/schema\\\/logo\\\/image\\\/\"},\"sameAs\":[\"https:\\\/\\\/www.facebook.com\\\/naturalpoland.b2b\",\"https:\\\/\\\/pl.linkedin.com\\\/company\\\/natural-poland\",\"https:\\\/\\\/www.youtube.com\\\/channel\\\/UCgeGGkvOMahZo-xu_MSEWxg\"]}]}<\/script>\n<!-- \/ Yoast SEO plugin. -->","yoast_head_json":{"title":"Estratto di fiordaliso fermentato - Distributore all'ingrosso","description":"L'estratto di fiordaliso fermentato combina le propriet\u00e0 tradizionali del fiordaliso con una tecnologia di fermentazione avanzata.","robots":{"index":"index","follow":"follow","max-snippet":"max-snippet:-1","max-image-preview":"max-image-preview:large","max-video-preview":"max-video-preview:-1"},"canonical":"https:\/\/naturalpoland.com\/it\/produkty\/prodotti-per-industria-cosmetica\/estratti-fermentati\/estratto-di-cabra-fermentata\/","og_locale":"it_IT","og_type":"article","og_title":"Estratto di fiordaliso fermentato - Distributore all'ingrosso","og_description":"L'estratto di fiordaliso fermentato combina le propriet\u00e0 tradizionali del fiordaliso con una tecnologia di fermentazione avanzata.","og_url":"https:\/\/naturalpoland.com\/it\/produkty\/prodotti-per-industria-cosmetica\/estratti-fermentati\/estratto-di-cabra-fermentata\/","og_site_name":"NATURAL POLAND - Distributore all'ingrosso di materie prime","article_publisher":"https:\/\/www.facebook.com\/naturalpoland.b2b","og_image":[{"width":590,"height":590,"url":"https:\/\/naturalpoland.com\/wp-content\/uploads\/fermentowany-ekstrakt-z-chabra-blawatka.png","type":"image\/png"}],"schema":{"@context":"https:\/\/schema.org","@graph":[{"@type":"WebPage","@id":"https:\/\/naturalpoland.com\/it\/produkty\/prodotti-per-industria-cosmetica\/estratti-fermentati\/estratto-di-cabra-fermentata\/","url":"https:\/\/naturalpoland.com\/it\/produkty\/prodotti-per-industria-cosmetica\/estratti-fermentati\/estratto-di-cabra-fermentata\/","name":"Estratto di fiordaliso fermentato - Distributore all'ingrosso","isPartOf":{"@id":"https:\/\/naturalpoland.com\/it\/#website"},"primaryImageOfPage":{"@id":"https:\/\/naturalpoland.com\/it\/produkty\/prodotti-per-industria-cosmetica\/estratti-fermentati\/estratto-di-cabra-fermentata\/#primaryimage"},"image":{"@id":"https:\/\/naturalpoland.com\/it\/produkty\/prodotti-per-industria-cosmetica\/estratti-fermentati\/estratto-di-cabra-fermentata\/#primaryimage"},"thumbnailUrl":"https:\/\/naturalpoland.com\/wp-content\/uploads\/fermentowany-ekstrakt-z-chabra-blawatka.png","datePublished":"2023-10-06T09:39:04+00:00","description":"L'estratto di fiordaliso fermentato combina le propriet\u00e0 tradizionali del fiordaliso con una tecnologia di fermentazione avanzata.","breadcrumb":{"@id":"https:\/\/naturalpoland.com\/it\/produkty\/prodotti-per-industria-cosmetica\/estratti-fermentati\/estratto-di-cabra-fermentata\/#breadcrumb"},"inLanguage":"it-IT","potentialAction":[{"@type":"ReadAction","target":["https:\/\/naturalpoland.com\/it\/produkty\/prodotti-per-industria-cosmetica\/estratti-fermentati\/estratto-di-cabra-fermentata\/"]}]},{"@type":"ImageObject","inLanguage":"it-IT","@id":"https:\/\/naturalpoland.com\/it\/produkty\/prodotti-per-industria-cosmetica\/estratti-fermentati\/estratto-di-cabra-fermentata\/#primaryimage","url":"https:\/\/naturalpoland.com\/wp-content\/uploads\/fermentowany-ekstrakt-z-chabra-blawatka.png","contentUrl":"https:\/\/naturalpoland.com\/wp-content\/uploads\/fermentowany-ekstrakt-z-chabra-blawatka.png","width":590,"height":590,"caption":"estratto di fiordaliso fermentato"},{"@type":"BreadcrumbList","@id":"https:\/\/naturalpoland.com\/it\/produkty\/prodotti-per-industria-cosmetica\/estratti-fermentati\/estratto-di-cabra-fermentata\/#breadcrumb","itemListElement":[{"@type":"ListItem","position":1,"name":"Home","item":"https:\/\/naturalpoland.com\/it\/"},{"@type":"ListItem","position":2,"name":"Prodotti","item":"https:\/\/naturalpoland.com\/it\/prodotti\/"},{"@type":"ListItem","position":3,"name":"Estratto di fiordaliso fermentato"}]},{"@type":"WebSite","@id":"https:\/\/naturalpoland.com\/it\/#website","url":"https:\/\/naturalpoland.com\/it\/","name":"NATURAL POLAND - Distributore all'ingrosso di materie prime","description":"Surowce dla przemys\u0142u spo\u017cywczego, kosmetycznego i farmaceutycznego","publisher":{"@id":"https:\/\/naturalpoland.com\/it\/#organization"},"potentialAction":[{"@type":"SearchAction","target":{"@type":"EntryPoint","urlTemplate":"https:\/\/naturalpoland.com\/it\/?s={search_term_string}"},"query-input":{"@type":"PropertyValueSpecification","valueRequired":true,"valueName":"search_term_string"}}],"inLanguage":"it-IT"},{"@type":"Organization","@id":"https:\/\/naturalpoland.com\/it\/#organization","name":"Natural Poland","url":"https:\/\/naturalpoland.com\/it\/","logo":{"@type":"ImageObject","inLanguage":"it-IT","@id":"https:\/\/naturalpoland.com\/it\/#\/schema\/logo\/image\/","url":"https:\/\/naturalpoland.com\/wp-content\/uploads\/2021\/05\/natural-poland-icon.png","contentUrl":"https:\/\/naturalpoland.com\/wp-content\/uploads\/2021\/05\/natural-poland-icon.png","width":512,"height":512,"caption":"Natural Poland"},"image":{"@id":"https:\/\/naturalpoland.com\/it\/#\/schema\/logo\/image\/"},"sameAs":["https:\/\/www.facebook.com\/naturalpoland.b2b","https:\/\/pl.linkedin.com\/company\/natural-poland","https:\/\/www.youtube.com\/channel\/UCgeGGkvOMahZo-xu_MSEWxg"]}]}},"_links":{"self":[{"href":"https:\/\/naturalpoland.com\/it\/wp-json\/wp\/v2\/product\/26546","targetHints":{"allow":["GET"]}}],"collection":[{"href":"https:\/\/naturalpoland.com\/it\/wp-json\/wp\/v2\/product"}],"about":[{"href":"https:\/\/naturalpoland.com\/it\/wp-json\/wp\/v2\/types\/product"}],"wp:featuredmedia":[{"embeddable":true,"href":"https:\/\/naturalpoland.com\/it\/wp-json\/wp\/v2\/media\/26395"}],"wp:attachment":[{"href":"https:\/\/naturalpoland.com\/it\/wp-json\/wp\/v2\/media?parent=26546"}],"wp:term":[{"taxonomy":"product_brand","embeddable":true,"href":"https:\/\/naturalpoland.com\/it\/wp-json\/wp\/v2\/product_brand?post=26546"},{"taxonomy":"product_cat","embeddable":true,"href":"https:\/\/naturalpoland.com\/it\/wp-json\/wp\/v2\/product_cat?post=26546"},{"taxonomy":"product_tag","embeddable":true,"href":"https:\/\/naturalpoland.com\/it\/wp-json\/wp\/v2\/product_tag?post=26546"}],"curies":[{"name":"wp","href":"https:\/\/api.w.org\/{rel}","templated":true}]}}