{"id":26566,"date":"2023-10-06T10:48:41","date_gmt":"2023-10-06T09:39:08","guid":{"rendered":"https:\/\/naturalpoland.com\/produkty\/senza-categoria\/estratto-di-lampone-fermentato\/"},"modified":"2023-10-06T11:39:08","modified_gmt":"2023-10-06T09:39:08","slug":"estratto-di-lampone-fermentato","status":"publish","type":"product","link":"https:\/\/naturalpoland.com\/it\/produkty\/prodotti-per-industria-cosmetica\/estratti-fermentati\/estratto-di-lampone-fermentato\/","title":{"rendered":"Estratto di lampone fermentato"},"content":{"rendered":"<p>Questo estratto, ricavato dai lamponi attraverso un avanzato processo di fermentazione, concentra una grande quantit\u00e0 di antiossidanti, tra cui vitamina C e acidi fenolici. Questi potenti antiossidanti aiutano a combattere efficacemente i radicali liberi, che sono uno dei principali fattori di accelerazione dell&#8217;invecchiamento cutaneo. Di conseguenza, questo prodotto agisce come un&#8217;eccellente barriera protettiva, favorendo un colorito sano e giovane.<\/p>\n<p>Grazie al suo contenuto di <strong>acido<\/strong> ellagico, l&#8217;estratto di lampone fermentato mostra anche forti effetti antinfiammatori e antibatterici. Contribuisce a ridurre l&#8217;infiammazione della pelle, a minimizzare i rossori e a uniformare il tono della pelle, rendendolo un ingrediente ideale per chi ha una pelle sensibile, soggetta a irritazioni o acneica.<\/p>\n<p>Inoltre, l&#8217;estratto \u00e8 ricco di zuccheri e aminoacidi naturali, che hanno un effetto idratante sulla pelle, contribuendo a mantenere i livelli di idratazione. La pelle idratata e ben nutrita diventa pi\u00f9 elastica, liscia e luminosa, e meno soggetta a rughe e linee sottili.<\/p>\n<p>L&#8217;estratto di lampone fermentato \u00e8 anche un ingrediente che aggiunge una fragranza piacevole e delicata ai prodotti cosmetici, migliorando l&#8217;esperienza di applicazione. \u00c8 ideale per la cosmesi quotidiana di viso, corpo e capelli, come creme, lozioni, maschere, shampoo e balsami.<\/p>\n<p>La sua multifunzionalit\u00e0, le sue propriet\u00e0 protettive e rigenerative e la sua fragranza naturale e fruttata fanno dell&#8217;estratto di lampone fermentato un ingrediente scelto dai produttori di cosmetici naturali e biologici che si rivolgono ai consumatori pi\u00f9 esigenti.<\/p>\n","protected":false},"excerpt":{"rendered":"<p>L&#8217;estratto di <em>lampone<\/em> fermentato (INCI: <em>Raspberry Ferment Extract<\/em>) \u00e8 un ingrediente cosmetico di alta gamma che sta guadagnando popolarit\u00e0 nel settore della cosmesi di alta gamma per le sue numerose propriet\u00e0 salutari.<\/p>\n","protected":false},"featured_media":26434,"template":"","meta":{"_acf_changed":false},"product_brand":[],"product_cat":[2687],"product_tag":[],"class_list":{"0":"post-26566","1":"product","2":"type-product","3":"status-publish","4":"has-post-thumbnail","6":"product_cat-estratti-fermentati","8":"first","9":"instock","10":"shipping-taxable","11":"product-type-simple"},"acf":[],"yoast_head":"<!-- This site is optimized with the Yoast SEO plugin v27.4 - https:\/\/yoast.com\/product\/yoast-seo-wordpress\/ -->\n<title>Estratto di lampone fermentato - Distributore all&#039;ingrosso<\/title>\n<meta name=\"description\" content=\"L&#039;estratto di lampone fermentato \u00e8 un ingrediente cosmetico di alta gamma che sta guadagnando popolarit\u00e0 nel settore della cosmesi di alta gamma.\" \/>\n<meta name=\"robots\" content=\"index, follow, max-snippet:-1, max-image-preview:large, max-video-preview:-1\" \/>\n<link rel=\"canonical\" href=\"https:\/\/naturalpoland.com\/it\/produkty\/prodotti-per-industria-cosmetica\/estratti-fermentati\/estratto-di-lampone-fermentato\/\" \/>\n<meta property=\"og:locale\" content=\"it_IT\" \/>\n<meta property=\"og:type\" content=\"article\" \/>\n<meta property=\"og:title\" content=\"Estratto di lampone fermentato - Distributore all&#039;ingrosso\" \/>\n<meta property=\"og:description\" content=\"L&#039;estratto di lampone fermentato \u00e8 un ingrediente cosmetico di alta gamma che sta guadagnando popolarit\u00e0 nel settore della cosmesi di alta gamma.\" \/>\n<meta property=\"og:url\" content=\"https:\/\/naturalpoland.com\/it\/produkty\/prodotti-per-industria-cosmetica\/estratti-fermentati\/estratto-di-lampone-fermentato\/\" \/>\n<meta property=\"og:site_name\" content=\"NATURAL POLAND - Distributore all&#039;ingrosso di materie prime\" \/>\n<meta property=\"article:publisher\" content=\"https:\/\/www.facebook.com\/naturalpoland.b2b\" \/>\n<meta property=\"og:image\" content=\"https:\/\/naturalpoland.com\/wp-content\/uploads\/fermentowany-ekstrakt-z-maliny.png\" \/>\n\t<meta property=\"og:image:width\" content=\"590\" \/>\n\t<meta property=\"og:image:height\" content=\"590\" \/>\n\t<meta property=\"og:image:type\" content=\"image\/png\" \/>\n<script type=\"application\/ld+json\" class=\"yoast-schema-graph\">{\"@context\":\"https:\\\/\\\/schema.org\",\"@graph\":[{\"@type\":\"WebPage\",\"@id\":\"https:\\\/\\\/naturalpoland.com\\\/it\\\/produkty\\\/prodotti-per-industria-cosmetica\\\/estratti-fermentati\\\/estratto-di-lampone-fermentato\\\/\",\"url\":\"https:\\\/\\\/naturalpoland.com\\\/it\\\/produkty\\\/prodotti-per-industria-cosmetica\\\/estratti-fermentati\\\/estratto-di-lampone-fermentato\\\/\",\"name\":\"Estratto di lampone fermentato - Distributore all'ingrosso\",\"isPartOf\":{\"@id\":\"https:\\\/\\\/naturalpoland.com\\\/it\\\/#website\"},\"primaryImageOfPage\":{\"@id\":\"https:\\\/\\\/naturalpoland.com\\\/it\\\/produkty\\\/prodotti-per-industria-cosmetica\\\/estratti-fermentati\\\/estratto-di-lampone-fermentato\\\/#primaryimage\"},\"image\":{\"@id\":\"https:\\\/\\\/naturalpoland.com\\\/it\\\/produkty\\\/prodotti-per-industria-cosmetica\\\/estratti-fermentati\\\/estratto-di-lampone-fermentato\\\/#primaryimage\"},\"thumbnailUrl\":\"https:\\\/\\\/naturalpoland.com\\\/wp-content\\\/uploads\\\/fermentowany-ekstrakt-z-maliny.png\",\"datePublished\":\"2023-10-06T09:39:08+00:00\",\"description\":\"L'estratto di lampone fermentato \u00e8 un ingrediente cosmetico di alta gamma che sta guadagnando popolarit\u00e0 nel settore della cosmesi di alta gamma.\",\"breadcrumb\":{\"@id\":\"https:\\\/\\\/naturalpoland.com\\\/it\\\/produkty\\\/prodotti-per-industria-cosmetica\\\/estratti-fermentati\\\/estratto-di-lampone-fermentato\\\/#breadcrumb\"},\"inLanguage\":\"it-IT\",\"potentialAction\":[{\"@type\":\"ReadAction\",\"target\":[\"https:\\\/\\\/naturalpoland.com\\\/it\\\/produkty\\\/prodotti-per-industria-cosmetica\\\/estratti-fermentati\\\/estratto-di-lampone-fermentato\\\/\"]}]},{\"@type\":\"ImageObject\",\"inLanguage\":\"it-IT\",\"@id\":\"https:\\\/\\\/naturalpoland.com\\\/it\\\/produkty\\\/prodotti-per-industria-cosmetica\\\/estratti-fermentati\\\/estratto-di-lampone-fermentato\\\/#primaryimage\",\"url\":\"https:\\\/\\\/naturalpoland.com\\\/wp-content\\\/uploads\\\/fermentowany-ekstrakt-z-maliny.png\",\"contentUrl\":\"https:\\\/\\\/naturalpoland.com\\\/wp-content\\\/uploads\\\/fermentowany-ekstrakt-z-maliny.png\",\"width\":590,\"height\":590,\"caption\":\"estratto di lampone fermentato\"},{\"@type\":\"BreadcrumbList\",\"@id\":\"https:\\\/\\\/naturalpoland.com\\\/it\\\/produkty\\\/prodotti-per-industria-cosmetica\\\/estratti-fermentati\\\/estratto-di-lampone-fermentato\\\/#breadcrumb\",\"itemListElement\":[{\"@type\":\"ListItem\",\"position\":1,\"name\":\"Home\",\"item\":\"https:\\\/\\\/naturalpoland.com\\\/it\\\/\"},{\"@type\":\"ListItem\",\"position\":2,\"name\":\"Prodotti\",\"item\":\"https:\\\/\\\/naturalpoland.com\\\/it\\\/prodotti\\\/\"},{\"@type\":\"ListItem\",\"position\":3,\"name\":\"Estratto di lampone fermentato\"}]},{\"@type\":\"WebSite\",\"@id\":\"https:\\\/\\\/naturalpoland.com\\\/it\\\/#website\",\"url\":\"https:\\\/\\\/naturalpoland.com\\\/it\\\/\",\"name\":\"NATURAL POLAND - Distributore all'ingrosso di materie prime\",\"description\":\"Surowce dla przemys\u0142u spo\u017cywczego, kosmetycznego i farmaceutycznego\",\"publisher\":{\"@id\":\"https:\\\/\\\/naturalpoland.com\\\/it\\\/#organization\"},\"potentialAction\":[{\"@type\":\"SearchAction\",\"target\":{\"@type\":\"EntryPoint\",\"urlTemplate\":\"https:\\\/\\\/naturalpoland.com\\\/it\\\/?s={search_term_string}\"},\"query-input\":{\"@type\":\"PropertyValueSpecification\",\"valueRequired\":true,\"valueName\":\"search_term_string\"}}],\"inLanguage\":\"it-IT\"},{\"@type\":\"Organization\",\"@id\":\"https:\\\/\\\/naturalpoland.com\\\/it\\\/#organization\",\"name\":\"Natural Poland\",\"url\":\"https:\\\/\\\/naturalpoland.com\\\/it\\\/\",\"logo\":{\"@type\":\"ImageObject\",\"inLanguage\":\"it-IT\",\"@id\":\"https:\\\/\\\/naturalpoland.com\\\/it\\\/#\\\/schema\\\/logo\\\/image\\\/\",\"url\":\"https:\\\/\\\/naturalpoland.com\\\/wp-content\\\/uploads\\\/2021\\\/05\\\/natural-poland-icon.png\",\"contentUrl\":\"https:\\\/\\\/naturalpoland.com\\\/wp-content\\\/uploads\\\/2021\\\/05\\\/natural-poland-icon.png\",\"width\":512,\"height\":512,\"caption\":\"Natural Poland\"},\"image\":{\"@id\":\"https:\\\/\\\/naturalpoland.com\\\/it\\\/#\\\/schema\\\/logo\\\/image\\\/\"},\"sameAs\":[\"https:\\\/\\\/www.facebook.com\\\/naturalpoland.b2b\",\"https:\\\/\\\/pl.linkedin.com\\\/company\\\/natural-poland\",\"https:\\\/\\\/www.youtube.com\\\/channel\\\/UCgeGGkvOMahZo-xu_MSEWxg\"]}]}<\/script>\n<!-- \/ Yoast SEO plugin. -->","yoast_head_json":{"title":"Estratto di lampone fermentato - Distributore all'ingrosso","description":"L'estratto di lampone fermentato \u00e8 un ingrediente cosmetico di alta gamma che sta guadagnando popolarit\u00e0 nel settore della cosmesi di alta gamma.","robots":{"index":"index","follow":"follow","max-snippet":"max-snippet:-1","max-image-preview":"max-image-preview:large","max-video-preview":"max-video-preview:-1"},"canonical":"https:\/\/naturalpoland.com\/it\/produkty\/prodotti-per-industria-cosmetica\/estratti-fermentati\/estratto-di-lampone-fermentato\/","og_locale":"it_IT","og_type":"article","og_title":"Estratto di lampone fermentato - Distributore all'ingrosso","og_description":"L'estratto di lampone fermentato \u00e8 un ingrediente cosmetico di alta gamma che sta guadagnando popolarit\u00e0 nel settore della cosmesi di alta gamma.","og_url":"https:\/\/naturalpoland.com\/it\/produkty\/prodotti-per-industria-cosmetica\/estratti-fermentati\/estratto-di-lampone-fermentato\/","og_site_name":"NATURAL POLAND - Distributore all'ingrosso di materie prime","article_publisher":"https:\/\/www.facebook.com\/naturalpoland.b2b","og_image":[{"width":590,"height":590,"url":"https:\/\/naturalpoland.com\/wp-content\/uploads\/fermentowany-ekstrakt-z-maliny.png","type":"image\/png"}],"schema":{"@context":"https:\/\/schema.org","@graph":[{"@type":"WebPage","@id":"https:\/\/naturalpoland.com\/it\/produkty\/prodotti-per-industria-cosmetica\/estratti-fermentati\/estratto-di-lampone-fermentato\/","url":"https:\/\/naturalpoland.com\/it\/produkty\/prodotti-per-industria-cosmetica\/estratti-fermentati\/estratto-di-lampone-fermentato\/","name":"Estratto di lampone fermentato - Distributore all'ingrosso","isPartOf":{"@id":"https:\/\/naturalpoland.com\/it\/#website"},"primaryImageOfPage":{"@id":"https:\/\/naturalpoland.com\/it\/produkty\/prodotti-per-industria-cosmetica\/estratti-fermentati\/estratto-di-lampone-fermentato\/#primaryimage"},"image":{"@id":"https:\/\/naturalpoland.com\/it\/produkty\/prodotti-per-industria-cosmetica\/estratti-fermentati\/estratto-di-lampone-fermentato\/#primaryimage"},"thumbnailUrl":"https:\/\/naturalpoland.com\/wp-content\/uploads\/fermentowany-ekstrakt-z-maliny.png","datePublished":"2023-10-06T09:39:08+00:00","description":"L'estratto di lampone fermentato \u00e8 un ingrediente cosmetico di alta gamma che sta guadagnando popolarit\u00e0 nel settore della cosmesi di alta gamma.","breadcrumb":{"@id":"https:\/\/naturalpoland.com\/it\/produkty\/prodotti-per-industria-cosmetica\/estratti-fermentati\/estratto-di-lampone-fermentato\/#breadcrumb"},"inLanguage":"it-IT","potentialAction":[{"@type":"ReadAction","target":["https:\/\/naturalpoland.com\/it\/produkty\/prodotti-per-industria-cosmetica\/estratti-fermentati\/estratto-di-lampone-fermentato\/"]}]},{"@type":"ImageObject","inLanguage":"it-IT","@id":"https:\/\/naturalpoland.com\/it\/produkty\/prodotti-per-industria-cosmetica\/estratti-fermentati\/estratto-di-lampone-fermentato\/#primaryimage","url":"https:\/\/naturalpoland.com\/wp-content\/uploads\/fermentowany-ekstrakt-z-maliny.png","contentUrl":"https:\/\/naturalpoland.com\/wp-content\/uploads\/fermentowany-ekstrakt-z-maliny.png","width":590,"height":590,"caption":"estratto di lampone fermentato"},{"@type":"BreadcrumbList","@id":"https:\/\/naturalpoland.com\/it\/produkty\/prodotti-per-industria-cosmetica\/estratti-fermentati\/estratto-di-lampone-fermentato\/#breadcrumb","itemListElement":[{"@type":"ListItem","position":1,"name":"Home","item":"https:\/\/naturalpoland.com\/it\/"},{"@type":"ListItem","position":2,"name":"Prodotti","item":"https:\/\/naturalpoland.com\/it\/prodotti\/"},{"@type":"ListItem","position":3,"name":"Estratto di lampone fermentato"}]},{"@type":"WebSite","@id":"https:\/\/naturalpoland.com\/it\/#website","url":"https:\/\/naturalpoland.com\/it\/","name":"NATURAL POLAND - Distributore all'ingrosso di materie prime","description":"Surowce dla przemys\u0142u spo\u017cywczego, kosmetycznego i farmaceutycznego","publisher":{"@id":"https:\/\/naturalpoland.com\/it\/#organization"},"potentialAction":[{"@type":"SearchAction","target":{"@type":"EntryPoint","urlTemplate":"https:\/\/naturalpoland.com\/it\/?s={search_term_string}"},"query-input":{"@type":"PropertyValueSpecification","valueRequired":true,"valueName":"search_term_string"}}],"inLanguage":"it-IT"},{"@type":"Organization","@id":"https:\/\/naturalpoland.com\/it\/#organization","name":"Natural Poland","url":"https:\/\/naturalpoland.com\/it\/","logo":{"@type":"ImageObject","inLanguage":"it-IT","@id":"https:\/\/naturalpoland.com\/it\/#\/schema\/logo\/image\/","url":"https:\/\/naturalpoland.com\/wp-content\/uploads\/2021\/05\/natural-poland-icon.png","contentUrl":"https:\/\/naturalpoland.com\/wp-content\/uploads\/2021\/05\/natural-poland-icon.png","width":512,"height":512,"caption":"Natural Poland"},"image":{"@id":"https:\/\/naturalpoland.com\/it\/#\/schema\/logo\/image\/"},"sameAs":["https:\/\/www.facebook.com\/naturalpoland.b2b","https:\/\/pl.linkedin.com\/company\/natural-poland","https:\/\/www.youtube.com\/channel\/UCgeGGkvOMahZo-xu_MSEWxg"]}]}},"_links":{"self":[{"href":"https:\/\/naturalpoland.com\/it\/wp-json\/wp\/v2\/product\/26566","targetHints":{"allow":["GET"]}}],"collection":[{"href":"https:\/\/naturalpoland.com\/it\/wp-json\/wp\/v2\/product"}],"about":[{"href":"https:\/\/naturalpoland.com\/it\/wp-json\/wp\/v2\/types\/product"}],"wp:featuredmedia":[{"embeddable":true,"href":"https:\/\/naturalpoland.com\/it\/wp-json\/wp\/v2\/media\/26434"}],"wp:attachment":[{"href":"https:\/\/naturalpoland.com\/it\/wp-json\/wp\/v2\/media?parent=26566"}],"wp:term":[{"taxonomy":"product_brand","embeddable":true,"href":"https:\/\/naturalpoland.com\/it\/wp-json\/wp\/v2\/product_brand?post=26566"},{"taxonomy":"product_cat","embeddable":true,"href":"https:\/\/naturalpoland.com\/it\/wp-json\/wp\/v2\/product_cat?post=26566"},{"taxonomy":"product_tag","embeddable":true,"href":"https:\/\/naturalpoland.com\/it\/wp-json\/wp\/v2\/product_tag?post=26566"}],"curies":[{"name":"wp","href":"https:\/\/api.w.org\/{rel}","templated":true}]}}