{"id":26615,"date":"2023-10-06T10:22:27","date_gmt":"2023-10-06T08:22:27","guid":{"rendered":"https:\/\/naturalpoland.com\/produkty\/senza-categoria\/estratto-di-orata-fermentata\/"},"modified":"2023-10-06T11:40:08","modified_gmt":"2023-10-06T09:40:08","slug":"estratto-di-alghe-fermentate","status":"publish","type":"product","link":"https:\/\/naturalpoland.com\/it\/produkty\/prodotti-per-industria-cosmetica\/estratti-fermentati\/estratto-di-alghe-fermentate\/","title":{"rendered":"Estratto di orata fermentata"},"content":{"rendered":"<p>In quanto pianta marina, il riccio di mare \u00e8 una fonte naturale di iodio, che ha effetti antibatterici e detergenti. Di conseguenza, l&#8217;estratto di olivello spinoso aiuta a combattere l&#8217;acne, regola la secrezione di sebo e dona alla pelle un aspetto sano e opaco. Inoltre, contiene preziosi minerali come magnesio, calcio, potassio e vitamine del gruppo B che, potenziati dal processo di fermentazione, idratano e nutrono profondamente la pelle.<\/p>\n<p>Il processo di fermentazione acuisce l&#8217;azione dei principi attivi contenuti nelle alghe, rendendoli meglio assorbibili dalla pelle. L&#8217;estratto di altea fermentata ha un effetto intensamente idratante e levigante, restituendo alla pelle elasticit\u00e0 e luminosit\u00e0. \u00c8 un ingrediente particolarmente apprezzato nei cosmetici anti-et\u00e0, dove la sua capacit\u00e0 di stimolare la sintesi di collagene ed elastina si traduce in miglioramenti visibili della compattezza e dell&#8217;elasticit\u00e0 della pelle.<\/p>\n<p>La protezione antiossidante offerta dall&#8217;estratto fornisce alla pelle una protezione efficace contro i radicali liberi e le influenze esterne negative. Questo non solo mantiene la pelle idratata e nutrita, ma la protegge anche dall&#8217;invecchiamento precoce.<\/p>\n<p>Grazie all&#8217;utilizzo dell&#8217;estratto di alghe fermentate, i cosmetici acquisiscono un potere d&#8217;azione unico e profondo. \u00c8 un prodotto consigliato per tutti i tipi di pelle, in particolare per quelle mature, secche, sensibili e a tendenza acneica. Fornisce un immediato effetto lenitivo, idratante e migliorativo della pelle, rendendolo un componente apprezzato dai produttori di cosmetici di alta gamma.<\/p>\n","protected":false},"excerpt":{"rendered":"<p>L&#8217;estratto di fermento <em>di vescica<\/em>(INCI: <em>Bladderwrack<\/em> Ferment <em>Extract<\/em>) \u00e8 un principio attivo cosmetico di eccezionale potenza, che attinge a una ricchezza di nutrienti marini. Questo ingrediente insostituibile \u00e8 un tesoro di minerali e vitamine che forniscono alla pelle una dose intensiva di cura e rigenerazione.<\/p>\n","protected":false},"featured_media":26382,"template":"","meta":{"_acf_changed":false},"product_brand":[],"product_cat":[2687],"product_tag":[],"class_list":{"0":"post-26615","1":"product","2":"type-product","3":"status-publish","4":"has-post-thumbnail","6":"product_cat-estratti-fermentati","8":"first","9":"instock","10":"shipping-taxable","11":"product-type-simple"},"acf":[],"yoast_head":"<!-- This site is optimized with the Yoast SEO plugin v27.4 - https:\/\/yoast.com\/product\/yoast-seo-wordpress\/ -->\n<title>Estratto di orata fermentata - Distributore all&#039;ingrosso<\/title>\n<meta name=\"description\" content=\"L&#039;estratto di alghe fermentate \u00e8 un ingrediente attivo cosmetico di eccezionale potenza, che attinge a una ricchezza di nutrienti marini.\" \/>\n<meta name=\"robots\" content=\"index, follow, max-snippet:-1, max-image-preview:large, max-video-preview:-1\" \/>\n<link rel=\"canonical\" href=\"https:\/\/naturalpoland.com\/it\/produkty\/prodotti-per-industria-cosmetica\/estratti-fermentati\/estratto-di-alghe-fermentate\/\" \/>\n<meta property=\"og:locale\" content=\"it_IT\" \/>\n<meta property=\"og:type\" content=\"article\" \/>\n<meta property=\"og:title\" content=\"Estratto di orata fermentata - Distributore all&#039;ingrosso\" \/>\n<meta property=\"og:description\" content=\"L&#039;estratto di alghe fermentate \u00e8 un ingrediente attivo cosmetico di eccezionale potenza, che attinge a una ricchezza di nutrienti marini.\" \/>\n<meta property=\"og:url\" content=\"https:\/\/naturalpoland.com\/it\/produkty\/prodotti-per-industria-cosmetica\/estratti-fermentati\/estratto-di-alghe-fermentate\/\" \/>\n<meta property=\"og:site_name\" content=\"NATURAL POLAND - Distributore all&#039;ingrosso di materie prime\" \/>\n<meta property=\"article:publisher\" content=\"https:\/\/www.facebook.com\/naturalpoland.b2b\" \/>\n<meta property=\"article:modified_time\" content=\"2023-10-06T09:40:08+00:00\" \/>\n<meta property=\"og:image\" content=\"https:\/\/naturalpoland.com\/wp-content\/uploads\/fermentowany-ekstrakt-z-morszczynu.png\" \/>\n\t<meta property=\"og:image:width\" content=\"590\" \/>\n\t<meta property=\"og:image:height\" content=\"590\" \/>\n\t<meta property=\"og:image:type\" content=\"image\/png\" \/>\n<script type=\"application\/ld+json\" class=\"yoast-schema-graph\">{\"@context\":\"https:\\\/\\\/schema.org\",\"@graph\":[{\"@type\":\"WebPage\",\"@id\":\"https:\\\/\\\/naturalpoland.com\\\/it\\\/produkty\\\/prodotti-per-industria-cosmetica\\\/estratti-fermentati\\\/estratto-di-alghe-fermentate\\\/\",\"url\":\"https:\\\/\\\/naturalpoland.com\\\/it\\\/produkty\\\/prodotti-per-industria-cosmetica\\\/estratti-fermentati\\\/estratto-di-alghe-fermentate\\\/\",\"name\":\"Estratto di orata fermentata - Distributore all'ingrosso\",\"isPartOf\":{\"@id\":\"https:\\\/\\\/naturalpoland.com\\\/it\\\/#website\"},\"primaryImageOfPage\":{\"@id\":\"https:\\\/\\\/naturalpoland.com\\\/it\\\/produkty\\\/prodotti-per-industria-cosmetica\\\/estratti-fermentati\\\/estratto-di-alghe-fermentate\\\/#primaryimage\"},\"image\":{\"@id\":\"https:\\\/\\\/naturalpoland.com\\\/it\\\/produkty\\\/prodotti-per-industria-cosmetica\\\/estratti-fermentati\\\/estratto-di-alghe-fermentate\\\/#primaryimage\"},\"thumbnailUrl\":\"https:\\\/\\\/naturalpoland.com\\\/wp-content\\\/uploads\\\/fermentowany-ekstrakt-z-morszczynu.png\",\"datePublished\":\"2023-10-06T08:22:27+00:00\",\"dateModified\":\"2023-10-06T09:40:08+00:00\",\"description\":\"L'estratto di alghe fermentate \u00e8 un ingrediente attivo cosmetico di eccezionale potenza, che attinge a una ricchezza di nutrienti marini.\",\"breadcrumb\":{\"@id\":\"https:\\\/\\\/naturalpoland.com\\\/it\\\/produkty\\\/prodotti-per-industria-cosmetica\\\/estratti-fermentati\\\/estratto-di-alghe-fermentate\\\/#breadcrumb\"},\"inLanguage\":\"it-IT\",\"potentialAction\":[{\"@type\":\"ReadAction\",\"target\":[\"https:\\\/\\\/naturalpoland.com\\\/it\\\/produkty\\\/prodotti-per-industria-cosmetica\\\/estratti-fermentati\\\/estratto-di-alghe-fermentate\\\/\"]}]},{\"@type\":\"ImageObject\",\"inLanguage\":\"it-IT\",\"@id\":\"https:\\\/\\\/naturalpoland.com\\\/it\\\/produkty\\\/prodotti-per-industria-cosmetica\\\/estratti-fermentati\\\/estratto-di-alghe-fermentate\\\/#primaryimage\",\"url\":\"https:\\\/\\\/naturalpoland.com\\\/wp-content\\\/uploads\\\/fermentowany-ekstrakt-z-morszczynu.png\",\"contentUrl\":\"https:\\\/\\\/naturalpoland.com\\\/wp-content\\\/uploads\\\/fermentowany-ekstrakt-z-morszczynu.png\",\"width\":590,\"height\":590,\"caption\":\"estratto di orata fermentata\"},{\"@type\":\"BreadcrumbList\",\"@id\":\"https:\\\/\\\/naturalpoland.com\\\/it\\\/produkty\\\/prodotti-per-industria-cosmetica\\\/estratti-fermentati\\\/estratto-di-alghe-fermentate\\\/#breadcrumb\",\"itemListElement\":[{\"@type\":\"ListItem\",\"position\":1,\"name\":\"Home\",\"item\":\"https:\\\/\\\/naturalpoland.com\\\/it\\\/\"},{\"@type\":\"ListItem\",\"position\":2,\"name\":\"Prodotti\",\"item\":\"https:\\\/\\\/naturalpoland.com\\\/it\\\/prodotti\\\/\"},{\"@type\":\"ListItem\",\"position\":3,\"name\":\"Estratto di orata fermentata\"}]},{\"@type\":\"WebSite\",\"@id\":\"https:\\\/\\\/naturalpoland.com\\\/it\\\/#website\",\"url\":\"https:\\\/\\\/naturalpoland.com\\\/it\\\/\",\"name\":\"NATURAL POLAND - Distributore all'ingrosso di materie prime\",\"description\":\"Surowce dla przemys\u0142u spo\u017cywczego, kosmetycznego i farmaceutycznego\",\"publisher\":{\"@id\":\"https:\\\/\\\/naturalpoland.com\\\/it\\\/#organization\"},\"potentialAction\":[{\"@type\":\"SearchAction\",\"target\":{\"@type\":\"EntryPoint\",\"urlTemplate\":\"https:\\\/\\\/naturalpoland.com\\\/it\\\/?s={search_term_string}\"},\"query-input\":{\"@type\":\"PropertyValueSpecification\",\"valueRequired\":true,\"valueName\":\"search_term_string\"}}],\"inLanguage\":\"it-IT\"},{\"@type\":\"Organization\",\"@id\":\"https:\\\/\\\/naturalpoland.com\\\/it\\\/#organization\",\"name\":\"Natural Poland\",\"url\":\"https:\\\/\\\/naturalpoland.com\\\/it\\\/\",\"logo\":{\"@type\":\"ImageObject\",\"inLanguage\":\"it-IT\",\"@id\":\"https:\\\/\\\/naturalpoland.com\\\/it\\\/#\\\/schema\\\/logo\\\/image\\\/\",\"url\":\"https:\\\/\\\/naturalpoland.com\\\/wp-content\\\/uploads\\\/2021\\\/05\\\/natural-poland-icon.png\",\"contentUrl\":\"https:\\\/\\\/naturalpoland.com\\\/wp-content\\\/uploads\\\/2021\\\/05\\\/natural-poland-icon.png\",\"width\":512,\"height\":512,\"caption\":\"Natural Poland\"},\"image\":{\"@id\":\"https:\\\/\\\/naturalpoland.com\\\/it\\\/#\\\/schema\\\/logo\\\/image\\\/\"},\"sameAs\":[\"https:\\\/\\\/www.facebook.com\\\/naturalpoland.b2b\",\"https:\\\/\\\/pl.linkedin.com\\\/company\\\/natural-poland\",\"https:\\\/\\\/www.youtube.com\\\/channel\\\/UCgeGGkvOMahZo-xu_MSEWxg\"]}]}<\/script>\n<!-- \/ Yoast SEO plugin. -->","yoast_head_json":{"title":"Estratto di orata fermentata - Distributore all'ingrosso","description":"L'estratto di alghe fermentate \u00e8 un ingrediente attivo cosmetico di eccezionale potenza, che attinge a una ricchezza di nutrienti marini.","robots":{"index":"index","follow":"follow","max-snippet":"max-snippet:-1","max-image-preview":"max-image-preview:large","max-video-preview":"max-video-preview:-1"},"canonical":"https:\/\/naturalpoland.com\/it\/produkty\/prodotti-per-industria-cosmetica\/estratti-fermentati\/estratto-di-alghe-fermentate\/","og_locale":"it_IT","og_type":"article","og_title":"Estratto di orata fermentata - Distributore all'ingrosso","og_description":"L'estratto di alghe fermentate \u00e8 un ingrediente attivo cosmetico di eccezionale potenza, che attinge a una ricchezza di nutrienti marini.","og_url":"https:\/\/naturalpoland.com\/it\/produkty\/prodotti-per-industria-cosmetica\/estratti-fermentati\/estratto-di-alghe-fermentate\/","og_site_name":"NATURAL POLAND - Distributore all'ingrosso di materie prime","article_publisher":"https:\/\/www.facebook.com\/naturalpoland.b2b","article_modified_time":"2023-10-06T09:40:08+00:00","og_image":[{"width":590,"height":590,"url":"https:\/\/naturalpoland.com\/wp-content\/uploads\/fermentowany-ekstrakt-z-morszczynu.png","type":"image\/png"}],"schema":{"@context":"https:\/\/schema.org","@graph":[{"@type":"WebPage","@id":"https:\/\/naturalpoland.com\/it\/produkty\/prodotti-per-industria-cosmetica\/estratti-fermentati\/estratto-di-alghe-fermentate\/","url":"https:\/\/naturalpoland.com\/it\/produkty\/prodotti-per-industria-cosmetica\/estratti-fermentati\/estratto-di-alghe-fermentate\/","name":"Estratto di orata fermentata - Distributore all'ingrosso","isPartOf":{"@id":"https:\/\/naturalpoland.com\/it\/#website"},"primaryImageOfPage":{"@id":"https:\/\/naturalpoland.com\/it\/produkty\/prodotti-per-industria-cosmetica\/estratti-fermentati\/estratto-di-alghe-fermentate\/#primaryimage"},"image":{"@id":"https:\/\/naturalpoland.com\/it\/produkty\/prodotti-per-industria-cosmetica\/estratti-fermentati\/estratto-di-alghe-fermentate\/#primaryimage"},"thumbnailUrl":"https:\/\/naturalpoland.com\/wp-content\/uploads\/fermentowany-ekstrakt-z-morszczynu.png","datePublished":"2023-10-06T08:22:27+00:00","dateModified":"2023-10-06T09:40:08+00:00","description":"L'estratto di alghe fermentate \u00e8 un ingrediente attivo cosmetico di eccezionale potenza, che attinge a una ricchezza di nutrienti marini.","breadcrumb":{"@id":"https:\/\/naturalpoland.com\/it\/produkty\/prodotti-per-industria-cosmetica\/estratti-fermentati\/estratto-di-alghe-fermentate\/#breadcrumb"},"inLanguage":"it-IT","potentialAction":[{"@type":"ReadAction","target":["https:\/\/naturalpoland.com\/it\/produkty\/prodotti-per-industria-cosmetica\/estratti-fermentati\/estratto-di-alghe-fermentate\/"]}]},{"@type":"ImageObject","inLanguage":"it-IT","@id":"https:\/\/naturalpoland.com\/it\/produkty\/prodotti-per-industria-cosmetica\/estratti-fermentati\/estratto-di-alghe-fermentate\/#primaryimage","url":"https:\/\/naturalpoland.com\/wp-content\/uploads\/fermentowany-ekstrakt-z-morszczynu.png","contentUrl":"https:\/\/naturalpoland.com\/wp-content\/uploads\/fermentowany-ekstrakt-z-morszczynu.png","width":590,"height":590,"caption":"estratto di orata fermentata"},{"@type":"BreadcrumbList","@id":"https:\/\/naturalpoland.com\/it\/produkty\/prodotti-per-industria-cosmetica\/estratti-fermentati\/estratto-di-alghe-fermentate\/#breadcrumb","itemListElement":[{"@type":"ListItem","position":1,"name":"Home","item":"https:\/\/naturalpoland.com\/it\/"},{"@type":"ListItem","position":2,"name":"Prodotti","item":"https:\/\/naturalpoland.com\/it\/prodotti\/"},{"@type":"ListItem","position":3,"name":"Estratto di orata fermentata"}]},{"@type":"WebSite","@id":"https:\/\/naturalpoland.com\/it\/#website","url":"https:\/\/naturalpoland.com\/it\/","name":"NATURAL POLAND - Distributore all'ingrosso di materie prime","description":"Surowce dla przemys\u0142u spo\u017cywczego, kosmetycznego i farmaceutycznego","publisher":{"@id":"https:\/\/naturalpoland.com\/it\/#organization"},"potentialAction":[{"@type":"SearchAction","target":{"@type":"EntryPoint","urlTemplate":"https:\/\/naturalpoland.com\/it\/?s={search_term_string}"},"query-input":{"@type":"PropertyValueSpecification","valueRequired":true,"valueName":"search_term_string"}}],"inLanguage":"it-IT"},{"@type":"Organization","@id":"https:\/\/naturalpoland.com\/it\/#organization","name":"Natural Poland","url":"https:\/\/naturalpoland.com\/it\/","logo":{"@type":"ImageObject","inLanguage":"it-IT","@id":"https:\/\/naturalpoland.com\/it\/#\/schema\/logo\/image\/","url":"https:\/\/naturalpoland.com\/wp-content\/uploads\/2021\/05\/natural-poland-icon.png","contentUrl":"https:\/\/naturalpoland.com\/wp-content\/uploads\/2021\/05\/natural-poland-icon.png","width":512,"height":512,"caption":"Natural Poland"},"image":{"@id":"https:\/\/naturalpoland.com\/it\/#\/schema\/logo\/image\/"},"sameAs":["https:\/\/www.facebook.com\/naturalpoland.b2b","https:\/\/pl.linkedin.com\/company\/natural-poland","https:\/\/www.youtube.com\/channel\/UCgeGGkvOMahZo-xu_MSEWxg"]}]}},"_links":{"self":[{"href":"https:\/\/naturalpoland.com\/it\/wp-json\/wp\/v2\/product\/26615","targetHints":{"allow":["GET"]}}],"collection":[{"href":"https:\/\/naturalpoland.com\/it\/wp-json\/wp\/v2\/product"}],"about":[{"href":"https:\/\/naturalpoland.com\/it\/wp-json\/wp\/v2\/types\/product"}],"wp:featuredmedia":[{"embeddable":true,"href":"https:\/\/naturalpoland.com\/it\/wp-json\/wp\/v2\/media\/26382"}],"wp:attachment":[{"href":"https:\/\/naturalpoland.com\/it\/wp-json\/wp\/v2\/media?parent=26615"}],"wp:term":[{"taxonomy":"product_brand","embeddable":true,"href":"https:\/\/naturalpoland.com\/it\/wp-json\/wp\/v2\/product_brand?post=26615"},{"taxonomy":"product_cat","embeddable":true,"href":"https:\/\/naturalpoland.com\/it\/wp-json\/wp\/v2\/product_cat?post=26615"},{"taxonomy":"product_tag","embeddable":true,"href":"https:\/\/naturalpoland.com\/it\/wp-json\/wp\/v2\/product_tag?post=26615"}],"curies":[{"name":"wp","href":"https:\/\/api.w.org\/{rel}","templated":true}]}}