{"id":26629,"date":"2023-10-06T09:34:58","date_gmt":"2023-10-06T09:40:18","guid":{"rendered":"https:\/\/naturalpoland.com\/produkty\/senza-categoria\/estratto-di-acerola-fermentata\/"},"modified":"2023-10-06T11:40:18","modified_gmt":"2023-10-06T09:40:18","slug":"estratto-di-acerola-fermentato","status":"publish","type":"product","link":"https:\/\/naturalpoland.com\/it\/produkty\/prodotti-per-industria-cosmetica\/estratti-fermentati\/estratto-di-acerola-fermentato\/","title":{"rendered":"Estratto di acerola fermentata"},"content":{"rendered":"<p>Il processo di fermentazione intensifica questi effetti benefici, aumentando la biodisponibilit\u00e0 e l&#8217;efficacia dell&#8217;estratto. Questo facilita la penetrazione dei nutrienti nella pelle, che hanno un effetto idratante, rigenerante e rivitalizzante. L&#8217;estratto di acerola aiuta a proteggere la pelle dai danni ossidativi, causa principale dell&#8217;invecchiamento precoce.<\/p>\n<p>Inoltre, l&#8217;estratto di acerola fermentata favorisce la produzione di collagene, una proteina chiave responsabile dell&#8217;elasticit\u00e0 e della compattezza della pelle. Il risultato \u00e8 una pelle pi\u00f9 elastica, liscia e ricostruita, con una riduzione evidente di linee e rughe. Ha anche un effetto schiarente, riducendo le macchie e le irregolarit\u00e0 della pigmentazione, per un tono della pelle pi\u00f9 equilibrato e uniforme.<\/p>\n<p>L&#8217;estratto \u00e8 ideale per diverse formulazioni cosmetiche, tra cui creme, sieri, maschere e altri prodotti per la cura della pelle. La sua consistenza leggera e fluida fa s\u00ec che si integri facilmente con altri ingredienti senza compromettere la consistenza finale del prodotto.<\/p>\n<p>L&#8217;estratto di Acerola fermentata \u00e8 una scelta eccellente per i marchi cosmetici che vogliono offrire prodotti di altissima qualit\u00e0, basati su ingredienti naturali e scientificamente provati. \u00c8 vegano e non testato sugli animali, il che lo rende adatto anche ai consumatori che cercano soluzioni di cura della pelle etiche e sostenibili.<\/p>\n","protected":false},"excerpt":{"rendered":"<p>L&#8217;estratto di Acerola fermentata (INCI: <em>Acerola Ferment Extract<\/em>) \u00e8 un ingrediente prezioso in cosmetologia, grazie alle sue propriet\u00e0 nutrizionali e antiossidanti uniche. L&#8217;acerola, nota anche come ciliegia delle Barbados, \u00e8 una fonte eccezionale di vitamina C e di altri antiossidanti chiave che favoriscono una pelle sana e luminosa.<\/p>\n","protected":false},"featured_media":26329,"template":"","meta":{"_acf_changed":false},"product_brand":[],"product_cat":[2687],"product_tag":[],"class_list":{"0":"post-26629","1":"product","2":"type-product","3":"status-publish","4":"has-post-thumbnail","6":"product_cat-estratti-fermentati","8":"first","9":"instock","10":"shipping-taxable","11":"product-type-simple"},"acf":[],"yoast_head":"<!-- This site is optimized with the Yoast SEO plugin v27.5 - https:\/\/yoast.com\/product\/yoast-seo-wordpress\/ -->\n<title>Estratto di acerola fermentata - Distributore all&#039;ingrosso<\/title>\n<meta name=\"description\" content=\"L&#039;estratto di Acerola fermentata \u00e8 un ingrediente prezioso in cosmetologia, grazie alle sue propriet\u00e0 nutrizionali e antiossidanti uniche.\" \/>\n<meta name=\"robots\" content=\"index, follow, max-snippet:-1, max-image-preview:large, max-video-preview:-1\" \/>\n<link rel=\"canonical\" href=\"https:\/\/naturalpoland.com\/it\/produkty\/prodotti-per-industria-cosmetica\/estratti-fermentati\/estratto-di-acerola-fermentato\/\" \/>\n<meta property=\"og:locale\" content=\"it_IT\" \/>\n<meta property=\"og:type\" content=\"article\" \/>\n<meta property=\"og:title\" content=\"Estratto di acerola fermentata - Distributore all&#039;ingrosso\" \/>\n<meta property=\"og:description\" content=\"L&#039;estratto di Acerola fermentata \u00e8 un ingrediente prezioso in cosmetologia, grazie alle sue propriet\u00e0 nutrizionali e antiossidanti uniche.\" \/>\n<meta property=\"og:url\" content=\"https:\/\/naturalpoland.com\/it\/produkty\/prodotti-per-industria-cosmetica\/estratti-fermentati\/estratto-di-acerola-fermentato\/\" \/>\n<meta property=\"og:site_name\" content=\"NATURAL POLAND - Distributore all&#039;ingrosso di materie prime\" \/>\n<meta property=\"article:publisher\" content=\"https:\/\/www.facebook.com\/naturalpoland.b2b\" \/>\n<meta property=\"og:image\" content=\"https:\/\/naturalpoland.com\/wp-content\/uploads\/fermentowany-ekstrakt-z-aceroli.png\" \/>\n\t<meta property=\"og:image:width\" content=\"590\" \/>\n\t<meta property=\"og:image:height\" content=\"590\" \/>\n\t<meta property=\"og:image:type\" content=\"image\/png\" \/>\n<script type=\"application\/ld+json\" class=\"yoast-schema-graph\">{\"@context\":\"https:\\\/\\\/schema.org\",\"@graph\":[{\"@type\":\"WebPage\",\"@id\":\"https:\\\/\\\/naturalpoland.com\\\/it\\\/produkty\\\/prodotti-per-industria-cosmetica\\\/estratti-fermentati\\\/estratto-di-acerola-fermentato\\\/\",\"url\":\"https:\\\/\\\/naturalpoland.com\\\/it\\\/produkty\\\/prodotti-per-industria-cosmetica\\\/estratti-fermentati\\\/estratto-di-acerola-fermentato\\\/\",\"name\":\"Estratto di acerola fermentata - Distributore all'ingrosso\",\"isPartOf\":{\"@id\":\"https:\\\/\\\/naturalpoland.com\\\/it\\\/#website\"},\"primaryImageOfPage\":{\"@id\":\"https:\\\/\\\/naturalpoland.com\\\/it\\\/produkty\\\/prodotti-per-industria-cosmetica\\\/estratti-fermentati\\\/estratto-di-acerola-fermentato\\\/#primaryimage\"},\"image\":{\"@id\":\"https:\\\/\\\/naturalpoland.com\\\/it\\\/produkty\\\/prodotti-per-industria-cosmetica\\\/estratti-fermentati\\\/estratto-di-acerola-fermentato\\\/#primaryimage\"},\"thumbnailUrl\":\"https:\\\/\\\/naturalpoland.com\\\/wp-content\\\/uploads\\\/fermentowany-ekstrakt-z-aceroli.png\",\"datePublished\":\"2023-10-06T09:40:18+00:00\",\"description\":\"L'estratto di Acerola fermentata \u00e8 un ingrediente prezioso in cosmetologia, grazie alle sue propriet\u00e0 nutrizionali e antiossidanti uniche.\",\"breadcrumb\":{\"@id\":\"https:\\\/\\\/naturalpoland.com\\\/it\\\/produkty\\\/prodotti-per-industria-cosmetica\\\/estratti-fermentati\\\/estratto-di-acerola-fermentato\\\/#breadcrumb\"},\"inLanguage\":\"it-IT\",\"potentialAction\":[{\"@type\":\"ReadAction\",\"target\":[\"https:\\\/\\\/naturalpoland.com\\\/it\\\/produkty\\\/prodotti-per-industria-cosmetica\\\/estratti-fermentati\\\/estratto-di-acerola-fermentato\\\/\"]}]},{\"@type\":\"ImageObject\",\"inLanguage\":\"it-IT\",\"@id\":\"https:\\\/\\\/naturalpoland.com\\\/it\\\/produkty\\\/prodotti-per-industria-cosmetica\\\/estratti-fermentati\\\/estratto-di-acerola-fermentato\\\/#primaryimage\",\"url\":\"https:\\\/\\\/naturalpoland.com\\\/wp-content\\\/uploads\\\/fermentowany-ekstrakt-z-aceroli.png\",\"contentUrl\":\"https:\\\/\\\/naturalpoland.com\\\/wp-content\\\/uploads\\\/fermentowany-ekstrakt-z-aceroli.png\",\"width\":590,\"height\":590,\"caption\":\"Estratto di Acerola fermentata\"},{\"@type\":\"BreadcrumbList\",\"@id\":\"https:\\\/\\\/naturalpoland.com\\\/it\\\/produkty\\\/prodotti-per-industria-cosmetica\\\/estratti-fermentati\\\/estratto-di-acerola-fermentato\\\/#breadcrumb\",\"itemListElement\":[{\"@type\":\"ListItem\",\"position\":1,\"name\":\"Home\",\"item\":\"https:\\\/\\\/naturalpoland.com\\\/it\\\/\"},{\"@type\":\"ListItem\",\"position\":2,\"name\":\"Prodotti\",\"item\":\"https:\\\/\\\/naturalpoland.com\\\/it\\\/prodotti\\\/\"},{\"@type\":\"ListItem\",\"position\":3,\"name\":\"Estratto di acerola fermentata\"}]},{\"@type\":\"WebSite\",\"@id\":\"https:\\\/\\\/naturalpoland.com\\\/it\\\/#website\",\"url\":\"https:\\\/\\\/naturalpoland.com\\\/it\\\/\",\"name\":\"NATURAL POLAND - Distributore all'ingrosso di materie prime\",\"description\":\"Surowce dla przemys\u0142u spo\u017cywczego, kosmetycznego i farmaceutycznego\",\"publisher\":{\"@id\":\"https:\\\/\\\/naturalpoland.com\\\/it\\\/#organization\"},\"potentialAction\":[{\"@type\":\"SearchAction\",\"target\":{\"@type\":\"EntryPoint\",\"urlTemplate\":\"https:\\\/\\\/naturalpoland.com\\\/it\\\/?s={search_term_string}\"},\"query-input\":{\"@type\":\"PropertyValueSpecification\",\"valueRequired\":true,\"valueName\":\"search_term_string\"}}],\"inLanguage\":\"it-IT\"},{\"@type\":\"Organization\",\"@id\":\"https:\\\/\\\/naturalpoland.com\\\/it\\\/#organization\",\"name\":\"Natural Poland\",\"url\":\"https:\\\/\\\/naturalpoland.com\\\/it\\\/\",\"logo\":{\"@type\":\"ImageObject\",\"inLanguage\":\"it-IT\",\"@id\":\"https:\\\/\\\/naturalpoland.com\\\/it\\\/#\\\/schema\\\/logo\\\/image\\\/\",\"url\":\"https:\\\/\\\/naturalpoland.com\\\/wp-content\\\/uploads\\\/2021\\\/05\\\/natural-poland-icon.png\",\"contentUrl\":\"https:\\\/\\\/naturalpoland.com\\\/wp-content\\\/uploads\\\/2021\\\/05\\\/natural-poland-icon.png\",\"width\":512,\"height\":512,\"caption\":\"Natural Poland\"},\"image\":{\"@id\":\"https:\\\/\\\/naturalpoland.com\\\/it\\\/#\\\/schema\\\/logo\\\/image\\\/\"},\"sameAs\":[\"https:\\\/\\\/www.facebook.com\\\/naturalpoland.b2b\",\"https:\\\/\\\/pl.linkedin.com\\\/company\\\/natural-poland\",\"https:\\\/\\\/www.youtube.com\\\/channel\\\/UCgeGGkvOMahZo-xu_MSEWxg\"]}]}<\/script>\n<!-- \/ Yoast SEO plugin. -->","yoast_head_json":{"title":"Estratto di acerola fermentata - Distributore all'ingrosso","description":"L'estratto di Acerola fermentata \u00e8 un ingrediente prezioso in cosmetologia, grazie alle sue propriet\u00e0 nutrizionali e antiossidanti uniche.","robots":{"index":"index","follow":"follow","max-snippet":"max-snippet:-1","max-image-preview":"max-image-preview:large","max-video-preview":"max-video-preview:-1"},"canonical":"https:\/\/naturalpoland.com\/it\/produkty\/prodotti-per-industria-cosmetica\/estratti-fermentati\/estratto-di-acerola-fermentato\/","og_locale":"it_IT","og_type":"article","og_title":"Estratto di acerola fermentata - Distributore all'ingrosso","og_description":"L'estratto di Acerola fermentata \u00e8 un ingrediente prezioso in cosmetologia, grazie alle sue propriet\u00e0 nutrizionali e antiossidanti uniche.","og_url":"https:\/\/naturalpoland.com\/it\/produkty\/prodotti-per-industria-cosmetica\/estratti-fermentati\/estratto-di-acerola-fermentato\/","og_site_name":"NATURAL POLAND - Distributore all'ingrosso di materie prime","article_publisher":"https:\/\/www.facebook.com\/naturalpoland.b2b","og_image":[{"width":590,"height":590,"url":"https:\/\/naturalpoland.com\/wp-content\/uploads\/fermentowany-ekstrakt-z-aceroli.png","type":"image\/png"}],"schema":{"@context":"https:\/\/schema.org","@graph":[{"@type":"WebPage","@id":"https:\/\/naturalpoland.com\/it\/produkty\/prodotti-per-industria-cosmetica\/estratti-fermentati\/estratto-di-acerola-fermentato\/","url":"https:\/\/naturalpoland.com\/it\/produkty\/prodotti-per-industria-cosmetica\/estratti-fermentati\/estratto-di-acerola-fermentato\/","name":"Estratto di acerola fermentata - Distributore all'ingrosso","isPartOf":{"@id":"https:\/\/naturalpoland.com\/it\/#website"},"primaryImageOfPage":{"@id":"https:\/\/naturalpoland.com\/it\/produkty\/prodotti-per-industria-cosmetica\/estratti-fermentati\/estratto-di-acerola-fermentato\/#primaryimage"},"image":{"@id":"https:\/\/naturalpoland.com\/it\/produkty\/prodotti-per-industria-cosmetica\/estratti-fermentati\/estratto-di-acerola-fermentato\/#primaryimage"},"thumbnailUrl":"https:\/\/naturalpoland.com\/wp-content\/uploads\/fermentowany-ekstrakt-z-aceroli.png","datePublished":"2023-10-06T09:40:18+00:00","description":"L'estratto di Acerola fermentata \u00e8 un ingrediente prezioso in cosmetologia, grazie alle sue propriet\u00e0 nutrizionali e antiossidanti uniche.","breadcrumb":{"@id":"https:\/\/naturalpoland.com\/it\/produkty\/prodotti-per-industria-cosmetica\/estratti-fermentati\/estratto-di-acerola-fermentato\/#breadcrumb"},"inLanguage":"it-IT","potentialAction":[{"@type":"ReadAction","target":["https:\/\/naturalpoland.com\/it\/produkty\/prodotti-per-industria-cosmetica\/estratti-fermentati\/estratto-di-acerola-fermentato\/"]}]},{"@type":"ImageObject","inLanguage":"it-IT","@id":"https:\/\/naturalpoland.com\/it\/produkty\/prodotti-per-industria-cosmetica\/estratti-fermentati\/estratto-di-acerola-fermentato\/#primaryimage","url":"https:\/\/naturalpoland.com\/wp-content\/uploads\/fermentowany-ekstrakt-z-aceroli.png","contentUrl":"https:\/\/naturalpoland.com\/wp-content\/uploads\/fermentowany-ekstrakt-z-aceroli.png","width":590,"height":590,"caption":"Estratto di Acerola fermentata"},{"@type":"BreadcrumbList","@id":"https:\/\/naturalpoland.com\/it\/produkty\/prodotti-per-industria-cosmetica\/estratti-fermentati\/estratto-di-acerola-fermentato\/#breadcrumb","itemListElement":[{"@type":"ListItem","position":1,"name":"Home","item":"https:\/\/naturalpoland.com\/it\/"},{"@type":"ListItem","position":2,"name":"Prodotti","item":"https:\/\/naturalpoland.com\/it\/prodotti\/"},{"@type":"ListItem","position":3,"name":"Estratto di acerola fermentata"}]},{"@type":"WebSite","@id":"https:\/\/naturalpoland.com\/it\/#website","url":"https:\/\/naturalpoland.com\/it\/","name":"NATURAL POLAND - Distributore all'ingrosso di materie prime","description":"Surowce dla przemys\u0142u spo\u017cywczego, kosmetycznego i farmaceutycznego","publisher":{"@id":"https:\/\/naturalpoland.com\/it\/#organization"},"potentialAction":[{"@type":"SearchAction","target":{"@type":"EntryPoint","urlTemplate":"https:\/\/naturalpoland.com\/it\/?s={search_term_string}"},"query-input":{"@type":"PropertyValueSpecification","valueRequired":true,"valueName":"search_term_string"}}],"inLanguage":"it-IT"},{"@type":"Organization","@id":"https:\/\/naturalpoland.com\/it\/#organization","name":"Natural Poland","url":"https:\/\/naturalpoland.com\/it\/","logo":{"@type":"ImageObject","inLanguage":"it-IT","@id":"https:\/\/naturalpoland.com\/it\/#\/schema\/logo\/image\/","url":"https:\/\/naturalpoland.com\/wp-content\/uploads\/2021\/05\/natural-poland-icon.png","contentUrl":"https:\/\/naturalpoland.com\/wp-content\/uploads\/2021\/05\/natural-poland-icon.png","width":512,"height":512,"caption":"Natural Poland"},"image":{"@id":"https:\/\/naturalpoland.com\/it\/#\/schema\/logo\/image\/"},"sameAs":["https:\/\/www.facebook.com\/naturalpoland.b2b","https:\/\/pl.linkedin.com\/company\/natural-poland","https:\/\/www.youtube.com\/channel\/UCgeGGkvOMahZo-xu_MSEWxg"]}]}},"_links":{"self":[{"href":"https:\/\/naturalpoland.com\/it\/wp-json\/wp\/v2\/product\/26629","targetHints":{"allow":["GET"]}}],"collection":[{"href":"https:\/\/naturalpoland.com\/it\/wp-json\/wp\/v2\/product"}],"about":[{"href":"https:\/\/naturalpoland.com\/it\/wp-json\/wp\/v2\/types\/product"}],"wp:featuredmedia":[{"embeddable":true,"href":"https:\/\/naturalpoland.com\/it\/wp-json\/wp\/v2\/media\/26329"}],"wp:attachment":[{"href":"https:\/\/naturalpoland.com\/it\/wp-json\/wp\/v2\/media?parent=26629"}],"wp:term":[{"taxonomy":"product_brand","embeddable":true,"href":"https:\/\/naturalpoland.com\/it\/wp-json\/wp\/v2\/product_brand?post=26629"},{"taxonomy":"product_cat","embeddable":true,"href":"https:\/\/naturalpoland.com\/it\/wp-json\/wp\/v2\/product_cat?post=26629"},{"taxonomy":"product_tag","embeddable":true,"href":"https:\/\/naturalpoland.com\/it\/wp-json\/wp\/v2\/product_tag?post=26629"}],"curies":[{"name":"wp","href":"https:\/\/api.w.org\/{rel}","templated":true}]}}