{"id":26888,"date":"2023-10-17T13:28:14","date_gmt":"2023-10-17T11:28:14","guid":{"rendered":"https:\/\/naturalpoland.com\/produkty\/senza-categoria\/nmn-nicotinamide-mononucleotide\/"},"modified":"2026-02-09T12:41:05","modified_gmt":"2026-02-09T11:41:05","slug":"nmn-nicotinamide-mononucleotide","status":"publish","type":"product","link":"https:\/\/naturalpoland.com\/it\/produkty\/prodotti-per-industria-farmaceutica-e-medica\/additivi-per-integratori\/nmn-nicotinamide-mononucleotide\/","title":{"rendered":"NMN (Nicotinamide Mononucleotide)"},"content":{"rendered":"<h2>Applicazione:<\/h2>\n<p>Il prodotto trova applicazione nei moderni integratori alimentari mirati a: migliorare il metabolismo, aumentare i livelli di energia, sostenere l&#8217;immunit\u00e0, prevenire l&#8217;invecchiamento, neuroprotezione e protezione delle cellule dallo stress ossidativo. Pu\u00f2 essere utilizzato anche in preparati mirati alla rigenerazione dell&#8217;organismo dopo l&#8217;esercizio fisico, trattamenti di medicina estetica o durante la convalescenza. <\/p>\n<h2>I principali benefici dell&#8217;integrazione di NMN:<\/h2>\n<ol>\n<li><strong>Sostegno al metabolismo<\/strong>: Il NAD+ \u00e8 essenziale per molti processi metabolici, compreso il metabolismo energetico nei mitocondri.<\/li>\n<li><strong>Longevit\u00e0<\/strong>: studi sugli animali indicano che l&#8217;NMN pu\u00f2 supportare la longevit\u00e0 attraverso l&#8217;attivazione di determinate vie metaboliche.<\/li>\n<li><strong>Protezione del DNA<\/strong>: Il NAD+ \u00e8 importante nel processo di riparazione del DNA e l&#8217;integrazione di NMN pu\u00f2 favorire la capacit\u00e0 delle cellule di riparare il DNA danneggiato.<\/li>\n<li><strong>Supporto per il sistema nervoso<\/strong>: studi preliminari suggeriscono che l&#8217;NMN pu\u00f2 supportare le funzioni neurologiche e aiutare a proteggere dalla degenerazione delle cellule nervose.<\/li>\n<li><strong>Aumento dell&#8217;energia<\/strong>: supportando le funzioni mitocondriali, l&#8217;NMN pu\u00f2 contribuire ad aumentare l&#8217;energia generale nel corpo.<\/li>\n<\/ol>\n<p>&nbsp;<\/p>\n<p>NMN \u00e8 un integratore alimentare innovativo che si concentra sul sostegno di un invecchiamento sano e dell&#8217;energia cellulare, sostenendo i livelli di NAD+ nell&#8217;organismo. Ideale per chi vuole migliorare la vitalit\u00e0 generale e per chi vuole comprendere gli ultimi sviluppi della ricerca sull&#8217;invecchiamento. <\/p>\n","protected":false},"excerpt":{"rendered":"<p><strong>NMN<\/strong> \u00e8 l&#8217;acronimo di <strong>Nicotinamide Mononucleotide<\/strong>, una molecola chiave che si trova naturalmente nel nostro organismo e che svolge un ruolo fondamentale nella produzione di NAD+, un importante coenzima presente in ogni cellula del corpo umano. I livelli di NAD+ diminuiscono naturalmente con l&#8217;et\u00e0, influenzando vari processi biochimici dell&#8217;organismo. <\/p>\n","protected":false},"featured_media":41399,"template":"","meta":{"_acf_changed":false},"product_brand":[],"product_cat":[1530],"product_tag":[],"class_list":{"0":"post-26888","1":"product","2":"type-product","3":"status-publish","4":"has-post-thumbnail","6":"product_cat-additivi-per-integratori","8":"first","9":"instock","10":"shipping-taxable","11":"product-type-simple"},"acf":[],"yoast_head":"<!-- This site is optimized with the Yoast SEO plugin v27.4 - https:\/\/yoast.com\/product\/yoast-seo-wordpress\/ -->\n<title>NMN (Nicotinamide Mononucleotide) - Distributore all&#039;ingrosso<\/title>\n<meta name=\"description\" content=\"NMN si concentra sul sostegno di un invecchiamento sano e dell&#039;energia cellulare, sostenendo i livelli di NAD+ nell&#039;organismo.\" \/>\n<meta name=\"robots\" content=\"index, follow, max-snippet:-1, max-image-preview:large, max-video-preview:-1\" \/>\n<link rel=\"canonical\" href=\"https:\/\/naturalpoland.com\/it\/produkty\/prodotti-per-industria-farmaceutica-e-medica\/additivi-per-integratori\/nmn-nicotinamide-mononucleotide\/\" \/>\n<meta property=\"og:locale\" content=\"it_IT\" \/>\n<meta property=\"og:type\" content=\"article\" \/>\n<meta property=\"og:title\" content=\"NMN (Nicotinamide Mononucleotide) - Distributore all&#039;ingrosso\" \/>\n<meta property=\"og:description\" content=\"NMN si concentra sul sostegno di un invecchiamento sano e dell&#039;energia cellulare, sostenendo i livelli di NAD+ nell&#039;organismo.\" \/>\n<meta property=\"og:url\" content=\"https:\/\/naturalpoland.com\/it\/produkty\/prodotti-per-industria-farmaceutica-e-medica\/additivi-per-integratori\/nmn-nicotinamide-mononucleotide\/\" \/>\n<meta property=\"og:site_name\" content=\"NATURAL POLAND - Distributore all&#039;ingrosso di materie prime\" \/>\n<meta property=\"article:publisher\" content=\"https:\/\/www.facebook.com\/naturalpoland.b2b\" \/>\n<meta property=\"article:modified_time\" content=\"2026-02-09T11:41:05+00:00\" \/>\n<meta property=\"og:image\" content=\"https:\/\/naturalpoland.com\/wp-content\/uploads\/nmn.webp\" \/>\n\t<meta property=\"og:image:width\" content=\"1024\" \/>\n\t<meta property=\"og:image:height\" content=\"1024\" \/>\n\t<meta property=\"og:image:type\" content=\"image\/webp\" \/>\n<script type=\"application\/ld+json\" class=\"yoast-schema-graph\">{\"@context\":\"https:\\\/\\\/schema.org\",\"@graph\":[{\"@type\":\"WebPage\",\"@id\":\"https:\\\/\\\/naturalpoland.com\\\/it\\\/produkty\\\/prodotti-per-industria-farmaceutica-e-medica\\\/additivi-per-integratori\\\/nmn-nicotinamide-mononucleotide\\\/\",\"url\":\"https:\\\/\\\/naturalpoland.com\\\/it\\\/produkty\\\/prodotti-per-industria-farmaceutica-e-medica\\\/additivi-per-integratori\\\/nmn-nicotinamide-mononucleotide\\\/\",\"name\":\"NMN (Nicotinamide Mononucleotide) - Distributore all'ingrosso\",\"isPartOf\":{\"@id\":\"https:\\\/\\\/naturalpoland.com\\\/it\\\/#website\"},\"primaryImageOfPage\":{\"@id\":\"https:\\\/\\\/naturalpoland.com\\\/it\\\/produkty\\\/prodotti-per-industria-farmaceutica-e-medica\\\/additivi-per-integratori\\\/nmn-nicotinamide-mononucleotide\\\/#primaryimage\"},\"image\":{\"@id\":\"https:\\\/\\\/naturalpoland.com\\\/it\\\/produkty\\\/prodotti-per-industria-farmaceutica-e-medica\\\/additivi-per-integratori\\\/nmn-nicotinamide-mononucleotide\\\/#primaryimage\"},\"thumbnailUrl\":\"https:\\\/\\\/naturalpoland.com\\\/wp-content\\\/uploads\\\/nmn.webp\",\"datePublished\":\"2023-10-17T11:28:14+00:00\",\"dateModified\":\"2026-02-09T11:41:05+00:00\",\"description\":\"NMN si concentra sul sostegno di un invecchiamento sano e dell'energia cellulare, sostenendo i livelli di NAD+ nell'organismo.\",\"breadcrumb\":{\"@id\":\"https:\\\/\\\/naturalpoland.com\\\/it\\\/produkty\\\/prodotti-per-industria-farmaceutica-e-medica\\\/additivi-per-integratori\\\/nmn-nicotinamide-mononucleotide\\\/#breadcrumb\"},\"inLanguage\":\"it-IT\",\"potentialAction\":[{\"@type\":\"ReadAction\",\"target\":[\"https:\\\/\\\/naturalpoland.com\\\/it\\\/produkty\\\/prodotti-per-industria-farmaceutica-e-medica\\\/additivi-per-integratori\\\/nmn-nicotinamide-mononucleotide\\\/\"]}]},{\"@type\":\"ImageObject\",\"inLanguage\":\"it-IT\",\"@id\":\"https:\\\/\\\/naturalpoland.com\\\/it\\\/produkty\\\/prodotti-per-industria-farmaceutica-e-medica\\\/additivi-per-integratori\\\/nmn-nicotinamide-mononucleotide\\\/#primaryimage\",\"url\":\"https:\\\/\\\/naturalpoland.com\\\/wp-content\\\/uploads\\\/nmn.webp\",\"contentUrl\":\"https:\\\/\\\/naturalpoland.com\\\/wp-content\\\/uploads\\\/nmn.webp\",\"width\":1024,\"height\":1024,\"caption\":\"Nicotinamide Mononucleotide in polvere\"},{\"@type\":\"BreadcrumbList\",\"@id\":\"https:\\\/\\\/naturalpoland.com\\\/it\\\/produkty\\\/prodotti-per-industria-farmaceutica-e-medica\\\/additivi-per-integratori\\\/nmn-nicotinamide-mononucleotide\\\/#breadcrumb\",\"itemListElement\":[{\"@type\":\"ListItem\",\"position\":1,\"name\":\"Home\",\"item\":\"https:\\\/\\\/naturalpoland.com\\\/it\\\/\"},{\"@type\":\"ListItem\",\"position\":2,\"name\":\"Prodotti\",\"item\":\"https:\\\/\\\/naturalpoland.com\\\/it\\\/prodotti\\\/\"},{\"@type\":\"ListItem\",\"position\":3,\"name\":\"NMN (Nicotinamide Mononucleotide)\"}]},{\"@type\":\"WebSite\",\"@id\":\"https:\\\/\\\/naturalpoland.com\\\/it\\\/#website\",\"url\":\"https:\\\/\\\/naturalpoland.com\\\/it\\\/\",\"name\":\"NATURAL POLAND - Distributore all'ingrosso di materie prime\",\"description\":\"Surowce dla przemys\u0142u spo\u017cywczego, kosmetycznego i farmaceutycznego\",\"publisher\":{\"@id\":\"https:\\\/\\\/naturalpoland.com\\\/it\\\/#organization\"},\"potentialAction\":[{\"@type\":\"SearchAction\",\"target\":{\"@type\":\"EntryPoint\",\"urlTemplate\":\"https:\\\/\\\/naturalpoland.com\\\/it\\\/?s={search_term_string}\"},\"query-input\":{\"@type\":\"PropertyValueSpecification\",\"valueRequired\":true,\"valueName\":\"search_term_string\"}}],\"inLanguage\":\"it-IT\"},{\"@type\":\"Organization\",\"@id\":\"https:\\\/\\\/naturalpoland.com\\\/it\\\/#organization\",\"name\":\"Natural Poland\",\"url\":\"https:\\\/\\\/naturalpoland.com\\\/it\\\/\",\"logo\":{\"@type\":\"ImageObject\",\"inLanguage\":\"it-IT\",\"@id\":\"https:\\\/\\\/naturalpoland.com\\\/it\\\/#\\\/schema\\\/logo\\\/image\\\/\",\"url\":\"https:\\\/\\\/naturalpoland.com\\\/wp-content\\\/uploads\\\/2021\\\/05\\\/natural-poland-icon.png\",\"contentUrl\":\"https:\\\/\\\/naturalpoland.com\\\/wp-content\\\/uploads\\\/2021\\\/05\\\/natural-poland-icon.png\",\"width\":512,\"height\":512,\"caption\":\"Natural Poland\"},\"image\":{\"@id\":\"https:\\\/\\\/naturalpoland.com\\\/it\\\/#\\\/schema\\\/logo\\\/image\\\/\"},\"sameAs\":[\"https:\\\/\\\/www.facebook.com\\\/naturalpoland.b2b\",\"https:\\\/\\\/pl.linkedin.com\\\/company\\\/natural-poland\",\"https:\\\/\\\/www.youtube.com\\\/channel\\\/UCgeGGkvOMahZo-xu_MSEWxg\"]}]}<\/script>\n<!-- \/ Yoast SEO plugin. -->","yoast_head_json":{"title":"NMN (Nicotinamide Mononucleotide) - Distributore all'ingrosso","description":"NMN si concentra sul sostegno di un invecchiamento sano e dell'energia cellulare, sostenendo i livelli di NAD+ nell'organismo.","robots":{"index":"index","follow":"follow","max-snippet":"max-snippet:-1","max-image-preview":"max-image-preview:large","max-video-preview":"max-video-preview:-1"},"canonical":"https:\/\/naturalpoland.com\/it\/produkty\/prodotti-per-industria-farmaceutica-e-medica\/additivi-per-integratori\/nmn-nicotinamide-mononucleotide\/","og_locale":"it_IT","og_type":"article","og_title":"NMN (Nicotinamide Mononucleotide) - Distributore all'ingrosso","og_description":"NMN si concentra sul sostegno di un invecchiamento sano e dell'energia cellulare, sostenendo i livelli di NAD+ nell'organismo.","og_url":"https:\/\/naturalpoland.com\/it\/produkty\/prodotti-per-industria-farmaceutica-e-medica\/additivi-per-integratori\/nmn-nicotinamide-mononucleotide\/","og_site_name":"NATURAL POLAND - Distributore all'ingrosso di materie prime","article_publisher":"https:\/\/www.facebook.com\/naturalpoland.b2b","article_modified_time":"2026-02-09T11:41:05+00:00","og_image":[{"width":1024,"height":1024,"url":"https:\/\/naturalpoland.com\/wp-content\/uploads\/nmn.webp","type":"image\/webp"}],"schema":{"@context":"https:\/\/schema.org","@graph":[{"@type":"WebPage","@id":"https:\/\/naturalpoland.com\/it\/produkty\/prodotti-per-industria-farmaceutica-e-medica\/additivi-per-integratori\/nmn-nicotinamide-mononucleotide\/","url":"https:\/\/naturalpoland.com\/it\/produkty\/prodotti-per-industria-farmaceutica-e-medica\/additivi-per-integratori\/nmn-nicotinamide-mononucleotide\/","name":"NMN (Nicotinamide Mononucleotide) - Distributore all'ingrosso","isPartOf":{"@id":"https:\/\/naturalpoland.com\/it\/#website"},"primaryImageOfPage":{"@id":"https:\/\/naturalpoland.com\/it\/produkty\/prodotti-per-industria-farmaceutica-e-medica\/additivi-per-integratori\/nmn-nicotinamide-mononucleotide\/#primaryimage"},"image":{"@id":"https:\/\/naturalpoland.com\/it\/produkty\/prodotti-per-industria-farmaceutica-e-medica\/additivi-per-integratori\/nmn-nicotinamide-mononucleotide\/#primaryimage"},"thumbnailUrl":"https:\/\/naturalpoland.com\/wp-content\/uploads\/nmn.webp","datePublished":"2023-10-17T11:28:14+00:00","dateModified":"2026-02-09T11:41:05+00:00","description":"NMN si concentra sul sostegno di un invecchiamento sano e dell'energia cellulare, sostenendo i livelli di NAD+ nell'organismo.","breadcrumb":{"@id":"https:\/\/naturalpoland.com\/it\/produkty\/prodotti-per-industria-farmaceutica-e-medica\/additivi-per-integratori\/nmn-nicotinamide-mononucleotide\/#breadcrumb"},"inLanguage":"it-IT","potentialAction":[{"@type":"ReadAction","target":["https:\/\/naturalpoland.com\/it\/produkty\/prodotti-per-industria-farmaceutica-e-medica\/additivi-per-integratori\/nmn-nicotinamide-mononucleotide\/"]}]},{"@type":"ImageObject","inLanguage":"it-IT","@id":"https:\/\/naturalpoland.com\/it\/produkty\/prodotti-per-industria-farmaceutica-e-medica\/additivi-per-integratori\/nmn-nicotinamide-mononucleotide\/#primaryimage","url":"https:\/\/naturalpoland.com\/wp-content\/uploads\/nmn.webp","contentUrl":"https:\/\/naturalpoland.com\/wp-content\/uploads\/nmn.webp","width":1024,"height":1024,"caption":"Nicotinamide Mononucleotide in polvere"},{"@type":"BreadcrumbList","@id":"https:\/\/naturalpoland.com\/it\/produkty\/prodotti-per-industria-farmaceutica-e-medica\/additivi-per-integratori\/nmn-nicotinamide-mononucleotide\/#breadcrumb","itemListElement":[{"@type":"ListItem","position":1,"name":"Home","item":"https:\/\/naturalpoland.com\/it\/"},{"@type":"ListItem","position":2,"name":"Prodotti","item":"https:\/\/naturalpoland.com\/it\/prodotti\/"},{"@type":"ListItem","position":3,"name":"NMN (Nicotinamide Mononucleotide)"}]},{"@type":"WebSite","@id":"https:\/\/naturalpoland.com\/it\/#website","url":"https:\/\/naturalpoland.com\/it\/","name":"NATURAL POLAND - Distributore all'ingrosso di materie prime","description":"Surowce dla przemys\u0142u spo\u017cywczego, kosmetycznego i farmaceutycznego","publisher":{"@id":"https:\/\/naturalpoland.com\/it\/#organization"},"potentialAction":[{"@type":"SearchAction","target":{"@type":"EntryPoint","urlTemplate":"https:\/\/naturalpoland.com\/it\/?s={search_term_string}"},"query-input":{"@type":"PropertyValueSpecification","valueRequired":true,"valueName":"search_term_string"}}],"inLanguage":"it-IT"},{"@type":"Organization","@id":"https:\/\/naturalpoland.com\/it\/#organization","name":"Natural Poland","url":"https:\/\/naturalpoland.com\/it\/","logo":{"@type":"ImageObject","inLanguage":"it-IT","@id":"https:\/\/naturalpoland.com\/it\/#\/schema\/logo\/image\/","url":"https:\/\/naturalpoland.com\/wp-content\/uploads\/2021\/05\/natural-poland-icon.png","contentUrl":"https:\/\/naturalpoland.com\/wp-content\/uploads\/2021\/05\/natural-poland-icon.png","width":512,"height":512,"caption":"Natural Poland"},"image":{"@id":"https:\/\/naturalpoland.com\/it\/#\/schema\/logo\/image\/"},"sameAs":["https:\/\/www.facebook.com\/naturalpoland.b2b","https:\/\/pl.linkedin.com\/company\/natural-poland","https:\/\/www.youtube.com\/channel\/UCgeGGkvOMahZo-xu_MSEWxg"]}]}},"_links":{"self":[{"href":"https:\/\/naturalpoland.com\/it\/wp-json\/wp\/v2\/product\/26888","targetHints":{"allow":["GET"]}}],"collection":[{"href":"https:\/\/naturalpoland.com\/it\/wp-json\/wp\/v2\/product"}],"about":[{"href":"https:\/\/naturalpoland.com\/it\/wp-json\/wp\/v2\/types\/product"}],"wp:featuredmedia":[{"embeddable":true,"href":"https:\/\/naturalpoland.com\/it\/wp-json\/wp\/v2\/media\/41399"}],"wp:attachment":[{"href":"https:\/\/naturalpoland.com\/it\/wp-json\/wp\/v2\/media?parent=26888"}],"wp:term":[{"taxonomy":"product_brand","embeddable":true,"href":"https:\/\/naturalpoland.com\/it\/wp-json\/wp\/v2\/product_brand?post=26888"},{"taxonomy":"product_cat","embeddable":true,"href":"https:\/\/naturalpoland.com\/it\/wp-json\/wp\/v2\/product_cat?post=26888"},{"taxonomy":"product_tag","embeddable":true,"href":"https:\/\/naturalpoland.com\/it\/wp-json\/wp\/v2\/product_tag?post=26888"}],"curies":[{"name":"wp","href":"https:\/\/api.w.org\/{rel}","templated":true}]}}