{"id":29325,"date":"2024-01-08T11:16:36","date_gmt":"2024-01-10T11:33:46","guid":{"rendered":"https:\/\/naturalpoland.com\/produkty\/senza-categoria\/idrossipropil-tetraidropiranolo\/"},"modified":"2024-01-10T12:33:46","modified_gmt":"2024-01-10T11:33:46","slug":"idrossipropil-tetraidropiranolo","status":"publish","type":"product","link":"https:\/\/naturalpoland.com\/it\/produkty\/prodotti-per-industria-cosmetica\/peptidi\/idrossipropil-tetraidropiranolo\/","title":{"rendered":"Idrossipropil tetraidropiranolo"},"content":{"rendered":"<h2><strong>Meccanismo d&#8217;azione:<\/strong><\/h2>\n<p>L&#8217;idrossipropil-tetraidrantriolo agisce stimolando la sintesi della matrice extracellulare. I suoi effetti comprendono l&#8217;induzione della generazione di glicosaminoglicani (GAG) nell&#8217;epidermide, l&#8217;accelerazione della produzione di collagene di tipo IV e VII da parte delle cellule del derma e il rafforzamento della connessione tra derma ed epidermide. Questo ingrediente migliora efficacemente l&#8217;adesione epidermica, con conseguente aumento della compattezza e dell&#8217;elasticit\u00e0 della pelle.<\/p>\n<h2><strong>Esperimenti di efficacia:<\/strong><\/h2>\n<p>Secondo un rapporto di Hunter Biotech, l&#8217;uso dell&#8217;idrossipropil-tetraidropirantriolo \u00e8 risultato in grado di aumentare significativamente l&#8217;espressione del precursore del collagene di tipo I rispetto al gruppo di controllo, indicando l&#8217;efficacia antirughe di questa sostanza.<\/p>\n<h2><strong>Applicazioni:<\/strong><\/h2>\n<p>L&#8217;idrossipropil-tetraidrantriolo \u00e8 utilizzato in un&#8217;ampia gamma di <strong>prodotti cosmetici e per la cura della persona<\/strong>. \u00c8 particolarmente indicato per l&#8217;uso in prodotti come creme per il viso da giorno e da notte, sieri per il contorno occhi, nonch\u00e9 lozioni e altri prodotti idratanti. I suoi effetti anti-invecchiamento, idratanti e rassodanti lo rendono l&#8217;ingrediente preferito dai produttori di cosmetici di alta gamma alla ricerca di soluzioni efficaci e innovative per la cura della pelle.<\/p>\n<h2><strong>Concentrazione consigliata:<\/strong><\/h2>\n<p>La concentrazione raccomandata per l&#8217;uso dell&#8217;idrossipropil-tetraidropirantriolo nei prodotti cosmetici va dallo 0,1% al 10%, consentendo di adattare la formulazione alle esigenze individuali e agli obiettivi del prodotto.<\/p>\n","protected":false},"excerpt":{"rendered":"<p>L&#8217;idrossipropil tetraidrantriolo, noto anche con il nome commerciale di IDROSSIPROPIL TETRAIDROPIRANTRIOLO, \u00e8 un principio attivo innovativo con un&#8217;elevata purezza superiore al 98%, prodotto per fermentazione biologica. \u00c8 una sostanza comunemente utilizzata nell&#8217;industria cosmetica per le sue eccezionali propriet\u00e0 di rigenerazione e ringiovanimento della pelle.<\/p>\n","protected":false},"featured_media":29288,"template":"","meta":{"_acf_changed":false},"product_brand":[],"product_cat":[2493],"product_tag":[],"class_list":{"0":"post-29325","1":"product","2":"type-product","3":"status-publish","4":"has-post-thumbnail","6":"product_cat-peptidi","7":"pa_metoda-pozyskiwania-fermentazione-biologica","9":"first","10":"instock","11":"shipping-taxable","12":"product-type-simple"},"acf":[],"yoast_head":"<!-- This site is optimized with the Yoast SEO plugin v27.4 - https:\/\/yoast.com\/product\/yoast-seo-wordpress\/ -->\n<title>Idrossipropil tetraidropiranolo - Distributore all&#039;ingrosso<\/title>\n<meta name=\"description\" content=\"L&#039;idrossipropil-tetraidrantriolo \u00e8 un ingrediente attivo avanzato che rappresenta una valida aggiunta a un&#039;ampia gamma di prodotti cosmetici.\" \/>\n<meta name=\"robots\" content=\"index, follow, max-snippet:-1, max-image-preview:large, max-video-preview:-1\" \/>\n<link rel=\"canonical\" href=\"https:\/\/naturalpoland.com\/it\/produkty\/prodotti-per-industria-cosmetica\/peptidi\/idrossipropil-tetraidropiranolo\/\" \/>\n<meta property=\"og:locale\" content=\"it_IT\" \/>\n<meta property=\"og:type\" content=\"article\" \/>\n<meta property=\"og:title\" content=\"Idrossipropil tetraidropiranolo - Distributore all&#039;ingrosso\" \/>\n<meta property=\"og:description\" content=\"L&#039;idrossipropil-tetraidrantriolo \u00e8 un ingrediente attivo avanzato che rappresenta una valida aggiunta a un&#039;ampia gamma di prodotti cosmetici.\" \/>\n<meta property=\"og:url\" content=\"https:\/\/naturalpoland.com\/it\/produkty\/prodotti-per-industria-cosmetica\/peptidi\/idrossipropil-tetraidropiranolo\/\" \/>\n<meta property=\"og:site_name\" content=\"NATURAL POLAND - Distributore all&#039;ingrosso di materie prime\" \/>\n<meta property=\"article:publisher\" content=\"https:\/\/www.facebook.com\/naturalpoland.b2b\" \/>\n<meta property=\"og:image\" content=\"https:\/\/naturalpoland.com\/wp-content\/uploads\/hydroxypropyl_tetrahydropyrantriol.webp\" \/>\n\t<meta property=\"og:image:width\" content=\"618\" \/>\n\t<meta property=\"og:image:height\" content=\"618\" \/>\n\t<meta property=\"og:image:type\" content=\"image\/webp\" \/>\n<script type=\"application\/ld+json\" class=\"yoast-schema-graph\">{\"@context\":\"https:\\\/\\\/schema.org\",\"@graph\":[{\"@type\":\"WebPage\",\"@id\":\"https:\\\/\\\/naturalpoland.com\\\/it\\\/produkty\\\/prodotti-per-industria-cosmetica\\\/peptidi\\\/idrossipropil-tetraidropiranolo\\\/\",\"url\":\"https:\\\/\\\/naturalpoland.com\\\/it\\\/produkty\\\/prodotti-per-industria-cosmetica\\\/peptidi\\\/idrossipropil-tetraidropiranolo\\\/\",\"name\":\"Idrossipropil tetraidropiranolo - Distributore all'ingrosso\",\"isPartOf\":{\"@id\":\"https:\\\/\\\/naturalpoland.com\\\/it\\\/#website\"},\"primaryImageOfPage\":{\"@id\":\"https:\\\/\\\/naturalpoland.com\\\/it\\\/produkty\\\/prodotti-per-industria-cosmetica\\\/peptidi\\\/idrossipropil-tetraidropiranolo\\\/#primaryimage\"},\"image\":{\"@id\":\"https:\\\/\\\/naturalpoland.com\\\/it\\\/produkty\\\/prodotti-per-industria-cosmetica\\\/peptidi\\\/idrossipropil-tetraidropiranolo\\\/#primaryimage\"},\"thumbnailUrl\":\"https:\\\/\\\/naturalpoland.com\\\/wp-content\\\/uploads\\\/hydroxypropyl_tetrahydropyrantriol.webp\",\"datePublished\":\"2024-01-10T11:33:46+00:00\",\"description\":\"L'idrossipropil-tetraidrantriolo \u00e8 un ingrediente attivo avanzato che rappresenta una valida aggiunta a un'ampia gamma di prodotti cosmetici.\",\"breadcrumb\":{\"@id\":\"https:\\\/\\\/naturalpoland.com\\\/it\\\/produkty\\\/prodotti-per-industria-cosmetica\\\/peptidi\\\/idrossipropil-tetraidropiranolo\\\/#breadcrumb\"},\"inLanguage\":\"it-IT\",\"potentialAction\":[{\"@type\":\"ReadAction\",\"target\":[\"https:\\\/\\\/naturalpoland.com\\\/it\\\/produkty\\\/prodotti-per-industria-cosmetica\\\/peptidi\\\/idrossipropil-tetraidropiranolo\\\/\"]}]},{\"@type\":\"ImageObject\",\"inLanguage\":\"it-IT\",\"@id\":\"https:\\\/\\\/naturalpoland.com\\\/it\\\/produkty\\\/prodotti-per-industria-cosmetica\\\/peptidi\\\/idrossipropil-tetraidropiranolo\\\/#primaryimage\",\"url\":\"https:\\\/\\\/naturalpoland.com\\\/wp-content\\\/uploads\\\/hydroxypropyl_tetrahydropyrantriol.webp\",\"contentUrl\":\"https:\\\/\\\/naturalpoland.com\\\/wp-content\\\/uploads\\\/hydroxypropyl_tetrahydropyrantriol.webp\",\"width\":618,\"height\":618,\"caption\":\"IDROSSIPROPIL_TETRAIDROPIRANTRIOLO\"},{\"@type\":\"BreadcrumbList\",\"@id\":\"https:\\\/\\\/naturalpoland.com\\\/it\\\/produkty\\\/prodotti-per-industria-cosmetica\\\/peptidi\\\/idrossipropil-tetraidropiranolo\\\/#breadcrumb\",\"itemListElement\":[{\"@type\":\"ListItem\",\"position\":1,\"name\":\"Home\",\"item\":\"https:\\\/\\\/naturalpoland.com\\\/it\\\/\"},{\"@type\":\"ListItem\",\"position\":2,\"name\":\"Prodotti\",\"item\":\"https:\\\/\\\/naturalpoland.com\\\/it\\\/prodotti\\\/\"},{\"@type\":\"ListItem\",\"position\":3,\"name\":\"Idrossipropil tetraidropiranolo\"}]},{\"@type\":\"WebSite\",\"@id\":\"https:\\\/\\\/naturalpoland.com\\\/it\\\/#website\",\"url\":\"https:\\\/\\\/naturalpoland.com\\\/it\\\/\",\"name\":\"NATURAL POLAND - Distributore all'ingrosso di materie prime\",\"description\":\"Surowce dla przemys\u0142u spo\u017cywczego, kosmetycznego i farmaceutycznego\",\"publisher\":{\"@id\":\"https:\\\/\\\/naturalpoland.com\\\/it\\\/#organization\"},\"potentialAction\":[{\"@type\":\"SearchAction\",\"target\":{\"@type\":\"EntryPoint\",\"urlTemplate\":\"https:\\\/\\\/naturalpoland.com\\\/it\\\/?s={search_term_string}\"},\"query-input\":{\"@type\":\"PropertyValueSpecification\",\"valueRequired\":true,\"valueName\":\"search_term_string\"}}],\"inLanguage\":\"it-IT\"},{\"@type\":\"Organization\",\"@id\":\"https:\\\/\\\/naturalpoland.com\\\/it\\\/#organization\",\"name\":\"Natural Poland\",\"url\":\"https:\\\/\\\/naturalpoland.com\\\/it\\\/\",\"logo\":{\"@type\":\"ImageObject\",\"inLanguage\":\"it-IT\",\"@id\":\"https:\\\/\\\/naturalpoland.com\\\/it\\\/#\\\/schema\\\/logo\\\/image\\\/\",\"url\":\"https:\\\/\\\/naturalpoland.com\\\/wp-content\\\/uploads\\\/2021\\\/05\\\/natural-poland-icon.png\",\"contentUrl\":\"https:\\\/\\\/naturalpoland.com\\\/wp-content\\\/uploads\\\/2021\\\/05\\\/natural-poland-icon.png\",\"width\":512,\"height\":512,\"caption\":\"Natural Poland\"},\"image\":{\"@id\":\"https:\\\/\\\/naturalpoland.com\\\/it\\\/#\\\/schema\\\/logo\\\/image\\\/\"},\"sameAs\":[\"https:\\\/\\\/www.facebook.com\\\/naturalpoland.b2b\",\"https:\\\/\\\/pl.linkedin.com\\\/company\\\/natural-poland\",\"https:\\\/\\\/www.youtube.com\\\/channel\\\/UCgeGGkvOMahZo-xu_MSEWxg\"]}]}<\/script>\n<!-- \/ Yoast SEO plugin. -->","yoast_head_json":{"title":"Idrossipropil tetraidropiranolo - Distributore all'ingrosso","description":"L'idrossipropil-tetraidrantriolo \u00e8 un ingrediente attivo avanzato che rappresenta una valida aggiunta a un'ampia gamma di prodotti cosmetici.","robots":{"index":"index","follow":"follow","max-snippet":"max-snippet:-1","max-image-preview":"max-image-preview:large","max-video-preview":"max-video-preview:-1"},"canonical":"https:\/\/naturalpoland.com\/it\/produkty\/prodotti-per-industria-cosmetica\/peptidi\/idrossipropil-tetraidropiranolo\/","og_locale":"it_IT","og_type":"article","og_title":"Idrossipropil tetraidropiranolo - Distributore all'ingrosso","og_description":"L'idrossipropil-tetraidrantriolo \u00e8 un ingrediente attivo avanzato che rappresenta una valida aggiunta a un'ampia gamma di prodotti cosmetici.","og_url":"https:\/\/naturalpoland.com\/it\/produkty\/prodotti-per-industria-cosmetica\/peptidi\/idrossipropil-tetraidropiranolo\/","og_site_name":"NATURAL POLAND - Distributore all'ingrosso di materie prime","article_publisher":"https:\/\/www.facebook.com\/naturalpoland.b2b","og_image":[{"width":618,"height":618,"url":"https:\/\/naturalpoland.com\/wp-content\/uploads\/hydroxypropyl_tetrahydropyrantriol.webp","type":"image\/webp"}],"schema":{"@context":"https:\/\/schema.org","@graph":[{"@type":"WebPage","@id":"https:\/\/naturalpoland.com\/it\/produkty\/prodotti-per-industria-cosmetica\/peptidi\/idrossipropil-tetraidropiranolo\/","url":"https:\/\/naturalpoland.com\/it\/produkty\/prodotti-per-industria-cosmetica\/peptidi\/idrossipropil-tetraidropiranolo\/","name":"Idrossipropil tetraidropiranolo - Distributore all'ingrosso","isPartOf":{"@id":"https:\/\/naturalpoland.com\/it\/#website"},"primaryImageOfPage":{"@id":"https:\/\/naturalpoland.com\/it\/produkty\/prodotti-per-industria-cosmetica\/peptidi\/idrossipropil-tetraidropiranolo\/#primaryimage"},"image":{"@id":"https:\/\/naturalpoland.com\/it\/produkty\/prodotti-per-industria-cosmetica\/peptidi\/idrossipropil-tetraidropiranolo\/#primaryimage"},"thumbnailUrl":"https:\/\/naturalpoland.com\/wp-content\/uploads\/hydroxypropyl_tetrahydropyrantriol.webp","datePublished":"2024-01-10T11:33:46+00:00","description":"L'idrossipropil-tetraidrantriolo \u00e8 un ingrediente attivo avanzato che rappresenta una valida aggiunta a un'ampia gamma di prodotti cosmetici.","breadcrumb":{"@id":"https:\/\/naturalpoland.com\/it\/produkty\/prodotti-per-industria-cosmetica\/peptidi\/idrossipropil-tetraidropiranolo\/#breadcrumb"},"inLanguage":"it-IT","potentialAction":[{"@type":"ReadAction","target":["https:\/\/naturalpoland.com\/it\/produkty\/prodotti-per-industria-cosmetica\/peptidi\/idrossipropil-tetraidropiranolo\/"]}]},{"@type":"ImageObject","inLanguage":"it-IT","@id":"https:\/\/naturalpoland.com\/it\/produkty\/prodotti-per-industria-cosmetica\/peptidi\/idrossipropil-tetraidropiranolo\/#primaryimage","url":"https:\/\/naturalpoland.com\/wp-content\/uploads\/hydroxypropyl_tetrahydropyrantriol.webp","contentUrl":"https:\/\/naturalpoland.com\/wp-content\/uploads\/hydroxypropyl_tetrahydropyrantriol.webp","width":618,"height":618,"caption":"IDROSSIPROPIL_TETRAIDROPIRANTRIOLO"},{"@type":"BreadcrumbList","@id":"https:\/\/naturalpoland.com\/it\/produkty\/prodotti-per-industria-cosmetica\/peptidi\/idrossipropil-tetraidropiranolo\/#breadcrumb","itemListElement":[{"@type":"ListItem","position":1,"name":"Home","item":"https:\/\/naturalpoland.com\/it\/"},{"@type":"ListItem","position":2,"name":"Prodotti","item":"https:\/\/naturalpoland.com\/it\/prodotti\/"},{"@type":"ListItem","position":3,"name":"Idrossipropil tetraidropiranolo"}]},{"@type":"WebSite","@id":"https:\/\/naturalpoland.com\/it\/#website","url":"https:\/\/naturalpoland.com\/it\/","name":"NATURAL POLAND - Distributore all'ingrosso di materie prime","description":"Surowce dla przemys\u0142u spo\u017cywczego, kosmetycznego i farmaceutycznego","publisher":{"@id":"https:\/\/naturalpoland.com\/it\/#organization"},"potentialAction":[{"@type":"SearchAction","target":{"@type":"EntryPoint","urlTemplate":"https:\/\/naturalpoland.com\/it\/?s={search_term_string}"},"query-input":{"@type":"PropertyValueSpecification","valueRequired":true,"valueName":"search_term_string"}}],"inLanguage":"it-IT"},{"@type":"Organization","@id":"https:\/\/naturalpoland.com\/it\/#organization","name":"Natural Poland","url":"https:\/\/naturalpoland.com\/it\/","logo":{"@type":"ImageObject","inLanguage":"it-IT","@id":"https:\/\/naturalpoland.com\/it\/#\/schema\/logo\/image\/","url":"https:\/\/naturalpoland.com\/wp-content\/uploads\/2021\/05\/natural-poland-icon.png","contentUrl":"https:\/\/naturalpoland.com\/wp-content\/uploads\/2021\/05\/natural-poland-icon.png","width":512,"height":512,"caption":"Natural Poland"},"image":{"@id":"https:\/\/naturalpoland.com\/it\/#\/schema\/logo\/image\/"},"sameAs":["https:\/\/www.facebook.com\/naturalpoland.b2b","https:\/\/pl.linkedin.com\/company\/natural-poland","https:\/\/www.youtube.com\/channel\/UCgeGGkvOMahZo-xu_MSEWxg"]}]}},"_links":{"self":[{"href":"https:\/\/naturalpoland.com\/it\/wp-json\/wp\/v2\/product\/29325","targetHints":{"allow":["GET"]}}],"collection":[{"href":"https:\/\/naturalpoland.com\/it\/wp-json\/wp\/v2\/product"}],"about":[{"href":"https:\/\/naturalpoland.com\/it\/wp-json\/wp\/v2\/types\/product"}],"wp:featuredmedia":[{"embeddable":true,"href":"https:\/\/naturalpoland.com\/it\/wp-json\/wp\/v2\/media\/29288"}],"wp:attachment":[{"href":"https:\/\/naturalpoland.com\/it\/wp-json\/wp\/v2\/media?parent=29325"}],"wp:term":[{"taxonomy":"product_brand","embeddable":true,"href":"https:\/\/naturalpoland.com\/it\/wp-json\/wp\/v2\/product_brand?post=29325"},{"taxonomy":"product_cat","embeddable":true,"href":"https:\/\/naturalpoland.com\/it\/wp-json\/wp\/v2\/product_cat?post=29325"},{"taxonomy":"product_tag","embeddable":true,"href":"https:\/\/naturalpoland.com\/it\/wp-json\/wp\/v2\/product_tag?post=29325"}],"curies":[{"name":"wp","href":"https:\/\/api.w.org\/{rel}","templated":true}]}}