{"id":29472,"date":"2023-12-20T15:26:26","date_gmt":"2024-01-10T11:55:10","guid":{"rendered":"https:\/\/naturalpoland.com\/produkty\/senza-categoria\/polipeptide-arginina-lisina\/"},"modified":"2024-01-10T12:55:10","modified_gmt":"2024-01-10T11:55:10","slug":"polipeptide-arginina-lisina","status":"publish","type":"product","link":"https:\/\/naturalpoland.com\/it\/produkty\/prodotti-per-industria-cosmetica\/peptidi\/polipeptide-arginina-lisina\/","title":{"rendered":"Polipeptide arginina\/lisina"},"content":{"rendered":"<p><strong>Efficacia:<\/strong><\/p>\n<p>L&#8217;applicazione di 30 ppm di arginina sulla pelle del contorno occhi dei soggetti testati ha mostrato una significativa riduzione della rugosit\u00e0 della pelle e della profondit\u00e0 delle rughe dopo soli 15 minuti. La riduzione media delle rughe \u00e8 stata del 30,67% e il punteggio medio delle rughe si \u00e8 ridotto da 9,39 a 4,49. Inoltre, le rughe si sono ridotte del 23,30% e del 23,97% dopo l&#8217;uso di soluzioni a 5 ppm e 20 ppm rispettivamente.<\/p>\n<p><strong>Meccanismo d&#8217;azione:<\/strong><\/p>\n<p>Il polipeptide arginina\/lisina, una volta sintetizzato, esercita un potente effetto rilassante sui muscoli facciali, con conseguente immediata attenuazione delle rughe. Agisce bloccando la via NaV1.4 responsabile dell&#8217;afflusso di ioni Na+ nelle fibre muscolari, inibendo cos\u00ec la formazione del potenziale terminale piastrinico e controllando il movimento muscolare. Questo effetto porta al rilassamento dei muscoli facciali e alla distensione delle rughe.<\/p>\n<p><strong>Applicazione:<\/strong><\/p>\n<p>Il polipeptide arginina\/lisina \u00e8 ampiamente utilizzato nei prodotti cosmetici e per la cura della pelle, con effetti antirughe. Pu\u00f2 essere utilizzato in prodotti come balsami per le labbra, lozioni, creme giorno\/notte, sieri per gli occhi, gel e altro ancora.<\/p>\n","protected":false},"excerpt":{"rendered":"<p>L&#8217;Arginina\/Lisina Polipeptide \u00e8 un ingrediente attivo innovativo che utilizza i progressi della biotecnologia. Ottenuto attraverso un metodo di fermentazione biologica, si caratterizza per l&#8217;elevata purezza e l&#8217;efficacia antirughe.<\/p>\n","protected":false},"featured_media":28803,"template":"","meta":[],"product_brand":[],"product_cat":[2493],"product_tag":[],"class_list":{"0":"post-29472","1":"product","2":"type-product","3":"status-publish","4":"has-post-thumbnail","6":"product_cat-peptidi","7":"pa_metoda-pozyskiwania-fermentazione-biologica","9":"first","10":"instock","11":"shipping-taxable","12":"product-type-simple"},"yoast_head":"<!-- This site is optimized with the Yoast SEO plugin v27.4 - https:\/\/yoast.com\/product\/yoast-seo-wordpress\/ -->\n<title>Polipeptide arginina\/lisina - Distributore all&#039;ingrosso<\/title>\n<meta name=\"description\" content=\"Il polipeptide arginina\/lisina unisce l&#039;innovazione biotecnologica all&#039;efficacia cosmetica, offrendo risultati rapidi e visibili nella riduzione delle rughe.\" \/>\n<meta name=\"robots\" content=\"index, follow, max-snippet:-1, max-image-preview:large, max-video-preview:-1\" \/>\n<link rel=\"canonical\" href=\"https:\/\/naturalpoland.com\/it\/produkty\/prodotti-per-industria-cosmetica\/peptidi\/polipeptide-arginina-lisina\/\" \/>\n<meta property=\"og:locale\" content=\"it_IT\" \/>\n<meta property=\"og:type\" content=\"article\" \/>\n<meta property=\"og:title\" content=\"Polipeptide arginina\/lisina - Distributore all&#039;ingrosso\" \/>\n<meta property=\"og:description\" content=\"Il polipeptide arginina\/lisina unisce l&#039;innovazione biotecnologica all&#039;efficacia cosmetica, offrendo risultati rapidi e visibili nella riduzione delle rughe.\" \/>\n<meta property=\"og:url\" content=\"https:\/\/naturalpoland.com\/it\/produkty\/prodotti-per-industria-cosmetica\/peptidi\/polipeptide-arginina-lisina\/\" \/>\n<meta property=\"og:site_name\" content=\"NATURAL POLAND - Distributore all&#039;ingrosso di materie prime\" \/>\n<meta property=\"article:publisher\" content=\"https:\/\/www.facebook.com\/naturalpoland.b2b\" \/>\n<meta property=\"og:image\" content=\"https:\/\/naturalpoland.com\/wp-content\/uploads\/arginine-lysine_polypeptide.webp\" \/>\n\t<meta property=\"og:image:width\" content=\"1024\" \/>\n\t<meta property=\"og:image:height\" content=\"1024\" \/>\n\t<meta property=\"og:image:type\" content=\"image\/webp\" \/>\n<script type=\"application\/ld+json\" class=\"yoast-schema-graph\">{\"@context\":\"https:\\\/\\\/schema.org\",\"@graph\":[{\"@type\":\"WebPage\",\"@id\":\"https:\\\/\\\/naturalpoland.com\\\/it\\\/produkty\\\/prodotti-per-industria-cosmetica\\\/peptidi\\\/polipeptide-arginina-lisina\\\/\",\"url\":\"https:\\\/\\\/naturalpoland.com\\\/it\\\/produkty\\\/prodotti-per-industria-cosmetica\\\/peptidi\\\/polipeptide-arginina-lisina\\\/\",\"name\":\"Polipeptide arginina\\\/lisina - Distributore all'ingrosso\",\"isPartOf\":{\"@id\":\"https:\\\/\\\/naturalpoland.com\\\/it\\\/#website\"},\"primaryImageOfPage\":{\"@id\":\"https:\\\/\\\/naturalpoland.com\\\/it\\\/produkty\\\/prodotti-per-industria-cosmetica\\\/peptidi\\\/polipeptide-arginina-lisina\\\/#primaryimage\"},\"image\":{\"@id\":\"https:\\\/\\\/naturalpoland.com\\\/it\\\/produkty\\\/prodotti-per-industria-cosmetica\\\/peptidi\\\/polipeptide-arginina-lisina\\\/#primaryimage\"},\"thumbnailUrl\":\"https:\\\/\\\/naturalpoland.com\\\/wp-content\\\/uploads\\\/arginine-lysine_polypeptide.webp\",\"datePublished\":\"2024-01-10T11:55:10+00:00\",\"description\":\"Il polipeptide arginina\\\/lisina unisce l'innovazione biotecnologica all'efficacia cosmetica, offrendo risultati rapidi e visibili nella riduzione delle rughe.\",\"breadcrumb\":{\"@id\":\"https:\\\/\\\/naturalpoland.com\\\/it\\\/produkty\\\/prodotti-per-industria-cosmetica\\\/peptidi\\\/polipeptide-arginina-lisina\\\/#breadcrumb\"},\"inLanguage\":\"it-IT\",\"potentialAction\":[{\"@type\":\"ReadAction\",\"target\":[\"https:\\\/\\\/naturalpoland.com\\\/it\\\/produkty\\\/prodotti-per-industria-cosmetica\\\/peptidi\\\/polipeptide-arginina-lisina\\\/\"]}]},{\"@type\":\"ImageObject\",\"inLanguage\":\"it-IT\",\"@id\":\"https:\\\/\\\/naturalpoland.com\\\/it\\\/produkty\\\/prodotti-per-industria-cosmetica\\\/peptidi\\\/polipeptide-arginina-lisina\\\/#primaryimage\",\"url\":\"https:\\\/\\\/naturalpoland.com\\\/wp-content\\\/uploads\\\/arginine-lysine_polypeptide.webp\",\"contentUrl\":\"https:\\\/\\\/naturalpoland.com\\\/wp-content\\\/uploads\\\/arginine-lysine_polypeptide.webp\",\"width\":1024,\"height\":1024,\"caption\":\"Polipeptide arginina\\\/lisina\"},{\"@type\":\"BreadcrumbList\",\"@id\":\"https:\\\/\\\/naturalpoland.com\\\/it\\\/produkty\\\/prodotti-per-industria-cosmetica\\\/peptidi\\\/polipeptide-arginina-lisina\\\/#breadcrumb\",\"itemListElement\":[{\"@type\":\"ListItem\",\"position\":1,\"name\":\"Home\",\"item\":\"https:\\\/\\\/naturalpoland.com\\\/it\\\/\"},{\"@type\":\"ListItem\",\"position\":2,\"name\":\"Prodotti\",\"item\":\"https:\\\/\\\/naturalpoland.com\\\/it\\\/prodotti\\\/\"},{\"@type\":\"ListItem\",\"position\":3,\"name\":\"Polipeptide arginina\\\/lisina\"}]},{\"@type\":\"WebSite\",\"@id\":\"https:\\\/\\\/naturalpoland.com\\\/it\\\/#website\",\"url\":\"https:\\\/\\\/naturalpoland.com\\\/it\\\/\",\"name\":\"NATURAL POLAND - Distributore all'ingrosso di materie prime\",\"description\":\"Surowce dla przemys\u0142u spo\u017cywczego, kosmetycznego i farmaceutycznego\",\"publisher\":{\"@id\":\"https:\\\/\\\/naturalpoland.com\\\/it\\\/#organization\"},\"potentialAction\":[{\"@type\":\"SearchAction\",\"target\":{\"@type\":\"EntryPoint\",\"urlTemplate\":\"https:\\\/\\\/naturalpoland.com\\\/it\\\/?s={search_term_string}\"},\"query-input\":{\"@type\":\"PropertyValueSpecification\",\"valueRequired\":true,\"valueName\":\"search_term_string\"}}],\"inLanguage\":\"it-IT\"},{\"@type\":\"Organization\",\"@id\":\"https:\\\/\\\/naturalpoland.com\\\/it\\\/#organization\",\"name\":\"Natural Poland\",\"url\":\"https:\\\/\\\/naturalpoland.com\\\/it\\\/\",\"logo\":{\"@type\":\"ImageObject\",\"inLanguage\":\"it-IT\",\"@id\":\"https:\\\/\\\/naturalpoland.com\\\/it\\\/#\\\/schema\\\/logo\\\/image\\\/\",\"url\":\"https:\\\/\\\/naturalpoland.com\\\/wp-content\\\/uploads\\\/2021\\\/05\\\/natural-poland-icon.png\",\"contentUrl\":\"https:\\\/\\\/naturalpoland.com\\\/wp-content\\\/uploads\\\/2021\\\/05\\\/natural-poland-icon.png\",\"width\":512,\"height\":512,\"caption\":\"Natural Poland\"},\"image\":{\"@id\":\"https:\\\/\\\/naturalpoland.com\\\/it\\\/#\\\/schema\\\/logo\\\/image\\\/\"},\"sameAs\":[\"https:\\\/\\\/www.facebook.com\\\/naturalpoland.b2b\",\"https:\\\/\\\/pl.linkedin.com\\\/company\\\/natural-poland\",\"https:\\\/\\\/www.youtube.com\\\/channel\\\/UCgeGGkvOMahZo-xu_MSEWxg\"]}]}<\/script>\n<!-- \/ Yoast SEO plugin. -->","yoast_head_json":{"title":"Polipeptide arginina\/lisina - Distributore all'ingrosso","description":"Il polipeptide arginina\/lisina unisce l'innovazione biotecnologica all'efficacia cosmetica, offrendo risultati rapidi e visibili nella riduzione delle rughe.","robots":{"index":"index","follow":"follow","max-snippet":"max-snippet:-1","max-image-preview":"max-image-preview:large","max-video-preview":"max-video-preview:-1"},"canonical":"https:\/\/naturalpoland.com\/it\/produkty\/prodotti-per-industria-cosmetica\/peptidi\/polipeptide-arginina-lisina\/","og_locale":"it_IT","og_type":"article","og_title":"Polipeptide arginina\/lisina - Distributore all'ingrosso","og_description":"Il polipeptide arginina\/lisina unisce l'innovazione biotecnologica all'efficacia cosmetica, offrendo risultati rapidi e visibili nella riduzione delle rughe.","og_url":"https:\/\/naturalpoland.com\/it\/produkty\/prodotti-per-industria-cosmetica\/peptidi\/polipeptide-arginina-lisina\/","og_site_name":"NATURAL POLAND - Distributore all'ingrosso di materie prime","article_publisher":"https:\/\/www.facebook.com\/naturalpoland.b2b","og_image":[{"width":1024,"height":1024,"url":"https:\/\/naturalpoland.com\/wp-content\/uploads\/arginine-lysine_polypeptide.webp","type":"image\/webp"}],"schema":{"@context":"https:\/\/schema.org","@graph":[{"@type":"WebPage","@id":"https:\/\/naturalpoland.com\/it\/produkty\/prodotti-per-industria-cosmetica\/peptidi\/polipeptide-arginina-lisina\/","url":"https:\/\/naturalpoland.com\/it\/produkty\/prodotti-per-industria-cosmetica\/peptidi\/polipeptide-arginina-lisina\/","name":"Polipeptide arginina\/lisina - Distributore all'ingrosso","isPartOf":{"@id":"https:\/\/naturalpoland.com\/it\/#website"},"primaryImageOfPage":{"@id":"https:\/\/naturalpoland.com\/it\/produkty\/prodotti-per-industria-cosmetica\/peptidi\/polipeptide-arginina-lisina\/#primaryimage"},"image":{"@id":"https:\/\/naturalpoland.com\/it\/produkty\/prodotti-per-industria-cosmetica\/peptidi\/polipeptide-arginina-lisina\/#primaryimage"},"thumbnailUrl":"https:\/\/naturalpoland.com\/wp-content\/uploads\/arginine-lysine_polypeptide.webp","datePublished":"2024-01-10T11:55:10+00:00","description":"Il polipeptide arginina\/lisina unisce l'innovazione biotecnologica all'efficacia cosmetica, offrendo risultati rapidi e visibili nella riduzione delle rughe.","breadcrumb":{"@id":"https:\/\/naturalpoland.com\/it\/produkty\/prodotti-per-industria-cosmetica\/peptidi\/polipeptide-arginina-lisina\/#breadcrumb"},"inLanguage":"it-IT","potentialAction":[{"@type":"ReadAction","target":["https:\/\/naturalpoland.com\/it\/produkty\/prodotti-per-industria-cosmetica\/peptidi\/polipeptide-arginina-lisina\/"]}]},{"@type":"ImageObject","inLanguage":"it-IT","@id":"https:\/\/naturalpoland.com\/it\/produkty\/prodotti-per-industria-cosmetica\/peptidi\/polipeptide-arginina-lisina\/#primaryimage","url":"https:\/\/naturalpoland.com\/wp-content\/uploads\/arginine-lysine_polypeptide.webp","contentUrl":"https:\/\/naturalpoland.com\/wp-content\/uploads\/arginine-lysine_polypeptide.webp","width":1024,"height":1024,"caption":"Polipeptide arginina\/lisina"},{"@type":"BreadcrumbList","@id":"https:\/\/naturalpoland.com\/it\/produkty\/prodotti-per-industria-cosmetica\/peptidi\/polipeptide-arginina-lisina\/#breadcrumb","itemListElement":[{"@type":"ListItem","position":1,"name":"Home","item":"https:\/\/naturalpoland.com\/it\/"},{"@type":"ListItem","position":2,"name":"Prodotti","item":"https:\/\/naturalpoland.com\/it\/prodotti\/"},{"@type":"ListItem","position":3,"name":"Polipeptide arginina\/lisina"}]},{"@type":"WebSite","@id":"https:\/\/naturalpoland.com\/it\/#website","url":"https:\/\/naturalpoland.com\/it\/","name":"NATURAL POLAND - Distributore all'ingrosso di materie prime","description":"Surowce dla przemys\u0142u spo\u017cywczego, kosmetycznego i farmaceutycznego","publisher":{"@id":"https:\/\/naturalpoland.com\/it\/#organization"},"potentialAction":[{"@type":"SearchAction","target":{"@type":"EntryPoint","urlTemplate":"https:\/\/naturalpoland.com\/it\/?s={search_term_string}"},"query-input":{"@type":"PropertyValueSpecification","valueRequired":true,"valueName":"search_term_string"}}],"inLanguage":"it-IT"},{"@type":"Organization","@id":"https:\/\/naturalpoland.com\/it\/#organization","name":"Natural Poland","url":"https:\/\/naturalpoland.com\/it\/","logo":{"@type":"ImageObject","inLanguage":"it-IT","@id":"https:\/\/naturalpoland.com\/it\/#\/schema\/logo\/image\/","url":"https:\/\/naturalpoland.com\/wp-content\/uploads\/2021\/05\/natural-poland-icon.png","contentUrl":"https:\/\/naturalpoland.com\/wp-content\/uploads\/2021\/05\/natural-poland-icon.png","width":512,"height":512,"caption":"Natural Poland"},"image":{"@id":"https:\/\/naturalpoland.com\/it\/#\/schema\/logo\/image\/"},"sameAs":["https:\/\/www.facebook.com\/naturalpoland.b2b","https:\/\/pl.linkedin.com\/company\/natural-poland","https:\/\/www.youtube.com\/channel\/UCgeGGkvOMahZo-xu_MSEWxg"]}]}},"_links":{"self":[{"href":"https:\/\/naturalpoland.com\/it\/wp-json\/wp\/v2\/product\/29472","targetHints":{"allow":["GET"]}}],"collection":[{"href":"https:\/\/naturalpoland.com\/it\/wp-json\/wp\/v2\/product"}],"about":[{"href":"https:\/\/naturalpoland.com\/it\/wp-json\/wp\/v2\/types\/product"}],"wp:featuredmedia":[{"embeddable":true,"href":"https:\/\/naturalpoland.com\/it\/wp-json\/wp\/v2\/media\/28803"}],"wp:attachment":[{"href":"https:\/\/naturalpoland.com\/it\/wp-json\/wp\/v2\/media?parent=29472"}],"wp:term":[{"taxonomy":"product_brand","embeddable":true,"href":"https:\/\/naturalpoland.com\/it\/wp-json\/wp\/v2\/product_brand?post=29472"},{"taxonomy":"product_cat","embeddable":true,"href":"https:\/\/naturalpoland.com\/it\/wp-json\/wp\/v2\/product_cat?post=29472"},{"taxonomy":"product_tag","embeddable":true,"href":"https:\/\/naturalpoland.com\/it\/wp-json\/wp\/v2\/product_tag?post=29472"}],"curies":[{"name":"wp","href":"https:\/\/api.w.org\/{rel}","templated":true}]}}