{"id":29949,"date":"2024-01-16T15:47:23","date_gmt":"2024-01-26T10:47:13","guid":{"rendered":"https:\/\/naturalpoland.com\/produkty\/senza-categoria\/palmitoil-tripeptide-8\/"},"modified":"2024-01-26T11:47:13","modified_gmt":"2024-01-26T10:47:13","slug":"palmitoil-tripeptide-8","status":"publish","type":"product","link":"https:\/\/naturalpoland.com\/it\/produkty\/prodotti-per-industria-cosmetica\/peptidi\/palmitoil-tripeptide-8\/","title":{"rendered":"Palmitoil tripeptide-8"},"content":{"rendered":"<p>Il meccanismo d&#8217;azione del palmitoil tripeptide-8 \u00e8 quello di interferire con la generazione delle cellule infiammatorie IL-8 (interleuchina) e TNF-\u03b1 (fattore di necrosi tumorale), contribuendo ad<strong> alleviare la secchezza cutanea, a ridurre gli arrossamenti e a ridurre gli effetti della risposta infiammatoria<\/strong>. Grazie a questo ingrediente, i cosmetici diventano una soluzione efficace nella lotta contro i segni dell&#8217;invecchiamento precoce della pelle e le allergie cutanee.<\/p>\n<p>L&#8217;uso del palmitoyl tripeptide-8 \u00e8 consigliato in un&#8217;ampia gamma di prodotti per la cura della pelle, come gel, lozioni, creme AM\/PM, sieri per gli occhi e maschere per il viso. Questo prodotto d\u00e0 sollievo alle irritazioni cutanee, ha <strong>effetti antinfiammatori e antiallergici e lenisce gli effetti degli stimoli esterni<\/strong>.<\/p>\n<p>La concentrazione raccomandata dell&#8217;additivo nei prodotti cosmetici \u00e8 compresa tra lo 0,0005% e lo 0,01%. Il Palmitoyl tripeptide-8 \u00e8 particolarmente indicato per i prodotti dedicati alle pelli sensibili e soggette a irritazioni, nonch\u00e9 per i prodotti volti ad attenuare gli effetti dell&#8217;invecchiamento cutaneo.<\/p>\n","protected":false},"excerpt":{"rendered":"<p>Il Palmitoyl tripeptide-8 \u00e8 un ingrediente cosmetico innovativo che previene la neurodermatosi indotta da sostanze chimiche, radiazioni UV e altri stimoli. Grazie alla sua purezza \u226598% e a un metodo di produzione basato sulla fermentazione biologica, questo peptide mostra forti effetti antinfiammatori.<\/p>\n","protected":false},"featured_media":29525,"template":"","meta":{"_acf_changed":false},"product_brand":[],"product_cat":[2493],"product_tag":[],"class_list":{"0":"post-29949","1":"product","2":"type-product","3":"status-publish","4":"has-post-thumbnail","6":"product_cat-peptidi","7":"pa_metoda-pozyskiwania-fermentazione-biologica","9":"first","10":"instock","11":"shipping-taxable","12":"product-type-simple"},"acf":[],"yoast_head":"<!-- This site is optimized with the Yoast SEO plugin v27.4 - https:\/\/yoast.com\/product\/yoast-seo-wordpress\/ -->\n<title>Palmitoil tripeptide-8 - Distributore all&#039;ingrosso<\/title>\n<meta name=\"description\" content=\"Il Palmitoyl tripeptide-8 \u00e8 un ingrediente cosmetico innovativo che previene la neurodermatosi indotta da sostanze chimiche,\" \/>\n<meta name=\"robots\" content=\"index, follow, max-snippet:-1, max-image-preview:large, max-video-preview:-1\" \/>\n<link rel=\"canonical\" href=\"https:\/\/naturalpoland.com\/it\/produkty\/prodotti-per-industria-cosmetica\/peptidi\/palmitoil-tripeptide-8\/\" \/>\n<meta property=\"og:locale\" content=\"it_IT\" \/>\n<meta property=\"og:type\" content=\"article\" \/>\n<meta property=\"og:title\" content=\"Palmitoil tripeptide-8 - Distributore all&#039;ingrosso\" \/>\n<meta property=\"og:description\" content=\"Il Palmitoyl tripeptide-8 \u00e8 un ingrediente cosmetico innovativo che previene la neurodermatosi indotta da sostanze chimiche,\" \/>\n<meta property=\"og:url\" content=\"https:\/\/naturalpoland.com\/it\/produkty\/prodotti-per-industria-cosmetica\/peptidi\/palmitoil-tripeptide-8\/\" \/>\n<meta property=\"og:site_name\" content=\"NATURAL POLAND - Distributore all&#039;ingrosso di materie prime\" \/>\n<meta property=\"article:publisher\" content=\"https:\/\/www.facebook.com\/naturalpoland.b2b\" \/>\n<meta property=\"og:image\" content=\"https:\/\/naturalpoland.com\/wp-content\/uploads\/palmitic_tripeptide-8.webp\" \/>\n\t<meta property=\"og:image:width\" content=\"618\" \/>\n\t<meta property=\"og:image:height\" content=\"618\" \/>\n\t<meta property=\"og:image:type\" content=\"image\/webp\" \/>\n<script type=\"application\/ld+json\" class=\"yoast-schema-graph\">{\"@context\":\"https:\\\/\\\/schema.org\",\"@graph\":[{\"@type\":\"WebPage\",\"@id\":\"https:\\\/\\\/naturalpoland.com\\\/it\\\/produkty\\\/prodotti-per-industria-cosmetica\\\/peptidi\\\/palmitoil-tripeptide-8\\\/\",\"url\":\"https:\\\/\\\/naturalpoland.com\\\/it\\\/produkty\\\/prodotti-per-industria-cosmetica\\\/peptidi\\\/palmitoil-tripeptide-8\\\/\",\"name\":\"Palmitoil tripeptide-8 - Distributore all'ingrosso\",\"isPartOf\":{\"@id\":\"https:\\\/\\\/naturalpoland.com\\\/it\\\/#website\"},\"primaryImageOfPage\":{\"@id\":\"https:\\\/\\\/naturalpoland.com\\\/it\\\/produkty\\\/prodotti-per-industria-cosmetica\\\/peptidi\\\/palmitoil-tripeptide-8\\\/#primaryimage\"},\"image\":{\"@id\":\"https:\\\/\\\/naturalpoland.com\\\/it\\\/produkty\\\/prodotti-per-industria-cosmetica\\\/peptidi\\\/palmitoil-tripeptide-8\\\/#primaryimage\"},\"thumbnailUrl\":\"https:\\\/\\\/naturalpoland.com\\\/wp-content\\\/uploads\\\/palmitic_tripeptide-8.webp\",\"datePublished\":\"2024-01-26T10:47:13+00:00\",\"description\":\"Il Palmitoyl tripeptide-8 \u00e8 un ingrediente cosmetico innovativo che previene la neurodermatosi indotta da sostanze chimiche,\",\"breadcrumb\":{\"@id\":\"https:\\\/\\\/naturalpoland.com\\\/it\\\/produkty\\\/prodotti-per-industria-cosmetica\\\/peptidi\\\/palmitoil-tripeptide-8\\\/#breadcrumb\"},\"inLanguage\":\"it-IT\",\"potentialAction\":[{\"@type\":\"ReadAction\",\"target\":[\"https:\\\/\\\/naturalpoland.com\\\/it\\\/produkty\\\/prodotti-per-industria-cosmetica\\\/peptidi\\\/palmitoil-tripeptide-8\\\/\"]}]},{\"@type\":\"ImageObject\",\"inLanguage\":\"it-IT\",\"@id\":\"https:\\\/\\\/naturalpoland.com\\\/it\\\/produkty\\\/prodotti-per-industria-cosmetica\\\/peptidi\\\/palmitoil-tripeptide-8\\\/#primaryimage\",\"url\":\"https:\\\/\\\/naturalpoland.com\\\/wp-content\\\/uploads\\\/palmitic_tripeptide-8.webp\",\"contentUrl\":\"https:\\\/\\\/naturalpoland.com\\\/wp-content\\\/uploads\\\/palmitic_tripeptide-8.webp\",\"width\":618,\"height\":618,\"caption\":\"Tripeptyd palmitynowy-8\"},{\"@type\":\"BreadcrumbList\",\"@id\":\"https:\\\/\\\/naturalpoland.com\\\/it\\\/produkty\\\/prodotti-per-industria-cosmetica\\\/peptidi\\\/palmitoil-tripeptide-8\\\/#breadcrumb\",\"itemListElement\":[{\"@type\":\"ListItem\",\"position\":1,\"name\":\"Home\",\"item\":\"https:\\\/\\\/naturalpoland.com\\\/it\\\/\"},{\"@type\":\"ListItem\",\"position\":2,\"name\":\"Prodotti\",\"item\":\"https:\\\/\\\/naturalpoland.com\\\/it\\\/prodotti\\\/\"},{\"@type\":\"ListItem\",\"position\":3,\"name\":\"Palmitoil tripeptide-8\"}]},{\"@type\":\"WebSite\",\"@id\":\"https:\\\/\\\/naturalpoland.com\\\/it\\\/#website\",\"url\":\"https:\\\/\\\/naturalpoland.com\\\/it\\\/\",\"name\":\"NATURAL POLAND - Distributore all'ingrosso di materie prime\",\"description\":\"Surowce dla przemys\u0142u spo\u017cywczego, kosmetycznego i farmaceutycznego\",\"publisher\":{\"@id\":\"https:\\\/\\\/naturalpoland.com\\\/it\\\/#organization\"},\"potentialAction\":[{\"@type\":\"SearchAction\",\"target\":{\"@type\":\"EntryPoint\",\"urlTemplate\":\"https:\\\/\\\/naturalpoland.com\\\/it\\\/?s={search_term_string}\"},\"query-input\":{\"@type\":\"PropertyValueSpecification\",\"valueRequired\":true,\"valueName\":\"search_term_string\"}}],\"inLanguage\":\"it-IT\"},{\"@type\":\"Organization\",\"@id\":\"https:\\\/\\\/naturalpoland.com\\\/it\\\/#organization\",\"name\":\"Natural Poland\",\"url\":\"https:\\\/\\\/naturalpoland.com\\\/it\\\/\",\"logo\":{\"@type\":\"ImageObject\",\"inLanguage\":\"it-IT\",\"@id\":\"https:\\\/\\\/naturalpoland.com\\\/it\\\/#\\\/schema\\\/logo\\\/image\\\/\",\"url\":\"https:\\\/\\\/naturalpoland.com\\\/wp-content\\\/uploads\\\/2021\\\/05\\\/natural-poland-icon.png\",\"contentUrl\":\"https:\\\/\\\/naturalpoland.com\\\/wp-content\\\/uploads\\\/2021\\\/05\\\/natural-poland-icon.png\",\"width\":512,\"height\":512,\"caption\":\"Natural Poland\"},\"image\":{\"@id\":\"https:\\\/\\\/naturalpoland.com\\\/it\\\/#\\\/schema\\\/logo\\\/image\\\/\"},\"sameAs\":[\"https:\\\/\\\/www.facebook.com\\\/naturalpoland.b2b\",\"https:\\\/\\\/pl.linkedin.com\\\/company\\\/natural-poland\",\"https:\\\/\\\/www.youtube.com\\\/channel\\\/UCgeGGkvOMahZo-xu_MSEWxg\"]}]}<\/script>\n<!-- \/ Yoast SEO plugin. -->","yoast_head_json":{"title":"Palmitoil tripeptide-8 - Distributore all'ingrosso","description":"Il Palmitoyl tripeptide-8 \u00e8 un ingrediente cosmetico innovativo che previene la neurodermatosi indotta da sostanze chimiche,","robots":{"index":"index","follow":"follow","max-snippet":"max-snippet:-1","max-image-preview":"max-image-preview:large","max-video-preview":"max-video-preview:-1"},"canonical":"https:\/\/naturalpoland.com\/it\/produkty\/prodotti-per-industria-cosmetica\/peptidi\/palmitoil-tripeptide-8\/","og_locale":"it_IT","og_type":"article","og_title":"Palmitoil tripeptide-8 - Distributore all'ingrosso","og_description":"Il Palmitoyl tripeptide-8 \u00e8 un ingrediente cosmetico innovativo che previene la neurodermatosi indotta da sostanze chimiche,","og_url":"https:\/\/naturalpoland.com\/it\/produkty\/prodotti-per-industria-cosmetica\/peptidi\/palmitoil-tripeptide-8\/","og_site_name":"NATURAL POLAND - Distributore all'ingrosso di materie prime","article_publisher":"https:\/\/www.facebook.com\/naturalpoland.b2b","og_image":[{"width":618,"height":618,"url":"https:\/\/naturalpoland.com\/wp-content\/uploads\/palmitic_tripeptide-8.webp","type":"image\/webp"}],"schema":{"@context":"https:\/\/schema.org","@graph":[{"@type":"WebPage","@id":"https:\/\/naturalpoland.com\/it\/produkty\/prodotti-per-industria-cosmetica\/peptidi\/palmitoil-tripeptide-8\/","url":"https:\/\/naturalpoland.com\/it\/produkty\/prodotti-per-industria-cosmetica\/peptidi\/palmitoil-tripeptide-8\/","name":"Palmitoil tripeptide-8 - Distributore all'ingrosso","isPartOf":{"@id":"https:\/\/naturalpoland.com\/it\/#website"},"primaryImageOfPage":{"@id":"https:\/\/naturalpoland.com\/it\/produkty\/prodotti-per-industria-cosmetica\/peptidi\/palmitoil-tripeptide-8\/#primaryimage"},"image":{"@id":"https:\/\/naturalpoland.com\/it\/produkty\/prodotti-per-industria-cosmetica\/peptidi\/palmitoil-tripeptide-8\/#primaryimage"},"thumbnailUrl":"https:\/\/naturalpoland.com\/wp-content\/uploads\/palmitic_tripeptide-8.webp","datePublished":"2024-01-26T10:47:13+00:00","description":"Il Palmitoyl tripeptide-8 \u00e8 un ingrediente cosmetico innovativo che previene la neurodermatosi indotta da sostanze chimiche,","breadcrumb":{"@id":"https:\/\/naturalpoland.com\/it\/produkty\/prodotti-per-industria-cosmetica\/peptidi\/palmitoil-tripeptide-8\/#breadcrumb"},"inLanguage":"it-IT","potentialAction":[{"@type":"ReadAction","target":["https:\/\/naturalpoland.com\/it\/produkty\/prodotti-per-industria-cosmetica\/peptidi\/palmitoil-tripeptide-8\/"]}]},{"@type":"ImageObject","inLanguage":"it-IT","@id":"https:\/\/naturalpoland.com\/it\/produkty\/prodotti-per-industria-cosmetica\/peptidi\/palmitoil-tripeptide-8\/#primaryimage","url":"https:\/\/naturalpoland.com\/wp-content\/uploads\/palmitic_tripeptide-8.webp","contentUrl":"https:\/\/naturalpoland.com\/wp-content\/uploads\/palmitic_tripeptide-8.webp","width":618,"height":618,"caption":"Tripeptyd palmitynowy-8"},{"@type":"BreadcrumbList","@id":"https:\/\/naturalpoland.com\/it\/produkty\/prodotti-per-industria-cosmetica\/peptidi\/palmitoil-tripeptide-8\/#breadcrumb","itemListElement":[{"@type":"ListItem","position":1,"name":"Home","item":"https:\/\/naturalpoland.com\/it\/"},{"@type":"ListItem","position":2,"name":"Prodotti","item":"https:\/\/naturalpoland.com\/it\/prodotti\/"},{"@type":"ListItem","position":3,"name":"Palmitoil tripeptide-8"}]},{"@type":"WebSite","@id":"https:\/\/naturalpoland.com\/it\/#website","url":"https:\/\/naturalpoland.com\/it\/","name":"NATURAL POLAND - Distributore all'ingrosso di materie prime","description":"Surowce dla przemys\u0142u spo\u017cywczego, kosmetycznego i farmaceutycznego","publisher":{"@id":"https:\/\/naturalpoland.com\/it\/#organization"},"potentialAction":[{"@type":"SearchAction","target":{"@type":"EntryPoint","urlTemplate":"https:\/\/naturalpoland.com\/it\/?s={search_term_string}"},"query-input":{"@type":"PropertyValueSpecification","valueRequired":true,"valueName":"search_term_string"}}],"inLanguage":"it-IT"},{"@type":"Organization","@id":"https:\/\/naturalpoland.com\/it\/#organization","name":"Natural Poland","url":"https:\/\/naturalpoland.com\/it\/","logo":{"@type":"ImageObject","inLanguage":"it-IT","@id":"https:\/\/naturalpoland.com\/it\/#\/schema\/logo\/image\/","url":"https:\/\/naturalpoland.com\/wp-content\/uploads\/2021\/05\/natural-poland-icon.png","contentUrl":"https:\/\/naturalpoland.com\/wp-content\/uploads\/2021\/05\/natural-poland-icon.png","width":512,"height":512,"caption":"Natural Poland"},"image":{"@id":"https:\/\/naturalpoland.com\/it\/#\/schema\/logo\/image\/"},"sameAs":["https:\/\/www.facebook.com\/naturalpoland.b2b","https:\/\/pl.linkedin.com\/company\/natural-poland","https:\/\/www.youtube.com\/channel\/UCgeGGkvOMahZo-xu_MSEWxg"]}]}},"_links":{"self":[{"href":"https:\/\/naturalpoland.com\/it\/wp-json\/wp\/v2\/product\/29949","targetHints":{"allow":["GET"]}}],"collection":[{"href":"https:\/\/naturalpoland.com\/it\/wp-json\/wp\/v2\/product"}],"about":[{"href":"https:\/\/naturalpoland.com\/it\/wp-json\/wp\/v2\/types\/product"}],"wp:featuredmedia":[{"embeddable":true,"href":"https:\/\/naturalpoland.com\/it\/wp-json\/wp\/v2\/media\/29525"}],"wp:attachment":[{"href":"https:\/\/naturalpoland.com\/it\/wp-json\/wp\/v2\/media?parent=29949"}],"wp:term":[{"taxonomy":"product_brand","embeddable":true,"href":"https:\/\/naturalpoland.com\/it\/wp-json\/wp\/v2\/product_brand?post=29949"},{"taxonomy":"product_cat","embeddable":true,"href":"https:\/\/naturalpoland.com\/it\/wp-json\/wp\/v2\/product_cat?post=29949"},{"taxonomy":"product_tag","embeddable":true,"href":"https:\/\/naturalpoland.com\/it\/wp-json\/wp\/v2\/product_tag?post=29949"}],"curies":[{"name":"wp","href":"https:\/\/api.w.org\/{rel}","templated":true}]}}