{"id":29986,"date":"2024-01-18T14:39:20","date_gmt":"2024-01-26T11:46:10","guid":{"rendered":"https:\/\/naturalpoland.com\/produkty\/senza-categoria\/nonapeptide-1\/"},"modified":"2024-01-26T12:46:10","modified_gmt":"2024-01-26T11:46:10","slug":"nonapeptide-1","status":"publish","type":"product","link":"https:\/\/naturalpoland.com\/it\/produkty\/prodotti-per-industria-cosmetica\/peptidi\/nonapeptide-1\/","title":{"rendered":"Nonapeptide-1"},"content":{"rendered":"<p>Il nonapeptide-1 agisce a livello della melanogenesi bloccando i segnali nei geni dei melanociti, inibendo efficacemente i processi di formazione della melanina. La sua struttura unica, che \u00e8 un peptide a-MSH biomimetico, gli consente di interagire con il recettore MC1R nei melanociti, riducendo l&#8217;attivazione della tirosinasi e quindi la produzione di melanina.<\/p>\n<p><em>In<\/em> esperimenti <em>in vitro<\/em>, il nonapeptide-1 ha dimostrato la capacit\u00e0 di ridurre significativamente i livelli di melanina e di inibire l&#8217;attivit\u00e0 della tirosinasi, risultando efficace nell&#8217;illuminare la pelle e nel ridurre le macchie pigmentarie. \u00c8 una sostanza di elevata purezza (98,0%), prodotta per fermentazione biologica, e la concentrazione raccomandata nei prodotti \u00e8 dello 0,1-0,2%.<\/p>\n<p>Viene utilizzato principalmente nei prodotti per la cura della pelle che mirano a uniformare il tono della pelle, a ridurre la pigmentazione non uniforme e a migliorare la luminosit\u00e0 e l&#8217;uniformit\u00e0 generale dell&#8217;incarnato.<\/p>\n","protected":false},"excerpt":{"rendered":"<p>Il <strong>Nonapeptide-1<\/strong>, noto anche come <strong>Melanostatina-5<\/strong>, \u00e8 un ingrediente attivo innovativo utilizzato in cosmetica.<\/p>\n","protected":false},"featured_media":29573,"template":"","meta":[],"product_brand":[],"product_cat":[2493],"product_tag":[],"class_list":{"0":"post-29986","1":"product","2":"type-product","3":"status-publish","4":"has-post-thumbnail","6":"product_cat-peptidi","7":"pa_metoda-pozyskiwania-fermentazione-biologica","9":"first","10":"instock","11":"shipping-taxable","12":"product-type-simple"},"yoast_head":"<!-- This site is optimized with the Yoast SEO plugin v27.4 - https:\/\/yoast.com\/product\/yoast-seo-wordpress\/ -->\n<title>Nonapeptide-1 - Distributore all&#039;ingrosso<\/title>\n<meta name=\"description\" content=\"Il Nonapeptide-1, noto anche come Melanostatina-5, \u00e8 un ingrediente attivo innovativo utilizzato in cosmetica. Agisce a livello della melanogenesi.\" \/>\n<meta name=\"robots\" content=\"index, follow, max-snippet:-1, max-image-preview:large, max-video-preview:-1\" \/>\n<link rel=\"canonical\" href=\"https:\/\/naturalpoland.com\/it\/produkty\/prodotti-per-industria-cosmetica\/peptidi\/nonapeptide-1\/\" \/>\n<meta property=\"og:locale\" content=\"it_IT\" \/>\n<meta property=\"og:type\" content=\"article\" \/>\n<meta property=\"og:title\" content=\"Nonapeptide-1 - Distributore all&#039;ingrosso\" \/>\n<meta property=\"og:description\" content=\"Il Nonapeptide-1, noto anche come Melanostatina-5, \u00e8 un ingrediente attivo innovativo utilizzato in cosmetica. Agisce a livello della melanogenesi.\" \/>\n<meta property=\"og:url\" content=\"https:\/\/naturalpoland.com\/it\/produkty\/prodotti-per-industria-cosmetica\/peptidi\/nonapeptide-1\/\" \/>\n<meta property=\"og:site_name\" content=\"NATURAL POLAND - Distributore all&#039;ingrosso di materie prime\" \/>\n<meta property=\"article:publisher\" content=\"https:\/\/www.facebook.com\/naturalpoland.b2b\" \/>\n<meta property=\"og:image\" content=\"https:\/\/naturalpoland.com\/wp-content\/uploads\/nonapeptide-1.webp\" \/>\n\t<meta property=\"og:image:width\" content=\"614\" \/>\n\t<meta property=\"og:image:height\" content=\"614\" \/>\n\t<meta property=\"og:image:type\" content=\"image\/webp\" \/>\n<script type=\"application\/ld+json\" class=\"yoast-schema-graph\">{\"@context\":\"https:\\\/\\\/schema.org\",\"@graph\":[{\"@type\":\"WebPage\",\"@id\":\"https:\\\/\\\/naturalpoland.com\\\/it\\\/produkty\\\/prodotti-per-industria-cosmetica\\\/peptidi\\\/nonapeptide-1\\\/\",\"url\":\"https:\\\/\\\/naturalpoland.com\\\/it\\\/produkty\\\/prodotti-per-industria-cosmetica\\\/peptidi\\\/nonapeptide-1\\\/\",\"name\":\"Nonapeptide-1 - Distributore all'ingrosso\",\"isPartOf\":{\"@id\":\"https:\\\/\\\/naturalpoland.com\\\/it\\\/#website\"},\"primaryImageOfPage\":{\"@id\":\"https:\\\/\\\/naturalpoland.com\\\/it\\\/produkty\\\/prodotti-per-industria-cosmetica\\\/peptidi\\\/nonapeptide-1\\\/#primaryimage\"},\"image\":{\"@id\":\"https:\\\/\\\/naturalpoland.com\\\/it\\\/produkty\\\/prodotti-per-industria-cosmetica\\\/peptidi\\\/nonapeptide-1\\\/#primaryimage\"},\"thumbnailUrl\":\"https:\\\/\\\/naturalpoland.com\\\/wp-content\\\/uploads\\\/nonapeptide-1.webp\",\"datePublished\":\"2024-01-26T11:46:10+00:00\",\"description\":\"Il Nonapeptide-1, noto anche come Melanostatina-5, \u00e8 un ingrediente attivo innovativo utilizzato in cosmetica. Agisce a livello della melanogenesi.\",\"breadcrumb\":{\"@id\":\"https:\\\/\\\/naturalpoland.com\\\/it\\\/produkty\\\/prodotti-per-industria-cosmetica\\\/peptidi\\\/nonapeptide-1\\\/#breadcrumb\"},\"inLanguage\":\"it-IT\",\"potentialAction\":[{\"@type\":\"ReadAction\",\"target\":[\"https:\\\/\\\/naturalpoland.com\\\/it\\\/produkty\\\/prodotti-per-industria-cosmetica\\\/peptidi\\\/nonapeptide-1\\\/\"]}]},{\"@type\":\"ImageObject\",\"inLanguage\":\"it-IT\",\"@id\":\"https:\\\/\\\/naturalpoland.com\\\/it\\\/produkty\\\/prodotti-per-industria-cosmetica\\\/peptidi\\\/nonapeptide-1\\\/#primaryimage\",\"url\":\"https:\\\/\\\/naturalpoland.com\\\/wp-content\\\/uploads\\\/nonapeptide-1.webp\",\"contentUrl\":\"https:\\\/\\\/naturalpoland.com\\\/wp-content\\\/uploads\\\/nonapeptide-1.webp\",\"width\":614,\"height\":614,\"caption\":\"Nonapeptyd-1\"},{\"@type\":\"BreadcrumbList\",\"@id\":\"https:\\\/\\\/naturalpoland.com\\\/it\\\/produkty\\\/prodotti-per-industria-cosmetica\\\/peptidi\\\/nonapeptide-1\\\/#breadcrumb\",\"itemListElement\":[{\"@type\":\"ListItem\",\"position\":1,\"name\":\"Home\",\"item\":\"https:\\\/\\\/naturalpoland.com\\\/it\\\/\"},{\"@type\":\"ListItem\",\"position\":2,\"name\":\"Prodotti\",\"item\":\"https:\\\/\\\/naturalpoland.com\\\/it\\\/prodotti\\\/\"},{\"@type\":\"ListItem\",\"position\":3,\"name\":\"Nonapeptide-1\"}]},{\"@type\":\"WebSite\",\"@id\":\"https:\\\/\\\/naturalpoland.com\\\/it\\\/#website\",\"url\":\"https:\\\/\\\/naturalpoland.com\\\/it\\\/\",\"name\":\"NATURAL POLAND - Distributore all'ingrosso di materie prime\",\"description\":\"Surowce dla przemys\u0142u spo\u017cywczego, kosmetycznego i farmaceutycznego\",\"publisher\":{\"@id\":\"https:\\\/\\\/naturalpoland.com\\\/it\\\/#organization\"},\"potentialAction\":[{\"@type\":\"SearchAction\",\"target\":{\"@type\":\"EntryPoint\",\"urlTemplate\":\"https:\\\/\\\/naturalpoland.com\\\/it\\\/?s={search_term_string}\"},\"query-input\":{\"@type\":\"PropertyValueSpecification\",\"valueRequired\":true,\"valueName\":\"search_term_string\"}}],\"inLanguage\":\"it-IT\"},{\"@type\":\"Organization\",\"@id\":\"https:\\\/\\\/naturalpoland.com\\\/it\\\/#organization\",\"name\":\"Natural Poland\",\"url\":\"https:\\\/\\\/naturalpoland.com\\\/it\\\/\",\"logo\":{\"@type\":\"ImageObject\",\"inLanguage\":\"it-IT\",\"@id\":\"https:\\\/\\\/naturalpoland.com\\\/it\\\/#\\\/schema\\\/logo\\\/image\\\/\",\"url\":\"https:\\\/\\\/naturalpoland.com\\\/wp-content\\\/uploads\\\/2021\\\/05\\\/natural-poland-icon.png\",\"contentUrl\":\"https:\\\/\\\/naturalpoland.com\\\/wp-content\\\/uploads\\\/2021\\\/05\\\/natural-poland-icon.png\",\"width\":512,\"height\":512,\"caption\":\"Natural Poland\"},\"image\":{\"@id\":\"https:\\\/\\\/naturalpoland.com\\\/it\\\/#\\\/schema\\\/logo\\\/image\\\/\"},\"sameAs\":[\"https:\\\/\\\/www.facebook.com\\\/naturalpoland.b2b\",\"https:\\\/\\\/pl.linkedin.com\\\/company\\\/natural-poland\",\"https:\\\/\\\/www.youtube.com\\\/channel\\\/UCgeGGkvOMahZo-xu_MSEWxg\"]}]}<\/script>\n<!-- \/ Yoast SEO plugin. -->","yoast_head_json":{"title":"Nonapeptide-1 - Distributore all'ingrosso","description":"Il Nonapeptide-1, noto anche come Melanostatina-5, \u00e8 un ingrediente attivo innovativo utilizzato in cosmetica. Agisce a livello della melanogenesi.","robots":{"index":"index","follow":"follow","max-snippet":"max-snippet:-1","max-image-preview":"max-image-preview:large","max-video-preview":"max-video-preview:-1"},"canonical":"https:\/\/naturalpoland.com\/it\/produkty\/prodotti-per-industria-cosmetica\/peptidi\/nonapeptide-1\/","og_locale":"it_IT","og_type":"article","og_title":"Nonapeptide-1 - Distributore all'ingrosso","og_description":"Il Nonapeptide-1, noto anche come Melanostatina-5, \u00e8 un ingrediente attivo innovativo utilizzato in cosmetica. Agisce a livello della melanogenesi.","og_url":"https:\/\/naturalpoland.com\/it\/produkty\/prodotti-per-industria-cosmetica\/peptidi\/nonapeptide-1\/","og_site_name":"NATURAL POLAND - Distributore all'ingrosso di materie prime","article_publisher":"https:\/\/www.facebook.com\/naturalpoland.b2b","og_image":[{"width":614,"height":614,"url":"https:\/\/naturalpoland.com\/wp-content\/uploads\/nonapeptide-1.webp","type":"image\/webp"}],"schema":{"@context":"https:\/\/schema.org","@graph":[{"@type":"WebPage","@id":"https:\/\/naturalpoland.com\/it\/produkty\/prodotti-per-industria-cosmetica\/peptidi\/nonapeptide-1\/","url":"https:\/\/naturalpoland.com\/it\/produkty\/prodotti-per-industria-cosmetica\/peptidi\/nonapeptide-1\/","name":"Nonapeptide-1 - Distributore all'ingrosso","isPartOf":{"@id":"https:\/\/naturalpoland.com\/it\/#website"},"primaryImageOfPage":{"@id":"https:\/\/naturalpoland.com\/it\/produkty\/prodotti-per-industria-cosmetica\/peptidi\/nonapeptide-1\/#primaryimage"},"image":{"@id":"https:\/\/naturalpoland.com\/it\/produkty\/prodotti-per-industria-cosmetica\/peptidi\/nonapeptide-1\/#primaryimage"},"thumbnailUrl":"https:\/\/naturalpoland.com\/wp-content\/uploads\/nonapeptide-1.webp","datePublished":"2024-01-26T11:46:10+00:00","description":"Il Nonapeptide-1, noto anche come Melanostatina-5, \u00e8 un ingrediente attivo innovativo utilizzato in cosmetica. Agisce a livello della melanogenesi.","breadcrumb":{"@id":"https:\/\/naturalpoland.com\/it\/produkty\/prodotti-per-industria-cosmetica\/peptidi\/nonapeptide-1\/#breadcrumb"},"inLanguage":"it-IT","potentialAction":[{"@type":"ReadAction","target":["https:\/\/naturalpoland.com\/it\/produkty\/prodotti-per-industria-cosmetica\/peptidi\/nonapeptide-1\/"]}]},{"@type":"ImageObject","inLanguage":"it-IT","@id":"https:\/\/naturalpoland.com\/it\/produkty\/prodotti-per-industria-cosmetica\/peptidi\/nonapeptide-1\/#primaryimage","url":"https:\/\/naturalpoland.com\/wp-content\/uploads\/nonapeptide-1.webp","contentUrl":"https:\/\/naturalpoland.com\/wp-content\/uploads\/nonapeptide-1.webp","width":614,"height":614,"caption":"Nonapeptyd-1"},{"@type":"BreadcrumbList","@id":"https:\/\/naturalpoland.com\/it\/produkty\/prodotti-per-industria-cosmetica\/peptidi\/nonapeptide-1\/#breadcrumb","itemListElement":[{"@type":"ListItem","position":1,"name":"Home","item":"https:\/\/naturalpoland.com\/it\/"},{"@type":"ListItem","position":2,"name":"Prodotti","item":"https:\/\/naturalpoland.com\/it\/prodotti\/"},{"@type":"ListItem","position":3,"name":"Nonapeptide-1"}]},{"@type":"WebSite","@id":"https:\/\/naturalpoland.com\/it\/#website","url":"https:\/\/naturalpoland.com\/it\/","name":"NATURAL POLAND - Distributore all'ingrosso di materie prime","description":"Surowce dla przemys\u0142u spo\u017cywczego, kosmetycznego i farmaceutycznego","publisher":{"@id":"https:\/\/naturalpoland.com\/it\/#organization"},"potentialAction":[{"@type":"SearchAction","target":{"@type":"EntryPoint","urlTemplate":"https:\/\/naturalpoland.com\/it\/?s={search_term_string}"},"query-input":{"@type":"PropertyValueSpecification","valueRequired":true,"valueName":"search_term_string"}}],"inLanguage":"it-IT"},{"@type":"Organization","@id":"https:\/\/naturalpoland.com\/it\/#organization","name":"Natural Poland","url":"https:\/\/naturalpoland.com\/it\/","logo":{"@type":"ImageObject","inLanguage":"it-IT","@id":"https:\/\/naturalpoland.com\/it\/#\/schema\/logo\/image\/","url":"https:\/\/naturalpoland.com\/wp-content\/uploads\/2021\/05\/natural-poland-icon.png","contentUrl":"https:\/\/naturalpoland.com\/wp-content\/uploads\/2021\/05\/natural-poland-icon.png","width":512,"height":512,"caption":"Natural Poland"},"image":{"@id":"https:\/\/naturalpoland.com\/it\/#\/schema\/logo\/image\/"},"sameAs":["https:\/\/www.facebook.com\/naturalpoland.b2b","https:\/\/pl.linkedin.com\/company\/natural-poland","https:\/\/www.youtube.com\/channel\/UCgeGGkvOMahZo-xu_MSEWxg"]}]}},"_links":{"self":[{"href":"https:\/\/naturalpoland.com\/it\/wp-json\/wp\/v2\/product\/29986","targetHints":{"allow":["GET"]}}],"collection":[{"href":"https:\/\/naturalpoland.com\/it\/wp-json\/wp\/v2\/product"}],"about":[{"href":"https:\/\/naturalpoland.com\/it\/wp-json\/wp\/v2\/types\/product"}],"wp:featuredmedia":[{"embeddable":true,"href":"https:\/\/naturalpoland.com\/it\/wp-json\/wp\/v2\/media\/29573"}],"wp:attachment":[{"href":"https:\/\/naturalpoland.com\/it\/wp-json\/wp\/v2\/media?parent=29986"}],"wp:term":[{"taxonomy":"product_brand","embeddable":true,"href":"https:\/\/naturalpoland.com\/it\/wp-json\/wp\/v2\/product_brand?post=29986"},{"taxonomy":"product_cat","embeddable":true,"href":"https:\/\/naturalpoland.com\/it\/wp-json\/wp\/v2\/product_cat?post=29986"},{"taxonomy":"product_tag","embeddable":true,"href":"https:\/\/naturalpoland.com\/it\/wp-json\/wp\/v2\/product_tag?post=29986"}],"curies":[{"name":"wp","href":"https:\/\/api.w.org\/{rel}","templated":true}]}}