{"id":31449,"date":"2024-04-11T14:07:01","date_gmt":"2024-04-29T12:01:57","guid":{"rendered":"https:\/\/naturalpoland.com\/produkty\/senza-categoria\/idrolato-di-aloe-vera\/"},"modified":"2024-04-29T14:01:57","modified_gmt":"2024-04-29T12:01:57","slug":"idrolato-di-aloe-vera","status":"publish","type":"product","link":"https:\/\/naturalpoland.com\/it\/produkty\/prodotti-per-industria-cosmetica\/acque-floreali\/idrolato-di-aloe-vera\/","title":{"rendered":"Idrolato di aloe vera"},"content":{"rendered":"<p><strong>Propriet\u00e0<\/strong>:<\/p>\n<p>L&#8217;idrolato di aloe vera \u00e8 estremamente delicato ma efficace, per cui \u00e8 adatto a tutti i tipi di pelle, soprattutto a quelle sensibili, secche e irritate. Il suo principale beneficio \u00e8 l&#8217;<strong>idratazione profonda<\/strong>, che fornisce alla pelle ingredienti idratanti essenziali, mantenendola morbida, elastica e luminosa.<\/p>\n<p>L&#8217;effetto lenitivo dell&#8217;idrolato di aloe vera \u00e8 prezioso per la pelle arrossata, irritata da fattori esterni come il vento, il sole o l&#8217;inquinamento, nonch\u00e9 dopo interventi cosmetici intensivi. Aiuta a <strong>lenire le<\/strong> sensazioni di <strong>bruciore e prurito<\/strong> e riduce efficacemente il rossore, restituendo una sensazione di comfort alla pelle.<\/p>\n<p><strong>Le propriet\u00e0 rigenerative dell&#8217;<\/strong> idrolato di aloe vera favoriscono i processi di rinnovamento cellulare, accelerando la guarigione di piccole lesioni epidermiche come abrasioni e microlesioni. Inoltre, grazie alla presenza di antiossidanti, questo idrolato contribuisce a proteggere la pelle dai danni dei radicali liberi, favorendo il mantenimento di un aspetto giovane pi\u00f9 a lungo.<\/p>\n<p>Applicazione:<\/p>\n<p>La consistenza leggera e acquosa fa s\u00ec che l&#8217;idrolato venga assorbito rapidamente senza lasciare una pellicola appiccicosa sulla pelle, rendendolo un&#8217;ottima scelta come tonico per il viso, nebbia rinfrescante o ingrediente per le maschere fatte in casa.<\/p>\n<p>&nbsp;<\/p>\n","protected":false},"excerpt":{"rendered":"<p>L&#8217;idrolato di aloe viene estratto dalle foglie della pianta di aloe vera, una pianta conosciuta e apprezzata per i suoi notevoli benefici per la salute e la cura della pelle. \u00c8 noto per le sue propriet\u00e0 che nutrono, idratano e favoriscono la rigenerazione della pelle.<\/p>\n","protected":false},"featured_media":30971,"template":"","meta":[],"product_brand":[],"product_cat":[3554],"product_tag":[],"class_list":{"0":"post-31449","1":"product","2":"type-product","3":"status-publish","4":"has-post-thumbnail","6":"product_cat-acque-floreali","7":"pa_grupa-substancji-distillati","9":"first","10":"instock","11":"shipping-taxable","12":"product-type-simple"},"yoast_head":"<!-- This site is optimized with the Yoast SEO plugin v27.3 - https:\/\/yoast.com\/product\/yoast-seo-wordpress\/ -->\n<title>Idrolato di aloe vera - Distributore all&#039;ingrosso<\/title>\n<meta name=\"description\" content=\"L&#039;idrolato di aloe vera \u00e8 un prodotto versatile e indispensabile per la cura della pelle, grazie alle sue propriet\u00e0 idratanti, lenitive e rigeneranti,\" \/>\n<meta name=\"robots\" content=\"index, follow, max-snippet:-1, max-image-preview:large, max-video-preview:-1\" \/>\n<link rel=\"canonical\" href=\"https:\/\/naturalpoland.com\/it\/produkty\/prodotti-per-industria-cosmetica\/acque-floreali\/idrolato-di-aloe-vera\/\" \/>\n<meta property=\"og:locale\" content=\"it_IT\" \/>\n<meta property=\"og:type\" content=\"article\" \/>\n<meta property=\"og:title\" content=\"Idrolato di aloe vera - Distributore all&#039;ingrosso\" \/>\n<meta property=\"og:description\" content=\"L&#039;idrolato di aloe vera \u00e8 un prodotto versatile e indispensabile per la cura della pelle, grazie alle sue propriet\u00e0 idratanti, lenitive e rigeneranti,\" \/>\n<meta property=\"og:url\" content=\"https:\/\/naturalpoland.com\/it\/produkty\/prodotti-per-industria-cosmetica\/acque-floreali\/idrolato-di-aloe-vera\/\" \/>\n<meta property=\"og:site_name\" content=\"NATURAL POLAND - Distributore all&#039;ingrosso di materie prime\" \/>\n<meta property=\"article:publisher\" content=\"https:\/\/www.facebook.com\/naturalpoland.b2b\" \/>\n<meta property=\"og:image\" content=\"https:\/\/naturalpoland.com\/wp-content\/uploads\/hydrolat-aloesowy.webp\" \/>\n\t<meta property=\"og:image:width\" content=\"618\" \/>\n\t<meta property=\"og:image:height\" content=\"618\" \/>\n\t<meta property=\"og:image:type\" content=\"image\/webp\" \/>\n<script type=\"application\/ld+json\" class=\"yoast-schema-graph\">{\"@context\":\"https:\\\/\\\/schema.org\",\"@graph\":[{\"@type\":\"WebPage\",\"@id\":\"https:\\\/\\\/naturalpoland.com\\\/it\\\/produkty\\\/prodotti-per-industria-cosmetica\\\/acque-floreali\\\/idrolato-di-aloe-vera\\\/\",\"url\":\"https:\\\/\\\/naturalpoland.com\\\/it\\\/produkty\\\/prodotti-per-industria-cosmetica\\\/acque-floreali\\\/idrolato-di-aloe-vera\\\/\",\"name\":\"Idrolato di aloe vera - Distributore all'ingrosso\",\"isPartOf\":{\"@id\":\"https:\\\/\\\/naturalpoland.com\\\/it\\\/#website\"},\"primaryImageOfPage\":{\"@id\":\"https:\\\/\\\/naturalpoland.com\\\/it\\\/produkty\\\/prodotti-per-industria-cosmetica\\\/acque-floreali\\\/idrolato-di-aloe-vera\\\/#primaryimage\"},\"image\":{\"@id\":\"https:\\\/\\\/naturalpoland.com\\\/it\\\/produkty\\\/prodotti-per-industria-cosmetica\\\/acque-floreali\\\/idrolato-di-aloe-vera\\\/#primaryimage\"},\"thumbnailUrl\":\"https:\\\/\\\/naturalpoland.com\\\/wp-content\\\/uploads\\\/hydrolat-aloesowy.webp\",\"datePublished\":\"2024-04-29T12:01:57+00:00\",\"description\":\"L'idrolato di aloe vera \u00e8 un prodotto versatile e indispensabile per la cura della pelle, grazie alle sue propriet\u00e0 idratanti, lenitive e rigeneranti,\",\"breadcrumb\":{\"@id\":\"https:\\\/\\\/naturalpoland.com\\\/it\\\/produkty\\\/prodotti-per-industria-cosmetica\\\/acque-floreali\\\/idrolato-di-aloe-vera\\\/#breadcrumb\"},\"inLanguage\":\"it-IT\",\"potentialAction\":[{\"@type\":\"ReadAction\",\"target\":[\"https:\\\/\\\/naturalpoland.com\\\/it\\\/produkty\\\/prodotti-per-industria-cosmetica\\\/acque-floreali\\\/idrolato-di-aloe-vera\\\/\"]}]},{\"@type\":\"ImageObject\",\"inLanguage\":\"it-IT\",\"@id\":\"https:\\\/\\\/naturalpoland.com\\\/it\\\/produkty\\\/prodotti-per-industria-cosmetica\\\/acque-floreali\\\/idrolato-di-aloe-vera\\\/#primaryimage\",\"url\":\"https:\\\/\\\/naturalpoland.com\\\/wp-content\\\/uploads\\\/hydrolat-aloesowy.webp\",\"contentUrl\":\"https:\\\/\\\/naturalpoland.com\\\/wp-content\\\/uploads\\\/hydrolat-aloesowy.webp\",\"width\":618,\"height\":618,\"caption\":\"hydrolat aloesowy\"},{\"@type\":\"BreadcrumbList\",\"@id\":\"https:\\\/\\\/naturalpoland.com\\\/it\\\/produkty\\\/prodotti-per-industria-cosmetica\\\/acque-floreali\\\/idrolato-di-aloe-vera\\\/#breadcrumb\",\"itemListElement\":[{\"@type\":\"ListItem\",\"position\":1,\"name\":\"Home\",\"item\":\"https:\\\/\\\/naturalpoland.com\\\/it\\\/\"},{\"@type\":\"ListItem\",\"position\":2,\"name\":\"Prodotti\",\"item\":\"https:\\\/\\\/naturalpoland.com\\\/it\\\/prodotti\\\/\"},{\"@type\":\"ListItem\",\"position\":3,\"name\":\"Idrolato di aloe vera\"}]},{\"@type\":\"WebSite\",\"@id\":\"https:\\\/\\\/naturalpoland.com\\\/it\\\/#website\",\"url\":\"https:\\\/\\\/naturalpoland.com\\\/it\\\/\",\"name\":\"NATURAL POLAND - Distributore all'ingrosso di materie prime\",\"description\":\"Surowce dla przemys\u0142u spo\u017cywczego, kosmetycznego i farmaceutycznego\",\"publisher\":{\"@id\":\"https:\\\/\\\/naturalpoland.com\\\/it\\\/#organization\"},\"potentialAction\":[{\"@type\":\"SearchAction\",\"target\":{\"@type\":\"EntryPoint\",\"urlTemplate\":\"https:\\\/\\\/naturalpoland.com\\\/it\\\/?s={search_term_string}\"},\"query-input\":{\"@type\":\"PropertyValueSpecification\",\"valueRequired\":true,\"valueName\":\"search_term_string\"}}],\"inLanguage\":\"it-IT\"},{\"@type\":\"Organization\",\"@id\":\"https:\\\/\\\/naturalpoland.com\\\/it\\\/#organization\",\"name\":\"Natural Poland\",\"url\":\"https:\\\/\\\/naturalpoland.com\\\/it\\\/\",\"logo\":{\"@type\":\"ImageObject\",\"inLanguage\":\"it-IT\",\"@id\":\"https:\\\/\\\/naturalpoland.com\\\/it\\\/#\\\/schema\\\/logo\\\/image\\\/\",\"url\":\"https:\\\/\\\/naturalpoland.com\\\/wp-content\\\/uploads\\\/2021\\\/05\\\/natural-poland-icon.png\",\"contentUrl\":\"https:\\\/\\\/naturalpoland.com\\\/wp-content\\\/uploads\\\/2021\\\/05\\\/natural-poland-icon.png\",\"width\":512,\"height\":512,\"caption\":\"Natural Poland\"},\"image\":{\"@id\":\"https:\\\/\\\/naturalpoland.com\\\/it\\\/#\\\/schema\\\/logo\\\/image\\\/\"},\"sameAs\":[\"https:\\\/\\\/www.facebook.com\\\/naturalpoland.b2b\",\"https:\\\/\\\/pl.linkedin.com\\\/company\\\/natural-poland\",\"https:\\\/\\\/www.youtube.com\\\/channel\\\/UCgeGGkvOMahZo-xu_MSEWxg\"]}]}<\/script>\n<!-- \/ Yoast SEO plugin. -->","yoast_head_json":{"title":"Idrolato di aloe vera - Distributore all'ingrosso","description":"L'idrolato di aloe vera \u00e8 un prodotto versatile e indispensabile per la cura della pelle, grazie alle sue propriet\u00e0 idratanti, lenitive e rigeneranti,","robots":{"index":"index","follow":"follow","max-snippet":"max-snippet:-1","max-image-preview":"max-image-preview:large","max-video-preview":"max-video-preview:-1"},"canonical":"https:\/\/naturalpoland.com\/it\/produkty\/prodotti-per-industria-cosmetica\/acque-floreali\/idrolato-di-aloe-vera\/","og_locale":"it_IT","og_type":"article","og_title":"Idrolato di aloe vera - Distributore all'ingrosso","og_description":"L'idrolato di aloe vera \u00e8 un prodotto versatile e indispensabile per la cura della pelle, grazie alle sue propriet\u00e0 idratanti, lenitive e rigeneranti,","og_url":"https:\/\/naturalpoland.com\/it\/produkty\/prodotti-per-industria-cosmetica\/acque-floreali\/idrolato-di-aloe-vera\/","og_site_name":"NATURAL POLAND - Distributore all'ingrosso di materie prime","article_publisher":"https:\/\/www.facebook.com\/naturalpoland.b2b","og_image":[{"width":618,"height":618,"url":"https:\/\/naturalpoland.com\/wp-content\/uploads\/hydrolat-aloesowy.webp","type":"image\/webp"}],"schema":{"@context":"https:\/\/schema.org","@graph":[{"@type":"WebPage","@id":"https:\/\/naturalpoland.com\/it\/produkty\/prodotti-per-industria-cosmetica\/acque-floreali\/idrolato-di-aloe-vera\/","url":"https:\/\/naturalpoland.com\/it\/produkty\/prodotti-per-industria-cosmetica\/acque-floreali\/idrolato-di-aloe-vera\/","name":"Idrolato di aloe vera - Distributore all'ingrosso","isPartOf":{"@id":"https:\/\/naturalpoland.com\/it\/#website"},"primaryImageOfPage":{"@id":"https:\/\/naturalpoland.com\/it\/produkty\/prodotti-per-industria-cosmetica\/acque-floreali\/idrolato-di-aloe-vera\/#primaryimage"},"image":{"@id":"https:\/\/naturalpoland.com\/it\/produkty\/prodotti-per-industria-cosmetica\/acque-floreali\/idrolato-di-aloe-vera\/#primaryimage"},"thumbnailUrl":"https:\/\/naturalpoland.com\/wp-content\/uploads\/hydrolat-aloesowy.webp","datePublished":"2024-04-29T12:01:57+00:00","description":"L'idrolato di aloe vera \u00e8 un prodotto versatile e indispensabile per la cura della pelle, grazie alle sue propriet\u00e0 idratanti, lenitive e rigeneranti,","breadcrumb":{"@id":"https:\/\/naturalpoland.com\/it\/produkty\/prodotti-per-industria-cosmetica\/acque-floreali\/idrolato-di-aloe-vera\/#breadcrumb"},"inLanguage":"it-IT","potentialAction":[{"@type":"ReadAction","target":["https:\/\/naturalpoland.com\/it\/produkty\/prodotti-per-industria-cosmetica\/acque-floreali\/idrolato-di-aloe-vera\/"]}]},{"@type":"ImageObject","inLanguage":"it-IT","@id":"https:\/\/naturalpoland.com\/it\/produkty\/prodotti-per-industria-cosmetica\/acque-floreali\/idrolato-di-aloe-vera\/#primaryimage","url":"https:\/\/naturalpoland.com\/wp-content\/uploads\/hydrolat-aloesowy.webp","contentUrl":"https:\/\/naturalpoland.com\/wp-content\/uploads\/hydrolat-aloesowy.webp","width":618,"height":618,"caption":"hydrolat aloesowy"},{"@type":"BreadcrumbList","@id":"https:\/\/naturalpoland.com\/it\/produkty\/prodotti-per-industria-cosmetica\/acque-floreali\/idrolato-di-aloe-vera\/#breadcrumb","itemListElement":[{"@type":"ListItem","position":1,"name":"Home","item":"https:\/\/naturalpoland.com\/it\/"},{"@type":"ListItem","position":2,"name":"Prodotti","item":"https:\/\/naturalpoland.com\/it\/prodotti\/"},{"@type":"ListItem","position":3,"name":"Idrolato di aloe vera"}]},{"@type":"WebSite","@id":"https:\/\/naturalpoland.com\/it\/#website","url":"https:\/\/naturalpoland.com\/it\/","name":"NATURAL POLAND - Distributore all'ingrosso di materie prime","description":"Surowce dla przemys\u0142u spo\u017cywczego, kosmetycznego i farmaceutycznego","publisher":{"@id":"https:\/\/naturalpoland.com\/it\/#organization"},"potentialAction":[{"@type":"SearchAction","target":{"@type":"EntryPoint","urlTemplate":"https:\/\/naturalpoland.com\/it\/?s={search_term_string}"},"query-input":{"@type":"PropertyValueSpecification","valueRequired":true,"valueName":"search_term_string"}}],"inLanguage":"it-IT"},{"@type":"Organization","@id":"https:\/\/naturalpoland.com\/it\/#organization","name":"Natural Poland","url":"https:\/\/naturalpoland.com\/it\/","logo":{"@type":"ImageObject","inLanguage":"it-IT","@id":"https:\/\/naturalpoland.com\/it\/#\/schema\/logo\/image\/","url":"https:\/\/naturalpoland.com\/wp-content\/uploads\/2021\/05\/natural-poland-icon.png","contentUrl":"https:\/\/naturalpoland.com\/wp-content\/uploads\/2021\/05\/natural-poland-icon.png","width":512,"height":512,"caption":"Natural Poland"},"image":{"@id":"https:\/\/naturalpoland.com\/it\/#\/schema\/logo\/image\/"},"sameAs":["https:\/\/www.facebook.com\/naturalpoland.b2b","https:\/\/pl.linkedin.com\/company\/natural-poland","https:\/\/www.youtube.com\/channel\/UCgeGGkvOMahZo-xu_MSEWxg"]}]}},"_links":{"self":[{"href":"https:\/\/naturalpoland.com\/it\/wp-json\/wp\/v2\/product\/31449","targetHints":{"allow":["GET"]}}],"collection":[{"href":"https:\/\/naturalpoland.com\/it\/wp-json\/wp\/v2\/product"}],"about":[{"href":"https:\/\/naturalpoland.com\/it\/wp-json\/wp\/v2\/types\/product"}],"wp:featuredmedia":[{"embeddable":true,"href":"https:\/\/naturalpoland.com\/it\/wp-json\/wp\/v2\/media\/30971"}],"wp:attachment":[{"href":"https:\/\/naturalpoland.com\/it\/wp-json\/wp\/v2\/media?parent=31449"}],"wp:term":[{"taxonomy":"product_brand","embeddable":true,"href":"https:\/\/naturalpoland.com\/it\/wp-json\/wp\/v2\/product_brand?post=31449"},{"taxonomy":"product_cat","embeddable":true,"href":"https:\/\/naturalpoland.com\/it\/wp-json\/wp\/v2\/product_cat?post=31449"},{"taxonomy":"product_tag","embeddable":true,"href":"https:\/\/naturalpoland.com\/it\/wp-json\/wp\/v2\/product_tag?post=31449"}],"curies":[{"name":"wp","href":"https:\/\/api.w.org\/{rel}","templated":true}]}}