{"id":31483,"date":"2024-04-10T14:38:24","date_gmt":"2024-04-29T12:04:34","guid":{"rendered":"https:\/\/naturalpoland.com\/produkty\/senza-categoria\/estratto-di-fiori-di-pasqua-cinese-pulsatilla-chinensis\/"},"modified":"2024-04-29T14:04:34","modified_gmt":"2024-04-29T12:04:34","slug":"estratto-di-fiori-di-pasqua-cinese-pulsatilla-chinensis","status":"publish","type":"product","link":"https:\/\/naturalpoland.com\/it\/produkty\/estratti-vegetali\/estratto-di-fiori-di-pasqua-cinese-pulsatilla-chinensis\/","title":{"rendered":"Estratto di fiori di pasqua cinese (Pulsatilla chinensis)"},"content":{"rendered":"<p><strong>Propriet\u00e0<\/strong><\/p>\n<p>L&#8217;estratto di passiflora cinese viene prodotto utilizzando l&#8217;acqua come solvente, garantendo cos\u00ec la conservazione dei preziosi componenti della pianta. Il prodotto \u00e8 privo di OGM, metalli pesanti e micotossine, il che lo rende sicuro da usare. Inoltre, \u00e8 privo di agenti patogeni nocivi.<\/p>\n<p>Una delle caratteristiche principali dell&#8217;estratto di passiflora cinese \u00e8 il suo <strong>potenziale antinfiammatorio e antibatterico<\/strong>. Grazie a queste propriet\u00e0, l&#8217;estratto viene utilizzato nelle terapie naturali per combattere diverse infezioni e per alleviare le infiammazioni dell&#8217;organismo. Inoltre, i composti attivi presenti nella sassana cinese possono sostenere il sistema immunitario, aumentando le capacit\u00e0 di difesa dell&#8217;organismo contro gli agenti patogeni.<\/p>\n<p>L&#8217;estratto si caratterizza anche per la sua azione<strong>di supporto al sistema digestivo<\/strong>. Grazie alle sue propriet\u00e0, pu\u00f2 aiutare a regolare il tratto digestivo, ad alleviare i fastidi gastrici e a migliorare la funzione digestiva complessiva.<\/p>\n<p><strong>Applicazione<\/strong><\/p>\n<p>L&#8217;estratto di passiflora cinese trova posto nella produzione di un&#8217;ampia gamma di integratori alimentari per chi cerca un supporto naturale per mantenersi in salute. \u00c8 particolarmente apprezzata nelle formule volte a supportare il sistema immunitario, la salute dell&#8217;apparato digerente e come ingrediente di prodotti antibatterici e antinfiammatori.<\/p>\n<p>&nbsp;<\/p>\n","protected":false},"excerpt":{"rendered":"<p>L&#8217;estratto di passiflora cinese<em>(Pulsatilla chinensis<\/em>) \u00e8 una materia prima estratta dal rizoma di questa pianta. L&#8217;estratto \u00e8 apprezzato per la sua capacit\u00e0 di sostenere i meccanismi di difesa naturali dell&#8217;organismo e per le sue propriet\u00e0 antinfiammatorie e antibatteriche.<\/p>\n","protected":false},"featured_media":30918,"template":"","meta":{"_acf_changed":false},"product_brand":[],"product_cat":[1533],"product_tag":[],"class_list":{"0":"post-31483","1":"product","2":"type-product","3":"status-publish","4":"has-post-thumbnail","6":"product_cat-estratti-vegetali","7":"pa_certyfikaty-certificazione-kosher","8":"pa_certyfikaty-halal-it","9":"pa_czesc-rosliny-rizoma-it","11":"first","12":"instock","13":"shipping-taxable","14":"product-type-simple"},"acf":[],"yoast_head":"<!-- This site is optimized with the Yoast SEO plugin v27.4 - https:\/\/yoast.com\/product\/yoast-seo-wordpress\/ -->\n<title>Estratto di fiori di pasqua cinese (Pulsatilla chinensis) - Distributore all&#039;ingrosso<\/title>\n<meta name=\"description\" content=\"L&#039;estratto di passiflora cinese (Pulsatilla chinensis) \u00e8 un componente molto apprezzato nel campo degli integratori naturali per la salute.\" \/>\n<meta name=\"robots\" content=\"index, follow, max-snippet:-1, max-image-preview:large, max-video-preview:-1\" \/>\n<link rel=\"canonical\" href=\"https:\/\/naturalpoland.com\/it\/produkty\/estratti-vegetali\/estratto-di-fiori-di-pasqua-cinese-pulsatilla-chinensis\/\" \/>\n<meta property=\"og:locale\" content=\"it_IT\" \/>\n<meta property=\"og:type\" content=\"article\" \/>\n<meta property=\"og:title\" content=\"Estratto di fiori di pasqua cinese (Pulsatilla chinensis) - Distributore all&#039;ingrosso\" \/>\n<meta property=\"og:description\" content=\"L&#039;estratto di passiflora cinese (Pulsatilla chinensis) \u00e8 un componente molto apprezzato nel campo degli integratori naturali per la salute.\" \/>\n<meta property=\"og:url\" content=\"https:\/\/naturalpoland.com\/it\/produkty\/estratti-vegetali\/estratto-di-fiori-di-pasqua-cinese-pulsatilla-chinensis\/\" \/>\n<meta property=\"og:site_name\" content=\"NATURAL POLAND - Distributore all&#039;ingrosso di materie prime\" \/>\n<meta property=\"article:publisher\" content=\"https:\/\/www.facebook.com\/naturalpoland.b2b\" \/>\n<meta property=\"og:image\" content=\"https:\/\/naturalpoland.com\/wp-content\/uploads\/pulsatilla_chinensis_extract.webp\" \/>\n\t<meta property=\"og:image:width\" content=\"1024\" \/>\n\t<meta property=\"og:image:height\" content=\"1024\" \/>\n\t<meta property=\"og:image:type\" content=\"image\/webp\" \/>\n<script type=\"application\/ld+json\" class=\"yoast-schema-graph\">{\"@context\":\"https:\\\/\\\/schema.org\",\"@graph\":[{\"@type\":\"WebPage\",\"@id\":\"https:\\\/\\\/naturalpoland.com\\\/it\\\/produkty\\\/estratti-vegetali\\\/estratto-di-fiori-di-pasqua-cinese-pulsatilla-chinensis\\\/\",\"url\":\"https:\\\/\\\/naturalpoland.com\\\/it\\\/produkty\\\/estratti-vegetali\\\/estratto-di-fiori-di-pasqua-cinese-pulsatilla-chinensis\\\/\",\"name\":\"Estratto di fiori di pasqua cinese (Pulsatilla chinensis) - Distributore all'ingrosso\",\"isPartOf\":{\"@id\":\"https:\\\/\\\/naturalpoland.com\\\/it\\\/#website\"},\"primaryImageOfPage\":{\"@id\":\"https:\\\/\\\/naturalpoland.com\\\/it\\\/produkty\\\/estratti-vegetali\\\/estratto-di-fiori-di-pasqua-cinese-pulsatilla-chinensis\\\/#primaryimage\"},\"image\":{\"@id\":\"https:\\\/\\\/naturalpoland.com\\\/it\\\/produkty\\\/estratti-vegetali\\\/estratto-di-fiori-di-pasqua-cinese-pulsatilla-chinensis\\\/#primaryimage\"},\"thumbnailUrl\":\"https:\\\/\\\/naturalpoland.com\\\/wp-content\\\/uploads\\\/pulsatilla_chinensis_extract.webp\",\"datePublished\":\"2024-04-29T12:04:34+00:00\",\"description\":\"L'estratto di passiflora cinese (Pulsatilla chinensis) \u00e8 un componente molto apprezzato nel campo degli integratori naturali per la salute.\",\"breadcrumb\":{\"@id\":\"https:\\\/\\\/naturalpoland.com\\\/it\\\/produkty\\\/estratti-vegetali\\\/estratto-di-fiori-di-pasqua-cinese-pulsatilla-chinensis\\\/#breadcrumb\"},\"inLanguage\":\"it-IT\",\"potentialAction\":[{\"@type\":\"ReadAction\",\"target\":[\"https:\\\/\\\/naturalpoland.com\\\/it\\\/produkty\\\/estratti-vegetali\\\/estratto-di-fiori-di-pasqua-cinese-pulsatilla-chinensis\\\/\"]}]},{\"@type\":\"ImageObject\",\"inLanguage\":\"it-IT\",\"@id\":\"https:\\\/\\\/naturalpoland.com\\\/it\\\/produkty\\\/estratti-vegetali\\\/estratto-di-fiori-di-pasqua-cinese-pulsatilla-chinensis\\\/#primaryimage\",\"url\":\"https:\\\/\\\/naturalpoland.com\\\/wp-content\\\/uploads\\\/pulsatilla_chinensis_extract.webp\",\"contentUrl\":\"https:\\\/\\\/naturalpoland.com\\\/wp-content\\\/uploads\\\/pulsatilla_chinensis_extract.webp\",\"width\":1024,\"height\":1024,\"caption\":\"Ekstrakt z sasanki chi\u0144skiej\"},{\"@type\":\"BreadcrumbList\",\"@id\":\"https:\\\/\\\/naturalpoland.com\\\/it\\\/produkty\\\/estratti-vegetali\\\/estratto-di-fiori-di-pasqua-cinese-pulsatilla-chinensis\\\/#breadcrumb\",\"itemListElement\":[{\"@type\":\"ListItem\",\"position\":1,\"name\":\"Home\",\"item\":\"https:\\\/\\\/naturalpoland.com\\\/it\\\/\"},{\"@type\":\"ListItem\",\"position\":2,\"name\":\"Prodotti\",\"item\":\"https:\\\/\\\/naturalpoland.com\\\/it\\\/prodotti\\\/\"},{\"@type\":\"ListItem\",\"position\":3,\"name\":\"Estratto di fiori di pasqua cinese (Pulsatilla chinensis)\"}]},{\"@type\":\"WebSite\",\"@id\":\"https:\\\/\\\/naturalpoland.com\\\/it\\\/#website\",\"url\":\"https:\\\/\\\/naturalpoland.com\\\/it\\\/\",\"name\":\"NATURAL POLAND - Distributore all'ingrosso di materie prime\",\"description\":\"Surowce dla przemys\u0142u spo\u017cywczego, kosmetycznego i farmaceutycznego\",\"publisher\":{\"@id\":\"https:\\\/\\\/naturalpoland.com\\\/it\\\/#organization\"},\"potentialAction\":[{\"@type\":\"SearchAction\",\"target\":{\"@type\":\"EntryPoint\",\"urlTemplate\":\"https:\\\/\\\/naturalpoland.com\\\/it\\\/?s={search_term_string}\"},\"query-input\":{\"@type\":\"PropertyValueSpecification\",\"valueRequired\":true,\"valueName\":\"search_term_string\"}}],\"inLanguage\":\"it-IT\"},{\"@type\":\"Organization\",\"@id\":\"https:\\\/\\\/naturalpoland.com\\\/it\\\/#organization\",\"name\":\"Natural Poland\",\"url\":\"https:\\\/\\\/naturalpoland.com\\\/it\\\/\",\"logo\":{\"@type\":\"ImageObject\",\"inLanguage\":\"it-IT\",\"@id\":\"https:\\\/\\\/naturalpoland.com\\\/it\\\/#\\\/schema\\\/logo\\\/image\\\/\",\"url\":\"https:\\\/\\\/naturalpoland.com\\\/wp-content\\\/uploads\\\/2021\\\/05\\\/natural-poland-icon.png\",\"contentUrl\":\"https:\\\/\\\/naturalpoland.com\\\/wp-content\\\/uploads\\\/2021\\\/05\\\/natural-poland-icon.png\",\"width\":512,\"height\":512,\"caption\":\"Natural Poland\"},\"image\":{\"@id\":\"https:\\\/\\\/naturalpoland.com\\\/it\\\/#\\\/schema\\\/logo\\\/image\\\/\"},\"sameAs\":[\"https:\\\/\\\/www.facebook.com\\\/naturalpoland.b2b\",\"https:\\\/\\\/pl.linkedin.com\\\/company\\\/natural-poland\",\"https:\\\/\\\/www.youtube.com\\\/channel\\\/UCgeGGkvOMahZo-xu_MSEWxg\"]}]}<\/script>\n<!-- \/ Yoast SEO plugin. -->","yoast_head_json":{"title":"Estratto di fiori di pasqua cinese (Pulsatilla chinensis) - Distributore all'ingrosso","description":"L'estratto di passiflora cinese (Pulsatilla chinensis) \u00e8 un componente molto apprezzato nel campo degli integratori naturali per la salute.","robots":{"index":"index","follow":"follow","max-snippet":"max-snippet:-1","max-image-preview":"max-image-preview:large","max-video-preview":"max-video-preview:-1"},"canonical":"https:\/\/naturalpoland.com\/it\/produkty\/estratti-vegetali\/estratto-di-fiori-di-pasqua-cinese-pulsatilla-chinensis\/","og_locale":"it_IT","og_type":"article","og_title":"Estratto di fiori di pasqua cinese (Pulsatilla chinensis) - Distributore all'ingrosso","og_description":"L'estratto di passiflora cinese (Pulsatilla chinensis) \u00e8 un componente molto apprezzato nel campo degli integratori naturali per la salute.","og_url":"https:\/\/naturalpoland.com\/it\/produkty\/estratti-vegetali\/estratto-di-fiori-di-pasqua-cinese-pulsatilla-chinensis\/","og_site_name":"NATURAL POLAND - Distributore all'ingrosso di materie prime","article_publisher":"https:\/\/www.facebook.com\/naturalpoland.b2b","og_image":[{"width":1024,"height":1024,"url":"https:\/\/naturalpoland.com\/wp-content\/uploads\/pulsatilla_chinensis_extract.webp","type":"image\/webp"}],"schema":{"@context":"https:\/\/schema.org","@graph":[{"@type":"WebPage","@id":"https:\/\/naturalpoland.com\/it\/produkty\/estratti-vegetali\/estratto-di-fiori-di-pasqua-cinese-pulsatilla-chinensis\/","url":"https:\/\/naturalpoland.com\/it\/produkty\/estratti-vegetali\/estratto-di-fiori-di-pasqua-cinese-pulsatilla-chinensis\/","name":"Estratto di fiori di pasqua cinese (Pulsatilla chinensis) - Distributore all'ingrosso","isPartOf":{"@id":"https:\/\/naturalpoland.com\/it\/#website"},"primaryImageOfPage":{"@id":"https:\/\/naturalpoland.com\/it\/produkty\/estratti-vegetali\/estratto-di-fiori-di-pasqua-cinese-pulsatilla-chinensis\/#primaryimage"},"image":{"@id":"https:\/\/naturalpoland.com\/it\/produkty\/estratti-vegetali\/estratto-di-fiori-di-pasqua-cinese-pulsatilla-chinensis\/#primaryimage"},"thumbnailUrl":"https:\/\/naturalpoland.com\/wp-content\/uploads\/pulsatilla_chinensis_extract.webp","datePublished":"2024-04-29T12:04:34+00:00","description":"L'estratto di passiflora cinese (Pulsatilla chinensis) \u00e8 un componente molto apprezzato nel campo degli integratori naturali per la salute.","breadcrumb":{"@id":"https:\/\/naturalpoland.com\/it\/produkty\/estratti-vegetali\/estratto-di-fiori-di-pasqua-cinese-pulsatilla-chinensis\/#breadcrumb"},"inLanguage":"it-IT","potentialAction":[{"@type":"ReadAction","target":["https:\/\/naturalpoland.com\/it\/produkty\/estratti-vegetali\/estratto-di-fiori-di-pasqua-cinese-pulsatilla-chinensis\/"]}]},{"@type":"ImageObject","inLanguage":"it-IT","@id":"https:\/\/naturalpoland.com\/it\/produkty\/estratti-vegetali\/estratto-di-fiori-di-pasqua-cinese-pulsatilla-chinensis\/#primaryimage","url":"https:\/\/naturalpoland.com\/wp-content\/uploads\/pulsatilla_chinensis_extract.webp","contentUrl":"https:\/\/naturalpoland.com\/wp-content\/uploads\/pulsatilla_chinensis_extract.webp","width":1024,"height":1024,"caption":"Ekstrakt z sasanki chi\u0144skiej"},{"@type":"BreadcrumbList","@id":"https:\/\/naturalpoland.com\/it\/produkty\/estratti-vegetali\/estratto-di-fiori-di-pasqua-cinese-pulsatilla-chinensis\/#breadcrumb","itemListElement":[{"@type":"ListItem","position":1,"name":"Home","item":"https:\/\/naturalpoland.com\/it\/"},{"@type":"ListItem","position":2,"name":"Prodotti","item":"https:\/\/naturalpoland.com\/it\/prodotti\/"},{"@type":"ListItem","position":3,"name":"Estratto di fiori di pasqua cinese (Pulsatilla chinensis)"}]},{"@type":"WebSite","@id":"https:\/\/naturalpoland.com\/it\/#website","url":"https:\/\/naturalpoland.com\/it\/","name":"NATURAL POLAND - Distributore all'ingrosso di materie prime","description":"Surowce dla przemys\u0142u spo\u017cywczego, kosmetycznego i farmaceutycznego","publisher":{"@id":"https:\/\/naturalpoland.com\/it\/#organization"},"potentialAction":[{"@type":"SearchAction","target":{"@type":"EntryPoint","urlTemplate":"https:\/\/naturalpoland.com\/it\/?s={search_term_string}"},"query-input":{"@type":"PropertyValueSpecification","valueRequired":true,"valueName":"search_term_string"}}],"inLanguage":"it-IT"},{"@type":"Organization","@id":"https:\/\/naturalpoland.com\/it\/#organization","name":"Natural Poland","url":"https:\/\/naturalpoland.com\/it\/","logo":{"@type":"ImageObject","inLanguage":"it-IT","@id":"https:\/\/naturalpoland.com\/it\/#\/schema\/logo\/image\/","url":"https:\/\/naturalpoland.com\/wp-content\/uploads\/2021\/05\/natural-poland-icon.png","contentUrl":"https:\/\/naturalpoland.com\/wp-content\/uploads\/2021\/05\/natural-poland-icon.png","width":512,"height":512,"caption":"Natural Poland"},"image":{"@id":"https:\/\/naturalpoland.com\/it\/#\/schema\/logo\/image\/"},"sameAs":["https:\/\/www.facebook.com\/naturalpoland.b2b","https:\/\/pl.linkedin.com\/company\/natural-poland","https:\/\/www.youtube.com\/channel\/UCgeGGkvOMahZo-xu_MSEWxg"]}]}},"_links":{"self":[{"href":"https:\/\/naturalpoland.com\/it\/wp-json\/wp\/v2\/product\/31483","targetHints":{"allow":["GET"]}}],"collection":[{"href":"https:\/\/naturalpoland.com\/it\/wp-json\/wp\/v2\/product"}],"about":[{"href":"https:\/\/naturalpoland.com\/it\/wp-json\/wp\/v2\/types\/product"}],"wp:featuredmedia":[{"embeddable":true,"href":"https:\/\/naturalpoland.com\/it\/wp-json\/wp\/v2\/media\/30918"}],"wp:attachment":[{"href":"https:\/\/naturalpoland.com\/it\/wp-json\/wp\/v2\/media?parent=31483"}],"wp:term":[{"taxonomy":"product_brand","embeddable":true,"href":"https:\/\/naturalpoland.com\/it\/wp-json\/wp\/v2\/product_brand?post=31483"},{"taxonomy":"product_cat","embeddable":true,"href":"https:\/\/naturalpoland.com\/it\/wp-json\/wp\/v2\/product_cat?post=31483"},{"taxonomy":"product_tag","embeddable":true,"href":"https:\/\/naturalpoland.com\/it\/wp-json\/wp\/v2\/product_tag?post=31483"}],"curies":[{"name":"wp","href":"https:\/\/api.w.org\/{rel}","templated":true}]}}