{"id":31526,"date":"2024-02-22T16:32:29","date_gmt":"2024-04-29T12:45:45","guid":{"rendered":"https:\/\/naturalpoland.com\/produkty\/senza-categoria\/estratto-di-frutto-di-schisandra\/"},"modified":"2024-04-29T14:45:45","modified_gmt":"2024-04-29T12:45:45","slug":"estratto-di-frutto-di-schisandra","status":"publish","type":"product","link":"https:\/\/naturalpoland.com\/it\/produkty\/estratti-vegetali\/estratto-di-frutto-di-schisandra\/","title":{"rendered":"Estratto di frutto di Schisandra"},"content":{"rendered":"<p>L&#8217;estratto di frutto di Schisandra si presenta sotto forma di una polvere completamente naturale, finemente macinata, di colore giallo-marrone e dall&#8217;odore e sapore caratteristici. Si ottiene dal frutto essiccato di Schisandra. La sua eccellente solubilit\u00e0 in acqua ne facilita l&#8217;uso in una variet\u00e0 di forme, rendendola comoda e facile da usare.<\/p>\n<p>L&#8217;estratto viene estratto utilizzando l&#8217;acqua come solvente di estrazione, il che garantisce la sicurezza e la conservazione delle propriet\u00e0 naturali della materia prima. L&#8217;aggiunta di %-10% maltodestrine garantisce la stabilit\u00e0 e la consistenza adeguata del prodotto, sottolineandone l&#8217;alta qualit\u00e0. Il 95% dell&#8217;estratto passa attraverso un setaccio a 80 maglie, dimostrando la sua eccellente consistenza e omogeneit\u00e0.<\/p>\n<p>Il contenuto di acqua del prodotto \u00e8 basso, come indicato da una perdita per essiccazione del 3,68%, e il contenuto di ceneri \u00e8 del 3,74%, a ulteriore conferma della purezza e dell&#8217;alta qualit\u00e0 dell&#8217;estratto. L&#8217;utilizzo di frutti di Schisandra essiccati e naturali al 100%, senza additivi o riempitivi, ne sottolinea la naturalezza e l&#8217;attenzione al valore nutrizionale.<\/p>\n<h2>Propriet\u00e0 dell&#8217;estratto di frutto di Schisandra<\/h2>\n<p>L&#8217;estratto del frutto di Schisandra \u00e8 apprezzato per le sue <strong>propriet\u00e0 adattogene<\/strong>, che aiutano l&#8217;organismo a far fronte allo stress e a migliorare la concentrazione e la resistenza fisica. \u00c8 ideale per chi cerca metodi naturali per migliorare il proprio benessere generale e aumentare l&#8217;energia vitale.<\/p>\n<p>Scegliendo l&#8217;estratto di frutto di Schisandra, opti per un supporto naturale al tuo organismo, godendo della facilit\u00e0 d&#8217;uso e del gusto piacevole del prodotto. \u00c8 una scelta eccellente per tutti coloro che desiderano arricchire la propria dieta con un ingrediente naturale di alta qualit\u00e0 per favorire la salute e il benessere.<\/p>\n","protected":false},"excerpt":{"rendered":"<p>L&#8217;estratto di frutto di Schisandra, proveniente direttamente dalla Cina, \u00e8 un prodotto naturale eccezionale che ha ottenuto un riconoscimento mondiale per le sue propriet\u00e0 uniche.<\/p>\n","protected":false},"featured_media":30505,"template":"","meta":{"_acf_changed":false},"product_brand":[],"product_cat":[1533],"product_tag":[],"class_list":{"0":"post-31526","1":"product","2":"type-product","3":"status-publish","4":"has-post-thumbnail","6":"product_cat-estratti-vegetali","7":"pa_czesc-rosliny-frutta","9":"first","10":"instock","11":"shipping-taxable","12":"product-type-simple"},"acf":[],"yoast_head":"<!-- This site is optimized with the Yoast SEO plugin v27.5 - https:\/\/yoast.com\/product\/yoast-seo-wordpress\/ -->\n<title>Estratto di frutto di Schisandra - Distributore all&#039;ingrosso<\/title>\n<meta name=\"description\" content=\"L&#039;estratto del frutto di Schisandra \u00e8 apprezzato per le sue propriet\u00e0 adattogene, che aiutano l&#039;organismo a far fronte allo stress.\" \/>\n<meta name=\"robots\" content=\"index, follow, max-snippet:-1, max-image-preview:large, max-video-preview:-1\" \/>\n<link rel=\"canonical\" href=\"https:\/\/naturalpoland.com\/it\/produkty\/estratti-vegetali\/estratto-di-frutto-di-schisandra\/\" \/>\n<meta property=\"og:locale\" content=\"it_IT\" \/>\n<meta property=\"og:type\" content=\"article\" \/>\n<meta property=\"og:title\" content=\"Estratto di frutto di Schisandra - Distributore all&#039;ingrosso\" \/>\n<meta property=\"og:description\" content=\"L&#039;estratto del frutto di Schisandra \u00e8 apprezzato per le sue propriet\u00e0 adattogene, che aiutano l&#039;organismo a far fronte allo stress.\" \/>\n<meta property=\"og:url\" content=\"https:\/\/naturalpoland.com\/it\/produkty\/estratti-vegetali\/estratto-di-frutto-di-schisandra\/\" \/>\n<meta property=\"og:site_name\" content=\"NATURAL POLAND - Distributore all&#039;ingrosso di materie prime\" \/>\n<meta property=\"article:publisher\" content=\"https:\/\/www.facebook.com\/naturalpoland.b2b\" \/>\n<meta property=\"og:image\" content=\"https:\/\/naturalpoland.com\/wp-content\/uploads\/schisandra_berry_extract.webp\" \/>\n\t<meta property=\"og:image:width\" content=\"350\" \/>\n\t<meta property=\"og:image:height\" content=\"350\" \/>\n\t<meta property=\"og:image:type\" content=\"image\/webp\" \/>\n<script type=\"application\/ld+json\" class=\"yoast-schema-graph\">{\"@context\":\"https:\\\/\\\/schema.org\",\"@graph\":[{\"@type\":\"WebPage\",\"@id\":\"https:\\\/\\\/naturalpoland.com\\\/it\\\/produkty\\\/estratti-vegetali\\\/estratto-di-frutto-di-schisandra\\\/\",\"url\":\"https:\\\/\\\/naturalpoland.com\\\/it\\\/produkty\\\/estratti-vegetali\\\/estratto-di-frutto-di-schisandra\\\/\",\"name\":\"Estratto di frutto di Schisandra - Distributore all'ingrosso\",\"isPartOf\":{\"@id\":\"https:\\\/\\\/naturalpoland.com\\\/it\\\/#website\"},\"primaryImageOfPage\":{\"@id\":\"https:\\\/\\\/naturalpoland.com\\\/it\\\/produkty\\\/estratti-vegetali\\\/estratto-di-frutto-di-schisandra\\\/#primaryimage\"},\"image\":{\"@id\":\"https:\\\/\\\/naturalpoland.com\\\/it\\\/produkty\\\/estratti-vegetali\\\/estratto-di-frutto-di-schisandra\\\/#primaryimage\"},\"thumbnailUrl\":\"https:\\\/\\\/naturalpoland.com\\\/wp-content\\\/uploads\\\/schisandra_berry_extract.webp\",\"datePublished\":\"2024-04-29T12:45:45+00:00\",\"description\":\"L'estratto del frutto di Schisandra \u00e8 apprezzato per le sue propriet\u00e0 adattogene, che aiutano l'organismo a far fronte allo stress.\",\"breadcrumb\":{\"@id\":\"https:\\\/\\\/naturalpoland.com\\\/it\\\/produkty\\\/estratti-vegetali\\\/estratto-di-frutto-di-schisandra\\\/#breadcrumb\"},\"inLanguage\":\"it-IT\",\"potentialAction\":[{\"@type\":\"ReadAction\",\"target\":[\"https:\\\/\\\/naturalpoland.com\\\/it\\\/produkty\\\/estratti-vegetali\\\/estratto-di-frutto-di-schisandra\\\/\"]}]},{\"@type\":\"ImageObject\",\"inLanguage\":\"it-IT\",\"@id\":\"https:\\\/\\\/naturalpoland.com\\\/it\\\/produkty\\\/estratti-vegetali\\\/estratto-di-frutto-di-schisandra\\\/#primaryimage\",\"url\":\"https:\\\/\\\/naturalpoland.com\\\/wp-content\\\/uploads\\\/schisandra_berry_extract.webp\",\"contentUrl\":\"https:\\\/\\\/naturalpoland.com\\\/wp-content\\\/uploads\\\/schisandra_berry_extract.webp\",\"width\":350,\"height\":350,\"caption\":\"ekstrakt z owoc\u00f3w Schisandra\"},{\"@type\":\"BreadcrumbList\",\"@id\":\"https:\\\/\\\/naturalpoland.com\\\/it\\\/produkty\\\/estratti-vegetali\\\/estratto-di-frutto-di-schisandra\\\/#breadcrumb\",\"itemListElement\":[{\"@type\":\"ListItem\",\"position\":1,\"name\":\"Home\",\"item\":\"https:\\\/\\\/naturalpoland.com\\\/it\\\/\"},{\"@type\":\"ListItem\",\"position\":2,\"name\":\"Prodotti\",\"item\":\"https:\\\/\\\/naturalpoland.com\\\/it\\\/prodotti\\\/\"},{\"@type\":\"ListItem\",\"position\":3,\"name\":\"Estratto di frutto di Schisandra\"}]},{\"@type\":\"WebSite\",\"@id\":\"https:\\\/\\\/naturalpoland.com\\\/it\\\/#website\",\"url\":\"https:\\\/\\\/naturalpoland.com\\\/it\\\/\",\"name\":\"NATURAL POLAND - Distributore all'ingrosso di materie prime\",\"description\":\"Surowce dla przemys\u0142u spo\u017cywczego, kosmetycznego i farmaceutycznego\",\"publisher\":{\"@id\":\"https:\\\/\\\/naturalpoland.com\\\/it\\\/#organization\"},\"potentialAction\":[{\"@type\":\"SearchAction\",\"target\":{\"@type\":\"EntryPoint\",\"urlTemplate\":\"https:\\\/\\\/naturalpoland.com\\\/it\\\/?s={search_term_string}\"},\"query-input\":{\"@type\":\"PropertyValueSpecification\",\"valueRequired\":true,\"valueName\":\"search_term_string\"}}],\"inLanguage\":\"it-IT\"},{\"@type\":\"Organization\",\"@id\":\"https:\\\/\\\/naturalpoland.com\\\/it\\\/#organization\",\"name\":\"Natural Poland\",\"url\":\"https:\\\/\\\/naturalpoland.com\\\/it\\\/\",\"logo\":{\"@type\":\"ImageObject\",\"inLanguage\":\"it-IT\",\"@id\":\"https:\\\/\\\/naturalpoland.com\\\/it\\\/#\\\/schema\\\/logo\\\/image\\\/\",\"url\":\"https:\\\/\\\/naturalpoland.com\\\/wp-content\\\/uploads\\\/2021\\\/05\\\/natural-poland-icon.png\",\"contentUrl\":\"https:\\\/\\\/naturalpoland.com\\\/wp-content\\\/uploads\\\/2021\\\/05\\\/natural-poland-icon.png\",\"width\":512,\"height\":512,\"caption\":\"Natural Poland\"},\"image\":{\"@id\":\"https:\\\/\\\/naturalpoland.com\\\/it\\\/#\\\/schema\\\/logo\\\/image\\\/\"},\"sameAs\":[\"https:\\\/\\\/www.facebook.com\\\/naturalpoland.b2b\",\"https:\\\/\\\/pl.linkedin.com\\\/company\\\/natural-poland\",\"https:\\\/\\\/www.youtube.com\\\/channel\\\/UCgeGGkvOMahZo-xu_MSEWxg\"]}]}<\/script>\n<!-- \/ Yoast SEO plugin. -->","yoast_head_json":{"title":"Estratto di frutto di Schisandra - Distributore all'ingrosso","description":"L'estratto del frutto di Schisandra \u00e8 apprezzato per le sue propriet\u00e0 adattogene, che aiutano l'organismo a far fronte allo stress.","robots":{"index":"index","follow":"follow","max-snippet":"max-snippet:-1","max-image-preview":"max-image-preview:large","max-video-preview":"max-video-preview:-1"},"canonical":"https:\/\/naturalpoland.com\/it\/produkty\/estratti-vegetali\/estratto-di-frutto-di-schisandra\/","og_locale":"it_IT","og_type":"article","og_title":"Estratto di frutto di Schisandra - Distributore all'ingrosso","og_description":"L'estratto del frutto di Schisandra \u00e8 apprezzato per le sue propriet\u00e0 adattogene, che aiutano l'organismo a far fronte allo stress.","og_url":"https:\/\/naturalpoland.com\/it\/produkty\/estratti-vegetali\/estratto-di-frutto-di-schisandra\/","og_site_name":"NATURAL POLAND - Distributore all'ingrosso di materie prime","article_publisher":"https:\/\/www.facebook.com\/naturalpoland.b2b","og_image":[{"width":350,"height":350,"url":"https:\/\/naturalpoland.com\/wp-content\/uploads\/schisandra_berry_extract.webp","type":"image\/webp"}],"schema":{"@context":"https:\/\/schema.org","@graph":[{"@type":"WebPage","@id":"https:\/\/naturalpoland.com\/it\/produkty\/estratti-vegetali\/estratto-di-frutto-di-schisandra\/","url":"https:\/\/naturalpoland.com\/it\/produkty\/estratti-vegetali\/estratto-di-frutto-di-schisandra\/","name":"Estratto di frutto di Schisandra - Distributore all'ingrosso","isPartOf":{"@id":"https:\/\/naturalpoland.com\/it\/#website"},"primaryImageOfPage":{"@id":"https:\/\/naturalpoland.com\/it\/produkty\/estratti-vegetali\/estratto-di-frutto-di-schisandra\/#primaryimage"},"image":{"@id":"https:\/\/naturalpoland.com\/it\/produkty\/estratti-vegetali\/estratto-di-frutto-di-schisandra\/#primaryimage"},"thumbnailUrl":"https:\/\/naturalpoland.com\/wp-content\/uploads\/schisandra_berry_extract.webp","datePublished":"2024-04-29T12:45:45+00:00","description":"L'estratto del frutto di Schisandra \u00e8 apprezzato per le sue propriet\u00e0 adattogene, che aiutano l'organismo a far fronte allo stress.","breadcrumb":{"@id":"https:\/\/naturalpoland.com\/it\/produkty\/estratti-vegetali\/estratto-di-frutto-di-schisandra\/#breadcrumb"},"inLanguage":"it-IT","potentialAction":[{"@type":"ReadAction","target":["https:\/\/naturalpoland.com\/it\/produkty\/estratti-vegetali\/estratto-di-frutto-di-schisandra\/"]}]},{"@type":"ImageObject","inLanguage":"it-IT","@id":"https:\/\/naturalpoland.com\/it\/produkty\/estratti-vegetali\/estratto-di-frutto-di-schisandra\/#primaryimage","url":"https:\/\/naturalpoland.com\/wp-content\/uploads\/schisandra_berry_extract.webp","contentUrl":"https:\/\/naturalpoland.com\/wp-content\/uploads\/schisandra_berry_extract.webp","width":350,"height":350,"caption":"ekstrakt z owoc\u00f3w Schisandra"},{"@type":"BreadcrumbList","@id":"https:\/\/naturalpoland.com\/it\/produkty\/estratti-vegetali\/estratto-di-frutto-di-schisandra\/#breadcrumb","itemListElement":[{"@type":"ListItem","position":1,"name":"Home","item":"https:\/\/naturalpoland.com\/it\/"},{"@type":"ListItem","position":2,"name":"Prodotti","item":"https:\/\/naturalpoland.com\/it\/prodotti\/"},{"@type":"ListItem","position":3,"name":"Estratto di frutto di Schisandra"}]},{"@type":"WebSite","@id":"https:\/\/naturalpoland.com\/it\/#website","url":"https:\/\/naturalpoland.com\/it\/","name":"NATURAL POLAND - Distributore all'ingrosso di materie prime","description":"Surowce dla przemys\u0142u spo\u017cywczego, kosmetycznego i farmaceutycznego","publisher":{"@id":"https:\/\/naturalpoland.com\/it\/#organization"},"potentialAction":[{"@type":"SearchAction","target":{"@type":"EntryPoint","urlTemplate":"https:\/\/naturalpoland.com\/it\/?s={search_term_string}"},"query-input":{"@type":"PropertyValueSpecification","valueRequired":true,"valueName":"search_term_string"}}],"inLanguage":"it-IT"},{"@type":"Organization","@id":"https:\/\/naturalpoland.com\/it\/#organization","name":"Natural Poland","url":"https:\/\/naturalpoland.com\/it\/","logo":{"@type":"ImageObject","inLanguage":"it-IT","@id":"https:\/\/naturalpoland.com\/it\/#\/schema\/logo\/image\/","url":"https:\/\/naturalpoland.com\/wp-content\/uploads\/2021\/05\/natural-poland-icon.png","contentUrl":"https:\/\/naturalpoland.com\/wp-content\/uploads\/2021\/05\/natural-poland-icon.png","width":512,"height":512,"caption":"Natural Poland"},"image":{"@id":"https:\/\/naturalpoland.com\/it\/#\/schema\/logo\/image\/"},"sameAs":["https:\/\/www.facebook.com\/naturalpoland.b2b","https:\/\/pl.linkedin.com\/company\/natural-poland","https:\/\/www.youtube.com\/channel\/UCgeGGkvOMahZo-xu_MSEWxg"]}]}},"_links":{"self":[{"href":"https:\/\/naturalpoland.com\/it\/wp-json\/wp\/v2\/product\/31526","targetHints":{"allow":["GET"]}}],"collection":[{"href":"https:\/\/naturalpoland.com\/it\/wp-json\/wp\/v2\/product"}],"about":[{"href":"https:\/\/naturalpoland.com\/it\/wp-json\/wp\/v2\/types\/product"}],"wp:featuredmedia":[{"embeddable":true,"href":"https:\/\/naturalpoland.com\/it\/wp-json\/wp\/v2\/media\/30505"}],"wp:attachment":[{"href":"https:\/\/naturalpoland.com\/it\/wp-json\/wp\/v2\/media?parent=31526"}],"wp:term":[{"taxonomy":"product_brand","embeddable":true,"href":"https:\/\/naturalpoland.com\/it\/wp-json\/wp\/v2\/product_brand?post=31526"},{"taxonomy":"product_cat","embeddable":true,"href":"https:\/\/naturalpoland.com\/it\/wp-json\/wp\/v2\/product_cat?post=31526"},{"taxonomy":"product_tag","embeddable":true,"href":"https:\/\/naturalpoland.com\/it\/wp-json\/wp\/v2\/product_tag?post=31526"}],"curies":[{"name":"wp","href":"https:\/\/api.w.org\/{rel}","templated":true}]}}