{"id":31536,"date":"2023-10-11T10:25:55","date_gmt":"2024-04-29T12:58:36","guid":{"rendered":"https:\/\/naturalpoland.com\/produkty\/senza-categoria\/acido-tauroursodesossicolico-tudca\/"},"modified":"2024-04-29T14:58:36","modified_gmt":"2024-04-29T12:58:36","slug":"acido-tauroursodesossicolico-tudca","status":"publish","type":"product","link":"https:\/\/naturalpoland.com\/it\/produkty\/prodotti-per-industria-farmaceutica-e-medica\/additivi-per-integratori\/acido-tauroursodesossicolico-tudca\/","title":{"rendered":"Acido tauroursodesossicolico (TUDCA)"},"content":{"rendered":"<p>L&#8217;acido tauroursodesossicolico (TUDCA) \u00e8 la forma coniugata dell&#8217;acido ursodesossicolico (UDCA), derivato dagli acidi biliari, che sono un componente naturale della bile prodotta dal fegato. Questo prodotto \u00e8 molto utilizzato come integratore alimentare, soprattutto dagli atleti e dalle persone con uno stile di vita attivo.<\/p>\n<h3><strong>Propriet\u00e0 e usi del TUDCA:<\/strong><\/h3>\n<ul>\n<li><strong>Supporto al fegato: <\/strong>il TUDCA \u00e8 un ingrediente chiave che supporta la disintossicazione e la protezione del fegato, garantendone la normale funzione e prevenendone i danni. \u00c8 un prodotto popolare tra gli atleti, soprattutto quelli che fanno uso di integratori o di farmaci che possono stressare il fegato, come gli steroidi anabolizzanti.<\/li>\n<li><strong>Protezione delle cellule nervose: <\/strong>mostra la capacit\u00e0 di proteggere le cellule nervose dallo stress ossidativo e dalla tossicit\u00e0 (ad esempio durante l&#8217;attivit\u00e0 fisica), il che pu\u00f2 essere utile nel contesto di varie condizioni neurologiche.<\/li>\n<li><strong>Salute degli occhi: <\/strong>il TUDCA favorisce la salute della retina ed \u00e8 in fase di studio per la sua capacit\u00e0 di ridurre il rischio di varie patologie oculari, tra cui la retinopatia e la degenerazione maculare.<\/li>\n<li><strong>Effetto antinfiammatorio: <\/strong>l&#8217;esercizio fisico regolare pu\u00f2 causare infiammazioni nell&#8217;organismo. Il TUDCA ha un effetto antinfiammatorio, utile per gli atleti che mirano a un recupero rapido e alla prevenzione delle infiammazioni croniche.<\/li>\n<\/ul>\n<h3><strong>Uso di TUDCA come integratore:<\/strong><\/h3>\n<ul>\n<li>La TUDCA \u00e8 ampiamente utilizzata negli integratori alimentari destinati a supportare la funzione epatica, in particolare nel contesto dei trattamenti di disintossicazione e di supporto al fegato per l&#8217;uso di vari integratori e farmaci che sollecitano questo organo.<\/li>\n<li>Grazie alle sue propriet\u00e0 uniche, il TUDCA \u00e8 in fase di studio anche per l&#8217;utilizzo in terapie adiuvanti nel contesto delle malattie neurodegenerative e per la protezione degli occhi.<\/li>\n<\/ul>\n","protected":false},"excerpt":{"rendered":"<p>L&#8217;acido tauroursodesossicolico (TUDCA) \u00e8 uno degli ingredienti pi\u00f9 apprezzati ed efficaci per supportare una sana funzione epatica e l&#8217;omeostasi generale dell&#8217;organismo.<\/p>\n","protected":false},"featured_media":31309,"template":"","meta":{"_acf_changed":false},"product_brand":[],"product_cat":[1530],"product_tag":[],"class_list":{"0":"post-31536","1":"product","2":"type-product","3":"status-publish","4":"has-post-thumbnail","6":"product_cat-additivi-per-integratori","8":"first","9":"instock","10":"shipping-taxable","11":"product-type-simple"},"acf":[],"yoast_head":"<!-- This site is optimized with the Yoast SEO plugin v27.5 - https:\/\/yoast.com\/product\/yoast-seo-wordpress\/ -->\n<title>Acido tauroursodesossicolico (TUDCA) - Distributore all&#039;ingrosso<\/title>\n<meta name=\"description\" content=\"Il TUDCA \u00e8 uno strumento prezioso per sostenere la salute del fegato, la rigenerazione e l&#039;omeostasi generale dell&#039;organismo in caso di esercizio fisico intenso.\" \/>\n<meta name=\"robots\" content=\"index, follow, max-snippet:-1, max-image-preview:large, max-video-preview:-1\" \/>\n<link rel=\"canonical\" href=\"https:\/\/naturalpoland.com\/it\/produkty\/prodotti-per-industria-farmaceutica-e-medica\/additivi-per-integratori\/acido-tauroursodesossicolico-tudca\/\" \/>\n<meta property=\"og:locale\" content=\"it_IT\" \/>\n<meta property=\"og:type\" content=\"article\" \/>\n<meta property=\"og:title\" content=\"Acido tauroursodesossicolico (TUDCA) - Distributore all&#039;ingrosso\" \/>\n<meta property=\"og:description\" content=\"Il TUDCA \u00e8 uno strumento prezioso per sostenere la salute del fegato, la rigenerazione e l&#039;omeostasi generale dell&#039;organismo in caso di esercizio fisico intenso.\" \/>\n<meta property=\"og:url\" content=\"https:\/\/naturalpoland.com\/it\/produkty\/prodotti-per-industria-farmaceutica-e-medica\/additivi-per-integratori\/acido-tauroursodesossicolico-tudca\/\" \/>\n<meta property=\"og:site_name\" content=\"NATURAL POLAND - Distributore all&#039;ingrosso di materie prime\" \/>\n<meta property=\"article:publisher\" content=\"https:\/\/www.facebook.com\/naturalpoland.b2b\" \/>\n<meta property=\"og:image\" content=\"https:\/\/naturalpoland.com\/wp-content\/uploads\/tauroursodeoxycholic-acid.jpg\" \/>\n\t<meta property=\"og:image:width\" content=\"500\" \/>\n\t<meta property=\"og:image:height\" content=\"500\" \/>\n\t<meta property=\"og:image:type\" content=\"image\/jpeg\" \/>\n<script type=\"application\/ld+json\" class=\"yoast-schema-graph\">{\"@context\":\"https:\\\/\\\/schema.org\",\"@graph\":[{\"@type\":\"WebPage\",\"@id\":\"https:\\\/\\\/naturalpoland.com\\\/it\\\/produkty\\\/prodotti-per-industria-farmaceutica-e-medica\\\/additivi-per-integratori\\\/acido-tauroursodesossicolico-tudca\\\/\",\"url\":\"https:\\\/\\\/naturalpoland.com\\\/it\\\/produkty\\\/prodotti-per-industria-farmaceutica-e-medica\\\/additivi-per-integratori\\\/acido-tauroursodesossicolico-tudca\\\/\",\"name\":\"Acido tauroursodesossicolico (TUDCA) - Distributore all'ingrosso\",\"isPartOf\":{\"@id\":\"https:\\\/\\\/naturalpoland.com\\\/it\\\/#website\"},\"primaryImageOfPage\":{\"@id\":\"https:\\\/\\\/naturalpoland.com\\\/it\\\/produkty\\\/prodotti-per-industria-farmaceutica-e-medica\\\/additivi-per-integratori\\\/acido-tauroursodesossicolico-tudca\\\/#primaryimage\"},\"image\":{\"@id\":\"https:\\\/\\\/naturalpoland.com\\\/it\\\/produkty\\\/prodotti-per-industria-farmaceutica-e-medica\\\/additivi-per-integratori\\\/acido-tauroursodesossicolico-tudca\\\/#primaryimage\"},\"thumbnailUrl\":\"https:\\\/\\\/naturalpoland.com\\\/wp-content\\\/uploads\\\/tauroursodeoxycholic-acid.jpg\",\"datePublished\":\"2024-04-29T12:58:36+00:00\",\"description\":\"Il TUDCA \u00e8 uno strumento prezioso per sostenere la salute del fegato, la rigenerazione e l'omeostasi generale dell'organismo in caso di esercizio fisico intenso.\",\"breadcrumb\":{\"@id\":\"https:\\\/\\\/naturalpoland.com\\\/it\\\/produkty\\\/prodotti-per-industria-farmaceutica-e-medica\\\/additivi-per-integratori\\\/acido-tauroursodesossicolico-tudca\\\/#breadcrumb\"},\"inLanguage\":\"it-IT\",\"potentialAction\":[{\"@type\":\"ReadAction\",\"target\":[\"https:\\\/\\\/naturalpoland.com\\\/it\\\/produkty\\\/prodotti-per-industria-farmaceutica-e-medica\\\/additivi-per-integratori\\\/acido-tauroursodesossicolico-tudca\\\/\"]}]},{\"@type\":\"ImageObject\",\"inLanguage\":\"it-IT\",\"@id\":\"https:\\\/\\\/naturalpoland.com\\\/it\\\/produkty\\\/prodotti-per-industria-farmaceutica-e-medica\\\/additivi-per-integratori\\\/acido-tauroursodesossicolico-tudca\\\/#primaryimage\",\"url\":\"https:\\\/\\\/naturalpoland.com\\\/wp-content\\\/uploads\\\/tauroursodeoxycholic-acid.jpg\",\"contentUrl\":\"https:\\\/\\\/naturalpoland.com\\\/wp-content\\\/uploads\\\/tauroursodeoxycholic-acid.jpg\",\"width\":500,\"height\":500,\"caption\":\"tauroursodeoxycholic acid\"},{\"@type\":\"BreadcrumbList\",\"@id\":\"https:\\\/\\\/naturalpoland.com\\\/it\\\/produkty\\\/prodotti-per-industria-farmaceutica-e-medica\\\/additivi-per-integratori\\\/acido-tauroursodesossicolico-tudca\\\/#breadcrumb\",\"itemListElement\":[{\"@type\":\"ListItem\",\"position\":1,\"name\":\"Home\",\"item\":\"https:\\\/\\\/naturalpoland.com\\\/it\\\/\"},{\"@type\":\"ListItem\",\"position\":2,\"name\":\"Prodotti\",\"item\":\"https:\\\/\\\/naturalpoland.com\\\/it\\\/prodotti\\\/\"},{\"@type\":\"ListItem\",\"position\":3,\"name\":\"Acido tauroursodesossicolico (TUDCA)\"}]},{\"@type\":\"WebSite\",\"@id\":\"https:\\\/\\\/naturalpoland.com\\\/it\\\/#website\",\"url\":\"https:\\\/\\\/naturalpoland.com\\\/it\\\/\",\"name\":\"NATURAL POLAND - Distributore all'ingrosso di materie prime\",\"description\":\"Surowce dla przemys\u0142u spo\u017cywczego, kosmetycznego i farmaceutycznego\",\"publisher\":{\"@id\":\"https:\\\/\\\/naturalpoland.com\\\/it\\\/#organization\"},\"potentialAction\":[{\"@type\":\"SearchAction\",\"target\":{\"@type\":\"EntryPoint\",\"urlTemplate\":\"https:\\\/\\\/naturalpoland.com\\\/it\\\/?s={search_term_string}\"},\"query-input\":{\"@type\":\"PropertyValueSpecification\",\"valueRequired\":true,\"valueName\":\"search_term_string\"}}],\"inLanguage\":\"it-IT\"},{\"@type\":\"Organization\",\"@id\":\"https:\\\/\\\/naturalpoland.com\\\/it\\\/#organization\",\"name\":\"Natural Poland\",\"url\":\"https:\\\/\\\/naturalpoland.com\\\/it\\\/\",\"logo\":{\"@type\":\"ImageObject\",\"inLanguage\":\"it-IT\",\"@id\":\"https:\\\/\\\/naturalpoland.com\\\/it\\\/#\\\/schema\\\/logo\\\/image\\\/\",\"url\":\"https:\\\/\\\/naturalpoland.com\\\/wp-content\\\/uploads\\\/2021\\\/05\\\/natural-poland-icon.png\",\"contentUrl\":\"https:\\\/\\\/naturalpoland.com\\\/wp-content\\\/uploads\\\/2021\\\/05\\\/natural-poland-icon.png\",\"width\":512,\"height\":512,\"caption\":\"Natural Poland\"},\"image\":{\"@id\":\"https:\\\/\\\/naturalpoland.com\\\/it\\\/#\\\/schema\\\/logo\\\/image\\\/\"},\"sameAs\":[\"https:\\\/\\\/www.facebook.com\\\/naturalpoland.b2b\",\"https:\\\/\\\/pl.linkedin.com\\\/company\\\/natural-poland\",\"https:\\\/\\\/www.youtube.com\\\/channel\\\/UCgeGGkvOMahZo-xu_MSEWxg\"]}]}<\/script>\n<!-- \/ Yoast SEO plugin. -->","yoast_head_json":{"title":"Acido tauroursodesossicolico (TUDCA) - Distributore all'ingrosso","description":"Il TUDCA \u00e8 uno strumento prezioso per sostenere la salute del fegato, la rigenerazione e l'omeostasi generale dell'organismo in caso di esercizio fisico intenso.","robots":{"index":"index","follow":"follow","max-snippet":"max-snippet:-1","max-image-preview":"max-image-preview:large","max-video-preview":"max-video-preview:-1"},"canonical":"https:\/\/naturalpoland.com\/it\/produkty\/prodotti-per-industria-farmaceutica-e-medica\/additivi-per-integratori\/acido-tauroursodesossicolico-tudca\/","og_locale":"it_IT","og_type":"article","og_title":"Acido tauroursodesossicolico (TUDCA) - Distributore all'ingrosso","og_description":"Il TUDCA \u00e8 uno strumento prezioso per sostenere la salute del fegato, la rigenerazione e l'omeostasi generale dell'organismo in caso di esercizio fisico intenso.","og_url":"https:\/\/naturalpoland.com\/it\/produkty\/prodotti-per-industria-farmaceutica-e-medica\/additivi-per-integratori\/acido-tauroursodesossicolico-tudca\/","og_site_name":"NATURAL POLAND - Distributore all'ingrosso di materie prime","article_publisher":"https:\/\/www.facebook.com\/naturalpoland.b2b","og_image":[{"width":500,"height":500,"url":"https:\/\/naturalpoland.com\/wp-content\/uploads\/tauroursodeoxycholic-acid.jpg","type":"image\/jpeg"}],"schema":{"@context":"https:\/\/schema.org","@graph":[{"@type":"WebPage","@id":"https:\/\/naturalpoland.com\/it\/produkty\/prodotti-per-industria-farmaceutica-e-medica\/additivi-per-integratori\/acido-tauroursodesossicolico-tudca\/","url":"https:\/\/naturalpoland.com\/it\/produkty\/prodotti-per-industria-farmaceutica-e-medica\/additivi-per-integratori\/acido-tauroursodesossicolico-tudca\/","name":"Acido tauroursodesossicolico (TUDCA) - Distributore all'ingrosso","isPartOf":{"@id":"https:\/\/naturalpoland.com\/it\/#website"},"primaryImageOfPage":{"@id":"https:\/\/naturalpoland.com\/it\/produkty\/prodotti-per-industria-farmaceutica-e-medica\/additivi-per-integratori\/acido-tauroursodesossicolico-tudca\/#primaryimage"},"image":{"@id":"https:\/\/naturalpoland.com\/it\/produkty\/prodotti-per-industria-farmaceutica-e-medica\/additivi-per-integratori\/acido-tauroursodesossicolico-tudca\/#primaryimage"},"thumbnailUrl":"https:\/\/naturalpoland.com\/wp-content\/uploads\/tauroursodeoxycholic-acid.jpg","datePublished":"2024-04-29T12:58:36+00:00","description":"Il TUDCA \u00e8 uno strumento prezioso per sostenere la salute del fegato, la rigenerazione e l'omeostasi generale dell'organismo in caso di esercizio fisico intenso.","breadcrumb":{"@id":"https:\/\/naturalpoland.com\/it\/produkty\/prodotti-per-industria-farmaceutica-e-medica\/additivi-per-integratori\/acido-tauroursodesossicolico-tudca\/#breadcrumb"},"inLanguage":"it-IT","potentialAction":[{"@type":"ReadAction","target":["https:\/\/naturalpoland.com\/it\/produkty\/prodotti-per-industria-farmaceutica-e-medica\/additivi-per-integratori\/acido-tauroursodesossicolico-tudca\/"]}]},{"@type":"ImageObject","inLanguage":"it-IT","@id":"https:\/\/naturalpoland.com\/it\/produkty\/prodotti-per-industria-farmaceutica-e-medica\/additivi-per-integratori\/acido-tauroursodesossicolico-tudca\/#primaryimage","url":"https:\/\/naturalpoland.com\/wp-content\/uploads\/tauroursodeoxycholic-acid.jpg","contentUrl":"https:\/\/naturalpoland.com\/wp-content\/uploads\/tauroursodeoxycholic-acid.jpg","width":500,"height":500,"caption":"tauroursodeoxycholic acid"},{"@type":"BreadcrumbList","@id":"https:\/\/naturalpoland.com\/it\/produkty\/prodotti-per-industria-farmaceutica-e-medica\/additivi-per-integratori\/acido-tauroursodesossicolico-tudca\/#breadcrumb","itemListElement":[{"@type":"ListItem","position":1,"name":"Home","item":"https:\/\/naturalpoland.com\/it\/"},{"@type":"ListItem","position":2,"name":"Prodotti","item":"https:\/\/naturalpoland.com\/it\/prodotti\/"},{"@type":"ListItem","position":3,"name":"Acido tauroursodesossicolico (TUDCA)"}]},{"@type":"WebSite","@id":"https:\/\/naturalpoland.com\/it\/#website","url":"https:\/\/naturalpoland.com\/it\/","name":"NATURAL POLAND - Distributore all'ingrosso di materie prime","description":"Surowce dla przemys\u0142u spo\u017cywczego, kosmetycznego i farmaceutycznego","publisher":{"@id":"https:\/\/naturalpoland.com\/it\/#organization"},"potentialAction":[{"@type":"SearchAction","target":{"@type":"EntryPoint","urlTemplate":"https:\/\/naturalpoland.com\/it\/?s={search_term_string}"},"query-input":{"@type":"PropertyValueSpecification","valueRequired":true,"valueName":"search_term_string"}}],"inLanguage":"it-IT"},{"@type":"Organization","@id":"https:\/\/naturalpoland.com\/it\/#organization","name":"Natural Poland","url":"https:\/\/naturalpoland.com\/it\/","logo":{"@type":"ImageObject","inLanguage":"it-IT","@id":"https:\/\/naturalpoland.com\/it\/#\/schema\/logo\/image\/","url":"https:\/\/naturalpoland.com\/wp-content\/uploads\/2021\/05\/natural-poland-icon.png","contentUrl":"https:\/\/naturalpoland.com\/wp-content\/uploads\/2021\/05\/natural-poland-icon.png","width":512,"height":512,"caption":"Natural Poland"},"image":{"@id":"https:\/\/naturalpoland.com\/it\/#\/schema\/logo\/image\/"},"sameAs":["https:\/\/www.facebook.com\/naturalpoland.b2b","https:\/\/pl.linkedin.com\/company\/natural-poland","https:\/\/www.youtube.com\/channel\/UCgeGGkvOMahZo-xu_MSEWxg"]}]}},"_links":{"self":[{"href":"https:\/\/naturalpoland.com\/it\/wp-json\/wp\/v2\/product\/31536","targetHints":{"allow":["GET"]}}],"collection":[{"href":"https:\/\/naturalpoland.com\/it\/wp-json\/wp\/v2\/product"}],"about":[{"href":"https:\/\/naturalpoland.com\/it\/wp-json\/wp\/v2\/types\/product"}],"wp:featuredmedia":[{"embeddable":true,"href":"https:\/\/naturalpoland.com\/it\/wp-json\/wp\/v2\/media\/31309"}],"wp:attachment":[{"href":"https:\/\/naturalpoland.com\/it\/wp-json\/wp\/v2\/media?parent=31536"}],"wp:term":[{"taxonomy":"product_brand","embeddable":true,"href":"https:\/\/naturalpoland.com\/it\/wp-json\/wp\/v2\/product_brand?post=31536"},{"taxonomy":"product_cat","embeddable":true,"href":"https:\/\/naturalpoland.com\/it\/wp-json\/wp\/v2\/product_cat?post=31536"},{"taxonomy":"product_tag","embeddable":true,"href":"https:\/\/naturalpoland.com\/it\/wp-json\/wp\/v2\/product_tag?post=31536"}],"curies":[{"name":"wp","href":"https:\/\/api.w.org\/{rel}","templated":true}]}}