{"id":31883,"date":"2024-05-09T14:18:37","date_gmt":"2024-05-13T11:34:01","guid":{"rendered":"https:\/\/naturalpoland.com\/produkty\/senza-categoria\/idrolato-di-geranio\/"},"modified":"2024-05-13T13:34:01","modified_gmt":"2024-05-13T11:34:01","slug":"idrolato-di-geranio","status":"publish","type":"product","link":"https:\/\/naturalpoland.com\/it\/produkty\/prodotti-per-industria-cosmetica\/acque-floreali\/idrolato-di-geranio\/","title":{"rendered":"Idrolato di geranio"},"content":{"rendered":"<p>L&#8217;efficacia dell&#8217;idrolato di geranio contro l&#8217;eccessiva lucidit\u00e0 della pelle \u00e8 dovuta alla sua capacit\u00e0 di riequilibrare gli oli naturali della pelle. Il prodotto \u00e8 noto anche per le sue propriet\u00e0 <strong>antibatteriche<\/strong> e <strong>antinfiammatorie<\/strong>, quindi pu\u00f2 aiutare a ridurre l&#8217;acne e altre condizioni infiammatorie della pelle. La sua delicata azione antisettica aiuta a pulire la pelle dai batteri che possono contribuire alle macchie.<\/p>\n<p>Oltre a queste propriet\u00e0 pratiche, l&#8217;idrolato di geranio ha una sottile fragranza floreale che ha un effetto rilassante. La sua versatilit\u00e0 gli permette di essere utilizzato come tonico per il viso per rinfrescare, tonificare e ripristinare la naturale luminosit\u00e0 della pelle, oltre che come ingrediente di maschere e altri prodotti per la cura della pelle.<\/p>\n<p>L&#8217;uso dell&#8217;idrolato di geranio pu\u00f2 migliorare notevolmente l&#8217;aspetto della pelle, rendendola pi\u00f9 opaca, chiara e sana. Pu\u00f2 essere utilizzato mattina e sera per massimizzare i suoi effetti benefici, spruzzandolo direttamente sul viso o applicandolo sulla pelle con un batuffolo di cotone. Grazie alle sue propriet\u00e0 lenitive, \u00e8 ideale anche dopo l&#8217;esposizione al sole o dopo una giornata intensa, quando la pelle ha bisogno di rilassarsi e rigenerarsi.<\/p>\n","protected":false},"excerpt":{"rendered":"<p>L&#8217;idrolato di geranio si ottiene dalla distillazione a vapore delle foglie e dei fiori di geranio. Ha propriet\u00e0 seboregolatrici ed \u00e8 quindi particolarmente indicato per chi ha la pelle grassa e mista.<\/p>\n","protected":false},"featured_media":31690,"template":"","meta":[],"product_brand":[],"product_cat":[3554],"product_tag":[],"class_list":{"0":"post-31883","1":"product","2":"type-product","3":"status-publish","4":"has-post-thumbnail","6":"product_cat-acque-floreali","7":"pa_grupa-substancji-distillati","9":"first","10":"instock","11":"shipping-taxable","12":"product-type-simple"},"yoast_head":"<!-- This site is optimized with the Yoast SEO plugin v27.3 - https:\/\/yoast.com\/product\/yoast-seo-wordpress\/ -->\n<title>Idrolato di geranio - Distributore all&#039;ingrosso<\/title>\n<meta name=\"description\" content=\"L&#039;idrolato di geranio, ottenuto dalla distillazione a vapore delle foglie e dei fiori di geranio, \u00e8 un ingrediente molto apprezzato nel mondo della cura naturale della pelle.\" \/>\n<meta name=\"robots\" content=\"index, follow, max-snippet:-1, max-image-preview:large, max-video-preview:-1\" \/>\n<link rel=\"canonical\" href=\"https:\/\/naturalpoland.com\/it\/produkty\/prodotti-per-industria-cosmetica\/acque-floreali\/idrolato-di-geranio\/\" \/>\n<meta property=\"og:locale\" content=\"it_IT\" \/>\n<meta property=\"og:type\" content=\"article\" \/>\n<meta property=\"og:title\" content=\"Idrolato di geranio - Distributore all&#039;ingrosso\" \/>\n<meta property=\"og:description\" content=\"L&#039;idrolato di geranio, ottenuto dalla distillazione a vapore delle foglie e dei fiori di geranio, \u00e8 un ingrediente molto apprezzato nel mondo della cura naturale della pelle.\" \/>\n<meta property=\"og:url\" content=\"https:\/\/naturalpoland.com\/it\/produkty\/prodotti-per-industria-cosmetica\/acque-floreali\/idrolato-di-geranio\/\" \/>\n<meta property=\"og:site_name\" content=\"NATURAL POLAND - Distributore all&#039;ingrosso di materie prime\" \/>\n<meta property=\"article:publisher\" content=\"https:\/\/www.facebook.com\/naturalpoland.b2b\" \/>\n<meta property=\"og:image\" content=\"https:\/\/naturalpoland.com\/wp-content\/uploads\/hydrolat-z-geranium.webp\" \/>\n\t<meta property=\"og:image:width\" content=\"614\" \/>\n\t<meta property=\"og:image:height\" content=\"614\" \/>\n\t<meta property=\"og:image:type\" content=\"image\/webp\" \/>\n<script type=\"application\/ld+json\" class=\"yoast-schema-graph\">{\"@context\":\"https:\\\/\\\/schema.org\",\"@graph\":[{\"@type\":\"WebPage\",\"@id\":\"https:\\\/\\\/naturalpoland.com\\\/it\\\/produkty\\\/prodotti-per-industria-cosmetica\\\/acque-floreali\\\/idrolato-di-geranio\\\/\",\"url\":\"https:\\\/\\\/naturalpoland.com\\\/it\\\/produkty\\\/prodotti-per-industria-cosmetica\\\/acque-floreali\\\/idrolato-di-geranio\\\/\",\"name\":\"Idrolato di geranio - Distributore all'ingrosso\",\"isPartOf\":{\"@id\":\"https:\\\/\\\/naturalpoland.com\\\/it\\\/#website\"},\"primaryImageOfPage\":{\"@id\":\"https:\\\/\\\/naturalpoland.com\\\/it\\\/produkty\\\/prodotti-per-industria-cosmetica\\\/acque-floreali\\\/idrolato-di-geranio\\\/#primaryimage\"},\"image\":{\"@id\":\"https:\\\/\\\/naturalpoland.com\\\/it\\\/produkty\\\/prodotti-per-industria-cosmetica\\\/acque-floreali\\\/idrolato-di-geranio\\\/#primaryimage\"},\"thumbnailUrl\":\"https:\\\/\\\/naturalpoland.com\\\/wp-content\\\/uploads\\\/hydrolat-z-geranium.webp\",\"datePublished\":\"2024-05-13T11:34:01+00:00\",\"description\":\"L'idrolato di geranio, ottenuto dalla distillazione a vapore delle foglie e dei fiori di geranio, \u00e8 un ingrediente molto apprezzato nel mondo della cura naturale della pelle.\",\"breadcrumb\":{\"@id\":\"https:\\\/\\\/naturalpoland.com\\\/it\\\/produkty\\\/prodotti-per-industria-cosmetica\\\/acque-floreali\\\/idrolato-di-geranio\\\/#breadcrumb\"},\"inLanguage\":\"it-IT\",\"potentialAction\":[{\"@type\":\"ReadAction\",\"target\":[\"https:\\\/\\\/naturalpoland.com\\\/it\\\/produkty\\\/prodotti-per-industria-cosmetica\\\/acque-floreali\\\/idrolato-di-geranio\\\/\"]}]},{\"@type\":\"ImageObject\",\"inLanguage\":\"it-IT\",\"@id\":\"https:\\\/\\\/naturalpoland.com\\\/it\\\/produkty\\\/prodotti-per-industria-cosmetica\\\/acque-floreali\\\/idrolato-di-geranio\\\/#primaryimage\",\"url\":\"https:\\\/\\\/naturalpoland.com\\\/wp-content\\\/uploads\\\/hydrolat-z-geranium.webp\",\"contentUrl\":\"https:\\\/\\\/naturalpoland.com\\\/wp-content\\\/uploads\\\/hydrolat-z-geranium.webp\",\"width\":614,\"height\":614,\"caption\":\"hydrolat z geranium\"},{\"@type\":\"BreadcrumbList\",\"@id\":\"https:\\\/\\\/naturalpoland.com\\\/it\\\/produkty\\\/prodotti-per-industria-cosmetica\\\/acque-floreali\\\/idrolato-di-geranio\\\/#breadcrumb\",\"itemListElement\":[{\"@type\":\"ListItem\",\"position\":1,\"name\":\"Home\",\"item\":\"https:\\\/\\\/naturalpoland.com\\\/it\\\/\"},{\"@type\":\"ListItem\",\"position\":2,\"name\":\"Prodotti\",\"item\":\"https:\\\/\\\/naturalpoland.com\\\/it\\\/prodotti\\\/\"},{\"@type\":\"ListItem\",\"position\":3,\"name\":\"Idrolato di geranio\"}]},{\"@type\":\"WebSite\",\"@id\":\"https:\\\/\\\/naturalpoland.com\\\/it\\\/#website\",\"url\":\"https:\\\/\\\/naturalpoland.com\\\/it\\\/\",\"name\":\"NATURAL POLAND - Distributore all'ingrosso di materie prime\",\"description\":\"Surowce dla przemys\u0142u spo\u017cywczego, kosmetycznego i farmaceutycznego\",\"publisher\":{\"@id\":\"https:\\\/\\\/naturalpoland.com\\\/it\\\/#organization\"},\"potentialAction\":[{\"@type\":\"SearchAction\",\"target\":{\"@type\":\"EntryPoint\",\"urlTemplate\":\"https:\\\/\\\/naturalpoland.com\\\/it\\\/?s={search_term_string}\"},\"query-input\":{\"@type\":\"PropertyValueSpecification\",\"valueRequired\":true,\"valueName\":\"search_term_string\"}}],\"inLanguage\":\"it-IT\"},{\"@type\":\"Organization\",\"@id\":\"https:\\\/\\\/naturalpoland.com\\\/it\\\/#organization\",\"name\":\"Natural Poland\",\"url\":\"https:\\\/\\\/naturalpoland.com\\\/it\\\/\",\"logo\":{\"@type\":\"ImageObject\",\"inLanguage\":\"it-IT\",\"@id\":\"https:\\\/\\\/naturalpoland.com\\\/it\\\/#\\\/schema\\\/logo\\\/image\\\/\",\"url\":\"https:\\\/\\\/naturalpoland.com\\\/wp-content\\\/uploads\\\/2021\\\/05\\\/natural-poland-icon.png\",\"contentUrl\":\"https:\\\/\\\/naturalpoland.com\\\/wp-content\\\/uploads\\\/2021\\\/05\\\/natural-poland-icon.png\",\"width\":512,\"height\":512,\"caption\":\"Natural Poland\"},\"image\":{\"@id\":\"https:\\\/\\\/naturalpoland.com\\\/it\\\/#\\\/schema\\\/logo\\\/image\\\/\"},\"sameAs\":[\"https:\\\/\\\/www.facebook.com\\\/naturalpoland.b2b\",\"https:\\\/\\\/pl.linkedin.com\\\/company\\\/natural-poland\",\"https:\\\/\\\/www.youtube.com\\\/channel\\\/UCgeGGkvOMahZo-xu_MSEWxg\"]}]}<\/script>\n<!-- \/ Yoast SEO plugin. -->","yoast_head_json":{"title":"Idrolato di geranio - Distributore all'ingrosso","description":"L'idrolato di geranio, ottenuto dalla distillazione a vapore delle foglie e dei fiori di geranio, \u00e8 un ingrediente molto apprezzato nel mondo della cura naturale della pelle.","robots":{"index":"index","follow":"follow","max-snippet":"max-snippet:-1","max-image-preview":"max-image-preview:large","max-video-preview":"max-video-preview:-1"},"canonical":"https:\/\/naturalpoland.com\/it\/produkty\/prodotti-per-industria-cosmetica\/acque-floreali\/idrolato-di-geranio\/","og_locale":"it_IT","og_type":"article","og_title":"Idrolato di geranio - Distributore all'ingrosso","og_description":"L'idrolato di geranio, ottenuto dalla distillazione a vapore delle foglie e dei fiori di geranio, \u00e8 un ingrediente molto apprezzato nel mondo della cura naturale della pelle.","og_url":"https:\/\/naturalpoland.com\/it\/produkty\/prodotti-per-industria-cosmetica\/acque-floreali\/idrolato-di-geranio\/","og_site_name":"NATURAL POLAND - Distributore all'ingrosso di materie prime","article_publisher":"https:\/\/www.facebook.com\/naturalpoland.b2b","og_image":[{"width":614,"height":614,"url":"https:\/\/naturalpoland.com\/wp-content\/uploads\/hydrolat-z-geranium.webp","type":"image\/webp"}],"schema":{"@context":"https:\/\/schema.org","@graph":[{"@type":"WebPage","@id":"https:\/\/naturalpoland.com\/it\/produkty\/prodotti-per-industria-cosmetica\/acque-floreali\/idrolato-di-geranio\/","url":"https:\/\/naturalpoland.com\/it\/produkty\/prodotti-per-industria-cosmetica\/acque-floreali\/idrolato-di-geranio\/","name":"Idrolato di geranio - Distributore all'ingrosso","isPartOf":{"@id":"https:\/\/naturalpoland.com\/it\/#website"},"primaryImageOfPage":{"@id":"https:\/\/naturalpoland.com\/it\/produkty\/prodotti-per-industria-cosmetica\/acque-floreali\/idrolato-di-geranio\/#primaryimage"},"image":{"@id":"https:\/\/naturalpoland.com\/it\/produkty\/prodotti-per-industria-cosmetica\/acque-floreali\/idrolato-di-geranio\/#primaryimage"},"thumbnailUrl":"https:\/\/naturalpoland.com\/wp-content\/uploads\/hydrolat-z-geranium.webp","datePublished":"2024-05-13T11:34:01+00:00","description":"L'idrolato di geranio, ottenuto dalla distillazione a vapore delle foglie e dei fiori di geranio, \u00e8 un ingrediente molto apprezzato nel mondo della cura naturale della pelle.","breadcrumb":{"@id":"https:\/\/naturalpoland.com\/it\/produkty\/prodotti-per-industria-cosmetica\/acque-floreali\/idrolato-di-geranio\/#breadcrumb"},"inLanguage":"it-IT","potentialAction":[{"@type":"ReadAction","target":["https:\/\/naturalpoland.com\/it\/produkty\/prodotti-per-industria-cosmetica\/acque-floreali\/idrolato-di-geranio\/"]}]},{"@type":"ImageObject","inLanguage":"it-IT","@id":"https:\/\/naturalpoland.com\/it\/produkty\/prodotti-per-industria-cosmetica\/acque-floreali\/idrolato-di-geranio\/#primaryimage","url":"https:\/\/naturalpoland.com\/wp-content\/uploads\/hydrolat-z-geranium.webp","contentUrl":"https:\/\/naturalpoland.com\/wp-content\/uploads\/hydrolat-z-geranium.webp","width":614,"height":614,"caption":"hydrolat z geranium"},{"@type":"BreadcrumbList","@id":"https:\/\/naturalpoland.com\/it\/produkty\/prodotti-per-industria-cosmetica\/acque-floreali\/idrolato-di-geranio\/#breadcrumb","itemListElement":[{"@type":"ListItem","position":1,"name":"Home","item":"https:\/\/naturalpoland.com\/it\/"},{"@type":"ListItem","position":2,"name":"Prodotti","item":"https:\/\/naturalpoland.com\/it\/prodotti\/"},{"@type":"ListItem","position":3,"name":"Idrolato di geranio"}]},{"@type":"WebSite","@id":"https:\/\/naturalpoland.com\/it\/#website","url":"https:\/\/naturalpoland.com\/it\/","name":"NATURAL POLAND - Distributore all'ingrosso di materie prime","description":"Surowce dla przemys\u0142u spo\u017cywczego, kosmetycznego i farmaceutycznego","publisher":{"@id":"https:\/\/naturalpoland.com\/it\/#organization"},"potentialAction":[{"@type":"SearchAction","target":{"@type":"EntryPoint","urlTemplate":"https:\/\/naturalpoland.com\/it\/?s={search_term_string}"},"query-input":{"@type":"PropertyValueSpecification","valueRequired":true,"valueName":"search_term_string"}}],"inLanguage":"it-IT"},{"@type":"Organization","@id":"https:\/\/naturalpoland.com\/it\/#organization","name":"Natural Poland","url":"https:\/\/naturalpoland.com\/it\/","logo":{"@type":"ImageObject","inLanguage":"it-IT","@id":"https:\/\/naturalpoland.com\/it\/#\/schema\/logo\/image\/","url":"https:\/\/naturalpoland.com\/wp-content\/uploads\/2021\/05\/natural-poland-icon.png","contentUrl":"https:\/\/naturalpoland.com\/wp-content\/uploads\/2021\/05\/natural-poland-icon.png","width":512,"height":512,"caption":"Natural Poland"},"image":{"@id":"https:\/\/naturalpoland.com\/it\/#\/schema\/logo\/image\/"},"sameAs":["https:\/\/www.facebook.com\/naturalpoland.b2b","https:\/\/pl.linkedin.com\/company\/natural-poland","https:\/\/www.youtube.com\/channel\/UCgeGGkvOMahZo-xu_MSEWxg"]}]}},"_links":{"self":[{"href":"https:\/\/naturalpoland.com\/it\/wp-json\/wp\/v2\/product\/31883","targetHints":{"allow":["GET"]}}],"collection":[{"href":"https:\/\/naturalpoland.com\/it\/wp-json\/wp\/v2\/product"}],"about":[{"href":"https:\/\/naturalpoland.com\/it\/wp-json\/wp\/v2\/types\/product"}],"wp:featuredmedia":[{"embeddable":true,"href":"https:\/\/naturalpoland.com\/it\/wp-json\/wp\/v2\/media\/31690"}],"wp:attachment":[{"href":"https:\/\/naturalpoland.com\/it\/wp-json\/wp\/v2\/media?parent=31883"}],"wp:term":[{"taxonomy":"product_brand","embeddable":true,"href":"https:\/\/naturalpoland.com\/it\/wp-json\/wp\/v2\/product_brand?post=31883"},{"taxonomy":"product_cat","embeddable":true,"href":"https:\/\/naturalpoland.com\/it\/wp-json\/wp\/v2\/product_cat?post=31883"},{"taxonomy":"product_tag","embeddable":true,"href":"https:\/\/naturalpoland.com\/it\/wp-json\/wp\/v2\/product_tag?post=31883"}],"curies":[{"name":"wp","href":"https:\/\/api.w.org\/{rel}","templated":true}]}}