{"id":31955,"date":"2024-05-14T12:11:05","date_gmt":"2024-05-14T10:12:26","guid":{"rendered":"https:\/\/naturalpoland.com\/produkty\/senza-categoria\/vitamina-a\/"},"modified":"2024-05-14T12:12:26","modified_gmt":"2024-05-14T10:12:26","slug":"vitamina-a","status":"publish","type":"product","link":"https:\/\/naturalpoland.com\/it\/produkty\/prodotti-per-industria-farmaceutica-e-medica\/vitamine-it\/vitamina-a\/","title":{"rendered":"Vitamina A"},"content":{"rendered":"<p>Offriamo diverse forme di vitamina A per soddisfare le esigenze specifiche dei nostri clienti sia nel settore alimentare che in quello cosmetico:<\/p>\n<h3>Vitamina A Acetato 2,8 MIU\/G<\/h3>\n<p>La vitamina A in forma acetata con una concentrazione di 2,8 MIU\/G \u00e8 una forma altamente stabile di questa vitamina. Trova applicazione nei prodotti che richiedono una lunga durata, come <strong>creme<\/strong>, <strong>lozioni<\/strong> e <strong>integratori alimentari<\/strong>. Grazie alla sua stabilit\u00e0, \u00e8 efficace nel proteggere la pelle dai radicali liberi, promuovendone la rigenerazione e migliorandone l&#8217;aspetto.<\/p>\n<h3>Vitamina A Palmitato 1.0 MIU\/G<\/h3>\n<p>Questa forma di vitamina A \u00e8 combinata con l&#8217;<strong>acido palmitico.<\/strong> Si caratterizza per la facilit\u00e0 di assorbimento da parte dell&#8217;organismo. Offre 1,0 MIU\/G, ideale per l&#8217;arricchimento degli alimenti e come ingrediente nei prodotti cosmetici. Promuove la salute della pelle, migliorandone l&#8217;elasticit\u00e0 e riducendo l&#8217;aspetto delle linee sottili.<\/p>\n<h3>Vitamina A Palmitato 1,6 MIU\/G (YYYPY12)<\/h3>\n<p>La variet\u00e0 di vitamina A Palmitato con 1,6 MIU\/G \u00e8 una forma pi\u00f9 concentrata di questa vitamina. \u00c8 stato progettato per formulazioni cosmetiche avanzate e integratori. L&#8217;elevata concentrazione consente un&#8217;azione anti-invecchiamento e antiossidante pi\u00f9 efficace. Viene utilizzato nei prodotti di alta qualit\u00e0.<\/p>\n<h3>Vitamina A Palmitato 1,7 MIU\/G<\/h3>\n<p>La forma pi\u00f9 forte di vitamina A della nostra gamma contiene 1,7 MIU\/G. Viene utilizzato in prodotti di alta qualit\u00e0 progettati per rigenerare intensamente la pelle e proteggerla dai danni causati da fattori esterni come i raggi UV o gli inquinanti ambientali.<\/p>\n<p>&nbsp;<\/p>\n","protected":false},"excerpt":{"rendered":"<p>La vitamina A ha eccezionali propriet\u00e0 nutritive e rigenerative. \u00c8 un ingrediente essenziale di molti prodotti di salute e bellezza.<\/p>\n","protected":false},"featured_media":31945,"template":"","meta":{"_acf_changed":false},"product_brand":[],"product_cat":[1522,1532],"product_tag":[],"class_list":{"0":"post-31955","1":"product","2":"type-product","3":"status-publish","4":"has-post-thumbnail","6":"product_cat-materie-prime-cosmetiche","7":"product_cat-vitamine-it","8":"pa_grupa-substancji-retinoidi","10":"first","11":"instock","12":"shipping-taxable","13":"product-type-simple"},"acf":[],"yoast_head":"<!-- This site is optimized with the Yoast SEO plugin v27.5 - https:\/\/yoast.com\/product\/yoast-seo-wordpress\/ -->\n<title>Vitamina A - Distributore all&#039;ingrosso<\/title>\n<meta name=\"description\" content=\"L&#039;uso della vitamina A nei prodotti alimentari e cosmetici \u00e8 garantito per migliorare le condizioni generali e l&#039;aspetto della pelle e per favorire la salute della vista.\" \/>\n<meta name=\"robots\" content=\"index, follow, max-snippet:-1, max-image-preview:large, max-video-preview:-1\" \/>\n<link rel=\"canonical\" href=\"https:\/\/naturalpoland.com\/it\/produkty\/prodotti-per-industria-farmaceutica-e-medica\/vitamine-it\/vitamina-a\/\" \/>\n<meta property=\"og:locale\" content=\"it_IT\" \/>\n<meta property=\"og:type\" content=\"article\" \/>\n<meta property=\"og:title\" content=\"Vitamina A - Distributore all&#039;ingrosso\" \/>\n<meta property=\"og:description\" content=\"L&#039;uso della vitamina A nei prodotti alimentari e cosmetici \u00e8 garantito per migliorare le condizioni generali e l&#039;aspetto della pelle e per favorire la salute della vista.\" \/>\n<meta property=\"og:url\" content=\"https:\/\/naturalpoland.com\/it\/produkty\/prodotti-per-industria-farmaceutica-e-medica\/vitamine-it\/vitamina-a\/\" \/>\n<meta property=\"og:site_name\" content=\"NATURAL POLAND - Distributore all&#039;ingrosso di materie prime\" \/>\n<meta property=\"article:publisher\" content=\"https:\/\/www.facebook.com\/naturalpoland.b2b\" \/>\n<meta property=\"og:image\" content=\"https:\/\/naturalpoland.com\/wp-content\/uploads\/witamina-a.webp\" \/>\n\t<meta property=\"og:image:width\" content=\"1024\" \/>\n\t<meta property=\"og:image:height\" content=\"1024\" \/>\n\t<meta property=\"og:image:type\" content=\"image\/webp\" \/>\n<script type=\"application\/ld+json\" class=\"yoast-schema-graph\">{\"@context\":\"https:\\\/\\\/schema.org\",\"@graph\":[{\"@type\":\"WebPage\",\"@id\":\"https:\\\/\\\/naturalpoland.com\\\/it\\\/produkty\\\/prodotti-per-industria-farmaceutica-e-medica\\\/vitamine-it\\\/vitamina-a\\\/\",\"url\":\"https:\\\/\\\/naturalpoland.com\\\/it\\\/produkty\\\/prodotti-per-industria-farmaceutica-e-medica\\\/vitamine-it\\\/vitamina-a\\\/\",\"name\":\"Vitamina A - Distributore all'ingrosso\",\"isPartOf\":{\"@id\":\"https:\\\/\\\/naturalpoland.com\\\/it\\\/#website\"},\"primaryImageOfPage\":{\"@id\":\"https:\\\/\\\/naturalpoland.com\\\/it\\\/produkty\\\/prodotti-per-industria-farmaceutica-e-medica\\\/vitamine-it\\\/vitamina-a\\\/#primaryimage\"},\"image\":{\"@id\":\"https:\\\/\\\/naturalpoland.com\\\/it\\\/produkty\\\/prodotti-per-industria-farmaceutica-e-medica\\\/vitamine-it\\\/vitamina-a\\\/#primaryimage\"},\"thumbnailUrl\":\"https:\\\/\\\/naturalpoland.com\\\/wp-content\\\/uploads\\\/witamina-a.webp\",\"datePublished\":\"2024-05-14T10:12:26+00:00\",\"description\":\"L'uso della vitamina A nei prodotti alimentari e cosmetici \u00e8 garantito per migliorare le condizioni generali e l'aspetto della pelle e per favorire la salute della vista.\",\"breadcrumb\":{\"@id\":\"https:\\\/\\\/naturalpoland.com\\\/it\\\/produkty\\\/prodotti-per-industria-farmaceutica-e-medica\\\/vitamine-it\\\/vitamina-a\\\/#breadcrumb\"},\"inLanguage\":\"it-IT\",\"potentialAction\":[{\"@type\":\"ReadAction\",\"target\":[\"https:\\\/\\\/naturalpoland.com\\\/it\\\/produkty\\\/prodotti-per-industria-farmaceutica-e-medica\\\/vitamine-it\\\/vitamina-a\\\/\"]}]},{\"@type\":\"ImageObject\",\"inLanguage\":\"it-IT\",\"@id\":\"https:\\\/\\\/naturalpoland.com\\\/it\\\/produkty\\\/prodotti-per-industria-farmaceutica-e-medica\\\/vitamine-it\\\/vitamina-a\\\/#primaryimage\",\"url\":\"https:\\\/\\\/naturalpoland.com\\\/wp-content\\\/uploads\\\/witamina-a.webp\",\"contentUrl\":\"https:\\\/\\\/naturalpoland.com\\\/wp-content\\\/uploads\\\/witamina-a.webp\",\"width\":1024,\"height\":1024,\"caption\":\"Witamina A\"},{\"@type\":\"BreadcrumbList\",\"@id\":\"https:\\\/\\\/naturalpoland.com\\\/it\\\/produkty\\\/prodotti-per-industria-farmaceutica-e-medica\\\/vitamine-it\\\/vitamina-a\\\/#breadcrumb\",\"itemListElement\":[{\"@type\":\"ListItem\",\"position\":1,\"name\":\"Home\",\"item\":\"https:\\\/\\\/naturalpoland.com\\\/it\\\/\"},{\"@type\":\"ListItem\",\"position\":2,\"name\":\"Prodotti\",\"item\":\"https:\\\/\\\/naturalpoland.com\\\/it\\\/prodotti\\\/\"},{\"@type\":\"ListItem\",\"position\":3,\"name\":\"Vitamina A\"}]},{\"@type\":\"WebSite\",\"@id\":\"https:\\\/\\\/naturalpoland.com\\\/it\\\/#website\",\"url\":\"https:\\\/\\\/naturalpoland.com\\\/it\\\/\",\"name\":\"NATURAL POLAND - Distributore all'ingrosso di materie prime\",\"description\":\"Surowce dla przemys\u0142u spo\u017cywczego, kosmetycznego i farmaceutycznego\",\"publisher\":{\"@id\":\"https:\\\/\\\/naturalpoland.com\\\/it\\\/#organization\"},\"potentialAction\":[{\"@type\":\"SearchAction\",\"target\":{\"@type\":\"EntryPoint\",\"urlTemplate\":\"https:\\\/\\\/naturalpoland.com\\\/it\\\/?s={search_term_string}\"},\"query-input\":{\"@type\":\"PropertyValueSpecification\",\"valueRequired\":true,\"valueName\":\"search_term_string\"}}],\"inLanguage\":\"it-IT\"},{\"@type\":\"Organization\",\"@id\":\"https:\\\/\\\/naturalpoland.com\\\/it\\\/#organization\",\"name\":\"Natural Poland\",\"url\":\"https:\\\/\\\/naturalpoland.com\\\/it\\\/\",\"logo\":{\"@type\":\"ImageObject\",\"inLanguage\":\"it-IT\",\"@id\":\"https:\\\/\\\/naturalpoland.com\\\/it\\\/#\\\/schema\\\/logo\\\/image\\\/\",\"url\":\"https:\\\/\\\/naturalpoland.com\\\/wp-content\\\/uploads\\\/2021\\\/05\\\/natural-poland-icon.png\",\"contentUrl\":\"https:\\\/\\\/naturalpoland.com\\\/wp-content\\\/uploads\\\/2021\\\/05\\\/natural-poland-icon.png\",\"width\":512,\"height\":512,\"caption\":\"Natural Poland\"},\"image\":{\"@id\":\"https:\\\/\\\/naturalpoland.com\\\/it\\\/#\\\/schema\\\/logo\\\/image\\\/\"},\"sameAs\":[\"https:\\\/\\\/www.facebook.com\\\/naturalpoland.b2b\",\"https:\\\/\\\/pl.linkedin.com\\\/company\\\/natural-poland\",\"https:\\\/\\\/www.youtube.com\\\/channel\\\/UCgeGGkvOMahZo-xu_MSEWxg\"]}]}<\/script>\n<!-- \/ Yoast SEO plugin. -->","yoast_head_json":{"title":"Vitamina A - Distributore all'ingrosso","description":"L'uso della vitamina A nei prodotti alimentari e cosmetici \u00e8 garantito per migliorare le condizioni generali e l'aspetto della pelle e per favorire la salute della vista.","robots":{"index":"index","follow":"follow","max-snippet":"max-snippet:-1","max-image-preview":"max-image-preview:large","max-video-preview":"max-video-preview:-1"},"canonical":"https:\/\/naturalpoland.com\/it\/produkty\/prodotti-per-industria-farmaceutica-e-medica\/vitamine-it\/vitamina-a\/","og_locale":"it_IT","og_type":"article","og_title":"Vitamina A - Distributore all'ingrosso","og_description":"L'uso della vitamina A nei prodotti alimentari e cosmetici \u00e8 garantito per migliorare le condizioni generali e l'aspetto della pelle e per favorire la salute della vista.","og_url":"https:\/\/naturalpoland.com\/it\/produkty\/prodotti-per-industria-farmaceutica-e-medica\/vitamine-it\/vitamina-a\/","og_site_name":"NATURAL POLAND - Distributore all'ingrosso di materie prime","article_publisher":"https:\/\/www.facebook.com\/naturalpoland.b2b","og_image":[{"width":1024,"height":1024,"url":"https:\/\/naturalpoland.com\/wp-content\/uploads\/witamina-a.webp","type":"image\/webp"}],"schema":{"@context":"https:\/\/schema.org","@graph":[{"@type":"WebPage","@id":"https:\/\/naturalpoland.com\/it\/produkty\/prodotti-per-industria-farmaceutica-e-medica\/vitamine-it\/vitamina-a\/","url":"https:\/\/naturalpoland.com\/it\/produkty\/prodotti-per-industria-farmaceutica-e-medica\/vitamine-it\/vitamina-a\/","name":"Vitamina A - Distributore all'ingrosso","isPartOf":{"@id":"https:\/\/naturalpoland.com\/it\/#website"},"primaryImageOfPage":{"@id":"https:\/\/naturalpoland.com\/it\/produkty\/prodotti-per-industria-farmaceutica-e-medica\/vitamine-it\/vitamina-a\/#primaryimage"},"image":{"@id":"https:\/\/naturalpoland.com\/it\/produkty\/prodotti-per-industria-farmaceutica-e-medica\/vitamine-it\/vitamina-a\/#primaryimage"},"thumbnailUrl":"https:\/\/naturalpoland.com\/wp-content\/uploads\/witamina-a.webp","datePublished":"2024-05-14T10:12:26+00:00","description":"L'uso della vitamina A nei prodotti alimentari e cosmetici \u00e8 garantito per migliorare le condizioni generali e l'aspetto della pelle e per favorire la salute della vista.","breadcrumb":{"@id":"https:\/\/naturalpoland.com\/it\/produkty\/prodotti-per-industria-farmaceutica-e-medica\/vitamine-it\/vitamina-a\/#breadcrumb"},"inLanguage":"it-IT","potentialAction":[{"@type":"ReadAction","target":["https:\/\/naturalpoland.com\/it\/produkty\/prodotti-per-industria-farmaceutica-e-medica\/vitamine-it\/vitamina-a\/"]}]},{"@type":"ImageObject","inLanguage":"it-IT","@id":"https:\/\/naturalpoland.com\/it\/produkty\/prodotti-per-industria-farmaceutica-e-medica\/vitamine-it\/vitamina-a\/#primaryimage","url":"https:\/\/naturalpoland.com\/wp-content\/uploads\/witamina-a.webp","contentUrl":"https:\/\/naturalpoland.com\/wp-content\/uploads\/witamina-a.webp","width":1024,"height":1024,"caption":"Witamina A"},{"@type":"BreadcrumbList","@id":"https:\/\/naturalpoland.com\/it\/produkty\/prodotti-per-industria-farmaceutica-e-medica\/vitamine-it\/vitamina-a\/#breadcrumb","itemListElement":[{"@type":"ListItem","position":1,"name":"Home","item":"https:\/\/naturalpoland.com\/it\/"},{"@type":"ListItem","position":2,"name":"Prodotti","item":"https:\/\/naturalpoland.com\/it\/prodotti\/"},{"@type":"ListItem","position":3,"name":"Vitamina A"}]},{"@type":"WebSite","@id":"https:\/\/naturalpoland.com\/it\/#website","url":"https:\/\/naturalpoland.com\/it\/","name":"NATURAL POLAND - Distributore all'ingrosso di materie prime","description":"Surowce dla przemys\u0142u spo\u017cywczego, kosmetycznego i farmaceutycznego","publisher":{"@id":"https:\/\/naturalpoland.com\/it\/#organization"},"potentialAction":[{"@type":"SearchAction","target":{"@type":"EntryPoint","urlTemplate":"https:\/\/naturalpoland.com\/it\/?s={search_term_string}"},"query-input":{"@type":"PropertyValueSpecification","valueRequired":true,"valueName":"search_term_string"}}],"inLanguage":"it-IT"},{"@type":"Organization","@id":"https:\/\/naturalpoland.com\/it\/#organization","name":"Natural Poland","url":"https:\/\/naturalpoland.com\/it\/","logo":{"@type":"ImageObject","inLanguage":"it-IT","@id":"https:\/\/naturalpoland.com\/it\/#\/schema\/logo\/image\/","url":"https:\/\/naturalpoland.com\/wp-content\/uploads\/2021\/05\/natural-poland-icon.png","contentUrl":"https:\/\/naturalpoland.com\/wp-content\/uploads\/2021\/05\/natural-poland-icon.png","width":512,"height":512,"caption":"Natural Poland"},"image":{"@id":"https:\/\/naturalpoland.com\/it\/#\/schema\/logo\/image\/"},"sameAs":["https:\/\/www.facebook.com\/naturalpoland.b2b","https:\/\/pl.linkedin.com\/company\/natural-poland","https:\/\/www.youtube.com\/channel\/UCgeGGkvOMahZo-xu_MSEWxg"]}]}},"_links":{"self":[{"href":"https:\/\/naturalpoland.com\/it\/wp-json\/wp\/v2\/product\/31955","targetHints":{"allow":["GET"]}}],"collection":[{"href":"https:\/\/naturalpoland.com\/it\/wp-json\/wp\/v2\/product"}],"about":[{"href":"https:\/\/naturalpoland.com\/it\/wp-json\/wp\/v2\/types\/product"}],"wp:featuredmedia":[{"embeddable":true,"href":"https:\/\/naturalpoland.com\/it\/wp-json\/wp\/v2\/media\/31945"}],"wp:attachment":[{"href":"https:\/\/naturalpoland.com\/it\/wp-json\/wp\/v2\/media?parent=31955"}],"wp:term":[{"taxonomy":"product_brand","embeddable":true,"href":"https:\/\/naturalpoland.com\/it\/wp-json\/wp\/v2\/product_brand?post=31955"},{"taxonomy":"product_cat","embeddable":true,"href":"https:\/\/naturalpoland.com\/it\/wp-json\/wp\/v2\/product_cat?post=31955"},{"taxonomy":"product_tag","embeddable":true,"href":"https:\/\/naturalpoland.com\/it\/wp-json\/wp\/v2\/product_tag?post=31955"}],"curies":[{"name":"wp","href":"https:\/\/api.w.org\/{rel}","templated":true}]}}