{"id":32371,"date":"2024-05-20T13:40:12","date_gmt":"2024-05-20T13:25:49","guid":{"rendered":"https:\/\/naturalpoland.com\/produkty\/senza-categoria\/idrolato-di-melanzana\/"},"modified":"2024-05-20T15:25:49","modified_gmt":"2024-05-20T13:25:49","slug":"idrolato-di-melanzana","status":"publish","type":"product","link":"https:\/\/naturalpoland.com\/it\/produkty\/prodotti-per-industria-cosmetica\/acque-floreali\/idrolato-di-melanzana\/","title":{"rendered":"Idrolato di bergamotto"},"content":{"rendered":"<p>L&#8217;idrolato di bergamotto \u00e8 ricco di composti come <strong><br \/>\n  <a href=\"https:\/\/naturalpoland.com\/artykuly\/produkty-naturalne\/czym-sa-i-jak-dzialaja-flawonoidy\/\">flavonoidi<\/a><br \/>\n<\/strong> e furanocumarine, che hanno propriet\u00e0 antiossidanti, antibatteriche e rinfrescanti. Grazie a queste propriet\u00e0, questo idrolato \u00e8 particolarmente indicato per le pelli grasse, miste e soggette a eczemi, poich\u00e9 ha un effetto purificante e normalizzante sulla produzione di sebo.<\/p>\n<h3>Propriet\u00e0 dell&#8217;idrolato di bergamotto<\/h3>\n<p>L&#8217;idrolato di bergamotto \u00e8 efficace per aiutare a rimuovere il sebo in eccesso e le impurit\u00e0 dalla superficie della pelle. Il suo utilizzo aiuta a ridurre l&#8217;aspetto delle imperfezioni e a migliorare le condizioni generali della pelle. Le sue propriet\u00e0 antibatteriche naturali favoriscono la riduzione dei batteri responsabili della formazione dell&#8217;acne.<\/p>\n<p>Come tonico naturale, l&#8217;idrolato di bergamotto rinfresca la pelle, lasciandola pulita e luminosa. Pu\u00f2 essere utilizzato durante la giornata come nebbia rinfrescante, per dare sollievo alla pelle stanca e stressata.<\/p>\n<p>L&#8217;aroma del bergamotto \u00e8 noto per le sue propriet\u00e0 rilassanti e che migliorano l&#8217;umore. L&#8217;uso dell&#8217;idrolato di bergamotto nella tua routine quotidiana di cura della pelle pu\u00f2 giovare non solo alla tua pelle, ma anche al tuo umore, aiutandoti ad alleviare la tensione e lo stress.<\/p>\n<h3>Applicazioni cosmetiche<\/h3>\n<p>L&#8217;idrolato di bergamotto \u00e8 ampiamente utilizzato nelle formulazioni cosmetiche, dai tonici ai gel detergenti, alle creme e alle maschere. \u00c8 particolarmente apprezzata nei prodotti per pelli problematiche, dove i suoi effetti antibatterici e seboregolatori possono migliorare significativamente l&#8217;aspetto e la salute della pelle. La sua gradevole fragranza lo rende anche un ingrediente desiderabile nei cosmetici per l&#8217;aromaterapia e nei prodotti profumati per la cura della pelle.<\/p>\n","protected":false},"excerpt":{"rendered":"<p>L&#8217;idrolato di bergamotto viene estratto dalla distillazione a vapore del frutto del bergamotto. Nell&#8217;industria cosmetica \u00e8 apprezzato per le sue propriet\u00e0 detergenti e rinfrescanti e per la sua esclusiva fragranza di limone, spesso associata al famoso profumo del t\u00e8 Earl Grey.<\/p>\n","protected":false},"featured_media":32322,"template":"","meta":{"_acf_changed":false},"product_brand":[],"product_cat":[3554],"product_tag":[],"class_list":{"0":"post-32371","1":"product","2":"type-product","3":"status-publish","4":"has-post-thumbnail","6":"product_cat-acque-floreali","7":"pa_grupa-substancji-distillati","9":"first","10":"instock","11":"shipping-taxable","12":"product-type-simple"},"acf":[],"yoast_head":"<!-- This site is optimized with the Yoast SEO plugin v27.4 - https:\/\/yoast.com\/product\/yoast-seo-wordpress\/ -->\n<title>Idrolato di bergamotto - NATURAL POLAND - Distributore all&#039;ingrosso di materie prime<\/title>\n<meta name=\"description\" content=\"L&#039;idrolato di bergamotto viene estratto dalla distillazione a vapore del frutto del bergamotto ed \u00e8 una materia prima molto apprezzata nella cosmesi naturale.\" \/>\n<meta name=\"robots\" content=\"index, follow, max-snippet:-1, max-image-preview:large, max-video-preview:-1\" \/>\n<link rel=\"canonical\" href=\"https:\/\/naturalpoland.com\/it\/produkty\/prodotti-per-industria-cosmetica\/acque-floreali\/idrolato-di-melanzana\/\" \/>\n<meta property=\"og:locale\" content=\"it_IT\" \/>\n<meta property=\"og:type\" content=\"article\" \/>\n<meta property=\"og:title\" content=\"Idrolato di bergamotto - NATURAL POLAND - Distributore all&#039;ingrosso di materie prime\" \/>\n<meta property=\"og:description\" content=\"L&#039;idrolato di bergamotto viene estratto dalla distillazione a vapore del frutto del bergamotto ed \u00e8 una materia prima molto apprezzata nella cosmesi naturale.\" \/>\n<meta property=\"og:url\" content=\"https:\/\/naturalpoland.com\/it\/produkty\/prodotti-per-industria-cosmetica\/acque-floreali\/idrolato-di-melanzana\/\" \/>\n<meta property=\"og:site_name\" content=\"NATURAL POLAND - Distributore all&#039;ingrosso di materie prime\" \/>\n<meta property=\"article:publisher\" content=\"https:\/\/www.facebook.com\/naturalpoland.b2b\" \/>\n<meta property=\"og:image\" content=\"https:\/\/naturalpoland.com\/wp-content\/uploads\/hydrolat-z-bergamotki.webp\" \/>\n\t<meta property=\"og:image:width\" content=\"614\" \/>\n\t<meta property=\"og:image:height\" content=\"614\" \/>\n\t<meta property=\"og:image:type\" content=\"image\/webp\" \/>\n<script type=\"application\/ld+json\" class=\"yoast-schema-graph\">{\"@context\":\"https:\\\/\\\/schema.org\",\"@graph\":[{\"@type\":\"WebPage\",\"@id\":\"https:\\\/\\\/naturalpoland.com\\\/it\\\/produkty\\\/prodotti-per-industria-cosmetica\\\/acque-floreali\\\/idrolato-di-melanzana\\\/\",\"url\":\"https:\\\/\\\/naturalpoland.com\\\/it\\\/produkty\\\/prodotti-per-industria-cosmetica\\\/acque-floreali\\\/idrolato-di-melanzana\\\/\",\"name\":\"Idrolato di bergamotto - NATURAL POLAND - Distributore all'ingrosso di materie prime\",\"isPartOf\":{\"@id\":\"https:\\\/\\\/naturalpoland.com\\\/it\\\/#website\"},\"primaryImageOfPage\":{\"@id\":\"https:\\\/\\\/naturalpoland.com\\\/it\\\/produkty\\\/prodotti-per-industria-cosmetica\\\/acque-floreali\\\/idrolato-di-melanzana\\\/#primaryimage\"},\"image\":{\"@id\":\"https:\\\/\\\/naturalpoland.com\\\/it\\\/produkty\\\/prodotti-per-industria-cosmetica\\\/acque-floreali\\\/idrolato-di-melanzana\\\/#primaryimage\"},\"thumbnailUrl\":\"https:\\\/\\\/naturalpoland.com\\\/wp-content\\\/uploads\\\/hydrolat-z-bergamotki.webp\",\"datePublished\":\"2024-05-20T13:25:49+00:00\",\"description\":\"L'idrolato di bergamotto viene estratto dalla distillazione a vapore del frutto del bergamotto ed \u00e8 una materia prima molto apprezzata nella cosmesi naturale.\",\"breadcrumb\":{\"@id\":\"https:\\\/\\\/naturalpoland.com\\\/it\\\/produkty\\\/prodotti-per-industria-cosmetica\\\/acque-floreali\\\/idrolato-di-melanzana\\\/#breadcrumb\"},\"inLanguage\":\"it-IT\",\"potentialAction\":[{\"@type\":\"ReadAction\",\"target\":[\"https:\\\/\\\/naturalpoland.com\\\/it\\\/produkty\\\/prodotti-per-industria-cosmetica\\\/acque-floreali\\\/idrolato-di-melanzana\\\/\"]}]},{\"@type\":\"ImageObject\",\"inLanguage\":\"it-IT\",\"@id\":\"https:\\\/\\\/naturalpoland.com\\\/it\\\/produkty\\\/prodotti-per-industria-cosmetica\\\/acque-floreali\\\/idrolato-di-melanzana\\\/#primaryimage\",\"url\":\"https:\\\/\\\/naturalpoland.com\\\/wp-content\\\/uploads\\\/hydrolat-z-bergamotki.webp\",\"contentUrl\":\"https:\\\/\\\/naturalpoland.com\\\/wp-content\\\/uploads\\\/hydrolat-z-bergamotki.webp\",\"width\":614,\"height\":614,\"caption\":\"hydrolat z bergamotki\"},{\"@type\":\"BreadcrumbList\",\"@id\":\"https:\\\/\\\/naturalpoland.com\\\/it\\\/produkty\\\/prodotti-per-industria-cosmetica\\\/acque-floreali\\\/idrolato-di-melanzana\\\/#breadcrumb\",\"itemListElement\":[{\"@type\":\"ListItem\",\"position\":1,\"name\":\"Home\",\"item\":\"https:\\\/\\\/naturalpoland.com\\\/it\\\/\"},{\"@type\":\"ListItem\",\"position\":2,\"name\":\"Prodotti\",\"item\":\"https:\\\/\\\/naturalpoland.com\\\/it\\\/prodotti\\\/\"},{\"@type\":\"ListItem\",\"position\":3,\"name\":\"Idrolato di bergamotto\"}]},{\"@type\":\"WebSite\",\"@id\":\"https:\\\/\\\/naturalpoland.com\\\/it\\\/#website\",\"url\":\"https:\\\/\\\/naturalpoland.com\\\/it\\\/\",\"name\":\"NATURAL POLAND - Distributore all'ingrosso di materie prime\",\"description\":\"Surowce dla przemys\u0142u spo\u017cywczego, kosmetycznego i farmaceutycznego\",\"publisher\":{\"@id\":\"https:\\\/\\\/naturalpoland.com\\\/it\\\/#organization\"},\"potentialAction\":[{\"@type\":\"SearchAction\",\"target\":{\"@type\":\"EntryPoint\",\"urlTemplate\":\"https:\\\/\\\/naturalpoland.com\\\/it\\\/?s={search_term_string}\"},\"query-input\":{\"@type\":\"PropertyValueSpecification\",\"valueRequired\":true,\"valueName\":\"search_term_string\"}}],\"inLanguage\":\"it-IT\"},{\"@type\":\"Organization\",\"@id\":\"https:\\\/\\\/naturalpoland.com\\\/it\\\/#organization\",\"name\":\"Natural Poland\",\"url\":\"https:\\\/\\\/naturalpoland.com\\\/it\\\/\",\"logo\":{\"@type\":\"ImageObject\",\"inLanguage\":\"it-IT\",\"@id\":\"https:\\\/\\\/naturalpoland.com\\\/it\\\/#\\\/schema\\\/logo\\\/image\\\/\",\"url\":\"https:\\\/\\\/naturalpoland.com\\\/wp-content\\\/uploads\\\/2021\\\/05\\\/natural-poland-icon.png\",\"contentUrl\":\"https:\\\/\\\/naturalpoland.com\\\/wp-content\\\/uploads\\\/2021\\\/05\\\/natural-poland-icon.png\",\"width\":512,\"height\":512,\"caption\":\"Natural Poland\"},\"image\":{\"@id\":\"https:\\\/\\\/naturalpoland.com\\\/it\\\/#\\\/schema\\\/logo\\\/image\\\/\"},\"sameAs\":[\"https:\\\/\\\/www.facebook.com\\\/naturalpoland.b2b\",\"https:\\\/\\\/pl.linkedin.com\\\/company\\\/natural-poland\",\"https:\\\/\\\/www.youtube.com\\\/channel\\\/UCgeGGkvOMahZo-xu_MSEWxg\"]}]}<\/script>\n<!-- \/ Yoast SEO plugin. -->","yoast_head_json":{"title":"Idrolato di bergamotto - NATURAL POLAND - Distributore all'ingrosso di materie prime","description":"L'idrolato di bergamotto viene estratto dalla distillazione a vapore del frutto del bergamotto ed \u00e8 una materia prima molto apprezzata nella cosmesi naturale.","robots":{"index":"index","follow":"follow","max-snippet":"max-snippet:-1","max-image-preview":"max-image-preview:large","max-video-preview":"max-video-preview:-1"},"canonical":"https:\/\/naturalpoland.com\/it\/produkty\/prodotti-per-industria-cosmetica\/acque-floreali\/idrolato-di-melanzana\/","og_locale":"it_IT","og_type":"article","og_title":"Idrolato di bergamotto - NATURAL POLAND - Distributore all'ingrosso di materie prime","og_description":"L'idrolato di bergamotto viene estratto dalla distillazione a vapore del frutto del bergamotto ed \u00e8 una materia prima molto apprezzata nella cosmesi naturale.","og_url":"https:\/\/naturalpoland.com\/it\/produkty\/prodotti-per-industria-cosmetica\/acque-floreali\/idrolato-di-melanzana\/","og_site_name":"NATURAL POLAND - Distributore all'ingrosso di materie prime","article_publisher":"https:\/\/www.facebook.com\/naturalpoland.b2b","og_image":[{"width":614,"height":614,"url":"https:\/\/naturalpoland.com\/wp-content\/uploads\/hydrolat-z-bergamotki.webp","type":"image\/webp"}],"schema":{"@context":"https:\/\/schema.org","@graph":[{"@type":"WebPage","@id":"https:\/\/naturalpoland.com\/it\/produkty\/prodotti-per-industria-cosmetica\/acque-floreali\/idrolato-di-melanzana\/","url":"https:\/\/naturalpoland.com\/it\/produkty\/prodotti-per-industria-cosmetica\/acque-floreali\/idrolato-di-melanzana\/","name":"Idrolato di bergamotto - NATURAL POLAND - Distributore all'ingrosso di materie prime","isPartOf":{"@id":"https:\/\/naturalpoland.com\/it\/#website"},"primaryImageOfPage":{"@id":"https:\/\/naturalpoland.com\/it\/produkty\/prodotti-per-industria-cosmetica\/acque-floreali\/idrolato-di-melanzana\/#primaryimage"},"image":{"@id":"https:\/\/naturalpoland.com\/it\/produkty\/prodotti-per-industria-cosmetica\/acque-floreali\/idrolato-di-melanzana\/#primaryimage"},"thumbnailUrl":"https:\/\/naturalpoland.com\/wp-content\/uploads\/hydrolat-z-bergamotki.webp","datePublished":"2024-05-20T13:25:49+00:00","description":"L'idrolato di bergamotto viene estratto dalla distillazione a vapore del frutto del bergamotto ed \u00e8 una materia prima molto apprezzata nella cosmesi naturale.","breadcrumb":{"@id":"https:\/\/naturalpoland.com\/it\/produkty\/prodotti-per-industria-cosmetica\/acque-floreali\/idrolato-di-melanzana\/#breadcrumb"},"inLanguage":"it-IT","potentialAction":[{"@type":"ReadAction","target":["https:\/\/naturalpoland.com\/it\/produkty\/prodotti-per-industria-cosmetica\/acque-floreali\/idrolato-di-melanzana\/"]}]},{"@type":"ImageObject","inLanguage":"it-IT","@id":"https:\/\/naturalpoland.com\/it\/produkty\/prodotti-per-industria-cosmetica\/acque-floreali\/idrolato-di-melanzana\/#primaryimage","url":"https:\/\/naturalpoland.com\/wp-content\/uploads\/hydrolat-z-bergamotki.webp","contentUrl":"https:\/\/naturalpoland.com\/wp-content\/uploads\/hydrolat-z-bergamotki.webp","width":614,"height":614,"caption":"hydrolat z bergamotki"},{"@type":"BreadcrumbList","@id":"https:\/\/naturalpoland.com\/it\/produkty\/prodotti-per-industria-cosmetica\/acque-floreali\/idrolato-di-melanzana\/#breadcrumb","itemListElement":[{"@type":"ListItem","position":1,"name":"Home","item":"https:\/\/naturalpoland.com\/it\/"},{"@type":"ListItem","position":2,"name":"Prodotti","item":"https:\/\/naturalpoland.com\/it\/prodotti\/"},{"@type":"ListItem","position":3,"name":"Idrolato di bergamotto"}]},{"@type":"WebSite","@id":"https:\/\/naturalpoland.com\/it\/#website","url":"https:\/\/naturalpoland.com\/it\/","name":"NATURAL POLAND - Distributore all'ingrosso di materie prime","description":"Surowce dla przemys\u0142u spo\u017cywczego, kosmetycznego i farmaceutycznego","publisher":{"@id":"https:\/\/naturalpoland.com\/it\/#organization"},"potentialAction":[{"@type":"SearchAction","target":{"@type":"EntryPoint","urlTemplate":"https:\/\/naturalpoland.com\/it\/?s={search_term_string}"},"query-input":{"@type":"PropertyValueSpecification","valueRequired":true,"valueName":"search_term_string"}}],"inLanguage":"it-IT"},{"@type":"Organization","@id":"https:\/\/naturalpoland.com\/it\/#organization","name":"Natural Poland","url":"https:\/\/naturalpoland.com\/it\/","logo":{"@type":"ImageObject","inLanguage":"it-IT","@id":"https:\/\/naturalpoland.com\/it\/#\/schema\/logo\/image\/","url":"https:\/\/naturalpoland.com\/wp-content\/uploads\/2021\/05\/natural-poland-icon.png","contentUrl":"https:\/\/naturalpoland.com\/wp-content\/uploads\/2021\/05\/natural-poland-icon.png","width":512,"height":512,"caption":"Natural Poland"},"image":{"@id":"https:\/\/naturalpoland.com\/it\/#\/schema\/logo\/image\/"},"sameAs":["https:\/\/www.facebook.com\/naturalpoland.b2b","https:\/\/pl.linkedin.com\/company\/natural-poland","https:\/\/www.youtube.com\/channel\/UCgeGGkvOMahZo-xu_MSEWxg"]}]}},"_links":{"self":[{"href":"https:\/\/naturalpoland.com\/it\/wp-json\/wp\/v2\/product\/32371","targetHints":{"allow":["GET"]}}],"collection":[{"href":"https:\/\/naturalpoland.com\/it\/wp-json\/wp\/v2\/product"}],"about":[{"href":"https:\/\/naturalpoland.com\/it\/wp-json\/wp\/v2\/types\/product"}],"wp:featuredmedia":[{"embeddable":true,"href":"https:\/\/naturalpoland.com\/it\/wp-json\/wp\/v2\/media\/32322"}],"wp:attachment":[{"href":"https:\/\/naturalpoland.com\/it\/wp-json\/wp\/v2\/media?parent=32371"}],"wp:term":[{"taxonomy":"product_brand","embeddable":true,"href":"https:\/\/naturalpoland.com\/it\/wp-json\/wp\/v2\/product_brand?post=32371"},{"taxonomy":"product_cat","embeddable":true,"href":"https:\/\/naturalpoland.com\/it\/wp-json\/wp\/v2\/product_cat?post=32371"},{"taxonomy":"product_tag","embeddable":true,"href":"https:\/\/naturalpoland.com\/it\/wp-json\/wp\/v2\/product_tag?post=32371"}],"curies":[{"name":"wp","href":"https:\/\/api.w.org\/{rel}","templated":true}]}}