{"id":32673,"date":"2024-06-07T15:05:44","date_gmt":"2024-06-13T11:28:54","guid":{"rendered":"https:\/\/naturalpoland.com\/produkty\/senza-categoria\/d-pantenolo-75\/"},"modified":"2024-06-13T13:28:54","modified_gmt":"2024-06-13T11:28:54","slug":"d-pantenolo-75","status":"publish","type":"product","link":"https:\/\/naturalpoland.com\/it\/produkty\/prodotti-per-industria-farmaceutica-e-medica\/vitamine-it\/d-pantenolo-75\/","title":{"rendered":"D-Pantenolo 75%"},"content":{"rendered":"<h3>Propriet\u00e0 del D-Pantenolo<\/h3>\n<p>La Provitamina B5 \u00e8 <strong>igroscopica<\/strong>, ovvero ha la capacit\u00e0 unica di<strong> attrarre e trattenere l&#8217;acqua. <\/strong>Questo la rende un eccellente idratante. rendendo la pelle pi\u00f9 morbida, elastica e liscia.<\/p>\n<p>La materia prima \u00e8 molto <strong>stabile dal punto di vista chimico<\/strong>. Mantiene le sue propriet\u00e0 in diverse formulazioni cosmetiche, rendendola un&#8217;aggiunta ideale a molti prodotti per la cura della pelle.<\/p>\n<p>Grazie alla sua struttura molecolare, il D-Pantenolo penetra facilmente in profondit\u00e0 nella pelle e nei capelli, aumentando la sua efficacia e garantendo risultati duraturi.<\/p>\n<h3>Effetto del D-Pantenolo<\/h3>\n<p>Il D-Pantenolo agisce come idratante, attirando l&#8217;acqua sulla pelle e sui capelli e aiutando a mantenere i livelli di idratazione. L&#8217;uso regolare del D-Pantenolo previene la secchezza, migliora la consistenza di pelle e capelli e dona loro una sana lucentezza. Nella pelle, il D-Pantenolo viene convertito in acido pantotenico, che favorisce i processi di rigenerazione delle cellule cutanee. Accelera la guarigione di ferite minori, abrasioni e irritazioni, rendendolo un ingrediente indispensabile nei prodotti lenitivi e rigeneranti.<\/p>\n<p>Il D-Pantenolo ha anche un effetto lenitivo e calmante. Viene utilizzato nei prodotti per pelli sensibili, irritate e soggette ad allergie. Aiuta a ridurre gli arrossamenti e a dare sollievo alle irritazioni.<\/p>\n<p>L&#8217;uso regolare di D-Pantenolo pu\u00f2 migliorare significativamente l&#8217;elasticit\u00e0 della pelle, riducendo la sensazione di secchezza e ruvidit\u00e0. La pelle diventa pi\u00f9 soda e pi\u00f9 resistente ai danni.<\/p>\n<p>Nei cosmetici per capelli, il D-Pantenolo ha un effetto rinforzante, migliorando la struttura del capello, aumentandone l&#8217;elasticit\u00e0 e la resistenza ai danni meccanici. I capelli diventano pi\u00f9 lucidi, pi\u00f9 forti e meno soggetti a rotture.<\/p>\n<h3>Applicazione del D-Pantenolo<\/h3>\n<p><strong>Cosmetici per la cura della pelle<\/strong><\/p>\n<p>Creme, lozioni, sieri, unguenti lenitivi: il D-Pantenolo \u00e8 un ingrediente che funziona bene in tutti questi prodotti, grazie alle sue versatili propriet\u00e0 idratanti e rigeneranti.<\/p>\n<p><strong>Cosmetici per capelli<\/strong><\/p>\n<p>Shampoo, balsami, maschere per capelli &#8211; il D-Pantenolo rafforza i capelli, ne migliora la struttura e dona loro una sana lucentezza, motivo per cui \u00e8 ampiamente utilizzato nei prodotti per la cura dei capelli.<\/p>\n<p><strong>Prodotti doposole<\/strong><\/p>\n<p>Il D-Pantenolo lenisce le scottature e favorisce la rigenerazione della pelle, quindi viene spesso aggiunto ai prodotti doposole.<\/p>\n<p><strong>Prodotti per bambini<\/strong><\/p>\n<p>Creme per l&#8217;eritema da pannolino, unguenti lenitivi per il pannolino &#8211; Il D-Pantenolo \u00e8 un ingrediente sicuro ed efficace, che lo rende ideale per l&#8217;uso nei prodotti per bambini.<\/p>\n<h3>Sicurezza<\/h3>\n<p>\u00c8 un ingrediente ben tollerato dalla maggior parte dei tipi di pelle e capelli. Grazie alle sue propriet\u00e0 versatili, \u00e8 raccomandato da dermatologi e cosmetologi come ingrediente sicuro ed efficace.<\/p>\n","protected":false},"excerpt":{"rendered":"<p>Il <strong>D-Pantenolo<\/strong>, noto anche come <strong>pro-vitamina B5<\/strong>, \u00e8 un ingrediente chiave ampiamente utilizzato nei cosmetici e nei prodotti per la cura della pelle e dei capelli. Questa forma stabile e alcolica di acido pantotenico penetra facilmente nella pelle e nei capelli, dove viene convertita nella sua forma attiva, l&#8217;acido pantotenico (vitamina B5).<\/p>\n<h3><\/h3>\n","protected":false},"featured_media":32590,"template":"","meta":[],"product_brand":[],"product_cat":[1522,1532],"product_tag":[],"class_list":{"0":"post-32673","1":"product","2":"type-product","3":"status-publish","4":"has-post-thumbnail","6":"product_cat-materie-prime-cosmetiche","7":"product_cat-vitamine-it","8":"pa_grupa-substancji-alcoli","10":"first","11":"instock","12":"shipping-taxable","13":"product-type-simple"},"yoast_head":"<!-- This site is optimized with the Yoast SEO plugin v27.3 - https:\/\/yoast.com\/product\/yoast-seo-wordpress\/ -->\n<title>D-Pantenolo 75% - NATURAL POLAND - Distributore all&#039;ingrosso di materie prime<\/title>\n<meta name=\"description\" content=\"Il D-Pantenolo 75% \u00e8 un ingrediente indispensabile nei cosmetici moderni, con effetti idratanti, rigeneranti e lenitivi.\" \/>\n<meta name=\"robots\" content=\"index, follow, max-snippet:-1, max-image-preview:large, max-video-preview:-1\" \/>\n<link rel=\"canonical\" href=\"https:\/\/naturalpoland.com\/it\/produkty\/prodotti-per-industria-farmaceutica-e-medica\/vitamine-it\/d-pantenolo-75\/\" \/>\n<meta property=\"og:locale\" content=\"it_IT\" \/>\n<meta property=\"og:type\" content=\"article\" \/>\n<meta property=\"og:title\" content=\"D-Pantenolo 75% - NATURAL POLAND - Distributore all&#039;ingrosso di materie prime\" \/>\n<meta property=\"og:description\" content=\"Il D-Pantenolo 75% \u00e8 un ingrediente indispensabile nei cosmetici moderni, con effetti idratanti, rigeneranti e lenitivi.\" \/>\n<meta property=\"og:url\" content=\"https:\/\/naturalpoland.com\/it\/produkty\/prodotti-per-industria-farmaceutica-e-medica\/vitamine-it\/d-pantenolo-75\/\" \/>\n<meta property=\"og:site_name\" content=\"NATURAL POLAND - Distributore all&#039;ingrosso di materie prime\" \/>\n<meta property=\"article:publisher\" content=\"https:\/\/www.facebook.com\/naturalpoland.b2b\" \/>\n<meta property=\"og:image\" content=\"https:\/\/naturalpoland.com\/wp-content\/uploads\/dpanthenol.webp\" \/>\n\t<meta property=\"og:image:width\" content=\"607\" \/>\n\t<meta property=\"og:image:height\" content=\"607\" \/>\n\t<meta property=\"og:image:type\" content=\"image\/webp\" \/>\n<script type=\"application\/ld+json\" class=\"yoast-schema-graph\">{\"@context\":\"https:\\\/\\\/schema.org\",\"@graph\":[{\"@type\":\"WebPage\",\"@id\":\"https:\\\/\\\/naturalpoland.com\\\/it\\\/produkty\\\/prodotti-per-industria-farmaceutica-e-medica\\\/vitamine-it\\\/d-pantenolo-75\\\/\",\"url\":\"https:\\\/\\\/naturalpoland.com\\\/it\\\/produkty\\\/prodotti-per-industria-farmaceutica-e-medica\\\/vitamine-it\\\/d-pantenolo-75\\\/\",\"name\":\"D-Pantenolo 75% - NATURAL POLAND - Distributore all'ingrosso di materie prime\",\"isPartOf\":{\"@id\":\"https:\\\/\\\/naturalpoland.com\\\/it\\\/#website\"},\"primaryImageOfPage\":{\"@id\":\"https:\\\/\\\/naturalpoland.com\\\/it\\\/produkty\\\/prodotti-per-industria-farmaceutica-e-medica\\\/vitamine-it\\\/d-pantenolo-75\\\/#primaryimage\"},\"image\":{\"@id\":\"https:\\\/\\\/naturalpoland.com\\\/it\\\/produkty\\\/prodotti-per-industria-farmaceutica-e-medica\\\/vitamine-it\\\/d-pantenolo-75\\\/#primaryimage\"},\"thumbnailUrl\":\"https:\\\/\\\/naturalpoland.com\\\/wp-content\\\/uploads\\\/dpanthenol.webp\",\"datePublished\":\"2024-06-13T11:28:54+00:00\",\"description\":\"Il D-Pantenolo 75% \u00e8 un ingrediente indispensabile nei cosmetici moderni, con effetti idratanti, rigeneranti e lenitivi.\",\"breadcrumb\":{\"@id\":\"https:\\\/\\\/naturalpoland.com\\\/it\\\/produkty\\\/prodotti-per-industria-farmaceutica-e-medica\\\/vitamine-it\\\/d-pantenolo-75\\\/#breadcrumb\"},\"inLanguage\":\"it-IT\",\"potentialAction\":[{\"@type\":\"ReadAction\",\"target\":[\"https:\\\/\\\/naturalpoland.com\\\/it\\\/produkty\\\/prodotti-per-industria-farmaceutica-e-medica\\\/vitamine-it\\\/d-pantenolo-75\\\/\"]}]},{\"@type\":\"ImageObject\",\"inLanguage\":\"it-IT\",\"@id\":\"https:\\\/\\\/naturalpoland.com\\\/it\\\/produkty\\\/prodotti-per-industria-farmaceutica-e-medica\\\/vitamine-it\\\/d-pantenolo-75\\\/#primaryimage\",\"url\":\"https:\\\/\\\/naturalpoland.com\\\/wp-content\\\/uploads\\\/dpanthenol.webp\",\"contentUrl\":\"https:\\\/\\\/naturalpoland.com\\\/wp-content\\\/uploads\\\/dpanthenol.webp\",\"width\":607,\"height\":607,\"caption\":\"d-panthenol\"},{\"@type\":\"BreadcrumbList\",\"@id\":\"https:\\\/\\\/naturalpoland.com\\\/it\\\/produkty\\\/prodotti-per-industria-farmaceutica-e-medica\\\/vitamine-it\\\/d-pantenolo-75\\\/#breadcrumb\",\"itemListElement\":[{\"@type\":\"ListItem\",\"position\":1,\"name\":\"Home\",\"item\":\"https:\\\/\\\/naturalpoland.com\\\/it\\\/\"},{\"@type\":\"ListItem\",\"position\":2,\"name\":\"Prodotti\",\"item\":\"https:\\\/\\\/naturalpoland.com\\\/it\\\/prodotti\\\/\"},{\"@type\":\"ListItem\",\"position\":3,\"name\":\"D-Pantenolo 75%\"}]},{\"@type\":\"WebSite\",\"@id\":\"https:\\\/\\\/naturalpoland.com\\\/it\\\/#website\",\"url\":\"https:\\\/\\\/naturalpoland.com\\\/it\\\/\",\"name\":\"NATURAL POLAND - Distributore all'ingrosso di materie prime\",\"description\":\"Surowce dla przemys\u0142u spo\u017cywczego, kosmetycznego i farmaceutycznego\",\"publisher\":{\"@id\":\"https:\\\/\\\/naturalpoland.com\\\/it\\\/#organization\"},\"potentialAction\":[{\"@type\":\"SearchAction\",\"target\":{\"@type\":\"EntryPoint\",\"urlTemplate\":\"https:\\\/\\\/naturalpoland.com\\\/it\\\/?s={search_term_string}\"},\"query-input\":{\"@type\":\"PropertyValueSpecification\",\"valueRequired\":true,\"valueName\":\"search_term_string\"}}],\"inLanguage\":\"it-IT\"},{\"@type\":\"Organization\",\"@id\":\"https:\\\/\\\/naturalpoland.com\\\/it\\\/#organization\",\"name\":\"Natural Poland\",\"url\":\"https:\\\/\\\/naturalpoland.com\\\/it\\\/\",\"logo\":{\"@type\":\"ImageObject\",\"inLanguage\":\"it-IT\",\"@id\":\"https:\\\/\\\/naturalpoland.com\\\/it\\\/#\\\/schema\\\/logo\\\/image\\\/\",\"url\":\"https:\\\/\\\/naturalpoland.com\\\/wp-content\\\/uploads\\\/2021\\\/05\\\/natural-poland-icon.png\",\"contentUrl\":\"https:\\\/\\\/naturalpoland.com\\\/wp-content\\\/uploads\\\/2021\\\/05\\\/natural-poland-icon.png\",\"width\":512,\"height\":512,\"caption\":\"Natural Poland\"},\"image\":{\"@id\":\"https:\\\/\\\/naturalpoland.com\\\/it\\\/#\\\/schema\\\/logo\\\/image\\\/\"},\"sameAs\":[\"https:\\\/\\\/www.facebook.com\\\/naturalpoland.b2b\",\"https:\\\/\\\/pl.linkedin.com\\\/company\\\/natural-poland\",\"https:\\\/\\\/www.youtube.com\\\/channel\\\/UCgeGGkvOMahZo-xu_MSEWxg\"]}]}<\/script>\n<!-- \/ Yoast SEO plugin. -->","yoast_head_json":{"title":"D-Pantenolo 75% - NATURAL POLAND - Distributore all'ingrosso di materie prime","description":"Il D-Pantenolo 75% \u00e8 un ingrediente indispensabile nei cosmetici moderni, con effetti idratanti, rigeneranti e lenitivi.","robots":{"index":"index","follow":"follow","max-snippet":"max-snippet:-1","max-image-preview":"max-image-preview:large","max-video-preview":"max-video-preview:-1"},"canonical":"https:\/\/naturalpoland.com\/it\/produkty\/prodotti-per-industria-farmaceutica-e-medica\/vitamine-it\/d-pantenolo-75\/","og_locale":"it_IT","og_type":"article","og_title":"D-Pantenolo 75% - NATURAL POLAND - Distributore all'ingrosso di materie prime","og_description":"Il D-Pantenolo 75% \u00e8 un ingrediente indispensabile nei cosmetici moderni, con effetti idratanti, rigeneranti e lenitivi.","og_url":"https:\/\/naturalpoland.com\/it\/produkty\/prodotti-per-industria-farmaceutica-e-medica\/vitamine-it\/d-pantenolo-75\/","og_site_name":"NATURAL POLAND - Distributore all'ingrosso di materie prime","article_publisher":"https:\/\/www.facebook.com\/naturalpoland.b2b","og_image":[{"width":607,"height":607,"url":"https:\/\/naturalpoland.com\/wp-content\/uploads\/dpanthenol.webp","type":"image\/webp"}],"schema":{"@context":"https:\/\/schema.org","@graph":[{"@type":"WebPage","@id":"https:\/\/naturalpoland.com\/it\/produkty\/prodotti-per-industria-farmaceutica-e-medica\/vitamine-it\/d-pantenolo-75\/","url":"https:\/\/naturalpoland.com\/it\/produkty\/prodotti-per-industria-farmaceutica-e-medica\/vitamine-it\/d-pantenolo-75\/","name":"D-Pantenolo 75% - NATURAL POLAND - Distributore all'ingrosso di materie prime","isPartOf":{"@id":"https:\/\/naturalpoland.com\/it\/#website"},"primaryImageOfPage":{"@id":"https:\/\/naturalpoland.com\/it\/produkty\/prodotti-per-industria-farmaceutica-e-medica\/vitamine-it\/d-pantenolo-75\/#primaryimage"},"image":{"@id":"https:\/\/naturalpoland.com\/it\/produkty\/prodotti-per-industria-farmaceutica-e-medica\/vitamine-it\/d-pantenolo-75\/#primaryimage"},"thumbnailUrl":"https:\/\/naturalpoland.com\/wp-content\/uploads\/dpanthenol.webp","datePublished":"2024-06-13T11:28:54+00:00","description":"Il D-Pantenolo 75% \u00e8 un ingrediente indispensabile nei cosmetici moderni, con effetti idratanti, rigeneranti e lenitivi.","breadcrumb":{"@id":"https:\/\/naturalpoland.com\/it\/produkty\/prodotti-per-industria-farmaceutica-e-medica\/vitamine-it\/d-pantenolo-75\/#breadcrumb"},"inLanguage":"it-IT","potentialAction":[{"@type":"ReadAction","target":["https:\/\/naturalpoland.com\/it\/produkty\/prodotti-per-industria-farmaceutica-e-medica\/vitamine-it\/d-pantenolo-75\/"]}]},{"@type":"ImageObject","inLanguage":"it-IT","@id":"https:\/\/naturalpoland.com\/it\/produkty\/prodotti-per-industria-farmaceutica-e-medica\/vitamine-it\/d-pantenolo-75\/#primaryimage","url":"https:\/\/naturalpoland.com\/wp-content\/uploads\/dpanthenol.webp","contentUrl":"https:\/\/naturalpoland.com\/wp-content\/uploads\/dpanthenol.webp","width":607,"height":607,"caption":"d-panthenol"},{"@type":"BreadcrumbList","@id":"https:\/\/naturalpoland.com\/it\/produkty\/prodotti-per-industria-farmaceutica-e-medica\/vitamine-it\/d-pantenolo-75\/#breadcrumb","itemListElement":[{"@type":"ListItem","position":1,"name":"Home","item":"https:\/\/naturalpoland.com\/it\/"},{"@type":"ListItem","position":2,"name":"Prodotti","item":"https:\/\/naturalpoland.com\/it\/prodotti\/"},{"@type":"ListItem","position":3,"name":"D-Pantenolo 75%"}]},{"@type":"WebSite","@id":"https:\/\/naturalpoland.com\/it\/#website","url":"https:\/\/naturalpoland.com\/it\/","name":"NATURAL POLAND - Distributore all'ingrosso di materie prime","description":"Surowce dla przemys\u0142u spo\u017cywczego, kosmetycznego i farmaceutycznego","publisher":{"@id":"https:\/\/naturalpoland.com\/it\/#organization"},"potentialAction":[{"@type":"SearchAction","target":{"@type":"EntryPoint","urlTemplate":"https:\/\/naturalpoland.com\/it\/?s={search_term_string}"},"query-input":{"@type":"PropertyValueSpecification","valueRequired":true,"valueName":"search_term_string"}}],"inLanguage":"it-IT"},{"@type":"Organization","@id":"https:\/\/naturalpoland.com\/it\/#organization","name":"Natural Poland","url":"https:\/\/naturalpoland.com\/it\/","logo":{"@type":"ImageObject","inLanguage":"it-IT","@id":"https:\/\/naturalpoland.com\/it\/#\/schema\/logo\/image\/","url":"https:\/\/naturalpoland.com\/wp-content\/uploads\/2021\/05\/natural-poland-icon.png","contentUrl":"https:\/\/naturalpoland.com\/wp-content\/uploads\/2021\/05\/natural-poland-icon.png","width":512,"height":512,"caption":"Natural Poland"},"image":{"@id":"https:\/\/naturalpoland.com\/it\/#\/schema\/logo\/image\/"},"sameAs":["https:\/\/www.facebook.com\/naturalpoland.b2b","https:\/\/pl.linkedin.com\/company\/natural-poland","https:\/\/www.youtube.com\/channel\/UCgeGGkvOMahZo-xu_MSEWxg"]}]}},"_links":{"self":[{"href":"https:\/\/naturalpoland.com\/it\/wp-json\/wp\/v2\/product\/32673","targetHints":{"allow":["GET"]}}],"collection":[{"href":"https:\/\/naturalpoland.com\/it\/wp-json\/wp\/v2\/product"}],"about":[{"href":"https:\/\/naturalpoland.com\/it\/wp-json\/wp\/v2\/types\/product"}],"wp:featuredmedia":[{"embeddable":true,"href":"https:\/\/naturalpoland.com\/it\/wp-json\/wp\/v2\/media\/32590"}],"wp:attachment":[{"href":"https:\/\/naturalpoland.com\/it\/wp-json\/wp\/v2\/media?parent=32673"}],"wp:term":[{"taxonomy":"product_brand","embeddable":true,"href":"https:\/\/naturalpoland.com\/it\/wp-json\/wp\/v2\/product_brand?post=32673"},{"taxonomy":"product_cat","embeddable":true,"href":"https:\/\/naturalpoland.com\/it\/wp-json\/wp\/v2\/product_cat?post=32673"},{"taxonomy":"product_tag","embeddable":true,"href":"https:\/\/naturalpoland.com\/it\/wp-json\/wp\/v2\/product_tag?post=32673"}],"curies":[{"name":"wp","href":"https:\/\/api.w.org\/{rel}","templated":true}]}}