{"id":33495,"date":"2024-07-09T13:48:53","date_gmt":"2024-07-10T08:29:50","guid":{"rendered":"https:\/\/naturalpoland.com\/produkty\/senza-categoria\/riso-maca\/"},"modified":"2024-07-10T10:29:50","modified_gmt":"2024-07-10T08:29:50","slug":"riso-maca","status":"publish","type":"product","link":"https:\/\/naturalpoland.com\/it\/produkty\/prodotti-per-industria-alimentare\/materie-prime-per-produzione\/riso-maca\/","title":{"rendered":"Farina di riso"},"content":{"rendered":"<h2>Propriet\u00e0<\/h2>\n<p>La farina di riso ha il tipico colore bianco e la consistenza fluida del riso. Si distingue per il suo gusto neutro, che si fonde perfettamente con vari ingredienti senza alterarne il sapore naturale. Non ha odori o retrogusti estranei, il che lo rende ideale per un&#8217;ampia gamma di applicazioni culinarie.<\/p>\n<h2>Applicazione<\/h2>\n<p>La farina di riso \u00e8 estremamente versatile: \u00e8 ottima come addensante per zuppe e salse, oltre che come ingrediente di prodotti da forno come pane, torte e pasta. \u00c8 anche una scelta popolare per i piatti asiatici, tra cui i noodles e vari tipi di torte di riso. Inoltre, la farina di riso viene utilizzata nella produzione di birra senza glutine e come sostituto di altre farine nelle ricette per celiaci.<\/p>\n<h2>Valori nutrizionali<\/h2>\n<p>La farina di riso \u00e8 una ricca fonte di carboidrati che la rendono un componente energetico della dieta. Contiene una piccola quantit\u00e0 di proteine e grassi, oltre a fibre che favoriscono la digestione. Si tratta di un prodotto a basso contenuto di grassi e con un contenuto minimo di sodio, che lo rende adatto anche alle persone con restrizioni dietetiche sull&#8217;assunzione di sale.<\/p>\n","protected":false},"excerpt":{"rendered":"<p>La farina di riso, ottenuta dai chicchi di riso, \u00e8 un apprezzato ingrediente culinario dei Paesi Bassi. Si tratta di un prodotto naturale sotto forma di polvere bianca e scorrevole che rappresenta una sana alternativa alle farine tradizionali contenenti glutine.<\/p>\n<p>&nbsp;<\/p>\n","protected":false},"featured_media":33391,"template":"","meta":{"_acf_changed":false},"product_brand":[],"product_cat":[1516,1515],"product_tag":[],"class_list":{"0":"post-33495","1":"product","2":"type-product","3":"status-publish","4":"has-post-thumbnail","6":"product_cat-materie-prime-per-produzione","7":"product_cat-prodotti-pronti","9":"first","10":"instock","11":"shipping-taxable","12":"product-type-simple"},"acf":[],"yoast_head":"<!-- This site is optimized with the Yoast SEO plugin v27.5 - https:\/\/yoast.com\/product\/yoast-seo-wordpress\/ -->\n<title>Farina di riso - NATURAL POLAND - Distributore all&#039;ingrosso di materie prime<\/title>\n<meta name=\"description\" content=\"La farina di riso \u00e8 una ricca fonte di carboidrati che la rendono un componente energetico della dieta. Contiene una piccola quantit\u00e0 di proteine e grassi, oltre a fibre.\" \/>\n<meta name=\"robots\" content=\"index, follow, max-snippet:-1, max-image-preview:large, max-video-preview:-1\" \/>\n<link rel=\"canonical\" href=\"https:\/\/naturalpoland.com\/it\/produkty\/prodotti-per-industria-alimentare\/materie-prime-per-produzione\/riso-maca\/\" \/>\n<meta property=\"og:locale\" content=\"it_IT\" \/>\n<meta property=\"og:type\" content=\"article\" \/>\n<meta property=\"og:title\" content=\"Farina di riso - NATURAL POLAND - Distributore all&#039;ingrosso di materie prime\" \/>\n<meta property=\"og:description\" content=\"La farina di riso \u00e8 una ricca fonte di carboidrati che la rendono un componente energetico della dieta. Contiene una piccola quantit\u00e0 di proteine e grassi, oltre a fibre.\" \/>\n<meta property=\"og:url\" content=\"https:\/\/naturalpoland.com\/it\/produkty\/prodotti-per-industria-alimentare\/materie-prime-per-produzione\/riso-maca\/\" \/>\n<meta property=\"og:site_name\" content=\"NATURAL POLAND - Distributore all&#039;ingrosso di materie prime\" \/>\n<meta property=\"article:publisher\" content=\"https:\/\/www.facebook.com\/naturalpoland.b2b\" \/>\n<meta property=\"og:image\" content=\"https:\/\/naturalpoland.com\/wp-content\/uploads\/maka-ryzowa-1.webp\" \/>\n\t<meta property=\"og:image:width\" content=\"350\" \/>\n\t<meta property=\"og:image:height\" content=\"350\" \/>\n\t<meta property=\"og:image:type\" content=\"image\/webp\" \/>\n<script type=\"application\/ld+json\" class=\"yoast-schema-graph\">{\"@context\":\"https:\\\/\\\/schema.org\",\"@graph\":[{\"@type\":\"WebPage\",\"@id\":\"https:\\\/\\\/naturalpoland.com\\\/it\\\/produkty\\\/prodotti-per-industria-alimentare\\\/materie-prime-per-produzione\\\/riso-maca\\\/\",\"url\":\"https:\\\/\\\/naturalpoland.com\\\/it\\\/produkty\\\/prodotti-per-industria-alimentare\\\/materie-prime-per-produzione\\\/riso-maca\\\/\",\"name\":\"Farina di riso - NATURAL POLAND - Distributore all'ingrosso di materie prime\",\"isPartOf\":{\"@id\":\"https:\\\/\\\/naturalpoland.com\\\/it\\\/#website\"},\"primaryImageOfPage\":{\"@id\":\"https:\\\/\\\/naturalpoland.com\\\/it\\\/produkty\\\/prodotti-per-industria-alimentare\\\/materie-prime-per-produzione\\\/riso-maca\\\/#primaryimage\"},\"image\":{\"@id\":\"https:\\\/\\\/naturalpoland.com\\\/it\\\/produkty\\\/prodotti-per-industria-alimentare\\\/materie-prime-per-produzione\\\/riso-maca\\\/#primaryimage\"},\"thumbnailUrl\":\"https:\\\/\\\/naturalpoland.com\\\/wp-content\\\/uploads\\\/maka-ryzowa-1.webp\",\"datePublished\":\"2024-07-10T08:29:50+00:00\",\"description\":\"La farina di riso \u00e8 una ricca fonte di carboidrati che la rendono un componente energetico della dieta. Contiene una piccola quantit\u00e0 di proteine e grassi, oltre a fibre.\",\"breadcrumb\":{\"@id\":\"https:\\\/\\\/naturalpoland.com\\\/it\\\/produkty\\\/prodotti-per-industria-alimentare\\\/materie-prime-per-produzione\\\/riso-maca\\\/#breadcrumb\"},\"inLanguage\":\"it-IT\",\"potentialAction\":[{\"@type\":\"ReadAction\",\"target\":[\"https:\\\/\\\/naturalpoland.com\\\/it\\\/produkty\\\/prodotti-per-industria-alimentare\\\/materie-prime-per-produzione\\\/riso-maca\\\/\"]}]},{\"@type\":\"ImageObject\",\"inLanguage\":\"it-IT\",\"@id\":\"https:\\\/\\\/naturalpoland.com\\\/it\\\/produkty\\\/prodotti-per-industria-alimentare\\\/materie-prime-per-produzione\\\/riso-maca\\\/#primaryimage\",\"url\":\"https:\\\/\\\/naturalpoland.com\\\/wp-content\\\/uploads\\\/maka-ryzowa-1.webp\",\"contentUrl\":\"https:\\\/\\\/naturalpoland.com\\\/wp-content\\\/uploads\\\/maka-ryzowa-1.webp\",\"width\":350,\"height\":350,\"caption\":\"M\u0105ka ry\u017cowa\"},{\"@type\":\"BreadcrumbList\",\"@id\":\"https:\\\/\\\/naturalpoland.com\\\/it\\\/produkty\\\/prodotti-per-industria-alimentare\\\/materie-prime-per-produzione\\\/riso-maca\\\/#breadcrumb\",\"itemListElement\":[{\"@type\":\"ListItem\",\"position\":1,\"name\":\"Home\",\"item\":\"https:\\\/\\\/naturalpoland.com\\\/it\\\/\"},{\"@type\":\"ListItem\",\"position\":2,\"name\":\"Prodotti\",\"item\":\"https:\\\/\\\/naturalpoland.com\\\/it\\\/prodotti\\\/\"},{\"@type\":\"ListItem\",\"position\":3,\"name\":\"Farina di riso\"}]},{\"@type\":\"WebSite\",\"@id\":\"https:\\\/\\\/naturalpoland.com\\\/it\\\/#website\",\"url\":\"https:\\\/\\\/naturalpoland.com\\\/it\\\/\",\"name\":\"NATURAL POLAND - Distributore all'ingrosso di materie prime\",\"description\":\"Surowce dla przemys\u0142u spo\u017cywczego, kosmetycznego i farmaceutycznego\",\"publisher\":{\"@id\":\"https:\\\/\\\/naturalpoland.com\\\/it\\\/#organization\"},\"potentialAction\":[{\"@type\":\"SearchAction\",\"target\":{\"@type\":\"EntryPoint\",\"urlTemplate\":\"https:\\\/\\\/naturalpoland.com\\\/it\\\/?s={search_term_string}\"},\"query-input\":{\"@type\":\"PropertyValueSpecification\",\"valueRequired\":true,\"valueName\":\"search_term_string\"}}],\"inLanguage\":\"it-IT\"},{\"@type\":\"Organization\",\"@id\":\"https:\\\/\\\/naturalpoland.com\\\/it\\\/#organization\",\"name\":\"Natural Poland\",\"url\":\"https:\\\/\\\/naturalpoland.com\\\/it\\\/\",\"logo\":{\"@type\":\"ImageObject\",\"inLanguage\":\"it-IT\",\"@id\":\"https:\\\/\\\/naturalpoland.com\\\/it\\\/#\\\/schema\\\/logo\\\/image\\\/\",\"url\":\"https:\\\/\\\/naturalpoland.com\\\/wp-content\\\/uploads\\\/2021\\\/05\\\/natural-poland-icon.png\",\"contentUrl\":\"https:\\\/\\\/naturalpoland.com\\\/wp-content\\\/uploads\\\/2021\\\/05\\\/natural-poland-icon.png\",\"width\":512,\"height\":512,\"caption\":\"Natural Poland\"},\"image\":{\"@id\":\"https:\\\/\\\/naturalpoland.com\\\/it\\\/#\\\/schema\\\/logo\\\/image\\\/\"},\"sameAs\":[\"https:\\\/\\\/www.facebook.com\\\/naturalpoland.b2b\",\"https:\\\/\\\/pl.linkedin.com\\\/company\\\/natural-poland\",\"https:\\\/\\\/www.youtube.com\\\/channel\\\/UCgeGGkvOMahZo-xu_MSEWxg\"]}]}<\/script>\n<!-- \/ Yoast SEO plugin. -->","yoast_head_json":{"title":"Farina di riso - NATURAL POLAND - Distributore all'ingrosso di materie prime","description":"La farina di riso \u00e8 una ricca fonte di carboidrati che la rendono un componente energetico della dieta. Contiene una piccola quantit\u00e0 di proteine e grassi, oltre a fibre.","robots":{"index":"index","follow":"follow","max-snippet":"max-snippet:-1","max-image-preview":"max-image-preview:large","max-video-preview":"max-video-preview:-1"},"canonical":"https:\/\/naturalpoland.com\/it\/produkty\/prodotti-per-industria-alimentare\/materie-prime-per-produzione\/riso-maca\/","og_locale":"it_IT","og_type":"article","og_title":"Farina di riso - NATURAL POLAND - Distributore all'ingrosso di materie prime","og_description":"La farina di riso \u00e8 una ricca fonte di carboidrati che la rendono un componente energetico della dieta. Contiene una piccola quantit\u00e0 di proteine e grassi, oltre a fibre.","og_url":"https:\/\/naturalpoland.com\/it\/produkty\/prodotti-per-industria-alimentare\/materie-prime-per-produzione\/riso-maca\/","og_site_name":"NATURAL POLAND - Distributore all'ingrosso di materie prime","article_publisher":"https:\/\/www.facebook.com\/naturalpoland.b2b","og_image":[{"width":350,"height":350,"url":"https:\/\/naturalpoland.com\/wp-content\/uploads\/maka-ryzowa-1.webp","type":"image\/webp"}],"schema":{"@context":"https:\/\/schema.org","@graph":[{"@type":"WebPage","@id":"https:\/\/naturalpoland.com\/it\/produkty\/prodotti-per-industria-alimentare\/materie-prime-per-produzione\/riso-maca\/","url":"https:\/\/naturalpoland.com\/it\/produkty\/prodotti-per-industria-alimentare\/materie-prime-per-produzione\/riso-maca\/","name":"Farina di riso - NATURAL POLAND - Distributore all'ingrosso di materie prime","isPartOf":{"@id":"https:\/\/naturalpoland.com\/it\/#website"},"primaryImageOfPage":{"@id":"https:\/\/naturalpoland.com\/it\/produkty\/prodotti-per-industria-alimentare\/materie-prime-per-produzione\/riso-maca\/#primaryimage"},"image":{"@id":"https:\/\/naturalpoland.com\/it\/produkty\/prodotti-per-industria-alimentare\/materie-prime-per-produzione\/riso-maca\/#primaryimage"},"thumbnailUrl":"https:\/\/naturalpoland.com\/wp-content\/uploads\/maka-ryzowa-1.webp","datePublished":"2024-07-10T08:29:50+00:00","description":"La farina di riso \u00e8 una ricca fonte di carboidrati che la rendono un componente energetico della dieta. Contiene una piccola quantit\u00e0 di proteine e grassi, oltre a fibre.","breadcrumb":{"@id":"https:\/\/naturalpoland.com\/it\/produkty\/prodotti-per-industria-alimentare\/materie-prime-per-produzione\/riso-maca\/#breadcrumb"},"inLanguage":"it-IT","potentialAction":[{"@type":"ReadAction","target":["https:\/\/naturalpoland.com\/it\/produkty\/prodotti-per-industria-alimentare\/materie-prime-per-produzione\/riso-maca\/"]}]},{"@type":"ImageObject","inLanguage":"it-IT","@id":"https:\/\/naturalpoland.com\/it\/produkty\/prodotti-per-industria-alimentare\/materie-prime-per-produzione\/riso-maca\/#primaryimage","url":"https:\/\/naturalpoland.com\/wp-content\/uploads\/maka-ryzowa-1.webp","contentUrl":"https:\/\/naturalpoland.com\/wp-content\/uploads\/maka-ryzowa-1.webp","width":350,"height":350,"caption":"M\u0105ka ry\u017cowa"},{"@type":"BreadcrumbList","@id":"https:\/\/naturalpoland.com\/it\/produkty\/prodotti-per-industria-alimentare\/materie-prime-per-produzione\/riso-maca\/#breadcrumb","itemListElement":[{"@type":"ListItem","position":1,"name":"Home","item":"https:\/\/naturalpoland.com\/it\/"},{"@type":"ListItem","position":2,"name":"Prodotti","item":"https:\/\/naturalpoland.com\/it\/prodotti\/"},{"@type":"ListItem","position":3,"name":"Farina di riso"}]},{"@type":"WebSite","@id":"https:\/\/naturalpoland.com\/it\/#website","url":"https:\/\/naturalpoland.com\/it\/","name":"NATURAL POLAND - Distributore all'ingrosso di materie prime","description":"Surowce dla przemys\u0142u spo\u017cywczego, kosmetycznego i farmaceutycznego","publisher":{"@id":"https:\/\/naturalpoland.com\/it\/#organization"},"potentialAction":[{"@type":"SearchAction","target":{"@type":"EntryPoint","urlTemplate":"https:\/\/naturalpoland.com\/it\/?s={search_term_string}"},"query-input":{"@type":"PropertyValueSpecification","valueRequired":true,"valueName":"search_term_string"}}],"inLanguage":"it-IT"},{"@type":"Organization","@id":"https:\/\/naturalpoland.com\/it\/#organization","name":"Natural Poland","url":"https:\/\/naturalpoland.com\/it\/","logo":{"@type":"ImageObject","inLanguage":"it-IT","@id":"https:\/\/naturalpoland.com\/it\/#\/schema\/logo\/image\/","url":"https:\/\/naturalpoland.com\/wp-content\/uploads\/2021\/05\/natural-poland-icon.png","contentUrl":"https:\/\/naturalpoland.com\/wp-content\/uploads\/2021\/05\/natural-poland-icon.png","width":512,"height":512,"caption":"Natural Poland"},"image":{"@id":"https:\/\/naturalpoland.com\/it\/#\/schema\/logo\/image\/"},"sameAs":["https:\/\/www.facebook.com\/naturalpoland.b2b","https:\/\/pl.linkedin.com\/company\/natural-poland","https:\/\/www.youtube.com\/channel\/UCgeGGkvOMahZo-xu_MSEWxg"]}]}},"_links":{"self":[{"href":"https:\/\/naturalpoland.com\/it\/wp-json\/wp\/v2\/product\/33495","targetHints":{"allow":["GET"]}}],"collection":[{"href":"https:\/\/naturalpoland.com\/it\/wp-json\/wp\/v2\/product"}],"about":[{"href":"https:\/\/naturalpoland.com\/it\/wp-json\/wp\/v2\/types\/product"}],"wp:featuredmedia":[{"embeddable":true,"href":"https:\/\/naturalpoland.com\/it\/wp-json\/wp\/v2\/media\/33391"}],"wp:attachment":[{"href":"https:\/\/naturalpoland.com\/it\/wp-json\/wp\/v2\/media?parent=33495"}],"wp:term":[{"taxonomy":"product_brand","embeddable":true,"href":"https:\/\/naturalpoland.com\/it\/wp-json\/wp\/v2\/product_brand?post=33495"},{"taxonomy":"product_cat","embeddable":true,"href":"https:\/\/naturalpoland.com\/it\/wp-json\/wp\/v2\/product_cat?post=33495"},{"taxonomy":"product_tag","embeddable":true,"href":"https:\/\/naturalpoland.com\/it\/wp-json\/wp\/v2\/product_tag?post=33495"}],"curies":[{"name":"wp","href":"https:\/\/api.w.org\/{rel}","templated":true}]}}