{"id":33538,"date":"2024-07-04T14:17:52","date_gmt":"2024-07-10T08:55:09","guid":{"rendered":"https:\/\/naturalpoland.com\/produkty\/senza-categoria\/prolitina-a-lsme-urolitina-a\/"},"modified":"2024-08-29T13:08:53","modified_gmt":"2024-08-29T11:08:53","slug":"prolitina-a-lsme-urolitina-a","status":"publish","type":"product","link":"https:\/\/naturalpoland.com\/it\/produkty\/prodotti-per-industria-farmaceutica-e-medica\/additivi-per-integratori\/prolitina-a-lsme-urolitina-a\/","title":{"rendered":"Urolitina A"},"content":{"rendered":"<h2>Propriet\u00e0 e applicazioni:<\/h2>\n<p>  L&#8217;urolitina A ha dimostrato la capacit\u00e0 di prolungare la vita delle cellule inducendo la mitofagia, il processo di pulizia dei mitocondri danneggiati.<br \/>\nStudi sui topi hanno dimostrato che l&#8217;integrazione con Urolitina A pu\u00f2 migliorare la funzione muscolare.<br \/>\nPertanto, il prodotto \u00e8 consigliato agli atleti e alle persone anziane che desiderano migliorare le proprie prestazioni e ritardare l&#8217;invecchiamento muscolare.<br \/>\nIl prodotto pu\u00f2 anche supportare la terapia immunitaria attraverso l&#8217;induzione dell&#8217;autofagia mitocondriale nelle cellule T, che porta a una migliore risposta immunitaria contro il cancro.<br \/>\nQuesto aspetto \u00e8 particolarmente rilevante nel contesto delle moderne terapie antitumorali, dove l&#8217;urolitina A pu\u00f2 migliorare l&#8217;efficacia del trattamento aumentando il numero di cellule T nel microambiente tumorale.<br \/>\nL&#8217;integrazione di urolitina A ha dimostrato la capacit\u00e0 di invertire l&#8217;invecchiamento delle cellule staminali ematopoietiche.<br \/>\nCi\u00f2 \u00e8 confermato da studi sui topi, in cui \u00e8 stato osservato un aumento delle cellule staminali e progenitrici.        <\/p>\n<h2>Applicazione di mercato:<\/h2>\n<p><strong>Integratori alimentari<\/strong> L&#8217;urolitina A \u00e8 ampiamente utilizzata come ingrediente negli integratori alimentari per supportare la salute muscolare, la funzione cognitiva e la vitalit\u00e0 generale.<br \/>\n\u00c8 particolarmente popolare negli Stati Uniti, dove \u00e8 stata riconosciuta come ingrediente sicuro per il consumo (GRAS).<br \/>\n<strong>Cosmetici<\/strong> Nel 2023, l&#8217;urolitina A \u00e8 stata registrata in Cina come nuova materia prima cosmetica, soprattutto per i prodotti anti-et\u00e0.    <\/p>\n<hr>\n<h2>Abbiamo questo prodotto nella tecnologia BioSNEDS\u2122 sotto forma di ProLithin A\u2122.<\/h2>\n<ul>\n<li>ProLithin A\u2122 \u00e8 15 volte pi\u00f9 biodisponibile rispetto all&#8217;urolitina A convenzionale, il che significa che 1 mg di urolitina A attiva in BioSNEDS\u2122 \u00e8 bioequivalente a 15 mg di urolitina A convenzionale.<\/li>\n<li>Pi\u00f9 dosi per chilogrammo &#8211; 10.000 dosi per chilogrammo rispetto alle 5.000 dosi dell&#8217;urolitina A convenzionale.<\/li>\n<li>Disponibile in polvere e in emulsione, ha un sapore neutro e non ha odore.<\/li>\n<\/ul>\n<p>&nbsp;<\/p>\n","protected":false},"excerpt":{"rendered":"<p>L<strong>&#8216;urolitina A <\/strong>\u00e8 un metabolita naturale formato dai polifenoli presenti nella frutta con potenti propriet\u00e0 antiossidanti e supporta la salute mitocondriale. <strong>ProLithin A\u2122 <\/strong>\u00e8 un prodotto avanzato che utilizza la tecnologia BioSNEDS\u2122, che aumenta in modo significativo la biodisponibilit\u00e0 dell&#8217;urolitina A.<\/p>\n","protected":false},"featured_media":33231,"template":"","meta":{"_acf_changed":false},"product_brand":[],"product_cat":[1530,1522],"product_tag":[],"class_list":{"0":"post-33538","1":"product","2":"type-product","3":"status-publish","4":"has-post-thumbnail","6":"product_cat-additivi-per-integratori","7":"product_cat-materie-prime-cosmetiche","8":"pa_grupa-substancji-nutraceutici","10":"first","11":"instock","12":"shipping-taxable","13":"product-type-simple"},"acf":[],"yoast_head":"<!-- This site is optimized with the Yoast SEO plugin v27.6 - https:\/\/yoast.com\/product\/yoast-seo-wordpress\/ -->\n<title>Urolitina A - NATURAL POLAND - Distributore all&#039;ingrosso di materie prime<\/title>\n<meta name=\"description\" content=\"L&#039;urolitina A \u00e8 un ingrediente innovativo che supporta la salute muscolare e il sistema immunitario grazie alle sue esclusive propriet\u00e0 anti-invecchiamento.\" \/>\n<meta name=\"robots\" content=\"index, follow, max-snippet:-1, max-image-preview:large, max-video-preview:-1\" \/>\n<link rel=\"canonical\" href=\"https:\/\/naturalpoland.com\/it\/produkty\/prodotti-per-industria-farmaceutica-e-medica\/additivi-per-integratori\/prolitina-a-lsme-urolitina-a\/\" \/>\n<meta property=\"og:locale\" content=\"it_IT\" \/>\n<meta property=\"og:type\" content=\"article\" \/>\n<meta property=\"og:title\" content=\"Urolitina A - NATURAL POLAND - Distributore all&#039;ingrosso di materie prime\" \/>\n<meta property=\"og:description\" content=\"L&#039;urolitina A \u00e8 un ingrediente innovativo che supporta la salute muscolare e il sistema immunitario grazie alle sue esclusive propriet\u00e0 anti-invecchiamento.\" \/>\n<meta property=\"og:url\" content=\"https:\/\/naturalpoland.com\/it\/produkty\/prodotti-per-industria-farmaceutica-e-medica\/additivi-per-integratori\/prolitina-a-lsme-urolitina-a\/\" \/>\n<meta property=\"og:site_name\" content=\"NATURAL POLAND - Distributore all&#039;ingrosso di materie prime\" \/>\n<meta property=\"article:publisher\" content=\"https:\/\/www.facebook.com\/naturalpoland.b2b\" \/>\n<meta property=\"article:modified_time\" content=\"2024-08-29T11:08:53+00:00\" \/>\n<meta property=\"og:image\" content=\"https:\/\/naturalpoland.com\/wp-content\/uploads\/urolithin.webp\" \/>\n\t<meta property=\"og:image:width\" content=\"606\" \/>\n\t<meta property=\"og:image:height\" content=\"606\" \/>\n\t<meta property=\"og:image:type\" content=\"image\/webp\" \/>\n<script type=\"application\/ld+json\" class=\"yoast-schema-graph\">{\"@context\":\"https:\\\/\\\/schema.org\",\"@graph\":[{\"@type\":\"WebPage\",\"@id\":\"https:\\\/\\\/naturalpoland.com\\\/it\\\/produkty\\\/prodotti-per-industria-farmaceutica-e-medica\\\/additivi-per-integratori\\\/prolitina-a-lsme-urolitina-a\\\/\",\"url\":\"https:\\\/\\\/naturalpoland.com\\\/it\\\/produkty\\\/prodotti-per-industria-farmaceutica-e-medica\\\/additivi-per-integratori\\\/prolitina-a-lsme-urolitina-a\\\/\",\"name\":\"Urolitina A - NATURAL POLAND - Distributore all'ingrosso di materie prime\",\"isPartOf\":{\"@id\":\"https:\\\/\\\/naturalpoland.com\\\/it\\\/#website\"},\"primaryImageOfPage\":{\"@id\":\"https:\\\/\\\/naturalpoland.com\\\/it\\\/produkty\\\/prodotti-per-industria-farmaceutica-e-medica\\\/additivi-per-integratori\\\/prolitina-a-lsme-urolitina-a\\\/#primaryimage\"},\"image\":{\"@id\":\"https:\\\/\\\/naturalpoland.com\\\/it\\\/produkty\\\/prodotti-per-industria-farmaceutica-e-medica\\\/additivi-per-integratori\\\/prolitina-a-lsme-urolitina-a\\\/#primaryimage\"},\"thumbnailUrl\":\"https:\\\/\\\/naturalpoland.com\\\/wp-content\\\/uploads\\\/urolithin.webp\",\"datePublished\":\"2024-07-10T08:55:09+00:00\",\"dateModified\":\"2024-08-29T11:08:53+00:00\",\"description\":\"L'urolitina A \u00e8 un ingrediente innovativo che supporta la salute muscolare e il sistema immunitario grazie alle sue esclusive propriet\u00e0 anti-invecchiamento.\",\"breadcrumb\":{\"@id\":\"https:\\\/\\\/naturalpoland.com\\\/it\\\/produkty\\\/prodotti-per-industria-farmaceutica-e-medica\\\/additivi-per-integratori\\\/prolitina-a-lsme-urolitina-a\\\/#breadcrumb\"},\"inLanguage\":\"it-IT\",\"potentialAction\":[{\"@type\":\"ReadAction\",\"target\":[\"https:\\\/\\\/naturalpoland.com\\\/it\\\/produkty\\\/prodotti-per-industria-farmaceutica-e-medica\\\/additivi-per-integratori\\\/prolitina-a-lsme-urolitina-a\\\/\"]}]},{\"@type\":\"ImageObject\",\"inLanguage\":\"it-IT\",\"@id\":\"https:\\\/\\\/naturalpoland.com\\\/it\\\/produkty\\\/prodotti-per-industria-farmaceutica-e-medica\\\/additivi-per-integratori\\\/prolitina-a-lsme-urolitina-a\\\/#primaryimage\",\"url\":\"https:\\\/\\\/naturalpoland.com\\\/wp-content\\\/uploads\\\/urolithin.webp\",\"contentUrl\":\"https:\\\/\\\/naturalpoland.com\\\/wp-content\\\/uploads\\\/urolithin.webp\",\"width\":606,\"height\":606,\"caption\":\"Urolityna A w postaci\"},{\"@type\":\"BreadcrumbList\",\"@id\":\"https:\\\/\\\/naturalpoland.com\\\/it\\\/produkty\\\/prodotti-per-industria-farmaceutica-e-medica\\\/additivi-per-integratori\\\/prolitina-a-lsme-urolitina-a\\\/#breadcrumb\",\"itemListElement\":[{\"@type\":\"ListItem\",\"position\":1,\"name\":\"Home\",\"item\":\"https:\\\/\\\/naturalpoland.com\\\/it\\\/\"},{\"@type\":\"ListItem\",\"position\":2,\"name\":\"Prodotti\",\"item\":\"https:\\\/\\\/naturalpoland.com\\\/it\\\/prodotti\\\/\"},{\"@type\":\"ListItem\",\"position\":3,\"name\":\"Urolitina A\"}]},{\"@type\":\"WebSite\",\"@id\":\"https:\\\/\\\/naturalpoland.com\\\/it\\\/#website\",\"url\":\"https:\\\/\\\/naturalpoland.com\\\/it\\\/\",\"name\":\"NATURAL POLAND - Distributore all'ingrosso di materie prime\",\"description\":\"Surowce dla przemys\u0142u spo\u017cywczego, kosmetycznego i farmaceutycznego\",\"publisher\":{\"@id\":\"https:\\\/\\\/naturalpoland.com\\\/it\\\/#organization\"},\"potentialAction\":[{\"@type\":\"SearchAction\",\"target\":{\"@type\":\"EntryPoint\",\"urlTemplate\":\"https:\\\/\\\/naturalpoland.com\\\/it\\\/?s={search_term_string}\"},\"query-input\":{\"@type\":\"PropertyValueSpecification\",\"valueRequired\":true,\"valueName\":\"search_term_string\"}}],\"inLanguage\":\"it-IT\"},{\"@type\":\"Organization\",\"@id\":\"https:\\\/\\\/naturalpoland.com\\\/it\\\/#organization\",\"name\":\"Natural Poland\",\"url\":\"https:\\\/\\\/naturalpoland.com\\\/it\\\/\",\"logo\":{\"@type\":\"ImageObject\",\"inLanguage\":\"it-IT\",\"@id\":\"https:\\\/\\\/naturalpoland.com\\\/it\\\/#\\\/schema\\\/logo\\\/image\\\/\",\"url\":\"https:\\\/\\\/naturalpoland.com\\\/wp-content\\\/uploads\\\/2021\\\/05\\\/natural-poland-icon.png\",\"contentUrl\":\"https:\\\/\\\/naturalpoland.com\\\/wp-content\\\/uploads\\\/2021\\\/05\\\/natural-poland-icon.png\",\"width\":512,\"height\":512,\"caption\":\"Natural Poland\"},\"image\":{\"@id\":\"https:\\\/\\\/naturalpoland.com\\\/it\\\/#\\\/schema\\\/logo\\\/image\\\/\"},\"sameAs\":[\"https:\\\/\\\/www.facebook.com\\\/naturalpoland.b2b\",\"https:\\\/\\\/pl.linkedin.com\\\/company\\\/natural-poland\",\"https:\\\/\\\/www.youtube.com\\\/channel\\\/UCgeGGkvOMahZo-xu_MSEWxg\"]}]}<\/script>\n<!-- \/ Yoast SEO plugin. -->","yoast_head_json":{"title":"Urolitina A - NATURAL POLAND - Distributore all'ingrosso di materie prime","description":"L'urolitina A \u00e8 un ingrediente innovativo che supporta la salute muscolare e il sistema immunitario grazie alle sue esclusive propriet\u00e0 anti-invecchiamento.","robots":{"index":"index","follow":"follow","max-snippet":"max-snippet:-1","max-image-preview":"max-image-preview:large","max-video-preview":"max-video-preview:-1"},"canonical":"https:\/\/naturalpoland.com\/it\/produkty\/prodotti-per-industria-farmaceutica-e-medica\/additivi-per-integratori\/prolitina-a-lsme-urolitina-a\/","og_locale":"it_IT","og_type":"article","og_title":"Urolitina A - NATURAL POLAND - Distributore all'ingrosso di materie prime","og_description":"L'urolitina A \u00e8 un ingrediente innovativo che supporta la salute muscolare e il sistema immunitario grazie alle sue esclusive propriet\u00e0 anti-invecchiamento.","og_url":"https:\/\/naturalpoland.com\/it\/produkty\/prodotti-per-industria-farmaceutica-e-medica\/additivi-per-integratori\/prolitina-a-lsme-urolitina-a\/","og_site_name":"NATURAL POLAND - Distributore all'ingrosso di materie prime","article_publisher":"https:\/\/www.facebook.com\/naturalpoland.b2b","article_modified_time":"2024-08-29T11:08:53+00:00","og_image":[{"width":606,"height":606,"url":"https:\/\/naturalpoland.com\/wp-content\/uploads\/urolithin.webp","type":"image\/webp"}],"schema":{"@context":"https:\/\/schema.org","@graph":[{"@type":"WebPage","@id":"https:\/\/naturalpoland.com\/it\/produkty\/prodotti-per-industria-farmaceutica-e-medica\/additivi-per-integratori\/prolitina-a-lsme-urolitina-a\/","url":"https:\/\/naturalpoland.com\/it\/produkty\/prodotti-per-industria-farmaceutica-e-medica\/additivi-per-integratori\/prolitina-a-lsme-urolitina-a\/","name":"Urolitina A - NATURAL POLAND - Distributore all'ingrosso di materie prime","isPartOf":{"@id":"https:\/\/naturalpoland.com\/it\/#website"},"primaryImageOfPage":{"@id":"https:\/\/naturalpoland.com\/it\/produkty\/prodotti-per-industria-farmaceutica-e-medica\/additivi-per-integratori\/prolitina-a-lsme-urolitina-a\/#primaryimage"},"image":{"@id":"https:\/\/naturalpoland.com\/it\/produkty\/prodotti-per-industria-farmaceutica-e-medica\/additivi-per-integratori\/prolitina-a-lsme-urolitina-a\/#primaryimage"},"thumbnailUrl":"https:\/\/naturalpoland.com\/wp-content\/uploads\/urolithin.webp","datePublished":"2024-07-10T08:55:09+00:00","dateModified":"2024-08-29T11:08:53+00:00","description":"L'urolitina A \u00e8 un ingrediente innovativo che supporta la salute muscolare e il sistema immunitario grazie alle sue esclusive propriet\u00e0 anti-invecchiamento.","breadcrumb":{"@id":"https:\/\/naturalpoland.com\/it\/produkty\/prodotti-per-industria-farmaceutica-e-medica\/additivi-per-integratori\/prolitina-a-lsme-urolitina-a\/#breadcrumb"},"inLanguage":"it-IT","potentialAction":[{"@type":"ReadAction","target":["https:\/\/naturalpoland.com\/it\/produkty\/prodotti-per-industria-farmaceutica-e-medica\/additivi-per-integratori\/prolitina-a-lsme-urolitina-a\/"]}]},{"@type":"ImageObject","inLanguage":"it-IT","@id":"https:\/\/naturalpoland.com\/it\/produkty\/prodotti-per-industria-farmaceutica-e-medica\/additivi-per-integratori\/prolitina-a-lsme-urolitina-a\/#primaryimage","url":"https:\/\/naturalpoland.com\/wp-content\/uploads\/urolithin.webp","contentUrl":"https:\/\/naturalpoland.com\/wp-content\/uploads\/urolithin.webp","width":606,"height":606,"caption":"Urolityna A w postaci"},{"@type":"BreadcrumbList","@id":"https:\/\/naturalpoland.com\/it\/produkty\/prodotti-per-industria-farmaceutica-e-medica\/additivi-per-integratori\/prolitina-a-lsme-urolitina-a\/#breadcrumb","itemListElement":[{"@type":"ListItem","position":1,"name":"Home","item":"https:\/\/naturalpoland.com\/it\/"},{"@type":"ListItem","position":2,"name":"Prodotti","item":"https:\/\/naturalpoland.com\/it\/prodotti\/"},{"@type":"ListItem","position":3,"name":"Urolitina A"}]},{"@type":"WebSite","@id":"https:\/\/naturalpoland.com\/it\/#website","url":"https:\/\/naturalpoland.com\/it\/","name":"NATURAL POLAND - Distributore all'ingrosso di materie prime","description":"Surowce dla przemys\u0142u spo\u017cywczego, kosmetycznego i farmaceutycznego","publisher":{"@id":"https:\/\/naturalpoland.com\/it\/#organization"},"potentialAction":[{"@type":"SearchAction","target":{"@type":"EntryPoint","urlTemplate":"https:\/\/naturalpoland.com\/it\/?s={search_term_string}"},"query-input":{"@type":"PropertyValueSpecification","valueRequired":true,"valueName":"search_term_string"}}],"inLanguage":"it-IT"},{"@type":"Organization","@id":"https:\/\/naturalpoland.com\/it\/#organization","name":"Natural Poland","url":"https:\/\/naturalpoland.com\/it\/","logo":{"@type":"ImageObject","inLanguage":"it-IT","@id":"https:\/\/naturalpoland.com\/it\/#\/schema\/logo\/image\/","url":"https:\/\/naturalpoland.com\/wp-content\/uploads\/2021\/05\/natural-poland-icon.png","contentUrl":"https:\/\/naturalpoland.com\/wp-content\/uploads\/2021\/05\/natural-poland-icon.png","width":512,"height":512,"caption":"Natural Poland"},"image":{"@id":"https:\/\/naturalpoland.com\/it\/#\/schema\/logo\/image\/"},"sameAs":["https:\/\/www.facebook.com\/naturalpoland.b2b","https:\/\/pl.linkedin.com\/company\/natural-poland","https:\/\/www.youtube.com\/channel\/UCgeGGkvOMahZo-xu_MSEWxg"]}]}},"_links":{"self":[{"href":"https:\/\/naturalpoland.com\/it\/wp-json\/wp\/v2\/product\/33538","targetHints":{"allow":["GET"]}}],"collection":[{"href":"https:\/\/naturalpoland.com\/it\/wp-json\/wp\/v2\/product"}],"about":[{"href":"https:\/\/naturalpoland.com\/it\/wp-json\/wp\/v2\/types\/product"}],"wp:featuredmedia":[{"embeddable":true,"href":"https:\/\/naturalpoland.com\/it\/wp-json\/wp\/v2\/media\/33231"}],"wp:attachment":[{"href":"https:\/\/naturalpoland.com\/it\/wp-json\/wp\/v2\/media?parent=33538"}],"wp:term":[{"taxonomy":"product_brand","embeddable":true,"href":"https:\/\/naturalpoland.com\/it\/wp-json\/wp\/v2\/product_brand?post=33538"},{"taxonomy":"product_cat","embeddable":true,"href":"https:\/\/naturalpoland.com\/it\/wp-json\/wp\/v2\/product_cat?post=33538"},{"taxonomy":"product_tag","embeddable":true,"href":"https:\/\/naturalpoland.com\/it\/wp-json\/wp\/v2\/product_tag?post=33538"}],"curies":[{"name":"wp","href":"https:\/\/api.w.org\/{rel}","templated":true}]}}