{"id":38449,"date":"2024-09-23T10:50:07","date_gmt":"2024-12-23T11:50:36","guid":{"rendered":"https:\/\/naturalpoland.com\/produkty\/senza-categoria\/witamina-b3\/"},"modified":"2024-12-23T12:50:36","modified_gmt":"2024-12-23T11:50:36","slug":"witamina-b3","status":"publish","type":"product","link":"https:\/\/naturalpoland.com\/it\/produkty\/prodotti-per-industria-farmaceutica-e-medica\/vitamine-it\/witamina-b3\/","title":{"rendered":"Vitamina B3"},"content":{"rendered":"<h2>Uso della vitamina B3 nei cosmetici<\/h2>\n<p>  La niacinamide \u00e8 una vitamina idrosolubile a piccole molecole. \u00c8 facilmente utilizzabile nei cosmetici grazie alla sua stabilit\u00e0: mantiene le sue propriet\u00e0 in un ampio intervallo di pH ed \u00e8 resistente alla luce e al calore. \u00c8 anche un ingrediente multifunzionale che aiuta a migliorare il tono e le condizioni della pelle. La niacinamide agisce come idratante, aumenta l&#8217;elasticit\u00e0 della pelle e presenta propriet\u00e0 antinfiammatorie che la rendono preziosa per la cura di diversi tipi di pelle. La niacinamide ha <strong>propriet\u00e0 antiossidanti<\/strong>, confermate da numerosi studi scientifici. L&#8217;uso regolare di preparati con una concentrazione di niacinamide del 4-5% riduce le linee sottili e le rughe. In uno studio condotto dal <a href=\"\/produkty\/produkty-dla-przemyslu-farmaceutycznego-i-medycznego\/witaminy\/witamina-b3\/#bibl-wit3\">team di Kawada (2008)<\/a>, l&#8217;applicazione per otto settimane di una crema al 4% di niacinamide ha migliorato significativamente l&#8217;aspetto della pelle e ridotto le rughe intorno agli occhi. La niacinamide non solo ha un effetto antirughe grazie alle sue propriet\u00e0 antiossidanti, ma stimola anche la produzione di fibre elastiche. Migliora l&#8217;elasticit\u00e0 della pelle <strong>promuovendo la sintesi di collagene<\/strong> nei fibroblasti dermici e stimolando i marcatori di differenziazione nelle cellule epidermiche normali. Si ritiene che l&#8217;accelerazione del ciclo cellulare epidermico agisca come un leggero esfoliante, rendendo la pelle pi\u00f9 soda e le rughe meno visibili.           <strong><a href=\"https:\/\/naturalpoland.com\/produkty\/produkty-dla-przemyslu-kosmetycznego\/surowce-kosmetyczne\/trehaloza\/\">Trealosio<\/a><\/strong>, un disaccaride spesso utilizzato nei cosmetici, agisce in sinergia con la nicotinamide per promuovere l&#8217;idratazione e proteggere la pelle dai fattori esterni.  <\/p>\n<h3>Terapia dell&#8217;acne con niacinamide<\/h3>\n<p>  Grazie alle sue <strong>propriet\u00e0 antinfiammatorie<\/strong>, la vitamina B3 \u00e8 un ingrediente efficace nel trattamento dell&#8217;acne. In risposta ai problemi legati agli effetti collaterali e alla crescente resistenza agli antibiotici, si stanno cercando alternative sicure ed efficaci. La niacinamide ha mostrato potenti effetti che possono supportare la terapia dell&#8217;acne. Come si legge in <a href=\"\/produkty\/produkty-dla-przemyslu-farmaceutycznego-i-medycznego\/witaminy\/witamina-b3\/#bibl-wit3\">un articolo di revisione del 2017 di Franciszka M. Walocko e colleghi<\/a>, sei degli otto studi in cui \u00e8 stata applicata la vitamina B3 topica hanno portato a una riduzione significativa dell&#8217;acne rispetto al basale o al trattamento standard dell&#8217;acne. Inoltre, anche gli studi che hanno utilizzato un integratore orale contenente nicotinamide hanno mostrato una riduzione significativa dell&#8217;acne. La vitamina B3 aiuta a <strong>ridurre l&#8217;infiammazione e il numero di lesioni cutanee<\/strong>, rendendola un elemento prezioso per la cura della pelle acneica. Aiuta ad alleviare sintomi come arrossamento e gonfiore, il che \u00e8 particolarmente utile per chi soffre di acne infiammatoria. Oltre al suo effetto antinfiammatorio, l&#8217;applicazione topica di niacinamide supporta la funzione della barriera epidermica. La stabilizzazione di questa barriera \u00e8 fondamentale perch\u00e9 riduce la perdita di acqua transepidermica e migliora l&#8217;idratazione dello strato corneo. Questo, a sua volta, aiuta a prevenire la ricomparsa delle efflorescenze e a mantenere un aspetto sano della pelle, aspetto importante nella terapia dell&#8217;acne a lungo termine.           <\/p>\n<h3>Schiarimento della pelle e riduzione delle discromie<\/h3>\n<p>  La vitamina B3 \u00e8 apprezzata per le sue <strong>propriet\u00e0 schiarenti<\/strong>, che aiutano a ridurre l&#8217;iperpigmentazione e le macchie dell&#8217;et\u00e0, contribuendo a uniformare il tono della pelle. L&#8217;irregolarit\u00e0 della pigmentazione cutanea \u00e8 uno dei principali segni dell&#8217;invecchiamento esterno, e ci\u00f2 aumenta la necessit\u00e0 di cosmetici con effetti schiarenti. Uno studio condotto da <a href=\"\/produkty\/produkty-dla-przemyslu-farmaceutycznego-i-medycznego\/witaminy\/witamina-b3\/#bibl-wit3\">Bissett e colleghi (2006<\/a>) ha dimostrato che l&#8217;uso regolare di niacinamide pu\u00f2 ridurre significativamente l&#8217;aspetto dell&#8217;iperpigmentazione, conferendo alla pelle un aspetto uniforme e sano. La niacinamide, grazie alle sue propriet\u00e0 antiossidanti, inibisce efficacemente i processi ossidativi come l&#8217;ossidazione delle proteine e la glicazione. I prodotti di glicazione avanzata (AGE) possono influire sul processo di invecchiamento della pelle, portando, tra l&#8217;altro, alla formazione di discromie gialle. Agendo come antiossidante, questa vitamina pu\u00f2 proteggere la pelle dall&#8217;ingiallimento e da altri effetti negativi dell&#8217;invecchiamento cutaneo.        <\/p>\n<h3>Rafforzare la barriera cutanea<\/h3>\n<p>  I prodotti con vitamina B3 aiutano a rafforzare la barriera cutanea, che aumenta l&#8217;idratazione della pelle e la protegge dai fattori esterni dannosi. La niacinamide <strong>riduce la perdita di acqua transepidermica<\/strong> (TEWL), essenziale per mantenere la pelle idratata. Gli studi dimostrano che l&#8217;uso regolare di cosmetici con niacinamide pu\u00f2 migliorare la funzione della barriera cutanea e aumentare la resistenza della pelle ai fattori ambientali<a href=\"\/produkty\/produkty-dla-przemyslu-farmaceutycznego-i-medycznego\/witaminy\/witamina-b3\/#bibl-wit3\">(Mohammed et al., 2013<\/a>).    <\/p>\n<h3>Riduzione della produzione di sebo<\/h3>\n<p>  La niacinamide \u00e8 anche <strong>efficace nel regolare la produzione di sebo<\/strong>, il che \u00e8 particolarmente vantaggioso per chi ha la pelle grassa e una tendenza all&#8217;acne. Alcuni studi hanno dimostrato che l&#8217;uso della niacinamide a una concentrazione del 2% pu\u00f2 ridurre significativamente la secrezione di sebo, contribuendo a migliorare le condizioni della pelle<a href=\"\/produkty\/produkty-dla-przemyslu-farmaceutycznego-i-medycznego\/witaminy\/witamina-b3\/#bibl-wit3\">(Draelos et al., 2006<\/a>).   &nbsp;<\/p>\n<h2>Vitamina B3 in integrazione<\/h2>\n<p>  La niacinamide \u00e8 spesso utilizzata negli integratori alimentari, disponibili sotto forma di compresse o capsule. Si trova spesso nella formulazione di complessi vitaminici che mirano a migliorare la bellezza<strong> supportando la salute di pelle, capelli e unghie.<\/strong> Come ingrediente di queste formulazioni, la niacinamide aiuta a idratare la pelle, a rafforzare la barriera protettiva e a ridurre l&#8217;infiammazione e l&#8217;eccessiva produzione di sebo. Questa vitamina svolge un ruolo importante nel <strong>normale funzionamento del sistema nervoso<\/strong> e dei processi metabolici. Come precursore del NAD+, \u00e8 fondamentale per le reazioni redox e la produzione di energia nelle cellule, essenziale per il metabolismo. Ha anche un effetto neuroprotettivo, favorendo lo sviluppo e la sopravvivenza dei neuroni e proteggendoli da danni legati all&#8217;ischemia e di altro tipo. Le ricerche indicano il suo potenziale nella protezione dalle malattie neurodegenerative come l&#8217;Alzheimer, il Parkinson e la malattia di Huntington. L&#8217;integrazione di vitamina B3 \u00e8 particolarmente consigliata alle persone con carenze di vitamina B3, che possono manifestarsi con una serie di problemi alla pelle, debolezza del corpo e altri sintomi di pelagia. L&#8217;uso regolare di niacinamide pu\u00f2 prevenire le carenze vitaminiche e promuovere la salute e la bellezza generale.         <\/p>\n<hr>\n<p><small>AUTORE DELL&#8217;ARTICOLO:<\/small><\/p>\n<h5 class=\"author-name uppercase pt-half\">Katarzyna Kopyci\u0144ska<\/h5>\n<p class=\"author-desc small\">Tecnico di farmacia con esperienza di lavoro in una farmacia dove fornisce consulenza su questioni di salute e assistenza. Si \u00e8 laureata in biotecnologie presso l&#8217;Universit\u00e0 Nicolaus Copernicus di Toru\u0144. Come copywriter, \u00e8 specializzata in argomenti legati alla salute, alle erbe e alla cura. \u00c8 appassionata di erboristeria e di metodi di cura naturali e le piace trasmettere le sue conoscenze in modo semplice e accessibile.   <\/p>\n<p>&nbsp;<\/p>\n","protected":false},"excerpt":{"rendered":"<p><strong>La vitamina B3<\/strong>, nota anche come <strong>niacinamide <\/strong>o <strong>nicotinamide<\/strong>, \u00e8 un ingrediente molto apprezzato nei cosmetici e negli integratori. La sua popolarit\u00e0 \u00e8 dovuta all&#8217;ampia gamma di benefici per la pelle e per la salute generale. Viene comunemente utilizzata nei prodotti per la cura della pelle, aiutando a migliorarne le condizioni e l&#8217;aspetto. Inoltre, la niacinamide viene utilizzata negli integratori alimentari per favorire il metabolismo e la salute del sistema nervoso.   <\/p>\n","protected":false},"featured_media":35807,"template":"","meta":{"_acf_changed":false},"product_brand":[],"product_cat":[1532],"product_tag":[],"class_list":{"0":"post-38449","1":"product","2":"type-product","3":"status-publish","4":"has-post-thumbnail","6":"product_cat-vitamine-it","8":"first","9":"instock","10":"shipping-taxable","11":"product-type-simple"},"acf":[],"yoast_head":"<!-- This site is optimized with the Yoast SEO plugin v27.4 - https:\/\/yoast.com\/product\/yoast-seo-wordpress\/ -->\n<title>Vitamina B3 - NATURAL POLAND - Distributore all&#039;ingrosso di materie prime<\/title>\n<meta name=\"description\" content=\"La niacinamide, o vitamina B3, trova posto sia nei prodotti cosmetici che negli integratori alimentari. Confezionata in sacchi da 25 kg.\" \/>\n<meta name=\"robots\" content=\"index, follow, max-snippet:-1, max-image-preview:large, max-video-preview:-1\" \/>\n<link rel=\"canonical\" href=\"https:\/\/naturalpoland.com\/it\/produkty\/prodotti-per-industria-farmaceutica-e-medica\/vitamine-it\/witamina-b3\/\" \/>\n<meta property=\"og:locale\" content=\"it_IT\" \/>\n<meta property=\"og:type\" content=\"article\" \/>\n<meta property=\"og:title\" content=\"Vitamina B3 - NATURAL POLAND - Distributore all&#039;ingrosso di materie prime\" \/>\n<meta property=\"og:description\" content=\"La niacinamide, o vitamina B3, trova posto sia nei prodotti cosmetici che negli integratori alimentari. Confezionata in sacchi da 25 kg.\" \/>\n<meta property=\"og:url\" content=\"https:\/\/naturalpoland.com\/it\/produkty\/prodotti-per-industria-farmaceutica-e-medica\/vitamine-it\/witamina-b3\/\" \/>\n<meta property=\"og:site_name\" content=\"NATURAL POLAND - Distributore all&#039;ingrosso di materie prime\" \/>\n<meta property=\"article:publisher\" content=\"https:\/\/www.facebook.com\/naturalpoland.b2b\" \/>\n<meta property=\"og:image\" content=\"https:\/\/naturalpoland.com\/wp-content\/uploads\/niacynamid.webp\" \/>\n\t<meta property=\"og:image:width\" content=\"619\" \/>\n\t<meta property=\"og:image:height\" content=\"619\" \/>\n\t<meta property=\"og:image:type\" content=\"image\/webp\" \/>\n<script type=\"application\/ld+json\" class=\"yoast-schema-graph\">{\"@context\":\"https:\\\/\\\/schema.org\",\"@graph\":[{\"@type\":\"WebPage\",\"@id\":\"https:\\\/\\\/naturalpoland.com\\\/it\\\/produkty\\\/prodotti-per-industria-farmaceutica-e-medica\\\/vitamine-it\\\/witamina-b3\\\/\",\"url\":\"https:\\\/\\\/naturalpoland.com\\\/it\\\/produkty\\\/prodotti-per-industria-farmaceutica-e-medica\\\/vitamine-it\\\/witamina-b3\\\/\",\"name\":\"Vitamina B3 - NATURAL POLAND - Distributore all'ingrosso di materie prime\",\"isPartOf\":{\"@id\":\"https:\\\/\\\/naturalpoland.com\\\/it\\\/#website\"},\"primaryImageOfPage\":{\"@id\":\"https:\\\/\\\/naturalpoland.com\\\/it\\\/produkty\\\/prodotti-per-industria-farmaceutica-e-medica\\\/vitamine-it\\\/witamina-b3\\\/#primaryimage\"},\"image\":{\"@id\":\"https:\\\/\\\/naturalpoland.com\\\/it\\\/produkty\\\/prodotti-per-industria-farmaceutica-e-medica\\\/vitamine-it\\\/witamina-b3\\\/#primaryimage\"},\"thumbnailUrl\":\"https:\\\/\\\/naturalpoland.com\\\/wp-content\\\/uploads\\\/niacynamid.webp\",\"datePublished\":\"2024-12-23T11:50:36+00:00\",\"description\":\"La niacinamide, o vitamina B3, trova posto sia nei prodotti cosmetici che negli integratori alimentari. Confezionata in sacchi da 25 kg.\",\"breadcrumb\":{\"@id\":\"https:\\\/\\\/naturalpoland.com\\\/it\\\/produkty\\\/prodotti-per-industria-farmaceutica-e-medica\\\/vitamine-it\\\/witamina-b3\\\/#breadcrumb\"},\"inLanguage\":\"it-IT\",\"potentialAction\":[{\"@type\":\"ReadAction\",\"target\":[\"https:\\\/\\\/naturalpoland.com\\\/it\\\/produkty\\\/prodotti-per-industria-farmaceutica-e-medica\\\/vitamine-it\\\/witamina-b3\\\/\"]}]},{\"@type\":\"ImageObject\",\"inLanguage\":\"it-IT\",\"@id\":\"https:\\\/\\\/naturalpoland.com\\\/it\\\/produkty\\\/prodotti-per-industria-farmaceutica-e-medica\\\/vitamine-it\\\/witamina-b3\\\/#primaryimage\",\"url\":\"https:\\\/\\\/naturalpoland.com\\\/wp-content\\\/uploads\\\/niacynamid.webp\",\"contentUrl\":\"https:\\\/\\\/naturalpoland.com\\\/wp-content\\\/uploads\\\/niacynamid.webp\",\"width\":619,\"height\":619,\"caption\":\"niacynamid w postaci bia\u0142ego krystalicznego proszku\"},{\"@type\":\"BreadcrumbList\",\"@id\":\"https:\\\/\\\/naturalpoland.com\\\/it\\\/produkty\\\/prodotti-per-industria-farmaceutica-e-medica\\\/vitamine-it\\\/witamina-b3\\\/#breadcrumb\",\"itemListElement\":[{\"@type\":\"ListItem\",\"position\":1,\"name\":\"Home\",\"item\":\"https:\\\/\\\/naturalpoland.com\\\/it\\\/\"},{\"@type\":\"ListItem\",\"position\":2,\"name\":\"Prodotti\",\"item\":\"https:\\\/\\\/naturalpoland.com\\\/it\\\/prodotti\\\/\"},{\"@type\":\"ListItem\",\"position\":3,\"name\":\"Vitamina B3\"}]},{\"@type\":\"WebSite\",\"@id\":\"https:\\\/\\\/naturalpoland.com\\\/it\\\/#website\",\"url\":\"https:\\\/\\\/naturalpoland.com\\\/it\\\/\",\"name\":\"NATURAL POLAND - Distributore all'ingrosso di materie prime\",\"description\":\"Surowce dla przemys\u0142u spo\u017cywczego, kosmetycznego i farmaceutycznego\",\"publisher\":{\"@id\":\"https:\\\/\\\/naturalpoland.com\\\/it\\\/#organization\"},\"potentialAction\":[{\"@type\":\"SearchAction\",\"target\":{\"@type\":\"EntryPoint\",\"urlTemplate\":\"https:\\\/\\\/naturalpoland.com\\\/it\\\/?s={search_term_string}\"},\"query-input\":{\"@type\":\"PropertyValueSpecification\",\"valueRequired\":true,\"valueName\":\"search_term_string\"}}],\"inLanguage\":\"it-IT\"},{\"@type\":\"Organization\",\"@id\":\"https:\\\/\\\/naturalpoland.com\\\/it\\\/#organization\",\"name\":\"Natural Poland\",\"url\":\"https:\\\/\\\/naturalpoland.com\\\/it\\\/\",\"logo\":{\"@type\":\"ImageObject\",\"inLanguage\":\"it-IT\",\"@id\":\"https:\\\/\\\/naturalpoland.com\\\/it\\\/#\\\/schema\\\/logo\\\/image\\\/\",\"url\":\"https:\\\/\\\/naturalpoland.com\\\/wp-content\\\/uploads\\\/2021\\\/05\\\/natural-poland-icon.png\",\"contentUrl\":\"https:\\\/\\\/naturalpoland.com\\\/wp-content\\\/uploads\\\/2021\\\/05\\\/natural-poland-icon.png\",\"width\":512,\"height\":512,\"caption\":\"Natural Poland\"},\"image\":{\"@id\":\"https:\\\/\\\/naturalpoland.com\\\/it\\\/#\\\/schema\\\/logo\\\/image\\\/\"},\"sameAs\":[\"https:\\\/\\\/www.facebook.com\\\/naturalpoland.b2b\",\"https:\\\/\\\/pl.linkedin.com\\\/company\\\/natural-poland\",\"https:\\\/\\\/www.youtube.com\\\/channel\\\/UCgeGGkvOMahZo-xu_MSEWxg\"]}]}<\/script>\n<!-- \/ Yoast SEO plugin. -->","yoast_head_json":{"title":"Vitamina B3 - NATURAL POLAND - Distributore all'ingrosso di materie prime","description":"La niacinamide, o vitamina B3, trova posto sia nei prodotti cosmetici che negli integratori alimentari. Confezionata in sacchi da 25 kg.","robots":{"index":"index","follow":"follow","max-snippet":"max-snippet:-1","max-image-preview":"max-image-preview:large","max-video-preview":"max-video-preview:-1"},"canonical":"https:\/\/naturalpoland.com\/it\/produkty\/prodotti-per-industria-farmaceutica-e-medica\/vitamine-it\/witamina-b3\/","og_locale":"it_IT","og_type":"article","og_title":"Vitamina B3 - NATURAL POLAND - Distributore all'ingrosso di materie prime","og_description":"La niacinamide, o vitamina B3, trova posto sia nei prodotti cosmetici che negli integratori alimentari. Confezionata in sacchi da 25 kg.","og_url":"https:\/\/naturalpoland.com\/it\/produkty\/prodotti-per-industria-farmaceutica-e-medica\/vitamine-it\/witamina-b3\/","og_site_name":"NATURAL POLAND - Distributore all'ingrosso di materie prime","article_publisher":"https:\/\/www.facebook.com\/naturalpoland.b2b","og_image":[{"width":619,"height":619,"url":"https:\/\/naturalpoland.com\/wp-content\/uploads\/niacynamid.webp","type":"image\/webp"}],"schema":{"@context":"https:\/\/schema.org","@graph":[{"@type":"WebPage","@id":"https:\/\/naturalpoland.com\/it\/produkty\/prodotti-per-industria-farmaceutica-e-medica\/vitamine-it\/witamina-b3\/","url":"https:\/\/naturalpoland.com\/it\/produkty\/prodotti-per-industria-farmaceutica-e-medica\/vitamine-it\/witamina-b3\/","name":"Vitamina B3 - NATURAL POLAND - Distributore all'ingrosso di materie prime","isPartOf":{"@id":"https:\/\/naturalpoland.com\/it\/#website"},"primaryImageOfPage":{"@id":"https:\/\/naturalpoland.com\/it\/produkty\/prodotti-per-industria-farmaceutica-e-medica\/vitamine-it\/witamina-b3\/#primaryimage"},"image":{"@id":"https:\/\/naturalpoland.com\/it\/produkty\/prodotti-per-industria-farmaceutica-e-medica\/vitamine-it\/witamina-b3\/#primaryimage"},"thumbnailUrl":"https:\/\/naturalpoland.com\/wp-content\/uploads\/niacynamid.webp","datePublished":"2024-12-23T11:50:36+00:00","description":"La niacinamide, o vitamina B3, trova posto sia nei prodotti cosmetici che negli integratori alimentari. Confezionata in sacchi da 25 kg.","breadcrumb":{"@id":"https:\/\/naturalpoland.com\/it\/produkty\/prodotti-per-industria-farmaceutica-e-medica\/vitamine-it\/witamina-b3\/#breadcrumb"},"inLanguage":"it-IT","potentialAction":[{"@type":"ReadAction","target":["https:\/\/naturalpoland.com\/it\/produkty\/prodotti-per-industria-farmaceutica-e-medica\/vitamine-it\/witamina-b3\/"]}]},{"@type":"ImageObject","inLanguage":"it-IT","@id":"https:\/\/naturalpoland.com\/it\/produkty\/prodotti-per-industria-farmaceutica-e-medica\/vitamine-it\/witamina-b3\/#primaryimage","url":"https:\/\/naturalpoland.com\/wp-content\/uploads\/niacynamid.webp","contentUrl":"https:\/\/naturalpoland.com\/wp-content\/uploads\/niacynamid.webp","width":619,"height":619,"caption":"niacynamid w postaci bia\u0142ego krystalicznego proszku"},{"@type":"BreadcrumbList","@id":"https:\/\/naturalpoland.com\/it\/produkty\/prodotti-per-industria-farmaceutica-e-medica\/vitamine-it\/witamina-b3\/#breadcrumb","itemListElement":[{"@type":"ListItem","position":1,"name":"Home","item":"https:\/\/naturalpoland.com\/it\/"},{"@type":"ListItem","position":2,"name":"Prodotti","item":"https:\/\/naturalpoland.com\/it\/prodotti\/"},{"@type":"ListItem","position":3,"name":"Vitamina B3"}]},{"@type":"WebSite","@id":"https:\/\/naturalpoland.com\/it\/#website","url":"https:\/\/naturalpoland.com\/it\/","name":"NATURAL POLAND - Distributore all'ingrosso di materie prime","description":"Surowce dla przemys\u0142u spo\u017cywczego, kosmetycznego i farmaceutycznego","publisher":{"@id":"https:\/\/naturalpoland.com\/it\/#organization"},"potentialAction":[{"@type":"SearchAction","target":{"@type":"EntryPoint","urlTemplate":"https:\/\/naturalpoland.com\/it\/?s={search_term_string}"},"query-input":{"@type":"PropertyValueSpecification","valueRequired":true,"valueName":"search_term_string"}}],"inLanguage":"it-IT"},{"@type":"Organization","@id":"https:\/\/naturalpoland.com\/it\/#organization","name":"Natural Poland","url":"https:\/\/naturalpoland.com\/it\/","logo":{"@type":"ImageObject","inLanguage":"it-IT","@id":"https:\/\/naturalpoland.com\/it\/#\/schema\/logo\/image\/","url":"https:\/\/naturalpoland.com\/wp-content\/uploads\/2021\/05\/natural-poland-icon.png","contentUrl":"https:\/\/naturalpoland.com\/wp-content\/uploads\/2021\/05\/natural-poland-icon.png","width":512,"height":512,"caption":"Natural Poland"},"image":{"@id":"https:\/\/naturalpoland.com\/it\/#\/schema\/logo\/image\/"},"sameAs":["https:\/\/www.facebook.com\/naturalpoland.b2b","https:\/\/pl.linkedin.com\/company\/natural-poland","https:\/\/www.youtube.com\/channel\/UCgeGGkvOMahZo-xu_MSEWxg"]}]}},"_links":{"self":[{"href":"https:\/\/naturalpoland.com\/it\/wp-json\/wp\/v2\/product\/38449","targetHints":{"allow":["GET"]}}],"collection":[{"href":"https:\/\/naturalpoland.com\/it\/wp-json\/wp\/v2\/product"}],"about":[{"href":"https:\/\/naturalpoland.com\/it\/wp-json\/wp\/v2\/types\/product"}],"wp:featuredmedia":[{"embeddable":true,"href":"https:\/\/naturalpoland.com\/it\/wp-json\/wp\/v2\/media\/35807"}],"wp:attachment":[{"href":"https:\/\/naturalpoland.com\/it\/wp-json\/wp\/v2\/media?parent=38449"}],"wp:term":[{"taxonomy":"product_brand","embeddable":true,"href":"https:\/\/naturalpoland.com\/it\/wp-json\/wp\/v2\/product_brand?post=38449"},{"taxonomy":"product_cat","embeddable":true,"href":"https:\/\/naturalpoland.com\/it\/wp-json\/wp\/v2\/product_cat?post=38449"},{"taxonomy":"product_tag","embeddable":true,"href":"https:\/\/naturalpoland.com\/it\/wp-json\/wp\/v2\/product_tag?post=38449"}],"curies":[{"name":"wp","href":"https:\/\/api.w.org\/{rel}","templated":true}]}}