{"id":38962,"date":"2025-01-27T13:11:59","date_gmt":"2025-01-28T14:39:39","guid":{"rendered":"https:\/\/naturalpoland.com\/produkty\/senza-categoria\/inosina\/"},"modified":"2025-01-28T15:39:39","modified_gmt":"2025-01-28T14:39:39","slug":"inosina","status":"publish","type":"product","link":"https:\/\/naturalpoland.com\/it\/produkty\/prodotti-per-industria-farmaceutica-e-medica\/additivi-per-integratori\/inosina\/","title":{"rendered":"Inosina"},"content":{"rendered":"<h2>Propriet\u00e0 dell&#8217;inosina<\/h2>\n<p>L&#8217;inosina \u00e8 un composto chimico organico che agisce come precursore dell&#8217;adenosina. Influenza molti processi biochimici dell&#8217;organismo. I suoi benefici pi\u00f9 importanti riguardano il suo effetto positivo sul sistema immunitario attraverso la produzione di linfociti. Di conseguenza, la sua integrazione \u00e8 consigliata alle persone a rischio di infezioni. L&#8217;inosina viene utilizzata anche nell&#8217;integrazione sportiva. Migliora la capacit\u00e0 aerobica negli allenatori di forza e aumenta la disponibilit\u00e0 di energia. Altre propriet\u00e0 dell&#8217;inosina sono la capacit\u00e0 di proteggere le cellule nervose dai danni ossidativi e di favorire la rigenerazione dopo un infortunio.   <\/p>\n<h2>Uso dell&#8217;inosina<\/h2>\n<p>L&#8217;inosina viene utilizzata nella produzione di integratori alimentari per gli atleti, in particolare quelli che favoriscono le prestazioni e il recupero e rafforzano il sistema immunitario. L&#8217;inosina si trova anche in prodotti che proteggono da problemi neurologici. <\/p>\n","protected":false},"excerpt":{"rendered":"<p>L&#8217;inosina \u00e8 una materia prima farmaceutica utilizzata negli integratori alimentari. Il prodotto che offriamo \u00e8 standardizzato e si presenta sotto forma di polvere bianca e cristallina con un sapore e un odore caratteristici. <\/p>\n","protected":false},"featured_media":38892,"template":"","meta":{"_acf_changed":false},"product_brand":[],"product_cat":[1530],"product_tag":[],"class_list":{"0":"post-38962","1":"product","2":"type-product","3":"status-publish","4":"has-post-thumbnail","6":"product_cat-additivi-per-integratori","8":"first","9":"instock","10":"shipping-taxable","11":"product-type-simple"},"acf":[],"yoast_head":"<!-- This site is optimized with the Yoast SEO plugin v27.5 - https:\/\/yoast.com\/product\/yoast-seo-wordpress\/ -->\n<title>Inosina - Distributore all&#039;ingrosso<\/title>\n<meta name=\"description\" content=\"L&#039;inosina \u00e8 una materia prima farmaceutica di alta qualit\u00e0 che \u00e8 stata ampiamente utilizzata nell&#039;industria degli integratori e dei prodotti farmaceutici.\" \/>\n<meta name=\"robots\" content=\"index, follow, max-snippet:-1, max-image-preview:large, max-video-preview:-1\" \/>\n<link rel=\"canonical\" href=\"https:\/\/naturalpoland.com\/it\/produkty\/prodotti-per-industria-farmaceutica-e-medica\/additivi-per-integratori\/inosina\/\" \/>\n<meta property=\"og:locale\" content=\"it_IT\" \/>\n<meta property=\"og:type\" content=\"article\" \/>\n<meta property=\"og:title\" content=\"Inosina - Distributore all&#039;ingrosso\" \/>\n<meta property=\"og:description\" content=\"L&#039;inosina \u00e8 una materia prima farmaceutica di alta qualit\u00e0 che \u00e8 stata ampiamente utilizzata nell&#039;industria degli integratori e dei prodotti farmaceutici.\" \/>\n<meta property=\"og:url\" content=\"https:\/\/naturalpoland.com\/it\/produkty\/prodotti-per-industria-farmaceutica-e-medica\/additivi-per-integratori\/inosina\/\" \/>\n<meta property=\"og:site_name\" content=\"NATURAL POLAND - Distributore all&#039;ingrosso di materie prime\" \/>\n<meta property=\"article:publisher\" content=\"https:\/\/www.facebook.com\/naturalpoland.b2b\" \/>\n<meta property=\"og:image\" content=\"https:\/\/naturalpoland.com\/wp-content\/uploads\/inozyna.webp\" \/>\n\t<meta property=\"og:image:width\" content=\"590\" \/>\n\t<meta property=\"og:image:height\" content=\"590\" \/>\n\t<meta property=\"og:image:type\" content=\"image\/webp\" \/>\n<script type=\"application\/ld+json\" class=\"yoast-schema-graph\">{\"@context\":\"https:\\\/\\\/schema.org\",\"@graph\":[{\"@type\":\"WebPage\",\"@id\":\"https:\\\/\\\/naturalpoland.com\\\/it\\\/produkty\\\/prodotti-per-industria-farmaceutica-e-medica\\\/additivi-per-integratori\\\/inosina\\\/\",\"url\":\"https:\\\/\\\/naturalpoland.com\\\/it\\\/produkty\\\/prodotti-per-industria-farmaceutica-e-medica\\\/additivi-per-integratori\\\/inosina\\\/\",\"name\":\"Inosina - Distributore all'ingrosso\",\"isPartOf\":{\"@id\":\"https:\\\/\\\/naturalpoland.com\\\/it\\\/#website\"},\"primaryImageOfPage\":{\"@id\":\"https:\\\/\\\/naturalpoland.com\\\/it\\\/produkty\\\/prodotti-per-industria-farmaceutica-e-medica\\\/additivi-per-integratori\\\/inosina\\\/#primaryimage\"},\"image\":{\"@id\":\"https:\\\/\\\/naturalpoland.com\\\/it\\\/produkty\\\/prodotti-per-industria-farmaceutica-e-medica\\\/additivi-per-integratori\\\/inosina\\\/#primaryimage\"},\"thumbnailUrl\":\"https:\\\/\\\/naturalpoland.com\\\/wp-content\\\/uploads\\\/inozyna.webp\",\"datePublished\":\"2025-01-28T14:39:39+00:00\",\"description\":\"L'inosina \u00e8 una materia prima farmaceutica di alta qualit\u00e0 che \u00e8 stata ampiamente utilizzata nell'industria degli integratori e dei prodotti farmaceutici.\",\"breadcrumb\":{\"@id\":\"https:\\\/\\\/naturalpoland.com\\\/it\\\/produkty\\\/prodotti-per-industria-farmaceutica-e-medica\\\/additivi-per-integratori\\\/inosina\\\/#breadcrumb\"},\"inLanguage\":\"it-IT\",\"potentialAction\":[{\"@type\":\"ReadAction\",\"target\":[\"https:\\\/\\\/naturalpoland.com\\\/it\\\/produkty\\\/prodotti-per-industria-farmaceutica-e-medica\\\/additivi-per-integratori\\\/inosina\\\/\"]}]},{\"@type\":\"ImageObject\",\"inLanguage\":\"it-IT\",\"@id\":\"https:\\\/\\\/naturalpoland.com\\\/it\\\/produkty\\\/prodotti-per-industria-farmaceutica-e-medica\\\/additivi-per-integratori\\\/inosina\\\/#primaryimage\",\"url\":\"https:\\\/\\\/naturalpoland.com\\\/wp-content\\\/uploads\\\/inozyna.webp\",\"contentUrl\":\"https:\\\/\\\/naturalpoland.com\\\/wp-content\\\/uploads\\\/inozyna.webp\",\"width\":590,\"height\":590,\"caption\":\"inozyna\"},{\"@type\":\"BreadcrumbList\",\"@id\":\"https:\\\/\\\/naturalpoland.com\\\/it\\\/produkty\\\/prodotti-per-industria-farmaceutica-e-medica\\\/additivi-per-integratori\\\/inosina\\\/#breadcrumb\",\"itemListElement\":[{\"@type\":\"ListItem\",\"position\":1,\"name\":\"Home\",\"item\":\"https:\\\/\\\/naturalpoland.com\\\/it\\\/\"},{\"@type\":\"ListItem\",\"position\":2,\"name\":\"Prodotti\",\"item\":\"https:\\\/\\\/naturalpoland.com\\\/it\\\/prodotti\\\/\"},{\"@type\":\"ListItem\",\"position\":3,\"name\":\"Inosina\"}]},{\"@type\":\"WebSite\",\"@id\":\"https:\\\/\\\/naturalpoland.com\\\/it\\\/#website\",\"url\":\"https:\\\/\\\/naturalpoland.com\\\/it\\\/\",\"name\":\"NATURAL POLAND - Distributore all'ingrosso di materie prime\",\"description\":\"Surowce dla przemys\u0142u spo\u017cywczego, kosmetycznego i farmaceutycznego\",\"publisher\":{\"@id\":\"https:\\\/\\\/naturalpoland.com\\\/it\\\/#organization\"},\"potentialAction\":[{\"@type\":\"SearchAction\",\"target\":{\"@type\":\"EntryPoint\",\"urlTemplate\":\"https:\\\/\\\/naturalpoland.com\\\/it\\\/?s={search_term_string}\"},\"query-input\":{\"@type\":\"PropertyValueSpecification\",\"valueRequired\":true,\"valueName\":\"search_term_string\"}}],\"inLanguage\":\"it-IT\"},{\"@type\":\"Organization\",\"@id\":\"https:\\\/\\\/naturalpoland.com\\\/it\\\/#organization\",\"name\":\"Natural Poland\",\"url\":\"https:\\\/\\\/naturalpoland.com\\\/it\\\/\",\"logo\":{\"@type\":\"ImageObject\",\"inLanguage\":\"it-IT\",\"@id\":\"https:\\\/\\\/naturalpoland.com\\\/it\\\/#\\\/schema\\\/logo\\\/image\\\/\",\"url\":\"https:\\\/\\\/naturalpoland.com\\\/wp-content\\\/uploads\\\/2021\\\/05\\\/natural-poland-icon.png\",\"contentUrl\":\"https:\\\/\\\/naturalpoland.com\\\/wp-content\\\/uploads\\\/2021\\\/05\\\/natural-poland-icon.png\",\"width\":512,\"height\":512,\"caption\":\"Natural Poland\"},\"image\":{\"@id\":\"https:\\\/\\\/naturalpoland.com\\\/it\\\/#\\\/schema\\\/logo\\\/image\\\/\"},\"sameAs\":[\"https:\\\/\\\/www.facebook.com\\\/naturalpoland.b2b\",\"https:\\\/\\\/pl.linkedin.com\\\/company\\\/natural-poland\",\"https:\\\/\\\/www.youtube.com\\\/channel\\\/UCgeGGkvOMahZo-xu_MSEWxg\"]}]}<\/script>\n<!-- \/ Yoast SEO plugin. -->","yoast_head_json":{"title":"Inosina - Distributore all'ingrosso","description":"L'inosina \u00e8 una materia prima farmaceutica di alta qualit\u00e0 che \u00e8 stata ampiamente utilizzata nell'industria degli integratori e dei prodotti farmaceutici.","robots":{"index":"index","follow":"follow","max-snippet":"max-snippet:-1","max-image-preview":"max-image-preview:large","max-video-preview":"max-video-preview:-1"},"canonical":"https:\/\/naturalpoland.com\/it\/produkty\/prodotti-per-industria-farmaceutica-e-medica\/additivi-per-integratori\/inosina\/","og_locale":"it_IT","og_type":"article","og_title":"Inosina - Distributore all'ingrosso","og_description":"L'inosina \u00e8 una materia prima farmaceutica di alta qualit\u00e0 che \u00e8 stata ampiamente utilizzata nell'industria degli integratori e dei prodotti farmaceutici.","og_url":"https:\/\/naturalpoland.com\/it\/produkty\/prodotti-per-industria-farmaceutica-e-medica\/additivi-per-integratori\/inosina\/","og_site_name":"NATURAL POLAND - Distributore all'ingrosso di materie prime","article_publisher":"https:\/\/www.facebook.com\/naturalpoland.b2b","og_image":[{"width":590,"height":590,"url":"https:\/\/naturalpoland.com\/wp-content\/uploads\/inozyna.webp","type":"image\/webp"}],"schema":{"@context":"https:\/\/schema.org","@graph":[{"@type":"WebPage","@id":"https:\/\/naturalpoland.com\/it\/produkty\/prodotti-per-industria-farmaceutica-e-medica\/additivi-per-integratori\/inosina\/","url":"https:\/\/naturalpoland.com\/it\/produkty\/prodotti-per-industria-farmaceutica-e-medica\/additivi-per-integratori\/inosina\/","name":"Inosina - Distributore all'ingrosso","isPartOf":{"@id":"https:\/\/naturalpoland.com\/it\/#website"},"primaryImageOfPage":{"@id":"https:\/\/naturalpoland.com\/it\/produkty\/prodotti-per-industria-farmaceutica-e-medica\/additivi-per-integratori\/inosina\/#primaryimage"},"image":{"@id":"https:\/\/naturalpoland.com\/it\/produkty\/prodotti-per-industria-farmaceutica-e-medica\/additivi-per-integratori\/inosina\/#primaryimage"},"thumbnailUrl":"https:\/\/naturalpoland.com\/wp-content\/uploads\/inozyna.webp","datePublished":"2025-01-28T14:39:39+00:00","description":"L'inosina \u00e8 una materia prima farmaceutica di alta qualit\u00e0 che \u00e8 stata ampiamente utilizzata nell'industria degli integratori e dei prodotti farmaceutici.","breadcrumb":{"@id":"https:\/\/naturalpoland.com\/it\/produkty\/prodotti-per-industria-farmaceutica-e-medica\/additivi-per-integratori\/inosina\/#breadcrumb"},"inLanguage":"it-IT","potentialAction":[{"@type":"ReadAction","target":["https:\/\/naturalpoland.com\/it\/produkty\/prodotti-per-industria-farmaceutica-e-medica\/additivi-per-integratori\/inosina\/"]}]},{"@type":"ImageObject","inLanguage":"it-IT","@id":"https:\/\/naturalpoland.com\/it\/produkty\/prodotti-per-industria-farmaceutica-e-medica\/additivi-per-integratori\/inosina\/#primaryimage","url":"https:\/\/naturalpoland.com\/wp-content\/uploads\/inozyna.webp","contentUrl":"https:\/\/naturalpoland.com\/wp-content\/uploads\/inozyna.webp","width":590,"height":590,"caption":"inozyna"},{"@type":"BreadcrumbList","@id":"https:\/\/naturalpoland.com\/it\/produkty\/prodotti-per-industria-farmaceutica-e-medica\/additivi-per-integratori\/inosina\/#breadcrumb","itemListElement":[{"@type":"ListItem","position":1,"name":"Home","item":"https:\/\/naturalpoland.com\/it\/"},{"@type":"ListItem","position":2,"name":"Prodotti","item":"https:\/\/naturalpoland.com\/it\/prodotti\/"},{"@type":"ListItem","position":3,"name":"Inosina"}]},{"@type":"WebSite","@id":"https:\/\/naturalpoland.com\/it\/#website","url":"https:\/\/naturalpoland.com\/it\/","name":"NATURAL POLAND - Distributore all'ingrosso di materie prime","description":"Surowce dla przemys\u0142u spo\u017cywczego, kosmetycznego i farmaceutycznego","publisher":{"@id":"https:\/\/naturalpoland.com\/it\/#organization"},"potentialAction":[{"@type":"SearchAction","target":{"@type":"EntryPoint","urlTemplate":"https:\/\/naturalpoland.com\/it\/?s={search_term_string}"},"query-input":{"@type":"PropertyValueSpecification","valueRequired":true,"valueName":"search_term_string"}}],"inLanguage":"it-IT"},{"@type":"Organization","@id":"https:\/\/naturalpoland.com\/it\/#organization","name":"Natural Poland","url":"https:\/\/naturalpoland.com\/it\/","logo":{"@type":"ImageObject","inLanguage":"it-IT","@id":"https:\/\/naturalpoland.com\/it\/#\/schema\/logo\/image\/","url":"https:\/\/naturalpoland.com\/wp-content\/uploads\/2021\/05\/natural-poland-icon.png","contentUrl":"https:\/\/naturalpoland.com\/wp-content\/uploads\/2021\/05\/natural-poland-icon.png","width":512,"height":512,"caption":"Natural Poland"},"image":{"@id":"https:\/\/naturalpoland.com\/it\/#\/schema\/logo\/image\/"},"sameAs":["https:\/\/www.facebook.com\/naturalpoland.b2b","https:\/\/pl.linkedin.com\/company\/natural-poland","https:\/\/www.youtube.com\/channel\/UCgeGGkvOMahZo-xu_MSEWxg"]}]}},"_links":{"self":[{"href":"https:\/\/naturalpoland.com\/it\/wp-json\/wp\/v2\/product\/38962","targetHints":{"allow":["GET"]}}],"collection":[{"href":"https:\/\/naturalpoland.com\/it\/wp-json\/wp\/v2\/product"}],"about":[{"href":"https:\/\/naturalpoland.com\/it\/wp-json\/wp\/v2\/types\/product"}],"wp:featuredmedia":[{"embeddable":true,"href":"https:\/\/naturalpoland.com\/it\/wp-json\/wp\/v2\/media\/38892"}],"wp:attachment":[{"href":"https:\/\/naturalpoland.com\/it\/wp-json\/wp\/v2\/media?parent=38962"}],"wp:term":[{"taxonomy":"product_brand","embeddable":true,"href":"https:\/\/naturalpoland.com\/it\/wp-json\/wp\/v2\/product_brand?post=38962"},{"taxonomy":"product_cat","embeddable":true,"href":"https:\/\/naturalpoland.com\/it\/wp-json\/wp\/v2\/product_cat?post=38962"},{"taxonomy":"product_tag","embeddable":true,"href":"https:\/\/naturalpoland.com\/it\/wp-json\/wp\/v2\/product_tag?post=38962"}],"curies":[{"name":"wp","href":"https:\/\/api.w.org\/{rel}","templated":true}]}}