{"id":38991,"date":"2025-01-30T12:06:58","date_gmt":"2025-01-30T13:14:58","guid":{"rendered":"https:\/\/naturalpoland.com\/produkty\/senza-categoria\/olio-di-arachidi\/"},"modified":"2025-01-30T14:14:58","modified_gmt":"2025-01-30T13:14:58","slug":"olio-di-arachidi","status":"publish","type":"product","link":"https:\/\/naturalpoland.com\/it\/produkty\/oli-alimentari-e-cosmetici\/olio-di-arachidi\/","title":{"rendered":"Olio di arachidi"},"content":{"rendered":"<h2>Caratteristiche dell&#8217;olio di arachidi<\/h2>\n<p>L&#8217;olio di arachidi \u00e8 caratterizzato da un colore giallo-dorato chiaro, che dipende dal metodo di spremitura e dal grado di purificazione dell&#8217;olio. L&#8217;olio ha un aroma delicato e leggermente nocciolato, che conferisce ai cosmetici un sapore piacevole e naturale. Nel caso dell&#8217;olio non raffinato, l&#8217;odore \u00e8 pi\u00f9 pronunciato e caratteristico delle arachidi, mentre l&#8217;olio raffinato \u00e8 quasi inodore, il che lo rende una base adatta per i cosmetici profumati. L&#8217;olio di arachidi \u00e8 ricco di molti acidi grassi con effetti benefici su pelle e capelli, tra cui:  <\/p>\n<ul>\n<li>acido linoleico (Omega-6) &#8211; con effetti rigeneranti e idratanti,<\/li>\n<li>Acido oleico (Omega-9) &#8211; con effetti nutrienti e ammorbidenti sulla pelle,<\/li>\n<li>Acido palmitoleico &#8211; forma uno strato protettivo sulla superficie della pelle, impedendo la perdita di acqua,<\/li>\n<li>Acido stearico &#8211; con effetti lenitivi e calmanti.<\/li>\n<\/ul>\n<p>Inoltre, l&#8217;olio di arachidi \u00e8 ricco di <a href=\"https:\/\/naturalpoland.com\/produkty\/produkty-dla-przemyslu-farmaceutycznego-i-medycznego\/witaminy\/witamina-e\/\"><strong>vitamina E<\/strong><\/a>, un potente antiossidante che protegge le cellule dai radicali liberi, ritardando il processo di invecchiamento.<\/p>\n<h2>Propriet\u00e0 dell&#8217;olio di arachidi<\/h2>\n<p>L&#8217;olio mostra eccezionali propriet\u00e0 curative per le <strong>pelli secche e mature<\/strong>. Grazie all&#8217;elevato contenuto di acidi grassi, l&#8217;olio favorisce la rigenerazione della pelle, migliora l&#8217;elasticit\u00e0 e riduce i segni dell&#8217;invecchiamento. Le sue propriet\u00e0 antinfiammatorie e lenitive lo rendono adatto all&#8217;uso in prodotti per pelli <strong>sensibili<\/strong>, soggette a irritazioni e problematiche, compresi i trattamenti per acne ed eczemi. L&#8217;olio di arachidi \u00e8 anche un ingrediente molto apprezzato nei <strong>cosmetici per capelli<\/strong>. Questo prodotto rafforza efficacemente la struttura dei capelli, ne migliora l&#8217;elasticit\u00e0 e ne previene la rottura e la secchezza. Nei prodotti <strong>per la cura del cuoio capelluto<\/strong>, mostra propriet\u00e0 lenitive, alleviando l&#8217;irritazione e supportando la salute dei follicoli piliferi. \u00c8 molto utilizzato anche negli <strong>oli da massaggio<\/strong>, in quanto conferisce morbidezza ed elasticit\u00e0 alla pelle aiutandola a rigenerarsi. <\/p>\n<h2>Applicazione<\/h2>\n<p>L&#8217;olio di arachidi si combina bene con altri ingredienti attivi ed \u00e8 quindi un&#8217;aggiunta popolare a una variet\u00e0 di prodotti cosmetici. Si trova nelle formulazioni: <\/p>\n<ul>\n<li>creme,<\/li>\n<li>lozioni,<\/li>\n<li>emulsioni detergenti,<\/li>\n<li>balsami per capelli,<\/li>\n<li>oli per il corpo,<\/li>\n<li>cosmetici per pelli sensibili e irritabili,<\/li>\n<li>per proteggere la pelle dagli effetti negativi di fattori esterni come i raggi UV o gli inquinanti ambientali.<\/li>\n<\/ul>\n<h2>Sicurezza<\/h2>\n<p>Sebbene l&#8217;olio di arachidi sia sicuro per l&#8217;uso cosmetico, nell&#8217;Unione Europea sono in vigore rigide normative sul suo contenuto nei prodotti. A causa del potenziale rischio di allergie associato alle proteine dell&#8217;arachide, la sua<strong> concentrazione massima nei cosmetici \u00e8 stata limitata a 0,5 ppm<\/strong>. I prodotti che contengono olio di arachidi devono rispettare questi rigidi requisiti.  <\/p>\n","protected":false},"excerpt":{"rendered":"<p><strong>Olio di arachidi<\/strong> (<em><strong>Olio di Arachis Hypogaea<\/strong><\/em>) viene estratto dalla spremitura a freddo delle arachidi. Viene utilizzato nei prodotti cosmetici con effetti idratanti, protettivi e rigeneranti. <\/p>\n","protected":false},"featured_media":38984,"template":"","meta":{"_acf_changed":false},"product_brand":[],"product_cat":[1534],"product_tag":[7527],"class_list":{"0":"post-38991","1":"product","2":"type-product","3":"status-publish","4":"has-post-thumbnail","6":"product_cat-oli-alimentari-e-cosmetici","7":"product_tag-olio-di-noce","9":"first","10":"instock","11":"shipping-taxable","12":"product-type-simple"},"acf":[],"yoast_head":"<!-- This site is optimized with the Yoast SEO plugin v27.4 - https:\/\/yoast.com\/product\/yoast-seo-wordpress\/ -->\n<title>Olio di arachidi - Distributore all&#039;ingrosso<\/title>\n<meta name=\"description\" content=\"L&#039;olio di arachidi, noto anche come olio di Arachis Hypogaea, \u00e8 una materia prima cosmetica ottenuta dalla spremitura a freddo delle arachidi.\" \/>\n<meta name=\"robots\" content=\"index, follow, max-snippet:-1, max-image-preview:large, max-video-preview:-1\" \/>\n<link rel=\"canonical\" href=\"https:\/\/naturalpoland.com\/it\/produkty\/oli-alimentari-e-cosmetici\/olio-di-arachidi\/\" \/>\n<meta property=\"og:locale\" content=\"it_IT\" \/>\n<meta property=\"og:type\" content=\"article\" \/>\n<meta property=\"og:title\" content=\"Olio di arachidi - Distributore all&#039;ingrosso\" \/>\n<meta property=\"og:description\" content=\"L&#039;olio di arachidi, noto anche come olio di Arachis Hypogaea, \u00e8 una materia prima cosmetica ottenuta dalla spremitura a freddo delle arachidi.\" \/>\n<meta property=\"og:url\" content=\"https:\/\/naturalpoland.com\/it\/produkty\/oli-alimentari-e-cosmetici\/olio-di-arachidi\/\" \/>\n<meta property=\"og:site_name\" content=\"NATURAL POLAND - Distributore all&#039;ingrosso di materie prime\" \/>\n<meta property=\"article:publisher\" content=\"https:\/\/www.facebook.com\/naturalpoland.b2b\" \/>\n<meta property=\"og:image\" content=\"https:\/\/naturalpoland.com\/wp-content\/uploads\/olej-arachidowy.webp\" \/>\n\t<meta property=\"og:image:width\" content=\"597\" \/>\n\t<meta property=\"og:image:height\" content=\"597\" \/>\n\t<meta property=\"og:image:type\" content=\"image\/webp\" \/>\n<script type=\"application\/ld+json\" class=\"yoast-schema-graph\">{\"@context\":\"https:\\\/\\\/schema.org\",\"@graph\":[{\"@type\":\"WebPage\",\"@id\":\"https:\\\/\\\/naturalpoland.com\\\/it\\\/produkty\\\/oli-alimentari-e-cosmetici\\\/olio-di-arachidi\\\/\",\"url\":\"https:\\\/\\\/naturalpoland.com\\\/it\\\/produkty\\\/oli-alimentari-e-cosmetici\\\/olio-di-arachidi\\\/\",\"name\":\"Olio di arachidi - Distributore all'ingrosso\",\"isPartOf\":{\"@id\":\"https:\\\/\\\/naturalpoland.com\\\/it\\\/#website\"},\"primaryImageOfPage\":{\"@id\":\"https:\\\/\\\/naturalpoland.com\\\/it\\\/produkty\\\/oli-alimentari-e-cosmetici\\\/olio-di-arachidi\\\/#primaryimage\"},\"image\":{\"@id\":\"https:\\\/\\\/naturalpoland.com\\\/it\\\/produkty\\\/oli-alimentari-e-cosmetici\\\/olio-di-arachidi\\\/#primaryimage\"},\"thumbnailUrl\":\"https:\\\/\\\/naturalpoland.com\\\/wp-content\\\/uploads\\\/olej-arachidowy.webp\",\"datePublished\":\"2025-01-30T13:14:58+00:00\",\"description\":\"L'olio di arachidi, noto anche come olio di Arachis Hypogaea, \u00e8 una materia prima cosmetica ottenuta dalla spremitura a freddo delle arachidi.\",\"breadcrumb\":{\"@id\":\"https:\\\/\\\/naturalpoland.com\\\/it\\\/produkty\\\/oli-alimentari-e-cosmetici\\\/olio-di-arachidi\\\/#breadcrumb\"},\"inLanguage\":\"it-IT\",\"potentialAction\":[{\"@type\":\"ReadAction\",\"target\":[\"https:\\\/\\\/naturalpoland.com\\\/it\\\/produkty\\\/oli-alimentari-e-cosmetici\\\/olio-di-arachidi\\\/\"]}]},{\"@type\":\"ImageObject\",\"inLanguage\":\"it-IT\",\"@id\":\"https:\\\/\\\/naturalpoland.com\\\/it\\\/produkty\\\/oli-alimentari-e-cosmetici\\\/olio-di-arachidi\\\/#primaryimage\",\"url\":\"https:\\\/\\\/naturalpoland.com\\\/wp-content\\\/uploads\\\/olej-arachidowy.webp\",\"contentUrl\":\"https:\\\/\\\/naturalpoland.com\\\/wp-content\\\/uploads\\\/olej-arachidowy.webp\",\"width\":597,\"height\":597,\"caption\":\"Olej arachidowy\"},{\"@type\":\"BreadcrumbList\",\"@id\":\"https:\\\/\\\/naturalpoland.com\\\/it\\\/produkty\\\/oli-alimentari-e-cosmetici\\\/olio-di-arachidi\\\/#breadcrumb\",\"itemListElement\":[{\"@type\":\"ListItem\",\"position\":1,\"name\":\"Home\",\"item\":\"https:\\\/\\\/naturalpoland.com\\\/it\\\/\"},{\"@type\":\"ListItem\",\"position\":2,\"name\":\"Prodotti\",\"item\":\"https:\\\/\\\/naturalpoland.com\\\/it\\\/prodotti\\\/\"},{\"@type\":\"ListItem\",\"position\":3,\"name\":\"Olio di arachidi\"}]},{\"@type\":\"WebSite\",\"@id\":\"https:\\\/\\\/naturalpoland.com\\\/it\\\/#website\",\"url\":\"https:\\\/\\\/naturalpoland.com\\\/it\\\/\",\"name\":\"NATURAL POLAND - Distributore all'ingrosso di materie prime\",\"description\":\"Surowce dla przemys\u0142u spo\u017cywczego, kosmetycznego i farmaceutycznego\",\"publisher\":{\"@id\":\"https:\\\/\\\/naturalpoland.com\\\/it\\\/#organization\"},\"potentialAction\":[{\"@type\":\"SearchAction\",\"target\":{\"@type\":\"EntryPoint\",\"urlTemplate\":\"https:\\\/\\\/naturalpoland.com\\\/it\\\/?s={search_term_string}\"},\"query-input\":{\"@type\":\"PropertyValueSpecification\",\"valueRequired\":true,\"valueName\":\"search_term_string\"}}],\"inLanguage\":\"it-IT\"},{\"@type\":\"Organization\",\"@id\":\"https:\\\/\\\/naturalpoland.com\\\/it\\\/#organization\",\"name\":\"Natural Poland\",\"url\":\"https:\\\/\\\/naturalpoland.com\\\/it\\\/\",\"logo\":{\"@type\":\"ImageObject\",\"inLanguage\":\"it-IT\",\"@id\":\"https:\\\/\\\/naturalpoland.com\\\/it\\\/#\\\/schema\\\/logo\\\/image\\\/\",\"url\":\"https:\\\/\\\/naturalpoland.com\\\/wp-content\\\/uploads\\\/2021\\\/05\\\/natural-poland-icon.png\",\"contentUrl\":\"https:\\\/\\\/naturalpoland.com\\\/wp-content\\\/uploads\\\/2021\\\/05\\\/natural-poland-icon.png\",\"width\":512,\"height\":512,\"caption\":\"Natural Poland\"},\"image\":{\"@id\":\"https:\\\/\\\/naturalpoland.com\\\/it\\\/#\\\/schema\\\/logo\\\/image\\\/\"},\"sameAs\":[\"https:\\\/\\\/www.facebook.com\\\/naturalpoland.b2b\",\"https:\\\/\\\/pl.linkedin.com\\\/company\\\/natural-poland\",\"https:\\\/\\\/www.youtube.com\\\/channel\\\/UCgeGGkvOMahZo-xu_MSEWxg\"]}]}<\/script>\n<!-- \/ Yoast SEO plugin. -->","yoast_head_json":{"title":"Olio di arachidi - Distributore all'ingrosso","description":"L'olio di arachidi, noto anche come olio di Arachis Hypogaea, \u00e8 una materia prima cosmetica ottenuta dalla spremitura a freddo delle arachidi.","robots":{"index":"index","follow":"follow","max-snippet":"max-snippet:-1","max-image-preview":"max-image-preview:large","max-video-preview":"max-video-preview:-1"},"canonical":"https:\/\/naturalpoland.com\/it\/produkty\/oli-alimentari-e-cosmetici\/olio-di-arachidi\/","og_locale":"it_IT","og_type":"article","og_title":"Olio di arachidi - Distributore all'ingrosso","og_description":"L'olio di arachidi, noto anche come olio di Arachis Hypogaea, \u00e8 una materia prima cosmetica ottenuta dalla spremitura a freddo delle arachidi.","og_url":"https:\/\/naturalpoland.com\/it\/produkty\/oli-alimentari-e-cosmetici\/olio-di-arachidi\/","og_site_name":"NATURAL POLAND - Distributore all'ingrosso di materie prime","article_publisher":"https:\/\/www.facebook.com\/naturalpoland.b2b","og_image":[{"width":597,"height":597,"url":"https:\/\/naturalpoland.com\/wp-content\/uploads\/olej-arachidowy.webp","type":"image\/webp"}],"schema":{"@context":"https:\/\/schema.org","@graph":[{"@type":"WebPage","@id":"https:\/\/naturalpoland.com\/it\/produkty\/oli-alimentari-e-cosmetici\/olio-di-arachidi\/","url":"https:\/\/naturalpoland.com\/it\/produkty\/oli-alimentari-e-cosmetici\/olio-di-arachidi\/","name":"Olio di arachidi - Distributore all'ingrosso","isPartOf":{"@id":"https:\/\/naturalpoland.com\/it\/#website"},"primaryImageOfPage":{"@id":"https:\/\/naturalpoland.com\/it\/produkty\/oli-alimentari-e-cosmetici\/olio-di-arachidi\/#primaryimage"},"image":{"@id":"https:\/\/naturalpoland.com\/it\/produkty\/oli-alimentari-e-cosmetici\/olio-di-arachidi\/#primaryimage"},"thumbnailUrl":"https:\/\/naturalpoland.com\/wp-content\/uploads\/olej-arachidowy.webp","datePublished":"2025-01-30T13:14:58+00:00","description":"L'olio di arachidi, noto anche come olio di Arachis Hypogaea, \u00e8 una materia prima cosmetica ottenuta dalla spremitura a freddo delle arachidi.","breadcrumb":{"@id":"https:\/\/naturalpoland.com\/it\/produkty\/oli-alimentari-e-cosmetici\/olio-di-arachidi\/#breadcrumb"},"inLanguage":"it-IT","potentialAction":[{"@type":"ReadAction","target":["https:\/\/naturalpoland.com\/it\/produkty\/oli-alimentari-e-cosmetici\/olio-di-arachidi\/"]}]},{"@type":"ImageObject","inLanguage":"it-IT","@id":"https:\/\/naturalpoland.com\/it\/produkty\/oli-alimentari-e-cosmetici\/olio-di-arachidi\/#primaryimage","url":"https:\/\/naturalpoland.com\/wp-content\/uploads\/olej-arachidowy.webp","contentUrl":"https:\/\/naturalpoland.com\/wp-content\/uploads\/olej-arachidowy.webp","width":597,"height":597,"caption":"Olej arachidowy"},{"@type":"BreadcrumbList","@id":"https:\/\/naturalpoland.com\/it\/produkty\/oli-alimentari-e-cosmetici\/olio-di-arachidi\/#breadcrumb","itemListElement":[{"@type":"ListItem","position":1,"name":"Home","item":"https:\/\/naturalpoland.com\/it\/"},{"@type":"ListItem","position":2,"name":"Prodotti","item":"https:\/\/naturalpoland.com\/it\/prodotti\/"},{"@type":"ListItem","position":3,"name":"Olio di arachidi"}]},{"@type":"WebSite","@id":"https:\/\/naturalpoland.com\/it\/#website","url":"https:\/\/naturalpoland.com\/it\/","name":"NATURAL POLAND - Distributore all'ingrosso di materie prime","description":"Surowce dla przemys\u0142u spo\u017cywczego, kosmetycznego i farmaceutycznego","publisher":{"@id":"https:\/\/naturalpoland.com\/it\/#organization"},"potentialAction":[{"@type":"SearchAction","target":{"@type":"EntryPoint","urlTemplate":"https:\/\/naturalpoland.com\/it\/?s={search_term_string}"},"query-input":{"@type":"PropertyValueSpecification","valueRequired":true,"valueName":"search_term_string"}}],"inLanguage":"it-IT"},{"@type":"Organization","@id":"https:\/\/naturalpoland.com\/it\/#organization","name":"Natural Poland","url":"https:\/\/naturalpoland.com\/it\/","logo":{"@type":"ImageObject","inLanguage":"it-IT","@id":"https:\/\/naturalpoland.com\/it\/#\/schema\/logo\/image\/","url":"https:\/\/naturalpoland.com\/wp-content\/uploads\/2021\/05\/natural-poland-icon.png","contentUrl":"https:\/\/naturalpoland.com\/wp-content\/uploads\/2021\/05\/natural-poland-icon.png","width":512,"height":512,"caption":"Natural Poland"},"image":{"@id":"https:\/\/naturalpoland.com\/it\/#\/schema\/logo\/image\/"},"sameAs":["https:\/\/www.facebook.com\/naturalpoland.b2b","https:\/\/pl.linkedin.com\/company\/natural-poland","https:\/\/www.youtube.com\/channel\/UCgeGGkvOMahZo-xu_MSEWxg"]}]}},"_links":{"self":[{"href":"https:\/\/naturalpoland.com\/it\/wp-json\/wp\/v2\/product\/38991","targetHints":{"allow":["GET"]}}],"collection":[{"href":"https:\/\/naturalpoland.com\/it\/wp-json\/wp\/v2\/product"}],"about":[{"href":"https:\/\/naturalpoland.com\/it\/wp-json\/wp\/v2\/types\/product"}],"wp:featuredmedia":[{"embeddable":true,"href":"https:\/\/naturalpoland.com\/it\/wp-json\/wp\/v2\/media\/38984"}],"wp:attachment":[{"href":"https:\/\/naturalpoland.com\/it\/wp-json\/wp\/v2\/media?parent=38991"}],"wp:term":[{"taxonomy":"product_brand","embeddable":true,"href":"https:\/\/naturalpoland.com\/it\/wp-json\/wp\/v2\/product_brand?post=38991"},{"taxonomy":"product_cat","embeddable":true,"href":"https:\/\/naturalpoland.com\/it\/wp-json\/wp\/v2\/product_cat?post=38991"},{"taxonomy":"product_tag","embeddable":true,"href":"https:\/\/naturalpoland.com\/it\/wp-json\/wp\/v2\/product_tag?post=38991"}],"curies":[{"name":"wp","href":"https:\/\/api.w.org\/{rel}","templated":true}]}}