{"id":39315,"date":"2025-02-06T16:24:58","date_gmt":"2025-02-06T15:24:58","guid":{"rendered":"https:\/\/naturalpoland.com\/produkty\/senza-categoria\/sapore-di-ananas\/"},"modified":"2025-02-07T14:21:14","modified_gmt":"2025-02-07T13:21:14","slug":"sapore-di-ananas","status":"publish","type":"product","link":"https:\/\/naturalpoland.com\/it\/produkty\/prodotti-per-industria-alimentare\/aromi\/aromi-fruttati\/sapore-di-ananas\/","title":{"rendered":"Sapore di ananas"},"content":{"rendered":"<h2>Propriet\u00e0 aromatizzanti dell&#8217;ananas:<\/h2>\n<p>L&#8217;aroma di ananas si distingue per il suo aroma profondo, tropicale e fruttato con accenti leggermente acidi. \u00c8 resistente alle alte temperature e pu\u00f2 essere utilizzato nei prodotti che richiedono stabilit\u00e0 durante la lavorazione a caldo. <\/p>\n<h2>L&#8217;uso dell&#8217;aroma di ananas:<\/h2>\n<p>Il prodotto pu\u00f2 essere utilizzato in:<\/p>\n<ul>\n<li>prodotti da forno,<\/li>\n<li>bevande,<\/li>\n<li>prodotti dolciari,<\/li>\n<li>prodotti lattiero-caseari<\/li>\n<li>dessert.<\/li>\n<\/ul>\n<p>L&#8217;aroma pu\u00f2 essere utilizzato con successo anche nei prodotti cosmetici, conferendo loro una nota di profumo esotico. Esempi di cosmetici in cui questa materia prima pu\u00f2 essere utilizzata: <\/p>\n<ul>\n<li>nebbie e profumi per il corpo,<\/li>\n<li>lozioni e burri per il corpo,<\/li>\n<li>gel doccia e shampoo,<\/li>\n<li>balsami per le labbra,<\/li>\n<li>creme per le mani.<\/li>\n<\/ul>\n","protected":false},"excerpt":{"rendered":"<p>Aroma alimentare all&#8217;aroma di ananas in forma liquida (vettori: glicole o triacetina) o in polvere (WONF). Il suo aroma trasmette la pienezza di un ananas succoso e maturo. <\/p>\n","protected":false},"featured_media":39133,"template":"","meta":{"_acf_changed":false},"product_brand":[],"product_cat":[7628],"product_tag":[],"class_list":{"0":"post-39315","1":"product","2":"type-product","3":"status-publish","4":"has-post-thumbnail","6":"product_cat-aromi-fruttati","8":"first","9":"instock","10":"shipping-taxable","11":"product-type-simple"},"acf":[],"yoast_head":"<!-- This site is optimized with the Yoast SEO plugin v27.4 - https:\/\/yoast.com\/product\/yoast-seo-wordpress\/ -->\n<title>Sapore di ananas - Distributore all&#039;ingrosso<\/title>\n<meta name=\"robots\" content=\"index, follow, max-snippet:-1, max-image-preview:large, max-video-preview:-1\" \/>\n<link rel=\"canonical\" href=\"https:\/\/naturalpoland.com\/it\/produkty\/prodotti-per-industria-alimentare\/aromi\/aromi-fruttati\/sapore-di-ananas\/\" \/>\n<meta property=\"og:locale\" content=\"it_IT\" \/>\n<meta property=\"og:type\" content=\"article\" \/>\n<meta property=\"og:title\" content=\"Sapore di ananas - Distributore all&#039;ingrosso\" \/>\n<meta property=\"og:description\" content=\"Aroma alimentare all&#039;aroma di ananas in forma liquida (vettori: glicole o triacetina) o in polvere (WONF). Il suo aroma trasmette la pienezza di un ananas succoso e maturo.\" \/>\n<meta property=\"og:url\" content=\"https:\/\/naturalpoland.com\/it\/produkty\/prodotti-per-industria-alimentare\/aromi\/aromi-fruttati\/sapore-di-ananas\/\" \/>\n<meta property=\"og:site_name\" content=\"NATURAL POLAND - Distributore all&#039;ingrosso di materie prime\" \/>\n<meta property=\"article:publisher\" content=\"https:\/\/www.facebook.com\/naturalpoland.b2b\" \/>\n<meta property=\"article:modified_time\" content=\"2025-02-07T13:21:14+00:00\" \/>\n<meta property=\"og:image\" content=\"https:\/\/naturalpoland.com\/wp-content\/uploads\/2021\/05\/natural-poland-icon.png\" \/>\n\t<meta property=\"og:image:width\" content=\"512\" \/>\n\t<meta property=\"og:image:height\" content=\"512\" \/>\n\t<meta property=\"og:image:type\" content=\"image\/png\" \/>\n<script type=\"application\/ld+json\" class=\"yoast-schema-graph\">{\"@context\":\"https:\\\/\\\/schema.org\",\"@graph\":[{\"@type\":\"WebPage\",\"@id\":\"https:\\\/\\\/naturalpoland.com\\\/it\\\/produkty\\\/prodotti-per-industria-alimentare\\\/aromi\\\/aromi-fruttati\\\/sapore-di-ananas\\\/\",\"url\":\"https:\\\/\\\/naturalpoland.com\\\/it\\\/produkty\\\/prodotti-per-industria-alimentare\\\/aromi\\\/aromi-fruttati\\\/sapore-di-ananas\\\/\",\"name\":\"Sapore di ananas - Distributore all'ingrosso\",\"isPartOf\":{\"@id\":\"https:\\\/\\\/naturalpoland.com\\\/it\\\/#website\"},\"primaryImageOfPage\":{\"@id\":\"https:\\\/\\\/naturalpoland.com\\\/it\\\/produkty\\\/prodotti-per-industria-alimentare\\\/aromi\\\/aromi-fruttati\\\/sapore-di-ananas\\\/#primaryimage\"},\"image\":{\"@id\":\"https:\\\/\\\/naturalpoland.com\\\/it\\\/produkty\\\/prodotti-per-industria-alimentare\\\/aromi\\\/aromi-fruttati\\\/sapore-di-ananas\\\/#primaryimage\"},\"thumbnailUrl\":\"https:\\\/\\\/naturalpoland.com\\\/wp-content\\\/uploads\\\/aromat-ananasowy.webp\",\"datePublished\":\"2025-02-06T15:24:58+00:00\",\"dateModified\":\"2025-02-07T13:21:14+00:00\",\"breadcrumb\":{\"@id\":\"https:\\\/\\\/naturalpoland.com\\\/it\\\/produkty\\\/prodotti-per-industria-alimentare\\\/aromi\\\/aromi-fruttati\\\/sapore-di-ananas\\\/#breadcrumb\"},\"inLanguage\":\"it-IT\",\"potentialAction\":[{\"@type\":\"ReadAction\",\"target\":[\"https:\\\/\\\/naturalpoland.com\\\/it\\\/produkty\\\/prodotti-per-industria-alimentare\\\/aromi\\\/aromi-fruttati\\\/sapore-di-ananas\\\/\"]}]},{\"@type\":\"ImageObject\",\"inLanguage\":\"it-IT\",\"@id\":\"https:\\\/\\\/naturalpoland.com\\\/it\\\/produkty\\\/prodotti-per-industria-alimentare\\\/aromi\\\/aromi-fruttati\\\/sapore-di-ananas\\\/#primaryimage\",\"url\":\"https:\\\/\\\/naturalpoland.com\\\/wp-content\\\/uploads\\\/aromat-ananasowy.webp\",\"contentUrl\":\"https:\\\/\\\/naturalpoland.com\\\/wp-content\\\/uploads\\\/aromat-ananasowy.webp\",\"width\":595,\"height\":595,\"caption\":\"aromat ananasowy\"},{\"@type\":\"BreadcrumbList\",\"@id\":\"https:\\\/\\\/naturalpoland.com\\\/it\\\/produkty\\\/prodotti-per-industria-alimentare\\\/aromi\\\/aromi-fruttati\\\/sapore-di-ananas\\\/#breadcrumb\",\"itemListElement\":[{\"@type\":\"ListItem\",\"position\":1,\"name\":\"Home\",\"item\":\"https:\\\/\\\/naturalpoland.com\\\/it\\\/\"},{\"@type\":\"ListItem\",\"position\":2,\"name\":\"Prodotti\",\"item\":\"https:\\\/\\\/naturalpoland.com\\\/it\\\/prodotti\\\/\"},{\"@type\":\"ListItem\",\"position\":3,\"name\":\"Sapore di ananas\"}]},{\"@type\":\"WebSite\",\"@id\":\"https:\\\/\\\/naturalpoland.com\\\/it\\\/#website\",\"url\":\"https:\\\/\\\/naturalpoland.com\\\/it\\\/\",\"name\":\"NATURAL POLAND - Distributore all'ingrosso di materie prime\",\"description\":\"Surowce dla przemys\u0142u spo\u017cywczego, kosmetycznego i farmaceutycznego\",\"publisher\":{\"@id\":\"https:\\\/\\\/naturalpoland.com\\\/it\\\/#organization\"},\"potentialAction\":[{\"@type\":\"SearchAction\",\"target\":{\"@type\":\"EntryPoint\",\"urlTemplate\":\"https:\\\/\\\/naturalpoland.com\\\/it\\\/?s={search_term_string}\"},\"query-input\":{\"@type\":\"PropertyValueSpecification\",\"valueRequired\":true,\"valueName\":\"search_term_string\"}}],\"inLanguage\":\"it-IT\"},{\"@type\":\"Organization\",\"@id\":\"https:\\\/\\\/naturalpoland.com\\\/it\\\/#organization\",\"name\":\"Natural Poland\",\"url\":\"https:\\\/\\\/naturalpoland.com\\\/it\\\/\",\"logo\":{\"@type\":\"ImageObject\",\"inLanguage\":\"it-IT\",\"@id\":\"https:\\\/\\\/naturalpoland.com\\\/it\\\/#\\\/schema\\\/logo\\\/image\\\/\",\"url\":\"https:\\\/\\\/naturalpoland.com\\\/wp-content\\\/uploads\\\/2021\\\/05\\\/natural-poland-icon.png\",\"contentUrl\":\"https:\\\/\\\/naturalpoland.com\\\/wp-content\\\/uploads\\\/2021\\\/05\\\/natural-poland-icon.png\",\"width\":512,\"height\":512,\"caption\":\"Natural Poland\"},\"image\":{\"@id\":\"https:\\\/\\\/naturalpoland.com\\\/it\\\/#\\\/schema\\\/logo\\\/image\\\/\"},\"sameAs\":[\"https:\\\/\\\/www.facebook.com\\\/naturalpoland.b2b\",\"https:\\\/\\\/pl.linkedin.com\\\/company\\\/natural-poland\",\"https:\\\/\\\/www.youtube.com\\\/channel\\\/UCgeGGkvOMahZo-xu_MSEWxg\"]}]}<\/script>\n<!-- \/ Yoast SEO plugin. -->","yoast_head_json":{"title":"Sapore di ananas - Distributore all'ingrosso","robots":{"index":"index","follow":"follow","max-snippet":"max-snippet:-1","max-image-preview":"max-image-preview:large","max-video-preview":"max-video-preview:-1"},"canonical":"https:\/\/naturalpoland.com\/it\/produkty\/prodotti-per-industria-alimentare\/aromi\/aromi-fruttati\/sapore-di-ananas\/","og_locale":"it_IT","og_type":"article","og_title":"Sapore di ananas - Distributore all'ingrosso","og_description":"Aroma alimentare all'aroma di ananas in forma liquida (vettori: glicole o triacetina) o in polvere (WONF). Il suo aroma trasmette la pienezza di un ananas succoso e maturo.","og_url":"https:\/\/naturalpoland.com\/it\/produkty\/prodotti-per-industria-alimentare\/aromi\/aromi-fruttati\/sapore-di-ananas\/","og_site_name":"NATURAL POLAND - Distributore all'ingrosso di materie prime","article_publisher":"https:\/\/www.facebook.com\/naturalpoland.b2b","article_modified_time":"2025-02-07T13:21:14+00:00","og_image":[{"width":512,"height":512,"url":"https:\/\/naturalpoland.com\/wp-content\/uploads\/2021\/05\/natural-poland-icon.png","type":"image\/png"}],"schema":{"@context":"https:\/\/schema.org","@graph":[{"@type":"WebPage","@id":"https:\/\/naturalpoland.com\/it\/produkty\/prodotti-per-industria-alimentare\/aromi\/aromi-fruttati\/sapore-di-ananas\/","url":"https:\/\/naturalpoland.com\/it\/produkty\/prodotti-per-industria-alimentare\/aromi\/aromi-fruttati\/sapore-di-ananas\/","name":"Sapore di ananas - Distributore all'ingrosso","isPartOf":{"@id":"https:\/\/naturalpoland.com\/it\/#website"},"primaryImageOfPage":{"@id":"https:\/\/naturalpoland.com\/it\/produkty\/prodotti-per-industria-alimentare\/aromi\/aromi-fruttati\/sapore-di-ananas\/#primaryimage"},"image":{"@id":"https:\/\/naturalpoland.com\/it\/produkty\/prodotti-per-industria-alimentare\/aromi\/aromi-fruttati\/sapore-di-ananas\/#primaryimage"},"thumbnailUrl":"https:\/\/naturalpoland.com\/wp-content\/uploads\/aromat-ananasowy.webp","datePublished":"2025-02-06T15:24:58+00:00","dateModified":"2025-02-07T13:21:14+00:00","breadcrumb":{"@id":"https:\/\/naturalpoland.com\/it\/produkty\/prodotti-per-industria-alimentare\/aromi\/aromi-fruttati\/sapore-di-ananas\/#breadcrumb"},"inLanguage":"it-IT","potentialAction":[{"@type":"ReadAction","target":["https:\/\/naturalpoland.com\/it\/produkty\/prodotti-per-industria-alimentare\/aromi\/aromi-fruttati\/sapore-di-ananas\/"]}]},{"@type":"ImageObject","inLanguage":"it-IT","@id":"https:\/\/naturalpoland.com\/it\/produkty\/prodotti-per-industria-alimentare\/aromi\/aromi-fruttati\/sapore-di-ananas\/#primaryimage","url":"https:\/\/naturalpoland.com\/wp-content\/uploads\/aromat-ananasowy.webp","contentUrl":"https:\/\/naturalpoland.com\/wp-content\/uploads\/aromat-ananasowy.webp","width":595,"height":595,"caption":"aromat ananasowy"},{"@type":"BreadcrumbList","@id":"https:\/\/naturalpoland.com\/it\/produkty\/prodotti-per-industria-alimentare\/aromi\/aromi-fruttati\/sapore-di-ananas\/#breadcrumb","itemListElement":[{"@type":"ListItem","position":1,"name":"Home","item":"https:\/\/naturalpoland.com\/it\/"},{"@type":"ListItem","position":2,"name":"Prodotti","item":"https:\/\/naturalpoland.com\/it\/prodotti\/"},{"@type":"ListItem","position":3,"name":"Sapore di ananas"}]},{"@type":"WebSite","@id":"https:\/\/naturalpoland.com\/it\/#website","url":"https:\/\/naturalpoland.com\/it\/","name":"NATURAL POLAND - Distributore all'ingrosso di materie prime","description":"Surowce dla przemys\u0142u spo\u017cywczego, kosmetycznego i farmaceutycznego","publisher":{"@id":"https:\/\/naturalpoland.com\/it\/#organization"},"potentialAction":[{"@type":"SearchAction","target":{"@type":"EntryPoint","urlTemplate":"https:\/\/naturalpoland.com\/it\/?s={search_term_string}"},"query-input":{"@type":"PropertyValueSpecification","valueRequired":true,"valueName":"search_term_string"}}],"inLanguage":"it-IT"},{"@type":"Organization","@id":"https:\/\/naturalpoland.com\/it\/#organization","name":"Natural Poland","url":"https:\/\/naturalpoland.com\/it\/","logo":{"@type":"ImageObject","inLanguage":"it-IT","@id":"https:\/\/naturalpoland.com\/it\/#\/schema\/logo\/image\/","url":"https:\/\/naturalpoland.com\/wp-content\/uploads\/2021\/05\/natural-poland-icon.png","contentUrl":"https:\/\/naturalpoland.com\/wp-content\/uploads\/2021\/05\/natural-poland-icon.png","width":512,"height":512,"caption":"Natural Poland"},"image":{"@id":"https:\/\/naturalpoland.com\/it\/#\/schema\/logo\/image\/"},"sameAs":["https:\/\/www.facebook.com\/naturalpoland.b2b","https:\/\/pl.linkedin.com\/company\/natural-poland","https:\/\/www.youtube.com\/channel\/UCgeGGkvOMahZo-xu_MSEWxg"]}]}},"_links":{"self":[{"href":"https:\/\/naturalpoland.com\/it\/wp-json\/wp\/v2\/product\/39315","targetHints":{"allow":["GET"]}}],"collection":[{"href":"https:\/\/naturalpoland.com\/it\/wp-json\/wp\/v2\/product"}],"about":[{"href":"https:\/\/naturalpoland.com\/it\/wp-json\/wp\/v2\/types\/product"}],"wp:featuredmedia":[{"embeddable":true,"href":"https:\/\/naturalpoland.com\/it\/wp-json\/wp\/v2\/media\/39133"}],"wp:attachment":[{"href":"https:\/\/naturalpoland.com\/it\/wp-json\/wp\/v2\/media?parent=39315"}],"wp:term":[{"taxonomy":"product_brand","embeddable":true,"href":"https:\/\/naturalpoland.com\/it\/wp-json\/wp\/v2\/product_brand?post=39315"},{"taxonomy":"product_cat","embeddable":true,"href":"https:\/\/naturalpoland.com\/it\/wp-json\/wp\/v2\/product_cat?post=39315"},{"taxonomy":"product_tag","embeddable":true,"href":"https:\/\/naturalpoland.com\/it\/wp-json\/wp\/v2\/product_tag?post=39315"}],"curies":[{"name":"wp","href":"https:\/\/api.w.org\/{rel}","templated":true}]}}