{"id":39372,"date":"2025-02-07T12:46:15","date_gmt":"2025-02-07T11:46:15","guid":{"rendered":"https:\/\/naturalpoland.com\/produkty\/senza-categoria\/aroma-alla-vaniglia\/"},"modified":"2025-02-07T14:58:57","modified_gmt":"2025-02-07T13:58:57","slug":"aroma-alla-vaniglia","status":"publish","type":"product","link":"https:\/\/naturalpoland.com\/it\/produkty\/prodotti-per-industria-alimentare\/aromi\/aromi-per-dolci\/aroma-alla-vaniglia\/","title":{"rendered":"Aroma alla vaniglia"},"content":{"rendered":"<p>L&#8217;aroma di vaniglia \u00e8 una materia prima molto apprezzata in pasticceria, bevande, gelati, prodotti da forno e dessert, oltre che in composizioni di profumi e cosmetici dal profumo sensuale e avvolgente.<\/p>\n<h2>Aromi liquidi alla vaniglia<\/h2>\n<p>L<strong>&#8216;aroma liquido naturale alla vaniglia di qualit\u00e0 FTNF<\/strong> (From the Name Fruit) \u00e8 realizzato con almeno il 95% di materie prime autentiche. \u00c8 ricco di note calde e balsamiche, che ricordano una stecca di vaniglia naturale, con evidenti toni marroni. \u00c8 resistente alle alte temperature e si presta bene ad applicazioni impegnative come la cottura al forno o la produzione di creme e gelati.  <\/p>\n<p>L&#8217;<strong>aroma di vaniglia di qualit\u00e0 WONF (With Other Natural Flavors) <\/strong>conserva il carattere naturale della vaniglia, ma \u00e8 arricchito da note aggiuntive. Con un profilo cremoso e ghiacciato, <strong>l&#8217;aroma<\/strong> combina la sottile dolcezza della vaniglia con un tocco leggero e secco di stecca di vaniglia naturale ed \u00e8 consigliato per l&#8217;uso in dessert e creme a base di latte.<strong> La<\/strong> variante<strong> concentrata<\/strong> di questo aroma, invece, si distingue per un carattere fortemente vanigliato con note di anice e mandorla che gli conferiscono un profilo gustativo intenso e profondo. <\/p>\n<p>L<strong>&#8216;aroma secco di vaniglia di qualit\u00e0 WONF <\/strong>cattura il carattere dell&#8217;estratto di vaniglia con un&#8217;intensa nota di stecca di vaniglia naturale. Viene utilizzato per dessert di lusso, cioccolatini e prodotti da forno raffinati. <\/p>\n<h2>Polvere di aroma di vaniglia<\/h2>\n<p>Le varianti di aroma in polvere facilitano il dosaggio nelle applicazioni che richiedono una forma secca. <strong>L&#8217;aroma di vaniglia in polvere di qualit\u00e0 WONF<\/strong> conserva un carattere cremoso e ghiacciato con la sottile secchezza di una stecca di vaniglia. Le altre varianti, invece, si distinguono per le intense note di latte e crema, che ricordano il cioccolato bianco.  <\/p>\n<p>L <strong>&#8216;aroma di<\/strong> <strong>vaniglia<\/strong> in polvere <strong>per dolci<\/strong>, invece, ricorda il classico aroma di zucchero vanigliato ed \u00e8 consigliato per torte e impasti lievitati.<\/p>\n<p>L<strong>&#8216;aroma di vaniglia per<\/strong> prodotti <strong>da forno<\/strong> offre un carattere dolce, simile a un budino, con note di spezie calde, che lo rendono perfetto per torte di pan di spagna, muffin e cupcake.<\/p>\n<p>Per le applicazioni che richiedono una fragranza intensa e concentrata, consigliamo l&#8217;<strong>Aroma<\/strong> <strong>Vaniglia Concentrato<\/strong> e l&#8217;<strong>Aroma Vaniglia Naturale<\/strong>, che trasmettono un profilo di vaniglia intenso e forte con note di anice e mandorla. Si adattano bene a prodotti dolciari di lusso e a gelati e creme di alta qualit\u00e0. <\/p>\n<h2>Mascherare gli aromi<\/h2>\n<p>Gli aromi alla vaniglia sono utilizzati anche come ingredienti per mascherare note indesiderate nei prodotti alimentari e negli integratori alimentari. L&#8217;aroma di <strong>mascheramento alla vaniglia<\/strong> \u00e8 una composizione dolce e simile a un budino con un tocco delicato di latte di cocco, che armonizza perfettamente il gusto e l&#8217;aroma dei prodotti funzionali. <\/p>\n<p>&nbsp;<\/p>\n","protected":false},"excerpt":{"rendered":"<p>L&#8217;aroma di vaniglia \u00e8 il pi\u00f9 classico degli aromi alimentari. A seconda della variante, pu\u00f2 riflettere il carattere di un&#8217;autentica stecca di vaniglia, essere pi\u00f9 cremoso, simile a un budino o addirittura arricchito da note di mandorla, anice o caramello. <\/p>\n","protected":false},"featured_media":39269,"template":"","meta":{"_acf_changed":false},"product_brand":[],"product_cat":[7625],"product_tag":[],"class_list":{"0":"post-39372","1":"product","2":"type-product","3":"status-publish","4":"has-post-thumbnail","6":"product_cat-aromi-per-dolci","8":"first","9":"instock","10":"shipping-taxable","11":"product-type-simple"},"acf":[],"yoast_head":"<!-- This site is optimized with the Yoast SEO plugin v27.5 - https:\/\/yoast.com\/product\/yoast-seo-wordpress\/ -->\n<title>Aroma alla vaniglia - Distributore all&#039;ingrosso<\/title>\n<meta name=\"description\" content=\"L&#039;aroma di vaniglia \u00e8 uno degli aromi pi\u00f9 classici e versatili utilizzati nell&#039;industria alimentare e cosmetica.\" \/>\n<meta name=\"robots\" content=\"index, follow, max-snippet:-1, max-image-preview:large, max-video-preview:-1\" \/>\n<link rel=\"canonical\" href=\"https:\/\/naturalpoland.com\/it\/produkty\/prodotti-per-industria-alimentare\/aromi\/aromi-per-dolci\/aroma-alla-vaniglia\/\" \/>\n<meta property=\"og:locale\" content=\"it_IT\" \/>\n<meta property=\"og:type\" content=\"article\" \/>\n<meta property=\"og:title\" content=\"Aroma alla vaniglia - Distributore all&#039;ingrosso\" \/>\n<meta property=\"og:description\" content=\"L&#039;aroma di vaniglia \u00e8 uno degli aromi pi\u00f9 classici e versatili utilizzati nell&#039;industria alimentare e cosmetica.\" \/>\n<meta property=\"og:url\" content=\"https:\/\/naturalpoland.com\/it\/produkty\/prodotti-per-industria-alimentare\/aromi\/aromi-per-dolci\/aroma-alla-vaniglia\/\" \/>\n<meta property=\"og:site_name\" content=\"NATURAL POLAND - Distributore all&#039;ingrosso di materie prime\" \/>\n<meta property=\"article:publisher\" content=\"https:\/\/www.facebook.com\/naturalpoland.b2b\" \/>\n<meta property=\"article:modified_time\" content=\"2025-02-07T13:58:57+00:00\" \/>\n<meta property=\"og:image\" content=\"https:\/\/naturalpoland.com\/wp-content\/uploads\/aromat-waniliowy.webp\" \/>\n\t<meta property=\"og:image:width\" content=\"596\" \/>\n\t<meta property=\"og:image:height\" content=\"596\" \/>\n\t<meta property=\"og:image:type\" content=\"image\/webp\" \/>\n<script type=\"application\/ld+json\" class=\"yoast-schema-graph\">{\"@context\":\"https:\\\/\\\/schema.org\",\"@graph\":[{\"@type\":\"WebPage\",\"@id\":\"https:\\\/\\\/naturalpoland.com\\\/it\\\/produkty\\\/prodotti-per-industria-alimentare\\\/aromi\\\/aromi-per-dolci\\\/aroma-alla-vaniglia\\\/\",\"url\":\"https:\\\/\\\/naturalpoland.com\\\/it\\\/produkty\\\/prodotti-per-industria-alimentare\\\/aromi\\\/aromi-per-dolci\\\/aroma-alla-vaniglia\\\/\",\"name\":\"Aroma alla vaniglia - Distributore all'ingrosso\",\"isPartOf\":{\"@id\":\"https:\\\/\\\/naturalpoland.com\\\/it\\\/#website\"},\"primaryImageOfPage\":{\"@id\":\"https:\\\/\\\/naturalpoland.com\\\/it\\\/produkty\\\/prodotti-per-industria-alimentare\\\/aromi\\\/aromi-per-dolci\\\/aroma-alla-vaniglia\\\/#primaryimage\"},\"image\":{\"@id\":\"https:\\\/\\\/naturalpoland.com\\\/it\\\/produkty\\\/prodotti-per-industria-alimentare\\\/aromi\\\/aromi-per-dolci\\\/aroma-alla-vaniglia\\\/#primaryimage\"},\"thumbnailUrl\":\"https:\\\/\\\/naturalpoland.com\\\/wp-content\\\/uploads\\\/aromat-waniliowy.webp\",\"datePublished\":\"2025-02-07T11:46:15+00:00\",\"dateModified\":\"2025-02-07T13:58:57+00:00\",\"description\":\"L'aroma di vaniglia \u00e8 uno degli aromi pi\u00f9 classici e versatili utilizzati nell'industria alimentare e cosmetica.\",\"breadcrumb\":{\"@id\":\"https:\\\/\\\/naturalpoland.com\\\/it\\\/produkty\\\/prodotti-per-industria-alimentare\\\/aromi\\\/aromi-per-dolci\\\/aroma-alla-vaniglia\\\/#breadcrumb\"},\"inLanguage\":\"it-IT\",\"potentialAction\":[{\"@type\":\"ReadAction\",\"target\":[\"https:\\\/\\\/naturalpoland.com\\\/it\\\/produkty\\\/prodotti-per-industria-alimentare\\\/aromi\\\/aromi-per-dolci\\\/aroma-alla-vaniglia\\\/\"]}]},{\"@type\":\"ImageObject\",\"inLanguage\":\"it-IT\",\"@id\":\"https:\\\/\\\/naturalpoland.com\\\/it\\\/produkty\\\/prodotti-per-industria-alimentare\\\/aromi\\\/aromi-per-dolci\\\/aroma-alla-vaniglia\\\/#primaryimage\",\"url\":\"https:\\\/\\\/naturalpoland.com\\\/wp-content\\\/uploads\\\/aromat-waniliowy.webp\",\"contentUrl\":\"https:\\\/\\\/naturalpoland.com\\\/wp-content\\\/uploads\\\/aromat-waniliowy.webp\",\"width\":596,\"height\":596,\"caption\":\"aromat waniliowy p\u0142ynny i proszkowy\"},{\"@type\":\"BreadcrumbList\",\"@id\":\"https:\\\/\\\/naturalpoland.com\\\/it\\\/produkty\\\/prodotti-per-industria-alimentare\\\/aromi\\\/aromi-per-dolci\\\/aroma-alla-vaniglia\\\/#breadcrumb\",\"itemListElement\":[{\"@type\":\"ListItem\",\"position\":1,\"name\":\"Home\",\"item\":\"https:\\\/\\\/naturalpoland.com\\\/it\\\/\"},{\"@type\":\"ListItem\",\"position\":2,\"name\":\"Prodotti\",\"item\":\"https:\\\/\\\/naturalpoland.com\\\/it\\\/prodotti\\\/\"},{\"@type\":\"ListItem\",\"position\":3,\"name\":\"Aroma alla vaniglia\"}]},{\"@type\":\"WebSite\",\"@id\":\"https:\\\/\\\/naturalpoland.com\\\/it\\\/#website\",\"url\":\"https:\\\/\\\/naturalpoland.com\\\/it\\\/\",\"name\":\"NATURAL POLAND - Distributore all'ingrosso di materie prime\",\"description\":\"Surowce dla przemys\u0142u spo\u017cywczego, kosmetycznego i farmaceutycznego\",\"publisher\":{\"@id\":\"https:\\\/\\\/naturalpoland.com\\\/it\\\/#organization\"},\"potentialAction\":[{\"@type\":\"SearchAction\",\"target\":{\"@type\":\"EntryPoint\",\"urlTemplate\":\"https:\\\/\\\/naturalpoland.com\\\/it\\\/?s={search_term_string}\"},\"query-input\":{\"@type\":\"PropertyValueSpecification\",\"valueRequired\":true,\"valueName\":\"search_term_string\"}}],\"inLanguage\":\"it-IT\"},{\"@type\":\"Organization\",\"@id\":\"https:\\\/\\\/naturalpoland.com\\\/it\\\/#organization\",\"name\":\"Natural Poland\",\"url\":\"https:\\\/\\\/naturalpoland.com\\\/it\\\/\",\"logo\":{\"@type\":\"ImageObject\",\"inLanguage\":\"it-IT\",\"@id\":\"https:\\\/\\\/naturalpoland.com\\\/it\\\/#\\\/schema\\\/logo\\\/image\\\/\",\"url\":\"https:\\\/\\\/naturalpoland.com\\\/wp-content\\\/uploads\\\/2021\\\/05\\\/natural-poland-icon.png\",\"contentUrl\":\"https:\\\/\\\/naturalpoland.com\\\/wp-content\\\/uploads\\\/2021\\\/05\\\/natural-poland-icon.png\",\"width\":512,\"height\":512,\"caption\":\"Natural Poland\"},\"image\":{\"@id\":\"https:\\\/\\\/naturalpoland.com\\\/it\\\/#\\\/schema\\\/logo\\\/image\\\/\"},\"sameAs\":[\"https:\\\/\\\/www.facebook.com\\\/naturalpoland.b2b\",\"https:\\\/\\\/pl.linkedin.com\\\/company\\\/natural-poland\",\"https:\\\/\\\/www.youtube.com\\\/channel\\\/UCgeGGkvOMahZo-xu_MSEWxg\"]}]}<\/script>\n<!-- \/ Yoast SEO plugin. -->","yoast_head_json":{"title":"Aroma alla vaniglia - Distributore all'ingrosso","description":"L'aroma di vaniglia \u00e8 uno degli aromi pi\u00f9 classici e versatili utilizzati nell'industria alimentare e cosmetica.","robots":{"index":"index","follow":"follow","max-snippet":"max-snippet:-1","max-image-preview":"max-image-preview:large","max-video-preview":"max-video-preview:-1"},"canonical":"https:\/\/naturalpoland.com\/it\/produkty\/prodotti-per-industria-alimentare\/aromi\/aromi-per-dolci\/aroma-alla-vaniglia\/","og_locale":"it_IT","og_type":"article","og_title":"Aroma alla vaniglia - Distributore all'ingrosso","og_description":"L'aroma di vaniglia \u00e8 uno degli aromi pi\u00f9 classici e versatili utilizzati nell'industria alimentare e cosmetica.","og_url":"https:\/\/naturalpoland.com\/it\/produkty\/prodotti-per-industria-alimentare\/aromi\/aromi-per-dolci\/aroma-alla-vaniglia\/","og_site_name":"NATURAL POLAND - Distributore all'ingrosso di materie prime","article_publisher":"https:\/\/www.facebook.com\/naturalpoland.b2b","article_modified_time":"2025-02-07T13:58:57+00:00","og_image":[{"width":596,"height":596,"url":"https:\/\/naturalpoland.com\/wp-content\/uploads\/aromat-waniliowy.webp","type":"image\/webp"}],"schema":{"@context":"https:\/\/schema.org","@graph":[{"@type":"WebPage","@id":"https:\/\/naturalpoland.com\/it\/produkty\/prodotti-per-industria-alimentare\/aromi\/aromi-per-dolci\/aroma-alla-vaniglia\/","url":"https:\/\/naturalpoland.com\/it\/produkty\/prodotti-per-industria-alimentare\/aromi\/aromi-per-dolci\/aroma-alla-vaniglia\/","name":"Aroma alla vaniglia - Distributore all'ingrosso","isPartOf":{"@id":"https:\/\/naturalpoland.com\/it\/#website"},"primaryImageOfPage":{"@id":"https:\/\/naturalpoland.com\/it\/produkty\/prodotti-per-industria-alimentare\/aromi\/aromi-per-dolci\/aroma-alla-vaniglia\/#primaryimage"},"image":{"@id":"https:\/\/naturalpoland.com\/it\/produkty\/prodotti-per-industria-alimentare\/aromi\/aromi-per-dolci\/aroma-alla-vaniglia\/#primaryimage"},"thumbnailUrl":"https:\/\/naturalpoland.com\/wp-content\/uploads\/aromat-waniliowy.webp","datePublished":"2025-02-07T11:46:15+00:00","dateModified":"2025-02-07T13:58:57+00:00","description":"L'aroma di vaniglia \u00e8 uno degli aromi pi\u00f9 classici e versatili utilizzati nell'industria alimentare e cosmetica.","breadcrumb":{"@id":"https:\/\/naturalpoland.com\/it\/produkty\/prodotti-per-industria-alimentare\/aromi\/aromi-per-dolci\/aroma-alla-vaniglia\/#breadcrumb"},"inLanguage":"it-IT","potentialAction":[{"@type":"ReadAction","target":["https:\/\/naturalpoland.com\/it\/produkty\/prodotti-per-industria-alimentare\/aromi\/aromi-per-dolci\/aroma-alla-vaniglia\/"]}]},{"@type":"ImageObject","inLanguage":"it-IT","@id":"https:\/\/naturalpoland.com\/it\/produkty\/prodotti-per-industria-alimentare\/aromi\/aromi-per-dolci\/aroma-alla-vaniglia\/#primaryimage","url":"https:\/\/naturalpoland.com\/wp-content\/uploads\/aromat-waniliowy.webp","contentUrl":"https:\/\/naturalpoland.com\/wp-content\/uploads\/aromat-waniliowy.webp","width":596,"height":596,"caption":"aromat waniliowy p\u0142ynny i proszkowy"},{"@type":"BreadcrumbList","@id":"https:\/\/naturalpoland.com\/it\/produkty\/prodotti-per-industria-alimentare\/aromi\/aromi-per-dolci\/aroma-alla-vaniglia\/#breadcrumb","itemListElement":[{"@type":"ListItem","position":1,"name":"Home","item":"https:\/\/naturalpoland.com\/it\/"},{"@type":"ListItem","position":2,"name":"Prodotti","item":"https:\/\/naturalpoland.com\/it\/prodotti\/"},{"@type":"ListItem","position":3,"name":"Aroma alla vaniglia"}]},{"@type":"WebSite","@id":"https:\/\/naturalpoland.com\/it\/#website","url":"https:\/\/naturalpoland.com\/it\/","name":"NATURAL POLAND - Distributore all'ingrosso di materie prime","description":"Surowce dla przemys\u0142u spo\u017cywczego, kosmetycznego i farmaceutycznego","publisher":{"@id":"https:\/\/naturalpoland.com\/it\/#organization"},"potentialAction":[{"@type":"SearchAction","target":{"@type":"EntryPoint","urlTemplate":"https:\/\/naturalpoland.com\/it\/?s={search_term_string}"},"query-input":{"@type":"PropertyValueSpecification","valueRequired":true,"valueName":"search_term_string"}}],"inLanguage":"it-IT"},{"@type":"Organization","@id":"https:\/\/naturalpoland.com\/it\/#organization","name":"Natural Poland","url":"https:\/\/naturalpoland.com\/it\/","logo":{"@type":"ImageObject","inLanguage":"it-IT","@id":"https:\/\/naturalpoland.com\/it\/#\/schema\/logo\/image\/","url":"https:\/\/naturalpoland.com\/wp-content\/uploads\/2021\/05\/natural-poland-icon.png","contentUrl":"https:\/\/naturalpoland.com\/wp-content\/uploads\/2021\/05\/natural-poland-icon.png","width":512,"height":512,"caption":"Natural Poland"},"image":{"@id":"https:\/\/naturalpoland.com\/it\/#\/schema\/logo\/image\/"},"sameAs":["https:\/\/www.facebook.com\/naturalpoland.b2b","https:\/\/pl.linkedin.com\/company\/natural-poland","https:\/\/www.youtube.com\/channel\/UCgeGGkvOMahZo-xu_MSEWxg"]}]}},"_links":{"self":[{"href":"https:\/\/naturalpoland.com\/it\/wp-json\/wp\/v2\/product\/39372","targetHints":{"allow":["GET"]}}],"collection":[{"href":"https:\/\/naturalpoland.com\/it\/wp-json\/wp\/v2\/product"}],"about":[{"href":"https:\/\/naturalpoland.com\/it\/wp-json\/wp\/v2\/types\/product"}],"wp:featuredmedia":[{"embeddable":true,"href":"https:\/\/naturalpoland.com\/it\/wp-json\/wp\/v2\/media\/39269"}],"wp:attachment":[{"href":"https:\/\/naturalpoland.com\/it\/wp-json\/wp\/v2\/media?parent=39372"}],"wp:term":[{"taxonomy":"product_brand","embeddable":true,"href":"https:\/\/naturalpoland.com\/it\/wp-json\/wp\/v2\/product_brand?post=39372"},{"taxonomy":"product_cat","embeddable":true,"href":"https:\/\/naturalpoland.com\/it\/wp-json\/wp\/v2\/product_cat?post=39372"},{"taxonomy":"product_tag","embeddable":true,"href":"https:\/\/naturalpoland.com\/it\/wp-json\/wp\/v2\/product_tag?post=39372"}],"curies":[{"name":"wp","href":"https:\/\/api.w.org\/{rel}","templated":true}]}}