{"id":39388,"date":"2025-02-07T13:34:05","date_gmt":"2025-02-07T12:34:05","guid":{"rendered":"https:\/\/naturalpoland.com\/produkty\/senza-categoria\/aroma-di-fragola\/"},"modified":"2025-02-07T15:15:11","modified_gmt":"2025-02-07T14:15:11","slug":"aroma-di-fragola","status":"publish","type":"product","link":"https:\/\/naturalpoland.com\/it\/produkty\/prodotti-per-industria-alimentare\/aromi\/aromi-fruttati\/aroma-di-fragola\/","title":{"rendered":"Aroma di fragola"},"content":{"rendered":"<h2>Aromi naturali di fragola<\/h2>\n<h3>Aroma naturale liquido di fragola<\/h3>\n<p>Gli aromi naturali sono composizioni di alta qualit\u00e0 che riproducono fedelmente il profumo della frutta vera. <strong> L&#8217;Aroma QUANTITATIVO DI FRAGOLA WONF<\/strong>, con il suo carattere profondo e bordeaux, riproduce perfettamente una fragola matura e succosa ed \u00e8 resistente alle alte temperature. \u00c8 consigliato per i prodotti da forno e per le applicazioni che richiedono stabilit\u00e0 al calore. La seconda variante di questo aroma combina un equilibrio tra polpa matura e sottili note verdi che gli conferiscono un carattere fresco e naturale.   <\/p>\n<p>Al contrario, il <strong>TRUSCOLO AROMATIZZATO NATURALE<\/strong> \u00e8 una fragola classica, fresca e matura, la cui intensit\u00e0 e autenticit\u00e0 si adatta bene alle applicazioni premium.<\/p>\n<h3>Aroma naturale di fragola in polvere<\/h3>\n<p>Gli aromi in polvere sono pensati per essere utilizzati nei prodotti a miscela secca. L&#8217;aroma in polvere <strong>WONF QUALITY TRUSKberry<\/strong> \u00e8 l&#8217;essenza della fragola matura di Borgogna, che cattura la profondit\u00e0 e la pienezza di sapore di questo frutto. <\/p>\n<p>&nbsp;<\/p>\n<h2>Aromi liquidi di fragola:<\/h2>\n<p>La nostra gamma comprende anche <strong>aromi liquidi alla fragola con una variet\u00e0 di caratteri<\/strong>, adatti alle esigenze specifiche dei produttori alimentari: <\/p>\n<ul>\n<li><strong>TRUCK LANDRINE<\/strong> si distingue per il suo carattere dolce e caramelloso con note di ciliegia e lampone,<\/li>\n<li><strong>CONCENTRATED TRUCK<\/strong> \u00e8 l&#8217;aroma intenso di fragole fresche e dolci raccolte direttamente dal cespuglio,<\/li>\n<li><strong>L&#8217;AROMA DI BACCA DI TRUSCO MOLTO RIP E DOLCE <\/strong>enfatizza la profondit\u00e0 del sapore del frutto maturo,<\/li>\n<li><strong>EXOTIC TRUSCRAVY AROMATIC<\/strong> combina la fragola succosa con accenti esotici,<\/li>\n<li>L<strong>&#8216;AROMATA DI FRAGOLA BIANCA <\/strong>\u00e8 una combinazione di fragole fresche e succo di ananas maturo,<\/li>\n<li>L&#8217;<strong>AROMATO DI TRUSCOLO DESSERT<\/strong> \u00e8 una variante dal tocco cremoso e lattiginoso che si sposa perfettamente con gelati, creme e ripieni per pasticceria,<\/li>\n<li><strong>Aroma di<\/strong> fragola <strong>matura<\/strong> &#8211; fragola piena e succosa,<\/li>\n<li><strong>KASHUBA TRUSKAWKA AROMATIC <\/strong>ha un aroma di fragola pi\u00f9 elaborato,<\/li>\n<li><strong>TRUSKAWAWAK PREMIUM AROMATE<\/strong> \u00e8 una fragola aromatica e dolce con un accento di fragola,<\/li>\n<li><strong>Il TRUSKAWA CAKE AROMATE<\/strong> offre un delicato sentore di crema, che ricorda i prodotti da forno e le creme tradizionali.<\/li>\n<\/ul>\n<p>&nbsp;<\/p>\n","protected":false},"excerpt":{"rendered":"<p>L&#8217;aroma di fragola \u00e8 una delle fragranze pi\u00f9 popolari e versatili utilizzate nell&#8217;industria alimentare. Grazie alla sua ampia gamma di varianti, l&#8217;aroma di fragola pu\u00f2 essere adattato a diverse applicazioni: da note intense e terrose a composizioni naturali che imitano il frutto fresco. <\/p>\n","protected":false},"featured_media":39296,"template":"","meta":{"_acf_changed":false},"product_brand":[],"product_cat":[7628],"product_tag":[],"class_list":{"0":"post-39388","1":"product","2":"type-product","3":"status-publish","4":"has-post-thumbnail","6":"product_cat-aromi-fruttati","8":"first","9":"instock","10":"shipping-taxable","11":"product-type-simple"},"acf":[],"yoast_head":"<!-- This site is optimized with the Yoast SEO plugin v27.6 - https:\/\/yoast.com\/product\/yoast-seo-wordpress\/ -->\n<title>Aroma di fragola - Distributore all&#039;ingrosso<\/title>\n<meta name=\"description\" content=\"L&#039;aroma di fragola \u00e8 una delle fragranze pi\u00f9 popolari e versatili utilizzate nell&#039;industria alimentare e cosmetica.\" \/>\n<meta name=\"robots\" content=\"index, follow, max-snippet:-1, max-image-preview:large, max-video-preview:-1\" \/>\n<link rel=\"canonical\" href=\"https:\/\/naturalpoland.com\/it\/produkty\/prodotti-per-industria-alimentare\/aromi\/aromi-fruttati\/aroma-di-fragola\/\" \/>\n<meta property=\"og:locale\" content=\"it_IT\" \/>\n<meta property=\"og:type\" content=\"article\" \/>\n<meta property=\"og:title\" content=\"Aroma di fragola - Distributore all&#039;ingrosso\" \/>\n<meta property=\"og:description\" content=\"L&#039;aroma di fragola \u00e8 una delle fragranze pi\u00f9 popolari e versatili utilizzate nell&#039;industria alimentare e cosmetica.\" \/>\n<meta property=\"og:url\" content=\"https:\/\/naturalpoland.com\/it\/produkty\/prodotti-per-industria-alimentare\/aromi\/aromi-fruttati\/aroma-di-fragola\/\" \/>\n<meta property=\"og:site_name\" content=\"NATURAL POLAND - Distributore all&#039;ingrosso di materie prime\" \/>\n<meta property=\"article:publisher\" content=\"https:\/\/www.facebook.com\/naturalpoland.b2b\" \/>\n<meta property=\"article:modified_time\" content=\"2025-02-07T14:15:11+00:00\" \/>\n<meta property=\"og:image\" content=\"https:\/\/naturalpoland.com\/wp-content\/uploads\/aromat-truskawkowy.webp\" \/>\n\t<meta property=\"og:image:width\" content=\"596\" \/>\n\t<meta property=\"og:image:height\" content=\"596\" \/>\n\t<meta property=\"og:image:type\" content=\"image\/webp\" \/>\n<script type=\"application\/ld+json\" class=\"yoast-schema-graph\">{\"@context\":\"https:\\\/\\\/schema.org\",\"@graph\":[{\"@type\":\"WebPage\",\"@id\":\"https:\\\/\\\/naturalpoland.com\\\/it\\\/produkty\\\/prodotti-per-industria-alimentare\\\/aromi\\\/aromi-fruttati\\\/aroma-di-fragola\\\/\",\"url\":\"https:\\\/\\\/naturalpoland.com\\\/it\\\/produkty\\\/prodotti-per-industria-alimentare\\\/aromi\\\/aromi-fruttati\\\/aroma-di-fragola\\\/\",\"name\":\"Aroma di fragola - Distributore all'ingrosso\",\"isPartOf\":{\"@id\":\"https:\\\/\\\/naturalpoland.com\\\/it\\\/#website\"},\"primaryImageOfPage\":{\"@id\":\"https:\\\/\\\/naturalpoland.com\\\/it\\\/produkty\\\/prodotti-per-industria-alimentare\\\/aromi\\\/aromi-fruttati\\\/aroma-di-fragola\\\/#primaryimage\"},\"image\":{\"@id\":\"https:\\\/\\\/naturalpoland.com\\\/it\\\/produkty\\\/prodotti-per-industria-alimentare\\\/aromi\\\/aromi-fruttati\\\/aroma-di-fragola\\\/#primaryimage\"},\"thumbnailUrl\":\"https:\\\/\\\/naturalpoland.com\\\/wp-content\\\/uploads\\\/aromat-truskawkowy.webp\",\"datePublished\":\"2025-02-07T12:34:05+00:00\",\"dateModified\":\"2025-02-07T14:15:11+00:00\",\"description\":\"L'aroma di fragola \u00e8 una delle fragranze pi\u00f9 popolari e versatili utilizzate nell'industria alimentare e cosmetica.\",\"breadcrumb\":{\"@id\":\"https:\\\/\\\/naturalpoland.com\\\/it\\\/produkty\\\/prodotti-per-industria-alimentare\\\/aromi\\\/aromi-fruttati\\\/aroma-di-fragola\\\/#breadcrumb\"},\"inLanguage\":\"it-IT\",\"potentialAction\":[{\"@type\":\"ReadAction\",\"target\":[\"https:\\\/\\\/naturalpoland.com\\\/it\\\/produkty\\\/prodotti-per-industria-alimentare\\\/aromi\\\/aromi-fruttati\\\/aroma-di-fragola\\\/\"]}]},{\"@type\":\"ImageObject\",\"inLanguage\":\"it-IT\",\"@id\":\"https:\\\/\\\/naturalpoland.com\\\/it\\\/produkty\\\/prodotti-per-industria-alimentare\\\/aromi\\\/aromi-fruttati\\\/aroma-di-fragola\\\/#primaryimage\",\"url\":\"https:\\\/\\\/naturalpoland.com\\\/wp-content\\\/uploads\\\/aromat-truskawkowy.webp\",\"contentUrl\":\"https:\\\/\\\/naturalpoland.com\\\/wp-content\\\/uploads\\\/aromat-truskawkowy.webp\",\"width\":596,\"height\":596,\"caption\":\"aromat truskawkowy\"},{\"@type\":\"BreadcrumbList\",\"@id\":\"https:\\\/\\\/naturalpoland.com\\\/it\\\/produkty\\\/prodotti-per-industria-alimentare\\\/aromi\\\/aromi-fruttati\\\/aroma-di-fragola\\\/#breadcrumb\",\"itemListElement\":[{\"@type\":\"ListItem\",\"position\":1,\"name\":\"Home\",\"item\":\"https:\\\/\\\/naturalpoland.com\\\/it\\\/\"},{\"@type\":\"ListItem\",\"position\":2,\"name\":\"Prodotti\",\"item\":\"https:\\\/\\\/naturalpoland.com\\\/it\\\/prodotti\\\/\"},{\"@type\":\"ListItem\",\"position\":3,\"name\":\"Aroma di fragola\"}]},{\"@type\":\"WebSite\",\"@id\":\"https:\\\/\\\/naturalpoland.com\\\/it\\\/#website\",\"url\":\"https:\\\/\\\/naturalpoland.com\\\/it\\\/\",\"name\":\"NATURAL POLAND - Distributore all'ingrosso di materie prime\",\"description\":\"Surowce dla przemys\u0142u spo\u017cywczego, kosmetycznego i farmaceutycznego\",\"publisher\":{\"@id\":\"https:\\\/\\\/naturalpoland.com\\\/it\\\/#organization\"},\"potentialAction\":[{\"@type\":\"SearchAction\",\"target\":{\"@type\":\"EntryPoint\",\"urlTemplate\":\"https:\\\/\\\/naturalpoland.com\\\/it\\\/?s={search_term_string}\"},\"query-input\":{\"@type\":\"PropertyValueSpecification\",\"valueRequired\":true,\"valueName\":\"search_term_string\"}}],\"inLanguage\":\"it-IT\"},{\"@type\":\"Organization\",\"@id\":\"https:\\\/\\\/naturalpoland.com\\\/it\\\/#organization\",\"name\":\"Natural Poland\",\"url\":\"https:\\\/\\\/naturalpoland.com\\\/it\\\/\",\"logo\":{\"@type\":\"ImageObject\",\"inLanguage\":\"it-IT\",\"@id\":\"https:\\\/\\\/naturalpoland.com\\\/it\\\/#\\\/schema\\\/logo\\\/image\\\/\",\"url\":\"https:\\\/\\\/naturalpoland.com\\\/wp-content\\\/uploads\\\/2021\\\/05\\\/natural-poland-icon.png\",\"contentUrl\":\"https:\\\/\\\/naturalpoland.com\\\/wp-content\\\/uploads\\\/2021\\\/05\\\/natural-poland-icon.png\",\"width\":512,\"height\":512,\"caption\":\"Natural Poland\"},\"image\":{\"@id\":\"https:\\\/\\\/naturalpoland.com\\\/it\\\/#\\\/schema\\\/logo\\\/image\\\/\"},\"sameAs\":[\"https:\\\/\\\/www.facebook.com\\\/naturalpoland.b2b\",\"https:\\\/\\\/pl.linkedin.com\\\/company\\\/natural-poland\",\"https:\\\/\\\/www.youtube.com\\\/channel\\\/UCgeGGkvOMahZo-xu_MSEWxg\"]}]}<\/script>\n<!-- \/ Yoast SEO plugin. -->","yoast_head_json":{"title":"Aroma di fragola - Distributore all'ingrosso","description":"L'aroma di fragola \u00e8 una delle fragranze pi\u00f9 popolari e versatili utilizzate nell'industria alimentare e cosmetica.","robots":{"index":"index","follow":"follow","max-snippet":"max-snippet:-1","max-image-preview":"max-image-preview:large","max-video-preview":"max-video-preview:-1"},"canonical":"https:\/\/naturalpoland.com\/it\/produkty\/prodotti-per-industria-alimentare\/aromi\/aromi-fruttati\/aroma-di-fragola\/","og_locale":"it_IT","og_type":"article","og_title":"Aroma di fragola - Distributore all'ingrosso","og_description":"L'aroma di fragola \u00e8 una delle fragranze pi\u00f9 popolari e versatili utilizzate nell'industria alimentare e cosmetica.","og_url":"https:\/\/naturalpoland.com\/it\/produkty\/prodotti-per-industria-alimentare\/aromi\/aromi-fruttati\/aroma-di-fragola\/","og_site_name":"NATURAL POLAND - Distributore all'ingrosso di materie prime","article_publisher":"https:\/\/www.facebook.com\/naturalpoland.b2b","article_modified_time":"2025-02-07T14:15:11+00:00","og_image":[{"width":596,"height":596,"url":"https:\/\/naturalpoland.com\/wp-content\/uploads\/aromat-truskawkowy.webp","type":"image\/webp"}],"schema":{"@context":"https:\/\/schema.org","@graph":[{"@type":"WebPage","@id":"https:\/\/naturalpoland.com\/it\/produkty\/prodotti-per-industria-alimentare\/aromi\/aromi-fruttati\/aroma-di-fragola\/","url":"https:\/\/naturalpoland.com\/it\/produkty\/prodotti-per-industria-alimentare\/aromi\/aromi-fruttati\/aroma-di-fragola\/","name":"Aroma di fragola - Distributore all'ingrosso","isPartOf":{"@id":"https:\/\/naturalpoland.com\/it\/#website"},"primaryImageOfPage":{"@id":"https:\/\/naturalpoland.com\/it\/produkty\/prodotti-per-industria-alimentare\/aromi\/aromi-fruttati\/aroma-di-fragola\/#primaryimage"},"image":{"@id":"https:\/\/naturalpoland.com\/it\/produkty\/prodotti-per-industria-alimentare\/aromi\/aromi-fruttati\/aroma-di-fragola\/#primaryimage"},"thumbnailUrl":"https:\/\/naturalpoland.com\/wp-content\/uploads\/aromat-truskawkowy.webp","datePublished":"2025-02-07T12:34:05+00:00","dateModified":"2025-02-07T14:15:11+00:00","description":"L'aroma di fragola \u00e8 una delle fragranze pi\u00f9 popolari e versatili utilizzate nell'industria alimentare e cosmetica.","breadcrumb":{"@id":"https:\/\/naturalpoland.com\/it\/produkty\/prodotti-per-industria-alimentare\/aromi\/aromi-fruttati\/aroma-di-fragola\/#breadcrumb"},"inLanguage":"it-IT","potentialAction":[{"@type":"ReadAction","target":["https:\/\/naturalpoland.com\/it\/produkty\/prodotti-per-industria-alimentare\/aromi\/aromi-fruttati\/aroma-di-fragola\/"]}]},{"@type":"ImageObject","inLanguage":"it-IT","@id":"https:\/\/naturalpoland.com\/it\/produkty\/prodotti-per-industria-alimentare\/aromi\/aromi-fruttati\/aroma-di-fragola\/#primaryimage","url":"https:\/\/naturalpoland.com\/wp-content\/uploads\/aromat-truskawkowy.webp","contentUrl":"https:\/\/naturalpoland.com\/wp-content\/uploads\/aromat-truskawkowy.webp","width":596,"height":596,"caption":"aromat truskawkowy"},{"@type":"BreadcrumbList","@id":"https:\/\/naturalpoland.com\/it\/produkty\/prodotti-per-industria-alimentare\/aromi\/aromi-fruttati\/aroma-di-fragola\/#breadcrumb","itemListElement":[{"@type":"ListItem","position":1,"name":"Home","item":"https:\/\/naturalpoland.com\/it\/"},{"@type":"ListItem","position":2,"name":"Prodotti","item":"https:\/\/naturalpoland.com\/it\/prodotti\/"},{"@type":"ListItem","position":3,"name":"Aroma di fragola"}]},{"@type":"WebSite","@id":"https:\/\/naturalpoland.com\/it\/#website","url":"https:\/\/naturalpoland.com\/it\/","name":"NATURAL POLAND - Distributore all'ingrosso di materie prime","description":"Surowce dla przemys\u0142u spo\u017cywczego, kosmetycznego i farmaceutycznego","publisher":{"@id":"https:\/\/naturalpoland.com\/it\/#organization"},"potentialAction":[{"@type":"SearchAction","target":{"@type":"EntryPoint","urlTemplate":"https:\/\/naturalpoland.com\/it\/?s={search_term_string}"},"query-input":{"@type":"PropertyValueSpecification","valueRequired":true,"valueName":"search_term_string"}}],"inLanguage":"it-IT"},{"@type":"Organization","@id":"https:\/\/naturalpoland.com\/it\/#organization","name":"Natural Poland","url":"https:\/\/naturalpoland.com\/it\/","logo":{"@type":"ImageObject","inLanguage":"it-IT","@id":"https:\/\/naturalpoland.com\/it\/#\/schema\/logo\/image\/","url":"https:\/\/naturalpoland.com\/wp-content\/uploads\/2021\/05\/natural-poland-icon.png","contentUrl":"https:\/\/naturalpoland.com\/wp-content\/uploads\/2021\/05\/natural-poland-icon.png","width":512,"height":512,"caption":"Natural Poland"},"image":{"@id":"https:\/\/naturalpoland.com\/it\/#\/schema\/logo\/image\/"},"sameAs":["https:\/\/www.facebook.com\/naturalpoland.b2b","https:\/\/pl.linkedin.com\/company\/natural-poland","https:\/\/www.youtube.com\/channel\/UCgeGGkvOMahZo-xu_MSEWxg"]}]}},"_links":{"self":[{"href":"https:\/\/naturalpoland.com\/it\/wp-json\/wp\/v2\/product\/39388","targetHints":{"allow":["GET"]}}],"collection":[{"href":"https:\/\/naturalpoland.com\/it\/wp-json\/wp\/v2\/product"}],"about":[{"href":"https:\/\/naturalpoland.com\/it\/wp-json\/wp\/v2\/types\/product"}],"wp:featuredmedia":[{"embeddable":true,"href":"https:\/\/naturalpoland.com\/it\/wp-json\/wp\/v2\/media\/39296"}],"wp:attachment":[{"href":"https:\/\/naturalpoland.com\/it\/wp-json\/wp\/v2\/media?parent=39388"}],"wp:term":[{"taxonomy":"product_brand","embeddable":true,"href":"https:\/\/naturalpoland.com\/it\/wp-json\/wp\/v2\/product_brand?post=39388"},{"taxonomy":"product_cat","embeddable":true,"href":"https:\/\/naturalpoland.com\/it\/wp-json\/wp\/v2\/product_cat?post=39388"},{"taxonomy":"product_tag","embeddable":true,"href":"https:\/\/naturalpoland.com\/it\/wp-json\/wp\/v2\/product_tag?post=39388"}],"curies":[{"name":"wp","href":"https:\/\/api.w.org\/{rel}","templated":true}]}}