{"id":40882,"date":"2025-04-22T16:10:19","date_gmt":"2025-04-22T14:10:19","guid":{"rendered":"https:\/\/naturalpoland.com\/produkty\/senza-categoria\/aroma-della-birra\/"},"modified":"2025-04-24T10:30:03","modified_gmt":"2025-04-24T08:30:03","slug":"aroma-della-birra","status":"publish","type":"product","link":"https:\/\/naturalpoland.com\/it\/produkty\/prodotti-per-industria-alimentare\/aromi\/aromi-alcolici\/aroma-della-birra\/","title":{"rendered":"Aroma della birra"},"content":{"rendered":"<p class=\"\" data-start=\"371\" data-end=\"970\">Questo aroma si presenta solitamente in <strong data-start=\"406\" data-end=\"424\">forma liquida<\/strong> su un supporto glicolico e pu\u00f2 essere utilizzato sia nell&#8217;industria alimentare che in quella cosmetica. Nelle applicazioni alimentari trova spazio, ad esempio, nella produzione di bevande analcoliche al malto, dolci con note insolite di birra, ma anche in snack e piatti istantanei, ai quali conferisce un sapore originale e secco.  <\/p>\n<p class=\"\" data-start=\"371\" data-end=\"970\"><strong>Nell&#8217;industria cosmetica<\/strong>, viene utilizzato come interessante aggiunta di fragranze nelle linee di prodotti maschili &#8211; gel doccia, shampoo o lozioni &#8211; dove crea associazioni con la naturalezza, l&#8217;artigianalit\u00e0 e la freschezza.<\/p>\n<p class=\"\" data-start=\"972\" data-end=\"1363\">L&#8217;aroma di birra \u00e8 resistente alle alte temperature e pu\u00f2 quindi essere utilizzato nei processi che richiedono un trattamento termico. Si distingue per la sua buona stabilit\u00e0 e per l&#8217;eccellente rappresentazione degli accenti tipici della birra &#8211; senza alcol e senza fermentazione. Pu\u00f2 essere utilizzato anche nei prodotti destinati ai vegani e a chi evita l&#8217;alcol, dove ha solo una funzione di aroma e sapore.  <\/p>\n","protected":false},"excerpt":{"rendered":"<p><strong data-start=\"0\" data-end=\"16\">L&#8217;aroma della birra<\/strong> si ispira al profilo sensoriale di una birra chiara e fermentata. A seconda della variante, pu\u00f2 includere note maltate, leggermente luppolate, leggermente amare o con una sfumatura di lievito evidente. Spesso \u00e8 presente anche una sottile dolcezza di malto d&#8217;orzo, che aggiunge profondit\u00e0 e naturalezza all&#8217;esperienza complessiva.  <\/p>\n","protected":false},"featured_media":40849,"template":"","meta":{"_acf_changed":false},"product_brand":[],"product_cat":[7770],"product_tag":[],"class_list":{"0":"post-40882","1":"product","2":"type-product","3":"status-publish","4":"has-post-thumbnail","6":"product_cat-aromi-alcolici","8":"first","9":"instock","10":"shipping-taxable","11":"product-type-simple"},"acf":[],"yoast_head":"<!-- This site is optimized with the Yoast SEO plugin v27.4 - https:\/\/yoast.com\/product\/yoast-seo-wordpress\/ -->\n<title>Aroma della birra - Distributore all&#039;ingrosso<\/title>\n<meta name=\"description\" content=\"L&#039;aroma di birra \u00e8 resistente alle alte temperature e pu\u00f2 quindi essere utilizzato nei processi che richiedono un trattamento termico. Si distingue per la sua buona stabilit\u00e0\" \/>\n<meta name=\"robots\" content=\"index, follow, max-snippet:-1, max-image-preview:large, max-video-preview:-1\" \/>\n<link rel=\"canonical\" href=\"https:\/\/naturalpoland.com\/it\/produkty\/prodotti-per-industria-alimentare\/aromi\/aromi-alcolici\/aroma-della-birra\/\" \/>\n<meta property=\"og:locale\" content=\"it_IT\" \/>\n<meta property=\"og:type\" content=\"article\" \/>\n<meta property=\"og:title\" content=\"Aroma della birra - Distributore all&#039;ingrosso\" \/>\n<meta property=\"og:description\" content=\"L&#039;aroma di birra \u00e8 resistente alle alte temperature e pu\u00f2 quindi essere utilizzato nei processi che richiedono un trattamento termico. Si distingue per la sua buona stabilit\u00e0\" \/>\n<meta property=\"og:url\" content=\"https:\/\/naturalpoland.com\/it\/produkty\/prodotti-per-industria-alimentare\/aromi\/aromi-alcolici\/aroma-della-birra\/\" \/>\n<meta property=\"og:site_name\" content=\"NATURAL POLAND - Distributore all&#039;ingrosso di materie prime\" \/>\n<meta property=\"article:publisher\" content=\"https:\/\/www.facebook.com\/naturalpoland.b2b\" \/>\n<meta property=\"article:modified_time\" content=\"2025-04-24T08:30:03+00:00\" \/>\n<meta property=\"og:image\" content=\"https:\/\/naturalpoland.com\/wp-content\/uploads\/aromat-piwa.webp\" \/>\n\t<meta property=\"og:image:width\" content=\"1024\" \/>\n\t<meta property=\"og:image:height\" content=\"1024\" \/>\n\t<meta property=\"og:image:type\" content=\"image\/webp\" \/>\n<script type=\"application\/ld+json\" class=\"yoast-schema-graph\">{\"@context\":\"https:\\\/\\\/schema.org\",\"@graph\":[{\"@type\":\"WebPage\",\"@id\":\"https:\\\/\\\/naturalpoland.com\\\/it\\\/produkty\\\/prodotti-per-industria-alimentare\\\/aromi\\\/aromi-alcolici\\\/aroma-della-birra\\\/\",\"url\":\"https:\\\/\\\/naturalpoland.com\\\/it\\\/produkty\\\/prodotti-per-industria-alimentare\\\/aromi\\\/aromi-alcolici\\\/aroma-della-birra\\\/\",\"name\":\"Aroma della birra - Distributore all'ingrosso\",\"isPartOf\":{\"@id\":\"https:\\\/\\\/naturalpoland.com\\\/it\\\/#website\"},\"primaryImageOfPage\":{\"@id\":\"https:\\\/\\\/naturalpoland.com\\\/it\\\/produkty\\\/prodotti-per-industria-alimentare\\\/aromi\\\/aromi-alcolici\\\/aroma-della-birra\\\/#primaryimage\"},\"image\":{\"@id\":\"https:\\\/\\\/naturalpoland.com\\\/it\\\/produkty\\\/prodotti-per-industria-alimentare\\\/aromi\\\/aromi-alcolici\\\/aroma-della-birra\\\/#primaryimage\"},\"thumbnailUrl\":\"https:\\\/\\\/naturalpoland.com\\\/wp-content\\\/uploads\\\/aromat-piwa.webp\",\"datePublished\":\"2025-04-22T14:10:19+00:00\",\"dateModified\":\"2025-04-24T08:30:03+00:00\",\"description\":\"L'aroma di birra \u00e8 resistente alle alte temperature e pu\u00f2 quindi essere utilizzato nei processi che richiedono un trattamento termico. Si distingue per la sua buona stabilit\u00e0\",\"breadcrumb\":{\"@id\":\"https:\\\/\\\/naturalpoland.com\\\/it\\\/produkty\\\/prodotti-per-industria-alimentare\\\/aromi\\\/aromi-alcolici\\\/aroma-della-birra\\\/#breadcrumb\"},\"inLanguage\":\"it-IT\",\"potentialAction\":[{\"@type\":\"ReadAction\",\"target\":[\"https:\\\/\\\/naturalpoland.com\\\/it\\\/produkty\\\/prodotti-per-industria-alimentare\\\/aromi\\\/aromi-alcolici\\\/aroma-della-birra\\\/\"]}]},{\"@type\":\"ImageObject\",\"inLanguage\":\"it-IT\",\"@id\":\"https:\\\/\\\/naturalpoland.com\\\/it\\\/produkty\\\/prodotti-per-industria-alimentare\\\/aromi\\\/aromi-alcolici\\\/aroma-della-birra\\\/#primaryimage\",\"url\":\"https:\\\/\\\/naturalpoland.com\\\/wp-content\\\/uploads\\\/aromat-piwa.webp\",\"contentUrl\":\"https:\\\/\\\/naturalpoland.com\\\/wp-content\\\/uploads\\\/aromat-piwa.webp\",\"width\":1024,\"height\":1024,\"caption\":\"aromat piwny\"},{\"@type\":\"BreadcrumbList\",\"@id\":\"https:\\\/\\\/naturalpoland.com\\\/it\\\/produkty\\\/prodotti-per-industria-alimentare\\\/aromi\\\/aromi-alcolici\\\/aroma-della-birra\\\/#breadcrumb\",\"itemListElement\":[{\"@type\":\"ListItem\",\"position\":1,\"name\":\"Home\",\"item\":\"https:\\\/\\\/naturalpoland.com\\\/it\\\/\"},{\"@type\":\"ListItem\",\"position\":2,\"name\":\"Prodotti\",\"item\":\"https:\\\/\\\/naturalpoland.com\\\/it\\\/prodotti\\\/\"},{\"@type\":\"ListItem\",\"position\":3,\"name\":\"Aroma della birra\"}]},{\"@type\":\"WebSite\",\"@id\":\"https:\\\/\\\/naturalpoland.com\\\/it\\\/#website\",\"url\":\"https:\\\/\\\/naturalpoland.com\\\/it\\\/\",\"name\":\"NATURAL POLAND - Distributore all'ingrosso di materie prime\",\"description\":\"Surowce dla przemys\u0142u spo\u017cywczego, kosmetycznego i farmaceutycznego\",\"publisher\":{\"@id\":\"https:\\\/\\\/naturalpoland.com\\\/it\\\/#organization\"},\"potentialAction\":[{\"@type\":\"SearchAction\",\"target\":{\"@type\":\"EntryPoint\",\"urlTemplate\":\"https:\\\/\\\/naturalpoland.com\\\/it\\\/?s={search_term_string}\"},\"query-input\":{\"@type\":\"PropertyValueSpecification\",\"valueRequired\":true,\"valueName\":\"search_term_string\"}}],\"inLanguage\":\"it-IT\"},{\"@type\":\"Organization\",\"@id\":\"https:\\\/\\\/naturalpoland.com\\\/it\\\/#organization\",\"name\":\"Natural Poland\",\"url\":\"https:\\\/\\\/naturalpoland.com\\\/it\\\/\",\"logo\":{\"@type\":\"ImageObject\",\"inLanguage\":\"it-IT\",\"@id\":\"https:\\\/\\\/naturalpoland.com\\\/it\\\/#\\\/schema\\\/logo\\\/image\\\/\",\"url\":\"https:\\\/\\\/naturalpoland.com\\\/wp-content\\\/uploads\\\/2021\\\/05\\\/natural-poland-icon.png\",\"contentUrl\":\"https:\\\/\\\/naturalpoland.com\\\/wp-content\\\/uploads\\\/2021\\\/05\\\/natural-poland-icon.png\",\"width\":512,\"height\":512,\"caption\":\"Natural Poland\"},\"image\":{\"@id\":\"https:\\\/\\\/naturalpoland.com\\\/it\\\/#\\\/schema\\\/logo\\\/image\\\/\"},\"sameAs\":[\"https:\\\/\\\/www.facebook.com\\\/naturalpoland.b2b\",\"https:\\\/\\\/pl.linkedin.com\\\/company\\\/natural-poland\",\"https:\\\/\\\/www.youtube.com\\\/channel\\\/UCgeGGkvOMahZo-xu_MSEWxg\"]}]}<\/script>\n<!-- \/ Yoast SEO plugin. -->","yoast_head_json":{"title":"Aroma della birra - Distributore all'ingrosso","description":"L'aroma di birra \u00e8 resistente alle alte temperature e pu\u00f2 quindi essere utilizzato nei processi che richiedono un trattamento termico. Si distingue per la sua buona stabilit\u00e0","robots":{"index":"index","follow":"follow","max-snippet":"max-snippet:-1","max-image-preview":"max-image-preview:large","max-video-preview":"max-video-preview:-1"},"canonical":"https:\/\/naturalpoland.com\/it\/produkty\/prodotti-per-industria-alimentare\/aromi\/aromi-alcolici\/aroma-della-birra\/","og_locale":"it_IT","og_type":"article","og_title":"Aroma della birra - Distributore all'ingrosso","og_description":"L'aroma di birra \u00e8 resistente alle alte temperature e pu\u00f2 quindi essere utilizzato nei processi che richiedono un trattamento termico. Si distingue per la sua buona stabilit\u00e0","og_url":"https:\/\/naturalpoland.com\/it\/produkty\/prodotti-per-industria-alimentare\/aromi\/aromi-alcolici\/aroma-della-birra\/","og_site_name":"NATURAL POLAND - Distributore all'ingrosso di materie prime","article_publisher":"https:\/\/www.facebook.com\/naturalpoland.b2b","article_modified_time":"2025-04-24T08:30:03+00:00","og_image":[{"width":1024,"height":1024,"url":"https:\/\/naturalpoland.com\/wp-content\/uploads\/aromat-piwa.webp","type":"image\/webp"}],"schema":{"@context":"https:\/\/schema.org","@graph":[{"@type":"WebPage","@id":"https:\/\/naturalpoland.com\/it\/produkty\/prodotti-per-industria-alimentare\/aromi\/aromi-alcolici\/aroma-della-birra\/","url":"https:\/\/naturalpoland.com\/it\/produkty\/prodotti-per-industria-alimentare\/aromi\/aromi-alcolici\/aroma-della-birra\/","name":"Aroma della birra - Distributore all'ingrosso","isPartOf":{"@id":"https:\/\/naturalpoland.com\/it\/#website"},"primaryImageOfPage":{"@id":"https:\/\/naturalpoland.com\/it\/produkty\/prodotti-per-industria-alimentare\/aromi\/aromi-alcolici\/aroma-della-birra\/#primaryimage"},"image":{"@id":"https:\/\/naturalpoland.com\/it\/produkty\/prodotti-per-industria-alimentare\/aromi\/aromi-alcolici\/aroma-della-birra\/#primaryimage"},"thumbnailUrl":"https:\/\/naturalpoland.com\/wp-content\/uploads\/aromat-piwa.webp","datePublished":"2025-04-22T14:10:19+00:00","dateModified":"2025-04-24T08:30:03+00:00","description":"L'aroma di birra \u00e8 resistente alle alte temperature e pu\u00f2 quindi essere utilizzato nei processi che richiedono un trattamento termico. Si distingue per la sua buona stabilit\u00e0","breadcrumb":{"@id":"https:\/\/naturalpoland.com\/it\/produkty\/prodotti-per-industria-alimentare\/aromi\/aromi-alcolici\/aroma-della-birra\/#breadcrumb"},"inLanguage":"it-IT","potentialAction":[{"@type":"ReadAction","target":["https:\/\/naturalpoland.com\/it\/produkty\/prodotti-per-industria-alimentare\/aromi\/aromi-alcolici\/aroma-della-birra\/"]}]},{"@type":"ImageObject","inLanguage":"it-IT","@id":"https:\/\/naturalpoland.com\/it\/produkty\/prodotti-per-industria-alimentare\/aromi\/aromi-alcolici\/aroma-della-birra\/#primaryimage","url":"https:\/\/naturalpoland.com\/wp-content\/uploads\/aromat-piwa.webp","contentUrl":"https:\/\/naturalpoland.com\/wp-content\/uploads\/aromat-piwa.webp","width":1024,"height":1024,"caption":"aromat piwny"},{"@type":"BreadcrumbList","@id":"https:\/\/naturalpoland.com\/it\/produkty\/prodotti-per-industria-alimentare\/aromi\/aromi-alcolici\/aroma-della-birra\/#breadcrumb","itemListElement":[{"@type":"ListItem","position":1,"name":"Home","item":"https:\/\/naturalpoland.com\/it\/"},{"@type":"ListItem","position":2,"name":"Prodotti","item":"https:\/\/naturalpoland.com\/it\/prodotti\/"},{"@type":"ListItem","position":3,"name":"Aroma della birra"}]},{"@type":"WebSite","@id":"https:\/\/naturalpoland.com\/it\/#website","url":"https:\/\/naturalpoland.com\/it\/","name":"NATURAL POLAND - Distributore all'ingrosso di materie prime","description":"Surowce dla przemys\u0142u spo\u017cywczego, kosmetycznego i farmaceutycznego","publisher":{"@id":"https:\/\/naturalpoland.com\/it\/#organization"},"potentialAction":[{"@type":"SearchAction","target":{"@type":"EntryPoint","urlTemplate":"https:\/\/naturalpoland.com\/it\/?s={search_term_string}"},"query-input":{"@type":"PropertyValueSpecification","valueRequired":true,"valueName":"search_term_string"}}],"inLanguage":"it-IT"},{"@type":"Organization","@id":"https:\/\/naturalpoland.com\/it\/#organization","name":"Natural Poland","url":"https:\/\/naturalpoland.com\/it\/","logo":{"@type":"ImageObject","inLanguage":"it-IT","@id":"https:\/\/naturalpoland.com\/it\/#\/schema\/logo\/image\/","url":"https:\/\/naturalpoland.com\/wp-content\/uploads\/2021\/05\/natural-poland-icon.png","contentUrl":"https:\/\/naturalpoland.com\/wp-content\/uploads\/2021\/05\/natural-poland-icon.png","width":512,"height":512,"caption":"Natural Poland"},"image":{"@id":"https:\/\/naturalpoland.com\/it\/#\/schema\/logo\/image\/"},"sameAs":["https:\/\/www.facebook.com\/naturalpoland.b2b","https:\/\/pl.linkedin.com\/company\/natural-poland","https:\/\/www.youtube.com\/channel\/UCgeGGkvOMahZo-xu_MSEWxg"]}]}},"_links":{"self":[{"href":"https:\/\/naturalpoland.com\/it\/wp-json\/wp\/v2\/product\/40882","targetHints":{"allow":["GET"]}}],"collection":[{"href":"https:\/\/naturalpoland.com\/it\/wp-json\/wp\/v2\/product"}],"about":[{"href":"https:\/\/naturalpoland.com\/it\/wp-json\/wp\/v2\/types\/product"}],"wp:featuredmedia":[{"embeddable":true,"href":"https:\/\/naturalpoland.com\/it\/wp-json\/wp\/v2\/media\/40849"}],"wp:attachment":[{"href":"https:\/\/naturalpoland.com\/it\/wp-json\/wp\/v2\/media?parent=40882"}],"wp:term":[{"taxonomy":"product_brand","embeddable":true,"href":"https:\/\/naturalpoland.com\/it\/wp-json\/wp\/v2\/product_brand?post=40882"},{"taxonomy":"product_cat","embeddable":true,"href":"https:\/\/naturalpoland.com\/it\/wp-json\/wp\/v2\/product_cat?post=40882"},{"taxonomy":"product_tag","embeddable":true,"href":"https:\/\/naturalpoland.com\/it\/wp-json\/wp\/v2\/product_tag?post=40882"}],"curies":[{"name":"wp","href":"https:\/\/api.w.org\/{rel}","templated":true}]}}