{"id":40891,"date":"2025-04-22T16:15:20","date_gmt":"2025-04-22T14:15:20","guid":{"rendered":"https:\/\/naturalpoland.com\/produkty\/senza-categoria\/aroma-di-cactus\/"},"modified":"2025-04-24T10:30:13","modified_gmt":"2025-04-24T08:30:13","slug":"aroma-di-cactus","status":"publish","type":"product","link":"https:\/\/naturalpoland.com\/it\/produkty\/prodotti-per-industria-alimentare\/aromi\/aromi-fruttati\/aroma-di-cactus\/","title":{"rendered":"Aroma di cactus"},"content":{"rendered":"<p class=\"\" data-start=\"0\" data-end=\"318\">L&#8217;aroma di <strong data-start=\"7\" data-end=\"20\">cactus<\/strong> \u00e8 disponibile in diverse varianti che si differenziano per l&#8217;intensit\u00e0, la natura delle note aromatiche e la forma (liquida o in polvere) per adattarsi ad applicazioni specifiche, sia nell&#8217;industria alimentare che in quella cosmetica. Di seguito una descrizione dettagliata delle varianti: <\/p>\n<h3 data-start=\"320\" data-end=\"909\"><strong data-start=\"320\" data-end=\"362\">1. aroma di cactus liquido (glicole)<\/strong><\/h3>\n<p class=\"\" data-start=\"320\" data-end=\"909\">\u00c8 la variante pi\u00f9 versatile, con un profilo fresco, verde e leggermente fruttato. Ci sono note simili al succo di fico d&#8217;India e all&#8217;aloe vera, con sottili tocchi di melone e cetriolo. Una delicata dolcezza si combina con una rinfrescante acidit\u00e0. Questa variante \u00e8 ideale per i prodotti lattiero-caseari (yogurt, formaggi), per la pasticceria (farciture, creme), nonch\u00e9 per le bevande isotoniche, le limonate o le bevande gassate dolci. Il vettore \u00e8 il glicole propilenico, quindi l&#8217;aroma si integra bene nelle basi acquose e grasse.    <\/p>\n<h3 data-start=\"911\" data-end=\"1558\"><strong data-start=\"911\" data-end=\"969\">Aroma concentrato di cactus (liquido, glicole)<\/strong><\/h3>\n<p class=\"\" data-start=\"911\" data-end=\"1558\">Una versione con un&#8217;intensit\u00e0 maggiore e un profilo aromatico e gustativo pi\u00f9 profondo. Mantiene le note succose e verdi-fruttate, ma gli accenti esotici sono pi\u00f9 evidenti: ricorda una miscela di kiwi, fichi d&#8217;India e uva bianca con una nota fresca e vegetale. Ideale per i prodotti che vogliono stupire con un aroma fresco e distinto, come gomme da masticare, pastiglie, dolci con effetto rinfrescante o cosmetici freschi (gel, shampoo). Grazie alla formulazione concentrata, \u00e8 necessario un dosaggio minore, il che \u00e8 utile per intensificare il gusto o l&#8217;odore senza influire sulla consistenza del prodotto.   <\/p>\n<h3 data-start=\"1560\" data-end=\"2055\"><strong data-start=\"1560\" data-end=\"1593\">3. polvere aromatizzante di cactus<\/strong><\/h3>\n<p class=\"\" data-start=\"1560\" data-end=\"2055\">Variante creata per miscele di alimenti secchi e integratori alimentari. \u00c8 caratterizzata da un aroma delicato, dolce e vegetale con note di mela verde, aloe vera e una freschezza leggermente agrumata. \u00c8 adatto all&#8217;uso in compresse effervescenti, miscele per frullati, barrette funzionali o prodotti istantanei (gelatine, kisiel, frullati). La sua forma in polvere consente un comodo dosaggio e una lunga durata dell&#8217;aroma, anche in condizioni di conservazione difficili.   <\/p>\n<p class=\"\" data-start=\"2057\" data-end=\"2453\">Ogni variante di aroma di cactus cattura la caratteristica freschezza, leggerezza e dolcezza esotica del frutto del cactus, ma la scelta di una particolare versione dipende dal tipo di applicazione, dall&#8217;intensit\u00e0 attesa e dalla base della ricetta. Questi aromi sono in linea con le moderne tendenze dei consumatori, particolarmente popolari tra i gruppi target pi\u00f9 giovani e nei prodotti &#8220;rinfrescanti&#8221;, &#8220;detox&#8221; e &#8220;tropicali&#8221;. <\/p>\n","protected":false},"excerpt":{"rendered":"<p>L<strong data-start=\"0\" data-end=\"20\">&#8216;Aroma di Cactus<\/strong> ha un profilo aromatico e gustativo rinfrescante che trae ispirazione dalla natura esotica del frutto del cactus, in particolare del fico d&#8217;India.<\/p>\n","protected":false},"featured_media":40862,"template":"","meta":{"_acf_changed":false},"product_brand":[],"product_cat":[7628],"product_tag":[],"class_list":{"0":"post-40891","1":"product","2":"type-product","3":"status-publish","4":"has-post-thumbnail","6":"product_cat-aromi-fruttati","8":"first","9":"instock","10":"shipping-taxable","11":"product-type-simple"},"acf":[],"yoast_head":"<!-- This site is optimized with the Yoast SEO plugin v27.5 - https:\/\/yoast.com\/product\/yoast-seo-wordpress\/ -->\n<title>Aroma di cactus - Distributore all&#039;ingrosso<\/title>\n<meta name=\"description\" content=\"L&#039;aroma di cactus ha un profilo aromatico e gustativo rinfrescante che trae ispirazione dalla natura esotica del frutto del cactus.\" \/>\n<meta name=\"robots\" content=\"index, follow, max-snippet:-1, max-image-preview:large, max-video-preview:-1\" \/>\n<link rel=\"canonical\" href=\"https:\/\/naturalpoland.com\/it\/produkty\/prodotti-per-industria-alimentare\/aromi\/aromi-fruttati\/aroma-di-cactus\/\" \/>\n<meta property=\"og:locale\" content=\"it_IT\" \/>\n<meta property=\"og:type\" content=\"article\" \/>\n<meta property=\"og:title\" content=\"Aroma di cactus - Distributore all&#039;ingrosso\" \/>\n<meta property=\"og:description\" content=\"L&#039;aroma di cactus ha un profilo aromatico e gustativo rinfrescante che trae ispirazione dalla natura esotica del frutto del cactus.\" \/>\n<meta property=\"og:url\" content=\"https:\/\/naturalpoland.com\/it\/produkty\/prodotti-per-industria-alimentare\/aromi\/aromi-fruttati\/aroma-di-cactus\/\" \/>\n<meta property=\"og:site_name\" content=\"NATURAL POLAND - Distributore all&#039;ingrosso di materie prime\" \/>\n<meta property=\"article:publisher\" content=\"https:\/\/www.facebook.com\/naturalpoland.b2b\" \/>\n<meta property=\"article:modified_time\" content=\"2025-04-24T08:30:13+00:00\" \/>\n<meta property=\"og:image\" content=\"https:\/\/naturalpoland.com\/wp-content\/uploads\/aromat-kaktusowy.webp\" \/>\n\t<meta property=\"og:image:width\" content=\"1024\" \/>\n\t<meta property=\"og:image:height\" content=\"1024\" \/>\n\t<meta property=\"og:image:type\" content=\"image\/webp\" \/>\n<script type=\"application\/ld+json\" class=\"yoast-schema-graph\">{\"@context\":\"https:\\\/\\\/schema.org\",\"@graph\":[{\"@type\":\"WebPage\",\"@id\":\"https:\\\/\\\/naturalpoland.com\\\/it\\\/produkty\\\/prodotti-per-industria-alimentare\\\/aromi\\\/aromi-fruttati\\\/aroma-di-cactus\\\/\",\"url\":\"https:\\\/\\\/naturalpoland.com\\\/it\\\/produkty\\\/prodotti-per-industria-alimentare\\\/aromi\\\/aromi-fruttati\\\/aroma-di-cactus\\\/\",\"name\":\"Aroma di cactus - Distributore all'ingrosso\",\"isPartOf\":{\"@id\":\"https:\\\/\\\/naturalpoland.com\\\/it\\\/#website\"},\"primaryImageOfPage\":{\"@id\":\"https:\\\/\\\/naturalpoland.com\\\/it\\\/produkty\\\/prodotti-per-industria-alimentare\\\/aromi\\\/aromi-fruttati\\\/aroma-di-cactus\\\/#primaryimage\"},\"image\":{\"@id\":\"https:\\\/\\\/naturalpoland.com\\\/it\\\/produkty\\\/prodotti-per-industria-alimentare\\\/aromi\\\/aromi-fruttati\\\/aroma-di-cactus\\\/#primaryimage\"},\"thumbnailUrl\":\"https:\\\/\\\/naturalpoland.com\\\/wp-content\\\/uploads\\\/aromat-kaktusowy.webp\",\"datePublished\":\"2025-04-22T14:15:20+00:00\",\"dateModified\":\"2025-04-24T08:30:13+00:00\",\"description\":\"L'aroma di cactus ha un profilo aromatico e gustativo rinfrescante che trae ispirazione dalla natura esotica del frutto del cactus.\",\"breadcrumb\":{\"@id\":\"https:\\\/\\\/naturalpoland.com\\\/it\\\/produkty\\\/prodotti-per-industria-alimentare\\\/aromi\\\/aromi-fruttati\\\/aroma-di-cactus\\\/#breadcrumb\"},\"inLanguage\":\"it-IT\",\"potentialAction\":[{\"@type\":\"ReadAction\",\"target\":[\"https:\\\/\\\/naturalpoland.com\\\/it\\\/produkty\\\/prodotti-per-industria-alimentare\\\/aromi\\\/aromi-fruttati\\\/aroma-di-cactus\\\/\"]}]},{\"@type\":\"ImageObject\",\"inLanguage\":\"it-IT\",\"@id\":\"https:\\\/\\\/naturalpoland.com\\\/it\\\/produkty\\\/prodotti-per-industria-alimentare\\\/aromi\\\/aromi-fruttati\\\/aroma-di-cactus\\\/#primaryimage\",\"url\":\"https:\\\/\\\/naturalpoland.com\\\/wp-content\\\/uploads\\\/aromat-kaktusowy.webp\",\"contentUrl\":\"https:\\\/\\\/naturalpoland.com\\\/wp-content\\\/uploads\\\/aromat-kaktusowy.webp\",\"width\":1024,\"height\":1024,\"caption\":\"aromat kaktusowy\"},{\"@type\":\"BreadcrumbList\",\"@id\":\"https:\\\/\\\/naturalpoland.com\\\/it\\\/produkty\\\/prodotti-per-industria-alimentare\\\/aromi\\\/aromi-fruttati\\\/aroma-di-cactus\\\/#breadcrumb\",\"itemListElement\":[{\"@type\":\"ListItem\",\"position\":1,\"name\":\"Home\",\"item\":\"https:\\\/\\\/naturalpoland.com\\\/it\\\/\"},{\"@type\":\"ListItem\",\"position\":2,\"name\":\"Prodotti\",\"item\":\"https:\\\/\\\/naturalpoland.com\\\/it\\\/prodotti\\\/\"},{\"@type\":\"ListItem\",\"position\":3,\"name\":\"Aroma di cactus\"}]},{\"@type\":\"WebSite\",\"@id\":\"https:\\\/\\\/naturalpoland.com\\\/it\\\/#website\",\"url\":\"https:\\\/\\\/naturalpoland.com\\\/it\\\/\",\"name\":\"NATURAL POLAND - Distributore all'ingrosso di materie prime\",\"description\":\"Surowce dla przemys\u0142u spo\u017cywczego, kosmetycznego i farmaceutycznego\",\"publisher\":{\"@id\":\"https:\\\/\\\/naturalpoland.com\\\/it\\\/#organization\"},\"potentialAction\":[{\"@type\":\"SearchAction\",\"target\":{\"@type\":\"EntryPoint\",\"urlTemplate\":\"https:\\\/\\\/naturalpoland.com\\\/it\\\/?s={search_term_string}\"},\"query-input\":{\"@type\":\"PropertyValueSpecification\",\"valueRequired\":true,\"valueName\":\"search_term_string\"}}],\"inLanguage\":\"it-IT\"},{\"@type\":\"Organization\",\"@id\":\"https:\\\/\\\/naturalpoland.com\\\/it\\\/#organization\",\"name\":\"Natural Poland\",\"url\":\"https:\\\/\\\/naturalpoland.com\\\/it\\\/\",\"logo\":{\"@type\":\"ImageObject\",\"inLanguage\":\"it-IT\",\"@id\":\"https:\\\/\\\/naturalpoland.com\\\/it\\\/#\\\/schema\\\/logo\\\/image\\\/\",\"url\":\"https:\\\/\\\/naturalpoland.com\\\/wp-content\\\/uploads\\\/2021\\\/05\\\/natural-poland-icon.png\",\"contentUrl\":\"https:\\\/\\\/naturalpoland.com\\\/wp-content\\\/uploads\\\/2021\\\/05\\\/natural-poland-icon.png\",\"width\":512,\"height\":512,\"caption\":\"Natural Poland\"},\"image\":{\"@id\":\"https:\\\/\\\/naturalpoland.com\\\/it\\\/#\\\/schema\\\/logo\\\/image\\\/\"},\"sameAs\":[\"https:\\\/\\\/www.facebook.com\\\/naturalpoland.b2b\",\"https:\\\/\\\/pl.linkedin.com\\\/company\\\/natural-poland\",\"https:\\\/\\\/www.youtube.com\\\/channel\\\/UCgeGGkvOMahZo-xu_MSEWxg\"]}]}<\/script>\n<!-- \/ Yoast SEO plugin. -->","yoast_head_json":{"title":"Aroma di cactus - Distributore all'ingrosso","description":"L'aroma di cactus ha un profilo aromatico e gustativo rinfrescante che trae ispirazione dalla natura esotica del frutto del cactus.","robots":{"index":"index","follow":"follow","max-snippet":"max-snippet:-1","max-image-preview":"max-image-preview:large","max-video-preview":"max-video-preview:-1"},"canonical":"https:\/\/naturalpoland.com\/it\/produkty\/prodotti-per-industria-alimentare\/aromi\/aromi-fruttati\/aroma-di-cactus\/","og_locale":"it_IT","og_type":"article","og_title":"Aroma di cactus - Distributore all'ingrosso","og_description":"L'aroma di cactus ha un profilo aromatico e gustativo rinfrescante che trae ispirazione dalla natura esotica del frutto del cactus.","og_url":"https:\/\/naturalpoland.com\/it\/produkty\/prodotti-per-industria-alimentare\/aromi\/aromi-fruttati\/aroma-di-cactus\/","og_site_name":"NATURAL POLAND - Distributore all'ingrosso di materie prime","article_publisher":"https:\/\/www.facebook.com\/naturalpoland.b2b","article_modified_time":"2025-04-24T08:30:13+00:00","og_image":[{"width":1024,"height":1024,"url":"https:\/\/naturalpoland.com\/wp-content\/uploads\/aromat-kaktusowy.webp","type":"image\/webp"}],"schema":{"@context":"https:\/\/schema.org","@graph":[{"@type":"WebPage","@id":"https:\/\/naturalpoland.com\/it\/produkty\/prodotti-per-industria-alimentare\/aromi\/aromi-fruttati\/aroma-di-cactus\/","url":"https:\/\/naturalpoland.com\/it\/produkty\/prodotti-per-industria-alimentare\/aromi\/aromi-fruttati\/aroma-di-cactus\/","name":"Aroma di cactus - Distributore all'ingrosso","isPartOf":{"@id":"https:\/\/naturalpoland.com\/it\/#website"},"primaryImageOfPage":{"@id":"https:\/\/naturalpoland.com\/it\/produkty\/prodotti-per-industria-alimentare\/aromi\/aromi-fruttati\/aroma-di-cactus\/#primaryimage"},"image":{"@id":"https:\/\/naturalpoland.com\/it\/produkty\/prodotti-per-industria-alimentare\/aromi\/aromi-fruttati\/aroma-di-cactus\/#primaryimage"},"thumbnailUrl":"https:\/\/naturalpoland.com\/wp-content\/uploads\/aromat-kaktusowy.webp","datePublished":"2025-04-22T14:15:20+00:00","dateModified":"2025-04-24T08:30:13+00:00","description":"L'aroma di cactus ha un profilo aromatico e gustativo rinfrescante che trae ispirazione dalla natura esotica del frutto del cactus.","breadcrumb":{"@id":"https:\/\/naturalpoland.com\/it\/produkty\/prodotti-per-industria-alimentare\/aromi\/aromi-fruttati\/aroma-di-cactus\/#breadcrumb"},"inLanguage":"it-IT","potentialAction":[{"@type":"ReadAction","target":["https:\/\/naturalpoland.com\/it\/produkty\/prodotti-per-industria-alimentare\/aromi\/aromi-fruttati\/aroma-di-cactus\/"]}]},{"@type":"ImageObject","inLanguage":"it-IT","@id":"https:\/\/naturalpoland.com\/it\/produkty\/prodotti-per-industria-alimentare\/aromi\/aromi-fruttati\/aroma-di-cactus\/#primaryimage","url":"https:\/\/naturalpoland.com\/wp-content\/uploads\/aromat-kaktusowy.webp","contentUrl":"https:\/\/naturalpoland.com\/wp-content\/uploads\/aromat-kaktusowy.webp","width":1024,"height":1024,"caption":"aromat kaktusowy"},{"@type":"BreadcrumbList","@id":"https:\/\/naturalpoland.com\/it\/produkty\/prodotti-per-industria-alimentare\/aromi\/aromi-fruttati\/aroma-di-cactus\/#breadcrumb","itemListElement":[{"@type":"ListItem","position":1,"name":"Home","item":"https:\/\/naturalpoland.com\/it\/"},{"@type":"ListItem","position":2,"name":"Prodotti","item":"https:\/\/naturalpoland.com\/it\/prodotti\/"},{"@type":"ListItem","position":3,"name":"Aroma di cactus"}]},{"@type":"WebSite","@id":"https:\/\/naturalpoland.com\/it\/#website","url":"https:\/\/naturalpoland.com\/it\/","name":"NATURAL POLAND - Distributore all'ingrosso di materie prime","description":"Surowce dla przemys\u0142u spo\u017cywczego, kosmetycznego i farmaceutycznego","publisher":{"@id":"https:\/\/naturalpoland.com\/it\/#organization"},"potentialAction":[{"@type":"SearchAction","target":{"@type":"EntryPoint","urlTemplate":"https:\/\/naturalpoland.com\/it\/?s={search_term_string}"},"query-input":{"@type":"PropertyValueSpecification","valueRequired":true,"valueName":"search_term_string"}}],"inLanguage":"it-IT"},{"@type":"Organization","@id":"https:\/\/naturalpoland.com\/it\/#organization","name":"Natural Poland","url":"https:\/\/naturalpoland.com\/it\/","logo":{"@type":"ImageObject","inLanguage":"it-IT","@id":"https:\/\/naturalpoland.com\/it\/#\/schema\/logo\/image\/","url":"https:\/\/naturalpoland.com\/wp-content\/uploads\/2021\/05\/natural-poland-icon.png","contentUrl":"https:\/\/naturalpoland.com\/wp-content\/uploads\/2021\/05\/natural-poland-icon.png","width":512,"height":512,"caption":"Natural Poland"},"image":{"@id":"https:\/\/naturalpoland.com\/it\/#\/schema\/logo\/image\/"},"sameAs":["https:\/\/www.facebook.com\/naturalpoland.b2b","https:\/\/pl.linkedin.com\/company\/natural-poland","https:\/\/www.youtube.com\/channel\/UCgeGGkvOMahZo-xu_MSEWxg"]}]}},"_links":{"self":[{"href":"https:\/\/naturalpoland.com\/it\/wp-json\/wp\/v2\/product\/40891","targetHints":{"allow":["GET"]}}],"collection":[{"href":"https:\/\/naturalpoland.com\/it\/wp-json\/wp\/v2\/product"}],"about":[{"href":"https:\/\/naturalpoland.com\/it\/wp-json\/wp\/v2\/types\/product"}],"wp:featuredmedia":[{"embeddable":true,"href":"https:\/\/naturalpoland.com\/it\/wp-json\/wp\/v2\/media\/40862"}],"wp:attachment":[{"href":"https:\/\/naturalpoland.com\/it\/wp-json\/wp\/v2\/media?parent=40891"}],"wp:term":[{"taxonomy":"product_brand","embeddable":true,"href":"https:\/\/naturalpoland.com\/it\/wp-json\/wp\/v2\/product_brand?post=40891"},{"taxonomy":"product_cat","embeddable":true,"href":"https:\/\/naturalpoland.com\/it\/wp-json\/wp\/v2\/product_cat?post=40891"},{"taxonomy":"product_tag","embeddable":true,"href":"https:\/\/naturalpoland.com\/it\/wp-json\/wp\/v2\/product_tag?post=40891"}],"curies":[{"name":"wp","href":"https:\/\/api.w.org\/{rel}","templated":true}]}}