{"id":41753,"date":"2025-06-13T10:14:19","date_gmt":"2025-06-13T08:14:19","guid":{"rendered":"https:\/\/naturalpoland.com\/produkty\/senza-categoria\/macerat-z-cytrynca-chinskiego\/"},"modified":"2025-07-01T13:46:06","modified_gmt":"2025-07-01T11:46:06","slug":"macerat-z-cytrynca-chinskiego","status":"publish","type":"product","link":"https:\/\/naturalpoland.com\/it\/produkty\/prodotti-per-industria-cosmetica\/macerati\/macerat-z-cytrynca-chinskiego\/","title":{"rendered":"Macerato di Schisandra chinensis"},"content":{"rendered":"<p>Il caratteristico colore giallo-bordeaux, la consistenza torbida e il distinto profumo vegetale testimoniano l&#8217;alto contenuto di sostanze attive di origine vegetale. La presenza di acidi grassi a catena media (principalmente <strong>caprilico<\/strong> e <strong>caprico<\/strong>) nell&#8217;olio MCT supporta ulteriormente l&#8217;assorbimento dei principi attivi e aumenta la biodisponibilit\u00e0 delle sostanze contenute nella schisandra. <\/p>\n<h2>Applicazione:<\/h2>\n<p>Il macerato di Schisandra chinensis trova applicazione principalmente nei <strong>cosmetici naturali<\/strong>, dove agisce come ingrediente rinforzante, rivitalizzante e protettivo per la pelle matura, stanca ed esposta a fattori esterni. Grazie alla sua azione antiossidante e adattogena, pu\u00f2 essere utilizzato anche nei cosmetici anti-et\u00e0, nei prodotti che alleviano lo stress ossidativo e che rafforzano la barriera lipidica dell&#8217;epidermide. \u00c8 eccellente in sieri, oli per il viso, balsami e preparati per la cura del corpo e dei capelli.  <\/p>\n<h2 data-start=\"738\" data-end=\"1302\">Valore nutrizionale per 12 g (1 porzione):<\/h2>\n<ul>\n<li data-start=\"738\" data-end=\"1302\">Valore energetico: 444 kJ \/ 108 kcal<\/li>\n<li data-start=\"738\" data-end=\"1302\">Grassi: 12 g (17%)\n<ul>\n<li data-start=\"738\" data-end=\"1302\">di cui acidi grassi saturi: 12 g (60%)<\/li>\n<li data-start=\"738\" data-end=\"1302\">C8:0 Acido caprilico: 6,6 &#8211; 7,8 g<\/li>\n<li data-start=\"738\" data-end=\"1302\">C10:0 Acido caprico: 4,2 g &#8211; 5,4 g<\/li>\n<\/ul>\n<\/li>\n<li data-start=\"738\" data-end=\"1302\">Carboidrati: 0 g<\/li>\n<li data-start=\"738\" data-end=\"1302\">Proteine: 0 g<\/li>\n<li data-start=\"738\" data-end=\"1302\">Sale: 0 g<\/li>\n<\/ul>\n<h2>Profilo degli acidi grassi:<\/h2>\n<table>\n<tbody>\n<tr>\n<td><strong>NOME ACIDO<\/strong><\/td>\n<td><strong>CATENA C<\/strong><\/td>\n<td><strong>INTERVALLO %<\/strong><\/td>\n<\/tr>\n<tr>\n<td>CAPROICO<\/td>\n<td>C6:0<\/td>\n<td>&lt;2,0<\/td>\n<\/tr>\n<tr>\n<td>CAPRILICO<\/td>\n<td>C8:0<\/td>\n<td>50,0 \u2013 80,0<\/td>\n<\/tr>\n<tr>\n<td>CAPRICO<\/td>\n<td>C10:0<\/td>\n<td>20,0 \u2013 50,0<\/td>\n<\/tr>\n<tr>\n<td>LAURICO<\/td>\n<td>C12:0<\/td>\n<td>&lt;3,0<\/td>\n<\/tr>\n<\/tbody>\n<\/table>\n","protected":false},"excerpt":{"rendered":"<p><strong data-start=\"0\" data-end=\"46\">Il macerato di Schisandra chinensis in olio MCT<\/strong> \u00e8 ottenuto tramite il processo di macerazione dei frutti di <em data-start=\"138\" data-end=\"160\">Schisandra chinensis<\/em> in olio di cocco frazionato (MCT). Contiene un estratto di schisandra, nota per la sua ricchezza di lignani, flavonoidi e acidi organici, che mostrano propriet\u00e0 adattogene, antiossidanti e toniche. <\/p>\n","protected":false},"featured_media":41521,"template":"","meta":[],"product_brand":[],"product_cat":[1525],"product_tag":[],"class_list":{"0":"post-41753","1":"product","2":"type-product","3":"status-publish","4":"has-post-thumbnail","6":"product_cat-macerati","7":"pa_metoda-pozyskiwania-macerazione","9":"first","10":"instock","11":"shipping-taxable","12":"product-type-simple"},"yoast_head":"<!-- This site is optimized with the Yoast SEO plugin v27.3 - https:\/\/yoast.com\/product\/yoast-seo-wordpress\/ -->\n<title>Macerato di Schisandra chinensis - Distributore all&#039;ingrosso<\/title>\n<meta name=\"description\" content=\"Macerato di Schisandra in olio MCT: materia vegetale di qualit\u00e0, da macerazione.\" \/>\n<meta name=\"robots\" content=\"index, follow, max-snippet:-1, max-image-preview:large, max-video-preview:-1\" \/>\n<link rel=\"canonical\" href=\"https:\/\/naturalpoland.com\/it\/produkty\/prodotti-per-industria-cosmetica\/macerati\/macerat-z-cytrynca-chinskiego\/\" \/>\n<meta property=\"og:locale\" content=\"it_IT\" \/>\n<meta property=\"og:type\" content=\"article\" \/>\n<meta property=\"og:title\" content=\"Macerato di Schisandra chinensis - Distributore all&#039;ingrosso\" \/>\n<meta property=\"og:description\" content=\"Macerato di Schisandra in olio MCT: materia vegetale di qualit\u00e0, da macerazione.\" \/>\n<meta property=\"og:url\" content=\"https:\/\/naturalpoland.com\/it\/produkty\/prodotti-per-industria-cosmetica\/macerati\/macerat-z-cytrynca-chinskiego\/\" \/>\n<meta property=\"og:site_name\" content=\"NATURAL POLAND - Distributore all&#039;ingrosso di materie prime\" \/>\n<meta property=\"article:publisher\" content=\"https:\/\/www.facebook.com\/naturalpoland.b2b\" \/>\n<meta property=\"article:modified_time\" content=\"2025-07-01T11:46:06+00:00\" \/>\n<meta property=\"og:image\" content=\"https:\/\/naturalpoland.com\/wp-content\/uploads\/macerat-z-cytrynca-chinskiego.webp\" \/>\n\t<meta property=\"og:image:width\" content=\"1024\" \/>\n\t<meta property=\"og:image:height\" content=\"1024\" \/>\n\t<meta property=\"og:image:type\" content=\"image\/webp\" \/>\n<script type=\"application\/ld+json\" class=\"yoast-schema-graph\">{\"@context\":\"https:\\\/\\\/schema.org\",\"@graph\":[{\"@type\":\"WebPage\",\"@id\":\"https:\\\/\\\/naturalpoland.com\\\/it\\\/produkty\\\/prodotti-per-industria-cosmetica\\\/macerati\\\/macerat-z-cytrynca-chinskiego\\\/\",\"url\":\"https:\\\/\\\/naturalpoland.com\\\/it\\\/produkty\\\/prodotti-per-industria-cosmetica\\\/macerati\\\/macerat-z-cytrynca-chinskiego\\\/\",\"name\":\"Macerato di Schisandra chinensis - Distributore all'ingrosso\",\"isPartOf\":{\"@id\":\"https:\\\/\\\/naturalpoland.com\\\/it\\\/#website\"},\"primaryImageOfPage\":{\"@id\":\"https:\\\/\\\/naturalpoland.com\\\/it\\\/produkty\\\/prodotti-per-industria-cosmetica\\\/macerati\\\/macerat-z-cytrynca-chinskiego\\\/#primaryimage\"},\"image\":{\"@id\":\"https:\\\/\\\/naturalpoland.com\\\/it\\\/produkty\\\/prodotti-per-industria-cosmetica\\\/macerati\\\/macerat-z-cytrynca-chinskiego\\\/#primaryimage\"},\"thumbnailUrl\":\"https:\\\/\\\/naturalpoland.com\\\/wp-content\\\/uploads\\\/macerat-z-cytrynca-chinskiego.webp\",\"datePublished\":\"2025-06-13T08:14:19+00:00\",\"dateModified\":\"2025-07-01T11:46:06+00:00\",\"description\":\"Macerato di Schisandra in olio MCT: materia vegetale di qualit\u00e0, da macerazione.\",\"breadcrumb\":{\"@id\":\"https:\\\/\\\/naturalpoland.com\\\/it\\\/produkty\\\/prodotti-per-industria-cosmetica\\\/macerati\\\/macerat-z-cytrynca-chinskiego\\\/#breadcrumb\"},\"inLanguage\":\"it-IT\",\"potentialAction\":[{\"@type\":\"ReadAction\",\"target\":[\"https:\\\/\\\/naturalpoland.com\\\/it\\\/produkty\\\/prodotti-per-industria-cosmetica\\\/macerati\\\/macerat-z-cytrynca-chinskiego\\\/\"]}]},{\"@type\":\"ImageObject\",\"inLanguage\":\"it-IT\",\"@id\":\"https:\\\/\\\/naturalpoland.com\\\/it\\\/produkty\\\/prodotti-per-industria-cosmetica\\\/macerati\\\/macerat-z-cytrynca-chinskiego\\\/#primaryimage\",\"url\":\"https:\\\/\\\/naturalpoland.com\\\/wp-content\\\/uploads\\\/macerat-z-cytrynca-chinskiego.webp\",\"contentUrl\":\"https:\\\/\\\/naturalpoland.com\\\/wp-content\\\/uploads\\\/macerat-z-cytrynca-chinskiego.webp\",\"width\":1024,\"height\":1024,\"caption\":\"Macerat z Cytry\u0144ca Chi\u0144skiego\"},{\"@type\":\"BreadcrumbList\",\"@id\":\"https:\\\/\\\/naturalpoland.com\\\/it\\\/produkty\\\/prodotti-per-industria-cosmetica\\\/macerati\\\/macerat-z-cytrynca-chinskiego\\\/#breadcrumb\",\"itemListElement\":[{\"@type\":\"ListItem\",\"position\":1,\"name\":\"Home\",\"item\":\"https:\\\/\\\/naturalpoland.com\\\/it\\\/\"},{\"@type\":\"ListItem\",\"position\":2,\"name\":\"Prodotti\",\"item\":\"https:\\\/\\\/naturalpoland.com\\\/it\\\/prodotti\\\/\"},{\"@type\":\"ListItem\",\"position\":3,\"name\":\"Macerato di Schisandra chinensis\"}]},{\"@type\":\"WebSite\",\"@id\":\"https:\\\/\\\/naturalpoland.com\\\/it\\\/#website\",\"url\":\"https:\\\/\\\/naturalpoland.com\\\/it\\\/\",\"name\":\"NATURAL POLAND - Distributore all'ingrosso di materie prime\",\"description\":\"Surowce dla przemys\u0142u spo\u017cywczego, kosmetycznego i farmaceutycznego\",\"publisher\":{\"@id\":\"https:\\\/\\\/naturalpoland.com\\\/it\\\/#organization\"},\"potentialAction\":[{\"@type\":\"SearchAction\",\"target\":{\"@type\":\"EntryPoint\",\"urlTemplate\":\"https:\\\/\\\/naturalpoland.com\\\/it\\\/?s={search_term_string}\"},\"query-input\":{\"@type\":\"PropertyValueSpecification\",\"valueRequired\":true,\"valueName\":\"search_term_string\"}}],\"inLanguage\":\"it-IT\"},{\"@type\":\"Organization\",\"@id\":\"https:\\\/\\\/naturalpoland.com\\\/it\\\/#organization\",\"name\":\"Natural Poland\",\"url\":\"https:\\\/\\\/naturalpoland.com\\\/it\\\/\",\"logo\":{\"@type\":\"ImageObject\",\"inLanguage\":\"it-IT\",\"@id\":\"https:\\\/\\\/naturalpoland.com\\\/it\\\/#\\\/schema\\\/logo\\\/image\\\/\",\"url\":\"https:\\\/\\\/naturalpoland.com\\\/wp-content\\\/uploads\\\/2021\\\/05\\\/natural-poland-icon.png\",\"contentUrl\":\"https:\\\/\\\/naturalpoland.com\\\/wp-content\\\/uploads\\\/2021\\\/05\\\/natural-poland-icon.png\",\"width\":512,\"height\":512,\"caption\":\"Natural Poland\"},\"image\":{\"@id\":\"https:\\\/\\\/naturalpoland.com\\\/it\\\/#\\\/schema\\\/logo\\\/image\\\/\"},\"sameAs\":[\"https:\\\/\\\/www.facebook.com\\\/naturalpoland.b2b\",\"https:\\\/\\\/pl.linkedin.com\\\/company\\\/natural-poland\",\"https:\\\/\\\/www.youtube.com\\\/channel\\\/UCgeGGkvOMahZo-xu_MSEWxg\"]}]}<\/script>\n<!-- \/ Yoast SEO plugin. -->","yoast_head_json":{"title":"Macerato di Schisandra chinensis - Distributore all'ingrosso","description":"Macerato di Schisandra in olio MCT: materia vegetale di qualit\u00e0, da macerazione.","robots":{"index":"index","follow":"follow","max-snippet":"max-snippet:-1","max-image-preview":"max-image-preview:large","max-video-preview":"max-video-preview:-1"},"canonical":"https:\/\/naturalpoland.com\/it\/produkty\/prodotti-per-industria-cosmetica\/macerati\/macerat-z-cytrynca-chinskiego\/","og_locale":"it_IT","og_type":"article","og_title":"Macerato di Schisandra chinensis - Distributore all'ingrosso","og_description":"Macerato di Schisandra in olio MCT: materia vegetale di qualit\u00e0, da macerazione.","og_url":"https:\/\/naturalpoland.com\/it\/produkty\/prodotti-per-industria-cosmetica\/macerati\/macerat-z-cytrynca-chinskiego\/","og_site_name":"NATURAL POLAND - Distributore all'ingrosso di materie prime","article_publisher":"https:\/\/www.facebook.com\/naturalpoland.b2b","article_modified_time":"2025-07-01T11:46:06+00:00","og_image":[{"width":1024,"height":1024,"url":"https:\/\/naturalpoland.com\/wp-content\/uploads\/macerat-z-cytrynca-chinskiego.webp","type":"image\/webp"}],"schema":{"@context":"https:\/\/schema.org","@graph":[{"@type":"WebPage","@id":"https:\/\/naturalpoland.com\/it\/produkty\/prodotti-per-industria-cosmetica\/macerati\/macerat-z-cytrynca-chinskiego\/","url":"https:\/\/naturalpoland.com\/it\/produkty\/prodotti-per-industria-cosmetica\/macerati\/macerat-z-cytrynca-chinskiego\/","name":"Macerato di Schisandra chinensis - Distributore all'ingrosso","isPartOf":{"@id":"https:\/\/naturalpoland.com\/it\/#website"},"primaryImageOfPage":{"@id":"https:\/\/naturalpoland.com\/it\/produkty\/prodotti-per-industria-cosmetica\/macerati\/macerat-z-cytrynca-chinskiego\/#primaryimage"},"image":{"@id":"https:\/\/naturalpoland.com\/it\/produkty\/prodotti-per-industria-cosmetica\/macerati\/macerat-z-cytrynca-chinskiego\/#primaryimage"},"thumbnailUrl":"https:\/\/naturalpoland.com\/wp-content\/uploads\/macerat-z-cytrynca-chinskiego.webp","datePublished":"2025-06-13T08:14:19+00:00","dateModified":"2025-07-01T11:46:06+00:00","description":"Macerato di Schisandra in olio MCT: materia vegetale di qualit\u00e0, da macerazione.","breadcrumb":{"@id":"https:\/\/naturalpoland.com\/it\/produkty\/prodotti-per-industria-cosmetica\/macerati\/macerat-z-cytrynca-chinskiego\/#breadcrumb"},"inLanguage":"it-IT","potentialAction":[{"@type":"ReadAction","target":["https:\/\/naturalpoland.com\/it\/produkty\/prodotti-per-industria-cosmetica\/macerati\/macerat-z-cytrynca-chinskiego\/"]}]},{"@type":"ImageObject","inLanguage":"it-IT","@id":"https:\/\/naturalpoland.com\/it\/produkty\/prodotti-per-industria-cosmetica\/macerati\/macerat-z-cytrynca-chinskiego\/#primaryimage","url":"https:\/\/naturalpoland.com\/wp-content\/uploads\/macerat-z-cytrynca-chinskiego.webp","contentUrl":"https:\/\/naturalpoland.com\/wp-content\/uploads\/macerat-z-cytrynca-chinskiego.webp","width":1024,"height":1024,"caption":"Macerat z Cytry\u0144ca Chi\u0144skiego"},{"@type":"BreadcrumbList","@id":"https:\/\/naturalpoland.com\/it\/produkty\/prodotti-per-industria-cosmetica\/macerati\/macerat-z-cytrynca-chinskiego\/#breadcrumb","itemListElement":[{"@type":"ListItem","position":1,"name":"Home","item":"https:\/\/naturalpoland.com\/it\/"},{"@type":"ListItem","position":2,"name":"Prodotti","item":"https:\/\/naturalpoland.com\/it\/prodotti\/"},{"@type":"ListItem","position":3,"name":"Macerato di Schisandra chinensis"}]},{"@type":"WebSite","@id":"https:\/\/naturalpoland.com\/it\/#website","url":"https:\/\/naturalpoland.com\/it\/","name":"NATURAL POLAND - Distributore all'ingrosso di materie prime","description":"Surowce dla przemys\u0142u spo\u017cywczego, kosmetycznego i farmaceutycznego","publisher":{"@id":"https:\/\/naturalpoland.com\/it\/#organization"},"potentialAction":[{"@type":"SearchAction","target":{"@type":"EntryPoint","urlTemplate":"https:\/\/naturalpoland.com\/it\/?s={search_term_string}"},"query-input":{"@type":"PropertyValueSpecification","valueRequired":true,"valueName":"search_term_string"}}],"inLanguage":"it-IT"},{"@type":"Organization","@id":"https:\/\/naturalpoland.com\/it\/#organization","name":"Natural Poland","url":"https:\/\/naturalpoland.com\/it\/","logo":{"@type":"ImageObject","inLanguage":"it-IT","@id":"https:\/\/naturalpoland.com\/it\/#\/schema\/logo\/image\/","url":"https:\/\/naturalpoland.com\/wp-content\/uploads\/2021\/05\/natural-poland-icon.png","contentUrl":"https:\/\/naturalpoland.com\/wp-content\/uploads\/2021\/05\/natural-poland-icon.png","width":512,"height":512,"caption":"Natural Poland"},"image":{"@id":"https:\/\/naturalpoland.com\/it\/#\/schema\/logo\/image\/"},"sameAs":["https:\/\/www.facebook.com\/naturalpoland.b2b","https:\/\/pl.linkedin.com\/company\/natural-poland","https:\/\/www.youtube.com\/channel\/UCgeGGkvOMahZo-xu_MSEWxg"]}]}},"_links":{"self":[{"href":"https:\/\/naturalpoland.com\/it\/wp-json\/wp\/v2\/product\/41753","targetHints":{"allow":["GET"]}}],"collection":[{"href":"https:\/\/naturalpoland.com\/it\/wp-json\/wp\/v2\/product"}],"about":[{"href":"https:\/\/naturalpoland.com\/it\/wp-json\/wp\/v2\/types\/product"}],"wp:featuredmedia":[{"embeddable":true,"href":"https:\/\/naturalpoland.com\/it\/wp-json\/wp\/v2\/media\/41521"}],"wp:attachment":[{"href":"https:\/\/naturalpoland.com\/it\/wp-json\/wp\/v2\/media?parent=41753"}],"wp:term":[{"taxonomy":"product_brand","embeddable":true,"href":"https:\/\/naturalpoland.com\/it\/wp-json\/wp\/v2\/product_brand?post=41753"},{"taxonomy":"product_cat","embeddable":true,"href":"https:\/\/naturalpoland.com\/it\/wp-json\/wp\/v2\/product_cat?post=41753"},{"taxonomy":"product_tag","embeddable":true,"href":"https:\/\/naturalpoland.com\/it\/wp-json\/wp\/v2\/product_tag?post=41753"}],"curies":[{"name":"wp","href":"https:\/\/api.w.org\/{rel}","templated":true}]}}