{"id":41880,"date":"2025-07-09T14:07:22","date_gmt":"2025-07-09T12:07:22","guid":{"rendered":"https:\/\/naturalpoland.com\/produkty\/senza-categoria\/ekstrakt-z-nasion-prosa\/"},"modified":"2025-07-10T12:02:00","modified_gmt":"2025-07-10T10:02:00","slug":"ekstrakt-z-nasion-prosa","status":"publish","type":"product","link":"https:\/\/naturalpoland.com\/it\/produkty\/estratti-vegetali\/ekstrakt-z-nasion-prosa\/","title":{"rendered":"Estratto di semi di miglio"},"content":{"rendered":"<h2>Propriet\u00e0 e potenziale applicazione dell&#8217;estratto di miglio<\/h2>\n<p>Il miglio \u00e8 un cereale con un profilo nutrizionale eccezionalmente favorevole, ricco di minerali (tra cui ferro, magnesio, fosforo) e antiossidanti, oltre a proteine facilmente digeribili. L&#8217;estratto dei suoi semi \u00e8 apprezzato principalmente per le sue propriet\u00e0 <strong>rinforzanti per l&#8217;organismo<\/strong> e per il suo <strong>supporto al sistema digestivo e nervoso<\/strong>. Nelle applicazioni tradizionali, il miglio era considerato una materia prima <strong>che supportava la condizione di pelle, capelli e unghie<\/strong>, e i suoi estratti sono sempre pi\u00f9 spesso inclusi negli integratori alimentari volti a un rafforzamento naturale e a un <strong>miglioramento del metabolismo<\/strong>.  <\/p>\n<p>L&#8217;estratto di semi di miglio trova applicazione principalmente nell&#8217;industria <strong>nutraceutica<\/strong> e <strong>degli integratori<\/strong>, come ingrediente in capsule, compresse o polveri che supportano l&#8217;organismo in stati di carenza di micronutrienti o debolezza generale. Grazie alla sua composizione naturale e alla sua azione delicata, il prodotto pu\u00f2 essere utilizzato anche nella <strong>cosmetica naturale<\/strong>, in particolare nella cura dei capelli e del cuoio capelluto. Grazie alla sua purezza microbiologica e al suo profilo sensoriale delicato (sapore e odore caratteristici), l&#8217;estratto \u00e8 ben tollerato e pu\u00f2 essere utilizzato anche in miscele funzionali, <strong>alimenti dietetici<\/strong> e preparati alimentari.  <\/p>\n","protected":false},"excerpt":{"rendered":"<p>L&#8217;<strong>estratto di semi di miglio<\/strong> \u00e8 ottenuto dai semi di <em>Panicum miliaceum<\/em>, una delle pi\u00f9 antiche colture cerealicole. Il prodotto \u00e8 standardizzato. L&#8217;estratto \u00e8 ottenuto tramite un processo di estrazione acquosa, con l&#8217;aggiunta di maltodestrina come vettore, ed \u00e8 privo di glutine e OGM.  <\/p>\n","protected":false},"featured_media":41868,"template":"","meta":[],"product_brand":[],"product_cat":[1533],"product_tag":[],"class_list":{"0":"post-41880","1":"product","2":"type-product","3":"status-publish","4":"has-post-thumbnail","6":"product_cat-estratti-vegetali","7":"pa_czesc-rosliny-semi","8":"pa_metoda-pozyskiwania-estrazione-dellacqua","10":"first","11":"instock","12":"shipping-taxable","13":"product-type-simple"},"yoast_head":"<!-- This site is optimized with the Yoast SEO plugin v27.3 - https:\/\/yoast.com\/product\/yoast-seo-wordpress\/ -->\n<title>Estratto di semi di miglio - Distributore all&#039;ingrosso<\/title>\n<meta name=\"description\" content=\"L&#039;estratto di semi di miglio \u00e8 una materia prima vegetale naturale ottenuta dai semi di Panicum miliaceum, una delle pi\u00f9 antiche colture cerealicole.\" \/>\n<meta name=\"robots\" content=\"index, follow, max-snippet:-1, max-image-preview:large, max-video-preview:-1\" \/>\n<link rel=\"canonical\" href=\"https:\/\/naturalpoland.com\/it\/produkty\/estratti-vegetali\/ekstrakt-z-nasion-prosa\/\" \/>\n<meta property=\"og:locale\" content=\"it_IT\" \/>\n<meta property=\"og:type\" content=\"article\" \/>\n<meta property=\"og:title\" content=\"Estratto di semi di miglio - Distributore all&#039;ingrosso\" \/>\n<meta property=\"og:description\" content=\"L&#039;estratto di semi di miglio \u00e8 una materia prima vegetale naturale ottenuta dai semi di Panicum miliaceum, una delle pi\u00f9 antiche colture cerealicole.\" \/>\n<meta property=\"og:url\" content=\"https:\/\/naturalpoland.com\/it\/produkty\/estratti-vegetali\/ekstrakt-z-nasion-prosa\/\" \/>\n<meta property=\"og:site_name\" content=\"NATURAL POLAND - Distributore all&#039;ingrosso di materie prime\" \/>\n<meta property=\"article:publisher\" content=\"https:\/\/www.facebook.com\/naturalpoland.b2b\" \/>\n<meta property=\"article:modified_time\" content=\"2025-07-10T10:02:00+00:00\" \/>\n<meta property=\"og:image\" content=\"https:\/\/naturalpoland.com\/wp-content\/uploads\/ekstrakt-z-nasion-prosa.webp\" \/>\n\t<meta property=\"og:image:width\" content=\"1024\" \/>\n\t<meta property=\"og:image:height\" content=\"1024\" \/>\n\t<meta property=\"og:image:type\" content=\"image\/webp\" \/>\n<script type=\"application\/ld+json\" class=\"yoast-schema-graph\">{\"@context\":\"https:\\\/\\\/schema.org\",\"@graph\":[{\"@type\":\"WebPage\",\"@id\":\"https:\\\/\\\/naturalpoland.com\\\/it\\\/produkty\\\/estratti-vegetali\\\/ekstrakt-z-nasion-prosa\\\/\",\"url\":\"https:\\\/\\\/naturalpoland.com\\\/it\\\/produkty\\\/estratti-vegetali\\\/ekstrakt-z-nasion-prosa\\\/\",\"name\":\"Estratto di semi di miglio - Distributore all'ingrosso\",\"isPartOf\":{\"@id\":\"https:\\\/\\\/naturalpoland.com\\\/it\\\/#website\"},\"primaryImageOfPage\":{\"@id\":\"https:\\\/\\\/naturalpoland.com\\\/it\\\/produkty\\\/estratti-vegetali\\\/ekstrakt-z-nasion-prosa\\\/#primaryimage\"},\"image\":{\"@id\":\"https:\\\/\\\/naturalpoland.com\\\/it\\\/produkty\\\/estratti-vegetali\\\/ekstrakt-z-nasion-prosa\\\/#primaryimage\"},\"thumbnailUrl\":\"https:\\\/\\\/naturalpoland.com\\\/wp-content\\\/uploads\\\/ekstrakt-z-nasion-prosa.webp\",\"datePublished\":\"2025-07-09T12:07:22+00:00\",\"dateModified\":\"2025-07-10T10:02:00+00:00\",\"description\":\"L'estratto di semi di miglio \u00e8 una materia prima vegetale naturale ottenuta dai semi di Panicum miliaceum, una delle pi\u00f9 antiche colture cerealicole.\",\"breadcrumb\":{\"@id\":\"https:\\\/\\\/naturalpoland.com\\\/it\\\/produkty\\\/estratti-vegetali\\\/ekstrakt-z-nasion-prosa\\\/#breadcrumb\"},\"inLanguage\":\"it-IT\",\"potentialAction\":[{\"@type\":\"ReadAction\",\"target\":[\"https:\\\/\\\/naturalpoland.com\\\/it\\\/produkty\\\/estratti-vegetali\\\/ekstrakt-z-nasion-prosa\\\/\"]}]},{\"@type\":\"ImageObject\",\"inLanguage\":\"it-IT\",\"@id\":\"https:\\\/\\\/naturalpoland.com\\\/it\\\/produkty\\\/estratti-vegetali\\\/ekstrakt-z-nasion-prosa\\\/#primaryimage\",\"url\":\"https:\\\/\\\/naturalpoland.com\\\/wp-content\\\/uploads\\\/ekstrakt-z-nasion-prosa.webp\",\"contentUrl\":\"https:\\\/\\\/naturalpoland.com\\\/wp-content\\\/uploads\\\/ekstrakt-z-nasion-prosa.webp\",\"width\":1024,\"height\":1024,\"caption\":\"ekstrakt z nasion prosa\"},{\"@type\":\"BreadcrumbList\",\"@id\":\"https:\\\/\\\/naturalpoland.com\\\/it\\\/produkty\\\/estratti-vegetali\\\/ekstrakt-z-nasion-prosa\\\/#breadcrumb\",\"itemListElement\":[{\"@type\":\"ListItem\",\"position\":1,\"name\":\"Home\",\"item\":\"https:\\\/\\\/naturalpoland.com\\\/it\\\/\"},{\"@type\":\"ListItem\",\"position\":2,\"name\":\"Prodotti\",\"item\":\"https:\\\/\\\/naturalpoland.com\\\/it\\\/prodotti\\\/\"},{\"@type\":\"ListItem\",\"position\":3,\"name\":\"Estratto di semi di miglio\"}]},{\"@type\":\"WebSite\",\"@id\":\"https:\\\/\\\/naturalpoland.com\\\/it\\\/#website\",\"url\":\"https:\\\/\\\/naturalpoland.com\\\/it\\\/\",\"name\":\"NATURAL POLAND - Distributore all'ingrosso di materie prime\",\"description\":\"Surowce dla przemys\u0142u spo\u017cywczego, kosmetycznego i farmaceutycznego\",\"publisher\":{\"@id\":\"https:\\\/\\\/naturalpoland.com\\\/it\\\/#organization\"},\"potentialAction\":[{\"@type\":\"SearchAction\",\"target\":{\"@type\":\"EntryPoint\",\"urlTemplate\":\"https:\\\/\\\/naturalpoland.com\\\/it\\\/?s={search_term_string}\"},\"query-input\":{\"@type\":\"PropertyValueSpecification\",\"valueRequired\":true,\"valueName\":\"search_term_string\"}}],\"inLanguage\":\"it-IT\"},{\"@type\":\"Organization\",\"@id\":\"https:\\\/\\\/naturalpoland.com\\\/it\\\/#organization\",\"name\":\"Natural Poland\",\"url\":\"https:\\\/\\\/naturalpoland.com\\\/it\\\/\",\"logo\":{\"@type\":\"ImageObject\",\"inLanguage\":\"it-IT\",\"@id\":\"https:\\\/\\\/naturalpoland.com\\\/it\\\/#\\\/schema\\\/logo\\\/image\\\/\",\"url\":\"https:\\\/\\\/naturalpoland.com\\\/wp-content\\\/uploads\\\/2021\\\/05\\\/natural-poland-icon.png\",\"contentUrl\":\"https:\\\/\\\/naturalpoland.com\\\/wp-content\\\/uploads\\\/2021\\\/05\\\/natural-poland-icon.png\",\"width\":512,\"height\":512,\"caption\":\"Natural Poland\"},\"image\":{\"@id\":\"https:\\\/\\\/naturalpoland.com\\\/it\\\/#\\\/schema\\\/logo\\\/image\\\/\"},\"sameAs\":[\"https:\\\/\\\/www.facebook.com\\\/naturalpoland.b2b\",\"https:\\\/\\\/pl.linkedin.com\\\/company\\\/natural-poland\",\"https:\\\/\\\/www.youtube.com\\\/channel\\\/UCgeGGkvOMahZo-xu_MSEWxg\"]}]}<\/script>\n<!-- \/ Yoast SEO plugin. -->","yoast_head_json":{"title":"Estratto di semi di miglio - Distributore all'ingrosso","description":"L'estratto di semi di miglio \u00e8 una materia prima vegetale naturale ottenuta dai semi di Panicum miliaceum, una delle pi\u00f9 antiche colture cerealicole.","robots":{"index":"index","follow":"follow","max-snippet":"max-snippet:-1","max-image-preview":"max-image-preview:large","max-video-preview":"max-video-preview:-1"},"canonical":"https:\/\/naturalpoland.com\/it\/produkty\/estratti-vegetali\/ekstrakt-z-nasion-prosa\/","og_locale":"it_IT","og_type":"article","og_title":"Estratto di semi di miglio - Distributore all'ingrosso","og_description":"L'estratto di semi di miglio \u00e8 una materia prima vegetale naturale ottenuta dai semi di Panicum miliaceum, una delle pi\u00f9 antiche colture cerealicole.","og_url":"https:\/\/naturalpoland.com\/it\/produkty\/estratti-vegetali\/ekstrakt-z-nasion-prosa\/","og_site_name":"NATURAL POLAND - Distributore all'ingrosso di materie prime","article_publisher":"https:\/\/www.facebook.com\/naturalpoland.b2b","article_modified_time":"2025-07-10T10:02:00+00:00","og_image":[{"width":1024,"height":1024,"url":"https:\/\/naturalpoland.com\/wp-content\/uploads\/ekstrakt-z-nasion-prosa.webp","type":"image\/webp"}],"schema":{"@context":"https:\/\/schema.org","@graph":[{"@type":"WebPage","@id":"https:\/\/naturalpoland.com\/it\/produkty\/estratti-vegetali\/ekstrakt-z-nasion-prosa\/","url":"https:\/\/naturalpoland.com\/it\/produkty\/estratti-vegetali\/ekstrakt-z-nasion-prosa\/","name":"Estratto di semi di miglio - Distributore all'ingrosso","isPartOf":{"@id":"https:\/\/naturalpoland.com\/it\/#website"},"primaryImageOfPage":{"@id":"https:\/\/naturalpoland.com\/it\/produkty\/estratti-vegetali\/ekstrakt-z-nasion-prosa\/#primaryimage"},"image":{"@id":"https:\/\/naturalpoland.com\/it\/produkty\/estratti-vegetali\/ekstrakt-z-nasion-prosa\/#primaryimage"},"thumbnailUrl":"https:\/\/naturalpoland.com\/wp-content\/uploads\/ekstrakt-z-nasion-prosa.webp","datePublished":"2025-07-09T12:07:22+00:00","dateModified":"2025-07-10T10:02:00+00:00","description":"L'estratto di semi di miglio \u00e8 una materia prima vegetale naturale ottenuta dai semi di Panicum miliaceum, una delle pi\u00f9 antiche colture cerealicole.","breadcrumb":{"@id":"https:\/\/naturalpoland.com\/it\/produkty\/estratti-vegetali\/ekstrakt-z-nasion-prosa\/#breadcrumb"},"inLanguage":"it-IT","potentialAction":[{"@type":"ReadAction","target":["https:\/\/naturalpoland.com\/it\/produkty\/estratti-vegetali\/ekstrakt-z-nasion-prosa\/"]}]},{"@type":"ImageObject","inLanguage":"it-IT","@id":"https:\/\/naturalpoland.com\/it\/produkty\/estratti-vegetali\/ekstrakt-z-nasion-prosa\/#primaryimage","url":"https:\/\/naturalpoland.com\/wp-content\/uploads\/ekstrakt-z-nasion-prosa.webp","contentUrl":"https:\/\/naturalpoland.com\/wp-content\/uploads\/ekstrakt-z-nasion-prosa.webp","width":1024,"height":1024,"caption":"ekstrakt z nasion prosa"},{"@type":"BreadcrumbList","@id":"https:\/\/naturalpoland.com\/it\/produkty\/estratti-vegetali\/ekstrakt-z-nasion-prosa\/#breadcrumb","itemListElement":[{"@type":"ListItem","position":1,"name":"Home","item":"https:\/\/naturalpoland.com\/it\/"},{"@type":"ListItem","position":2,"name":"Prodotti","item":"https:\/\/naturalpoland.com\/it\/prodotti\/"},{"@type":"ListItem","position":3,"name":"Estratto di semi di miglio"}]},{"@type":"WebSite","@id":"https:\/\/naturalpoland.com\/it\/#website","url":"https:\/\/naturalpoland.com\/it\/","name":"NATURAL POLAND - Distributore all'ingrosso di materie prime","description":"Surowce dla przemys\u0142u spo\u017cywczego, kosmetycznego i farmaceutycznego","publisher":{"@id":"https:\/\/naturalpoland.com\/it\/#organization"},"potentialAction":[{"@type":"SearchAction","target":{"@type":"EntryPoint","urlTemplate":"https:\/\/naturalpoland.com\/it\/?s={search_term_string}"},"query-input":{"@type":"PropertyValueSpecification","valueRequired":true,"valueName":"search_term_string"}}],"inLanguage":"it-IT"},{"@type":"Organization","@id":"https:\/\/naturalpoland.com\/it\/#organization","name":"Natural Poland","url":"https:\/\/naturalpoland.com\/it\/","logo":{"@type":"ImageObject","inLanguage":"it-IT","@id":"https:\/\/naturalpoland.com\/it\/#\/schema\/logo\/image\/","url":"https:\/\/naturalpoland.com\/wp-content\/uploads\/2021\/05\/natural-poland-icon.png","contentUrl":"https:\/\/naturalpoland.com\/wp-content\/uploads\/2021\/05\/natural-poland-icon.png","width":512,"height":512,"caption":"Natural Poland"},"image":{"@id":"https:\/\/naturalpoland.com\/it\/#\/schema\/logo\/image\/"},"sameAs":["https:\/\/www.facebook.com\/naturalpoland.b2b","https:\/\/pl.linkedin.com\/company\/natural-poland","https:\/\/www.youtube.com\/channel\/UCgeGGkvOMahZo-xu_MSEWxg"]}]}},"_links":{"self":[{"href":"https:\/\/naturalpoland.com\/it\/wp-json\/wp\/v2\/product\/41880","targetHints":{"allow":["GET"]}}],"collection":[{"href":"https:\/\/naturalpoland.com\/it\/wp-json\/wp\/v2\/product"}],"about":[{"href":"https:\/\/naturalpoland.com\/it\/wp-json\/wp\/v2\/types\/product"}],"wp:featuredmedia":[{"embeddable":true,"href":"https:\/\/naturalpoland.com\/it\/wp-json\/wp\/v2\/media\/41868"}],"wp:attachment":[{"href":"https:\/\/naturalpoland.com\/it\/wp-json\/wp\/v2\/media?parent=41880"}],"wp:term":[{"taxonomy":"product_brand","embeddable":true,"href":"https:\/\/naturalpoland.com\/it\/wp-json\/wp\/v2\/product_brand?post=41880"},{"taxonomy":"product_cat","embeddable":true,"href":"https:\/\/naturalpoland.com\/it\/wp-json\/wp\/v2\/product_cat?post=41880"},{"taxonomy":"product_tag","embeddable":true,"href":"https:\/\/naturalpoland.com\/it\/wp-json\/wp\/v2\/product_tag?post=41880"}],"curies":[{"name":"wp","href":"https:\/\/api.w.org\/{rel}","templated":true}]}}