{"id":42537,"date":"2025-07-17T15:11:45","date_gmt":"2025-07-17T13:11:45","guid":{"rendered":"https:\/\/naturalpoland.com\/produkty\/senza-categoria\/polvere-di-frutti-di-baobab\/"},"modified":"2025-08-07T14:14:25","modified_gmt":"2025-08-07T12:14:25","slug":"polvere-di-frutti-di-baobab","status":"publish","type":"product","link":"https:\/\/naturalpoland.com\/it\/produkty\/prodotti-per-industria-farmaceutica-e-medica\/additivi-per-integratori\/polvere-di-frutti-di-baobab\/","title":{"rendered":"Polvere di frutti di baobab"},"content":{"rendered":"<h2>Propriet\u00e0 della polvere di baobab<\/h2>\n<p>La polvere di baobab \u00e8 una preziosa fonte di vitamine (in particolare vitamina C), antiossidanti, fibre e minerali come calcio, potassio, magnesio e ferro. Grazie alle sue propriet\u00e0 pu\u00f2: <\/p>\n<ul>\n<li>sostenere il sistema immunitario,<\/li>\n<li>migliorare la digestione,<\/li>\n<li>supportare il metabolismo,<\/li>\n<li>aumentare naturalmente i livelli di energia.<\/li>\n<\/ul>\n<p>Grazie all&#8217;alto contenuto di fibre, \u00e8 anche spesso utilizzato come ingrediente che supporta la peristalsi intestinale e la <strong>salute del microbiota intestinale<\/strong>.<\/p>\n<h2>Utilizzo<\/h2>\n<p>L&#8217;utilizzo della polvere di baobab comprende l&#8217;industria alimentare, degli integratori e cosmetica. Pu\u00f2 essere utilizzata come ingrediente di bevande funzionali, barrette, polveri nutritive, yogurt vegetali o come addensante naturale e potenziatore del valore nutrizionale. Nei cosmetici \u2013 in particolare quelli naturali \u2013 \u00e8 utilizzata come ingrediente con azione idratante, illuminante e antiossidante.  <\/p>\n<p>Grazie al suo sapore delicato e alle propriet\u00e0 benefiche per la salute, la polvere di baobab \u00e8 un&#8217;aggiunta preziosa e versatile a molte ricette, supportando la funzionalit\u00e0 e il valore dei prodotti finali.<\/p>\n","protected":false},"excerpt":{"rendered":"<p>La <strong>polvere biologica di frutti di baobab<\/strong> \u00e8 ottenuta dalla polpa dei frutti dell&#8217;albero di baobab (<em>Adansonia digitata<\/em>), conosciuto anche come \u201calbero della vita\u201d. Questa materia prima si distingue per un odore e un sapore caratteristici, privi di qualsiasi nota estranea. \u00c8 un prodotto 100% naturale e certificato biologico.  <\/p>\n","protected":false},"featured_media":42061,"template":"","meta":{"_acf_changed":false},"product_brand":[],"product_cat":[1530,1516],"product_tag":[],"class_list":{"0":"post-42537","1":"product","2":"type-product","3":"status-publish","4":"has-post-thumbnail","6":"product_cat-additivi-per-integratori","7":"product_cat-materie-prime-per-produzione","8":"pa_czesc-rosliny-frutta","10":"first","11":"instock","12":"shipping-taxable","13":"product-type-simple"},"acf":[],"yoast_head":"<!-- This site is optimized with the Yoast SEO plugin v27.6 - https:\/\/yoast.com\/product\/yoast-seo-wordpress\/ -->\n<title>Polvere di frutti di baobab - Distributore all&#039;ingrosso<\/title>\n<meta name=\"description\" content=\"La polvere biologica di frutti di baobab \u00e8 una materia prima naturale ottenuta dalla polpa dei frutti dell&#039;albero di baobab (Adansonia digitata).\" \/>\n<meta name=\"robots\" content=\"index, follow, max-snippet:-1, max-image-preview:large, max-video-preview:-1\" \/>\n<link rel=\"canonical\" href=\"https:\/\/naturalpoland.com\/it\/produkty\/prodotti-per-industria-farmaceutica-e-medica\/additivi-per-integratori\/polvere-di-frutti-di-baobab\/\" \/>\n<meta property=\"og:locale\" content=\"it_IT\" \/>\n<meta property=\"og:type\" content=\"article\" \/>\n<meta property=\"og:title\" content=\"Polvere di frutti di baobab - Distributore all&#039;ingrosso\" \/>\n<meta property=\"og:description\" content=\"La polvere biologica di frutti di baobab \u00e8 una materia prima naturale ottenuta dalla polpa dei frutti dell&#039;albero di baobab (Adansonia digitata).\" \/>\n<meta property=\"og:url\" content=\"https:\/\/naturalpoland.com\/it\/produkty\/prodotti-per-industria-farmaceutica-e-medica\/additivi-per-integratori\/polvere-di-frutti-di-baobab\/\" \/>\n<meta property=\"og:site_name\" content=\"NATURAL POLAND - Distributore all&#039;ingrosso di materie prime\" \/>\n<meta property=\"article:publisher\" content=\"https:\/\/www.facebook.com\/naturalpoland.b2b\" \/>\n<meta property=\"article:modified_time\" content=\"2025-08-07T12:14:25+00:00\" \/>\n<meta property=\"og:image\" content=\"https:\/\/naturalpoland.com\/wp-content\/uploads\/proszek-z-owocu-baobabu.webp\" \/>\n\t<meta property=\"og:image:width\" content=\"1024\" \/>\n\t<meta property=\"og:image:height\" content=\"1024\" \/>\n\t<meta property=\"og:image:type\" content=\"image\/webp\" \/>\n<script type=\"application\/ld+json\" class=\"yoast-schema-graph\">{\"@context\":\"https:\\\/\\\/schema.org\",\"@graph\":[{\"@type\":\"WebPage\",\"@id\":\"https:\\\/\\\/naturalpoland.com\\\/it\\\/produkty\\\/prodotti-per-industria-farmaceutica-e-medica\\\/additivi-per-integratori\\\/polvere-di-frutti-di-baobab\\\/\",\"url\":\"https:\\\/\\\/naturalpoland.com\\\/it\\\/produkty\\\/prodotti-per-industria-farmaceutica-e-medica\\\/additivi-per-integratori\\\/polvere-di-frutti-di-baobab\\\/\",\"name\":\"Polvere di frutti di baobab - Distributore all'ingrosso\",\"isPartOf\":{\"@id\":\"https:\\\/\\\/naturalpoland.com\\\/it\\\/#website\"},\"primaryImageOfPage\":{\"@id\":\"https:\\\/\\\/naturalpoland.com\\\/it\\\/produkty\\\/prodotti-per-industria-farmaceutica-e-medica\\\/additivi-per-integratori\\\/polvere-di-frutti-di-baobab\\\/#primaryimage\"},\"image\":{\"@id\":\"https:\\\/\\\/naturalpoland.com\\\/it\\\/produkty\\\/prodotti-per-industria-farmaceutica-e-medica\\\/additivi-per-integratori\\\/polvere-di-frutti-di-baobab\\\/#primaryimage\"},\"thumbnailUrl\":\"https:\\\/\\\/naturalpoland.com\\\/wp-content\\\/uploads\\\/proszek-z-owocu-baobabu.webp\",\"datePublished\":\"2025-07-17T13:11:45+00:00\",\"dateModified\":\"2025-08-07T12:14:25+00:00\",\"description\":\"La polvere biologica di frutti di baobab \u00e8 una materia prima naturale ottenuta dalla polpa dei frutti dell'albero di baobab (Adansonia digitata).\",\"breadcrumb\":{\"@id\":\"https:\\\/\\\/naturalpoland.com\\\/it\\\/produkty\\\/prodotti-per-industria-farmaceutica-e-medica\\\/additivi-per-integratori\\\/polvere-di-frutti-di-baobab\\\/#breadcrumb\"},\"inLanguage\":\"it-IT\",\"potentialAction\":[{\"@type\":\"ReadAction\",\"target\":[\"https:\\\/\\\/naturalpoland.com\\\/it\\\/produkty\\\/prodotti-per-industria-farmaceutica-e-medica\\\/additivi-per-integratori\\\/polvere-di-frutti-di-baobab\\\/\"]}]},{\"@type\":\"ImageObject\",\"inLanguage\":\"it-IT\",\"@id\":\"https:\\\/\\\/naturalpoland.com\\\/it\\\/produkty\\\/prodotti-per-industria-farmaceutica-e-medica\\\/additivi-per-integratori\\\/polvere-di-frutti-di-baobab\\\/#primaryimage\",\"url\":\"https:\\\/\\\/naturalpoland.com\\\/wp-content\\\/uploads\\\/proszek-z-owocu-baobabu.webp\",\"contentUrl\":\"https:\\\/\\\/naturalpoland.com\\\/wp-content\\\/uploads\\\/proszek-z-owocu-baobabu.webp\",\"width\":1024,\"height\":1024,\"caption\":\"proszek z owoc\u00f3w baobabu\"},{\"@type\":\"BreadcrumbList\",\"@id\":\"https:\\\/\\\/naturalpoland.com\\\/it\\\/produkty\\\/prodotti-per-industria-farmaceutica-e-medica\\\/additivi-per-integratori\\\/polvere-di-frutti-di-baobab\\\/#breadcrumb\",\"itemListElement\":[{\"@type\":\"ListItem\",\"position\":1,\"name\":\"Home\",\"item\":\"https:\\\/\\\/naturalpoland.com\\\/it\\\/\"},{\"@type\":\"ListItem\",\"position\":2,\"name\":\"Prodotti\",\"item\":\"https:\\\/\\\/naturalpoland.com\\\/it\\\/prodotti\\\/\"},{\"@type\":\"ListItem\",\"position\":3,\"name\":\"Polvere di frutti di baobab\"}]},{\"@type\":\"WebSite\",\"@id\":\"https:\\\/\\\/naturalpoland.com\\\/it\\\/#website\",\"url\":\"https:\\\/\\\/naturalpoland.com\\\/it\\\/\",\"name\":\"NATURAL POLAND - Distributore all'ingrosso di materie prime\",\"description\":\"Surowce dla przemys\u0142u spo\u017cywczego, kosmetycznego i farmaceutycznego\",\"publisher\":{\"@id\":\"https:\\\/\\\/naturalpoland.com\\\/it\\\/#organization\"},\"potentialAction\":[{\"@type\":\"SearchAction\",\"target\":{\"@type\":\"EntryPoint\",\"urlTemplate\":\"https:\\\/\\\/naturalpoland.com\\\/it\\\/?s={search_term_string}\"},\"query-input\":{\"@type\":\"PropertyValueSpecification\",\"valueRequired\":true,\"valueName\":\"search_term_string\"}}],\"inLanguage\":\"it-IT\"},{\"@type\":\"Organization\",\"@id\":\"https:\\\/\\\/naturalpoland.com\\\/it\\\/#organization\",\"name\":\"Natural Poland\",\"url\":\"https:\\\/\\\/naturalpoland.com\\\/it\\\/\",\"logo\":{\"@type\":\"ImageObject\",\"inLanguage\":\"it-IT\",\"@id\":\"https:\\\/\\\/naturalpoland.com\\\/it\\\/#\\\/schema\\\/logo\\\/image\\\/\",\"url\":\"https:\\\/\\\/naturalpoland.com\\\/wp-content\\\/uploads\\\/2021\\\/05\\\/natural-poland-icon.png\",\"contentUrl\":\"https:\\\/\\\/naturalpoland.com\\\/wp-content\\\/uploads\\\/2021\\\/05\\\/natural-poland-icon.png\",\"width\":512,\"height\":512,\"caption\":\"Natural Poland\"},\"image\":{\"@id\":\"https:\\\/\\\/naturalpoland.com\\\/it\\\/#\\\/schema\\\/logo\\\/image\\\/\"},\"sameAs\":[\"https:\\\/\\\/www.facebook.com\\\/naturalpoland.b2b\",\"https:\\\/\\\/pl.linkedin.com\\\/company\\\/natural-poland\",\"https:\\\/\\\/www.youtube.com\\\/channel\\\/UCgeGGkvOMahZo-xu_MSEWxg\"]}]}<\/script>\n<!-- \/ Yoast SEO plugin. -->","yoast_head_json":{"title":"Polvere di frutti di baobab - Distributore all'ingrosso","description":"La polvere biologica di frutti di baobab \u00e8 una materia prima naturale ottenuta dalla polpa dei frutti dell'albero di baobab (Adansonia digitata).","robots":{"index":"index","follow":"follow","max-snippet":"max-snippet:-1","max-image-preview":"max-image-preview:large","max-video-preview":"max-video-preview:-1"},"canonical":"https:\/\/naturalpoland.com\/it\/produkty\/prodotti-per-industria-farmaceutica-e-medica\/additivi-per-integratori\/polvere-di-frutti-di-baobab\/","og_locale":"it_IT","og_type":"article","og_title":"Polvere di frutti di baobab - Distributore all'ingrosso","og_description":"La polvere biologica di frutti di baobab \u00e8 una materia prima naturale ottenuta dalla polpa dei frutti dell'albero di baobab (Adansonia digitata).","og_url":"https:\/\/naturalpoland.com\/it\/produkty\/prodotti-per-industria-farmaceutica-e-medica\/additivi-per-integratori\/polvere-di-frutti-di-baobab\/","og_site_name":"NATURAL POLAND - Distributore all'ingrosso di materie prime","article_publisher":"https:\/\/www.facebook.com\/naturalpoland.b2b","article_modified_time":"2025-08-07T12:14:25+00:00","og_image":[{"width":1024,"height":1024,"url":"https:\/\/naturalpoland.com\/wp-content\/uploads\/proszek-z-owocu-baobabu.webp","type":"image\/webp"}],"schema":{"@context":"https:\/\/schema.org","@graph":[{"@type":"WebPage","@id":"https:\/\/naturalpoland.com\/it\/produkty\/prodotti-per-industria-farmaceutica-e-medica\/additivi-per-integratori\/polvere-di-frutti-di-baobab\/","url":"https:\/\/naturalpoland.com\/it\/produkty\/prodotti-per-industria-farmaceutica-e-medica\/additivi-per-integratori\/polvere-di-frutti-di-baobab\/","name":"Polvere di frutti di baobab - Distributore all'ingrosso","isPartOf":{"@id":"https:\/\/naturalpoland.com\/it\/#website"},"primaryImageOfPage":{"@id":"https:\/\/naturalpoland.com\/it\/produkty\/prodotti-per-industria-farmaceutica-e-medica\/additivi-per-integratori\/polvere-di-frutti-di-baobab\/#primaryimage"},"image":{"@id":"https:\/\/naturalpoland.com\/it\/produkty\/prodotti-per-industria-farmaceutica-e-medica\/additivi-per-integratori\/polvere-di-frutti-di-baobab\/#primaryimage"},"thumbnailUrl":"https:\/\/naturalpoland.com\/wp-content\/uploads\/proszek-z-owocu-baobabu.webp","datePublished":"2025-07-17T13:11:45+00:00","dateModified":"2025-08-07T12:14:25+00:00","description":"La polvere biologica di frutti di baobab \u00e8 una materia prima naturale ottenuta dalla polpa dei frutti dell'albero di baobab (Adansonia digitata).","breadcrumb":{"@id":"https:\/\/naturalpoland.com\/it\/produkty\/prodotti-per-industria-farmaceutica-e-medica\/additivi-per-integratori\/polvere-di-frutti-di-baobab\/#breadcrumb"},"inLanguage":"it-IT","potentialAction":[{"@type":"ReadAction","target":["https:\/\/naturalpoland.com\/it\/produkty\/prodotti-per-industria-farmaceutica-e-medica\/additivi-per-integratori\/polvere-di-frutti-di-baobab\/"]}]},{"@type":"ImageObject","inLanguage":"it-IT","@id":"https:\/\/naturalpoland.com\/it\/produkty\/prodotti-per-industria-farmaceutica-e-medica\/additivi-per-integratori\/polvere-di-frutti-di-baobab\/#primaryimage","url":"https:\/\/naturalpoland.com\/wp-content\/uploads\/proszek-z-owocu-baobabu.webp","contentUrl":"https:\/\/naturalpoland.com\/wp-content\/uploads\/proszek-z-owocu-baobabu.webp","width":1024,"height":1024,"caption":"proszek z owoc\u00f3w baobabu"},{"@type":"BreadcrumbList","@id":"https:\/\/naturalpoland.com\/it\/produkty\/prodotti-per-industria-farmaceutica-e-medica\/additivi-per-integratori\/polvere-di-frutti-di-baobab\/#breadcrumb","itemListElement":[{"@type":"ListItem","position":1,"name":"Home","item":"https:\/\/naturalpoland.com\/it\/"},{"@type":"ListItem","position":2,"name":"Prodotti","item":"https:\/\/naturalpoland.com\/it\/prodotti\/"},{"@type":"ListItem","position":3,"name":"Polvere di frutti di baobab"}]},{"@type":"WebSite","@id":"https:\/\/naturalpoland.com\/it\/#website","url":"https:\/\/naturalpoland.com\/it\/","name":"NATURAL POLAND - Distributore all'ingrosso di materie prime","description":"Surowce dla przemys\u0142u spo\u017cywczego, kosmetycznego i farmaceutycznego","publisher":{"@id":"https:\/\/naturalpoland.com\/it\/#organization"},"potentialAction":[{"@type":"SearchAction","target":{"@type":"EntryPoint","urlTemplate":"https:\/\/naturalpoland.com\/it\/?s={search_term_string}"},"query-input":{"@type":"PropertyValueSpecification","valueRequired":true,"valueName":"search_term_string"}}],"inLanguage":"it-IT"},{"@type":"Organization","@id":"https:\/\/naturalpoland.com\/it\/#organization","name":"Natural Poland","url":"https:\/\/naturalpoland.com\/it\/","logo":{"@type":"ImageObject","inLanguage":"it-IT","@id":"https:\/\/naturalpoland.com\/it\/#\/schema\/logo\/image\/","url":"https:\/\/naturalpoland.com\/wp-content\/uploads\/2021\/05\/natural-poland-icon.png","contentUrl":"https:\/\/naturalpoland.com\/wp-content\/uploads\/2021\/05\/natural-poland-icon.png","width":512,"height":512,"caption":"Natural Poland"},"image":{"@id":"https:\/\/naturalpoland.com\/it\/#\/schema\/logo\/image\/"},"sameAs":["https:\/\/www.facebook.com\/naturalpoland.b2b","https:\/\/pl.linkedin.com\/company\/natural-poland","https:\/\/www.youtube.com\/channel\/UCgeGGkvOMahZo-xu_MSEWxg"]}]}},"_links":{"self":[{"href":"https:\/\/naturalpoland.com\/it\/wp-json\/wp\/v2\/product\/42537","targetHints":{"allow":["GET"]}}],"collection":[{"href":"https:\/\/naturalpoland.com\/it\/wp-json\/wp\/v2\/product"}],"about":[{"href":"https:\/\/naturalpoland.com\/it\/wp-json\/wp\/v2\/types\/product"}],"wp:featuredmedia":[{"embeddable":true,"href":"https:\/\/naturalpoland.com\/it\/wp-json\/wp\/v2\/media\/42061"}],"wp:attachment":[{"href":"https:\/\/naturalpoland.com\/it\/wp-json\/wp\/v2\/media?parent=42537"}],"wp:term":[{"taxonomy":"product_brand","embeddable":true,"href":"https:\/\/naturalpoland.com\/it\/wp-json\/wp\/v2\/product_brand?post=42537"},{"taxonomy":"product_cat","embeddable":true,"href":"https:\/\/naturalpoland.com\/it\/wp-json\/wp\/v2\/product_cat?post=42537"},{"taxonomy":"product_tag","embeddable":true,"href":"https:\/\/naturalpoland.com\/it\/wp-json\/wp\/v2\/product_tag?post=42537"}],"curies":[{"name":"wp","href":"https:\/\/api.w.org\/{rel}","templated":true}]}}