{"id":43967,"date":"2025-12-09T11:38:11","date_gmt":"2025-12-09T10:38:11","guid":{"rendered":"https:\/\/naturalpoland.com\/produkty\/senza-categoria\/cica-pdrn\/"},"modified":"2025-12-09T12:24:48","modified_gmt":"2025-12-09T11:24:48","slug":"cica-pdrn","status":"publish","type":"product","link":"https:\/\/naturalpoland.com\/it\/produkty\/prodotti-per-industria-cosmetica\/sostanze-attive\/cica-pdrn\/","title":{"rendered":"CICA PDRN"},"content":{"rendered":"<p>CICA PDRN \u00e8 una materia prima rigenerante moderna di alta qualit\u00e0, sviluppata in Corea del Sud \u2013 uno dei centri globali di innovazione cosmetica. La formula \u00e8 stata progettata per fornire contemporaneamente l&#8217;azione lenitiva caratteristica della Centella asiatica e l&#8217;elevata attivit\u00e0 rigenerativa del DNA sodico (Sodium DNA). <\/p>\n<p>La composizione di questa materia prima include acqua, estratto di Centella asiatica (5%), DNA sodico (0,0005% \/ 5 ppm) e 1,2-esandiolo come umettante delicato e ingrediente stabilizzante. Tale composizione garantisce un&#8217;azione sinergica pro-rigenerativa, antinfiammatoria e di supporto alla guarigione della pelle. <\/p>\n<h2>Propriet\u00e0 e meccanismo d&#8217;azione di CICA PDRN<\/h2>\n<p><strong>1. Rigenerazione dei tessuti e guarigione dei danni<\/strong><\/p>\n<p>Il PDRN \u00e8 un polimero di DNA con un peso di 65\u2013325 kDa, che attiva il <strong>recettore dell&#8217;adenosina A2A<\/strong> presente sulla superficie delle cellule cutanee. La stimolazione di questo recettore avvia i processi di riparazione, accelera la proliferazione dei fibroblasti e supporta la rigenerazione naturale dei tessuti. <\/p>\n<p>L&#8217;ingrediente mostra anche un&#8217;azione anti-ischemia tissutale, <strong>supporta l&#8217;angiogenesi<\/strong> e <strong>stimola la sintesi del collagene<\/strong>, il che \u00e8 importante nei prodotti anti-et\u00e0 e post-trattamento dermatologico.<\/p>\n<p><strong>2. Azione antinfiammatoria e lenitiva<\/strong><\/p>\n<p>La Centella asiatica \u00e8 ricca di triterpenoidi, come l&#8217;<strong>asiaticoside<\/strong> e il <strong>madecassoside<\/strong>, noti per la loro potente azione antinfiammatoria. In combinazione con il PDRN, la materia prima riduce efficacemente le reazioni infiammatorie e supporta il sollievo dalle irritazioni causate da stress ambientale, radiazioni UV o trattamenti cosmetici. <\/p>\n<p><strong>La riduzione dell&#8217;espressione dei marcatori infiammatori<\/strong> (NF-\u03baB, IL-1, TNF-\u03b1, COX-2) e <strong>la diminuzione dell&#8217;attivit\u00e0 delle MMP<\/strong> si traduce nella protezione del collagene dalla degradazione e nel miglioramento dell&#8217;elasticit\u00e0 della pelle.<\/p>\n<p><strong>3. Miglioramento dell&#8217;elasticit\u00e0, dell&#8217;idratazione e della struttura della pelle<\/strong><\/p>\n<p>La materia prima migliora l&#8217;idratazione della pelle grazie alla presenza dell&#8217;<strong>estratto di Centella asiatica<\/strong> e di <strong>componenti con attivit\u00e0 umettante<\/strong>. Contemporaneamente, stimola la sintesi di collagene ed elastina aumentando l&#8217;attivit\u00e0 della SOD e diminuendo l&#8217;attivit\u00e0 dell&#8217;ossidasi NADPH, con una concomitante riduzione della sintesi di melanina. <\/p>\n<p>L&#8217;effetto dell&#8217;uso dell&#8217;ingrediente \u00e8 una maggiore elasticit\u00e0 della pelle, l&#8217;attenuazione delle rughe sottili e la riduzione della visibilit\u00e0 dei pori.<\/p>\n<p><strong>4. Supporto alla riduzione delle cicatrici e delle discromie<\/strong><\/p>\n<p>Grazie alle sue propriet\u00e0 rigenerative e alla modulazione dei processi infiammatori, CICA PDRN trova applicazione in prodotti che supportano <strong>la riduzione della visibilit\u00e0 di cicatrici, discromie post-infiammatorie e segni dell&#8217;acne<\/strong>. Questo meccanismo deriva dalla <strong>regolazione dell&#8217;espressione di MITF<\/strong> e dell&#8217;<strong>attivit\u00e0 della tirosinasi<\/strong> \u2013 elementi chiave dei processi di pigmentazione cutanea. <\/p>\n<h2>Applicazione di CICA PDRN nei cosmetici<\/h2>\n<p>CICA PDRN \u00e8 un ingrediente multifunzionale raccomandato per i prodotti:<\/p>\n<ul>\n<li><strong>cosmetici rigeneranti<\/strong> \u2013 sieri ricostituenti la barriera, creme riparatrici, trattamenti post-dermatologici,<\/li>\n<li><strong>cosmetici anti-et\u00e0<\/strong> \u2013 formule che riducono le rughe, migliorano la compattezza e l&#8217;elasticit\u00e0,<\/li>\n<li><strong>cosmetici per pelli sensibili<\/strong> \u2013 creme ed emulsioni lenitive, prodotti che alleviano gli arrossamenti,<\/li>\n<li><strong>cosmetici per la cura della pelle problematica<\/strong> \u2013 supporto alla guarigione delle lesioni, riduzione di cicatrici e discromie,<\/li>\n<li><strong>prodotti dermatologici e professionali<\/strong> \u2013 maschere post-trattamento, fiale, prodotti per uso professionale,<\/li>\n<li><strong>cura del corpo<\/strong> \u2013 balsami rigeneranti, prodotti per pelli irritate.<\/li>\n<\/ul>\n<p>Grazie all&#8217;ampio spettro d&#8217;azione e alla bassissima concentrazione di DNA attivo (5 ppm), la materia prima si adatta bene sia a emulsioni leggere che a formulazioni cremose pi\u00f9 ricche.<\/p>\n<p>&nbsp;<\/p>\n","protected":false},"excerpt":{"rendered":"<p><strong>CICA PDRN<\/strong> \u00e8 un complesso bioattivo avanzato che combina l&#8217;<a href=\"https:\/\/naturalpoland.com\/it\/produkty\/prodotti-per-industria-farmaceutica-e-medica\/additivi-per-integratori\/estratto-da-vacrota-asiatico\/\"><strong>estratto di Centella asiatica<\/strong><\/a> con i <strong>polideossiribonucleotidi<\/strong> (PDRN) ottenuti dalla stessa pianta.<\/p>\n","protected":false},"featured_media":43968,"template":"","meta":{"_acf_changed":false},"product_brand":[],"product_cat":[10352,1538],"product_tag":[],"class_list":{"0":"post-43967","1":"product","2":"type-product","3":"status-publish","4":"has-post-thumbnail","6":"product_cat-materie-prime-coreane","7":"product_cat-sostanze-attive","8":"pa_skladnik-aktywny-dna-sodico","9":"pa_skladnik-aktywny-estratto-di-centella-asiatica","11":"first","12":"instock","13":"shipping-taxable","14":"product-type-simple"},"acf":[],"yoast_head":"<!-- This site is optimized with the Yoast SEO plugin v27.4 - https:\/\/yoast.com\/product\/yoast-seo-wordpress\/ -->\n<title>CICA PDRN - Distributore all&#039;ingrosso<\/title>\n<meta name=\"description\" content=\"CICA PDRN \u2013 materia prima rigenerante coreana che combina Centella asiatica e PDRN. Supporta la guarigione, migliora l&#039;elasticit\u00e0 e riduce l&#039;infiammazione cutanea.\" \/>\n<meta name=\"robots\" content=\"index, follow, max-snippet:-1, max-image-preview:large, max-video-preview:-1\" \/>\n<link rel=\"canonical\" href=\"https:\/\/naturalpoland.com\/it\/produkty\/prodotti-per-industria-cosmetica\/sostanze-attive\/cica-pdrn\/\" \/>\n<meta property=\"og:locale\" content=\"it_IT\" \/>\n<meta property=\"og:type\" content=\"article\" \/>\n<meta property=\"og:title\" content=\"CICA PDRN - Distributore all&#039;ingrosso\" \/>\n<meta property=\"og:description\" content=\"CICA PDRN \u2013 materia prima rigenerante coreana che combina Centella asiatica e PDRN. Supporta la guarigione, migliora l&#039;elasticit\u00e0 e riduce l&#039;infiammazione cutanea.\" \/>\n<meta property=\"og:url\" content=\"https:\/\/naturalpoland.com\/it\/produkty\/prodotti-per-industria-cosmetica\/sostanze-attive\/cica-pdrn\/\" \/>\n<meta property=\"og:site_name\" content=\"NATURAL POLAND - Distributore all&#039;ingrosso di materie prime\" \/>\n<meta property=\"article:publisher\" content=\"https:\/\/www.facebook.com\/naturalpoland.b2b\" \/>\n<meta property=\"article:modified_time\" content=\"2025-12-09T11:24:48+00:00\" \/>\n<meta property=\"og:image\" content=\"https:\/\/naturalpoland.com\/wp-content\/uploads\/cica-pdrn.webp\" \/>\n\t<meta property=\"og:image:width\" content=\"1024\" \/>\n\t<meta property=\"og:image:height\" content=\"1024\" \/>\n\t<meta property=\"og:image:type\" content=\"image\/webp\" \/>\n<script type=\"application\/ld+json\" class=\"yoast-schema-graph\">{\"@context\":\"https:\\\/\\\/schema.org\",\"@graph\":[{\"@type\":\"WebPage\",\"@id\":\"https:\\\/\\\/naturalpoland.com\\\/it\\\/produkty\\\/prodotti-per-industria-cosmetica\\\/sostanze-attive\\\/cica-pdrn\\\/\",\"url\":\"https:\\\/\\\/naturalpoland.com\\\/it\\\/produkty\\\/prodotti-per-industria-cosmetica\\\/sostanze-attive\\\/cica-pdrn\\\/\",\"name\":\"CICA PDRN - Distributore all'ingrosso\",\"isPartOf\":{\"@id\":\"https:\\\/\\\/naturalpoland.com\\\/it\\\/#website\"},\"primaryImageOfPage\":{\"@id\":\"https:\\\/\\\/naturalpoland.com\\\/it\\\/produkty\\\/prodotti-per-industria-cosmetica\\\/sostanze-attive\\\/cica-pdrn\\\/#primaryimage\"},\"image\":{\"@id\":\"https:\\\/\\\/naturalpoland.com\\\/it\\\/produkty\\\/prodotti-per-industria-cosmetica\\\/sostanze-attive\\\/cica-pdrn\\\/#primaryimage\"},\"thumbnailUrl\":\"https:\\\/\\\/naturalpoland.com\\\/wp-content\\\/uploads\\\/cica-pdrn.webp\",\"datePublished\":\"2025-12-09T10:38:11+00:00\",\"dateModified\":\"2025-12-09T11:24:48+00:00\",\"description\":\"CICA PDRN \u2013 materia prima rigenerante coreana che combina Centella asiatica e PDRN. Supporta la guarigione, migliora l'elasticit\u00e0 e riduce l'infiammazione cutanea.\",\"breadcrumb\":{\"@id\":\"https:\\\/\\\/naturalpoland.com\\\/it\\\/produkty\\\/prodotti-per-industria-cosmetica\\\/sostanze-attive\\\/cica-pdrn\\\/#breadcrumb\"},\"inLanguage\":\"it-IT\",\"potentialAction\":[{\"@type\":\"ReadAction\",\"target\":[\"https:\\\/\\\/naturalpoland.com\\\/it\\\/produkty\\\/prodotti-per-industria-cosmetica\\\/sostanze-attive\\\/cica-pdrn\\\/\"]}]},{\"@type\":\"ImageObject\",\"inLanguage\":\"it-IT\",\"@id\":\"https:\\\/\\\/naturalpoland.com\\\/it\\\/produkty\\\/prodotti-per-industria-cosmetica\\\/sostanze-attive\\\/cica-pdrn\\\/#primaryimage\",\"url\":\"https:\\\/\\\/naturalpoland.com\\\/wp-content\\\/uploads\\\/cica-pdrn.webp\",\"contentUrl\":\"https:\\\/\\\/naturalpoland.com\\\/wp-content\\\/uploads\\\/cica-pdrn.webp\",\"width\":1024,\"height\":1024,\"caption\":\"CICA PDRN\"},{\"@type\":\"BreadcrumbList\",\"@id\":\"https:\\\/\\\/naturalpoland.com\\\/it\\\/produkty\\\/prodotti-per-industria-cosmetica\\\/sostanze-attive\\\/cica-pdrn\\\/#breadcrumb\",\"itemListElement\":[{\"@type\":\"ListItem\",\"position\":1,\"name\":\"Home\",\"item\":\"https:\\\/\\\/naturalpoland.com\\\/it\\\/\"},{\"@type\":\"ListItem\",\"position\":2,\"name\":\"Prodotti\",\"item\":\"https:\\\/\\\/naturalpoland.com\\\/it\\\/prodotti\\\/\"},{\"@type\":\"ListItem\",\"position\":3,\"name\":\"CICA PDRN\"}]},{\"@type\":\"WebSite\",\"@id\":\"https:\\\/\\\/naturalpoland.com\\\/it\\\/#website\",\"url\":\"https:\\\/\\\/naturalpoland.com\\\/it\\\/\",\"name\":\"NATURAL POLAND - Distributore all'ingrosso di materie prime\",\"description\":\"Surowce dla przemys\u0142u spo\u017cywczego, kosmetycznego i farmaceutycznego\",\"publisher\":{\"@id\":\"https:\\\/\\\/naturalpoland.com\\\/it\\\/#organization\"},\"potentialAction\":[{\"@type\":\"SearchAction\",\"target\":{\"@type\":\"EntryPoint\",\"urlTemplate\":\"https:\\\/\\\/naturalpoland.com\\\/it\\\/?s={search_term_string}\"},\"query-input\":{\"@type\":\"PropertyValueSpecification\",\"valueRequired\":true,\"valueName\":\"search_term_string\"}}],\"inLanguage\":\"it-IT\"},{\"@type\":\"Organization\",\"@id\":\"https:\\\/\\\/naturalpoland.com\\\/it\\\/#organization\",\"name\":\"Natural Poland\",\"url\":\"https:\\\/\\\/naturalpoland.com\\\/it\\\/\",\"logo\":{\"@type\":\"ImageObject\",\"inLanguage\":\"it-IT\",\"@id\":\"https:\\\/\\\/naturalpoland.com\\\/it\\\/#\\\/schema\\\/logo\\\/image\\\/\",\"url\":\"https:\\\/\\\/naturalpoland.com\\\/wp-content\\\/uploads\\\/2021\\\/05\\\/natural-poland-icon.png\",\"contentUrl\":\"https:\\\/\\\/naturalpoland.com\\\/wp-content\\\/uploads\\\/2021\\\/05\\\/natural-poland-icon.png\",\"width\":512,\"height\":512,\"caption\":\"Natural Poland\"},\"image\":{\"@id\":\"https:\\\/\\\/naturalpoland.com\\\/it\\\/#\\\/schema\\\/logo\\\/image\\\/\"},\"sameAs\":[\"https:\\\/\\\/www.facebook.com\\\/naturalpoland.b2b\",\"https:\\\/\\\/pl.linkedin.com\\\/company\\\/natural-poland\",\"https:\\\/\\\/www.youtube.com\\\/channel\\\/UCgeGGkvOMahZo-xu_MSEWxg\"]}]}<\/script>\n<!-- \/ Yoast SEO plugin. -->","yoast_head_json":{"title":"CICA PDRN - Distributore all'ingrosso","description":"CICA PDRN \u2013 materia prima rigenerante coreana che combina Centella asiatica e PDRN. Supporta la guarigione, migliora l'elasticit\u00e0 e riduce l'infiammazione cutanea.","robots":{"index":"index","follow":"follow","max-snippet":"max-snippet:-1","max-image-preview":"max-image-preview:large","max-video-preview":"max-video-preview:-1"},"canonical":"https:\/\/naturalpoland.com\/it\/produkty\/prodotti-per-industria-cosmetica\/sostanze-attive\/cica-pdrn\/","og_locale":"it_IT","og_type":"article","og_title":"CICA PDRN - Distributore all'ingrosso","og_description":"CICA PDRN \u2013 materia prima rigenerante coreana che combina Centella asiatica e PDRN. Supporta la guarigione, migliora l'elasticit\u00e0 e riduce l'infiammazione cutanea.","og_url":"https:\/\/naturalpoland.com\/it\/produkty\/prodotti-per-industria-cosmetica\/sostanze-attive\/cica-pdrn\/","og_site_name":"NATURAL POLAND - Distributore all'ingrosso di materie prime","article_publisher":"https:\/\/www.facebook.com\/naturalpoland.b2b","article_modified_time":"2025-12-09T11:24:48+00:00","og_image":[{"width":1024,"height":1024,"url":"https:\/\/naturalpoland.com\/wp-content\/uploads\/cica-pdrn.webp","type":"image\/webp"}],"schema":{"@context":"https:\/\/schema.org","@graph":[{"@type":"WebPage","@id":"https:\/\/naturalpoland.com\/it\/produkty\/prodotti-per-industria-cosmetica\/sostanze-attive\/cica-pdrn\/","url":"https:\/\/naturalpoland.com\/it\/produkty\/prodotti-per-industria-cosmetica\/sostanze-attive\/cica-pdrn\/","name":"CICA PDRN - Distributore all'ingrosso","isPartOf":{"@id":"https:\/\/naturalpoland.com\/it\/#website"},"primaryImageOfPage":{"@id":"https:\/\/naturalpoland.com\/it\/produkty\/prodotti-per-industria-cosmetica\/sostanze-attive\/cica-pdrn\/#primaryimage"},"image":{"@id":"https:\/\/naturalpoland.com\/it\/produkty\/prodotti-per-industria-cosmetica\/sostanze-attive\/cica-pdrn\/#primaryimage"},"thumbnailUrl":"https:\/\/naturalpoland.com\/wp-content\/uploads\/cica-pdrn.webp","datePublished":"2025-12-09T10:38:11+00:00","dateModified":"2025-12-09T11:24:48+00:00","description":"CICA PDRN \u2013 materia prima rigenerante coreana che combina Centella asiatica e PDRN. Supporta la guarigione, migliora l'elasticit\u00e0 e riduce l'infiammazione cutanea.","breadcrumb":{"@id":"https:\/\/naturalpoland.com\/it\/produkty\/prodotti-per-industria-cosmetica\/sostanze-attive\/cica-pdrn\/#breadcrumb"},"inLanguage":"it-IT","potentialAction":[{"@type":"ReadAction","target":["https:\/\/naturalpoland.com\/it\/produkty\/prodotti-per-industria-cosmetica\/sostanze-attive\/cica-pdrn\/"]}]},{"@type":"ImageObject","inLanguage":"it-IT","@id":"https:\/\/naturalpoland.com\/it\/produkty\/prodotti-per-industria-cosmetica\/sostanze-attive\/cica-pdrn\/#primaryimage","url":"https:\/\/naturalpoland.com\/wp-content\/uploads\/cica-pdrn.webp","contentUrl":"https:\/\/naturalpoland.com\/wp-content\/uploads\/cica-pdrn.webp","width":1024,"height":1024,"caption":"CICA PDRN"},{"@type":"BreadcrumbList","@id":"https:\/\/naturalpoland.com\/it\/produkty\/prodotti-per-industria-cosmetica\/sostanze-attive\/cica-pdrn\/#breadcrumb","itemListElement":[{"@type":"ListItem","position":1,"name":"Home","item":"https:\/\/naturalpoland.com\/it\/"},{"@type":"ListItem","position":2,"name":"Prodotti","item":"https:\/\/naturalpoland.com\/it\/prodotti\/"},{"@type":"ListItem","position":3,"name":"CICA PDRN"}]},{"@type":"WebSite","@id":"https:\/\/naturalpoland.com\/it\/#website","url":"https:\/\/naturalpoland.com\/it\/","name":"NATURAL POLAND - Distributore all'ingrosso di materie prime","description":"Surowce dla przemys\u0142u spo\u017cywczego, kosmetycznego i farmaceutycznego","publisher":{"@id":"https:\/\/naturalpoland.com\/it\/#organization"},"potentialAction":[{"@type":"SearchAction","target":{"@type":"EntryPoint","urlTemplate":"https:\/\/naturalpoland.com\/it\/?s={search_term_string}"},"query-input":{"@type":"PropertyValueSpecification","valueRequired":true,"valueName":"search_term_string"}}],"inLanguage":"it-IT"},{"@type":"Organization","@id":"https:\/\/naturalpoland.com\/it\/#organization","name":"Natural Poland","url":"https:\/\/naturalpoland.com\/it\/","logo":{"@type":"ImageObject","inLanguage":"it-IT","@id":"https:\/\/naturalpoland.com\/it\/#\/schema\/logo\/image\/","url":"https:\/\/naturalpoland.com\/wp-content\/uploads\/2021\/05\/natural-poland-icon.png","contentUrl":"https:\/\/naturalpoland.com\/wp-content\/uploads\/2021\/05\/natural-poland-icon.png","width":512,"height":512,"caption":"Natural Poland"},"image":{"@id":"https:\/\/naturalpoland.com\/it\/#\/schema\/logo\/image\/"},"sameAs":["https:\/\/www.facebook.com\/naturalpoland.b2b","https:\/\/pl.linkedin.com\/company\/natural-poland","https:\/\/www.youtube.com\/channel\/UCgeGGkvOMahZo-xu_MSEWxg"]}]}},"_links":{"self":[{"href":"https:\/\/naturalpoland.com\/it\/wp-json\/wp\/v2\/product\/43967","targetHints":{"allow":["GET"]}}],"collection":[{"href":"https:\/\/naturalpoland.com\/it\/wp-json\/wp\/v2\/product"}],"about":[{"href":"https:\/\/naturalpoland.com\/it\/wp-json\/wp\/v2\/types\/product"}],"wp:featuredmedia":[{"embeddable":true,"href":"https:\/\/naturalpoland.com\/it\/wp-json\/wp\/v2\/media\/43968"}],"wp:attachment":[{"href":"https:\/\/naturalpoland.com\/it\/wp-json\/wp\/v2\/media?parent=43967"}],"wp:term":[{"taxonomy":"product_brand","embeddable":true,"href":"https:\/\/naturalpoland.com\/it\/wp-json\/wp\/v2\/product_brand?post=43967"},{"taxonomy":"product_cat","embeddable":true,"href":"https:\/\/naturalpoland.com\/it\/wp-json\/wp\/v2\/product_cat?post=43967"},{"taxonomy":"product_tag","embeddable":true,"href":"https:\/\/naturalpoland.com\/it\/wp-json\/wp\/v2\/product_tag?post=43967"}],"curies":[{"name":"wp","href":"https:\/\/api.w.org\/{rel}","templated":true}]}}