{"id":44002,"date":"2025-12-09T12:05:02","date_gmt":"2025-12-09T11:05:02","guid":{"rendered":"https:\/\/naturalpoland.com\/produkty\/senza-categoria\/complesso-di-fitoretinolo\/"},"modified":"2025-12-09T13:51:43","modified_gmt":"2025-12-09T12:51:43","slug":"complesso-di-fitoretinolo","status":"publish","type":"product","link":"https:\/\/naturalpoland.com\/it\/produkty\/prodotti-per-industria-cosmetica\/sostanze-attive\/complesso-di-fitoretinolo\/","title":{"rendered":"Complesso di fitoretinolo"},"content":{"rendered":"<p>La formula del complesso di fitoretinolo si basa su <strong>estratto della pianta Crithmum maritimum<\/strong> (il cosiddetto retinolo vegetale, \u201cRetinolo Verde\u201d), <strong>estratto di lenticchia <em>Lens esculenta<\/em><\/strong> e <strong>estratto di radice di carota <em>Daucus carota sativa<\/em><\/strong>. Questi ingredienti creano un complesso sinergico che supporta l&#8217;elasticit\u00e0 della pelle, aumenta il livello di idratazione e migliora la visibilit\u00e0 delle rughe senza il rischio di irritazioni tipiche dei retinoidi. <\/p>\n<p>Grazie alla combinazione di fitocomposti nutrienti, minerali e antiossidanti naturali, la materia prima mostra un&#8217;elevata efficacia nella cura della pelle matura, stanca, disidratata e priva di compattezza. Il suo profilo delicato lo rende adatto anche per formulazioni destinate alla pelle sensibile. <\/p>\n<h2>Propriet\u00e0 del complesso di fitoretinolo<\/h2>\n<p><strong>1. Levigazione delle rughe e miglioramento dell&#8217;elasticit\u00e0<\/strong><\/p>\n<p>Il complesso aumenta efficacemente l&#8217;elasticit\u00e0 della pelle e ne migliora visibilmente la struttura, supportando i processi di rinnovamento epidermico e agendo contro le rughe. L&#8217;estratto di Crithmum maritimum, ricco di composti fenolici e vitamine, \u00e8 considerato un&#8217; <strong>alternativa naturale al retinolo<\/strong> \u2013 supporta il rinnovamento cellulare e migliora la compattezza, senza causare l&#8217;effetto esfoliante. <\/p>\n<p><strong>2. Azione antiossidante e antiglicazione<\/strong><\/p>\n<p>Il complesso contribuisce alla protezione delle fibre di collagene e al ritardo dei processi di invecchiamento cutaneo. Gli antiossidanti presenti nell&#8217;estratto di carota (carotenoidi) e di lenticchia riducono lo stress ossidativo e supportano la barriera protettiva della pelle. <\/p>\n<p><strong>3. Idratazione e miglioramento della levigatezza della pelle<\/strong><\/p>\n<p>La materia prima fornisce un&#8217;azione idratante grazie alla presenza dell&#8217;estratto di Lens esculenta, che previene la perdita d&#8217;acqua transepidermica (TEWL) e supporta l&#8217;equilibrio idrolipidico. Il risultato \u00e8 una pelle pi\u00f9 morbida, liscia e rivitalizzata. <\/p>\n<p><strong>4. Rafforzamento della barriera protettiva<\/strong><\/p>\n<p>I lipidi, le vitamine e i microelementi contenuti nella materia prima rafforzano la funzione protettiva dell&#8217;epidermide, supportando i processi rigenerativi. L&#8217;uso regolare di prodotti con il complesso di fitoretinolo pu\u00f2 migliorare la resistenza della pelle all&#8217;azione dei fattori esterni. <\/p>\n<h2>Utilizzo nei cosmetici<\/h2>\n<p>Il complesso di fitoretinolo \u00e8 un ingrediente attivo versatile raccomandato per formulazioni di:<\/p>\n<ul>\n<li>creme antirughe e rassodanti,<\/li>\n<li>sieri anti-et\u00e0,<\/li>\n<li>creme notte che supportano il rinnovamento cellulare,<\/li>\n<li>cosmetici per pelli sensibili che necessitano di un&#8217;alternativa delicata al retinolo,<\/li>\n<li>prodotti illuminanti e che migliorano il tono della pelle,<\/li>\n<li>cosmetici nutrienti e rigeneranti,<\/li>\n<li>cura della pelle secca, disidratata e ruvida.<\/li>\n<\/ul>\n<p>Grazie alla natura delicata degli ingredienti vegetali, la materia prima \u00e8 adatta sia per i prodotti di cura quotidiana che per le formulazioni premium pi\u00f9 concentrate.<\/p>\n","protected":false},"excerpt":{"rendered":"<p><strong>Il complesso di fitoretinolo<\/strong> \u00e8 una materia prima cosmetica avanzata che combina estratti vegetali con comprovate propriet\u00e0 anti-et\u00e0 e leviganti.<\/p>\n","protected":false},"featured_media":44004,"template":"","meta":{"_acf_changed":false},"product_brand":[],"product_cat":[10352,1538],"product_tag":[],"class_list":{"0":"post-44002","1":"product","2":"type-product","3":"status-publish","4":"has-post-thumbnail","6":"product_cat-materie-prime-coreane","7":"product_cat-sostanze-attive","9":"first","10":"instock","11":"shipping-taxable","12":"product-type-simple"},"acf":[],"yoast_head":"<!-- This site is optimized with the Yoast SEO plugin v27.4 - https:\/\/yoast.com\/product\/yoast-seo-wordpress\/ -->\n<title>Complesso di fitoretinolo - Distributore all&#039;ingrosso<\/title>\n<meta name=\"description\" content=\"Complesso di fitoretinolo \u2013 un&#039;alternativa vegetale al retinolo. Leviga le rughe, migliora l&#039;elasticit\u00e0, ha un&#039;azione antiossidante e idrata intensamente la pelle.\" \/>\n<meta name=\"robots\" content=\"index, follow, max-snippet:-1, max-image-preview:large, max-video-preview:-1\" \/>\n<link rel=\"canonical\" href=\"https:\/\/naturalpoland.com\/it\/produkty\/prodotti-per-industria-cosmetica\/sostanze-attive\/complesso-di-fitoretinolo\/\" \/>\n<meta property=\"og:locale\" content=\"it_IT\" \/>\n<meta property=\"og:type\" content=\"article\" \/>\n<meta property=\"og:title\" content=\"Complesso di fitoretinolo - Distributore all&#039;ingrosso\" \/>\n<meta property=\"og:description\" content=\"Complesso di fitoretinolo \u2013 un&#039;alternativa vegetale al retinolo. Leviga le rughe, migliora l&#039;elasticit\u00e0, ha un&#039;azione antiossidante e idrata intensamente la pelle.\" \/>\n<meta property=\"og:url\" content=\"https:\/\/naturalpoland.com\/it\/produkty\/prodotti-per-industria-cosmetica\/sostanze-attive\/complesso-di-fitoretinolo\/\" \/>\n<meta property=\"og:site_name\" content=\"NATURAL POLAND - Distributore all&#039;ingrosso di materie prime\" \/>\n<meta property=\"article:publisher\" content=\"https:\/\/www.facebook.com\/naturalpoland.b2b\" \/>\n<meta property=\"article:modified_time\" content=\"2025-12-09T12:51:43+00:00\" \/>\n<meta property=\"og:image\" content=\"https:\/\/naturalpoland.com\/wp-content\/uploads\/kompleks-fitoretinolu.webp\" \/>\n\t<meta property=\"og:image:width\" content=\"1024\" \/>\n\t<meta property=\"og:image:height\" content=\"1024\" \/>\n\t<meta property=\"og:image:type\" content=\"image\/webp\" \/>\n<script type=\"application\/ld+json\" class=\"yoast-schema-graph\">{\"@context\":\"https:\\\/\\\/schema.org\",\"@graph\":[{\"@type\":\"WebPage\",\"@id\":\"https:\\\/\\\/naturalpoland.com\\\/it\\\/produkty\\\/prodotti-per-industria-cosmetica\\\/sostanze-attive\\\/complesso-di-fitoretinolo\\\/\",\"url\":\"https:\\\/\\\/naturalpoland.com\\\/it\\\/produkty\\\/prodotti-per-industria-cosmetica\\\/sostanze-attive\\\/complesso-di-fitoretinolo\\\/\",\"name\":\"Complesso di fitoretinolo - Distributore all'ingrosso\",\"isPartOf\":{\"@id\":\"https:\\\/\\\/naturalpoland.com\\\/it\\\/#website\"},\"primaryImageOfPage\":{\"@id\":\"https:\\\/\\\/naturalpoland.com\\\/it\\\/produkty\\\/prodotti-per-industria-cosmetica\\\/sostanze-attive\\\/complesso-di-fitoretinolo\\\/#primaryimage\"},\"image\":{\"@id\":\"https:\\\/\\\/naturalpoland.com\\\/it\\\/produkty\\\/prodotti-per-industria-cosmetica\\\/sostanze-attive\\\/complesso-di-fitoretinolo\\\/#primaryimage\"},\"thumbnailUrl\":\"https:\\\/\\\/naturalpoland.com\\\/wp-content\\\/uploads\\\/kompleks-fitoretinolu.webp\",\"datePublished\":\"2025-12-09T11:05:02+00:00\",\"dateModified\":\"2025-12-09T12:51:43+00:00\",\"description\":\"Complesso di fitoretinolo \u2013 un'alternativa vegetale al retinolo. Leviga le rughe, migliora l'elasticit\u00e0, ha un'azione antiossidante e idrata intensamente la pelle.\",\"breadcrumb\":{\"@id\":\"https:\\\/\\\/naturalpoland.com\\\/it\\\/produkty\\\/prodotti-per-industria-cosmetica\\\/sostanze-attive\\\/complesso-di-fitoretinolo\\\/#breadcrumb\"},\"inLanguage\":\"it-IT\",\"potentialAction\":[{\"@type\":\"ReadAction\",\"target\":[\"https:\\\/\\\/naturalpoland.com\\\/it\\\/produkty\\\/prodotti-per-industria-cosmetica\\\/sostanze-attive\\\/complesso-di-fitoretinolo\\\/\"]}]},{\"@type\":\"ImageObject\",\"inLanguage\":\"it-IT\",\"@id\":\"https:\\\/\\\/naturalpoland.com\\\/it\\\/produkty\\\/prodotti-per-industria-cosmetica\\\/sostanze-attive\\\/complesso-di-fitoretinolo\\\/#primaryimage\",\"url\":\"https:\\\/\\\/naturalpoland.com\\\/wp-content\\\/uploads\\\/kompleks-fitoretinolu.webp\",\"contentUrl\":\"https:\\\/\\\/naturalpoland.com\\\/wp-content\\\/uploads\\\/kompleks-fitoretinolu.webp\",\"width\":1024,\"height\":1024,\"caption\":\"Complesso di fitoretinolo\"},{\"@type\":\"BreadcrumbList\",\"@id\":\"https:\\\/\\\/naturalpoland.com\\\/it\\\/produkty\\\/prodotti-per-industria-cosmetica\\\/sostanze-attive\\\/complesso-di-fitoretinolo\\\/#breadcrumb\",\"itemListElement\":[{\"@type\":\"ListItem\",\"position\":1,\"name\":\"Home\",\"item\":\"https:\\\/\\\/naturalpoland.com\\\/it\\\/\"},{\"@type\":\"ListItem\",\"position\":2,\"name\":\"Prodotti\",\"item\":\"https:\\\/\\\/naturalpoland.com\\\/it\\\/prodotti\\\/\"},{\"@type\":\"ListItem\",\"position\":3,\"name\":\"Complesso di fitoretinolo\"}]},{\"@type\":\"WebSite\",\"@id\":\"https:\\\/\\\/naturalpoland.com\\\/it\\\/#website\",\"url\":\"https:\\\/\\\/naturalpoland.com\\\/it\\\/\",\"name\":\"NATURAL POLAND - Distributore all'ingrosso di materie prime\",\"description\":\"Surowce dla przemys\u0142u spo\u017cywczego, kosmetycznego i farmaceutycznego\",\"publisher\":{\"@id\":\"https:\\\/\\\/naturalpoland.com\\\/it\\\/#organization\"},\"potentialAction\":[{\"@type\":\"SearchAction\",\"target\":{\"@type\":\"EntryPoint\",\"urlTemplate\":\"https:\\\/\\\/naturalpoland.com\\\/it\\\/?s={search_term_string}\"},\"query-input\":{\"@type\":\"PropertyValueSpecification\",\"valueRequired\":true,\"valueName\":\"search_term_string\"}}],\"inLanguage\":\"it-IT\"},{\"@type\":\"Organization\",\"@id\":\"https:\\\/\\\/naturalpoland.com\\\/it\\\/#organization\",\"name\":\"Natural Poland\",\"url\":\"https:\\\/\\\/naturalpoland.com\\\/it\\\/\",\"logo\":{\"@type\":\"ImageObject\",\"inLanguage\":\"it-IT\",\"@id\":\"https:\\\/\\\/naturalpoland.com\\\/it\\\/#\\\/schema\\\/logo\\\/image\\\/\",\"url\":\"https:\\\/\\\/naturalpoland.com\\\/wp-content\\\/uploads\\\/2021\\\/05\\\/natural-poland-icon.png\",\"contentUrl\":\"https:\\\/\\\/naturalpoland.com\\\/wp-content\\\/uploads\\\/2021\\\/05\\\/natural-poland-icon.png\",\"width\":512,\"height\":512,\"caption\":\"Natural Poland\"},\"image\":{\"@id\":\"https:\\\/\\\/naturalpoland.com\\\/it\\\/#\\\/schema\\\/logo\\\/image\\\/\"},\"sameAs\":[\"https:\\\/\\\/www.facebook.com\\\/naturalpoland.b2b\",\"https:\\\/\\\/pl.linkedin.com\\\/company\\\/natural-poland\",\"https:\\\/\\\/www.youtube.com\\\/channel\\\/UCgeGGkvOMahZo-xu_MSEWxg\"]}]}<\/script>\n<!-- \/ Yoast SEO plugin. -->","yoast_head_json":{"title":"Complesso di fitoretinolo - Distributore all'ingrosso","description":"Complesso di fitoretinolo \u2013 un'alternativa vegetale al retinolo. Leviga le rughe, migliora l'elasticit\u00e0, ha un'azione antiossidante e idrata intensamente la pelle.","robots":{"index":"index","follow":"follow","max-snippet":"max-snippet:-1","max-image-preview":"max-image-preview:large","max-video-preview":"max-video-preview:-1"},"canonical":"https:\/\/naturalpoland.com\/it\/produkty\/prodotti-per-industria-cosmetica\/sostanze-attive\/complesso-di-fitoretinolo\/","og_locale":"it_IT","og_type":"article","og_title":"Complesso di fitoretinolo - Distributore all'ingrosso","og_description":"Complesso di fitoretinolo \u2013 un'alternativa vegetale al retinolo. Leviga le rughe, migliora l'elasticit\u00e0, ha un'azione antiossidante e idrata intensamente la pelle.","og_url":"https:\/\/naturalpoland.com\/it\/produkty\/prodotti-per-industria-cosmetica\/sostanze-attive\/complesso-di-fitoretinolo\/","og_site_name":"NATURAL POLAND - Distributore all'ingrosso di materie prime","article_publisher":"https:\/\/www.facebook.com\/naturalpoland.b2b","article_modified_time":"2025-12-09T12:51:43+00:00","og_image":[{"width":1024,"height":1024,"url":"https:\/\/naturalpoland.com\/wp-content\/uploads\/kompleks-fitoretinolu.webp","type":"image\/webp"}],"schema":{"@context":"https:\/\/schema.org","@graph":[{"@type":"WebPage","@id":"https:\/\/naturalpoland.com\/it\/produkty\/prodotti-per-industria-cosmetica\/sostanze-attive\/complesso-di-fitoretinolo\/","url":"https:\/\/naturalpoland.com\/it\/produkty\/prodotti-per-industria-cosmetica\/sostanze-attive\/complesso-di-fitoretinolo\/","name":"Complesso di fitoretinolo - Distributore all'ingrosso","isPartOf":{"@id":"https:\/\/naturalpoland.com\/it\/#website"},"primaryImageOfPage":{"@id":"https:\/\/naturalpoland.com\/it\/produkty\/prodotti-per-industria-cosmetica\/sostanze-attive\/complesso-di-fitoretinolo\/#primaryimage"},"image":{"@id":"https:\/\/naturalpoland.com\/it\/produkty\/prodotti-per-industria-cosmetica\/sostanze-attive\/complesso-di-fitoretinolo\/#primaryimage"},"thumbnailUrl":"https:\/\/naturalpoland.com\/wp-content\/uploads\/kompleks-fitoretinolu.webp","datePublished":"2025-12-09T11:05:02+00:00","dateModified":"2025-12-09T12:51:43+00:00","description":"Complesso di fitoretinolo \u2013 un'alternativa vegetale al retinolo. Leviga le rughe, migliora l'elasticit\u00e0, ha un'azione antiossidante e idrata intensamente la pelle.","breadcrumb":{"@id":"https:\/\/naturalpoland.com\/it\/produkty\/prodotti-per-industria-cosmetica\/sostanze-attive\/complesso-di-fitoretinolo\/#breadcrumb"},"inLanguage":"it-IT","potentialAction":[{"@type":"ReadAction","target":["https:\/\/naturalpoland.com\/it\/produkty\/prodotti-per-industria-cosmetica\/sostanze-attive\/complesso-di-fitoretinolo\/"]}]},{"@type":"ImageObject","inLanguage":"it-IT","@id":"https:\/\/naturalpoland.com\/it\/produkty\/prodotti-per-industria-cosmetica\/sostanze-attive\/complesso-di-fitoretinolo\/#primaryimage","url":"https:\/\/naturalpoland.com\/wp-content\/uploads\/kompleks-fitoretinolu.webp","contentUrl":"https:\/\/naturalpoland.com\/wp-content\/uploads\/kompleks-fitoretinolu.webp","width":1024,"height":1024,"caption":"Complesso di fitoretinolo"},{"@type":"BreadcrumbList","@id":"https:\/\/naturalpoland.com\/it\/produkty\/prodotti-per-industria-cosmetica\/sostanze-attive\/complesso-di-fitoretinolo\/#breadcrumb","itemListElement":[{"@type":"ListItem","position":1,"name":"Home","item":"https:\/\/naturalpoland.com\/it\/"},{"@type":"ListItem","position":2,"name":"Prodotti","item":"https:\/\/naturalpoland.com\/it\/prodotti\/"},{"@type":"ListItem","position":3,"name":"Complesso di fitoretinolo"}]},{"@type":"WebSite","@id":"https:\/\/naturalpoland.com\/it\/#website","url":"https:\/\/naturalpoland.com\/it\/","name":"NATURAL POLAND - Distributore all'ingrosso di materie prime","description":"Surowce dla przemys\u0142u spo\u017cywczego, kosmetycznego i farmaceutycznego","publisher":{"@id":"https:\/\/naturalpoland.com\/it\/#organization"},"potentialAction":[{"@type":"SearchAction","target":{"@type":"EntryPoint","urlTemplate":"https:\/\/naturalpoland.com\/it\/?s={search_term_string}"},"query-input":{"@type":"PropertyValueSpecification","valueRequired":true,"valueName":"search_term_string"}}],"inLanguage":"it-IT"},{"@type":"Organization","@id":"https:\/\/naturalpoland.com\/it\/#organization","name":"Natural Poland","url":"https:\/\/naturalpoland.com\/it\/","logo":{"@type":"ImageObject","inLanguage":"it-IT","@id":"https:\/\/naturalpoland.com\/it\/#\/schema\/logo\/image\/","url":"https:\/\/naturalpoland.com\/wp-content\/uploads\/2021\/05\/natural-poland-icon.png","contentUrl":"https:\/\/naturalpoland.com\/wp-content\/uploads\/2021\/05\/natural-poland-icon.png","width":512,"height":512,"caption":"Natural Poland"},"image":{"@id":"https:\/\/naturalpoland.com\/it\/#\/schema\/logo\/image\/"},"sameAs":["https:\/\/www.facebook.com\/naturalpoland.b2b","https:\/\/pl.linkedin.com\/company\/natural-poland","https:\/\/www.youtube.com\/channel\/UCgeGGkvOMahZo-xu_MSEWxg"]}]}},"_links":{"self":[{"href":"https:\/\/naturalpoland.com\/it\/wp-json\/wp\/v2\/product\/44002","targetHints":{"allow":["GET"]}}],"collection":[{"href":"https:\/\/naturalpoland.com\/it\/wp-json\/wp\/v2\/product"}],"about":[{"href":"https:\/\/naturalpoland.com\/it\/wp-json\/wp\/v2\/types\/product"}],"wp:featuredmedia":[{"embeddable":true,"href":"https:\/\/naturalpoland.com\/it\/wp-json\/wp\/v2\/media\/44004"}],"wp:attachment":[{"href":"https:\/\/naturalpoland.com\/it\/wp-json\/wp\/v2\/media?parent=44002"}],"wp:term":[{"taxonomy":"product_brand","embeddable":true,"href":"https:\/\/naturalpoland.com\/it\/wp-json\/wp\/v2\/product_brand?post=44002"},{"taxonomy":"product_cat","embeddable":true,"href":"https:\/\/naturalpoland.com\/it\/wp-json\/wp\/v2\/product_cat?post=44002"},{"taxonomy":"product_tag","embeddable":true,"href":"https:\/\/naturalpoland.com\/it\/wp-json\/wp\/v2\/product_tag?post=44002"}],"curies":[{"name":"wp","href":"https:\/\/api.w.org\/{rel}","templated":true}]}}