{"id":45044,"date":"2026-01-15T13:07:17","date_gmt":"2026-01-15T12:07:17","guid":{"rendered":"https:\/\/naturalpoland.com\/produkty\/senza-categoria\/estratto-di-semi-di-amaranto\/"},"modified":"2026-01-15T13:22:28","modified_gmt":"2026-01-15T12:22:28","slug":"estratto-di-semi-di-amaranto","status":"publish","type":"product","link":"https:\/\/naturalpoland.com\/it\/produkty\/estratti-vegetali\/estratto-di-semi-di-amaranto\/","title":{"rendered":"Estratto di semi di amaranto"},"content":{"rendered":"<h2>Caratteristiche dell&#8217;estratto<\/h2>\n<p>L&#8217;estrazione supercritica (SFE) \u00e8 un processo per ottenere una frazione lipidica mirato a preservare i componenti sensibili alla temperatura e all&#8217;ossidazione, riducendo al contempo i residui di solvente. La materia prima ha un caratteristico odore oleoso, \u00e8 insolubile in acqua e destinata all&#8217;uso in formulazioni dove contano il comfort sensoriale, il supporto della barriera epidermica e la protezione antiossidante. <\/p>\n<p>La caratteristica pi\u00f9 importante di quest&#8217;olio \u00e8 <strong>il contenuto di squalene<\/strong> (CAS 111-02-4) al livello del 6,03% (specifica: &gt;6%). Lo squalene \u00e8 un componente lipidico naturale, fisiologicamente compatibile, presente, tra l&#8217;altro, nel sebo, apprezzato in cosmetica per il suo effetto su morbidezza, elasticit\u00e0 e sensazione di idratazione della pelle. Nel caso dell&#8217;olio di amaranto, lo squalene coesiste con la frazione di acidi grassi e i tocoferoli.   <\/p>\n<h2>Propriet\u00e0 e azione dell&#8217;estratto di semi di amaranto<\/h2>\n<p>Il profilo lipidico dell&#8217;estratto indica un alto contenuto di acidi grassi insaturi, in particolare <strong>acido linoleico (48,73%)<\/strong> e <strong>acido oleico (25,36%)<\/strong>, con la partecipazione simultanea di frazioni sature, come <strong>acido palmitico (19,62%)<\/strong> e <strong>stearico (3,45%)<\/strong>. Tale composizione favorisce la creazione di una fase oleosa piacevole e &#8220;nutriente&#8221;: l&#8217;acido linoleico \u00e8 tipicamente associato alla cura della pelle che necessita di rafforzamento dello strato lipidico e miglioramento del comfort, mentre la frazione oleica apporta elasticit\u00e0 e buone propriet\u00e0 applicative. <\/p>\n<p>Allo stesso tempo, la materia prima si distingue per l&#8217;<strong>alto contenuto di tocoferoli<\/strong>: \u03b1-tocoferolo 759 ppm e \u03b3-tocoferolo 413 ppm (con requisiti rispettivamente di &gt;500 ppm e &gt;100 ppm). I tocoferoli svolgono un doppio ruolo nelle formulazioni: da un lato sono antiossidanti naturali che supportano la protezione dei lipidi dall&#8217;ossidazione, dall&#8217;altro, sono un ingrediente curativo che si inserisce bene nel concetto di prodotti &#8220;antioxidant care&#8221;. <\/p>\n<p>Nella pratica tecnologica, l&#8217;olio di amaranto \u00e8 spesso scelto per formulazioni che mirano a <strong>migliorare la morbidezza e l&#8217;elasticit\u00e0 della pelle<\/strong>, rafforzare la sensazione di &#8220;idratazione lipidica&#8221; e aumentare il comfort della pelle secca o temporaneamente irritata.<\/p>\n<h2>Applicazione dell&#8217;estratto di amaranto<\/h2>\n<p>Grazie alla sua forma oleosa e all&#8217;insolubilit\u00e0 in acqua, l&#8217;estratto di amaranto \u00e8 ideale come componente della fase oleosa in un&#8217;ampia gamma di prodotti. \u00c8 un additivo naturale per creme ed emulsioni O\/W e W\/O, balsami corpo, oli per la cura della pelle e sieri oleosi, nonch\u00e9 per formulazioni protettive, dove contano il miglioramento del comfort cutaneo e la riduzione della sensazione di secchezza. Si adatta bene ai cosmetici &#8220;premium lipid care&#8221;, poich\u00e9 combina in un&#8217;unica frazione squalene, acidi grassi insaturi e tocoferoli.  <\/p>\n<p>Nelle formulazioni per il viso pu\u00f2 essere un elemento della fase oleosa che crea una sensazione di morbidezza e levigatezza, mentre nei prodotti per il corpo \u2013 supporta l&#8217;effetto nutriente e il miglioramento dell&#8217;elasticit\u00e0 della pelle. Grazie al profilo degli acidi grassi, la materia prima pu\u00f2 essere interessante anche nella cura della pelle il cui obiettivo \u00e8 rafforzare lo strato lipidico dell&#8217;epidermide (ad esempio, per pelle secca o che necessita di rigenerazione). <\/p>\n<p>&nbsp;<\/p>\n<p>Il prodotto non ha un vettore ed \u00e8 stabilizzato con l&#8217;aggiunta dello 0,5% di antiossidante naturale di rosmarino (E392). Questo \u00e8 particolarmente importante per chi progetta formulazioni basate su &#8220;clean label&#8221; e sistemi antiossidanti naturali. <\/p>\n","protected":false},"excerpt":{"rendered":"<p><strong>L&#8217;estratto di semi di amaranto<\/strong> (Amaranthus caudatus) \u00e8 un olio vegetale giallo dorato ottenuto da semi secchi mediante estrazione supercritica (SFE).<\/p>\n","protected":false},"featured_media":45045,"template":"","meta":{"_acf_changed":false},"product_brand":[],"product_cat":[1533],"product_tag":[],"class_list":{"0":"post-45044","1":"product","2":"type-product","3":"status-publish","4":"has-post-thumbnail","6":"product_cat-estratti-vegetali","7":"pa_czesc-rosliny-semi","9":"first","10":"instock","11":"shipping-taxable","12":"product-type-simple"},"acf":[],"yoast_head":"<!-- This site is optimized with the Yoast SEO plugin v27.4 - https:\/\/yoast.com\/product\/yoast-seo-wordpress\/ -->\n<title>Estratto di semi di amaranto - Distributore all&#039;ingrosso<\/title>\n<meta name=\"description\" content=\"Olio di amaranto ricco di squalene e tocoferoli. Olio giallo dorato per formulazioni cosmetiche che supportano l&#039;elasticit\u00e0 e il comfort della pelle.\" \/>\n<meta name=\"robots\" content=\"index, follow, max-snippet:-1, max-image-preview:large, max-video-preview:-1\" \/>\n<link rel=\"canonical\" href=\"https:\/\/naturalpoland.com\/it\/produkty\/estratti-vegetali\/estratto-di-semi-di-amaranto\/\" \/>\n<meta property=\"og:locale\" content=\"it_IT\" \/>\n<meta property=\"og:type\" content=\"article\" \/>\n<meta property=\"og:title\" content=\"Estratto di semi di amaranto - Distributore all&#039;ingrosso\" \/>\n<meta property=\"og:description\" content=\"Olio di amaranto ricco di squalene e tocoferoli. Olio giallo dorato per formulazioni cosmetiche che supportano l&#039;elasticit\u00e0 e il comfort della pelle.\" \/>\n<meta property=\"og:url\" content=\"https:\/\/naturalpoland.com\/it\/produkty\/estratti-vegetali\/estratto-di-semi-di-amaranto\/\" \/>\n<meta property=\"og:site_name\" content=\"NATURAL POLAND - Distributore all&#039;ingrosso di materie prime\" \/>\n<meta property=\"article:publisher\" content=\"https:\/\/www.facebook.com\/naturalpoland.b2b\" \/>\n<meta property=\"article:modified_time\" content=\"2026-01-15T12:22:28+00:00\" \/>\n<meta property=\"og:image\" content=\"https:\/\/naturalpoland.com\/wp-content\/uploads\/ekstrakt-z-nasion-amarantu.webp\" \/>\n\t<meta property=\"og:image:width\" content=\"1024\" \/>\n\t<meta property=\"og:image:height\" content=\"1024\" \/>\n\t<meta property=\"og:image:type\" content=\"image\/webp\" \/>\n<script type=\"application\/ld+json\" class=\"yoast-schema-graph\">{\"@context\":\"https:\\\/\\\/schema.org\",\"@graph\":[{\"@type\":\"WebPage\",\"@id\":\"https:\\\/\\\/naturalpoland.com\\\/it\\\/produkty\\\/estratti-vegetali\\\/estratto-di-semi-di-amaranto\\\/\",\"url\":\"https:\\\/\\\/naturalpoland.com\\\/it\\\/produkty\\\/estratti-vegetali\\\/estratto-di-semi-di-amaranto\\\/\",\"name\":\"Estratto di semi di amaranto - Distributore all'ingrosso\",\"isPartOf\":{\"@id\":\"https:\\\/\\\/naturalpoland.com\\\/it\\\/#website\"},\"primaryImageOfPage\":{\"@id\":\"https:\\\/\\\/naturalpoland.com\\\/it\\\/produkty\\\/estratti-vegetali\\\/estratto-di-semi-di-amaranto\\\/#primaryimage\"},\"image\":{\"@id\":\"https:\\\/\\\/naturalpoland.com\\\/it\\\/produkty\\\/estratti-vegetali\\\/estratto-di-semi-di-amaranto\\\/#primaryimage\"},\"thumbnailUrl\":\"https:\\\/\\\/naturalpoland.com\\\/wp-content\\\/uploads\\\/ekstrakt-z-nasion-amarantu.webp\",\"datePublished\":\"2026-01-15T12:07:17+00:00\",\"dateModified\":\"2026-01-15T12:22:28+00:00\",\"description\":\"Olio di amaranto ricco di squalene e tocoferoli. Olio giallo dorato per formulazioni cosmetiche che supportano l'elasticit\u00e0 e il comfort della pelle.\",\"breadcrumb\":{\"@id\":\"https:\\\/\\\/naturalpoland.com\\\/it\\\/produkty\\\/estratti-vegetali\\\/estratto-di-semi-di-amaranto\\\/#breadcrumb\"},\"inLanguage\":\"it-IT\",\"potentialAction\":[{\"@type\":\"ReadAction\",\"target\":[\"https:\\\/\\\/naturalpoland.com\\\/it\\\/produkty\\\/estratti-vegetali\\\/estratto-di-semi-di-amaranto\\\/\"]}]},{\"@type\":\"ImageObject\",\"inLanguage\":\"it-IT\",\"@id\":\"https:\\\/\\\/naturalpoland.com\\\/it\\\/produkty\\\/estratti-vegetali\\\/estratto-di-semi-di-amaranto\\\/#primaryimage\",\"url\":\"https:\\\/\\\/naturalpoland.com\\\/wp-content\\\/uploads\\\/ekstrakt-z-nasion-amarantu.webp\",\"contentUrl\":\"https:\\\/\\\/naturalpoland.com\\\/wp-content\\\/uploads\\\/ekstrakt-z-nasion-amarantu.webp\",\"width\":1024,\"height\":1024,\"caption\":\"estratto di semi di amaranto\"},{\"@type\":\"BreadcrumbList\",\"@id\":\"https:\\\/\\\/naturalpoland.com\\\/it\\\/produkty\\\/estratti-vegetali\\\/estratto-di-semi-di-amaranto\\\/#breadcrumb\",\"itemListElement\":[{\"@type\":\"ListItem\",\"position\":1,\"name\":\"Home\",\"item\":\"https:\\\/\\\/naturalpoland.com\\\/it\\\/\"},{\"@type\":\"ListItem\",\"position\":2,\"name\":\"Prodotti\",\"item\":\"https:\\\/\\\/naturalpoland.com\\\/it\\\/prodotti\\\/\"},{\"@type\":\"ListItem\",\"position\":3,\"name\":\"Estratto di semi di amaranto\"}]},{\"@type\":\"WebSite\",\"@id\":\"https:\\\/\\\/naturalpoland.com\\\/it\\\/#website\",\"url\":\"https:\\\/\\\/naturalpoland.com\\\/it\\\/\",\"name\":\"NATURAL POLAND - Distributore all'ingrosso di materie prime\",\"description\":\"Surowce dla przemys\u0142u spo\u017cywczego, kosmetycznego i farmaceutycznego\",\"publisher\":{\"@id\":\"https:\\\/\\\/naturalpoland.com\\\/it\\\/#organization\"},\"potentialAction\":[{\"@type\":\"SearchAction\",\"target\":{\"@type\":\"EntryPoint\",\"urlTemplate\":\"https:\\\/\\\/naturalpoland.com\\\/it\\\/?s={search_term_string}\"},\"query-input\":{\"@type\":\"PropertyValueSpecification\",\"valueRequired\":true,\"valueName\":\"search_term_string\"}}],\"inLanguage\":\"it-IT\"},{\"@type\":\"Organization\",\"@id\":\"https:\\\/\\\/naturalpoland.com\\\/it\\\/#organization\",\"name\":\"Natural Poland\",\"url\":\"https:\\\/\\\/naturalpoland.com\\\/it\\\/\",\"logo\":{\"@type\":\"ImageObject\",\"inLanguage\":\"it-IT\",\"@id\":\"https:\\\/\\\/naturalpoland.com\\\/it\\\/#\\\/schema\\\/logo\\\/image\\\/\",\"url\":\"https:\\\/\\\/naturalpoland.com\\\/wp-content\\\/uploads\\\/2021\\\/05\\\/natural-poland-icon.png\",\"contentUrl\":\"https:\\\/\\\/naturalpoland.com\\\/wp-content\\\/uploads\\\/2021\\\/05\\\/natural-poland-icon.png\",\"width\":512,\"height\":512,\"caption\":\"Natural Poland\"},\"image\":{\"@id\":\"https:\\\/\\\/naturalpoland.com\\\/it\\\/#\\\/schema\\\/logo\\\/image\\\/\"},\"sameAs\":[\"https:\\\/\\\/www.facebook.com\\\/naturalpoland.b2b\",\"https:\\\/\\\/pl.linkedin.com\\\/company\\\/natural-poland\",\"https:\\\/\\\/www.youtube.com\\\/channel\\\/UCgeGGkvOMahZo-xu_MSEWxg\"]}]}<\/script>\n<!-- \/ Yoast SEO plugin. -->","yoast_head_json":{"title":"Estratto di semi di amaranto - Distributore all'ingrosso","description":"Olio di amaranto ricco di squalene e tocoferoli. Olio giallo dorato per formulazioni cosmetiche che supportano l'elasticit\u00e0 e il comfort della pelle.","robots":{"index":"index","follow":"follow","max-snippet":"max-snippet:-1","max-image-preview":"max-image-preview:large","max-video-preview":"max-video-preview:-1"},"canonical":"https:\/\/naturalpoland.com\/it\/produkty\/estratti-vegetali\/estratto-di-semi-di-amaranto\/","og_locale":"it_IT","og_type":"article","og_title":"Estratto di semi di amaranto - Distributore all'ingrosso","og_description":"Olio di amaranto ricco di squalene e tocoferoli. Olio giallo dorato per formulazioni cosmetiche che supportano l'elasticit\u00e0 e il comfort della pelle.","og_url":"https:\/\/naturalpoland.com\/it\/produkty\/estratti-vegetali\/estratto-di-semi-di-amaranto\/","og_site_name":"NATURAL POLAND - Distributore all'ingrosso di materie prime","article_publisher":"https:\/\/www.facebook.com\/naturalpoland.b2b","article_modified_time":"2026-01-15T12:22:28+00:00","og_image":[{"width":1024,"height":1024,"url":"https:\/\/naturalpoland.com\/wp-content\/uploads\/ekstrakt-z-nasion-amarantu.webp","type":"image\/webp"}],"schema":{"@context":"https:\/\/schema.org","@graph":[{"@type":"WebPage","@id":"https:\/\/naturalpoland.com\/it\/produkty\/estratti-vegetali\/estratto-di-semi-di-amaranto\/","url":"https:\/\/naturalpoland.com\/it\/produkty\/estratti-vegetali\/estratto-di-semi-di-amaranto\/","name":"Estratto di semi di amaranto - Distributore all'ingrosso","isPartOf":{"@id":"https:\/\/naturalpoland.com\/it\/#website"},"primaryImageOfPage":{"@id":"https:\/\/naturalpoland.com\/it\/produkty\/estratti-vegetali\/estratto-di-semi-di-amaranto\/#primaryimage"},"image":{"@id":"https:\/\/naturalpoland.com\/it\/produkty\/estratti-vegetali\/estratto-di-semi-di-amaranto\/#primaryimage"},"thumbnailUrl":"https:\/\/naturalpoland.com\/wp-content\/uploads\/ekstrakt-z-nasion-amarantu.webp","datePublished":"2026-01-15T12:07:17+00:00","dateModified":"2026-01-15T12:22:28+00:00","description":"Olio di amaranto ricco di squalene e tocoferoli. Olio giallo dorato per formulazioni cosmetiche che supportano l'elasticit\u00e0 e il comfort della pelle.","breadcrumb":{"@id":"https:\/\/naturalpoland.com\/it\/produkty\/estratti-vegetali\/estratto-di-semi-di-amaranto\/#breadcrumb"},"inLanguage":"it-IT","potentialAction":[{"@type":"ReadAction","target":["https:\/\/naturalpoland.com\/it\/produkty\/estratti-vegetali\/estratto-di-semi-di-amaranto\/"]}]},{"@type":"ImageObject","inLanguage":"it-IT","@id":"https:\/\/naturalpoland.com\/it\/produkty\/estratti-vegetali\/estratto-di-semi-di-amaranto\/#primaryimage","url":"https:\/\/naturalpoland.com\/wp-content\/uploads\/ekstrakt-z-nasion-amarantu.webp","contentUrl":"https:\/\/naturalpoland.com\/wp-content\/uploads\/ekstrakt-z-nasion-amarantu.webp","width":1024,"height":1024,"caption":"estratto di semi di amaranto"},{"@type":"BreadcrumbList","@id":"https:\/\/naturalpoland.com\/it\/produkty\/estratti-vegetali\/estratto-di-semi-di-amaranto\/#breadcrumb","itemListElement":[{"@type":"ListItem","position":1,"name":"Home","item":"https:\/\/naturalpoland.com\/it\/"},{"@type":"ListItem","position":2,"name":"Prodotti","item":"https:\/\/naturalpoland.com\/it\/prodotti\/"},{"@type":"ListItem","position":3,"name":"Estratto di semi di amaranto"}]},{"@type":"WebSite","@id":"https:\/\/naturalpoland.com\/it\/#website","url":"https:\/\/naturalpoland.com\/it\/","name":"NATURAL POLAND - Distributore all'ingrosso di materie prime","description":"Surowce dla przemys\u0142u spo\u017cywczego, kosmetycznego i farmaceutycznego","publisher":{"@id":"https:\/\/naturalpoland.com\/it\/#organization"},"potentialAction":[{"@type":"SearchAction","target":{"@type":"EntryPoint","urlTemplate":"https:\/\/naturalpoland.com\/it\/?s={search_term_string}"},"query-input":{"@type":"PropertyValueSpecification","valueRequired":true,"valueName":"search_term_string"}}],"inLanguage":"it-IT"},{"@type":"Organization","@id":"https:\/\/naturalpoland.com\/it\/#organization","name":"Natural Poland","url":"https:\/\/naturalpoland.com\/it\/","logo":{"@type":"ImageObject","inLanguage":"it-IT","@id":"https:\/\/naturalpoland.com\/it\/#\/schema\/logo\/image\/","url":"https:\/\/naturalpoland.com\/wp-content\/uploads\/2021\/05\/natural-poland-icon.png","contentUrl":"https:\/\/naturalpoland.com\/wp-content\/uploads\/2021\/05\/natural-poland-icon.png","width":512,"height":512,"caption":"Natural Poland"},"image":{"@id":"https:\/\/naturalpoland.com\/it\/#\/schema\/logo\/image\/"},"sameAs":["https:\/\/www.facebook.com\/naturalpoland.b2b","https:\/\/pl.linkedin.com\/company\/natural-poland","https:\/\/www.youtube.com\/channel\/UCgeGGkvOMahZo-xu_MSEWxg"]}]}},"_links":{"self":[{"href":"https:\/\/naturalpoland.com\/it\/wp-json\/wp\/v2\/product\/45044","targetHints":{"allow":["GET"]}}],"collection":[{"href":"https:\/\/naturalpoland.com\/it\/wp-json\/wp\/v2\/product"}],"about":[{"href":"https:\/\/naturalpoland.com\/it\/wp-json\/wp\/v2\/types\/product"}],"wp:featuredmedia":[{"embeddable":true,"href":"https:\/\/naturalpoland.com\/it\/wp-json\/wp\/v2\/media\/45045"}],"wp:attachment":[{"href":"https:\/\/naturalpoland.com\/it\/wp-json\/wp\/v2\/media?parent=45044"}],"wp:term":[{"taxonomy":"product_brand","embeddable":true,"href":"https:\/\/naturalpoland.com\/it\/wp-json\/wp\/v2\/product_brand?post=45044"},{"taxonomy":"product_cat","embeddable":true,"href":"https:\/\/naturalpoland.com\/it\/wp-json\/wp\/v2\/product_cat?post=45044"},{"taxonomy":"product_tag","embeddable":true,"href":"https:\/\/naturalpoland.com\/it\/wp-json\/wp\/v2\/product_tag?post=45044"}],"curies":[{"name":"wp","href":"https:\/\/api.w.org\/{rel}","templated":true}]}}