{"id":45102,"date":"2026-01-19T12:05:02","date_gmt":"2026-01-19T11:05:02","guid":{"rendered":"https:\/\/naturalpoland.com\/produkty\/senza-categoria\/pepsina-fungina\/"},"modified":"2026-01-19T14:08:09","modified_gmt":"2026-01-19T13:08:09","slug":"pepsina-fungina","status":"publish","type":"product","link":"https:\/\/naturalpoland.com\/it\/produkty\/prodotti-per-industria-alimentare\/enzimi\/pepsina-fungina\/","title":{"rendered":"Pepsina"},"content":{"rendered":"<h2>Propriet\u00e0 della pepsina<\/h2>\n<p>La pepsina \u00e8 un enzima proteolitico ad alta attivit\u00e0, destinato ad applicazioni tecnologiche nell&#8217;industria alimentare. La sua funzione principale \u00e8 la <strong>decomposizione controllata delle proteine in peptidi pi\u00f9 corti e amminoacidi<\/strong>. <\/p>\n<p>La pepsina si presenta come una polvere fine e chiara, comoda da dosare e facile da introdurre in diversi sistemi tecnologici. \u00c8 adatta per applicazioni che richiedono materie prime di origine non animale. <\/p>\n<h2>Applicazione della pepsina fungina<\/h2>\n<p>La pepsina trova impiego nei processi dell&#8217;industria alimentare in cui \u00e8 essenziale l&#8217;idrolisi controllata delle proteine. Pu\u00f2 essere utilizzata come enzima di supporto nei processi tecnologici, <strong>influenzando la struttura, la funzionalit\u00e0 e la digeribilit\u00e0 delle proteine<\/strong> nei prodotti finali. <\/p>\n<p>Questa materia prima \u00e8 efficace in formulazioni dove l&#8217;uso di enzimi di origine microbiologica \u00e8 fondamentale, sia per ragioni tecnologiche che di mercato. \u00c8 utilizzata nella produzione alimentare destinata a mercati in cui sono importanti le questioni relative all&#8217;origine delle materie prime, alla trasparenza dei processi e all&#8217;eliminazione degli ingredienti di origine animale. <\/p>\n","protected":false},"excerpt":{"rendered":"<p><strong>La pepsina fungina<\/strong> \u00e8 un enzima proteolitico <span data-olk-copy-source=\"MessageBody\">di origine microbiologica<\/span> ottenuto tramite processo di fermentazione utilizzando il microrganismo <em>Aspergillus niger<\/em>. Costituisce un&#8217;alternativa moderna e microbiologica alla classica <strong><a href=\"https:\/\/naturalpoland.com\/it\/produkty\/prodotti-per-industria-alimentare\/enzimi\/lattiero-caseari\/pepsina\/\">pepsina<\/a><\/strong> di origine animale. <\/p>\n","protected":false},"featured_media":45103,"template":"","meta":{"_acf_changed":false},"product_brand":[],"product_cat":[2707],"product_tag":[],"class_list":{"0":"post-45102","1":"product","2":"type-product","3":"status-publish","4":"has-post-thumbnail","6":"product_cat-enzimi","7":"pa_metoda-pozyskiwania-fermentazione-microbiologica","9":"first","10":"instock","11":"shipping-taxable","12":"product-type-simple"},"acf":[],"yoast_head":"<!-- This site is optimized with the Yoast SEO plugin v27.4 - https:\/\/yoast.com\/product\/yoast-seo-wordpress\/ -->\n<title>Pepsina - Distributore all&#039;ingrosso<\/title>\n<meta name=\"description\" content=\"La pepsina \u00e8 un enzima proteolitico ottenuto da Aspergillus niger. Un&#039;alternativa microbiologica alla pepsina animale nell&#039;industria alimentare.\" \/>\n<meta name=\"robots\" content=\"index, follow, max-snippet:-1, max-image-preview:large, max-video-preview:-1\" \/>\n<link rel=\"canonical\" href=\"https:\/\/naturalpoland.com\/it\/produkty\/prodotti-per-industria-alimentare\/enzimi\/pepsina-fungina\/\" \/>\n<meta property=\"og:locale\" content=\"it_IT\" \/>\n<meta property=\"og:type\" content=\"article\" \/>\n<meta property=\"og:title\" content=\"Pepsina - Distributore all&#039;ingrosso\" \/>\n<meta property=\"og:description\" content=\"La pepsina \u00e8 un enzima proteolitico ottenuto da Aspergillus niger. Un&#039;alternativa microbiologica alla pepsina animale nell&#039;industria alimentare.\" \/>\n<meta property=\"og:url\" content=\"https:\/\/naturalpoland.com\/it\/produkty\/prodotti-per-industria-alimentare\/enzimi\/pepsina-fungina\/\" \/>\n<meta property=\"og:site_name\" content=\"NATURAL POLAND - Distributore all&#039;ingrosso di materie prime\" \/>\n<meta property=\"article:publisher\" content=\"https:\/\/www.facebook.com\/naturalpoland.b2b\" \/>\n<meta property=\"article:modified_time\" content=\"2026-01-19T13:08:09+00:00\" \/>\n<meta property=\"og:image\" content=\"https:\/\/naturalpoland.com\/wp-content\/uploads\/pepsyna-fungalna.webp\" \/>\n\t<meta property=\"og:image:width\" content=\"1024\" \/>\n\t<meta property=\"og:image:height\" content=\"1024\" \/>\n\t<meta property=\"og:image:type\" content=\"image\/webp\" \/>\n<script type=\"application\/ld+json\" class=\"yoast-schema-graph\">{\"@context\":\"https:\\\/\\\/schema.org\",\"@graph\":[{\"@type\":\"WebPage\",\"@id\":\"https:\\\/\\\/naturalpoland.com\\\/it\\\/produkty\\\/prodotti-per-industria-alimentare\\\/enzimi\\\/pepsina-fungina\\\/\",\"url\":\"https:\\\/\\\/naturalpoland.com\\\/it\\\/produkty\\\/prodotti-per-industria-alimentare\\\/enzimi\\\/pepsina-fungina\\\/\",\"name\":\"Pepsina - Distributore all'ingrosso\",\"isPartOf\":{\"@id\":\"https:\\\/\\\/naturalpoland.com\\\/it\\\/#website\"},\"primaryImageOfPage\":{\"@id\":\"https:\\\/\\\/naturalpoland.com\\\/it\\\/produkty\\\/prodotti-per-industria-alimentare\\\/enzimi\\\/pepsina-fungina\\\/#primaryimage\"},\"image\":{\"@id\":\"https:\\\/\\\/naturalpoland.com\\\/it\\\/produkty\\\/prodotti-per-industria-alimentare\\\/enzimi\\\/pepsina-fungina\\\/#primaryimage\"},\"thumbnailUrl\":\"https:\\\/\\\/naturalpoland.com\\\/wp-content\\\/uploads\\\/pepsyna-fungalna.webp\",\"datePublished\":\"2026-01-19T11:05:02+00:00\",\"dateModified\":\"2026-01-19T13:08:09+00:00\",\"description\":\"La pepsina \u00e8 un enzima proteolitico ottenuto da Aspergillus niger. Un'alternativa microbiologica alla pepsina animale nell'industria alimentare.\",\"breadcrumb\":{\"@id\":\"https:\\\/\\\/naturalpoland.com\\\/it\\\/produkty\\\/prodotti-per-industria-alimentare\\\/enzimi\\\/pepsina-fungina\\\/#breadcrumb\"},\"inLanguage\":\"it-IT\",\"potentialAction\":[{\"@type\":\"ReadAction\",\"target\":[\"https:\\\/\\\/naturalpoland.com\\\/it\\\/produkty\\\/prodotti-per-industria-alimentare\\\/enzimi\\\/pepsina-fungina\\\/\"]}]},{\"@type\":\"ImageObject\",\"inLanguage\":\"it-IT\",\"@id\":\"https:\\\/\\\/naturalpoland.com\\\/it\\\/produkty\\\/prodotti-per-industria-alimentare\\\/enzimi\\\/pepsina-fungina\\\/#primaryimage\",\"url\":\"https:\\\/\\\/naturalpoland.com\\\/wp-content\\\/uploads\\\/pepsyna-fungalna.webp\",\"contentUrl\":\"https:\\\/\\\/naturalpoland.com\\\/wp-content\\\/uploads\\\/pepsyna-fungalna.webp\",\"width\":1024,\"height\":1024,\"caption\":\"pepsina fungina\"},{\"@type\":\"BreadcrumbList\",\"@id\":\"https:\\\/\\\/naturalpoland.com\\\/it\\\/produkty\\\/prodotti-per-industria-alimentare\\\/enzimi\\\/pepsina-fungina\\\/#breadcrumb\",\"itemListElement\":[{\"@type\":\"ListItem\",\"position\":1,\"name\":\"Home\",\"item\":\"https:\\\/\\\/naturalpoland.com\\\/it\\\/\"},{\"@type\":\"ListItem\",\"position\":2,\"name\":\"Prodotti\",\"item\":\"https:\\\/\\\/naturalpoland.com\\\/it\\\/prodotti\\\/\"},{\"@type\":\"ListItem\",\"position\":3,\"name\":\"Pepsina\"}]},{\"@type\":\"WebSite\",\"@id\":\"https:\\\/\\\/naturalpoland.com\\\/it\\\/#website\",\"url\":\"https:\\\/\\\/naturalpoland.com\\\/it\\\/\",\"name\":\"NATURAL POLAND - Distributore all'ingrosso di materie prime\",\"description\":\"Surowce dla przemys\u0142u spo\u017cywczego, kosmetycznego i farmaceutycznego\",\"publisher\":{\"@id\":\"https:\\\/\\\/naturalpoland.com\\\/it\\\/#organization\"},\"potentialAction\":[{\"@type\":\"SearchAction\",\"target\":{\"@type\":\"EntryPoint\",\"urlTemplate\":\"https:\\\/\\\/naturalpoland.com\\\/it\\\/?s={search_term_string}\"},\"query-input\":{\"@type\":\"PropertyValueSpecification\",\"valueRequired\":true,\"valueName\":\"search_term_string\"}}],\"inLanguage\":\"it-IT\"},{\"@type\":\"Organization\",\"@id\":\"https:\\\/\\\/naturalpoland.com\\\/it\\\/#organization\",\"name\":\"Natural Poland\",\"url\":\"https:\\\/\\\/naturalpoland.com\\\/it\\\/\",\"logo\":{\"@type\":\"ImageObject\",\"inLanguage\":\"it-IT\",\"@id\":\"https:\\\/\\\/naturalpoland.com\\\/it\\\/#\\\/schema\\\/logo\\\/image\\\/\",\"url\":\"https:\\\/\\\/naturalpoland.com\\\/wp-content\\\/uploads\\\/2021\\\/05\\\/natural-poland-icon.png\",\"contentUrl\":\"https:\\\/\\\/naturalpoland.com\\\/wp-content\\\/uploads\\\/2021\\\/05\\\/natural-poland-icon.png\",\"width\":512,\"height\":512,\"caption\":\"Natural Poland\"},\"image\":{\"@id\":\"https:\\\/\\\/naturalpoland.com\\\/it\\\/#\\\/schema\\\/logo\\\/image\\\/\"},\"sameAs\":[\"https:\\\/\\\/www.facebook.com\\\/naturalpoland.b2b\",\"https:\\\/\\\/pl.linkedin.com\\\/company\\\/natural-poland\",\"https:\\\/\\\/www.youtube.com\\\/channel\\\/UCgeGGkvOMahZo-xu_MSEWxg\"]}]}<\/script>\n<!-- \/ Yoast SEO plugin. -->","yoast_head_json":{"title":"Pepsina - Distributore all'ingrosso","description":"La pepsina \u00e8 un enzima proteolitico ottenuto da Aspergillus niger. Un'alternativa microbiologica alla pepsina animale nell'industria alimentare.","robots":{"index":"index","follow":"follow","max-snippet":"max-snippet:-1","max-image-preview":"max-image-preview:large","max-video-preview":"max-video-preview:-1"},"canonical":"https:\/\/naturalpoland.com\/it\/produkty\/prodotti-per-industria-alimentare\/enzimi\/pepsina-fungina\/","og_locale":"it_IT","og_type":"article","og_title":"Pepsina - Distributore all'ingrosso","og_description":"La pepsina \u00e8 un enzima proteolitico ottenuto da Aspergillus niger. Un'alternativa microbiologica alla pepsina animale nell'industria alimentare.","og_url":"https:\/\/naturalpoland.com\/it\/produkty\/prodotti-per-industria-alimentare\/enzimi\/pepsina-fungina\/","og_site_name":"NATURAL POLAND - Distributore all'ingrosso di materie prime","article_publisher":"https:\/\/www.facebook.com\/naturalpoland.b2b","article_modified_time":"2026-01-19T13:08:09+00:00","og_image":[{"width":1024,"height":1024,"url":"https:\/\/naturalpoland.com\/wp-content\/uploads\/pepsyna-fungalna.webp","type":"image\/webp"}],"schema":{"@context":"https:\/\/schema.org","@graph":[{"@type":"WebPage","@id":"https:\/\/naturalpoland.com\/it\/produkty\/prodotti-per-industria-alimentare\/enzimi\/pepsina-fungina\/","url":"https:\/\/naturalpoland.com\/it\/produkty\/prodotti-per-industria-alimentare\/enzimi\/pepsina-fungina\/","name":"Pepsina - Distributore all'ingrosso","isPartOf":{"@id":"https:\/\/naturalpoland.com\/it\/#website"},"primaryImageOfPage":{"@id":"https:\/\/naturalpoland.com\/it\/produkty\/prodotti-per-industria-alimentare\/enzimi\/pepsina-fungina\/#primaryimage"},"image":{"@id":"https:\/\/naturalpoland.com\/it\/produkty\/prodotti-per-industria-alimentare\/enzimi\/pepsina-fungina\/#primaryimage"},"thumbnailUrl":"https:\/\/naturalpoland.com\/wp-content\/uploads\/pepsyna-fungalna.webp","datePublished":"2026-01-19T11:05:02+00:00","dateModified":"2026-01-19T13:08:09+00:00","description":"La pepsina \u00e8 un enzima proteolitico ottenuto da Aspergillus niger. Un'alternativa microbiologica alla pepsina animale nell'industria alimentare.","breadcrumb":{"@id":"https:\/\/naturalpoland.com\/it\/produkty\/prodotti-per-industria-alimentare\/enzimi\/pepsina-fungina\/#breadcrumb"},"inLanguage":"it-IT","potentialAction":[{"@type":"ReadAction","target":["https:\/\/naturalpoland.com\/it\/produkty\/prodotti-per-industria-alimentare\/enzimi\/pepsina-fungina\/"]}]},{"@type":"ImageObject","inLanguage":"it-IT","@id":"https:\/\/naturalpoland.com\/it\/produkty\/prodotti-per-industria-alimentare\/enzimi\/pepsina-fungina\/#primaryimage","url":"https:\/\/naturalpoland.com\/wp-content\/uploads\/pepsyna-fungalna.webp","contentUrl":"https:\/\/naturalpoland.com\/wp-content\/uploads\/pepsyna-fungalna.webp","width":1024,"height":1024,"caption":"pepsina fungina"},{"@type":"BreadcrumbList","@id":"https:\/\/naturalpoland.com\/it\/produkty\/prodotti-per-industria-alimentare\/enzimi\/pepsina-fungina\/#breadcrumb","itemListElement":[{"@type":"ListItem","position":1,"name":"Home","item":"https:\/\/naturalpoland.com\/it\/"},{"@type":"ListItem","position":2,"name":"Prodotti","item":"https:\/\/naturalpoland.com\/it\/prodotti\/"},{"@type":"ListItem","position":3,"name":"Pepsina"}]},{"@type":"WebSite","@id":"https:\/\/naturalpoland.com\/it\/#website","url":"https:\/\/naturalpoland.com\/it\/","name":"NATURAL POLAND - Distributore all'ingrosso di materie prime","description":"Surowce dla przemys\u0142u spo\u017cywczego, kosmetycznego i farmaceutycznego","publisher":{"@id":"https:\/\/naturalpoland.com\/it\/#organization"},"potentialAction":[{"@type":"SearchAction","target":{"@type":"EntryPoint","urlTemplate":"https:\/\/naturalpoland.com\/it\/?s={search_term_string}"},"query-input":{"@type":"PropertyValueSpecification","valueRequired":true,"valueName":"search_term_string"}}],"inLanguage":"it-IT"},{"@type":"Organization","@id":"https:\/\/naturalpoland.com\/it\/#organization","name":"Natural Poland","url":"https:\/\/naturalpoland.com\/it\/","logo":{"@type":"ImageObject","inLanguage":"it-IT","@id":"https:\/\/naturalpoland.com\/it\/#\/schema\/logo\/image\/","url":"https:\/\/naturalpoland.com\/wp-content\/uploads\/2021\/05\/natural-poland-icon.png","contentUrl":"https:\/\/naturalpoland.com\/wp-content\/uploads\/2021\/05\/natural-poland-icon.png","width":512,"height":512,"caption":"Natural Poland"},"image":{"@id":"https:\/\/naturalpoland.com\/it\/#\/schema\/logo\/image\/"},"sameAs":["https:\/\/www.facebook.com\/naturalpoland.b2b","https:\/\/pl.linkedin.com\/company\/natural-poland","https:\/\/www.youtube.com\/channel\/UCgeGGkvOMahZo-xu_MSEWxg"]}]}},"_links":{"self":[{"href":"https:\/\/naturalpoland.com\/it\/wp-json\/wp\/v2\/product\/45102","targetHints":{"allow":["GET"]}}],"collection":[{"href":"https:\/\/naturalpoland.com\/it\/wp-json\/wp\/v2\/product"}],"about":[{"href":"https:\/\/naturalpoland.com\/it\/wp-json\/wp\/v2\/types\/product"}],"wp:featuredmedia":[{"embeddable":true,"href":"https:\/\/naturalpoland.com\/it\/wp-json\/wp\/v2\/media\/45103"}],"wp:attachment":[{"href":"https:\/\/naturalpoland.com\/it\/wp-json\/wp\/v2\/media?parent=45102"}],"wp:term":[{"taxonomy":"product_brand","embeddable":true,"href":"https:\/\/naturalpoland.com\/it\/wp-json\/wp\/v2\/product_brand?post=45102"},{"taxonomy":"product_cat","embeddable":true,"href":"https:\/\/naturalpoland.com\/it\/wp-json\/wp\/v2\/product_cat?post=45102"},{"taxonomy":"product_tag","embeddable":true,"href":"https:\/\/naturalpoland.com\/it\/wp-json\/wp\/v2\/product_tag?post=45102"}],"curies":[{"name":"wp","href":"https:\/\/api.w.org\/{rel}","templated":true}]}}