{"id":46001,"date":"2026-02-17T15:17:18","date_gmt":"2026-02-17T14:17:18","guid":{"rendered":"https:\/\/naturalpoland.com\/produkty\/senza-categoria\/colostrum-bovinum-colostro-bovino\/"},"modified":"2026-02-19T12:29:42","modified_gmt":"2026-02-19T11:29:42","slug":"colostrum-bovinum-colostro-bovino","status":"publish","type":"product","link":"https:\/\/naturalpoland.com\/it\/produkty\/prodotti-per-industria-farmaceutica-e-medica\/additivi-per-integratori\/colostrum-bovinum-colostro-bovino\/","title":{"rendered":"Colostrum Bovinum (colostro bovino)"},"content":{"rendered":"<p>Il colostro bovino \u00e8 ottenuto esclusivamente da allevamenti polacchi sotto costante supervisione veterinaria. La materia prima proviene dalle prime ore dopo il parto, in conformit\u00e0 con le normative UE vigenti e i principi del benessere animale. Ogni lotto \u00e8 sottoposto a un controllo qualit\u00e0 dettagliato e a test microbiologici.  <\/p>\n<h2>Propriet\u00e0 del Colostro:<\/h2>\n<p>Il Colostrum Bovinum \u00e8 una materia prima naturale, biologicamente attiva, con un&#8217;alta concentrazione di immunoglobuline, incluse le IgG standardizzate a oltre il 30%. \u00c8 caratterizzato da un alto contenuto proteico e un basso contenuto di grassi. \u00c8 un ingrediente con un alto valore funzionale grazie alla presenza di proteine bioattive, peptidi, <a href=\"https:\/\/naturalpoland.com\/it\/produkty\/prodotti-per-industria-farmaceutica-e-medica\/additivi-per-integratori\/lattoferrina\/\">lattoferrina<\/a> e fattori di crescita naturali.  <\/p>\n<p>La materia prima \u00e8 solubile in acqua, mostra una buona stabilit\u00e0 in condizioni di conservazione standard e soddisfa i requisiti di qualit\u00e0 per le materie prime di grado alimentare (Food Grade). Non contiene OGM. Pu\u00f2 essere utilizzato in diete vegetariane, ma a causa della sua origine lattiero-casearia non \u00e8 adatto ai vegani.  <\/p>\n<p>La produzione avviene in uno stabilimento con certificazione BRCGS Global Standard for Food Safety (livello AA), IFS Broker (Higher Level) e un sistema HACCP implementato. Lo stabilimento possiede anche la certificazione ISO 14001:2015 e la certificazione Halal. <\/p>\n<h2>Applicazione del Colostro:<\/h2>\n<p>Il Colostrum Bovinum \u00e8 utilizzato negli integratori alimentari e negli alimenti funzionali. Questa materia prima supporta i <strong>naturali meccanismi di difesa dell&#8217;organismo<\/strong> e il <strong>corretto funzionamento del tratto gastrointestinale<\/strong>. Grazie all&#8217;alto contenuto di frazioni proteiche bioattive, \u00e8 ampiamente utilizzato nei prodotti destinati alle persone fisicamente attive e nelle formule rigenerative.  <\/p>\n<p>Nell&#8217;industria cosmetica, il Colostro \u00e8 utilizzato in preparati che supportano la rigenerazione della pelle, migliorano la sua elasticit\u00e0 e ricostruiscono la barriera idrolipidica. \u00c8 efficace nei dermocosmetici destinati alla cura della pelle sensibile, secca e matura, nonch\u00e9 nelle formule con azione lenitiva e di supporto ai processi di rinnovamento. <\/p>\n","protected":false},"excerpt":{"rendered":"<p><strong>Colostrum Bovinum<\/strong> \u00e8 un <strong>colostro bovino in polvere<\/strong> di alta qualit\u00e0, destinato all&#8217;uso nell&#8217;industria degli integratori, alimentare, cosmetica e nell&#8217;alimentazione animale. Il prodotto \u00e8 standardizzato per un contenuto di immunoglobuline IgG superiore al 30%, con un alto contenuto proteico (circa 60%) e un basso contenuto di grassi. <\/p>\n","protected":false},"featured_media":46002,"template":"","meta":[],"product_brand":[],"product_cat":[1530],"product_tag":[],"class_list":{"0":"post-46001","1":"product","2":"type-product","3":"status-publish","4":"has-post-thumbnail","6":"product_cat-additivi-per-integratori","8":"first","9":"instock","10":"shipping-taxable","11":"product-type-simple"},"yoast_head":"<!-- This site is optimized with the Yoast SEO plugin v27.3 - https:\/\/yoast.com\/product\/yoast-seo-wordpress\/ -->\n<title>Colostrum Bovinum (colostro bovino) - Distributore all&#039;ingrosso<\/title>\n<meta name=\"description\" content=\"Colostrum Bovinum \u2013 colostro bovino in polvere di alta qualit\u00e0 standardizzato per IgG &gt;30%. Materia prima Food Grade per integratori, alimenti e cosmetici\" \/>\n<meta name=\"robots\" content=\"index, follow, max-snippet:-1, max-image-preview:large, max-video-preview:-1\" \/>\n<link rel=\"canonical\" href=\"https:\/\/naturalpoland.com\/it\/produkty\/prodotti-per-industria-farmaceutica-e-medica\/additivi-per-integratori\/colostrum-bovinum-colostro-bovino\/\" \/>\n<meta property=\"og:locale\" content=\"it_IT\" \/>\n<meta property=\"og:type\" content=\"article\" \/>\n<meta property=\"og:title\" content=\"Colostrum Bovinum (colostro bovino) - Distributore all&#039;ingrosso\" \/>\n<meta property=\"og:description\" content=\"Colostrum Bovinum \u2013 colostro bovino in polvere di alta qualit\u00e0 standardizzato per IgG &gt;30%. Materia prima Food Grade per integratori, alimenti e cosmetici\" \/>\n<meta property=\"og:url\" content=\"https:\/\/naturalpoland.com\/it\/produkty\/prodotti-per-industria-farmaceutica-e-medica\/additivi-per-integratori\/colostrum-bovinum-colostro-bovino\/\" \/>\n<meta property=\"og:site_name\" content=\"NATURAL POLAND - Distributore all&#039;ingrosso di materie prime\" \/>\n<meta property=\"article:publisher\" content=\"https:\/\/www.facebook.com\/naturalpoland.b2b\" \/>\n<meta property=\"article:modified_time\" content=\"2026-02-19T11:29:42+00:00\" \/>\n<meta property=\"og:image\" content=\"https:\/\/naturalpoland.com\/wp-content\/uploads\/kolostrum-2.webp\" \/>\n\t<meta property=\"og:image:width\" content=\"1024\" \/>\n\t<meta property=\"og:image:height\" content=\"1024\" \/>\n\t<meta property=\"og:image:type\" content=\"image\/webp\" \/>\n<script type=\"application\/ld+json\" class=\"yoast-schema-graph\">{\"@context\":\"https:\\\/\\\/schema.org\",\"@graph\":[{\"@type\":\"WebPage\",\"@id\":\"https:\\\/\\\/naturalpoland.com\\\/it\\\/produkty\\\/prodotti-per-industria-farmaceutica-e-medica\\\/additivi-per-integratori\\\/colostrum-bovinum-colostro-bovino\\\/\",\"url\":\"https:\\\/\\\/naturalpoland.com\\\/it\\\/produkty\\\/prodotti-per-industria-farmaceutica-e-medica\\\/additivi-per-integratori\\\/colostrum-bovinum-colostro-bovino\\\/\",\"name\":\"Colostrum Bovinum (colostro bovino) - Distributore all'ingrosso\",\"isPartOf\":{\"@id\":\"https:\\\/\\\/naturalpoland.com\\\/it\\\/#website\"},\"primaryImageOfPage\":{\"@id\":\"https:\\\/\\\/naturalpoland.com\\\/it\\\/produkty\\\/prodotti-per-industria-farmaceutica-e-medica\\\/additivi-per-integratori\\\/colostrum-bovinum-colostro-bovino\\\/#primaryimage\"},\"image\":{\"@id\":\"https:\\\/\\\/naturalpoland.com\\\/it\\\/produkty\\\/prodotti-per-industria-farmaceutica-e-medica\\\/additivi-per-integratori\\\/colostrum-bovinum-colostro-bovino\\\/#primaryimage\"},\"thumbnailUrl\":\"https:\\\/\\\/naturalpoland.com\\\/wp-content\\\/uploads\\\/kolostrum-2.webp\",\"datePublished\":\"2026-02-17T14:17:18+00:00\",\"dateModified\":\"2026-02-19T11:29:42+00:00\",\"description\":\"Colostrum Bovinum \u2013 colostro bovino in polvere di alta qualit\u00e0 standardizzato per IgG >30%. Materia prima Food Grade per integratori, alimenti e cosmetici\",\"breadcrumb\":{\"@id\":\"https:\\\/\\\/naturalpoland.com\\\/it\\\/produkty\\\/prodotti-per-industria-farmaceutica-e-medica\\\/additivi-per-integratori\\\/colostrum-bovinum-colostro-bovino\\\/#breadcrumb\"},\"inLanguage\":\"it-IT\",\"potentialAction\":[{\"@type\":\"ReadAction\",\"target\":[\"https:\\\/\\\/naturalpoland.com\\\/it\\\/produkty\\\/prodotti-per-industria-farmaceutica-e-medica\\\/additivi-per-integratori\\\/colostrum-bovinum-colostro-bovino\\\/\"]}]},{\"@type\":\"ImageObject\",\"inLanguage\":\"it-IT\",\"@id\":\"https:\\\/\\\/naturalpoland.com\\\/it\\\/produkty\\\/prodotti-per-industria-farmaceutica-e-medica\\\/additivi-per-integratori\\\/colostrum-bovinum-colostro-bovino\\\/#primaryimage\",\"url\":\"https:\\\/\\\/naturalpoland.com\\\/wp-content\\\/uploads\\\/kolostrum-2.webp\",\"contentUrl\":\"https:\\\/\\\/naturalpoland.com\\\/wp-content\\\/uploads\\\/kolostrum-2.webp\",\"width\":1024,\"height\":1024,\"caption\":\"Colostrum Bovinum\"},{\"@type\":\"BreadcrumbList\",\"@id\":\"https:\\\/\\\/naturalpoland.com\\\/it\\\/produkty\\\/prodotti-per-industria-farmaceutica-e-medica\\\/additivi-per-integratori\\\/colostrum-bovinum-colostro-bovino\\\/#breadcrumb\",\"itemListElement\":[{\"@type\":\"ListItem\",\"position\":1,\"name\":\"Home\",\"item\":\"https:\\\/\\\/naturalpoland.com\\\/it\\\/\"},{\"@type\":\"ListItem\",\"position\":2,\"name\":\"Prodotti\",\"item\":\"https:\\\/\\\/naturalpoland.com\\\/it\\\/prodotti\\\/\"},{\"@type\":\"ListItem\",\"position\":3,\"name\":\"Colostrum Bovinum (colostro bovino)\"}]},{\"@type\":\"WebSite\",\"@id\":\"https:\\\/\\\/naturalpoland.com\\\/it\\\/#website\",\"url\":\"https:\\\/\\\/naturalpoland.com\\\/it\\\/\",\"name\":\"NATURAL POLAND - Distributore all'ingrosso di materie prime\",\"description\":\"Surowce dla przemys\u0142u spo\u017cywczego, kosmetycznego i farmaceutycznego\",\"publisher\":{\"@id\":\"https:\\\/\\\/naturalpoland.com\\\/it\\\/#organization\"},\"potentialAction\":[{\"@type\":\"SearchAction\",\"target\":{\"@type\":\"EntryPoint\",\"urlTemplate\":\"https:\\\/\\\/naturalpoland.com\\\/it\\\/?s={search_term_string}\"},\"query-input\":{\"@type\":\"PropertyValueSpecification\",\"valueRequired\":true,\"valueName\":\"search_term_string\"}}],\"inLanguage\":\"it-IT\"},{\"@type\":\"Organization\",\"@id\":\"https:\\\/\\\/naturalpoland.com\\\/it\\\/#organization\",\"name\":\"Natural Poland\",\"url\":\"https:\\\/\\\/naturalpoland.com\\\/it\\\/\",\"logo\":{\"@type\":\"ImageObject\",\"inLanguage\":\"it-IT\",\"@id\":\"https:\\\/\\\/naturalpoland.com\\\/it\\\/#\\\/schema\\\/logo\\\/image\\\/\",\"url\":\"https:\\\/\\\/naturalpoland.com\\\/wp-content\\\/uploads\\\/2021\\\/05\\\/natural-poland-icon.png\",\"contentUrl\":\"https:\\\/\\\/naturalpoland.com\\\/wp-content\\\/uploads\\\/2021\\\/05\\\/natural-poland-icon.png\",\"width\":512,\"height\":512,\"caption\":\"Natural Poland\"},\"image\":{\"@id\":\"https:\\\/\\\/naturalpoland.com\\\/it\\\/#\\\/schema\\\/logo\\\/image\\\/\"},\"sameAs\":[\"https:\\\/\\\/www.facebook.com\\\/naturalpoland.b2b\",\"https:\\\/\\\/pl.linkedin.com\\\/company\\\/natural-poland\",\"https:\\\/\\\/www.youtube.com\\\/channel\\\/UCgeGGkvOMahZo-xu_MSEWxg\"]}]}<\/script>\n<!-- \/ Yoast SEO plugin. -->","yoast_head_json":{"title":"Colostrum Bovinum (colostro bovino) - Distributore all'ingrosso","description":"Colostrum Bovinum \u2013 colostro bovino in polvere di alta qualit\u00e0 standardizzato per IgG >30%. Materia prima Food Grade per integratori, alimenti e cosmetici","robots":{"index":"index","follow":"follow","max-snippet":"max-snippet:-1","max-image-preview":"max-image-preview:large","max-video-preview":"max-video-preview:-1"},"canonical":"https:\/\/naturalpoland.com\/it\/produkty\/prodotti-per-industria-farmaceutica-e-medica\/additivi-per-integratori\/colostrum-bovinum-colostro-bovino\/","og_locale":"it_IT","og_type":"article","og_title":"Colostrum Bovinum (colostro bovino) - Distributore all'ingrosso","og_description":"Colostrum Bovinum \u2013 colostro bovino in polvere di alta qualit\u00e0 standardizzato per IgG >30%. Materia prima Food Grade per integratori, alimenti e cosmetici","og_url":"https:\/\/naturalpoland.com\/it\/produkty\/prodotti-per-industria-farmaceutica-e-medica\/additivi-per-integratori\/colostrum-bovinum-colostro-bovino\/","og_site_name":"NATURAL POLAND - Distributore all'ingrosso di materie prime","article_publisher":"https:\/\/www.facebook.com\/naturalpoland.b2b","article_modified_time":"2026-02-19T11:29:42+00:00","og_image":[{"width":1024,"height":1024,"url":"https:\/\/naturalpoland.com\/wp-content\/uploads\/kolostrum-2.webp","type":"image\/webp"}],"schema":{"@context":"https:\/\/schema.org","@graph":[{"@type":"WebPage","@id":"https:\/\/naturalpoland.com\/it\/produkty\/prodotti-per-industria-farmaceutica-e-medica\/additivi-per-integratori\/colostrum-bovinum-colostro-bovino\/","url":"https:\/\/naturalpoland.com\/it\/produkty\/prodotti-per-industria-farmaceutica-e-medica\/additivi-per-integratori\/colostrum-bovinum-colostro-bovino\/","name":"Colostrum Bovinum (colostro bovino) - Distributore all'ingrosso","isPartOf":{"@id":"https:\/\/naturalpoland.com\/it\/#website"},"primaryImageOfPage":{"@id":"https:\/\/naturalpoland.com\/it\/produkty\/prodotti-per-industria-farmaceutica-e-medica\/additivi-per-integratori\/colostrum-bovinum-colostro-bovino\/#primaryimage"},"image":{"@id":"https:\/\/naturalpoland.com\/it\/produkty\/prodotti-per-industria-farmaceutica-e-medica\/additivi-per-integratori\/colostrum-bovinum-colostro-bovino\/#primaryimage"},"thumbnailUrl":"https:\/\/naturalpoland.com\/wp-content\/uploads\/kolostrum-2.webp","datePublished":"2026-02-17T14:17:18+00:00","dateModified":"2026-02-19T11:29:42+00:00","description":"Colostrum Bovinum \u2013 colostro bovino in polvere di alta qualit\u00e0 standardizzato per IgG >30%. Materia prima Food Grade per integratori, alimenti e cosmetici","breadcrumb":{"@id":"https:\/\/naturalpoland.com\/it\/produkty\/prodotti-per-industria-farmaceutica-e-medica\/additivi-per-integratori\/colostrum-bovinum-colostro-bovino\/#breadcrumb"},"inLanguage":"it-IT","potentialAction":[{"@type":"ReadAction","target":["https:\/\/naturalpoland.com\/it\/produkty\/prodotti-per-industria-farmaceutica-e-medica\/additivi-per-integratori\/colostrum-bovinum-colostro-bovino\/"]}]},{"@type":"ImageObject","inLanguage":"it-IT","@id":"https:\/\/naturalpoland.com\/it\/produkty\/prodotti-per-industria-farmaceutica-e-medica\/additivi-per-integratori\/colostrum-bovinum-colostro-bovino\/#primaryimage","url":"https:\/\/naturalpoland.com\/wp-content\/uploads\/kolostrum-2.webp","contentUrl":"https:\/\/naturalpoland.com\/wp-content\/uploads\/kolostrum-2.webp","width":1024,"height":1024,"caption":"Colostrum Bovinum"},{"@type":"BreadcrumbList","@id":"https:\/\/naturalpoland.com\/it\/produkty\/prodotti-per-industria-farmaceutica-e-medica\/additivi-per-integratori\/colostrum-bovinum-colostro-bovino\/#breadcrumb","itemListElement":[{"@type":"ListItem","position":1,"name":"Home","item":"https:\/\/naturalpoland.com\/it\/"},{"@type":"ListItem","position":2,"name":"Prodotti","item":"https:\/\/naturalpoland.com\/it\/prodotti\/"},{"@type":"ListItem","position":3,"name":"Colostrum Bovinum (colostro bovino)"}]},{"@type":"WebSite","@id":"https:\/\/naturalpoland.com\/it\/#website","url":"https:\/\/naturalpoland.com\/it\/","name":"NATURAL POLAND - Distributore all'ingrosso di materie prime","description":"Surowce dla przemys\u0142u spo\u017cywczego, kosmetycznego i farmaceutycznego","publisher":{"@id":"https:\/\/naturalpoland.com\/it\/#organization"},"potentialAction":[{"@type":"SearchAction","target":{"@type":"EntryPoint","urlTemplate":"https:\/\/naturalpoland.com\/it\/?s={search_term_string}"},"query-input":{"@type":"PropertyValueSpecification","valueRequired":true,"valueName":"search_term_string"}}],"inLanguage":"it-IT"},{"@type":"Organization","@id":"https:\/\/naturalpoland.com\/it\/#organization","name":"Natural Poland","url":"https:\/\/naturalpoland.com\/it\/","logo":{"@type":"ImageObject","inLanguage":"it-IT","@id":"https:\/\/naturalpoland.com\/it\/#\/schema\/logo\/image\/","url":"https:\/\/naturalpoland.com\/wp-content\/uploads\/2021\/05\/natural-poland-icon.png","contentUrl":"https:\/\/naturalpoland.com\/wp-content\/uploads\/2021\/05\/natural-poland-icon.png","width":512,"height":512,"caption":"Natural Poland"},"image":{"@id":"https:\/\/naturalpoland.com\/it\/#\/schema\/logo\/image\/"},"sameAs":["https:\/\/www.facebook.com\/naturalpoland.b2b","https:\/\/pl.linkedin.com\/company\/natural-poland","https:\/\/www.youtube.com\/channel\/UCgeGGkvOMahZo-xu_MSEWxg"]}]}},"_links":{"self":[{"href":"https:\/\/naturalpoland.com\/it\/wp-json\/wp\/v2\/product\/46001","targetHints":{"allow":["GET"]}}],"collection":[{"href":"https:\/\/naturalpoland.com\/it\/wp-json\/wp\/v2\/product"}],"about":[{"href":"https:\/\/naturalpoland.com\/it\/wp-json\/wp\/v2\/types\/product"}],"wp:featuredmedia":[{"embeddable":true,"href":"https:\/\/naturalpoland.com\/it\/wp-json\/wp\/v2\/media\/46002"}],"wp:attachment":[{"href":"https:\/\/naturalpoland.com\/it\/wp-json\/wp\/v2\/media?parent=46001"}],"wp:term":[{"taxonomy":"product_brand","embeddable":true,"href":"https:\/\/naturalpoland.com\/it\/wp-json\/wp\/v2\/product_brand?post=46001"},{"taxonomy":"product_cat","embeddable":true,"href":"https:\/\/naturalpoland.com\/it\/wp-json\/wp\/v2\/product_cat?post=46001"},{"taxonomy":"product_tag","embeddable":true,"href":"https:\/\/naturalpoland.com\/it\/wp-json\/wp\/v2\/product_tag?post=46001"}],"curies":[{"name":"wp","href":"https:\/\/api.w.org\/{rel}","templated":true}]}}