{"id":46547,"date":"2026-03-05T13:54:06","date_gmt":"2026-03-05T12:54:06","guid":{"rendered":"https:\/\/naturalpoland.com\/produkty\/senza-categoria\/estratto-di-cicoria\/"},"modified":"2026-03-10T13:28:46","modified_gmt":"2026-03-10T12:28:46","slug":"estratto-di-cicoria","status":"publish","type":"product","link":"https:\/\/naturalpoland.com\/it\/produkty\/estratti-vegetali\/estratto-di-cicoria\/","title":{"rendered":"Estratto di cicoria"},"content":{"rendered":"<h2>Propriet\u00e0 e azione dell&#8217;estratto di cicoria:<\/h2>\n<p><strong>La radice di cicoria<\/strong> \u00e8 una nota fonte di numerosi composti bioattivi, tra cui <a href=\"https:\/\/naturalpoland.com\/it\/produkty\/prodotti-per-industria-farmaceutica-e-medica\/additivi-per-integratori\/inulina\/\"><strong>inulina<\/strong><\/a>, <strong>polifenoli<\/strong>, <strong>composti fenolici<\/strong> e <strong>componenti minerali<\/strong>. L&#8217;inulina, essendo un prebiotico naturale, \u00e8 uno dei componenti pi\u00f9 importanti della cicoria. Questo composto pu\u00f2 supportare lo sviluppo della flora intestinale benefica, per questo le materie prime ottenute dalla cicoria compaiono spesso in preparati che supportano il corretto funzionamento dell&#8217;apparato digerente.  <\/p>\n<p>L&#8217;estratto di cicoria \u00e8 apprezzato anche per le propriet\u00e0 antiossidanti. I composti vegetali in esso contenuti aiutano a neutralizzare i radicali liberi e a limitare lo stress ossidativo, che pu\u00f2 influenzare i processi di invecchiamento cellulare. Per questo motivo l&#8217;estratto trova applicazione in prodotti orientati alla protezione cellulare e al supporto del metabolismo.  <\/p>\n<p>In cosmetica l&#8217;estratto di cicoria viene utilizzato per le sue <strong>propriet\u00e0 idratanti e lenitive<\/strong>. La glicerina contenuta nell&#8217;estratto aiuta a mantenere un adeguato livello di idratazione della pelle, e i composti vegetali presenti nella radice di cicoria possono influire sul miglioramento delle condizioni della pelle e supportare la sua naturale barriera protettiva. Per questo motivo l&#8217;estratto compare nella composizione di cosmetici destinati alla cura della pelle secca, stanca e che necessita di rigenerazione.  <\/p>\n<p>L&#8217;estratto di cicoria pu\u00f2 essere utilizzato anche in prodotti destinati alla cura della pelle sensibile, dove le sue propriet\u00e0 lenitive aiutano a migliorare il comfort della pelle e a ridurre la sensazione di irritazione.<\/p>\n<h2>Applicazione dell&#8217;estratto di cicoria:<\/h2>\n<p>L&#8217;estratto glicerico-acquoso di cicoria trova applicazione principalmente in:<\/p>\n<ul>\n<li>cosmetici idratanti e rigeneranti,<\/li>\n<li>tonici ed essenze per la cura della pelle,<\/li>\n<li>creme e sieri ad azione antiossidante,<\/li>\n<li>preparati che supportano il microbioma della pelle,<\/li>\n<li>prodotti naturali e cosmetici vegetali.<\/li>\n<\/ul>\n<p>La materia prima si dissolve parzialmente in acqua e alcol, mentre \u00e8 insolubile negli oli minerali. \u00c8 consigliata per l&#8217;uso in formulazioni acquose e idroalcoliche. <\/p>\n<p>Il prodotto soddisfa i requisiti microbiologici e qualitativi, non contiene OGM e non \u00e8 stato sottoposto a irradiazione.<\/p>\n","protected":false},"excerpt":{"rendered":"<p><strong>L&#8217;estratto di cicoria<\/strong> viene ottenuto dalla radice della pianta <em>Cichorium intybus L.<\/em> La materia prima ha forma di estratto glicerico-acquoso, ottenuto mediante estrazione della materia prima vegetale essiccata con una miscela di acqua e glicerina in rapporto 1:1.<\/p>\n","protected":false},"featured_media":46548,"template":"","meta":{"_acf_changed":false},"product_brand":[],"product_cat":[1533],"product_tag":[],"class_list":{"0":"post-46547","1":"product","2":"type-product","3":"status-publish","4":"has-post-thumbnail","6":"product_cat-estratti-vegetali","7":"pa_czesc-rosliny-radice","9":"first","10":"instock","11":"shipping-taxable","12":"product-type-simple"},"acf":[],"yoast_head":"<!-- This site is optimized with the Yoast SEO plugin v27.5 - https:\/\/yoast.com\/product\/yoast-seo-wordpress\/ -->\n<title>Estratto di cicoria - Distributore all&#039;ingrosso<\/title>\n<meta name=\"description\" content=\"L&#039;estratto di cicoria (Cichorium intybus) \u00e8 una materia prima vegetale naturale con propriet\u00e0 idratanti e antiossidanti per cosmetici.\" \/>\n<meta name=\"robots\" content=\"index, follow, max-snippet:-1, max-image-preview:large, max-video-preview:-1\" \/>\n<link rel=\"canonical\" href=\"https:\/\/naturalpoland.com\/it\/produkty\/estratti-vegetali\/estratto-di-cicoria\/\" \/>\n<meta property=\"og:locale\" content=\"it_IT\" \/>\n<meta property=\"og:type\" content=\"article\" \/>\n<meta property=\"og:title\" content=\"Estratto di cicoria - Distributore all&#039;ingrosso\" \/>\n<meta property=\"og:description\" content=\"L&#039;estratto di cicoria (Cichorium intybus) \u00e8 una materia prima vegetale naturale con propriet\u00e0 idratanti e antiossidanti per cosmetici.\" \/>\n<meta property=\"og:url\" content=\"https:\/\/naturalpoland.com\/it\/produkty\/estratti-vegetali\/estratto-di-cicoria\/\" \/>\n<meta property=\"og:site_name\" content=\"NATURAL POLAND - Distributore all&#039;ingrosso di materie prime\" \/>\n<meta property=\"article:publisher\" content=\"https:\/\/www.facebook.com\/naturalpoland.b2b\" \/>\n<meta property=\"article:modified_time\" content=\"2026-03-10T12:28:46+00:00\" \/>\n<meta property=\"og:image\" content=\"https:\/\/naturalpoland.com\/wp-content\/uploads\/ekstrakt-glicerynowo-wodny-z-cykorii.webp\" \/>\n\t<meta property=\"og:image:width\" content=\"350\" \/>\n\t<meta property=\"og:image:height\" content=\"350\" \/>\n\t<meta property=\"og:image:type\" content=\"image\/webp\" \/>\n<script type=\"application\/ld+json\" class=\"yoast-schema-graph\">{\"@context\":\"https:\\\/\\\/schema.org\",\"@graph\":[{\"@type\":\"WebPage\",\"@id\":\"https:\\\/\\\/naturalpoland.com\\\/it\\\/produkty\\\/estratti-vegetali\\\/estratto-di-cicoria\\\/\",\"url\":\"https:\\\/\\\/naturalpoland.com\\\/it\\\/produkty\\\/estratti-vegetali\\\/estratto-di-cicoria\\\/\",\"name\":\"Estratto di cicoria - Distributore all'ingrosso\",\"isPartOf\":{\"@id\":\"https:\\\/\\\/naturalpoland.com\\\/it\\\/#website\"},\"primaryImageOfPage\":{\"@id\":\"https:\\\/\\\/naturalpoland.com\\\/it\\\/produkty\\\/estratti-vegetali\\\/estratto-di-cicoria\\\/#primaryimage\"},\"image\":{\"@id\":\"https:\\\/\\\/naturalpoland.com\\\/it\\\/produkty\\\/estratti-vegetali\\\/estratto-di-cicoria\\\/#primaryimage\"},\"thumbnailUrl\":\"https:\\\/\\\/naturalpoland.com\\\/wp-content\\\/uploads\\\/ekstrakt-glicerynowo-wodny-z-cykorii.webp\",\"datePublished\":\"2026-03-05T12:54:06+00:00\",\"dateModified\":\"2026-03-10T12:28:46+00:00\",\"description\":\"L'estratto di cicoria (Cichorium intybus) \u00e8 una materia prima vegetale naturale con propriet\u00e0 idratanti e antiossidanti per cosmetici.\",\"breadcrumb\":{\"@id\":\"https:\\\/\\\/naturalpoland.com\\\/it\\\/produkty\\\/estratti-vegetali\\\/estratto-di-cicoria\\\/#breadcrumb\"},\"inLanguage\":\"it-IT\",\"potentialAction\":[{\"@type\":\"ReadAction\",\"target\":[\"https:\\\/\\\/naturalpoland.com\\\/it\\\/produkty\\\/estratti-vegetali\\\/estratto-di-cicoria\\\/\"]}]},{\"@type\":\"ImageObject\",\"inLanguage\":\"it-IT\",\"@id\":\"https:\\\/\\\/naturalpoland.com\\\/it\\\/produkty\\\/estratti-vegetali\\\/estratto-di-cicoria\\\/#primaryimage\",\"url\":\"https:\\\/\\\/naturalpoland.com\\\/wp-content\\\/uploads\\\/ekstrakt-glicerynowo-wodny-z-cykorii.webp\",\"contentUrl\":\"https:\\\/\\\/naturalpoland.com\\\/wp-content\\\/uploads\\\/ekstrakt-glicerynowo-wodny-z-cykorii.webp\",\"width\":350,\"height\":350,\"caption\":\"estratto glicerico-acquoso di cicoria\"},{\"@type\":\"BreadcrumbList\",\"@id\":\"https:\\\/\\\/naturalpoland.com\\\/it\\\/produkty\\\/estratti-vegetali\\\/estratto-di-cicoria\\\/#breadcrumb\",\"itemListElement\":[{\"@type\":\"ListItem\",\"position\":1,\"name\":\"Home\",\"item\":\"https:\\\/\\\/naturalpoland.com\\\/it\\\/\"},{\"@type\":\"ListItem\",\"position\":2,\"name\":\"Prodotti\",\"item\":\"https:\\\/\\\/naturalpoland.com\\\/it\\\/prodotti\\\/\"},{\"@type\":\"ListItem\",\"position\":3,\"name\":\"Estratto di cicoria\"}]},{\"@type\":\"WebSite\",\"@id\":\"https:\\\/\\\/naturalpoland.com\\\/it\\\/#website\",\"url\":\"https:\\\/\\\/naturalpoland.com\\\/it\\\/\",\"name\":\"NATURAL POLAND - Distributore all'ingrosso di materie prime\",\"description\":\"Surowce dla przemys\u0142u spo\u017cywczego, kosmetycznego i farmaceutycznego\",\"publisher\":{\"@id\":\"https:\\\/\\\/naturalpoland.com\\\/it\\\/#organization\"},\"potentialAction\":[{\"@type\":\"SearchAction\",\"target\":{\"@type\":\"EntryPoint\",\"urlTemplate\":\"https:\\\/\\\/naturalpoland.com\\\/it\\\/?s={search_term_string}\"},\"query-input\":{\"@type\":\"PropertyValueSpecification\",\"valueRequired\":true,\"valueName\":\"search_term_string\"}}],\"inLanguage\":\"it-IT\"},{\"@type\":\"Organization\",\"@id\":\"https:\\\/\\\/naturalpoland.com\\\/it\\\/#organization\",\"name\":\"Natural Poland\",\"url\":\"https:\\\/\\\/naturalpoland.com\\\/it\\\/\",\"logo\":{\"@type\":\"ImageObject\",\"inLanguage\":\"it-IT\",\"@id\":\"https:\\\/\\\/naturalpoland.com\\\/it\\\/#\\\/schema\\\/logo\\\/image\\\/\",\"url\":\"https:\\\/\\\/naturalpoland.com\\\/wp-content\\\/uploads\\\/2021\\\/05\\\/natural-poland-icon.png\",\"contentUrl\":\"https:\\\/\\\/naturalpoland.com\\\/wp-content\\\/uploads\\\/2021\\\/05\\\/natural-poland-icon.png\",\"width\":512,\"height\":512,\"caption\":\"Natural Poland\"},\"image\":{\"@id\":\"https:\\\/\\\/naturalpoland.com\\\/it\\\/#\\\/schema\\\/logo\\\/image\\\/\"},\"sameAs\":[\"https:\\\/\\\/www.facebook.com\\\/naturalpoland.b2b\",\"https:\\\/\\\/pl.linkedin.com\\\/company\\\/natural-poland\",\"https:\\\/\\\/www.youtube.com\\\/channel\\\/UCgeGGkvOMahZo-xu_MSEWxg\"]}]}<\/script>\n<!-- \/ Yoast SEO plugin. -->","yoast_head_json":{"title":"Estratto di cicoria - Distributore all'ingrosso","description":"L'estratto di cicoria (Cichorium intybus) \u00e8 una materia prima vegetale naturale con propriet\u00e0 idratanti e antiossidanti per cosmetici.","robots":{"index":"index","follow":"follow","max-snippet":"max-snippet:-1","max-image-preview":"max-image-preview:large","max-video-preview":"max-video-preview:-1"},"canonical":"https:\/\/naturalpoland.com\/it\/produkty\/estratti-vegetali\/estratto-di-cicoria\/","og_locale":"it_IT","og_type":"article","og_title":"Estratto di cicoria - Distributore all'ingrosso","og_description":"L'estratto di cicoria (Cichorium intybus) \u00e8 una materia prima vegetale naturale con propriet\u00e0 idratanti e antiossidanti per cosmetici.","og_url":"https:\/\/naturalpoland.com\/it\/produkty\/estratti-vegetali\/estratto-di-cicoria\/","og_site_name":"NATURAL POLAND - Distributore all'ingrosso di materie prime","article_publisher":"https:\/\/www.facebook.com\/naturalpoland.b2b","article_modified_time":"2026-03-10T12:28:46+00:00","og_image":[{"width":350,"height":350,"url":"https:\/\/naturalpoland.com\/wp-content\/uploads\/ekstrakt-glicerynowo-wodny-z-cykorii.webp","type":"image\/webp"}],"schema":{"@context":"https:\/\/schema.org","@graph":[{"@type":"WebPage","@id":"https:\/\/naturalpoland.com\/it\/produkty\/estratti-vegetali\/estratto-di-cicoria\/","url":"https:\/\/naturalpoland.com\/it\/produkty\/estratti-vegetali\/estratto-di-cicoria\/","name":"Estratto di cicoria - Distributore all'ingrosso","isPartOf":{"@id":"https:\/\/naturalpoland.com\/it\/#website"},"primaryImageOfPage":{"@id":"https:\/\/naturalpoland.com\/it\/produkty\/estratti-vegetali\/estratto-di-cicoria\/#primaryimage"},"image":{"@id":"https:\/\/naturalpoland.com\/it\/produkty\/estratti-vegetali\/estratto-di-cicoria\/#primaryimage"},"thumbnailUrl":"https:\/\/naturalpoland.com\/wp-content\/uploads\/ekstrakt-glicerynowo-wodny-z-cykorii.webp","datePublished":"2026-03-05T12:54:06+00:00","dateModified":"2026-03-10T12:28:46+00:00","description":"L'estratto di cicoria (Cichorium intybus) \u00e8 una materia prima vegetale naturale con propriet\u00e0 idratanti e antiossidanti per cosmetici.","breadcrumb":{"@id":"https:\/\/naturalpoland.com\/it\/produkty\/estratti-vegetali\/estratto-di-cicoria\/#breadcrumb"},"inLanguage":"it-IT","potentialAction":[{"@type":"ReadAction","target":["https:\/\/naturalpoland.com\/it\/produkty\/estratti-vegetali\/estratto-di-cicoria\/"]}]},{"@type":"ImageObject","inLanguage":"it-IT","@id":"https:\/\/naturalpoland.com\/it\/produkty\/estratti-vegetali\/estratto-di-cicoria\/#primaryimage","url":"https:\/\/naturalpoland.com\/wp-content\/uploads\/ekstrakt-glicerynowo-wodny-z-cykorii.webp","contentUrl":"https:\/\/naturalpoland.com\/wp-content\/uploads\/ekstrakt-glicerynowo-wodny-z-cykorii.webp","width":350,"height":350,"caption":"estratto glicerico-acquoso di cicoria"},{"@type":"BreadcrumbList","@id":"https:\/\/naturalpoland.com\/it\/produkty\/estratti-vegetali\/estratto-di-cicoria\/#breadcrumb","itemListElement":[{"@type":"ListItem","position":1,"name":"Home","item":"https:\/\/naturalpoland.com\/it\/"},{"@type":"ListItem","position":2,"name":"Prodotti","item":"https:\/\/naturalpoland.com\/it\/prodotti\/"},{"@type":"ListItem","position":3,"name":"Estratto di cicoria"}]},{"@type":"WebSite","@id":"https:\/\/naturalpoland.com\/it\/#website","url":"https:\/\/naturalpoland.com\/it\/","name":"NATURAL POLAND - Distributore all'ingrosso di materie prime","description":"Surowce dla przemys\u0142u spo\u017cywczego, kosmetycznego i farmaceutycznego","publisher":{"@id":"https:\/\/naturalpoland.com\/it\/#organization"},"potentialAction":[{"@type":"SearchAction","target":{"@type":"EntryPoint","urlTemplate":"https:\/\/naturalpoland.com\/it\/?s={search_term_string}"},"query-input":{"@type":"PropertyValueSpecification","valueRequired":true,"valueName":"search_term_string"}}],"inLanguage":"it-IT"},{"@type":"Organization","@id":"https:\/\/naturalpoland.com\/it\/#organization","name":"Natural Poland","url":"https:\/\/naturalpoland.com\/it\/","logo":{"@type":"ImageObject","inLanguage":"it-IT","@id":"https:\/\/naturalpoland.com\/it\/#\/schema\/logo\/image\/","url":"https:\/\/naturalpoland.com\/wp-content\/uploads\/2021\/05\/natural-poland-icon.png","contentUrl":"https:\/\/naturalpoland.com\/wp-content\/uploads\/2021\/05\/natural-poland-icon.png","width":512,"height":512,"caption":"Natural Poland"},"image":{"@id":"https:\/\/naturalpoland.com\/it\/#\/schema\/logo\/image\/"},"sameAs":["https:\/\/www.facebook.com\/naturalpoland.b2b","https:\/\/pl.linkedin.com\/company\/natural-poland","https:\/\/www.youtube.com\/channel\/UCgeGGkvOMahZo-xu_MSEWxg"]}]}},"_links":{"self":[{"href":"https:\/\/naturalpoland.com\/it\/wp-json\/wp\/v2\/product\/46547","targetHints":{"allow":["GET"]}}],"collection":[{"href":"https:\/\/naturalpoland.com\/it\/wp-json\/wp\/v2\/product"}],"about":[{"href":"https:\/\/naturalpoland.com\/it\/wp-json\/wp\/v2\/types\/product"}],"wp:featuredmedia":[{"embeddable":true,"href":"https:\/\/naturalpoland.com\/it\/wp-json\/wp\/v2\/media\/46548"}],"wp:attachment":[{"href":"https:\/\/naturalpoland.com\/it\/wp-json\/wp\/v2\/media?parent=46547"}],"wp:term":[{"taxonomy":"product_brand","embeddable":true,"href":"https:\/\/naturalpoland.com\/it\/wp-json\/wp\/v2\/product_brand?post=46547"},{"taxonomy":"product_cat","embeddable":true,"href":"https:\/\/naturalpoland.com\/it\/wp-json\/wp\/v2\/product_cat?post=46547"},{"taxonomy":"product_tag","embeddable":true,"href":"https:\/\/naturalpoland.com\/it\/wp-json\/wp\/v2\/product_tag?post=46547"}],"curies":[{"name":"wp","href":"https:\/\/api.w.org\/{rel}","templated":true}]}}