{"id":47974,"date":"2026-04-24T14:55:14","date_gmt":"2026-04-24T12:55:14","guid":{"rendered":"https:\/\/naturalpoland.com\/produkty\/senza-categoria\/fiocchi-di-mais-micronizzati-a-infrarossi\/"},"modified":"2026-04-28T11:56:57","modified_gmt":"2026-04-28T09:56:57","slug":"fiocchi-di-mais-micronizzati-a-infrarossi","status":"publish","type":"product","link":"https:\/\/naturalpoland.com\/it\/produkty\/materie-prime-per-mangimi-animali\/materie-prime-per-mangimi-per-bovini\/fiocchi-di-mais-micronizzati-a-infrarossi\/","title":{"rendered":"Fiocchi di mais micronizzati a infrarossi"},"content":{"rendered":"<p>Il prodotto \u00e8 destinato in particolare all&#8217;alimentazione di giovani animali da allevamento, per i quali l&#8217;elevata assimilabilit\u00e0 dei nutrienti \u00e8 di fondamentale importanza.<\/p>\n<h2>Propriet\u00e0 e azione:<\/h2>\n<p>La caratteristica principale dei fiocchi di mais micronizzati \u00e8 la <strong>struttura modificata dell&#8217;amido<\/strong>. A seguito dell&#8217;azione dell&#8217;alta temperatura e delle radiazioni IR si verifica la sua decomposizione e rigonfiamento, il che facilita l&#8217;azione degli enzimi digestivi e un utilizzo pi\u00f9 efficiente dell&#8217;energia contenuta nel mangime. <\/p>\n<p>Il prodotto costituisce una fonte concentrata di carboidrati facilmente assimilabili e allo stesso tempo contiene un contenuto moderato di proteine e grassi.<\/p>\n<h2>Componenti analitici:<\/h2>\n<ul>\n<li>Amido: ca. 60% \u2013 principale fonte di energia <\/li>\n<li>Proteina grezza: ca. 8,5%<\/li>\n<li>Grassi grezzi: ca. 3,0%<\/li>\n<li>Fibra grezza: ca. 2,0%<\/li>\n<li>Umidit\u00e0: ca. 14,0%<\/li>\n<li>Ceneri grezze: ca. 1,3%<\/li>\n<\/ul>\n<p>Il profilo bilanciato dei componenti fa s\u00ec che il prodotto possa essere utilizzato sia come componente energetico che come componente integrativo di miscele per mangimi.<\/p>\n<h2>Applicazione:<\/h2>\n<p>I fiocchi di mais micronizzati trovano applicazione principalmente nell&#8217;alimentazione di:<\/p>\n<ul>\n<li>giovani animali da allevamento (vitelli, suinetti, pollame),<\/li>\n<li>animali che richiedono componenti dietetici facilmente digeribili,<\/li>\n<li>miscele per mangimi con valore energetico elevato.<\/li>\n<\/ul>\n<p>Il loro principale vantaggio \u00e8 l&#8217;elevata digeribilit\u00e0, per questo sono raccomandati nelle fasi iniziali dell&#8217;allevamento, dove \u00e8 fondamentale il massimo utilizzo dei nutrienti e la riduzione del carico sull&#8217;apparato digerente.<\/p>\n","protected":false},"excerpt":{"rendered":"<p><strong>I fiocchi di mais micronizzati<\/strong> sono una materia prima per mangimi ottenuta mediante trattamento termico dei chicchi di mais utilizzando radiazioni infrarosse. Questo processo porta alla gelatinizzazione dell&#8217;amido, il che aumenta significativamente la sua digeribilit\u00e0 e la biodisponibilit\u00e0 dell&#8217;energia per gli animali. <\/p>\n","protected":false},"featured_media":47975,"template":"","meta":{"_acf_changed":false},"product_brand":[],"product_cat":[7757],"product_tag":[],"class_list":{"0":"post-47974","1":"product","2":"type-product","3":"status-publish","4":"has-post-thumbnail","6":"product_cat-materie-prime-per-mangimi-per-bovini","8":"first","9":"instock","10":"shipping-taxable","11":"product-type-simple"},"acf":[],"yoast_head":"<!-- This site is optimized with the Yoast SEO plugin v27.5 - https:\/\/yoast.com\/product\/yoast-seo-wordpress\/ -->\n<title>Fiocchi di mais micronizzati - Distributore all&#039;ingrosso<\/title>\n<meta name=\"description\" content=\"Fiocchi di mais micronizzati \u2013 materia prima per mangimi ad alta digeribilit\u00e0 e alto contenuto di amido. Fonte ideale di energia per giovani animali da allevamento.\" \/>\n<meta name=\"robots\" content=\"index, follow, max-snippet:-1, max-image-preview:large, max-video-preview:-1\" \/>\n<link rel=\"canonical\" href=\"https:\/\/naturalpoland.com\/it\/produkty\/materie-prime-per-mangimi-animali\/materie-prime-per-mangimi-per-bovini\/fiocchi-di-mais-micronizzati-a-infrarossi\/\" \/>\n<meta property=\"og:locale\" content=\"it_IT\" \/>\n<meta property=\"og:type\" content=\"article\" \/>\n<meta property=\"og:title\" content=\"Fiocchi di mais micronizzati - Distributore all&#039;ingrosso\" \/>\n<meta property=\"og:description\" content=\"Fiocchi di mais micronizzati \u2013 materia prima per mangimi ad alta digeribilit\u00e0 e alto contenuto di amido. Fonte ideale di energia per giovani animali da allevamento.\" \/>\n<meta property=\"og:url\" content=\"https:\/\/naturalpoland.com\/it\/produkty\/materie-prime-per-mangimi-animali\/materie-prime-per-mangimi-per-bovini\/fiocchi-di-mais-micronizzati-a-infrarossi\/\" \/>\n<meta property=\"og:site_name\" content=\"NATURAL POLAND - Distributore all&#039;ingrosso di materie prime\" \/>\n<meta property=\"article:publisher\" content=\"https:\/\/www.facebook.com\/naturalpoland.b2b\" \/>\n<meta property=\"article:modified_time\" content=\"2026-04-28T09:56:57+00:00\" \/>\n<meta property=\"og:image\" content=\"https:\/\/naturalpoland.com\/wp-content\/uploads\/platki-kukurydziane-mikronizowane.png\" \/>\n\t<meta property=\"og:image:width\" content=\"1024\" \/>\n\t<meta property=\"og:image:height\" content=\"1024\" \/>\n\t<meta property=\"og:image:type\" content=\"image\/png\" \/>\n<script type=\"application\/ld+json\" class=\"yoast-schema-graph\">{\"@context\":\"https:\\\/\\\/schema.org\",\"@graph\":[{\"@type\":\"WebPage\",\"@id\":\"https:\\\/\\\/naturalpoland.com\\\/it\\\/produkty\\\/materie-prime-per-mangimi-animali\\\/materie-prime-per-mangimi-per-bovini\\\/fiocchi-di-mais-micronizzati-a-infrarossi\\\/\",\"url\":\"https:\\\/\\\/naturalpoland.com\\\/it\\\/produkty\\\/materie-prime-per-mangimi-animali\\\/materie-prime-per-mangimi-per-bovini\\\/fiocchi-di-mais-micronizzati-a-infrarossi\\\/\",\"name\":\"Fiocchi di mais micronizzati - Distributore all'ingrosso\",\"isPartOf\":{\"@id\":\"https:\\\/\\\/naturalpoland.com\\\/it\\\/#website\"},\"primaryImageOfPage\":{\"@id\":\"https:\\\/\\\/naturalpoland.com\\\/it\\\/produkty\\\/materie-prime-per-mangimi-animali\\\/materie-prime-per-mangimi-per-bovini\\\/fiocchi-di-mais-micronizzati-a-infrarossi\\\/#primaryimage\"},\"image\":{\"@id\":\"https:\\\/\\\/naturalpoland.com\\\/it\\\/produkty\\\/materie-prime-per-mangimi-animali\\\/materie-prime-per-mangimi-per-bovini\\\/fiocchi-di-mais-micronizzati-a-infrarossi\\\/#primaryimage\"},\"thumbnailUrl\":\"https:\\\/\\\/naturalpoland.com\\\/wp-content\\\/uploads\\\/platki-kukurydziane-mikronizowane.png\",\"datePublished\":\"2026-04-24T12:55:14+00:00\",\"dateModified\":\"2026-04-28T09:56:57+00:00\",\"description\":\"Fiocchi di mais micronizzati \u2013 materia prima per mangimi ad alta digeribilit\u00e0 e alto contenuto di amido. Fonte ideale di energia per giovani animali da allevamento.\",\"breadcrumb\":{\"@id\":\"https:\\\/\\\/naturalpoland.com\\\/it\\\/produkty\\\/materie-prime-per-mangimi-animali\\\/materie-prime-per-mangimi-per-bovini\\\/fiocchi-di-mais-micronizzati-a-infrarossi\\\/#breadcrumb\"},\"inLanguage\":\"it-IT\",\"potentialAction\":[{\"@type\":\"ReadAction\",\"target\":[\"https:\\\/\\\/naturalpoland.com\\\/it\\\/produkty\\\/materie-prime-per-mangimi-animali\\\/materie-prime-per-mangimi-per-bovini\\\/fiocchi-di-mais-micronizzati-a-infrarossi\\\/\"]}]},{\"@type\":\"ImageObject\",\"inLanguage\":\"it-IT\",\"@id\":\"https:\\\/\\\/naturalpoland.com\\\/it\\\/produkty\\\/materie-prime-per-mangimi-animali\\\/materie-prime-per-mangimi-per-bovini\\\/fiocchi-di-mais-micronizzati-a-infrarossi\\\/#primaryimage\",\"url\":\"https:\\\/\\\/naturalpoland.com\\\/wp-content\\\/uploads\\\/platki-kukurydziane-mikronizowane.png\",\"contentUrl\":\"https:\\\/\\\/naturalpoland.com\\\/wp-content\\\/uploads\\\/platki-kukurydziane-mikronizowane.png\",\"width\":1024,\"height\":1024,\"caption\":\"Fiocchi di mais micronizzati a infrarossi\"},{\"@type\":\"BreadcrumbList\",\"@id\":\"https:\\\/\\\/naturalpoland.com\\\/it\\\/produkty\\\/materie-prime-per-mangimi-animali\\\/materie-prime-per-mangimi-per-bovini\\\/fiocchi-di-mais-micronizzati-a-infrarossi\\\/#breadcrumb\",\"itemListElement\":[{\"@type\":\"ListItem\",\"position\":1,\"name\":\"Home\",\"item\":\"https:\\\/\\\/naturalpoland.com\\\/it\\\/\"},{\"@type\":\"ListItem\",\"position\":2,\"name\":\"Prodotti\",\"item\":\"https:\\\/\\\/naturalpoland.com\\\/it\\\/prodotti\\\/\"},{\"@type\":\"ListItem\",\"position\":3,\"name\":\"Fiocchi di mais micronizzati a infrarossi\"}]},{\"@type\":\"WebSite\",\"@id\":\"https:\\\/\\\/naturalpoland.com\\\/it\\\/#website\",\"url\":\"https:\\\/\\\/naturalpoland.com\\\/it\\\/\",\"name\":\"NATURAL POLAND - Distributore all'ingrosso di materie prime\",\"description\":\"Surowce dla przemys\u0142u spo\u017cywczego, kosmetycznego i farmaceutycznego\",\"publisher\":{\"@id\":\"https:\\\/\\\/naturalpoland.com\\\/it\\\/#organization\"},\"potentialAction\":[{\"@type\":\"SearchAction\",\"target\":{\"@type\":\"EntryPoint\",\"urlTemplate\":\"https:\\\/\\\/naturalpoland.com\\\/it\\\/?s={search_term_string}\"},\"query-input\":{\"@type\":\"PropertyValueSpecification\",\"valueRequired\":true,\"valueName\":\"search_term_string\"}}],\"inLanguage\":\"it-IT\"},{\"@type\":\"Organization\",\"@id\":\"https:\\\/\\\/naturalpoland.com\\\/it\\\/#organization\",\"name\":\"Natural Poland\",\"url\":\"https:\\\/\\\/naturalpoland.com\\\/it\\\/\",\"logo\":{\"@type\":\"ImageObject\",\"inLanguage\":\"it-IT\",\"@id\":\"https:\\\/\\\/naturalpoland.com\\\/it\\\/#\\\/schema\\\/logo\\\/image\\\/\",\"url\":\"https:\\\/\\\/naturalpoland.com\\\/wp-content\\\/uploads\\\/2021\\\/05\\\/natural-poland-icon.png\",\"contentUrl\":\"https:\\\/\\\/naturalpoland.com\\\/wp-content\\\/uploads\\\/2021\\\/05\\\/natural-poland-icon.png\",\"width\":512,\"height\":512,\"caption\":\"Natural Poland\"},\"image\":{\"@id\":\"https:\\\/\\\/naturalpoland.com\\\/it\\\/#\\\/schema\\\/logo\\\/image\\\/\"},\"sameAs\":[\"https:\\\/\\\/www.facebook.com\\\/naturalpoland.b2b\",\"https:\\\/\\\/pl.linkedin.com\\\/company\\\/natural-poland\",\"https:\\\/\\\/www.youtube.com\\\/channel\\\/UCgeGGkvOMahZo-xu_MSEWxg\"]}]}<\/script>\n<!-- \/ Yoast SEO plugin. -->","yoast_head_json":{"title":"Fiocchi di mais micronizzati - Distributore all'ingrosso","description":"Fiocchi di mais micronizzati \u2013 materia prima per mangimi ad alta digeribilit\u00e0 e alto contenuto di amido. Fonte ideale di energia per giovani animali da allevamento.","robots":{"index":"index","follow":"follow","max-snippet":"max-snippet:-1","max-image-preview":"max-image-preview:large","max-video-preview":"max-video-preview:-1"},"canonical":"https:\/\/naturalpoland.com\/it\/produkty\/materie-prime-per-mangimi-animali\/materie-prime-per-mangimi-per-bovini\/fiocchi-di-mais-micronizzati-a-infrarossi\/","og_locale":"it_IT","og_type":"article","og_title":"Fiocchi di mais micronizzati - Distributore all'ingrosso","og_description":"Fiocchi di mais micronizzati \u2013 materia prima per mangimi ad alta digeribilit\u00e0 e alto contenuto di amido. Fonte ideale di energia per giovani animali da allevamento.","og_url":"https:\/\/naturalpoland.com\/it\/produkty\/materie-prime-per-mangimi-animali\/materie-prime-per-mangimi-per-bovini\/fiocchi-di-mais-micronizzati-a-infrarossi\/","og_site_name":"NATURAL POLAND - Distributore all'ingrosso di materie prime","article_publisher":"https:\/\/www.facebook.com\/naturalpoland.b2b","article_modified_time":"2026-04-28T09:56:57+00:00","og_image":[{"width":1024,"height":1024,"url":"https:\/\/naturalpoland.com\/wp-content\/uploads\/platki-kukurydziane-mikronizowane.png","type":"image\/png"}],"schema":{"@context":"https:\/\/schema.org","@graph":[{"@type":"WebPage","@id":"https:\/\/naturalpoland.com\/it\/produkty\/materie-prime-per-mangimi-animali\/materie-prime-per-mangimi-per-bovini\/fiocchi-di-mais-micronizzati-a-infrarossi\/","url":"https:\/\/naturalpoland.com\/it\/produkty\/materie-prime-per-mangimi-animali\/materie-prime-per-mangimi-per-bovini\/fiocchi-di-mais-micronizzati-a-infrarossi\/","name":"Fiocchi di mais micronizzati - Distributore all'ingrosso","isPartOf":{"@id":"https:\/\/naturalpoland.com\/it\/#website"},"primaryImageOfPage":{"@id":"https:\/\/naturalpoland.com\/it\/produkty\/materie-prime-per-mangimi-animali\/materie-prime-per-mangimi-per-bovini\/fiocchi-di-mais-micronizzati-a-infrarossi\/#primaryimage"},"image":{"@id":"https:\/\/naturalpoland.com\/it\/produkty\/materie-prime-per-mangimi-animali\/materie-prime-per-mangimi-per-bovini\/fiocchi-di-mais-micronizzati-a-infrarossi\/#primaryimage"},"thumbnailUrl":"https:\/\/naturalpoland.com\/wp-content\/uploads\/platki-kukurydziane-mikronizowane.png","datePublished":"2026-04-24T12:55:14+00:00","dateModified":"2026-04-28T09:56:57+00:00","description":"Fiocchi di mais micronizzati \u2013 materia prima per mangimi ad alta digeribilit\u00e0 e alto contenuto di amido. Fonte ideale di energia per giovani animali da allevamento.","breadcrumb":{"@id":"https:\/\/naturalpoland.com\/it\/produkty\/materie-prime-per-mangimi-animali\/materie-prime-per-mangimi-per-bovini\/fiocchi-di-mais-micronizzati-a-infrarossi\/#breadcrumb"},"inLanguage":"it-IT","potentialAction":[{"@type":"ReadAction","target":["https:\/\/naturalpoland.com\/it\/produkty\/materie-prime-per-mangimi-animali\/materie-prime-per-mangimi-per-bovini\/fiocchi-di-mais-micronizzati-a-infrarossi\/"]}]},{"@type":"ImageObject","inLanguage":"it-IT","@id":"https:\/\/naturalpoland.com\/it\/produkty\/materie-prime-per-mangimi-animali\/materie-prime-per-mangimi-per-bovini\/fiocchi-di-mais-micronizzati-a-infrarossi\/#primaryimage","url":"https:\/\/naturalpoland.com\/wp-content\/uploads\/platki-kukurydziane-mikronizowane.png","contentUrl":"https:\/\/naturalpoland.com\/wp-content\/uploads\/platki-kukurydziane-mikronizowane.png","width":1024,"height":1024,"caption":"Fiocchi di mais micronizzati a infrarossi"},{"@type":"BreadcrumbList","@id":"https:\/\/naturalpoland.com\/it\/produkty\/materie-prime-per-mangimi-animali\/materie-prime-per-mangimi-per-bovini\/fiocchi-di-mais-micronizzati-a-infrarossi\/#breadcrumb","itemListElement":[{"@type":"ListItem","position":1,"name":"Home","item":"https:\/\/naturalpoland.com\/it\/"},{"@type":"ListItem","position":2,"name":"Prodotti","item":"https:\/\/naturalpoland.com\/it\/prodotti\/"},{"@type":"ListItem","position":3,"name":"Fiocchi di mais micronizzati a infrarossi"}]},{"@type":"WebSite","@id":"https:\/\/naturalpoland.com\/it\/#website","url":"https:\/\/naturalpoland.com\/it\/","name":"NATURAL POLAND - Distributore all'ingrosso di materie prime","description":"Surowce dla przemys\u0142u spo\u017cywczego, kosmetycznego i farmaceutycznego","publisher":{"@id":"https:\/\/naturalpoland.com\/it\/#organization"},"potentialAction":[{"@type":"SearchAction","target":{"@type":"EntryPoint","urlTemplate":"https:\/\/naturalpoland.com\/it\/?s={search_term_string}"},"query-input":{"@type":"PropertyValueSpecification","valueRequired":true,"valueName":"search_term_string"}}],"inLanguage":"it-IT"},{"@type":"Organization","@id":"https:\/\/naturalpoland.com\/it\/#organization","name":"Natural Poland","url":"https:\/\/naturalpoland.com\/it\/","logo":{"@type":"ImageObject","inLanguage":"it-IT","@id":"https:\/\/naturalpoland.com\/it\/#\/schema\/logo\/image\/","url":"https:\/\/naturalpoland.com\/wp-content\/uploads\/2021\/05\/natural-poland-icon.png","contentUrl":"https:\/\/naturalpoland.com\/wp-content\/uploads\/2021\/05\/natural-poland-icon.png","width":512,"height":512,"caption":"Natural Poland"},"image":{"@id":"https:\/\/naturalpoland.com\/it\/#\/schema\/logo\/image\/"},"sameAs":["https:\/\/www.facebook.com\/naturalpoland.b2b","https:\/\/pl.linkedin.com\/company\/natural-poland","https:\/\/www.youtube.com\/channel\/UCgeGGkvOMahZo-xu_MSEWxg"]}]}},"_links":{"self":[{"href":"https:\/\/naturalpoland.com\/it\/wp-json\/wp\/v2\/product\/47974","targetHints":{"allow":["GET"]}}],"collection":[{"href":"https:\/\/naturalpoland.com\/it\/wp-json\/wp\/v2\/product"}],"about":[{"href":"https:\/\/naturalpoland.com\/it\/wp-json\/wp\/v2\/types\/product"}],"wp:featuredmedia":[{"embeddable":true,"href":"https:\/\/naturalpoland.com\/it\/wp-json\/wp\/v2\/media\/47975"}],"wp:attachment":[{"href":"https:\/\/naturalpoland.com\/it\/wp-json\/wp\/v2\/media?parent=47974"}],"wp:term":[{"taxonomy":"product_brand","embeddable":true,"href":"https:\/\/naturalpoland.com\/it\/wp-json\/wp\/v2\/product_brand?post=47974"},{"taxonomy":"product_cat","embeddable":true,"href":"https:\/\/naturalpoland.com\/it\/wp-json\/wp\/v2\/product_cat?post=47974"},{"taxonomy":"product_tag","embeddable":true,"href":"https:\/\/naturalpoland.com\/it\/wp-json\/wp\/v2\/product_tag?post=47974"}],"curies":[{"name":"wp","href":"https:\/\/api.w.org\/{rel}","templated":true}]}}