{"id":41453,"date":"2025-06-12T13:01:21","date_gmt":"2025-06-12T11:01:21","guid":{"rendered":"https:\/\/naturalpoland.com\/kontakt\/"},"modified":"2025-07-01T12:33:37","modified_gmt":"2025-07-01T10:33:37","slug":"%ec%97%b0%eb%9d%bd%ec%b2%98","status":"publish","type":"page","link":"https:\/\/naturalpoland.com\/ko\/%ec%97%b0%eb%9d%bd%ec%b2%98\/","title":{"rendered":"\uc5f0\ub77d\ucc98"},"content":{"rendered":"\n\n\t<section class=\"section dark\" id=\"section_26192023\">\n\t\t<div class=\"section-bg fill\" >\n\t\t\t<img decoding=\"async\" width=\"2560\" height=\"2532\" src=\"https:\/\/naturalpoland.com\/wp-content\/uploads\/17-scaled.jpeg\" class=\"bg attachment- size-\" alt=\"\" \/>\t\t\t\t\t\t<div class=\"section-bg-overlay absolute fill\"><\/div>\n\t\t\t\n\n\t\t<\/div>\n\n\t\t\n\n\t\t<div class=\"section-content relative\">\n\t\t\t\n\n<div class=\"row\"  id=\"row-1587878163\">\n\n\n\t<div id=\"col-828979777\" class=\"col small-12 large-12\"  >\n\t\t\t\t<div class=\"col-inner text-center\"  >\n\t\t\t\n\t\t\t\n\n<h2 style=\"font-size: 200%;\">\uc5b8\uc81c\ub4e0\uc9c0 \ubb38\uc758\ud558\uc138\uc694<\/h2>\n\n\t\t<\/div>\n\t\t\t\t\n<style>\n#col-828979777 > .col-inner {\n  padding: 20px 0px 0px 0px;\n}\n<\/style>\n\t<\/div>\n\n\t\n\n<\/div>\n\n\t\t<\/div>\n\n\t\t\n<style>\n#section_26192023 {\n  padding-top: 140px;\n  padding-bottom: 140px;\n  background-color: rgb(40, 40, 40);\n}\n#section_26192023 .section-bg-overlay {\n  background-color: rgba(0, 0, 0, 0.535);\n}\n#section_26192023 .section-bg img {\n  object-position: 46% 71%;\n}\n<\/style>\n\t<\/section>\n\t\n\n\t<section class=\"section\" id=\"section_108418332\">\n\t\t<div class=\"section-bg fill\" >\n\t\t\t\t\t\t\t\t\t\n\t\t\t\n\n\t\t<\/div>\n\n\t\t\n\n\t\t<div class=\"section-content relative\">\n\t\t\t\n\n<div class=\"row\"  id=\"row-464880852\">\n\n\n\t<div id=\"col-65218613\" class=\"col small-12 large-12\"  >\n\t\t\t\t<div class=\"col-inner\"  >\n\t\t\t\n\t\t\t\n\n<div class=\"row align-equal\"  id=\"row-1822956266\">\n\n\n\t<div id=\"col-332318600\" class=\"col medium-4 small-12 large-4\"  >\n\t\t\t\t<div class=\"col-inner text-center\"  >\n\t\t\t\n\t\t\t\n\n\n\t\t<div class=\"icon-box featured-box icon-box-center text-center\"  >\n\t\t\t\t\t<div class=\"icon-box-img\" style=\"width: 60px\">\n\t\t\t\t<div class=\"icon\">\n\t\t\t\t\t<div class=\"icon-inner\" >\n\t\t\t\t\t\t<img decoding=\"async\" width=\"300\" height=\"300\" src=\"https:\/\/naturalpoland.com\/wp-content\/uploads\/contact-page-for-flatsome-wordpress-theme-pointed-icon-phone-300x300.png\" class=\"attachment-medium size-medium\" alt=\"\" srcset=\"https:\/\/naturalpoland.com\/wp-content\/uploads\/contact-page-for-flatsome-wordpress-theme-pointed-icon-phone-300x300.png 300w, https:\/\/naturalpoland.com\/wp-content\/uploads\/contact-page-for-flatsome-wordpress-theme-pointed-icon-phone-150x150.png 150w, https:\/\/naturalpoland.com\/wp-content\/uploads\/contact-page-for-flatsome-wordpress-theme-pointed-icon-phone-247x247.png 247w, https:\/\/naturalpoland.com\/wp-content\/uploads\/contact-page-for-flatsome-wordpress-theme-pointed-icon-phone-510x510.png 510w, https:\/\/naturalpoland.com\/wp-content\/uploads\/contact-page-for-flatsome-wordpress-theme-pointed-icon-phone-100x100.png 100w, https:\/\/naturalpoland.com\/wp-content\/uploads\/contact-page-for-flatsome-wordpress-theme-pointed-icon-phone.png 512w\" sizes=\"(max-width: 300px) 100vw, 300px\" \/>\t\t\t\t\t<\/div>\n\t\t\t\t<\/div>\n\t\t\t<\/div>\n\t\t\t\t<div class=\"icon-box-text last-reset\">\n\t\t\t\t\t\t\t\t\t\n\n<h4>\uc804\ud654 \ubb38\uc758<\/h4>\n\t<div id=\"gap-767210590\" class=\"gap-element clearfix\" style=\"display:block; height:auto;\">\n\t\t\n<style>\n#gap-767210590 {\n  padding-top: 20px;\n}\n<\/style>\n\t<\/div>\n\t\n\n<a href=\"tel:0048221121097\" class=\"button secondary\" >\n\t\t<span>0048 22 112 10 97<\/span>\n\t<\/a>\n\n\n\n\t\t<\/div>\n\t<\/div>\n\t\n\t\n\n\t\t<\/div>\n\t\t\t\t\t<\/div>\n\n\t\n\n\t<div id=\"col-1107382693\" class=\"col medium-4 small-12 large-4\"  >\n\t\t\t\t<div class=\"col-inner text-center\"  >\n\t\t\t\n\t\t\t\n\n\n\t\t<div class=\"icon-box featured-box icon-box-center text-center\"  >\n\t\t\t\t\t<div class=\"icon-box-img\" style=\"width: 60px\">\n\t\t\t\t<div class=\"icon\">\n\t\t\t\t\t<div class=\"icon-inner\" >\n\t\t\t\t\t\t<img decoding=\"async\" width=\"300\" height=\"300\" src=\"https:\/\/naturalpoland.com\/wp-content\/uploads\/contact-page-for-flatsome-wordpress-theme-pointed-icon-chat-300x300.png\" class=\"attachment-medium size-medium\" alt=\"\" srcset=\"https:\/\/naturalpoland.com\/wp-content\/uploads\/contact-page-for-flatsome-wordpress-theme-pointed-icon-chat-300x300.png 300w, https:\/\/naturalpoland.com\/wp-content\/uploads\/contact-page-for-flatsome-wordpress-theme-pointed-icon-chat-150x150.png 150w, https:\/\/naturalpoland.com\/wp-content\/uploads\/contact-page-for-flatsome-wordpress-theme-pointed-icon-chat-247x247.png 247w, https:\/\/naturalpoland.com\/wp-content\/uploads\/contact-page-for-flatsome-wordpress-theme-pointed-icon-chat-510x510.png 510w, https:\/\/naturalpoland.com\/wp-content\/uploads\/contact-page-for-flatsome-wordpress-theme-pointed-icon-chat-100x100.png 100w, https:\/\/naturalpoland.com\/wp-content\/uploads\/contact-page-for-flatsome-wordpress-theme-pointed-icon-chat.png 512w\" sizes=\"(max-width: 300px) 100vw, 300px\" \/>\t\t\t\t\t<\/div>\n\t\t\t\t<\/div>\n\t\t\t<\/div>\n\t\t\t\t<div class=\"icon-box-text last-reset\">\n\t\t\t\t\t\t\t\t\t\n\n<h4>WhatsApp<\/h4>\n\t<div id=\"gap-609909473\" class=\"gap-element clearfix\" style=\"display:block; height:auto;\">\n\t\t\n<style>\n#gap-609909473 {\n  padding-top: 20px;\n}\n<\/style>\n\t<\/div>\n\t\n\n\n\t\t<\/div>\n\t<\/div>\n\t\n\t\n<a href=\"https:\/\/wa.me\/48221121097\" class=\"button secondary\" >\n\t\t<span>0048221121097<\/span>\n\t<\/a>\n\n\n\n\t\t<\/div>\n\t\t\t\t\t<\/div>\n\n\t\n\n\t<div id=\"col-1165969128\" class=\"col medium-4 small-12 large-4\"  >\n\t\t\t\t<div class=\"col-inner text-center\"  >\n\t\t\t\n\t\t\t\n\n\n\t\t<div class=\"icon-box featured-box icon-box-center text-center\"  >\n\t\t\t\t\t<div class=\"icon-box-img\" style=\"width: 60px\">\n\t\t\t\t<div class=\"icon\">\n\t\t\t\t\t<div class=\"icon-inner\" >\n\t\t\t\t\t\t<img decoding=\"async\" width=\"300\" height=\"300\" src=\"https:\/\/naturalpoland.com\/wp-content\/uploads\/contact-page-for-flatsome-wordpress-theme-pointed-icon-chat-300x300.png\" class=\"attachment-medium size-medium\" alt=\"\" srcset=\"https:\/\/naturalpoland.com\/wp-content\/uploads\/contact-page-for-flatsome-wordpress-theme-pointed-icon-chat-300x300.png 300w, https:\/\/naturalpoland.com\/wp-content\/uploads\/contact-page-for-flatsome-wordpress-theme-pointed-icon-chat-150x150.png 150w, https:\/\/naturalpoland.com\/wp-content\/uploads\/contact-page-for-flatsome-wordpress-theme-pointed-icon-chat-247x247.png 247w, https:\/\/naturalpoland.com\/wp-content\/uploads\/contact-page-for-flatsome-wordpress-theme-pointed-icon-chat-510x510.png 510w, https:\/\/naturalpoland.com\/wp-content\/uploads\/contact-page-for-flatsome-wordpress-theme-pointed-icon-chat-100x100.png 100w, https:\/\/naturalpoland.com\/wp-content\/uploads\/contact-page-for-flatsome-wordpress-theme-pointed-icon-chat.png 512w\" sizes=\"(max-width: 300px) 100vw, 300px\" \/>\t\t\t\t\t<\/div>\n\t\t\t\t<\/div>\n\t\t\t<\/div>\n\t\t\t\t<div class=\"icon-box-text last-reset\">\n\t\t\t\t\t\t\t\t\t\n\n<h4>\uc774\uba54\uc77c<\/h4>\n\t<div id=\"gap-1300164097\" class=\"gap-element clearfix\" style=\"display:block; height:auto;\">\n\t\t\n<style>\n#gap-1300164097 {\n  padding-top: 20px;\n}\n<\/style>\n\t<\/div>\n\t\n\n\n\t\t<\/div>\n\t<\/div>\n\t\n\t\n<a href=\"mailto:kontakt@naturalpoland.com\" class=\"button secondary is-small lowercase\" >\n\t\t<span>kontakt@naturalpoland.com<\/span>\n\t<\/a>\n\n\n\n\t\t<\/div>\n\t\t\t\t\t<\/div>\n\n\t\n\n\t<div id=\"col-81583370\" class=\"col small-12 large-12\"  >\n\t\t\t\t<div class=\"col-inner text-center\" style=\"background-color:rgb(255,255,255);\" >\n\t\t\t\n\t\t\t\n\n<h3>\uc591\uc2dd \ubcf4\ub0b4\uae30<\/h3>\n<p>\uc800\ud76c \uc81c\ud488\uc5d0 \uad00\uc2ec\uc774 \uc788\uc73c\uc2dc\ub2e4\uba74 \uc8fc\uc800\ud558\uc9c0 \ub9c8\uc2dc\uace0 \ubb38\uc758\ud574 \uc8fc\uc138\uc694. \ucc3e\uace0 \uacc4\uc2e0 \uc6d0\uc790\uc7ac\uac00 \uc800\ud76c \ub370\uc774\ud130\ubca0\uc774\uc2a4\uc5d0 \uc5c6\ub294 \uacbd\uc6b0\uc5d0\ub3c4 \ubb38\uc758\ud574 \uc8fc\uc2dc\uba74 \ucd5c\ub300\ud55c \ube68\ub9ac \uacf5\uae09\uc5c5\uccb4\ub85c\ubd80\ud130 \uad6c\ud560 \uc218 \uc788\ub3c4\ub85d \ub178\ub825\ud558\uaca0\uc2b5\ub2c8\ub2e4. <\/p>\n<div class=\"is-divider divider clearfix\" ><\/div>\n\n<div class=\"row align-center\"  id=\"row-988535423\">\n\n\n\t<div id=\"col-157846186\" class=\"col medium-11 small-12 large-10\"  >\n\t\t\t\t<div class=\"col-inner text-left\"  >\n\t\t\t\n\t\t\t\n\n\n\n<div class=\"pipedriveWebForms\" data-pd-webforms=\"https:\/\/webforms.pipedrive.com\/f\/c5cg7LzkCCXSxYJtlnXPEtCMkcuRj6HvHzMKEcr5reAD5FbMWjnIP57LYkLzsqrnY7\"><script src=\"https:\/\/webforms.pipedrive.com\/f\/loader\"><\/script><\/div>\n\n\n\t\t<\/div>\n\t\t\t\t\t<\/div>\n\n\t\n\n<\/div>\n\n\t\t<\/div>\n\t\t\t\t\t<\/div>\n\n\t\n\n\t<div id=\"col-1158695359\" class=\"col small-12 large-12\"  >\n\t\t\t\t<div class=\"col-inner text-left\"  >\n\t\t\t\n\t\t\t\n\n\n\t<script type=\"text\/javascript\">\n  jQuery( document ).ready(function() {\n    function initialize() {\n        var styles = {\n            'flatsome':  [{\n            \"featureType\": \"administrative\",\n            \"stylers\": [\n              { \"visibility\": \"on\" }\n            ]\n          },\n          {\n            \"featureType\": \"road\",\n            \"stylers\": [\n              { \"visibility\": \"on\" },\n              { \"hue\": \"#000000\" }\n            ]\n          },\n          {\n            \"stylers\": [\n\t\t\t  { \"visibility\": \"on\" },\n\t\t\t  { \"hue\": \"#000000\" },\n\t\t\t  { \"saturation\": -100 }\n            ]\n          }\n        ]};\n\n        var myLatlng = new google.maps.LatLng(52.22409, 21.01618);\n        var myOptions = {\n            zoom: 17,\n            center: myLatlng,\n            mapTypeId: google.maps.MapTypeId.ROADMAP,\n            disableDefaultUI: true,\n            mapTypeId: 'flatsome',\n            draggable: true,\n            zoomControl: true,\n            zoomControlOptions: {\n              position: google.maps.ControlPosition.TOP_LEFT\n            },\n      \t\t\tmapTypeControl: true,\n            mapTypeControlOptions: {\n              position: google.maps.ControlPosition.TOP_LEFT\n            },\n      \t\t\tstreetViewControl: false,\n            streetViewControlOptions: {\n              position: google.maps.ControlPosition.TOP_LEFT\n            },\n            scrollwheel: false,\n            disableDoubleClickZoom: true\n        }\n        var map = new google.maps.Map(document.getElementById(\"map-4075565570-inner\"), myOptions);\n        var styledMapType = new google.maps.StyledMapType(styles['flatsome'], {name: 'flatsome'});\n        map.mapTypes.set('flatsome', styledMapType);\n\n        var marker = new google.maps.Marker({\n            position: myLatlng,\n            map: map,\n            title:\"\"\n        });\n    }\n\n    \/\/ Required to proceed\n    if (!(typeof google === 'object' && typeof google.maps === 'object')) {\n      return\n    }\n\n    initialize()\n    google.maps.event.addDomListener(window, 'resize', initialize);\n    });\n    <\/script>\n\n    <div class=\"google-map relative mb\" id=\"map-4075565570\">\n        <div class=\"map-height\" id=\"map-4075565570-inner\"><\/div>\n        <div id=\"map_overlay_top\"><\/div>\n        <div id=\"map_overlay_bottom\"><\/div>\n                  <div class=\"map_inner map-inner last-reset absolute x100 md-x95 lg-x95 y100 md-y95 lg-y95\">\n              \n\n<h4>Lokalizacja<\/h4>\n<p>ul. Marsza\u0142kowska 58 lok. 11<br \/>\n00-545 Warszawa<\/p>\n<a href=\"https:\/\/www.google.com\/maps\/dir\/\/natural+poland\/\" class=\"button primary is-small expand\" >\n\t\t<span>\uc561\uc138\uc2a4<\/span>\n\t<i class=\"icon-map-pin-fill\" aria-hidden=\"true\"><\/i><\/a>\n\n\n\n         <\/div>\n       \n       \n<style>\n#map-4075565570 .map-inner {\n  background-color: #fff;\n  max-width: 100%;\n}\n#map-4075565570 .map-height {\n  height: 400px;\n}\n@media (min-width:550px) {\n  #map-4075565570 .map-inner {\n    max-width: 40%;\n  }\n}\n@media (min-width:850px) {\n  #map-4075565570 .map-inner {\n    max-width: 30%;\n  }\n}\n<\/style>\n    <\/div>\n\n\t\n\n\t\t<\/div>\n\t\t\t\t\t<\/div>\n\n\t\n\n\n<style>\n#row-1822956266 > .col > .col-inner {\n  padding: 40px 40px 40px 40px;\n  background-color: rgb(255,255,255);\n}\n<\/style>\n<\/div>\n\n\t\t<\/div>\n\t\t\t\t\n<style>\n#col-65218613 > .col-inner {\n  margin: -100px 0px 0px 0px;\n}\n<\/style>\n\t<\/div>\n\n\t\n\n<\/div>\n<div class=\"row\"  id=\"row-1954206587\">\n\n\n\t<div id=\"col-1705509108\" class=\"col small-12 large-12\"  >\n\t\t\t\t<div class=\"col-inner text-center\"  >\n\t\t\t\n\t\t\t\n\n<h4>\ud68c\uc0ac \ub370\uc774\ud130<\/h4>\n<p>\ubc14\ub974\uc0e4\ubc14\uc5d0 \ub4f1\ub85d \uc0ac\ubb34\uc18c\ub97c \ub454 STRZELCZYK Sp. z o.o.<br \/> (\uc774\uc804: \u201cBRACIA STRZELCZYK\u201d WITOLD STRZELCZYK)<br \/>ul. Marsza\u0142kowska 58\/11 \ubc0f 12<br \/>00-545 \ubc14\ub974\uc0e4\ubc14<br \/>KRS: 0001055409<br \/>NIP: 7011162661<br \/>REGON: 526266110  <\/p>\n\n\t\t<\/div>\n\t\t\t\t\t<\/div>\n\n\t\n\n<\/div>\n\n\t\t<\/div>\n\n\t\t\n<style>\n#section_108418332 {\n  padding-top: 30px;\n  padding-bottom: 30px;\n  background-color: rgb(244, 244, 244);\n}\n<\/style>\n\t<\/section>\n\t\n\n","protected":false},"excerpt":{"rendered":"","protected":false},"author":1,"featured_media":0,"parent":0,"menu_order":6,"comment_status":"closed","ping_status":"closed","template":"","meta":{"_acf_changed":false,"footnotes":""},"class_list":["post-41453","page","type-page","status-publish","hentry"],"acf":[],"yoast_head":"<!-- This site is optimized with the Yoast SEO plugin v27.4 - https:\/\/yoast.com\/product\/yoast-seo-wordpress\/ -->\n<title>\uc5f0\ub77d\ucc98 - NATURAL POLAND - Hurtowy Dystrybutor Surowc\u00f3w<\/title>\n<meta name=\"description\" content=\"\ubb38\uc758\ucc98 Natural Poland - \uc2dd\ud488, \ud654\uc7a5\ud488 \ubc0f \uc81c\uc57d \uc6d0\ub8cc \uc720\ud1b5\uc5c5\uccb4.\" \/>\n<meta name=\"robots\" content=\"index, follow, max-snippet:-1, max-image-preview:large, max-video-preview:-1\" \/>\n<link rel=\"canonical\" href=\"https:\/\/naturalpoland.com\/ko\/%ec%97%b0%eb%9d%bd%ec%b2%98\/\" \/>\n<meta property=\"og:locale\" content=\"ko_KR\" \/>\n<meta property=\"og:type\" content=\"article\" \/>\n<meta property=\"og:title\" content=\"\uc5f0\ub77d\ucc98 - NATURAL POLAND - Hurtowy Dystrybutor Surowc\u00f3w\" \/>\n<meta property=\"og:description\" content=\"\ubb38\uc758\ucc98 Natural Poland - \uc2dd\ud488, \ud654\uc7a5\ud488 \ubc0f \uc81c\uc57d \uc6d0\ub8cc \uc720\ud1b5\uc5c5\uccb4.\" \/>\n<meta property=\"og:url\" content=\"https:\/\/naturalpoland.com\/ko\/%ec%97%b0%eb%9d%bd%ec%b2%98\/\" \/>\n<meta property=\"og:site_name\" content=\"NATURAL POLAND - Hurtowy Dystrybutor Surowc\u00f3w\" \/>\n<meta property=\"article:publisher\" content=\"https:\/\/www.facebook.com\/naturalpoland.b2b\" \/>\n<meta property=\"article:modified_time\" content=\"2025-07-01T10:33:37+00:00\" \/>\n<meta property=\"og:image\" content=\"https:\/\/naturalpoland.com\/wp-content\/uploads\/2021\/05\/natural-poland-icon.png\" \/>\n\t<meta property=\"og:image:width\" content=\"512\" \/>\n\t<meta property=\"og:image:height\" content=\"512\" \/>\n\t<meta property=\"og:image:type\" content=\"image\/png\" \/>\n<script type=\"application\/ld+json\" class=\"yoast-schema-graph\">{\"@context\":\"https:\\\/\\\/schema.org\",\"@graph\":[{\"@type\":\"WebPage\",\"@id\":\"https:\\\/\\\/naturalpoland.com\\\/ko\\\/%ec%97%b0%eb%9d%bd%ec%b2%98\\\/\",\"url\":\"https:\\\/\\\/naturalpoland.com\\\/ko\\\/%ec%97%b0%eb%9d%bd%ec%b2%98\\\/\",\"name\":\"\uc5f0\ub77d\ucc98 - NATURAL POLAND - Hurtowy Dystrybutor Surowc\u00f3w\",\"isPartOf\":{\"@id\":\"https:\\\/\\\/naturalpoland.com\\\/ko\\\/#website\"},\"datePublished\":\"2025-06-12T11:01:21+00:00\",\"dateModified\":\"2025-07-01T10:33:37+00:00\",\"description\":\"\ubb38\uc758\ucc98 Natural Poland - \uc2dd\ud488, \ud654\uc7a5\ud488 \ubc0f \uc81c\uc57d \uc6d0\ub8cc \uc720\ud1b5\uc5c5\uccb4.\",\"breadcrumb\":{\"@id\":\"https:\\\/\\\/naturalpoland.com\\\/ko\\\/%ec%97%b0%eb%9d%bd%ec%b2%98\\\/#breadcrumb\"},\"inLanguage\":\"ko-KR\",\"potentialAction\":[{\"@type\":\"ReadAction\",\"target\":[\"https:\\\/\\\/naturalpoland.com\\\/ko\\\/%ec%97%b0%eb%9d%bd%ec%b2%98\\\/\"]}]},{\"@type\":\"BreadcrumbList\",\"@id\":\"https:\\\/\\\/naturalpoland.com\\\/ko\\\/%ec%97%b0%eb%9d%bd%ec%b2%98\\\/#breadcrumb\",\"itemListElement\":[{\"@type\":\"ListItem\",\"position\":1,\"name\":\"\ud648\",\"item\":\"https:\\\/\\\/naturalpoland.com\\\/ko\\\/\"},{\"@type\":\"ListItem\",\"position\":2,\"name\":\"\uc5f0\ub77d\ucc98\"}]},{\"@type\":\"WebSite\",\"@id\":\"https:\\\/\\\/naturalpoland.com\\\/ko\\\/#website\",\"url\":\"https:\\\/\\\/naturalpoland.com\\\/ko\\\/\",\"name\":\"NATURAL POLAND - Hurtowy Dystrybutor Surowc\u00f3w\",\"description\":\"Surowce dla przemys\u0142u spo\u017cywczego, kosmetycznego i farmaceutycznego\",\"publisher\":{\"@id\":\"https:\\\/\\\/naturalpoland.com\\\/ko\\\/#organization\"},\"potentialAction\":[{\"@type\":\"SearchAction\",\"target\":{\"@type\":\"EntryPoint\",\"urlTemplate\":\"https:\\\/\\\/naturalpoland.com\\\/ko\\\/?s={search_term_string}\"},\"query-input\":{\"@type\":\"PropertyValueSpecification\",\"valueRequired\":true,\"valueName\":\"search_term_string\"}}],\"inLanguage\":\"ko-KR\"},{\"@type\":\"Organization\",\"@id\":\"https:\\\/\\\/naturalpoland.com\\\/ko\\\/#organization\",\"name\":\"Natural Poland\",\"url\":\"https:\\\/\\\/naturalpoland.com\\\/ko\\\/\",\"logo\":{\"@type\":\"ImageObject\",\"inLanguage\":\"ko-KR\",\"@id\":\"https:\\\/\\\/naturalpoland.com\\\/ko\\\/#\\\/schema\\\/logo\\\/image\\\/\",\"url\":\"https:\\\/\\\/naturalpoland.com\\\/wp-content\\\/uploads\\\/2021\\\/05\\\/natural-poland-icon.png\",\"contentUrl\":\"https:\\\/\\\/naturalpoland.com\\\/wp-content\\\/uploads\\\/2021\\\/05\\\/natural-poland-icon.png\",\"width\":512,\"height\":512,\"caption\":\"Natural Poland\"},\"image\":{\"@id\":\"https:\\\/\\\/naturalpoland.com\\\/ko\\\/#\\\/schema\\\/logo\\\/image\\\/\"},\"sameAs\":[\"https:\\\/\\\/www.facebook.com\\\/naturalpoland.b2b\",\"https:\\\/\\\/pl.linkedin.com\\\/company\\\/natural-poland\",\"https:\\\/\\\/www.youtube.com\\\/channel\\\/UCgeGGkvOMahZo-xu_MSEWxg\"]}]}<\/script>\n<!-- \/ Yoast SEO plugin. -->","yoast_head_json":{"title":"\uc5f0\ub77d\ucc98 - NATURAL POLAND - Hurtowy Dystrybutor Surowc\u00f3w","description":"\ubb38\uc758\ucc98 Natural Poland - \uc2dd\ud488, \ud654\uc7a5\ud488 \ubc0f \uc81c\uc57d \uc6d0\ub8cc \uc720\ud1b5\uc5c5\uccb4.","robots":{"index":"index","follow":"follow","max-snippet":"max-snippet:-1","max-image-preview":"max-image-preview:large","max-video-preview":"max-video-preview:-1"},"canonical":"https:\/\/naturalpoland.com\/ko\/%ec%97%b0%eb%9d%bd%ec%b2%98\/","og_locale":"ko_KR","og_type":"article","og_title":"\uc5f0\ub77d\ucc98 - NATURAL POLAND - Hurtowy Dystrybutor Surowc\u00f3w","og_description":"\ubb38\uc758\ucc98 Natural Poland - \uc2dd\ud488, \ud654\uc7a5\ud488 \ubc0f \uc81c\uc57d \uc6d0\ub8cc \uc720\ud1b5\uc5c5\uccb4.","og_url":"https:\/\/naturalpoland.com\/ko\/%ec%97%b0%eb%9d%bd%ec%b2%98\/","og_site_name":"NATURAL POLAND - Hurtowy Dystrybutor Surowc\u00f3w","article_publisher":"https:\/\/www.facebook.com\/naturalpoland.b2b","article_modified_time":"2025-07-01T10:33:37+00:00","og_image":[{"width":512,"height":512,"url":"https:\/\/naturalpoland.com\/wp-content\/uploads\/2021\/05\/natural-poland-icon.png","type":"image\/png"}],"schema":{"@context":"https:\/\/schema.org","@graph":[{"@type":"WebPage","@id":"https:\/\/naturalpoland.com\/ko\/%ec%97%b0%eb%9d%bd%ec%b2%98\/","url":"https:\/\/naturalpoland.com\/ko\/%ec%97%b0%eb%9d%bd%ec%b2%98\/","name":"\uc5f0\ub77d\ucc98 - NATURAL POLAND - Hurtowy Dystrybutor Surowc\u00f3w","isPartOf":{"@id":"https:\/\/naturalpoland.com\/ko\/#website"},"datePublished":"2025-06-12T11:01:21+00:00","dateModified":"2025-07-01T10:33:37+00:00","description":"\ubb38\uc758\ucc98 Natural Poland - \uc2dd\ud488, \ud654\uc7a5\ud488 \ubc0f \uc81c\uc57d \uc6d0\ub8cc \uc720\ud1b5\uc5c5\uccb4.","breadcrumb":{"@id":"https:\/\/naturalpoland.com\/ko\/%ec%97%b0%eb%9d%bd%ec%b2%98\/#breadcrumb"},"inLanguage":"ko-KR","potentialAction":[{"@type":"ReadAction","target":["https:\/\/naturalpoland.com\/ko\/%ec%97%b0%eb%9d%bd%ec%b2%98\/"]}]},{"@type":"BreadcrumbList","@id":"https:\/\/naturalpoland.com\/ko\/%ec%97%b0%eb%9d%bd%ec%b2%98\/#breadcrumb","itemListElement":[{"@type":"ListItem","position":1,"name":"\ud648","item":"https:\/\/naturalpoland.com\/ko\/"},{"@type":"ListItem","position":2,"name":"\uc5f0\ub77d\ucc98"}]},{"@type":"WebSite","@id":"https:\/\/naturalpoland.com\/ko\/#website","url":"https:\/\/naturalpoland.com\/ko\/","name":"NATURAL POLAND - Hurtowy Dystrybutor Surowc\u00f3w","description":"Surowce dla przemys\u0142u spo\u017cywczego, kosmetycznego i farmaceutycznego","publisher":{"@id":"https:\/\/naturalpoland.com\/ko\/#organization"},"potentialAction":[{"@type":"SearchAction","target":{"@type":"EntryPoint","urlTemplate":"https:\/\/naturalpoland.com\/ko\/?s={search_term_string}"},"query-input":{"@type":"PropertyValueSpecification","valueRequired":true,"valueName":"search_term_string"}}],"inLanguage":"ko-KR"},{"@type":"Organization","@id":"https:\/\/naturalpoland.com\/ko\/#organization","name":"Natural Poland","url":"https:\/\/naturalpoland.com\/ko\/","logo":{"@type":"ImageObject","inLanguage":"ko-KR","@id":"https:\/\/naturalpoland.com\/ko\/#\/schema\/logo\/image\/","url":"https:\/\/naturalpoland.com\/wp-content\/uploads\/2021\/05\/natural-poland-icon.png","contentUrl":"https:\/\/naturalpoland.com\/wp-content\/uploads\/2021\/05\/natural-poland-icon.png","width":512,"height":512,"caption":"Natural Poland"},"image":{"@id":"https:\/\/naturalpoland.com\/ko\/#\/schema\/logo\/image\/"},"sameAs":["https:\/\/www.facebook.com\/naturalpoland.b2b","https:\/\/pl.linkedin.com\/company\/natural-poland","https:\/\/www.youtube.com\/channel\/UCgeGGkvOMahZo-xu_MSEWxg"]}]}},"_links":{"self":[{"href":"https:\/\/naturalpoland.com\/ko\/wp-json\/wp\/v2\/pages\/41453","targetHints":{"allow":["GET"]}}],"collection":[{"href":"https:\/\/naturalpoland.com\/ko\/wp-json\/wp\/v2\/pages"}],"about":[{"href":"https:\/\/naturalpoland.com\/ko\/wp-json\/wp\/v2\/types\/page"}],"author":[{"embeddable":true,"href":"https:\/\/naturalpoland.com\/ko\/wp-json\/wp\/v2\/users\/1"}],"replies":[{"embeddable":true,"href":"https:\/\/naturalpoland.com\/ko\/wp-json\/wp\/v2\/comments?post=41453"}],"version-history":[{"count":0,"href":"https:\/\/naturalpoland.com\/ko\/wp-json\/wp\/v2\/pages\/41453\/revisions"}],"wp:attachment":[{"href":"https:\/\/naturalpoland.com\/ko\/wp-json\/wp\/v2\/media?parent=41453"}],"curies":[{"name":"wp","href":"https:\/\/api.w.org\/{rel}","templated":true}]}}