{"id":43746,"date":"2025-11-03T12:22:05","date_gmt":"2025-11-03T11:22:05","guid":{"rendered":"https:\/\/naturalpoland.com\/%ed%9a%8c%ec%82%ac-%ec%86%8c%ea%b0%9c\/"},"modified":"2025-11-03T12:22:16","modified_gmt":"2025-11-03T11:22:16","slug":"%ed%9a%8c%ec%82%ac-%ec%86%8c%ea%b0%9c","status":"publish","type":"page","link":"https:\/\/naturalpoland.com\/ko\/%ed%9a%8c%ec%82%ac-%ec%86%8c%ea%b0%9c\/","title":{"rendered":"\ud68c\uc0ac \uc18c\uac1c"},"content":{"rendered":"\n\n  <div class=\"banner has-hover\" id=\"banner-573974612\">\n          <div class=\"banner-inner fill\">\n        <div class=\"banner-bg fill\" >\n            <img decoding=\"async\" width=\"1020\" height=\"680\" src=\"https:\/\/naturalpoland.com\/wp-content\/uploads\/2011\/07\/Fotolia_84309657_Subscription_Monthly_M_shadow.jpg\" class=\"bg attachment-large size-large\" alt=\"Global Spread NATURAL POLAND\" \/>                        <div class=\"overlay\"><\/div>            \n                    <\/div>\n\t\t\n        <div class=\"banner-layers container\">\n            <div class=\"fill banner-link\"><\/div>            \n\n   <div id=\"text-box-687682723\" class=\"text-box banner-layer x50 md-x50 lg-x50 y50 md-y50 lg-y50 res-text\">\n                                <div class=\"text-box-content text dark\">\n              \n              <div class=\"text-inner text-center\">\n                  \n\n<h1 class=\"uppercase\">\ud68c\uc0ac \uc18c\uac1c<\/h1>\n\n              <\/div>\n           <\/div>\n                            \n<style>\n#text-box-687682723 {\n  width: 60%;\n}\n#text-box-687682723 .text-box-content {\n  font-size: 100%;\n}\n@media (min-width:550px) {\n  #text-box-687682723 {\n    width: 60%;\n  }\n}\n<\/style>\n    <\/div>\n \n\n        <\/div>\n      <\/div>\n\n            \n<style>\n#banner-573974612 {\n  padding-top: 350px;\n}\n#banner-573974612 .overlay {\n  background-color: rgba(0,0,0,.5);\n}\n#banner-573974612 .banner-bg img {\n  object-position: 77% 24%;\n}\n<\/style>\n  <\/div>\n\n\n\n\t<section class=\"section\" id=\"section_1240343077\">\n\t\t<div class=\"section-bg fill\" >\n\t\t\t\t\t\t\t\t\t\n\t\t\t\n\n\t\t<\/div>\n\n\t\t\n\n\t\t<div class=\"section-content relative\">\n\t\t\t\n\n\t<div id=\"gap-354027592\" class=\"gap-element clearfix\" style=\"display:block; height:auto;\">\n\t\t\n<style>\n#gap-354027592 {\n  padding-top: 40px;\n}\n<\/style>\n\t<\/div>\n\t\n\n<div class=\"row align-center\"  id=\"row-2082878903\">\n\n\n\t<div id=\"col-436672659\" class=\"col medium-4 small-10 large-4\"  >\n\t\t\t\t<div class=\"col-inner\"  >\n\t\t\t\n\t\t\t\n\n\t<div id=\"text-1419242477\" class=\"text\">\n\t\t\n\n<h2 class=\"uppercase\"><span style=\"font-size: 150%;\">Natural Poland<\/h2>\n<p>STRZELCZYK SP. Z O.O. <\/p>\n<p><\/span><\/p>\n\t\t\n<style>\n#text-1419242477 {\n  color: rgb(0,0,0);\n}\n#text-1419242477 > * {\n  color: rgb(0,0,0);\n}\n<\/style>\n\t<\/div>\n\t\n<a href=\"https:\/\/naturalpoland.com\/ko\/%ec%97%b0%eb%9d%bd%ec%b2%98\/\" class=\"button primary is-link\" >\n\t\t<span>\ud611\ub825 \ubb38\uc758<\/span>\n\t<i class=\"icon-angle-right\" aria-hidden=\"true\"><\/i><\/a>\n\n\n\t<div id=\"gap-1459365847\" class=\"gap-element clearfix\" style=\"display:block; height:auto;\">\n\t\t\n<style>\n#gap-1459365847 {\n  padding-top: 100px;\n}\n<\/style>\n\t<\/div>\n\t\n\n<h3><strong>\ud488\uc9c8 \ucd5c\uc6b0\uc120<\/strong><\/h3>\n<p>\ud488\uc9c8\uc740 \ub2f9\uc0ac \uc0ac\uc5c5\uc758 \uae30\ubc18\uc774\uba70, \uc774\ub294 \ub2f9\uc0ac\uc758 \ud488\uc9c8 \uad00\ub9ac \uc2dc\uc2a4\ud15c\uc774 \ucd5c\uace0 \uc218\uc900\uc758 \uad6d\uc81c \ud45c\uc900\uc744 \uc900\uc218\ud568\uc744 \ubcf4\uc7a5\ud558\ub294 <strong>ISO 9001:2015 \uc778\uc99d<\/strong>\uc73c\ub85c \ud655\uc778\ub429\ub2c8\ub2e4.<\/p>\n<p>\n    <img decoding=\"async\" src=\"\/wp-content\/uploads\/iso-209x300.png\" alt=\"Strzelczyk Sp. z o.o.\ub97c \uc704\ud55c WAT \ud488\uc9c8 \uc778\uc99d \uc13c\ud130 \ub9c8\ud06c\" width=\"150\" height=\"230\" style=\"margin: 3px;\">   <a href=\"\/wp-content\/uploads\/certyfikat-iso-strzelczyk.jpg\" target=\"_blank\"> <img decoding=\"async\" src=\"\/wp-content\/uploads\/certyfikat-iso-strzelczyk.jpg\" width=\"150\" style=\"margin: 3px;\"><\/a>\n<\/p>\n\n\t<div id=\"gap-1320103327\" class=\"gap-element clearfix\" style=\"display:block; height:auto;\">\n\t\t\n<style>\n#gap-1320103327 {\n  padding-top: 50px;\n}\n<\/style>\n\t<\/div>\n\t\n\n<h3><strong>\uc5d0\ucf54 \uc778\uc99d\uc11c<\/strong><\/h3>\n<p>\ub610\ud55c, \uc720\uae30\ub18d \uc6d0\ub8cc\uc758 \uc720\ud1b5, \ubcf4\uad00, \uc218\uc785 \ubc0f \uc218\ucd9c\uc744 \ud3ec\ud568\ud558\ub294 <strong>\uc5d0\ucf54 \uc778\uc99d\uc11c<\/strong>\ub97c \ubcf4\uc720\ud558\uace0 \uc788\uc2b5\ub2c8\ub2e4. \uc774\ub7ec\ud55c \ud45c\ucc3d\uc740 \uc2dc\uc7a5 \uc694\uad6c \uc0ac\ud56d\uacfc \ud658\uacbd \ubcf4\ud638\uc5d0 \ubd80\ud569\ud558\ub294 \ucd5c\uace0 \uc218\uc900\uc758 \uc81c\ud488\uc744 \uc81c\uacf5\ud558\ub824\ub294 \ub2f9\uc0ac\uc758 \ub178\ub825\uc744 \uc99d\uba85\ud569\ub2c8\ub2e4. <\/p>\n\t<div class=\"img has-hover x md-x lg-x y md-y lg-y\" id=\"image_1968821925\">\n\t\t\t\t\t\t\t\t<div class=\"img-inner dark\" >\n\t\t\t<img decoding=\"async\" width=\"543\" height=\"533\" src=\"https:\/\/naturalpoland.com\/wp-content\/uploads\/eko.jpg\" class=\"attachment-large size-large\" alt=\"certyfikat eko\" srcset=\"https:\/\/naturalpoland.com\/wp-content\/uploads\/eko.jpg 543w, https:\/\/naturalpoland.com\/wp-content\/uploads\/eko-300x294.jpg 300w, https:\/\/naturalpoland.com\/wp-content\/uploads\/eko-510x501.jpg 510w\" sizes=\"(max-width: 543px) 100vw, 543px\" \/>\t\t\t\t\t\t\n\t\t\t\t\t<\/div>\n\t\t\t\t\t\t\t\t\n<style>\n#image_1968821925 {\n  width: 100%;\n}\n<\/style>\n\t<\/div>\n\t\n\n<p><strong>\ub2f9\uc0ac\ub294 \ud65c\uc131 \ubb3c\uc9c8, \ud654\ud559 \uc6d0\ub8cc \ubc0f \uae30\ub2a5\uc131 \ucca8\uac00\ubb3c \uac70\ub798\ub97c \uc804\ubb38\uc73c\ub85c \ud569\ub2c8\ub2e4.<\/strong> \ub2f9\uc0ac\uc758 \uc81c\ud488\uc740 \uc2dd\ud488, \uc81c\uc57d \ubc0f \ud654\uc7a5\ud488 \uc0b0\uc5c5\uc5d0\uc11c \uc0ac\uc6a9\ub429\ub2c8\ub2e4. <\/p>\n<p>\uace0\uac1d\uc758 \uc2e0\ub8b0\uc640 \uc2dc\uc7a5\uc5d0\uc11c\uc758 \uc778\uc815\uc740 \ub2f9\uc0ac\uc758 \ucd5c\uc6b0\uc120 \uacfc\uc81c\uc785\ub2c8\ub2e4. \ub2f9\uc0ac\ub97c \uc120\ud0dd\ud574 \uc8fc\uc154\uc11c \uac10\uc0ac\ub4dc\ub9ac\uba70, \ub2f9\uc0ac\uc5d0\uc11c\ub294 \ud488\uc9c8\uacfc \uc804\ubb38\uc131\uc774 \ud568\uaed8\ud568\uc744 \uc57d\uc18d\ub4dc\ub9bd\ub2c8\ub2e4. <\/p>\n\n\t\t<\/div>\n\t\t\t\t\t<\/div>\n\n\t\n\n\t<div id=\"col-1127900203\" class=\"col medium-8 small-10 large-8\"  >\n\t\t\t\t<div class=\"col-inner\"  >\n\t\t\t\n\t\t\t\n\n\t<div id=\"text-3834776212\" class=\"text\">\n\t\t\n\n<p><strong>Natural Poland\ub294 \uc2dd\ud488, \ud654\uc7a5\ud488 \ubc0f \uc81c\uc57d \uc0b0\uc5c5\uc744 \uc704\ud55c \uad11\ubc94\uc704\ud55c \uc6d0\ub8cc \uc720\ud1b5\uc744 \uc804\ubb38\uc73c\ub85c \ud558\ub294 \ud3f4\ub780\ub4dc \ud68c\uc0ac\uc785\ub2c8\ub2e4<\/strong>. \ud601\uc2e0\uc801\uc778 \uc81c\ud488\uc744 \ud3ec\ud568\ud55c \uace0\ud488\uc9c8 \uc81c\ud488\uc73c\ub85c \uc798 \uc54c\ub824\uc9c4 Natural Poland\ub294 \uc720\ub7fd\uc5d0\uc11c \uc804\ubb38 \uc2dd\ud488, \ud654\uc7a5\ud488 \ubc0f \uc81c\uc57d \uc6d0\ub8cc\uc758 \uc120\ub3c4\uc801\uc778 \uc720\ud1b5\uc5c5\uccb4\ub85c \uc790\ub9ac\ub9e4\uae40\ud588\uc2b5\ub2c8\ub2e4. <\/p>\n<h3>\uc5f0\ud601<\/h3>\n<p><span style=\"font-weight: 400;\">1986\ub144\uc5d0 \uc124\ub9bd\ub41c, <strong><a href=\"https:\/\/www.strzelczyk.pl\">Strzelczyk Sp. z o.o. \ubd80\ub3d9\uc0b0 \uc5d0\uc774\uc804\uc2dc (\uad6c Bracia Strzelczyk Witold Strzelczyk) <\/a><\/strong> \ud3f4\ub780\ub4dc\uc5d0\uc11c 2014\ub144\uc5d0 \uc0ac\uc5c5\uc744 \ud655\uc7a5\ud558\uc5ec \uc911\uc694\ud55c \uc804\ud658\uc810\uc744 \ub9de\uc774\ud588\uc2b5\ub2c8\ub2e4. \uc774 \uc804\ub7b5\uc801\uc778 \uc6c0\uc9c1\uc784\uc740 \uace0\ud488\uc9c8 \ud654\uc7a5\ud488, \uc2dd\ud488 \ubc0f \uc81c\uc57d \uc6d0\ub8cc\uc758 \uae00\ub85c\ubc8c \ubb34\uc5ed\uc5d0 \uc804\ub150\ud558\ub294 \uc0c8\ub85c\uc6b4 \ube0c\ub79c\ub4dc\uc778 Natural Poland\uc758 \ud0c4\uc0dd\uc73c\ub85c \uc774\uc5b4\uc84c\uc2b5\ub2c8\ub2e4. \uc124\ub9bd \uc774\ud6c4 Natural Poland\ub294 \uc120\ub3c4\uc801\uc778 \uc81c\uc870\uc5c5\uccb4\uc640\uc758 \uc804\ub7b5\uc801 \ud30c\ud2b8\ub108\uc2ed\uc744 \ud1b5\ud574 \uc6d0\ub8cc \uc2dc\uc7a5\uc5d0\uc11c \uac15\ub825\ud55c \ud50c\ub808\uc774\uc5b4\uac00 \ub418\uc5c8\uc2b5\ub2c8\ub2e4.  <\/span><\/p>\n<h3>\uc81c\ud488 \ud3ec\ud2b8\ud3f4\ub9ac\uc624<\/h3>\n<p><b>Natural Poland \uc81c\ud488 \ud3ec\ud2b8\ud3f4\ub9ac\uc624\uc758 \ud575\uc2ec \uc694\uc18c \uc911 \ud558\ub098\ub294 \uc8fc\ub85c \ud3f4\ub780\ub4dc\uc640 \uc6b0\ud06c\ub77c\uc774\ub098\uc5d0\uc11c \uc0dd\uc0b0\ub418\ub294 \ucc9c\uc5f0 <a href=\"https:\/\/naturalpoland.com\/en\/category\/food-and-cosmetic-oils\/\">\ub0c9\uc555\ucc29 \uc2dd\ubb3c\uc131 \uc624\uc77c<\/a>\uc785\ub2c8\ub2e4.<\/b><span style=\"font-weight: 400;\">\uc774 \uc624\uc77c\ub4e4\uc740 \uc5c4\uaca9\ud55c \uc720\ub7fd \uaddc\ubc94\uacfc \ud45c\uc900\uc744 \ucda9\uc871\ud558\uc5ec \ud488\uc9c8\uacfc \uc2e0\ub8b0\uc131\uc744 \ubcf4\uc7a5\ud569\ub2c8\ub2e4. \ud558\uc9c0\ub9cc   <\/span><b>\ub2f9\uc0ac\uc758 \uce74\ud0c8\ub85c\uadf8\ub294 \uc624\uc77c \uc678\uc5d0\ub3c4 \ucd94\ucd9c\ubb3c, \uce68\uc5f0\uc561, \ud558\uc774\ub4dc\ub85c\uc878, \ud654\uc7a5\ud488\uc6a9 \uc810\ud1a0, \uc641\uc2a4, \uc2dd\ubb3c \uc904\uae30\uc138\ud3ec, \ud654\uc7a5\ud488 \uc911\uac04\uc7ac \ub4f1 \ub2e4\uc591\ud55c \uc6d0\ub8cc\ub97c \ud3ec\ud568\ud569\ub2c8\ub2e4.<\/b><\/p>\n<h3>\uad6d\uc81c \ud65c\ub3d9:<\/h3>\n<p><strong>\ub2f9\uc0ac\ub294 \uae00\ub85c\ubc8c \uc2dc\uc7a5\uc5d0\uc11c \uac15\ub825\ud55c \uc785\uc9c0\ub97c \uad6c\ucd95\ud588\uc73c\uba70, \uc81c\ud488\uc740 20\uac1c \uc774\uc0c1\uc758 \uc720\ub7fd \uad6d\uac00\uc640 \uc720\ub7fd \uc678 \uc9c0\uc5ed(\uc608: \uc911\uad6d, \ud55c\uad6d, \ubbf8\uad6d)\uc73c\ub85c \uc720\ud1b5\ub429\ub2c8\ub2e4. <\/strong>. \uad6d\uc81c \ube44\uc988\ub2c8\uc2a4 \uc804\ub7b5\uc5d0 \ub530\ub77c Natural Poland\ub294 SIAL, Food Taipei, \ud64d\ucf69 Food Expo, Fi Europe \ubc15\ub78c\ud68c\uc640 \uac19\uc740 \uc8fc\uc694 \ubc15\ub78c\ud68c\uc5d0 \uc801\uadf9\uc801\uc73c\ub85c \ucc38\uc5ec\ud558\uc5ec \uc81c\ud488\uc744 \uc120\ubcf4\uc774\uace0 \uc7a0\uc7ac\uc801 \ud30c\ud2b8\ub108\uc640 \uad00\uacc4\ub97c \uad6c\ucd95\ud569\ub2c8\ub2e4.<br><br><\/p>\n<p><img decoding=\"async\" class=\"aligncenter wp-image-30769 \" src=\"https:\/\/naturalpoland.com\/wp-content\/uploads\/\/cosmoprof1-300x197.jpg\" alt=\"\" width=\"370\" height=\"243\" srcset=\"https:\/\/naturalpoland.com\/wp-content\/uploads\/cosmoprof1-300x197.jpg 300w, https:\/\/naturalpoland.com\/wp-content\/uploads\/cosmoprof1-1024x672.jpg 1024w, https:\/\/naturalpoland.com\/wp-content\/uploads\/cosmoprof1-768x504.jpg 768w, https:\/\/naturalpoland.com\/wp-content\/uploads\/cosmoprof1-510x335.jpg 510w, https:\/\/naturalpoland.com\/wp-content\/uploads\/cosmoprof1.jpg 1200w\" sizes=\"(max-width: 370px) 100vw, 370px\" \/><\/p>\n<p> <\/p>\n<p>\uc601\uc5b4, \ub3c5\uc77c\uc5b4, \ud504\ub791\uc2a4\uc5b4, \ud3f4\ub780\ub4dc\uc5b4, \uc6b0\ud06c\ub77c\uc774\ub098\uc5b4, \ub7ec\uc2dc\uc544\uc5b4 \ubc0f \uc911\uad6d\uc5b4\uc5d0 \ub2a5\ud1b5\ud55c \ub2e4\uad6d\uc5b4 \uc9c1\uc6d0\uc744 \ubcf4\uc720\ud55c Natural Poland\ub294 \uad6d\uc81c\uc801\uc778 \uad00\uacc4 \uad6c\ucd95\uc5d0 \ud0c1\uc6d4\ud569\ub2c8\ub2e4. \uc911\uad6d \uc2dc\uc7a5\uc744 \uc704\ud574 \ub2f9\uc0ac\ub294 \uc911\uad6d\uc5b4(\ub9cc\ub2e4\ub9b0)\ub97c \uad6c\uc0ac\ud558\ub294 \uc9c1\uc6d0\uacfc \uc911\uad6d \ud604\uc9c0 \uc804\ub2f4 \ub300\ud45c\ub97c \ub450\uace0 \uc788\uc2b5\ub2c8\ub2e4. \uc774\ub7ec\ud55c \ub2e4\uc591\ud55c \uc778\ub825\uc740 \ub2f9\uc0ac\uac00 \uc804 \uc138\uacc4 \ud30c\ud2b8\ub108\uc640 \uc6d0\ud65c\ud558\uac8c \ube44\uc988\ub2c8\uc2a4 \uac70\ub798\ub97c \uc218\ud589\ud558\uace0 \uc9c0\uc18d\uc801\uc778 \uad00\uacc4\ub97c \uad6c\ucd95\ud560 \uc218 \uc788\ub3c4\ub85d \ud569\ub2c8\ub2e4.  <\/p>\n<h3>\ud488\uc9c8 \ubcf4\uc99d<\/h3>\n<p>Natural Poland\ub294 \uace0\ud488\uc9c8 \uc720\uc9c0 \ubc0f \uc0b0\uc5c5 \ud45c\uc900 \uc900\uc218\uc5d0 \ud070 \uc911\uc694\uc131\uc744 \ubd80\uc5ec\ud569\ub2c8\ub2e4. <strong>\ub2f9\uc0ac\ub294 \ud611\ub825\ud558\ub294 \ub18d\uc7a5\uacfc \uc0dd\uc0b0 \uc2dc\uc124\uc744 \uc9c1\uc811 \ubc29\ubb38\ud558\uc5ec \ubaa8\ub4e0 \uacf5\uc815\uc774 \uc5c4\uaca9\ud55c \ud45c\uc900\uc744 \ucda9\uc871\ud558\ub294\uc9c0 \ud655\uc778\ud568\uc73c\ub85c\uc368 \uc774\ub7ec\ud55c \uc57d\uc18d\uc744 \uc801\uadf9\uc801\uc73c\ub85c \uc774\ud589\ud569\ub2c8\ub2e4<\/strong>. \uc774\ub7ec\ud55c \uc811\uadfc \ubc29\uc2dd\uc740 \ucd5c\uace0\uc758 \uc6d0\ub8cc\ub9cc\uc774 \uacf5\uae09\ub9dd\uc5d0 \uc720\uc785\ub418\ub3c4\ub85d \ubcf4\uc7a5\ud569\ub2c8\ub2e4. <\/p>\n<p>\ud488\uc9c8\uc5d0 \ub300\ud55c \uc57d\uc18d\uc744 \uac15\uc870\ud558\uba70, Natural Poland\ub294 \ucca0\uc800\ud788 \uac80\uc99d\ub41c \uacf5\uae09\uc5c5\uccb4\uc640\ub9cc \ud611\ub825\ud569\ub2c8\ub2e4. \ub610\ud55c, \uc81c\uacf5\ub418\ub294 \ubaa8\ub4e0 \uc6d0\ub8cc\ub294 \ud544\uc694\ud55c \uc778\uc99d\uc11c\ub97c \ubcf4\uc720\ud558\uace0 \uc788\uc73c\uba70, \uc774\ub294 \uc81c\ud488\uc758 \uc2e0\ub8b0\uc131\uacfc \uc548\uc804\uc131\uc744 \ub04a\uc784\uc5c6\uc774 \ucd94\uad6c\ud558\ub294 \ub2f9\uc0ac\uc758 \ub178\ub825\uc744 \ubcf4\uc5ec\uc90d\ub2c8\ub2e4. <\/p>\n<h3>\uc5f0\uad6c \uac1c\ubc1c:<\/h3>\n<p>Natural Poland\ub294 \ud601\uc2e0\uacfc \uc81c\ud488 \uac1c\ubc1c\uc5d0 \uc911\uc810\uc744 \ub450\uba70, \ucd5c\ucca8\ub2e8 \uc81c\ud488\uc744 \uc790\uc0ac \uc81c\ud488\uad70\uc5d0 \ud3ec\ud568\uc2dc\ud0a4\uae30 \uc704\ud574 \ub04a\uc784\uc5c6\uc774 \ub178\ub825\ud569\ub2c8\ub2e4.<\/p>\n<p>\ub2f9\uc0ac\ub294 \uc2dd\ud488 \ubc0f \ud654\uc7a5\ud488 \uc6d0\ub8cc \ubd84\uc57c\uc758 \ucd5c\uc2e0 \ubc1c\uc804\uc5d0 \ud56d\uc0c1 \ucd09\uac01\uc744 \uace4\ub450\uc138\uc6b0\uace0 \uc788\uc2b5\ub2c8\ub2e4. \ud604\uc7ac \uc81c\uacf5\ub418\ub294 \uc81c\ud488\uc5d0 \uc5c6\ub294 \uc6d0\ub8cc\uac00 \uc788\uc744 \uacbd\uc6b0, \ud300\uc740 \uc774\ub97c \ud655\ubcf4\ud558\uae30 \uc704\ud574 \ucca0\uc800\ud55c \uae00\ub85c\ubc8c \ud0d0\uc0c9\uc744 \uc218\ud589\ud569\ub2c8\ub2e4. \uc774\ub7ec\ud55c \uc801\uadf9\uc801\uc778 \uc811\uadfc \ubc29\uc2dd\uc740 Natural Poland\uac00 \ud601\uc2e0\uc801\uc778 \uc81c\ud488\uc5d0 \uc811\uadfc\ud560 \uc218 \uc788\ub3c4\ub85d \ubcf4\uc7a5\ud558\uba70, \uc5c5\uacc4 \uc120\ub450 \uc704\uce58\ub97c \uc720\uc9c0\ud558\uac8c \ud569\ub2c8\ub2e4.  <\/p>\n\t\t\n<style>\n#text-3834776212 {\n  color: rgb(0,0,0);\n}\n#text-3834776212 > * {\n  color: rgb(0,0,0);\n}\n<\/style>\n\t<\/div>\n\t\n\n\t\t<\/div>\n\t\t\t\t\t<\/div>\n\n\t\n\n<\/div>\n\n\t\t<\/div>\n\n\t\t\n<style>\n#section_1240343077 {\n  padding-top: 30px;\n  padding-bottom: 30px;\n}\n<\/style>\n\t<\/section>\n\t\n<div class=\"row\"  id=\"row-410651496\">\n\n\n<\/div>\n\n","protected":false},"excerpt":{"rendered":"","protected":false},"author":1,"featured_media":0,"parent":0,"menu_order":1,"comment_status":"closed","ping_status":"open","template":"page-blank.php","meta":{"_acf_changed":false,"footnotes":""},"class_list":["post-43746","page","type-page","status-publish","hentry"],"acf":[],"yoast_head":"<!-- This site is optimized with the Yoast SEO plugin v27.5 - https:\/\/yoast.com\/product\/yoast-seo-wordpress\/ -->\n<title>\ud68c\uc0ac \uc18c\uac1c - NATURAL POLAND - Hurtowy Dystrybutor Surowc\u00f3w<\/title>\n<meta name=\"robots\" content=\"index, follow, max-snippet:-1, max-image-preview:large, max-video-preview:-1\" \/>\n<link rel=\"canonical\" href=\"https:\/\/naturalpoland.com\/ko\/%ed%9a%8c%ec%82%ac-%ec%86%8c%ea%b0%9c\/\" \/>\n<meta property=\"og:locale\" content=\"ko_KR\" \/>\n<meta property=\"og:type\" content=\"article\" \/>\n<meta property=\"og:title\" content=\"\ud68c\uc0ac \uc18c\uac1c - NATURAL POLAND - Hurtowy Dystrybutor Surowc\u00f3w\" \/>\n<meta property=\"og:url\" content=\"https:\/\/naturalpoland.com\/ko\/%ed%9a%8c%ec%82%ac-%ec%86%8c%ea%b0%9c\/\" \/>\n<meta property=\"og:site_name\" content=\"NATURAL POLAND - Hurtowy Dystrybutor Surowc\u00f3w\" \/>\n<meta property=\"article:publisher\" content=\"https:\/\/www.facebook.com\/naturalpoland.b2b\" \/>\n<meta property=\"article:modified_time\" content=\"2025-11-03T11:22:16+00:00\" \/>\n<meta property=\"og:image\" content=\"https:\/\/naturalpoland.com\/wp-content\/uploads\/\/cosmoprof1-300x197.jpg\" \/>\n<script type=\"application\/ld+json\" class=\"yoast-schema-graph\">{\"@context\":\"https:\\\/\\\/schema.org\",\"@graph\":[{\"@type\":\"WebPage\",\"@id\":\"https:\\\/\\\/naturalpoland.com\\\/ko\\\/%ed%9a%8c%ec%82%ac-%ec%86%8c%ea%b0%9c\\\/\",\"url\":\"https:\\\/\\\/naturalpoland.com\\\/ko\\\/%ed%9a%8c%ec%82%ac-%ec%86%8c%ea%b0%9c\\\/\",\"name\":\"\ud68c\uc0ac \uc18c\uac1c - NATURAL POLAND - Hurtowy Dystrybutor Surowc\u00f3w\",\"isPartOf\":{\"@id\":\"https:\\\/\\\/naturalpoland.com\\\/ko\\\/#website\"},\"primaryImageOfPage\":{\"@id\":\"https:\\\/\\\/naturalpoland.com\\\/ko\\\/%ed%9a%8c%ec%82%ac-%ec%86%8c%ea%b0%9c\\\/#primaryimage\"},\"image\":{\"@id\":\"https:\\\/\\\/naturalpoland.com\\\/ko\\\/%ed%9a%8c%ec%82%ac-%ec%86%8c%ea%b0%9c\\\/#primaryimage\"},\"thumbnailUrl\":\"https:\\\/\\\/naturalpoland.com\\\/wp-content\\\/uploads\\\/\\\/cosmoprof1-300x197.jpg\",\"datePublished\":\"2025-11-03T11:22:05+00:00\",\"dateModified\":\"2025-11-03T11:22:16+00:00\",\"breadcrumb\":{\"@id\":\"https:\\\/\\\/naturalpoland.com\\\/ko\\\/%ed%9a%8c%ec%82%ac-%ec%86%8c%ea%b0%9c\\\/#breadcrumb\"},\"inLanguage\":\"ko-KR\",\"potentialAction\":[{\"@type\":\"ReadAction\",\"target\":[\"https:\\\/\\\/naturalpoland.com\\\/ko\\\/%ed%9a%8c%ec%82%ac-%ec%86%8c%ea%b0%9c\\\/\"]}]},{\"@type\":\"ImageObject\",\"inLanguage\":\"ko-KR\",\"@id\":\"https:\\\/\\\/naturalpoland.com\\\/ko\\\/%ed%9a%8c%ec%82%ac-%ec%86%8c%ea%b0%9c\\\/#primaryimage\",\"url\":\"https:\\\/\\\/naturalpoland.com\\\/wp-content\\\/uploads\\\/\\\/cosmoprof1-300x197.jpg\",\"contentUrl\":\"https:\\\/\\\/naturalpoland.com\\\/wp-content\\\/uploads\\\/\\\/cosmoprof1-300x197.jpg\"},{\"@type\":\"BreadcrumbList\",\"@id\":\"https:\\\/\\\/naturalpoland.com\\\/ko\\\/%ed%9a%8c%ec%82%ac-%ec%86%8c%ea%b0%9c\\\/#breadcrumb\",\"itemListElement\":[{\"@type\":\"ListItem\",\"position\":1,\"name\":\"\ud648\",\"item\":\"https:\\\/\\\/naturalpoland.com\\\/ko\\\/\"},{\"@type\":\"ListItem\",\"position\":2,\"name\":\"\ud68c\uc0ac \uc18c\uac1c\"}]},{\"@type\":\"WebSite\",\"@id\":\"https:\\\/\\\/naturalpoland.com\\\/ko\\\/#website\",\"url\":\"https:\\\/\\\/naturalpoland.com\\\/ko\\\/\",\"name\":\"NATURAL POLAND - Hurtowy Dystrybutor Surowc\u00f3w\",\"description\":\"Surowce dla przemys\u0142u spo\u017cywczego, kosmetycznego i farmaceutycznego\",\"publisher\":{\"@id\":\"https:\\\/\\\/naturalpoland.com\\\/ko\\\/#organization\"},\"potentialAction\":[{\"@type\":\"SearchAction\",\"target\":{\"@type\":\"EntryPoint\",\"urlTemplate\":\"https:\\\/\\\/naturalpoland.com\\\/ko\\\/?s={search_term_string}\"},\"query-input\":{\"@type\":\"PropertyValueSpecification\",\"valueRequired\":true,\"valueName\":\"search_term_string\"}}],\"inLanguage\":\"ko-KR\"},{\"@type\":\"Organization\",\"@id\":\"https:\\\/\\\/naturalpoland.com\\\/ko\\\/#organization\",\"name\":\"Natural Poland\",\"url\":\"https:\\\/\\\/naturalpoland.com\\\/ko\\\/\",\"logo\":{\"@type\":\"ImageObject\",\"inLanguage\":\"ko-KR\",\"@id\":\"https:\\\/\\\/naturalpoland.com\\\/ko\\\/#\\\/schema\\\/logo\\\/image\\\/\",\"url\":\"https:\\\/\\\/naturalpoland.com\\\/wp-content\\\/uploads\\\/2021\\\/05\\\/natural-poland-icon.png\",\"contentUrl\":\"https:\\\/\\\/naturalpoland.com\\\/wp-content\\\/uploads\\\/2021\\\/05\\\/natural-poland-icon.png\",\"width\":512,\"height\":512,\"caption\":\"Natural Poland\"},\"image\":{\"@id\":\"https:\\\/\\\/naturalpoland.com\\\/ko\\\/#\\\/schema\\\/logo\\\/image\\\/\"},\"sameAs\":[\"https:\\\/\\\/www.facebook.com\\\/naturalpoland.b2b\",\"https:\\\/\\\/pl.linkedin.com\\\/company\\\/natural-poland\",\"https:\\\/\\\/www.youtube.com\\\/channel\\\/UCgeGGkvOMahZo-xu_MSEWxg\"]}]}<\/script>\n<!-- \/ Yoast SEO plugin. -->","yoast_head_json":{"title":"\ud68c\uc0ac \uc18c\uac1c - NATURAL POLAND - Hurtowy Dystrybutor Surowc\u00f3w","robots":{"index":"index","follow":"follow","max-snippet":"max-snippet:-1","max-image-preview":"max-image-preview:large","max-video-preview":"max-video-preview:-1"},"canonical":"https:\/\/naturalpoland.com\/ko\/%ed%9a%8c%ec%82%ac-%ec%86%8c%ea%b0%9c\/","og_locale":"ko_KR","og_type":"article","og_title":"\ud68c\uc0ac \uc18c\uac1c - NATURAL POLAND - Hurtowy Dystrybutor Surowc\u00f3w","og_url":"https:\/\/naturalpoland.com\/ko\/%ed%9a%8c%ec%82%ac-%ec%86%8c%ea%b0%9c\/","og_site_name":"NATURAL POLAND - Hurtowy Dystrybutor Surowc\u00f3w","article_publisher":"https:\/\/www.facebook.com\/naturalpoland.b2b","article_modified_time":"2025-11-03T11:22:16+00:00","og_image":[{"url":"https:\/\/naturalpoland.com\/wp-content\/uploads\/\/cosmoprof1-300x197.jpg","type":"","width":"","height":""}],"schema":{"@context":"https:\/\/schema.org","@graph":[{"@type":"WebPage","@id":"https:\/\/naturalpoland.com\/ko\/%ed%9a%8c%ec%82%ac-%ec%86%8c%ea%b0%9c\/","url":"https:\/\/naturalpoland.com\/ko\/%ed%9a%8c%ec%82%ac-%ec%86%8c%ea%b0%9c\/","name":"\ud68c\uc0ac \uc18c\uac1c - NATURAL POLAND - Hurtowy Dystrybutor Surowc\u00f3w","isPartOf":{"@id":"https:\/\/naturalpoland.com\/ko\/#website"},"primaryImageOfPage":{"@id":"https:\/\/naturalpoland.com\/ko\/%ed%9a%8c%ec%82%ac-%ec%86%8c%ea%b0%9c\/#primaryimage"},"image":{"@id":"https:\/\/naturalpoland.com\/ko\/%ed%9a%8c%ec%82%ac-%ec%86%8c%ea%b0%9c\/#primaryimage"},"thumbnailUrl":"https:\/\/naturalpoland.com\/wp-content\/uploads\/\/cosmoprof1-300x197.jpg","datePublished":"2025-11-03T11:22:05+00:00","dateModified":"2025-11-03T11:22:16+00:00","breadcrumb":{"@id":"https:\/\/naturalpoland.com\/ko\/%ed%9a%8c%ec%82%ac-%ec%86%8c%ea%b0%9c\/#breadcrumb"},"inLanguage":"ko-KR","potentialAction":[{"@type":"ReadAction","target":["https:\/\/naturalpoland.com\/ko\/%ed%9a%8c%ec%82%ac-%ec%86%8c%ea%b0%9c\/"]}]},{"@type":"ImageObject","inLanguage":"ko-KR","@id":"https:\/\/naturalpoland.com\/ko\/%ed%9a%8c%ec%82%ac-%ec%86%8c%ea%b0%9c\/#primaryimage","url":"https:\/\/naturalpoland.com\/wp-content\/uploads\/\/cosmoprof1-300x197.jpg","contentUrl":"https:\/\/naturalpoland.com\/wp-content\/uploads\/\/cosmoprof1-300x197.jpg"},{"@type":"BreadcrumbList","@id":"https:\/\/naturalpoland.com\/ko\/%ed%9a%8c%ec%82%ac-%ec%86%8c%ea%b0%9c\/#breadcrumb","itemListElement":[{"@type":"ListItem","position":1,"name":"\ud648","item":"https:\/\/naturalpoland.com\/ko\/"},{"@type":"ListItem","position":2,"name":"\ud68c\uc0ac \uc18c\uac1c"}]},{"@type":"WebSite","@id":"https:\/\/naturalpoland.com\/ko\/#website","url":"https:\/\/naturalpoland.com\/ko\/","name":"NATURAL POLAND - Hurtowy Dystrybutor Surowc\u00f3w","description":"Surowce dla przemys\u0142u spo\u017cywczego, kosmetycznego i farmaceutycznego","publisher":{"@id":"https:\/\/naturalpoland.com\/ko\/#organization"},"potentialAction":[{"@type":"SearchAction","target":{"@type":"EntryPoint","urlTemplate":"https:\/\/naturalpoland.com\/ko\/?s={search_term_string}"},"query-input":{"@type":"PropertyValueSpecification","valueRequired":true,"valueName":"search_term_string"}}],"inLanguage":"ko-KR"},{"@type":"Organization","@id":"https:\/\/naturalpoland.com\/ko\/#organization","name":"Natural Poland","url":"https:\/\/naturalpoland.com\/ko\/","logo":{"@type":"ImageObject","inLanguage":"ko-KR","@id":"https:\/\/naturalpoland.com\/ko\/#\/schema\/logo\/image\/","url":"https:\/\/naturalpoland.com\/wp-content\/uploads\/2021\/05\/natural-poland-icon.png","contentUrl":"https:\/\/naturalpoland.com\/wp-content\/uploads\/2021\/05\/natural-poland-icon.png","width":512,"height":512,"caption":"Natural Poland"},"image":{"@id":"https:\/\/naturalpoland.com\/ko\/#\/schema\/logo\/image\/"},"sameAs":["https:\/\/www.facebook.com\/naturalpoland.b2b","https:\/\/pl.linkedin.com\/company\/natural-poland","https:\/\/www.youtube.com\/channel\/UCgeGGkvOMahZo-xu_MSEWxg"]}]}},"_links":{"self":[{"href":"https:\/\/naturalpoland.com\/ko\/wp-json\/wp\/v2\/pages\/43746","targetHints":{"allow":["GET"]}}],"collection":[{"href":"https:\/\/naturalpoland.com\/ko\/wp-json\/wp\/v2\/pages"}],"about":[{"href":"https:\/\/naturalpoland.com\/ko\/wp-json\/wp\/v2\/types\/page"}],"author":[{"embeddable":true,"href":"https:\/\/naturalpoland.com\/ko\/wp-json\/wp\/v2\/users\/1"}],"replies":[{"embeddable":true,"href":"https:\/\/naturalpoland.com\/ko\/wp-json\/wp\/v2\/comments?post=43746"}],"version-history":[{"count":1,"href":"https:\/\/naturalpoland.com\/ko\/wp-json\/wp\/v2\/pages\/43746\/revisions"}],"predecessor-version":[{"id":43749,"href":"https:\/\/naturalpoland.com\/ko\/wp-json\/wp\/v2\/pages\/43746\/revisions\/43749"}],"wp:attachment":[{"href":"https:\/\/naturalpoland.com\/ko\/wp-json\/wp\/v2\/media?parent=43746"}],"curies":[{"name":"wp","href":"https:\/\/api.w.org\/{rel}","templated":true}]}}